{"id":10382,"date":"2021-12-19T15:11:59","date_gmt":"2021-12-19T14:11:59","guid":{"rendered":"https:\/\/fengshuifocus.com.sg\/?post_type=product&#038;p=10382"},"modified":"2025-11-17T16:33:16","modified_gmt":"2025-11-17T15:33:16","slug":"sacred-resource-cow-amulet","status":"publish","type":"product","link":"https:\/\/fengshuifocus.com.sg\/de\/shop\/wealth\/sacred-resource-cow-amulet\/","title":{"rendered":"Sacred Resource Cow Amulet"},"content":{"rendered":"<p>The cow is considered a sacred animal in many different cultures around the world. It is a symbol of hard work, sustenance and resource.<\/p>\n<p>This amulet features the Sacred Cow together with symbols of wealth and resources, as well as the amulet to increase prosperity, recognition and power. On the back of the amulet, we see the symbol to protect against poverty.<\/p>\n<p>This wealth amulet is suitable for EVERYONE.<\/p>\n<span class=\"\" style=\"display:block;clear:both;height: 0px;padding-top: 20px;border-top-width:0px;border-bottom-width:0px;\"><\/span>\n<p>Measurements:\u00a0\u00a0\u00a0\u00a0\u00a0\u00a0\u00a0\u00a0 Diameter approx.. 4.5cm without chain.<\/p>\n<span class=\"\" style=\"display:block;clear:both;height: 0px;padding-top: 20px;border-top-width:0px;border-bottom-width:0px;\"><\/span>\n","protected":false},"excerpt":{"rendered":"<p>The cow is considered a sacred animal in many different cultures around the world. It is a symbol of hard work, sustenance and resource.<\/p>\n<p>This amulet features the Sacred Cow together with symbols of wealth and resources, as well as the amulet to increase prosperity, recognition and power. On the back of the amulet, we see the symbol to protect against poverty.<\/p>\n<p>This wealth amulet is suitable for EVERYONE.<\/p>\n[spacer height=\"20px\"]\n<p>Measurements:\u00a0\u00a0\u00a0\u00a0\u00a0\u00a0\u00a0\u00a0 Diameter approx.. 4.5cm without chain.<\/p>\n[spacer height=\"20px\"]\n","protected":false},"featured_media":10841,"template":"","meta":{"kt_blocks_editor_width":"","_monsterinsights_skip_tracking":false,"_monsterinsights_sitenote_active":false,"_monsterinsights_sitenote_note":"","_monsterinsights_sitenote_category":0},"product_brand":[],"product_cat":[376,375],"product_tag":[404,453,411,418,456,385,412,455,454,386],"class_list":{"0":"post-10382","1":"product","2":"type-product","3":"status-publish","4":"has-post-thumbnail","6":"product_cat-career-success","7":"product_cat-wealth","8":"product_tag-amulet","9":"product_tag-cow","10":"product_tag-keychain","11":"product_tag-opportunities","12":"product_tag-power","13":"product_tag-prosperity","14":"product_tag-recognition","15":"product_tag-resources","16":"product_tag-sacred-cow","17":"product_tag-wealth","19":"first","20":"instock","21":"shipping-taxable","22":"purchasable","23":"product-type-simple"},"translation":{"provider":"WPGlobus","version":"3.0.0","language":"de","enabled_languages":["en","de"],"languages":{"en":{"title":true,"content":true,"excerpt":true},"de":{"title":false,"content":false,"excerpt":false}}},"yoast_head":"<!-- This site is optimized with the Yoast SEO plugin v26.4 - https:\/\/yoast.com\/wordpress\/plugins\/seo\/ -->\n<title>Sacred Resource Cow Amulet &#8212; Feng Shui Focus<\/title>\n<meta name=\"robots\" content=\"index, follow, max-snippet:-1, max-image-preview:large, max-video-preview:-1\" \/>\n<link rel=\"canonical\" href=\"https:\/\/fengshuifocus.com.sg\/de\/shop\/wealth\/sacred-resource-cow-amulet\/\" \/>\n<meta property=\"og:locale\" content=\"de_DE\" \/>\n<meta property=\"og:type\" content=\"article\" \/>\n<meta property=\"og:title\" content=\"Sacred Resource Cow Amulet &#8212; Feng Shui Focus\" \/>\n<meta property=\"og:url\" content=\"https:\/\/fengshuifocus.com.sg\/de\/shop\/wealth\/sacred-resource-cow-amulet\/\" \/>\n<meta property=\"og:site_name\" content=\"Feng Shui Focus\" \/>\n<meta property=\"article:publisher\" content=\"https:\/\/www.facebook.com\/Feng-Shui-Focus-176469115722739\/?hc_ref=ARQeIaM_dqGJoG1GyHcEnC9wqA9DE2VYU7MZosxhMrw4oVdQfkxNRxrsDKl-F7yxicA\" \/>\n<meta property=\"article:modified_time\" content=\"2025-11-17T15:33:16+00:00\" \/>\n<meta property=\"og:image\" content=\"https:\/\/fengshuifocus.com.sg\/wp-content\/uploads\/2021\/12\/Sacred-Resource-Cow-Amulet-2s-1-scaled-e1645785609789.jpg\" \/>\n\t<meta property=\"og:image:width\" content=\"1798\" \/>\n\t<meta property=\"og:image:height\" content=\"1798\" \/>\n\t<meta property=\"og:image:type\" content=\"image\/jpeg\" \/>\n<meta name=\"twitter:card\" content=\"summary_large_image\" \/>\n<meta name=\"twitter:site\" content=\"@FengShuiFocus\" \/>\n<meta name=\"twitter:label1\" content=\"Gesch\u00e4tzte Lesezeit\" \/>\n\t<meta name=\"twitter:data1\" content=\"1\u00a0Minute\" \/>\n<script type=\"application\/ld+json\" class=\"yoast-schema-graph\">{\"@context\":\"https:\/\/schema.org\",\"@graph\":[{\"@type\":\"WebPage\",\"@id\":\"https:\/\/fengshuifocus.com.sg\/de\/shop\/wealth\/sacred-resource-cow-amulet\/\",\"url\":\"https:\/\/fengshuifocus.com.sg\/de\/shop\/wealth\/sacred-resource-cow-amulet\/\",\"name\":\"Sacred Resource Cow Amulet &#8212; Feng Shui Focus\",\"isPartOf\":{\"@id\":\"https:\/\/fengshuifocus.com.sg\/de\/#website\"},\"primaryImageOfPage\":{\"@id\":\"https:\/\/fengshuifocus.com.sg\/de\/shop\/wealth\/sacred-resource-cow-amulet\/#primaryimage\"},\"image\":{\"@id\":\"https:\/\/fengshuifocus.com.sg\/de\/shop\/wealth\/sacred-resource-cow-amulet\/#primaryimage\"},\"thumbnailUrl\":\"https:\/\/fengshuifocus.com.sg\/wp-content\/uploads\/2021\/12\/Sacred-Resource-Cow-Amulet-2s-1-scaled-e1645785609789.jpg\",\"datePublished\":\"2021-12-19T14:11:59+00:00\",\"dateModified\":\"2025-11-17T15:33:16+00:00\",\"breadcrumb\":{\"@id\":\"https:\/\/fengshuifocus.com.sg\/de\/shop\/wealth\/sacred-resource-cow-amulet\/#breadcrumb\"},\"inLanguage\":\"de\",\"potentialAction\":[{\"@type\":\"ReadAction\",\"target\":[\"https:\/\/fengshuifocus.com.sg\/de\/shop\/wealth\/sacred-resource-cow-amulet\/\"]}]},{\"@type\":\"ImageObject\",\"inLanguage\":\"de\",\"@id\":\"https:\/\/fengshuifocus.com.sg\/de\/shop\/wealth\/sacred-resource-cow-amulet\/#primaryimage\",\"url\":\"https:\/\/fengshuifocus.com.sg\/wp-content\/uploads\/2021\/12\/Sacred-Resource-Cow-Amulet-2s-1-scaled-e1645785609789.jpg\",\"contentUrl\":\"https:\/\/fengshuifocus.com.sg\/wp-content\/uploads\/2021\/12\/Sacred-Resource-Cow-Amulet-2s-1-scaled-e1645785609789.jpg\",\"width\":1798,\"height\":1798,\"caption\":\"Sacred Resource Cow Amulet 2s\"},{\"@type\":\"BreadcrumbList\",\"@id\":\"https:\/\/fengshuifocus.com.sg\/de\/shop\/wealth\/sacred-resource-cow-amulet\/#breadcrumb\",\"itemListElement\":[{\"@type\":\"ListItem\",\"position\":1,\"name\":\"Home\",\"item\":\"https:\/\/fengshuifocus.com.sg\/\"},{\"@type\":\"ListItem\",\"position\":2,\"name\":\"Feng Shui Focus Online Shop\",\"item\":\"https:\/\/fengshuifocus.com.sg\/de\/shop\/\"},{\"@type\":\"ListItem\",\"position\":3,\"name\":\"Sacred Resource Cow Amulet\"}]},{\"@type\":\"WebSite\",\"@id\":\"https:\/\/fengshuifocus.com.sg\/de\/#website\",\"url\":\"https:\/\/fengshuifocus.com.sg\/de\/\",\"name\":\"Feng Shui Focus\",\"description\":\"Praktische L\u00f6sungen f\u00fcr das moderne Zuhause und B\u00fcro\",\"potentialAction\":[{\"@type\":\"SearchAction\",\"target\":{\"@type\":\"EntryPoint\",\"urlTemplate\":\"https:\/\/fengshuifocus.com.sg\/de\/?s={search_term_string}\"},\"query-input\":{\"@type\":\"PropertyValueSpecification\",\"valueRequired\":true,\"valueName\":\"search_term_string\"}}],\"inLanguage\":\"de\"}]}<\/script>\n<!-- \/ Yoast SEO plugin. -->","yoast_head_json":{"title":"Sacred Resource Cow Amulet &#8212; Feng Shui Focus","robots":{"index":"index","follow":"follow","max-snippet":"max-snippet:-1","max-image-preview":"max-image-preview:large","max-video-preview":"max-video-preview:-1"},"canonical":"https:\/\/fengshuifocus.com.sg\/de\/shop\/wealth\/sacred-resource-cow-amulet\/","og_locale":"de_DE","og_type":"article","og_title":"Sacred Resource Cow Amulet &#8212; Feng Shui Focus","og_url":"https:\/\/fengshuifocus.com.sg\/de\/shop\/wealth\/sacred-resource-cow-amulet\/","og_site_name":"Feng Shui Focus","article_publisher":"https:\/\/www.facebook.com\/Feng-Shui-Focus-176469115722739\/?hc_ref=ARQeIaM_dqGJoG1GyHcEnC9wqA9DE2VYU7MZosxhMrw4oVdQfkxNRxrsDKl-F7yxicA","article_modified_time":"2025-11-17T15:33:16+00:00","og_image":[{"width":1798,"height":1798,"url":"https:\/\/fengshuifocus.com.sg\/wp-content\/uploads\/2021\/12\/Sacred-Resource-Cow-Amulet-2s-1-scaled-e1645785609789.jpg","type":"image\/jpeg"}],"twitter_card":"summary_large_image","twitter_site":"@FengShuiFocus","twitter_misc":{"Gesch\u00e4tzte Lesezeit":"1\u00a0Minute"},"schema":{"@context":"https:\/\/schema.org","@graph":[{"@type":"WebPage","@id":"https:\/\/fengshuifocus.com.sg\/de\/shop\/wealth\/sacred-resource-cow-amulet\/","url":"https:\/\/fengshuifocus.com.sg\/de\/shop\/wealth\/sacred-resource-cow-amulet\/","name":"Sacred Resource Cow Amulet &#8212; Feng Shui Focus","isPartOf":{"@id":"https:\/\/fengshuifocus.com.sg\/de\/#website"},"primaryImageOfPage":{"@id":"https:\/\/fengshuifocus.com.sg\/de\/shop\/wealth\/sacred-resource-cow-amulet\/#primaryimage"},"image":{"@id":"https:\/\/fengshuifocus.com.sg\/de\/shop\/wealth\/sacred-resource-cow-amulet\/#primaryimage"},"thumbnailUrl":"https:\/\/fengshuifocus.com.sg\/wp-content\/uploads\/2021\/12\/Sacred-Resource-Cow-Amulet-2s-1-scaled-e1645785609789.jpg","datePublished":"2021-12-19T14:11:59+00:00","dateModified":"2025-11-17T15:33:16+00:00","breadcrumb":{"@id":"https:\/\/fengshuifocus.com.sg\/de\/shop\/wealth\/sacred-resource-cow-amulet\/#breadcrumb"},"inLanguage":"de","potentialAction":[{"@type":"ReadAction","target":["https:\/\/fengshuifocus.com.sg\/de\/shop\/wealth\/sacred-resource-cow-amulet\/"]}]},{"@type":"ImageObject","inLanguage":"de","@id":"https:\/\/fengshuifocus.com.sg\/de\/shop\/wealth\/sacred-resource-cow-amulet\/#primaryimage","url":"https:\/\/fengshuifocus.com.sg\/wp-content\/uploads\/2021\/12\/Sacred-Resource-Cow-Amulet-2s-1-scaled-e1645785609789.jpg","contentUrl":"https:\/\/fengshuifocus.com.sg\/wp-content\/uploads\/2021\/12\/Sacred-Resource-Cow-Amulet-2s-1-scaled-e1645785609789.jpg","width":1798,"height":1798,"caption":"Sacred Resource Cow Amulet 2s"},{"@type":"BreadcrumbList","@id":"https:\/\/fengshuifocus.com.sg\/de\/shop\/wealth\/sacred-resource-cow-amulet\/#breadcrumb","itemListElement":[{"@type":"ListItem","position":1,"name":"Home","item":"https:\/\/fengshuifocus.com.sg\/"},{"@type":"ListItem","position":2,"name":"Feng Shui Focus Online Shop","item":"https:\/\/fengshuifocus.com.sg\/de\/shop\/"},{"@type":"ListItem","position":3,"name":"Sacred Resource Cow Amulet"}]},{"@type":"WebSite","@id":"https:\/\/fengshuifocus.com.sg\/de\/#website","url":"https:\/\/fengshuifocus.com.sg\/de\/","name":"Feng Shui Focus","description":"Praktische L\u00f6sungen f\u00fcr das moderne Zuhause und B\u00fcro","potentialAction":[{"@type":"SearchAction","target":{"@type":"EntryPoint","urlTemplate":"https:\/\/fengshuifocus.com.sg\/de\/?s={search_term_string}"},"query-input":{"@type":"PropertyValueSpecification","valueRequired":true,"valueName":"search_term_string"}}],"inLanguage":"de"}]}},"post_mailing_queue_ids":[],"_links":{"self":[{"href":"https:\/\/fengshuifocus.com.sg\/de\/wp-json\/wp\/v2\/product\/10382","targetHints":{"allow":["GET"]}}],"collection":[{"href":"https:\/\/fengshuifocus.com.sg\/de\/wp-json\/wp\/v2\/product"}],"about":[{"href":"https:\/\/fengshuifocus.com.sg\/de\/wp-json\/wp\/v2\/types\/product"}],"wp:featuredmedia":[{"embeddable":true,"href":"https:\/\/fengshuifocus.com.sg\/de\/wp-json\/wp\/v2\/media\/10841"}],"wp:attachment":[{"href":"https:\/\/fengshuifocus.com.sg\/de\/wp-json\/wp\/v2\/media?parent=10382"}],"wp:term":[{"taxonomy":"product_brand","embeddable":true,"href":"https:\/\/fengshuifocus.com.sg\/de\/wp-json\/wp\/v2\/product_brand?post=10382"},{"taxonomy":"product_cat","embeddable":true,"href":"https:\/\/fengshuifocus.com.sg\/de\/wp-json\/wp\/v2\/product_cat?post=10382"},{"taxonomy":"product_tag","embeddable":true,"href":"https:\/\/fengshuifocus.com.sg\/de\/wp-json\/wp\/v2\/product_tag?post=10382"}],"curies":[{"name":"wp","href":"https:\/\/api.w.org\/{rel}","templated":true}]}}