{"id":10399,"date":"2021-12-19T14:40:02","date_gmt":"2021-12-19T13:40:02","guid":{"rendered":"https:\/\/fengshuifocus.com.sg\/?post_type=product&#038;p=10399"},"modified":"2025-11-17T16:33:25","modified_gmt":"2025-11-17T15:33:25","slug":"green-dragon-lunar-mansions-harmonizing-amulet","status":"publish","type":"product","link":"https:\/\/fengshuifocus.com.sg\/de\/shop\/career-success\/green-dragon-lunar-mansions-harmonizing-amulet\/","title":{"rendered":"Green Dragon Lunar Mansions Harmonizing Amulet"},"content":{"rendered":"<p>The right timing often makes the difference between success and failure. This Green Dragon Lunar Mansions amulet will help you get your timing right for your important moves, strategy and decisions. It will also activate the power of the Lunar Mansions to align the stars for you and bring you cosmic help.<\/p>\n<p>The Green Dragon is one of the strongest celestial creatures, bringing you success, confidence, charisma, leadership, energy and ambition \u2013 all important attributes to help you achieve success!<\/p>\n<p>If you want cosmic help to seize new opportunities and recognize the right timing, then this amulet is for you.<\/p>\n<span class=\"\" style=\"display:block;clear:both;height: 0px;padding-top: 20px;border-top-width:0px;border-bottom-width:0px;\"><\/span>\n<p>Measurements: \u00a0\u00a0\u00a0\u00a0\u00a0\u00a0\u00a0 Diameter approx. 4.5cm without chain<\/p>\n<p>Dragon approx.. H 2.5cm x W 2.1cm.<\/p>\n<span class=\"\" style=\"display:block;clear:both;height: 0px;padding-top: 20px;border-top-width:0px;border-bottom-width:0px;\"><\/span>\n","protected":false},"excerpt":{"rendered":"<p>The right timing often makes the difference between success and failure. This Green Dragon Lunar Mansions amulet will help you get your timing right for your important moves, strategy and decisions. It will also activate the power of the Lunar Mansions to align the stars for you and bring you cosmic help.<\/p>\n<p>The Green Dragon is one of the strongest celestial creatures, bringing you success, confidence, charisma, leadership, energy and ambition \u2013 all important attributes to help you achieve success!<\/p>\n<p>If you want cosmic help to seize new opportunities and recognize the right timing, then this amulet is for you.<\/p>\n[spacer height=\"20px\"]\n<p>Measurements: \u00a0\u00a0\u00a0\u00a0\u00a0\u00a0\u00a0 Diameter approx. 4.5cm without chain<\/p>\n<p>Dragon approx.. H 2.5cm x W 2.1cm.<\/p>\n[spacer height=\"20px\"]\n","protected":false},"featured_media":10402,"template":"","meta":{"kt_blocks_editor_width":"","_monsterinsights_skip_tracking":false,"_monsterinsights_sitenote_active":false,"_monsterinsights_sitenote_note":"","_monsterinsights_sitenote_category":0},"product_brand":[],"product_cat":[376],"product_tag":[382,473,474,418,456,415,410,475],"class_list":{"0":"post-10399","1":"product","2":"type-product","3":"status-publish","4":"has-post-thumbnail","6":"product_cat-career-success","7":"product_tag-dragon","8":"product_tag-green-dragon","9":"product_tag-leadership","10":"product_tag-opportunities","11":"product_tag-power","12":"product_tag-strength","13":"product_tag-success","14":"product_tag-timing","16":"first","17":"instock","18":"shipping-taxable","19":"purchasable","20":"product-type-simple"},"translation":{"provider":"WPGlobus","version":"3.0.0","language":"de","enabled_languages":["en","de"],"languages":{"en":{"title":true,"content":true,"excerpt":true},"de":{"title":false,"content":false,"excerpt":false}}},"yoast_head":"<!-- This site is optimized with the Yoast SEO plugin v26.4 - https:\/\/yoast.com\/wordpress\/plugins\/seo\/ -->\n<title>Green Dragon Lunar Mansions Harmonizing Amulet &#8212; Feng Shui Focus<\/title>\n<meta name=\"robots\" content=\"index, follow, max-snippet:-1, max-image-preview:large, max-video-preview:-1\" \/>\n<link rel=\"canonical\" href=\"http:\/\/fengshuifocus.com.sg\/de\/shop\/career-success\/green-dragon-lunar-mansions-harmonizing-amulet\/\" \/>\n<meta property=\"og:locale\" content=\"de_DE\" \/>\n<meta property=\"og:type\" content=\"article\" \/>\n<meta property=\"og:title\" content=\"Green Dragon Lunar Mansions Harmonizing Amulet &#8212; Feng Shui Focus\" \/>\n<meta property=\"og:url\" content=\"http:\/\/fengshuifocus.com.sg\/de\/shop\/career-success\/green-dragon-lunar-mansions-harmonizing-amulet\/\" \/>\n<meta property=\"og:site_name\" content=\"Feng Shui Focus\" \/>\n<meta property=\"article:publisher\" content=\"https:\/\/www.facebook.com\/Feng-Shui-Focus-176469115722739\/?hc_ref=ARQeIaM_dqGJoG1GyHcEnC9wqA9DE2VYU7MZosxhMrw4oVdQfkxNRxrsDKl-F7yxicA\" \/>\n<meta property=\"article:modified_time\" content=\"2025-11-17T15:33:25+00:00\" \/>\n<meta property=\"og:image\" content=\"http:\/\/fengshuifocus.com.sg\/wp-content\/uploads\/2021\/12\/Green-Dragon-Lunar-Mansions-Lifestyle-2s.jpg\" \/>\n\t<meta property=\"og:image:width\" content=\"1800\" \/>\n\t<meta property=\"og:image:height\" content=\"1800\" \/>\n\t<meta property=\"og:image:type\" content=\"image\/jpeg\" \/>\n<meta name=\"twitter:card\" content=\"summary_large_image\" \/>\n<meta name=\"twitter:site\" content=\"@FengShuiFocus\" \/>\n<meta name=\"twitter:label1\" content=\"Gesch\u00e4tzte Lesezeit\" \/>\n\t<meta name=\"twitter:data1\" content=\"1\u00a0Minute\" \/>\n<script type=\"application\/ld+json\" class=\"yoast-schema-graph\">{\"@context\":\"https:\/\/schema.org\",\"@graph\":[{\"@type\":\"WebPage\",\"@id\":\"http:\/\/fengshuifocus.com.sg\/de\/shop\/career-success\/green-dragon-lunar-mansions-harmonizing-amulet\/\",\"url\":\"http:\/\/fengshuifocus.com.sg\/de\/shop\/career-success\/green-dragon-lunar-mansions-harmonizing-amulet\/\",\"name\":\"Green Dragon Lunar Mansions Harmonizing Amulet &#8212; Feng Shui Focus\",\"isPartOf\":{\"@id\":\"https:\/\/fengshuifocus.com.sg\/de\/#website\"},\"primaryImageOfPage\":{\"@id\":\"http:\/\/fengshuifocus.com.sg\/de\/shop\/career-success\/green-dragon-lunar-mansions-harmonizing-amulet\/#primaryimage\"},\"image\":{\"@id\":\"http:\/\/fengshuifocus.com.sg\/de\/shop\/career-success\/green-dragon-lunar-mansions-harmonizing-amulet\/#primaryimage\"},\"thumbnailUrl\":\"https:\/\/fengshuifocus.com.sg\/wp-content\/uploads\/2021\/12\/Green-Dragon-Lunar-Mansions-Lifestyle-2s.jpg\",\"datePublished\":\"2021-12-19T13:40:02+00:00\",\"dateModified\":\"2025-11-17T15:33:25+00:00\",\"breadcrumb\":{\"@id\":\"http:\/\/fengshuifocus.com.sg\/de\/shop\/career-success\/green-dragon-lunar-mansions-harmonizing-amulet\/#breadcrumb\"},\"inLanguage\":\"de\",\"potentialAction\":[{\"@type\":\"ReadAction\",\"target\":[\"http:\/\/fengshuifocus.com.sg\/de\/shop\/career-success\/green-dragon-lunar-mansions-harmonizing-amulet\/\"]}]},{\"@type\":\"ImageObject\",\"inLanguage\":\"de\",\"@id\":\"http:\/\/fengshuifocus.com.sg\/de\/shop\/career-success\/green-dragon-lunar-mansions-harmonizing-amulet\/#primaryimage\",\"url\":\"https:\/\/fengshuifocus.com.sg\/wp-content\/uploads\/2021\/12\/Green-Dragon-Lunar-Mansions-Lifestyle-2s.jpg\",\"contentUrl\":\"https:\/\/fengshuifocus.com.sg\/wp-content\/uploads\/2021\/12\/Green-Dragon-Lunar-Mansions-Lifestyle-2s.jpg\",\"width\":1800,\"height\":1800,\"caption\":\"Green-Dragon-Lunar-Mansions-Harmonizing-Amulet on Handbag\"},{\"@type\":\"BreadcrumbList\",\"@id\":\"http:\/\/fengshuifocus.com.sg\/de\/shop\/career-success\/green-dragon-lunar-mansions-harmonizing-amulet\/#breadcrumb\",\"itemListElement\":[{\"@type\":\"ListItem\",\"position\":1,\"name\":\"Home\",\"item\":\"https:\/\/fengshuifocus.com.sg\/\"},{\"@type\":\"ListItem\",\"position\":2,\"name\":\"Feng Shui Focus Online Shop\",\"item\":\"https:\/\/fengshuifocus.com.sg\/de\/shop\/\"},{\"@type\":\"ListItem\",\"position\":3,\"name\":\"Green Dragon Lunar Mansions Harmonizing Amulet\"}]},{\"@type\":\"WebSite\",\"@id\":\"https:\/\/fengshuifocus.com.sg\/de\/#website\",\"url\":\"https:\/\/fengshuifocus.com.sg\/de\/\",\"name\":\"Feng Shui Focus\",\"description\":\"Praktische L\u00f6sungen f\u00fcr das moderne Zuhause und B\u00fcro\",\"potentialAction\":[{\"@type\":\"SearchAction\",\"target\":{\"@type\":\"EntryPoint\",\"urlTemplate\":\"https:\/\/fengshuifocus.com.sg\/de\/?s={search_term_string}\"},\"query-input\":{\"@type\":\"PropertyValueSpecification\",\"valueRequired\":true,\"valueName\":\"search_term_string\"}}],\"inLanguage\":\"de\"}]}<\/script>\n<!-- \/ Yoast SEO plugin. -->","yoast_head_json":{"title":"Green Dragon Lunar Mansions Harmonizing Amulet &#8212; Feng Shui Focus","robots":{"index":"index","follow":"follow","max-snippet":"max-snippet:-1","max-image-preview":"max-image-preview:large","max-video-preview":"max-video-preview:-1"},"canonical":"http:\/\/fengshuifocus.com.sg\/de\/shop\/career-success\/green-dragon-lunar-mansions-harmonizing-amulet\/","og_locale":"de_DE","og_type":"article","og_title":"Green Dragon Lunar Mansions Harmonizing Amulet &#8212; Feng Shui Focus","og_url":"http:\/\/fengshuifocus.com.sg\/de\/shop\/career-success\/green-dragon-lunar-mansions-harmonizing-amulet\/","og_site_name":"Feng Shui Focus","article_publisher":"https:\/\/www.facebook.com\/Feng-Shui-Focus-176469115722739\/?hc_ref=ARQeIaM_dqGJoG1GyHcEnC9wqA9DE2VYU7MZosxhMrw4oVdQfkxNRxrsDKl-F7yxicA","article_modified_time":"2025-11-17T15:33:25+00:00","og_image":[{"width":1800,"height":1800,"url":"http:\/\/fengshuifocus.com.sg\/wp-content\/uploads\/2021\/12\/Green-Dragon-Lunar-Mansions-Lifestyle-2s.jpg","type":"image\/jpeg"}],"twitter_card":"summary_large_image","twitter_site":"@FengShuiFocus","twitter_misc":{"Gesch\u00e4tzte Lesezeit":"1\u00a0Minute"},"schema":{"@context":"https:\/\/schema.org","@graph":[{"@type":"WebPage","@id":"http:\/\/fengshuifocus.com.sg\/de\/shop\/career-success\/green-dragon-lunar-mansions-harmonizing-amulet\/","url":"http:\/\/fengshuifocus.com.sg\/de\/shop\/career-success\/green-dragon-lunar-mansions-harmonizing-amulet\/","name":"Green Dragon Lunar Mansions Harmonizing Amulet &#8212; Feng Shui Focus","isPartOf":{"@id":"https:\/\/fengshuifocus.com.sg\/de\/#website"},"primaryImageOfPage":{"@id":"http:\/\/fengshuifocus.com.sg\/de\/shop\/career-success\/green-dragon-lunar-mansions-harmonizing-amulet\/#primaryimage"},"image":{"@id":"http:\/\/fengshuifocus.com.sg\/de\/shop\/career-success\/green-dragon-lunar-mansions-harmonizing-amulet\/#primaryimage"},"thumbnailUrl":"https:\/\/fengshuifocus.com.sg\/wp-content\/uploads\/2021\/12\/Green-Dragon-Lunar-Mansions-Lifestyle-2s.jpg","datePublished":"2021-12-19T13:40:02+00:00","dateModified":"2025-11-17T15:33:25+00:00","breadcrumb":{"@id":"http:\/\/fengshuifocus.com.sg\/de\/shop\/career-success\/green-dragon-lunar-mansions-harmonizing-amulet\/#breadcrumb"},"inLanguage":"de","potentialAction":[{"@type":"ReadAction","target":["http:\/\/fengshuifocus.com.sg\/de\/shop\/career-success\/green-dragon-lunar-mansions-harmonizing-amulet\/"]}]},{"@type":"ImageObject","inLanguage":"de","@id":"http:\/\/fengshuifocus.com.sg\/de\/shop\/career-success\/green-dragon-lunar-mansions-harmonizing-amulet\/#primaryimage","url":"https:\/\/fengshuifocus.com.sg\/wp-content\/uploads\/2021\/12\/Green-Dragon-Lunar-Mansions-Lifestyle-2s.jpg","contentUrl":"https:\/\/fengshuifocus.com.sg\/wp-content\/uploads\/2021\/12\/Green-Dragon-Lunar-Mansions-Lifestyle-2s.jpg","width":1800,"height":1800,"caption":"Green-Dragon-Lunar-Mansions-Harmonizing-Amulet on Handbag"},{"@type":"BreadcrumbList","@id":"http:\/\/fengshuifocus.com.sg\/de\/shop\/career-success\/green-dragon-lunar-mansions-harmonizing-amulet\/#breadcrumb","itemListElement":[{"@type":"ListItem","position":1,"name":"Home","item":"https:\/\/fengshuifocus.com.sg\/"},{"@type":"ListItem","position":2,"name":"Feng Shui Focus Online Shop","item":"https:\/\/fengshuifocus.com.sg\/de\/shop\/"},{"@type":"ListItem","position":3,"name":"Green Dragon Lunar Mansions Harmonizing Amulet"}]},{"@type":"WebSite","@id":"https:\/\/fengshuifocus.com.sg\/de\/#website","url":"https:\/\/fengshuifocus.com.sg\/de\/","name":"Feng Shui Focus","description":"Praktische L\u00f6sungen f\u00fcr das moderne Zuhause und B\u00fcro","potentialAction":[{"@type":"SearchAction","target":{"@type":"EntryPoint","urlTemplate":"https:\/\/fengshuifocus.com.sg\/de\/?s={search_term_string}"},"query-input":{"@type":"PropertyValueSpecification","valueRequired":true,"valueName":"search_term_string"}}],"inLanguage":"de"}]}},"post_mailing_queue_ids":[],"_links":{"self":[{"href":"https:\/\/fengshuifocus.com.sg\/de\/wp-json\/wp\/v2\/product\/10399","targetHints":{"allow":["GET"]}}],"collection":[{"href":"https:\/\/fengshuifocus.com.sg\/de\/wp-json\/wp\/v2\/product"}],"about":[{"href":"https:\/\/fengshuifocus.com.sg\/de\/wp-json\/wp\/v2\/types\/product"}],"wp:featuredmedia":[{"embeddable":true,"href":"https:\/\/fengshuifocus.com.sg\/de\/wp-json\/wp\/v2\/media\/10402"}],"wp:attachment":[{"href":"https:\/\/fengshuifocus.com.sg\/de\/wp-json\/wp\/v2\/media?parent=10399"}],"wp:term":[{"taxonomy":"product_brand","embeddable":true,"href":"https:\/\/fengshuifocus.com.sg\/de\/wp-json\/wp\/v2\/product_brand?post=10399"},{"taxonomy":"product_cat","embeddable":true,"href":"https:\/\/fengshuifocus.com.sg\/de\/wp-json\/wp\/v2\/product_cat?post=10399"},{"taxonomy":"product_tag","embeddable":true,"href":"https:\/\/fengshuifocus.com.sg\/de\/wp-json\/wp\/v2\/product_tag?post=10399"}],"curies":[{"name":"wp","href":"https:\/\/api.w.org\/{rel}","templated":true}]}}