{"id":11404,"date":"2022-12-04T04:36:07","date_gmt":"2022-12-04T03:36:07","guid":{"rendered":"https:\/\/fengshuifocus.com.sg\/?post_type=product&#038;p=11404"},"modified":"2025-12-16T17:09:48","modified_gmt":"2025-12-16T16:09:48","slug":"spirit-essence-amulet","status":"publish","type":"product","link":"https:\/\/fengshuifocus.com.sg\/de\/shop\/career-success\/spirit-essence-amulet\/","title":{"rendered":"Spirit Essence Amulet"},"content":{"rendered":"<p>Featuring the celestial Dragon and a vibrant Horse \u2013 revered for their strength, vitality and stamina \u2013 this Spirit Essence amulet will help boost your inner strength and motivation. The amulet also contains the Chinese proverb \u201cLoong Ma Jing Sun\u201d, which translates to \u201cWishing you the strength and vitality of the Dragon and the Horse\u201d.<\/p>\n<p>When the spirit essence of a person is low, it is difficult to capture opportunities that come your way. This is where carrying this Spirit Essence amulet will help to boost your inner strength, motivation, courage and resolve, as these two strong creatures remind you of your own strength!<\/p>\n<p><strong>Everyone can benefit from carrying this amulet, especially the Monkey, Rooster, Snake and Horse, as they have low spirit essence in 2026. <\/strong><\/p>\n<span class=\"\" style=\"display:block;clear:both;height: 0px;padding-top: 20px;border-top-width:0px;border-bottom-width:0px;\"><\/span>\n<p>Measurements: \u00a0\u00a0 Diameter 4.5cm<\/p>\n<span class=\"\" style=\"display:block;clear:both;height: 0px;padding-top: 20px;border-top-width:0px;border-bottom-width:0px;\"><\/span>\n","protected":false},"excerpt":{"rendered":"<p>Featuring the celestial Dragon and a vibrant Horse \u2013 revered for their strength, vitality and stamina \u2013 this Spirit Essence amulet will help boost your inner strength and motivation. The amulet also contains the Chinese proverb \u201cLoong Ma Jing Sun\u201d, which translates to \u201cWishing you the strength and vitality of the Dragon and the Horse\u201d.<\/p>\n<p>When the spirit essence of a person is low, it is difficult to capture opportunities that come your way. This is where carrying this Spirit Essence amulet will help to boost your inner strength, motivation, courage and resolve, as these two strong creatures remind you of your own strength!<\/p>\n<p><strong>Everyone can benefit from carrying this amulet, especially the Monkey, Rooster, Snake and Horse, as they have low spirit essence in 2026. <\/strong><\/p>\n[spacer height=\"20px\"]\n","protected":false},"featured_media":11407,"template":"","meta":{"kt_blocks_editor_width":"","_monsterinsights_skip_tracking":false,"_monsterinsights_sitenote_active":false,"_monsterinsights_sitenote_note":"","_monsterinsights_sitenote_category":0},"product_brand":[],"product_cat":[376],"product_tag":[404,464,466,382,465,411,462,463,415,410],"class_list":{"0":"post-11404","1":"product","2":"type-product","3":"status-publish","4":"has-post-thumbnail","6":"product_cat-career-success","7":"product_tag-amulet","8":"product_tag-chakras","9":"product_tag-confidence","10":"product_tag-dragon","11":"product_tag-inner-strength","12":"product_tag-keychain","13":"product_tag-life-force","14":"product_tag-perseverance","15":"product_tag-strength","16":"product_tag-success","18":"first","19":"instock","20":"shipping-taxable","21":"purchasable","22":"product-type-simple"},"translation":{"provider":"WPGlobus","version":"3.0.0","language":"de","enabled_languages":["en","de"],"languages":{"en":{"title":true,"content":true,"excerpt":true},"de":{"title":false,"content":false,"excerpt":false}}},"yoast_head":"<!-- This site is optimized with the Yoast SEO plugin v26.4 - https:\/\/yoast.com\/wordpress\/plugins\/seo\/ -->\n<title>Spirit Essence Amulet &#8212; Feng Shui Focus<\/title>\n<meta name=\"robots\" content=\"index, follow, max-snippet:-1, max-image-preview:large, max-video-preview:-1\" \/>\n<link rel=\"canonical\" href=\"https:\/\/fengshuifocus.com.sg\/shop\/career-success\/spirit-essence-amulet\/\" \/>\n<meta property=\"og:locale\" content=\"de_DE\" \/>\n<meta property=\"og:type\" content=\"article\" \/>\n<meta property=\"og:title\" content=\"Spirit Essence Amulet &#8212; Feng Shui Focus\" \/>\n<meta property=\"og:url\" content=\"https:\/\/fengshuifocus.com.sg\/shop\/career-success\/spirit-essence-amulet\/\" \/>\n<meta property=\"og:site_name\" content=\"Feng Shui Focus\" \/>\n<meta property=\"article:publisher\" content=\"https:\/\/www.facebook.com\/Feng-Shui-Focus-176469115722739\/?hc_ref=ARQeIaM_dqGJoG1GyHcEnC9wqA9DE2VYU7MZosxhMrw4oVdQfkxNRxrsDKl-F7yxicA\" \/>\n<meta property=\"article:modified_time\" content=\"2025-12-16T16:09:48+00:00\" \/>\n<meta property=\"og:image\" content=\"https:\/\/fengshuifocus.com.sg\/wp-content\/uploads\/2022\/12\/Spirit-Essence-Amulet-lifestyle.jpg\" \/>\n\t<meta property=\"og:image:width\" content=\"472\" \/>\n\t<meta property=\"og:image:height\" content=\"472\" \/>\n\t<meta property=\"og:image:type\" content=\"image\/jpeg\" \/>\n<meta name=\"twitter:card\" content=\"summary_large_image\" \/>\n<meta name=\"twitter:site\" content=\"@FengShuiFocus\" \/>\n<meta name=\"twitter:label1\" content=\"Gesch\u00e4tzte Lesezeit\" \/>\n\t<meta name=\"twitter:data1\" content=\"1\u00a0Minute\" \/>\n<script type=\"application\/ld+json\" class=\"yoast-schema-graph\">{\"@context\":\"https:\/\/schema.org\",\"@graph\":[{\"@type\":\"WebPage\",\"@id\":\"https:\/\/fengshuifocus.com.sg\/shop\/career-success\/spirit-essence-amulet\/\",\"url\":\"https:\/\/fengshuifocus.com.sg\/shop\/career-success\/spirit-essence-amulet\/\",\"name\":\"Spirit Essence Amulet &#8212; Feng Shui Focus\",\"isPartOf\":{\"@id\":\"https:\/\/fengshuifocus.com.sg\/de\/#website\"},\"primaryImageOfPage\":{\"@id\":\"https:\/\/fengshuifocus.com.sg\/shop\/career-success\/spirit-essence-amulet\/#primaryimage\"},\"image\":{\"@id\":\"https:\/\/fengshuifocus.com.sg\/shop\/career-success\/spirit-essence-amulet\/#primaryimage\"},\"thumbnailUrl\":\"https:\/\/fengshuifocus.com.sg\/wp-content\/uploads\/2022\/12\/Spirit-Essence-Amulet-lifestyle.jpg\",\"datePublished\":\"2022-12-04T03:36:07+00:00\",\"dateModified\":\"2025-12-16T16:09:48+00:00\",\"breadcrumb\":{\"@id\":\"https:\/\/fengshuifocus.com.sg\/shop\/career-success\/spirit-essence-amulet\/#breadcrumb\"},\"inLanguage\":\"de\",\"potentialAction\":[{\"@type\":\"ReadAction\",\"target\":[\"https:\/\/fengshuifocus.com.sg\/shop\/career-success\/spirit-essence-amulet\/\"]}]},{\"@type\":\"ImageObject\",\"inLanguage\":\"de\",\"@id\":\"https:\/\/fengshuifocus.com.sg\/shop\/career-success\/spirit-essence-amulet\/#primaryimage\",\"url\":\"https:\/\/fengshuifocus.com.sg\/wp-content\/uploads\/2022\/12\/Spirit-Essence-Amulet-lifestyle.jpg\",\"contentUrl\":\"https:\/\/fengshuifocus.com.sg\/wp-content\/uploads\/2022\/12\/Spirit-Essence-Amulet-lifestyle.jpg\",\"width\":472,\"height\":472,\"caption\":\"Spirit Essence Amulet lifestyle\"},{\"@type\":\"BreadcrumbList\",\"@id\":\"https:\/\/fengshuifocus.com.sg\/shop\/career-success\/spirit-essence-amulet\/#breadcrumb\",\"itemListElement\":[{\"@type\":\"ListItem\",\"position\":1,\"name\":\"Home\",\"item\":\"https:\/\/fengshuifocus.com.sg\/\"},{\"@type\":\"ListItem\",\"position\":2,\"name\":\"Feng Shui Focus Online Shop\",\"item\":\"https:\/\/fengshuifocus.com.sg\/de\/shop\/\"},{\"@type\":\"ListItem\",\"position\":3,\"name\":\"Spirit Essence Amulet\"}]},{\"@type\":\"WebSite\",\"@id\":\"https:\/\/fengshuifocus.com.sg\/de\/#website\",\"url\":\"https:\/\/fengshuifocus.com.sg\/de\/\",\"name\":\"Feng Shui Focus\",\"description\":\"Praktische L\u00f6sungen f\u00fcr das moderne Zuhause und B\u00fcro\",\"potentialAction\":[{\"@type\":\"SearchAction\",\"target\":{\"@type\":\"EntryPoint\",\"urlTemplate\":\"https:\/\/fengshuifocus.com.sg\/de\/?s={search_term_string}\"},\"query-input\":{\"@type\":\"PropertyValueSpecification\",\"valueRequired\":true,\"valueName\":\"search_term_string\"}}],\"inLanguage\":\"de\"}]}<\/script>\n<!-- \/ Yoast SEO plugin. -->","yoast_head_json":{"title":"Spirit Essence Amulet &#8212; Feng Shui Focus","robots":{"index":"index","follow":"follow","max-snippet":"max-snippet:-1","max-image-preview":"max-image-preview:large","max-video-preview":"max-video-preview:-1"},"canonical":"https:\/\/fengshuifocus.com.sg\/shop\/career-success\/spirit-essence-amulet\/","og_locale":"de_DE","og_type":"article","og_title":"Spirit Essence Amulet &#8212; Feng Shui Focus","og_url":"https:\/\/fengshuifocus.com.sg\/shop\/career-success\/spirit-essence-amulet\/","og_site_name":"Feng Shui Focus","article_publisher":"https:\/\/www.facebook.com\/Feng-Shui-Focus-176469115722739\/?hc_ref=ARQeIaM_dqGJoG1GyHcEnC9wqA9DE2VYU7MZosxhMrw4oVdQfkxNRxrsDKl-F7yxicA","article_modified_time":"2025-12-16T16:09:48+00:00","og_image":[{"width":472,"height":472,"url":"https:\/\/fengshuifocus.com.sg\/wp-content\/uploads\/2022\/12\/Spirit-Essence-Amulet-lifestyle.jpg","type":"image\/jpeg"}],"twitter_card":"summary_large_image","twitter_site":"@FengShuiFocus","twitter_misc":{"Gesch\u00e4tzte Lesezeit":"1\u00a0Minute"},"schema":{"@context":"https:\/\/schema.org","@graph":[{"@type":"WebPage","@id":"https:\/\/fengshuifocus.com.sg\/shop\/career-success\/spirit-essence-amulet\/","url":"https:\/\/fengshuifocus.com.sg\/shop\/career-success\/spirit-essence-amulet\/","name":"Spirit Essence Amulet &#8212; Feng Shui Focus","isPartOf":{"@id":"https:\/\/fengshuifocus.com.sg\/de\/#website"},"primaryImageOfPage":{"@id":"https:\/\/fengshuifocus.com.sg\/shop\/career-success\/spirit-essence-amulet\/#primaryimage"},"image":{"@id":"https:\/\/fengshuifocus.com.sg\/shop\/career-success\/spirit-essence-amulet\/#primaryimage"},"thumbnailUrl":"https:\/\/fengshuifocus.com.sg\/wp-content\/uploads\/2022\/12\/Spirit-Essence-Amulet-lifestyle.jpg","datePublished":"2022-12-04T03:36:07+00:00","dateModified":"2025-12-16T16:09:48+00:00","breadcrumb":{"@id":"https:\/\/fengshuifocus.com.sg\/shop\/career-success\/spirit-essence-amulet\/#breadcrumb"},"inLanguage":"de","potentialAction":[{"@type":"ReadAction","target":["https:\/\/fengshuifocus.com.sg\/shop\/career-success\/spirit-essence-amulet\/"]}]},{"@type":"ImageObject","inLanguage":"de","@id":"https:\/\/fengshuifocus.com.sg\/shop\/career-success\/spirit-essence-amulet\/#primaryimage","url":"https:\/\/fengshuifocus.com.sg\/wp-content\/uploads\/2022\/12\/Spirit-Essence-Amulet-lifestyle.jpg","contentUrl":"https:\/\/fengshuifocus.com.sg\/wp-content\/uploads\/2022\/12\/Spirit-Essence-Amulet-lifestyle.jpg","width":472,"height":472,"caption":"Spirit Essence Amulet lifestyle"},{"@type":"BreadcrumbList","@id":"https:\/\/fengshuifocus.com.sg\/shop\/career-success\/spirit-essence-amulet\/#breadcrumb","itemListElement":[{"@type":"ListItem","position":1,"name":"Home","item":"https:\/\/fengshuifocus.com.sg\/"},{"@type":"ListItem","position":2,"name":"Feng Shui Focus Online Shop","item":"https:\/\/fengshuifocus.com.sg\/de\/shop\/"},{"@type":"ListItem","position":3,"name":"Spirit Essence Amulet"}]},{"@type":"WebSite","@id":"https:\/\/fengshuifocus.com.sg\/de\/#website","url":"https:\/\/fengshuifocus.com.sg\/de\/","name":"Feng Shui Focus","description":"Praktische L\u00f6sungen f\u00fcr das moderne Zuhause und B\u00fcro","potentialAction":[{"@type":"SearchAction","target":{"@type":"EntryPoint","urlTemplate":"https:\/\/fengshuifocus.com.sg\/de\/?s={search_term_string}"},"query-input":{"@type":"PropertyValueSpecification","valueRequired":true,"valueName":"search_term_string"}}],"inLanguage":"de"}]}},"post_mailing_queue_ids":[],"_links":{"self":[{"href":"https:\/\/fengshuifocus.com.sg\/de\/wp-json\/wp\/v2\/product\/11404","targetHints":{"allow":["GET"]}}],"collection":[{"href":"https:\/\/fengshuifocus.com.sg\/de\/wp-json\/wp\/v2\/product"}],"about":[{"href":"https:\/\/fengshuifocus.com.sg\/de\/wp-json\/wp\/v2\/types\/product"}],"wp:featuredmedia":[{"embeddable":true,"href":"https:\/\/fengshuifocus.com.sg\/de\/wp-json\/wp\/v2\/media\/11407"}],"wp:attachment":[{"href":"https:\/\/fengshuifocus.com.sg\/de\/wp-json\/wp\/v2\/media?parent=11404"}],"wp:term":[{"taxonomy":"product_brand","embeddable":true,"href":"https:\/\/fengshuifocus.com.sg\/de\/wp-json\/wp\/v2\/product_brand?post=11404"},{"taxonomy":"product_cat","embeddable":true,"href":"https:\/\/fengshuifocus.com.sg\/de\/wp-json\/wp\/v2\/product_cat?post=11404"},{"taxonomy":"product_tag","embeddable":true,"href":"https:\/\/fengshuifocus.com.sg\/de\/wp-json\/wp\/v2\/product_tag?post=11404"}],"curies":[{"name":"wp","href":"https:\/\/api.w.org\/{rel}","templated":true}]}}