{"id":11484,"date":"2022-12-04T07:00:19","date_gmt":"2022-12-04T06:00:19","guid":{"rendered":"https:\/\/fengshuifocus.com.sg\/?post_type=product&#038;p=11484"},"modified":"2025-11-17T16:31:45","modified_gmt":"2025-11-17T15:31:45","slug":"big-money-bull-amulet","status":"publish","type":"product","link":"https:\/\/fengshuifocus.com.sg\/de\/shop\/wealth\/big-money-bull-amulet\/","title":{"rendered":"Big Money Bull Amulet"},"content":{"rendered":"<p>This Big Money Bull amulet is a great wealth enhancer for people in business, people who invest in the stock market, as well as people who want their wealth and net worth to increase. The Bull is in a charging position, ready to make a stance. The stunning deep blue colour is a colour that the Chinese always associate with wealth. Attached to the keychain is a coin with Wealth Mantra and the Prosperity Amulet.<\/p>\n<p>The bull is a symbol of strength and resources and represents the Wall Street Bull, helping you to attract wealth and success. Carry this highly symbolic amulet if you wish to capture profitable opportunities and generate the greatest returns.<\/p>\n<p><strong>Recommended for people who: <\/strong><\/p>\n<ul>\n<li><strong>Invest in the stock market.<\/strong><\/li>\n<li><strong>Wish to increase their wealth and net worth.<\/strong><\/li>\n<li><strong>Wish to capture profitable opportunities and generate great returns<\/strong><\/li>\n<\/ul>\n<span class=\"\" style=\"display:block;clear:both;height: 0px;padding-top: 20px;border-top-width:0px;border-bottom-width:0px;\"><\/span>\n<p>Measurements: \u00a0\u00a0 Bull: \u00a0 H 3.3cm x W 6.8cm without chain.<\/p>\n<p>Coin: Diameter 2.5cm<\/p>\n<span class=\"\" style=\"display:block;clear:both;height: 0px;padding-top: 20px;border-top-width:0px;border-bottom-width:0px;\"><\/span>\n","protected":false},"excerpt":{"rendered":"<p>This Big Money Bull amulet is a great wealth enhancer for people in business, people who invest in the stock market, as well as people who want their wealth and net worth to increase. The Bull is in a charging position, ready to make a stance. The stunning deep blue colour is a colour that the Chinese always associate with wealth. Attached to the keychain is a coin with Wealth Mantra and the Prosperity Amulet.<\/p>\n<p>The bull is a symbol of strength and resources and represents the Wall Street Bull, helping you to attract wealth and success. Carry this highly symbolic amulet if you wish to capture profitable opportunities and generate the greatest returns.<\/p>\n[spacer height=\"20px\"]\n","protected":false},"featured_media":11487,"template":"","meta":{"kt_blocks_editor_width":"","_monsterinsights_skip_tracking":false,"_monsterinsights_sitenote_active":false,"_monsterinsights_sitenote_note":"","_monsterinsights_sitenote_category":0},"product_brand":[],"product_cat":[375],"product_tag":[441,624,411,607,418,385,440,625,386],"class_list":{"0":"post-11484","1":"product","2":"type-product","3":"status-publish","4":"has-post-thumbnail","6":"product_cat-wealth","7":"product_tag-assets","8":"product_tag-bull","9":"product_tag-keychain","10":"product_tag-money","11":"product_tag-opportunities","12":"product_tag-prosperity","13":"product_tag-stock-market","14":"product_tag-wall-street","15":"product_tag-wealth","17":"first","18":"instock","19":"shipping-taxable","20":"purchasable","21":"product-type-simple"},"translation":{"provider":"WPGlobus","version":"3.0.0","language":"de","enabled_languages":["en","de"],"languages":{"en":{"title":true,"content":true,"excerpt":true},"de":{"title":false,"content":false,"excerpt":false}}},"yoast_head":"<!-- This site is optimized with the Yoast SEO plugin v26.4 - https:\/\/yoast.com\/wordpress\/plugins\/seo\/ -->\n<title>Big Money Bull Amulet &#8212; Feng Shui Focus<\/title>\n<meta name=\"robots\" content=\"index, follow, max-snippet:-1, max-image-preview:large, max-video-preview:-1\" \/>\n<link rel=\"canonical\" href=\"https:\/\/fengshuifocus.com.sg\/shop\/wealth\/big-money-bull-amulet\/\" \/>\n<meta property=\"og:locale\" content=\"de_DE\" \/>\n<meta property=\"og:type\" content=\"article\" \/>\n<meta property=\"og:title\" content=\"Big Money Bull Amulet &#8212; Feng Shui Focus\" \/>\n<meta property=\"og:url\" content=\"https:\/\/fengshuifocus.com.sg\/shop\/wealth\/big-money-bull-amulet\/\" \/>\n<meta property=\"og:site_name\" content=\"Feng Shui Focus\" \/>\n<meta property=\"article:publisher\" content=\"https:\/\/www.facebook.com\/Feng-Shui-Focus-176469115722739\/?hc_ref=ARQeIaM_dqGJoG1GyHcEnC9wqA9DE2VYU7MZosxhMrw4oVdQfkxNRxrsDKl-F7yxicA\" \/>\n<meta property=\"article:modified_time\" content=\"2025-11-17T15:31:45+00:00\" \/>\n<meta property=\"og:image\" content=\"https:\/\/fengshuifocus.com.sg\/wp-content\/uploads\/2022\/12\/Big-Money-Bull-Amulet-lifestyle.jpg\" \/>\n\t<meta property=\"og:image:width\" content=\"709\" \/>\n\t<meta property=\"og:image:height\" content=\"709\" \/>\n\t<meta property=\"og:image:type\" content=\"image\/jpeg\" \/>\n<meta name=\"twitter:card\" content=\"summary_large_image\" \/>\n<meta name=\"twitter:site\" content=\"@FengShuiFocus\" \/>\n<meta name=\"twitter:label1\" content=\"Gesch\u00e4tzte Lesezeit\" \/>\n\t<meta name=\"twitter:data1\" content=\"1\u00a0Minute\" \/>\n<script type=\"application\/ld+json\" class=\"yoast-schema-graph\">{\"@context\":\"https:\/\/schema.org\",\"@graph\":[{\"@type\":\"WebPage\",\"@id\":\"https:\/\/fengshuifocus.com.sg\/shop\/wealth\/big-money-bull-amulet\/\",\"url\":\"https:\/\/fengshuifocus.com.sg\/shop\/wealth\/big-money-bull-amulet\/\",\"name\":\"Big Money Bull Amulet &#8212; Feng Shui Focus\",\"isPartOf\":{\"@id\":\"https:\/\/fengshuifocus.com.sg\/de\/#website\"},\"primaryImageOfPage\":{\"@id\":\"https:\/\/fengshuifocus.com.sg\/shop\/wealth\/big-money-bull-amulet\/#primaryimage\"},\"image\":{\"@id\":\"https:\/\/fengshuifocus.com.sg\/shop\/wealth\/big-money-bull-amulet\/#primaryimage\"},\"thumbnailUrl\":\"https:\/\/fengshuifocus.com.sg\/wp-content\/uploads\/2022\/12\/Big-Money-Bull-Amulet-lifestyle.jpg\",\"datePublished\":\"2022-12-04T06:00:19+00:00\",\"dateModified\":\"2025-11-17T15:31:45+00:00\",\"breadcrumb\":{\"@id\":\"https:\/\/fengshuifocus.com.sg\/shop\/wealth\/big-money-bull-amulet\/#breadcrumb\"},\"inLanguage\":\"de\",\"potentialAction\":[{\"@type\":\"ReadAction\",\"target\":[\"https:\/\/fengshuifocus.com.sg\/shop\/wealth\/big-money-bull-amulet\/\"]}]},{\"@type\":\"ImageObject\",\"inLanguage\":\"de\",\"@id\":\"https:\/\/fengshuifocus.com.sg\/shop\/wealth\/big-money-bull-amulet\/#primaryimage\",\"url\":\"https:\/\/fengshuifocus.com.sg\/wp-content\/uploads\/2022\/12\/Big-Money-Bull-Amulet-lifestyle.jpg\",\"contentUrl\":\"https:\/\/fengshuifocus.com.sg\/wp-content\/uploads\/2022\/12\/Big-Money-Bull-Amulet-lifestyle.jpg\",\"width\":709,\"height\":709,\"caption\":\"Big Money Bull Amulet lifestyle\"},{\"@type\":\"BreadcrumbList\",\"@id\":\"https:\/\/fengshuifocus.com.sg\/shop\/wealth\/big-money-bull-amulet\/#breadcrumb\",\"itemListElement\":[{\"@type\":\"ListItem\",\"position\":1,\"name\":\"Home\",\"item\":\"https:\/\/fengshuifocus.com.sg\/\"},{\"@type\":\"ListItem\",\"position\":2,\"name\":\"Feng Shui Focus Online Shop\",\"item\":\"https:\/\/fengshuifocus.com.sg\/de\/shop\/\"},{\"@type\":\"ListItem\",\"position\":3,\"name\":\"Big Money Bull Amulet\"}]},{\"@type\":\"WebSite\",\"@id\":\"https:\/\/fengshuifocus.com.sg\/de\/#website\",\"url\":\"https:\/\/fengshuifocus.com.sg\/de\/\",\"name\":\"Feng Shui Focus\",\"description\":\"Praktische L\u00f6sungen f\u00fcr das moderne Zuhause und B\u00fcro\",\"potentialAction\":[{\"@type\":\"SearchAction\",\"target\":{\"@type\":\"EntryPoint\",\"urlTemplate\":\"https:\/\/fengshuifocus.com.sg\/de\/?s={search_term_string}\"},\"query-input\":{\"@type\":\"PropertyValueSpecification\",\"valueRequired\":true,\"valueName\":\"search_term_string\"}}],\"inLanguage\":\"de\"}]}<\/script>\n<!-- \/ Yoast SEO plugin. -->","yoast_head_json":{"title":"Big Money Bull Amulet &#8212; Feng Shui Focus","robots":{"index":"index","follow":"follow","max-snippet":"max-snippet:-1","max-image-preview":"max-image-preview:large","max-video-preview":"max-video-preview:-1"},"canonical":"https:\/\/fengshuifocus.com.sg\/shop\/wealth\/big-money-bull-amulet\/","og_locale":"de_DE","og_type":"article","og_title":"Big Money Bull Amulet &#8212; Feng Shui Focus","og_url":"https:\/\/fengshuifocus.com.sg\/shop\/wealth\/big-money-bull-amulet\/","og_site_name":"Feng Shui Focus","article_publisher":"https:\/\/www.facebook.com\/Feng-Shui-Focus-176469115722739\/?hc_ref=ARQeIaM_dqGJoG1GyHcEnC9wqA9DE2VYU7MZosxhMrw4oVdQfkxNRxrsDKl-F7yxicA","article_modified_time":"2025-11-17T15:31:45+00:00","og_image":[{"width":709,"height":709,"url":"https:\/\/fengshuifocus.com.sg\/wp-content\/uploads\/2022\/12\/Big-Money-Bull-Amulet-lifestyle.jpg","type":"image\/jpeg"}],"twitter_card":"summary_large_image","twitter_site":"@FengShuiFocus","twitter_misc":{"Gesch\u00e4tzte Lesezeit":"1\u00a0Minute"},"schema":{"@context":"https:\/\/schema.org","@graph":[{"@type":"WebPage","@id":"https:\/\/fengshuifocus.com.sg\/shop\/wealth\/big-money-bull-amulet\/","url":"https:\/\/fengshuifocus.com.sg\/shop\/wealth\/big-money-bull-amulet\/","name":"Big Money Bull Amulet &#8212; Feng Shui Focus","isPartOf":{"@id":"https:\/\/fengshuifocus.com.sg\/de\/#website"},"primaryImageOfPage":{"@id":"https:\/\/fengshuifocus.com.sg\/shop\/wealth\/big-money-bull-amulet\/#primaryimage"},"image":{"@id":"https:\/\/fengshuifocus.com.sg\/shop\/wealth\/big-money-bull-amulet\/#primaryimage"},"thumbnailUrl":"https:\/\/fengshuifocus.com.sg\/wp-content\/uploads\/2022\/12\/Big-Money-Bull-Amulet-lifestyle.jpg","datePublished":"2022-12-04T06:00:19+00:00","dateModified":"2025-11-17T15:31:45+00:00","breadcrumb":{"@id":"https:\/\/fengshuifocus.com.sg\/shop\/wealth\/big-money-bull-amulet\/#breadcrumb"},"inLanguage":"de","potentialAction":[{"@type":"ReadAction","target":["https:\/\/fengshuifocus.com.sg\/shop\/wealth\/big-money-bull-amulet\/"]}]},{"@type":"ImageObject","inLanguage":"de","@id":"https:\/\/fengshuifocus.com.sg\/shop\/wealth\/big-money-bull-amulet\/#primaryimage","url":"https:\/\/fengshuifocus.com.sg\/wp-content\/uploads\/2022\/12\/Big-Money-Bull-Amulet-lifestyle.jpg","contentUrl":"https:\/\/fengshuifocus.com.sg\/wp-content\/uploads\/2022\/12\/Big-Money-Bull-Amulet-lifestyle.jpg","width":709,"height":709,"caption":"Big Money Bull Amulet lifestyle"},{"@type":"BreadcrumbList","@id":"https:\/\/fengshuifocus.com.sg\/shop\/wealth\/big-money-bull-amulet\/#breadcrumb","itemListElement":[{"@type":"ListItem","position":1,"name":"Home","item":"https:\/\/fengshuifocus.com.sg\/"},{"@type":"ListItem","position":2,"name":"Feng Shui Focus Online Shop","item":"https:\/\/fengshuifocus.com.sg\/de\/shop\/"},{"@type":"ListItem","position":3,"name":"Big Money Bull Amulet"}]},{"@type":"WebSite","@id":"https:\/\/fengshuifocus.com.sg\/de\/#website","url":"https:\/\/fengshuifocus.com.sg\/de\/","name":"Feng Shui Focus","description":"Praktische L\u00f6sungen f\u00fcr das moderne Zuhause und B\u00fcro","potentialAction":[{"@type":"SearchAction","target":{"@type":"EntryPoint","urlTemplate":"https:\/\/fengshuifocus.com.sg\/de\/?s={search_term_string}"},"query-input":{"@type":"PropertyValueSpecification","valueRequired":true,"valueName":"search_term_string"}}],"inLanguage":"de"}]}},"post_mailing_queue_ids":[],"_links":{"self":[{"href":"https:\/\/fengshuifocus.com.sg\/de\/wp-json\/wp\/v2\/product\/11484","targetHints":{"allow":["GET"]}}],"collection":[{"href":"https:\/\/fengshuifocus.com.sg\/de\/wp-json\/wp\/v2\/product"}],"about":[{"href":"https:\/\/fengshuifocus.com.sg\/de\/wp-json\/wp\/v2\/types\/product"}],"wp:featuredmedia":[{"embeddable":true,"href":"https:\/\/fengshuifocus.com.sg\/de\/wp-json\/wp\/v2\/media\/11487"}],"wp:attachment":[{"href":"https:\/\/fengshuifocus.com.sg\/de\/wp-json\/wp\/v2\/media?parent=11484"}],"wp:term":[{"taxonomy":"product_brand","embeddable":true,"href":"https:\/\/fengshuifocus.com.sg\/de\/wp-json\/wp\/v2\/product_brand?post=11484"},{"taxonomy":"product_cat","embeddable":true,"href":"https:\/\/fengshuifocus.com.sg\/de\/wp-json\/wp\/v2\/product_cat?post=11484"},{"taxonomy":"product_tag","embeddable":true,"href":"https:\/\/fengshuifocus.com.sg\/de\/wp-json\/wp\/v2\/product_tag?post=11484"}],"curies":[{"name":"wp","href":"https:\/\/api.w.org\/{rel}","templated":true}]}}