{"id":11489,"date":"2022-12-04T07:16:49","date_gmt":"2022-12-04T06:16:49","guid":{"rendered":"https:\/\/fengshuifocus.com.sg\/?post_type=product&#038;p=11489"},"modified":"2025-11-17T16:31:37","modified_gmt":"2025-11-17T15:31:37","slug":"three-sheep-on-a-mountain-amulet","status":"publish","type":"product","link":"https:\/\/fengshuifocus.com.sg\/de\/shop\/wealth\/three-sheep-on-a-mountain-amulet\/","title":{"rendered":"Three Sheep on a Mountain Amulet"},"content":{"rendered":"<p>There is good wealth luck in 2025 but resources are lacking, hence the symbolism of the Three Sheep on a Mountain is important this year. The Chinese saying \u201cSan Yang Kai Tai\u201d goes back to the 18<sup>th<\/sup> Century and translates roughly to \u201cThree sheep on the mountaintop bring new beginnings and fortunes\u201d. This potent symbolism will help to unlock this year\u2019s wealth potential.<\/p>\n<p>This wealth amulet also features the Wish-granting Mantra to activate the auspicious energies of the No 8 Wealth &amp; Prosperity Star. Carry to activate the wealth luck of the year and to attract money luck into your life.<\/p>\n<p><strong>Suitable for everyone who wants to attract wealth luck! <\/strong><\/p>\n<span class=\"\" style=\"display:block;clear:both;height: 0px;padding-top: 20px;border-top-width:0px;border-bottom-width:0px;\"><\/span>\n<p>Measurements: \u00a0\u00a0 Diameter 4.5cm without chain.<\/p>\n<span class=\"\" style=\"display:block;clear:both;height: 0px;padding-top: 20px;border-top-width:0px;border-bottom-width:0px;\"><\/span>\n","protected":false},"excerpt":{"rendered":"<p>There is good wealth luck in 2025 but resources are lacking, hence the symbolism of the Three Sheep on a Mountain is important this year. The Chinese saying \u201cSan Yang Kai Tai\u201d goes back to the 18<sup>th<\/sup> Century and translates roughly to \u201cThree sheep on the mountaintop bring new beginnings and fortunes\u201d. This potent symbolism will help to unlock this year\u2019s wealth potential.<\/p>\n<p>This wealth amulet also features the Wish-granting Mantra to activate the auspicious energies of the No 8 Wealth &amp; Prosperity Star. Carry to activate the wealth luck of the year and to attract money luck into your life.<\/p>\n<p><strong>Suitable for everyone who wants to attract wealth luck!<\/strong><\/p>\n[spacer height=\"20px\"]\n","protected":false},"featured_media":11491,"template":"","meta":{"kt_blocks_editor_width":"","_monsterinsights_skip_tracking":false,"_monsterinsights_sitenote_active":false,"_monsterinsights_sitenote_note":"","_monsterinsights_sitenote_category":0},"product_brand":[],"product_cat":[375],"product_tag":[607,627,385,626,386,470],"class_list":{"0":"post-11489","1":"product","2":"type-product","3":"status-publish","4":"has-post-thumbnail","6":"product_cat-wealth","7":"product_tag-money","8":"product_tag-new-beginnings","9":"product_tag-prosperity","10":"product_tag-sheep","11":"product_tag-wealth","12":"product_tag-wish-granting","14":"first","15":"instock","16":"shipping-taxable","17":"purchasable","18":"product-type-simple"},"translation":{"provider":"WPGlobus","version":"3.0.0","language":"de","enabled_languages":["en","de"],"languages":{"en":{"title":true,"content":true,"excerpt":true},"de":{"title":false,"content":false,"excerpt":false}}},"yoast_head":"<!-- This site is optimized with the Yoast SEO plugin v26.4 - https:\/\/yoast.com\/wordpress\/plugins\/seo\/ -->\n<title>Three Sheep on a Mountain Amulet &#8212; Feng Shui Focus<\/title>\n<meta name=\"robots\" content=\"index, follow, max-snippet:-1, max-image-preview:large, max-video-preview:-1\" \/>\n<link rel=\"canonical\" href=\"http:\/\/fengshuifocus.com.sg\/shop\/wealth\/three-sheep-on-a-mountain-amulet\/\" \/>\n<meta property=\"og:locale\" content=\"de_DE\" \/>\n<meta property=\"og:type\" content=\"article\" \/>\n<meta property=\"og:title\" content=\"Three Sheep on a Mountain Amulet &#8212; Feng Shui Focus\" \/>\n<meta property=\"og:url\" content=\"http:\/\/fengshuifocus.com.sg\/shop\/wealth\/three-sheep-on-a-mountain-amulet\/\" \/>\n<meta property=\"og:site_name\" content=\"Feng Shui Focus\" \/>\n<meta property=\"article:publisher\" content=\"https:\/\/www.facebook.com\/Feng-Shui-Focus-176469115722739\/?hc_ref=ARQeIaM_dqGJoG1GyHcEnC9wqA9DE2VYU7MZosxhMrw4oVdQfkxNRxrsDKl-F7yxicA\" \/>\n<meta property=\"article:modified_time\" content=\"2025-11-17T15:31:37+00:00\" \/>\n<meta property=\"og:image\" content=\"http:\/\/fengshuifocus.com.sg\/wp-content\/uploads\/2022\/12\/Three-Sheep-on-a-Mountain-Amulet-front.jpg\" \/>\n\t<meta property=\"og:image:width\" content=\"709\" \/>\n\t<meta property=\"og:image:height\" content=\"709\" \/>\n\t<meta property=\"og:image:type\" content=\"image\/jpeg\" \/>\n<meta name=\"twitter:card\" content=\"summary_large_image\" \/>\n<meta name=\"twitter:site\" content=\"@FengShuiFocus\" \/>\n<meta name=\"twitter:label1\" content=\"Gesch\u00e4tzte Lesezeit\" \/>\n\t<meta name=\"twitter:data1\" content=\"1\u00a0Minute\" \/>\n<script type=\"application\/ld+json\" class=\"yoast-schema-graph\">{\"@context\":\"https:\/\/schema.org\",\"@graph\":[{\"@type\":\"WebPage\",\"@id\":\"http:\/\/fengshuifocus.com.sg\/shop\/wealth\/three-sheep-on-a-mountain-amulet\/\",\"url\":\"http:\/\/fengshuifocus.com.sg\/shop\/wealth\/three-sheep-on-a-mountain-amulet\/\",\"name\":\"Three Sheep on a Mountain Amulet &#8212; Feng Shui Focus\",\"isPartOf\":{\"@id\":\"https:\/\/fengshuifocus.com.sg\/de\/#website\"},\"primaryImageOfPage\":{\"@id\":\"http:\/\/fengshuifocus.com.sg\/shop\/wealth\/three-sheep-on-a-mountain-amulet\/#primaryimage\"},\"image\":{\"@id\":\"http:\/\/fengshuifocus.com.sg\/shop\/wealth\/three-sheep-on-a-mountain-amulet\/#primaryimage\"},\"thumbnailUrl\":\"https:\/\/fengshuifocus.com.sg\/wp-content\/uploads\/2022\/12\/Three-Sheep-on-a-Mountain-Amulet-front.jpg\",\"datePublished\":\"2022-12-04T06:16:49+00:00\",\"dateModified\":\"2025-11-17T15:31:37+00:00\",\"breadcrumb\":{\"@id\":\"http:\/\/fengshuifocus.com.sg\/shop\/wealth\/three-sheep-on-a-mountain-amulet\/#breadcrumb\"},\"inLanguage\":\"de\",\"potentialAction\":[{\"@type\":\"ReadAction\",\"target\":[\"http:\/\/fengshuifocus.com.sg\/shop\/wealth\/three-sheep-on-a-mountain-amulet\/\"]}]},{\"@type\":\"ImageObject\",\"inLanguage\":\"de\",\"@id\":\"http:\/\/fengshuifocus.com.sg\/shop\/wealth\/three-sheep-on-a-mountain-amulet\/#primaryimage\",\"url\":\"https:\/\/fengshuifocus.com.sg\/wp-content\/uploads\/2022\/12\/Three-Sheep-on-a-Mountain-Amulet-front.jpg\",\"contentUrl\":\"https:\/\/fengshuifocus.com.sg\/wp-content\/uploads\/2022\/12\/Three-Sheep-on-a-Mountain-Amulet-front.jpg\",\"width\":709,\"height\":709,\"caption\":\"Three Sheep on a Mountain Amulet front\"},{\"@type\":\"BreadcrumbList\",\"@id\":\"http:\/\/fengshuifocus.com.sg\/shop\/wealth\/three-sheep-on-a-mountain-amulet\/#breadcrumb\",\"itemListElement\":[{\"@type\":\"ListItem\",\"position\":1,\"name\":\"Home\",\"item\":\"https:\/\/fengshuifocus.com.sg\/\"},{\"@type\":\"ListItem\",\"position\":2,\"name\":\"Feng Shui Focus Online Shop\",\"item\":\"https:\/\/fengshuifocus.com.sg\/de\/shop\/\"},{\"@type\":\"ListItem\",\"position\":3,\"name\":\"Three Sheep on a Mountain Amulet\"}]},{\"@type\":\"WebSite\",\"@id\":\"https:\/\/fengshuifocus.com.sg\/de\/#website\",\"url\":\"https:\/\/fengshuifocus.com.sg\/de\/\",\"name\":\"Feng Shui Focus\",\"description\":\"Praktische L\u00f6sungen f\u00fcr das moderne Zuhause und B\u00fcro\",\"potentialAction\":[{\"@type\":\"SearchAction\",\"target\":{\"@type\":\"EntryPoint\",\"urlTemplate\":\"https:\/\/fengshuifocus.com.sg\/de\/?s={search_term_string}\"},\"query-input\":{\"@type\":\"PropertyValueSpecification\",\"valueRequired\":true,\"valueName\":\"search_term_string\"}}],\"inLanguage\":\"de\"}]}<\/script>\n<!-- \/ Yoast SEO plugin. -->","yoast_head_json":{"title":"Three Sheep on a Mountain Amulet &#8212; Feng Shui Focus","robots":{"index":"index","follow":"follow","max-snippet":"max-snippet:-1","max-image-preview":"max-image-preview:large","max-video-preview":"max-video-preview:-1"},"canonical":"http:\/\/fengshuifocus.com.sg\/shop\/wealth\/three-sheep-on-a-mountain-amulet\/","og_locale":"de_DE","og_type":"article","og_title":"Three Sheep on a Mountain Amulet &#8212; Feng Shui Focus","og_url":"http:\/\/fengshuifocus.com.sg\/shop\/wealth\/three-sheep-on-a-mountain-amulet\/","og_site_name":"Feng Shui Focus","article_publisher":"https:\/\/www.facebook.com\/Feng-Shui-Focus-176469115722739\/?hc_ref=ARQeIaM_dqGJoG1GyHcEnC9wqA9DE2VYU7MZosxhMrw4oVdQfkxNRxrsDKl-F7yxicA","article_modified_time":"2025-11-17T15:31:37+00:00","og_image":[{"width":709,"height":709,"url":"http:\/\/fengshuifocus.com.sg\/wp-content\/uploads\/2022\/12\/Three-Sheep-on-a-Mountain-Amulet-front.jpg","type":"image\/jpeg"}],"twitter_card":"summary_large_image","twitter_site":"@FengShuiFocus","twitter_misc":{"Gesch\u00e4tzte Lesezeit":"1\u00a0Minute"},"schema":{"@context":"https:\/\/schema.org","@graph":[{"@type":"WebPage","@id":"http:\/\/fengshuifocus.com.sg\/shop\/wealth\/three-sheep-on-a-mountain-amulet\/","url":"http:\/\/fengshuifocus.com.sg\/shop\/wealth\/three-sheep-on-a-mountain-amulet\/","name":"Three Sheep on a Mountain Amulet &#8212; Feng Shui Focus","isPartOf":{"@id":"https:\/\/fengshuifocus.com.sg\/de\/#website"},"primaryImageOfPage":{"@id":"http:\/\/fengshuifocus.com.sg\/shop\/wealth\/three-sheep-on-a-mountain-amulet\/#primaryimage"},"image":{"@id":"http:\/\/fengshuifocus.com.sg\/shop\/wealth\/three-sheep-on-a-mountain-amulet\/#primaryimage"},"thumbnailUrl":"https:\/\/fengshuifocus.com.sg\/wp-content\/uploads\/2022\/12\/Three-Sheep-on-a-Mountain-Amulet-front.jpg","datePublished":"2022-12-04T06:16:49+00:00","dateModified":"2025-11-17T15:31:37+00:00","breadcrumb":{"@id":"http:\/\/fengshuifocus.com.sg\/shop\/wealth\/three-sheep-on-a-mountain-amulet\/#breadcrumb"},"inLanguage":"de","potentialAction":[{"@type":"ReadAction","target":["http:\/\/fengshuifocus.com.sg\/shop\/wealth\/three-sheep-on-a-mountain-amulet\/"]}]},{"@type":"ImageObject","inLanguage":"de","@id":"http:\/\/fengshuifocus.com.sg\/shop\/wealth\/three-sheep-on-a-mountain-amulet\/#primaryimage","url":"https:\/\/fengshuifocus.com.sg\/wp-content\/uploads\/2022\/12\/Three-Sheep-on-a-Mountain-Amulet-front.jpg","contentUrl":"https:\/\/fengshuifocus.com.sg\/wp-content\/uploads\/2022\/12\/Three-Sheep-on-a-Mountain-Amulet-front.jpg","width":709,"height":709,"caption":"Three Sheep on a Mountain Amulet front"},{"@type":"BreadcrumbList","@id":"http:\/\/fengshuifocus.com.sg\/shop\/wealth\/three-sheep-on-a-mountain-amulet\/#breadcrumb","itemListElement":[{"@type":"ListItem","position":1,"name":"Home","item":"https:\/\/fengshuifocus.com.sg\/"},{"@type":"ListItem","position":2,"name":"Feng Shui Focus Online Shop","item":"https:\/\/fengshuifocus.com.sg\/de\/shop\/"},{"@type":"ListItem","position":3,"name":"Three Sheep on a Mountain Amulet"}]},{"@type":"WebSite","@id":"https:\/\/fengshuifocus.com.sg\/de\/#website","url":"https:\/\/fengshuifocus.com.sg\/de\/","name":"Feng Shui Focus","description":"Praktische L\u00f6sungen f\u00fcr das moderne Zuhause und B\u00fcro","potentialAction":[{"@type":"SearchAction","target":{"@type":"EntryPoint","urlTemplate":"https:\/\/fengshuifocus.com.sg\/de\/?s={search_term_string}"},"query-input":{"@type":"PropertyValueSpecification","valueRequired":true,"valueName":"search_term_string"}}],"inLanguage":"de"}]}},"post_mailing_queue_ids":[],"_links":{"self":[{"href":"https:\/\/fengshuifocus.com.sg\/de\/wp-json\/wp\/v2\/product\/11489","targetHints":{"allow":["GET"]}}],"collection":[{"href":"https:\/\/fengshuifocus.com.sg\/de\/wp-json\/wp\/v2\/product"}],"about":[{"href":"https:\/\/fengshuifocus.com.sg\/de\/wp-json\/wp\/v2\/types\/product"}],"wp:featuredmedia":[{"embeddable":true,"href":"https:\/\/fengshuifocus.com.sg\/de\/wp-json\/wp\/v2\/media\/11491"}],"wp:attachment":[{"href":"https:\/\/fengshuifocus.com.sg\/de\/wp-json\/wp\/v2\/media?parent=11489"}],"wp:term":[{"taxonomy":"product_brand","embeddable":true,"href":"https:\/\/fengshuifocus.com.sg\/de\/wp-json\/wp\/v2\/product_brand?post=11489"},{"taxonomy":"product_cat","embeddable":true,"href":"https:\/\/fengshuifocus.com.sg\/de\/wp-json\/wp\/v2\/product_cat?post=11489"},{"taxonomy":"product_tag","embeddable":true,"href":"https:\/\/fengshuifocus.com.sg\/de\/wp-json\/wp\/v2\/product_tag?post=11489"}],"curies":[{"name":"wp","href":"https:\/\/api.w.org\/{rel}","templated":true}]}}