{"id":12078,"date":"2023-11-29T00:32:48","date_gmt":"2023-11-28T23:32:48","guid":{"rendered":"https:\/\/fengshuifocus.com.sg\/?post_type=product&#038;p=12078"},"modified":"2025-11-17T16:31:17","modified_gmt":"2025-11-17T15:31:17","slug":"padlock-of-love","status":"publish","type":"product","link":"https:\/\/fengshuifocus.com.sg\/de\/shop\/love\/padlock-of-love\/","title":{"rendered":"Padlock of Love"},"content":{"rendered":"<p>Padlocks are excellent symbols of \u201clocking in\u201d what you have and treasure. They show commitment, strength and constancy. As we enter the new Period of 9, which brings with it an enormous energy shift, it is natural to be concerned about the danger of losing what you already have, what you have worked hard for to accumulate over the years. Therefore, an important part of safeguarding your luck is to preserve what you have and protect your possessions. And this includes protecting your most important relationship.<\/p>\n<p>The Padlock of Love features a pair of Mandarin Ducks, universal symbols of a strong and happy marriage\/relationship, and the Chinese talisman for love and marriage on the back.<\/p>\n<p>Carrying this Padlock of Love will remind you of your love for your partner and thereby help to keep your love and your relationship strong.<span class=\"\" style=\"display:block;clear:both;height: 0px;padding-top: 20px;border-top-width:0px;border-bottom-width:0px;\"><\/span>\n<p><strong>Suitable for: <\/strong><br \/>\n<strong>\u2022 Anyone who treasures their relationship with their partner.<\/strong><br \/>\n<strong>\u2022 Anyone who wishes to strengthen their loving marriage\/relationship.<\/strong><\/p>\n<span class=\"\" style=\"display:block;clear:both;height: 0px;padding-top: 20px;border-top-width:0px;border-bottom-width:0px;\"><\/span>\n<p>Measurements:\u00a0 \u00a0 \u00a0 approx. H 5.5cm x W 4.5cm without chain.<\/p>\n<span class=\"\" style=\"display:block;clear:both;height: 0px;padding-top: 20px;border-top-width:0px;border-bottom-width:0px;\"><\/span>\n","protected":false},"excerpt":{"rendered":"<p>Padlocks are excellent symbols of \u201clocking in\u201d what you have and treasure. They show commitment, strength and constancy. As we enter the new Period of 9, which brings with it an enormous energy shift, it is natural to be concerned about the danger of losing what you already have, what you have worked hard for to accumulate over the years. Therefore, an important part of safeguarding your luck is to preserve what you have and protect your possessions. And this includes protecting your most important relationship.<\/p>\n<p>The Padlock of Love features a pair of Mandarin Ducks, universal symbols of a strong and happy marriage\/relationship, and the Chinese talisman for love and marriage on the back.<\/p>\n[spacer height=\"20px\"]\n","protected":false},"featured_media":12394,"template":"","meta":{"kt_blocks_editor_width":"","_monsterinsights_skip_tracking":false,"_monsterinsights_sitenote_active":false,"_monsterinsights_sitenote_note":"","_monsterinsights_sitenote_category":0},"product_brand":[],"product_cat":[380],"product_tag":[481,480,400,404,413,411,445,508,498,686,551,399],"class_list":{"0":"post-12078","1":"product","2":"type-product","3":"status-publish","4":"has-post-thumbnail","6":"product_cat-love","7":"product_tag-3-celestial-guardians","8":"product_tag-3-celestials","9":"product_tag-3-killings","10":"product_tag-amulet","11":"product_tag-education","12":"product_tag-keychain","13":"product_tag-loss","14":"product_tag-love","15":"product_tag-marriage","16":"product_tag-partner","17":"product_tag-relationship","18":"product_tag-three-killings","20":"first","21":"instock","22":"shipping-taxable","23":"purchasable","24":"product-type-simple"},"translation":{"provider":"WPGlobus","version":"3.0.0","language":"de","enabled_languages":["en","de"],"languages":{"en":{"title":true,"content":true,"excerpt":true},"de":{"title":false,"content":false,"excerpt":false}}},"yoast_head":"<!-- This site is optimized with the Yoast SEO plugin v26.4 - https:\/\/yoast.com\/wordpress\/plugins\/seo\/ -->\n<title>Padlock of Love &#8212; Feng Shui Focus<\/title>\n<meta name=\"robots\" content=\"index, follow, max-snippet:-1, max-image-preview:large, max-video-preview:-1\" \/>\n<link rel=\"canonical\" href=\"https:\/\/fengshuifocus.com.sg\/shop\/love\/padlock-of-love\/\" \/>\n<meta property=\"og:locale\" content=\"de_DE\" \/>\n<meta property=\"og:type\" content=\"article\" \/>\n<meta property=\"og:title\" content=\"Padlock of Love\" \/>\n<meta property=\"og:description\" content=\"Padlocks are excellent symbols of \u201clocking in\u201d what you have and treasure.\" \/>\n<meta property=\"og:url\" content=\"https:\/\/fengshuifocus.com.sg\/shop\/love\/padlock-of-love\/\" \/>\n<meta property=\"og:site_name\" content=\"Feng Shui Focus\" \/>\n<meta property=\"article:publisher\" content=\"https:\/\/www.facebook.com\/Feng-Shui-Focus-176469115722739\/?hc_ref=ARQeIaM_dqGJoG1GyHcEnC9wqA9DE2VYU7MZosxhMrw4oVdQfkxNRxrsDKl-F7yxicA\" \/>\n<meta property=\"article:modified_time\" content=\"2025-11-17T15:31:17+00:00\" \/>\n<meta property=\"og:image\" content=\"https:\/\/fengshuifocus.com.sg\/wp-content\/uploads\/2023\/11\/Padlock-of-Love-Amulet-284x300.jpeg\" \/>\n\t<meta property=\"og:image:width\" content=\"1472\" \/>\n\t<meta property=\"og:image:height\" content=\"1557\" \/>\n\t<meta property=\"og:image:type\" content=\"image\/jpeg\" \/>\n<meta name=\"twitter:card\" content=\"summary_large_image\" \/>\n<meta name=\"twitter:site\" content=\"@FengShuiFocus\" \/>\n<meta name=\"twitter:label1\" content=\"Gesch\u00e4tzte Lesezeit\" \/>\n\t<meta name=\"twitter:data1\" content=\"1\u00a0Minute\" \/>\n<script type=\"application\/ld+json\" class=\"yoast-schema-graph\">{\"@context\":\"https:\/\/schema.org\",\"@graph\":[{\"@type\":\"WebPage\",\"@id\":\"https:\/\/fengshuifocus.com.sg\/shop\/love\/padlock-of-love\/\",\"url\":\"https:\/\/fengshuifocus.com.sg\/shop\/love\/padlock-of-love\/\",\"name\":\"Padlock of Love &#8212; Feng Shui Focus\",\"isPartOf\":{\"@id\":\"https:\/\/fengshuifocus.com.sg\/de\/#website\"},\"primaryImageOfPage\":{\"@id\":\"https:\/\/fengshuifocus.com.sg\/shop\/love\/padlock-of-love\/#primaryimage\"},\"image\":{\"@id\":\"https:\/\/fengshuifocus.com.sg\/shop\/love\/padlock-of-love\/#primaryimage\"},\"thumbnailUrl\":\"https:\/\/fengshuifocus.com.sg\/wp-content\/uploads\/2023\/11\/Padlock-of-Love-Amulet-front.jpg\",\"datePublished\":\"2023-11-28T23:32:48+00:00\",\"dateModified\":\"2025-11-17T15:31:17+00:00\",\"description\":\"Padlocks are excellent symbols of \u201clocking in\u201d what you have and treasure.\",\"breadcrumb\":{\"@id\":\"https:\/\/fengshuifocus.com.sg\/shop\/love\/padlock-of-love\/#breadcrumb\"},\"inLanguage\":\"de\",\"potentialAction\":[{\"@type\":\"ReadAction\",\"target\":[\"https:\/\/fengshuifocus.com.sg\/shop\/love\/padlock-of-love\/\"]}]},{\"@type\":\"ImageObject\",\"inLanguage\":\"de\",\"@id\":\"https:\/\/fengshuifocus.com.sg\/shop\/love\/padlock-of-love\/#primaryimage\",\"url\":\"https:\/\/fengshuifocus.com.sg\/wp-content\/uploads\/2023\/11\/Padlock-of-Love-Amulet-front.jpg\",\"contentUrl\":\"https:\/\/fengshuifocus.com.sg\/wp-content\/uploads\/2023\/11\/Padlock-of-Love-Amulet-front.jpg\",\"width\":1181,\"height\":1181,\"caption\":\"Padlock-of-Love-Amulet-front\"},{\"@type\":\"BreadcrumbList\",\"@id\":\"https:\/\/fengshuifocus.com.sg\/shop\/love\/padlock-of-love\/#breadcrumb\",\"itemListElement\":[{\"@type\":\"ListItem\",\"position\":1,\"name\":\"Home\",\"item\":\"https:\/\/fengshuifocus.com.sg\/\"},{\"@type\":\"ListItem\",\"position\":2,\"name\":\"Feng Shui Focus Online Shop\",\"item\":\"https:\/\/fengshuifocus.com.sg\/de\/shop\/\"},{\"@type\":\"ListItem\",\"position\":3,\"name\":\"Padlock of Love\"}]},{\"@type\":\"WebSite\",\"@id\":\"https:\/\/fengshuifocus.com.sg\/de\/#website\",\"url\":\"https:\/\/fengshuifocus.com.sg\/de\/\",\"name\":\"Feng Shui Focus\",\"description\":\"Praktische L\u00f6sungen f\u00fcr das moderne Zuhause und B\u00fcro\",\"potentialAction\":[{\"@type\":\"SearchAction\",\"target\":{\"@type\":\"EntryPoint\",\"urlTemplate\":\"https:\/\/fengshuifocus.com.sg\/de\/?s={search_term_string}\"},\"query-input\":{\"@type\":\"PropertyValueSpecification\",\"valueRequired\":true,\"valueName\":\"search_term_string\"}}],\"inLanguage\":\"de\"}]}<\/script>\n<!-- \/ Yoast SEO plugin. -->","yoast_head_json":{"title":"Padlock of Love &#8212; Feng Shui Focus","robots":{"index":"index","follow":"follow","max-snippet":"max-snippet:-1","max-image-preview":"max-image-preview:large","max-video-preview":"max-video-preview:-1"},"canonical":"https:\/\/fengshuifocus.com.sg\/shop\/love\/padlock-of-love\/","og_locale":"de_DE","og_type":"article","og_title":"Padlock of Love","og_description":"Padlocks are excellent symbols of \u201clocking in\u201d what you have and treasure.","og_url":"https:\/\/fengshuifocus.com.sg\/shop\/love\/padlock-of-love\/","og_site_name":"Feng Shui Focus","article_publisher":"https:\/\/www.facebook.com\/Feng-Shui-Focus-176469115722739\/?hc_ref=ARQeIaM_dqGJoG1GyHcEnC9wqA9DE2VYU7MZosxhMrw4oVdQfkxNRxrsDKl-F7yxicA","article_modified_time":"2025-11-17T15:31:17+00:00","og_image":[{"width":1472,"height":1557,"url":"https:\/\/fengshuifocus.com.sg\/wp-content\/uploads\/2023\/11\/Padlock-of-Love-Amulet-284x300.jpeg","type":"image\/jpeg"}],"twitter_card":"summary_large_image","twitter_site":"@FengShuiFocus","twitter_misc":{"Gesch\u00e4tzte Lesezeit":"1\u00a0Minute"},"schema":{"@context":"https:\/\/schema.org","@graph":[{"@type":"WebPage","@id":"https:\/\/fengshuifocus.com.sg\/shop\/love\/padlock-of-love\/","url":"https:\/\/fengshuifocus.com.sg\/shop\/love\/padlock-of-love\/","name":"Padlock of Love &#8212; Feng Shui Focus","isPartOf":{"@id":"https:\/\/fengshuifocus.com.sg\/de\/#website"},"primaryImageOfPage":{"@id":"https:\/\/fengshuifocus.com.sg\/shop\/love\/padlock-of-love\/#primaryimage"},"image":{"@id":"https:\/\/fengshuifocus.com.sg\/shop\/love\/padlock-of-love\/#primaryimage"},"thumbnailUrl":"https:\/\/fengshuifocus.com.sg\/wp-content\/uploads\/2023\/11\/Padlock-of-Love-Amulet-front.jpg","datePublished":"2023-11-28T23:32:48+00:00","dateModified":"2025-11-17T15:31:17+00:00","description":"Padlocks are excellent symbols of \u201clocking in\u201d what you have and treasure.","breadcrumb":{"@id":"https:\/\/fengshuifocus.com.sg\/shop\/love\/padlock-of-love\/#breadcrumb"},"inLanguage":"de","potentialAction":[{"@type":"ReadAction","target":["https:\/\/fengshuifocus.com.sg\/shop\/love\/padlock-of-love\/"]}]},{"@type":"ImageObject","inLanguage":"de","@id":"https:\/\/fengshuifocus.com.sg\/shop\/love\/padlock-of-love\/#primaryimage","url":"https:\/\/fengshuifocus.com.sg\/wp-content\/uploads\/2023\/11\/Padlock-of-Love-Amulet-front.jpg","contentUrl":"https:\/\/fengshuifocus.com.sg\/wp-content\/uploads\/2023\/11\/Padlock-of-Love-Amulet-front.jpg","width":1181,"height":1181,"caption":"Padlock-of-Love-Amulet-front"},{"@type":"BreadcrumbList","@id":"https:\/\/fengshuifocus.com.sg\/shop\/love\/padlock-of-love\/#breadcrumb","itemListElement":[{"@type":"ListItem","position":1,"name":"Home","item":"https:\/\/fengshuifocus.com.sg\/"},{"@type":"ListItem","position":2,"name":"Feng Shui Focus Online Shop","item":"https:\/\/fengshuifocus.com.sg\/de\/shop\/"},{"@type":"ListItem","position":3,"name":"Padlock of Love"}]},{"@type":"WebSite","@id":"https:\/\/fengshuifocus.com.sg\/de\/#website","url":"https:\/\/fengshuifocus.com.sg\/de\/","name":"Feng Shui Focus","description":"Praktische L\u00f6sungen f\u00fcr das moderne Zuhause und B\u00fcro","potentialAction":[{"@type":"SearchAction","target":{"@type":"EntryPoint","urlTemplate":"https:\/\/fengshuifocus.com.sg\/de\/?s={search_term_string}"},"query-input":{"@type":"PropertyValueSpecification","valueRequired":true,"valueName":"search_term_string"}}],"inLanguage":"de"}]}},"post_mailing_queue_ids":[],"_links":{"self":[{"href":"https:\/\/fengshuifocus.com.sg\/de\/wp-json\/wp\/v2\/product\/12078","targetHints":{"allow":["GET"]}}],"collection":[{"href":"https:\/\/fengshuifocus.com.sg\/de\/wp-json\/wp\/v2\/product"}],"about":[{"href":"https:\/\/fengshuifocus.com.sg\/de\/wp-json\/wp\/v2\/types\/product"}],"wp:featuredmedia":[{"embeddable":true,"href":"https:\/\/fengshuifocus.com.sg\/de\/wp-json\/wp\/v2\/media\/12394"}],"wp:attachment":[{"href":"https:\/\/fengshuifocus.com.sg\/de\/wp-json\/wp\/v2\/media?parent=12078"}],"wp:term":[{"taxonomy":"product_brand","embeddable":true,"href":"https:\/\/fengshuifocus.com.sg\/de\/wp-json\/wp\/v2\/product_brand?post=12078"},{"taxonomy":"product_cat","embeddable":true,"href":"https:\/\/fengshuifocus.com.sg\/de\/wp-json\/wp\/v2\/product_cat?post=12078"},{"taxonomy":"product_tag","embeddable":true,"href":"https:\/\/fengshuifocus.com.sg\/de\/wp-json\/wp\/v2\/product_tag?post=12078"}],"curies":[{"name":"wp","href":"https:\/\/api.w.org\/{rel}","templated":true}]}}