{"id":12114,"date":"2023-12-01T17:23:49","date_gmt":"2023-12-01T16:23:49","guid":{"rendered":"https:\/\/fengshuifocus.com.sg\/?post_type=product&#038;p=12114"},"modified":"2026-02-17T14:39:04","modified_gmt":"2026-02-17T13:39:04","slug":"medicine-buddha-plaque","status":"publish","type":"product","link":"https:\/\/fengshuifocus.com.sg\/de\/shop\/health\/medicine-buddha-plaque\/","title":{"rendered":"Medicine Buddha Plaque"},"content":{"rendered":"<p>The Medicine Buddha protects you from illness and helps those who are already ill to recover quickly and fully. It makes an excellent feng shui enhancer for elderly people or anyone who is suffering from health issues or afflicted by illness stars in their chart.<\/p>\n<p>This Medicine Buddha Plaque also features two powerful amulets: the Longevity Amulet and the Amulet Against All Disease, as well as Medicine Buddha\u2019s mantra: <em>\u201cTayatha Om Bekandze Bekandze Maha Bekandze Radza Samudgate Soha\u201d.<\/em><\/p>\n<p><strong>Recommended placement in 2026: <\/strong><br \/>\n<strong>\u2022 In the NW of your home, as this is the home of the Illness Star this year. <\/strong><br \/>\n<strong>\u2022 In your bedroom, if you are already unwell.<\/strong><\/p>\n<span class=\"\" style=\"display:block;clear:both;height: 0px;padding-top: 20px;border-top-width:0px;border-bottom-width:0px;\"><\/span>\n<p>Measurements: \u00a0\u00a0 approx. H 13cm x W 13cm without stand<\/p>\n<span class=\"\" style=\"display:block;clear:both;height: 0px;padding-top: 20px;border-top-width:0px;border-bottom-width:0px;\"><\/span>\n","protected":false},"excerpt":{"rendered":"<p>The Medicine Buddha protects you from illness and helps those who are already ill to recover quickly and fully. It makes an excellent feng shui enhancer for elderly people or anyone who is suffering from health issues or afflicted by illness stars in their chart.<\/p>\n<p>This Medicine Buddha Plaque also features two powerful amulets: the Longevity Amulet and the Amulet Against All Disease, as well as Medicine Buddha\u2019s mantra: <em>\u201cTayatha Om Bekandze Bekandze Maha Bekandze Radza Samudgate Soha\u201d.<\/em><\/p>\n[spacer height=\"20px\"]\n","protected":false},"featured_media":12116,"template":"","meta":{"kt_blocks_editor_width":"","_monsterinsights_skip_tracking":false,"_monsterinsights_sitenote_active":false,"_monsterinsights_sitenote_note":"","_monsterinsights_sitenote_category":0},"product_brand":[],"product_cat":[378,374],"product_tag":[615,451,387,396,438,452,503,450,394],"class_list":{"0":"post-12114","1":"product","2":"type-product","3":"status-publish","4":"has-post-thumbnail","6":"product_cat-feng-shui-home","7":"product_cat-health","8":"product_tag-diseases","9":"product_tag-good-health","10":"product_tag-health","11":"product_tag-illness","12":"product_tag-immortality","13":"product_tag-long-life","14":"product_tag-protection","15":"product_tag-stay-healthy","16":"product_tag-wu-lou","18":"first","19":"outofstock","20":"shipping-taxable","21":"purchasable","22":"product-type-simple"},"translation":{"provider":"WPGlobus","version":"3.0.0","language":"de","enabled_languages":["en","de"],"languages":{"en":{"title":true,"content":true,"excerpt":true},"de":{"title":false,"content":false,"excerpt":false}}},"yoast_head":"<!-- This site is optimized with the Yoast SEO plugin v26.4 - https:\/\/yoast.com\/wordpress\/plugins\/seo\/ -->\n<title>Medicine Buddha Plaque &#8212; Feng Shui Focus<\/title>\n<meta name=\"robots\" content=\"index, follow, max-snippet:-1, max-image-preview:large, max-video-preview:-1\" \/>\n<link rel=\"canonical\" href=\"https:\/\/fengshuifocus.com.sg\/shop\/health\/medicine-buddha-plaque\/\" \/>\n<meta property=\"og:locale\" content=\"de_DE\" \/>\n<meta property=\"og:type\" content=\"article\" \/>\n<meta property=\"og:title\" content=\"Medicine Buddha Plaque\" \/>\n<meta property=\"og:description\" content=\"The Medicine Buddha protects you from illness and helps those who are already ill to recover quickly and fully.\" \/>\n<meta property=\"og:url\" content=\"https:\/\/fengshuifocus.com.sg\/shop\/health\/medicine-buddha-plaque\/\" \/>\n<meta property=\"og:site_name\" content=\"Feng Shui Focus\" \/>\n<meta property=\"article:publisher\" content=\"https:\/\/www.facebook.com\/Feng-Shui-Focus-176469115722739\/?hc_ref=ARQeIaM_dqGJoG1GyHcEnC9wqA9DE2VYU7MZosxhMrw4oVdQfkxNRxrsDKl-F7yxicA\" \/>\n<meta property=\"article:modified_time\" content=\"2026-02-17T13:39:04+00:00\" \/>\n<meta property=\"og:image\" content=\"https:\/\/fengshuifocus.com.sg\/wp-content\/uploads\/2023\/12\/Medicine-Buddha-Plaque-lifestyle-300x300.jpg\" \/>\n\t<meta property=\"og:image:width\" content=\"945\" \/>\n\t<meta property=\"og:image:height\" content=\"945\" \/>\n\t<meta property=\"og:image:type\" content=\"image\/jpeg\" \/>\n<meta name=\"twitter:card\" content=\"summary_large_image\" \/>\n<meta name=\"twitter:site\" content=\"@FengShuiFocus\" \/>\n<meta name=\"twitter:label1\" content=\"Gesch\u00e4tzte Lesezeit\" \/>\n\t<meta name=\"twitter:data1\" content=\"1\u00a0Minute\" \/>\n<script type=\"application\/ld+json\" class=\"yoast-schema-graph\">{\"@context\":\"https:\/\/schema.org\",\"@graph\":[{\"@type\":\"WebPage\",\"@id\":\"https:\/\/fengshuifocus.com.sg\/shop\/health\/medicine-buddha-plaque\/\",\"url\":\"https:\/\/fengshuifocus.com.sg\/shop\/health\/medicine-buddha-plaque\/\",\"name\":\"Medicine Buddha Plaque &#8212; Feng Shui Focus\",\"isPartOf\":{\"@id\":\"https:\/\/fengshuifocus.com.sg\/de\/#website\"},\"primaryImageOfPage\":{\"@id\":\"https:\/\/fengshuifocus.com.sg\/shop\/health\/medicine-buddha-plaque\/#primaryimage\"},\"image\":{\"@id\":\"https:\/\/fengshuifocus.com.sg\/shop\/health\/medicine-buddha-plaque\/#primaryimage\"},\"thumbnailUrl\":\"https:\/\/fengshuifocus.com.sg\/wp-content\/uploads\/2023\/12\/Medicine-Buddha-Plaque.jpg\",\"datePublished\":\"2023-12-01T16:23:49+00:00\",\"dateModified\":\"2026-02-17T13:39:04+00:00\",\"description\":\"The Medicine Buddha protects you from illness and helps those who are already ill to recover quickly and fully.\",\"breadcrumb\":{\"@id\":\"https:\/\/fengshuifocus.com.sg\/shop\/health\/medicine-buddha-plaque\/#breadcrumb\"},\"inLanguage\":\"de\",\"potentialAction\":[{\"@type\":\"ReadAction\",\"target\":[\"https:\/\/fengshuifocus.com.sg\/shop\/health\/medicine-buddha-plaque\/\"]}]},{\"@type\":\"ImageObject\",\"inLanguage\":\"de\",\"@id\":\"https:\/\/fengshuifocus.com.sg\/shop\/health\/medicine-buddha-plaque\/#primaryimage\",\"url\":\"https:\/\/fengshuifocus.com.sg\/wp-content\/uploads\/2023\/12\/Medicine-Buddha-Plaque.jpg\",\"contentUrl\":\"https:\/\/fengshuifocus.com.sg\/wp-content\/uploads\/2023\/12\/Medicine-Buddha-Plaque.jpg\",\"width\":709,\"height\":709,\"caption\":\"Medicine Buddha Plaque\"},{\"@type\":\"BreadcrumbList\",\"@id\":\"https:\/\/fengshuifocus.com.sg\/shop\/health\/medicine-buddha-plaque\/#breadcrumb\",\"itemListElement\":[{\"@type\":\"ListItem\",\"position\":1,\"name\":\"Home\",\"item\":\"https:\/\/fengshuifocus.com.sg\/\"},{\"@type\":\"ListItem\",\"position\":2,\"name\":\"Feng Shui Focus Online Shop\",\"item\":\"https:\/\/fengshuifocus.com.sg\/de\/shop\/\"},{\"@type\":\"ListItem\",\"position\":3,\"name\":\"Medicine Buddha Plaque\"}]},{\"@type\":\"WebSite\",\"@id\":\"https:\/\/fengshuifocus.com.sg\/de\/#website\",\"url\":\"https:\/\/fengshuifocus.com.sg\/de\/\",\"name\":\"Feng Shui Focus\",\"description\":\"Praktische L\u00f6sungen f\u00fcr das moderne Zuhause und B\u00fcro\",\"potentialAction\":[{\"@type\":\"SearchAction\",\"target\":{\"@type\":\"EntryPoint\",\"urlTemplate\":\"https:\/\/fengshuifocus.com.sg\/de\/?s={search_term_string}\"},\"query-input\":{\"@type\":\"PropertyValueSpecification\",\"valueRequired\":true,\"valueName\":\"search_term_string\"}}],\"inLanguage\":\"de\"}]}<\/script>\n<!-- \/ Yoast SEO plugin. -->","yoast_head_json":{"title":"Medicine Buddha Plaque &#8212; Feng Shui Focus","robots":{"index":"index","follow":"follow","max-snippet":"max-snippet:-1","max-image-preview":"max-image-preview:large","max-video-preview":"max-video-preview:-1"},"canonical":"https:\/\/fengshuifocus.com.sg\/shop\/health\/medicine-buddha-plaque\/","og_locale":"de_DE","og_type":"article","og_title":"Medicine Buddha Plaque","og_description":"The Medicine Buddha protects you from illness and helps those who are already ill to recover quickly and fully.","og_url":"https:\/\/fengshuifocus.com.sg\/shop\/health\/medicine-buddha-plaque\/","og_site_name":"Feng Shui Focus","article_publisher":"https:\/\/www.facebook.com\/Feng-Shui-Focus-176469115722739\/?hc_ref=ARQeIaM_dqGJoG1GyHcEnC9wqA9DE2VYU7MZosxhMrw4oVdQfkxNRxrsDKl-F7yxicA","article_modified_time":"2026-02-17T13:39:04+00:00","og_image":[{"width":945,"height":945,"url":"https:\/\/fengshuifocus.com.sg\/wp-content\/uploads\/2023\/12\/Medicine-Buddha-Plaque-lifestyle-300x300.jpg","type":"image\/jpeg"}],"twitter_card":"summary_large_image","twitter_site":"@FengShuiFocus","twitter_misc":{"Gesch\u00e4tzte Lesezeit":"1\u00a0Minute"},"schema":{"@context":"https:\/\/schema.org","@graph":[{"@type":"WebPage","@id":"https:\/\/fengshuifocus.com.sg\/shop\/health\/medicine-buddha-plaque\/","url":"https:\/\/fengshuifocus.com.sg\/shop\/health\/medicine-buddha-plaque\/","name":"Medicine Buddha Plaque &#8212; Feng Shui Focus","isPartOf":{"@id":"https:\/\/fengshuifocus.com.sg\/de\/#website"},"primaryImageOfPage":{"@id":"https:\/\/fengshuifocus.com.sg\/shop\/health\/medicine-buddha-plaque\/#primaryimage"},"image":{"@id":"https:\/\/fengshuifocus.com.sg\/shop\/health\/medicine-buddha-plaque\/#primaryimage"},"thumbnailUrl":"https:\/\/fengshuifocus.com.sg\/wp-content\/uploads\/2023\/12\/Medicine-Buddha-Plaque.jpg","datePublished":"2023-12-01T16:23:49+00:00","dateModified":"2026-02-17T13:39:04+00:00","description":"The Medicine Buddha protects you from illness and helps those who are already ill to recover quickly and fully.","breadcrumb":{"@id":"https:\/\/fengshuifocus.com.sg\/shop\/health\/medicine-buddha-plaque\/#breadcrumb"},"inLanguage":"de","potentialAction":[{"@type":"ReadAction","target":["https:\/\/fengshuifocus.com.sg\/shop\/health\/medicine-buddha-plaque\/"]}]},{"@type":"ImageObject","inLanguage":"de","@id":"https:\/\/fengshuifocus.com.sg\/shop\/health\/medicine-buddha-plaque\/#primaryimage","url":"https:\/\/fengshuifocus.com.sg\/wp-content\/uploads\/2023\/12\/Medicine-Buddha-Plaque.jpg","contentUrl":"https:\/\/fengshuifocus.com.sg\/wp-content\/uploads\/2023\/12\/Medicine-Buddha-Plaque.jpg","width":709,"height":709,"caption":"Medicine Buddha Plaque"},{"@type":"BreadcrumbList","@id":"https:\/\/fengshuifocus.com.sg\/shop\/health\/medicine-buddha-plaque\/#breadcrumb","itemListElement":[{"@type":"ListItem","position":1,"name":"Home","item":"https:\/\/fengshuifocus.com.sg\/"},{"@type":"ListItem","position":2,"name":"Feng Shui Focus Online Shop","item":"https:\/\/fengshuifocus.com.sg\/de\/shop\/"},{"@type":"ListItem","position":3,"name":"Medicine Buddha Plaque"}]},{"@type":"WebSite","@id":"https:\/\/fengshuifocus.com.sg\/de\/#website","url":"https:\/\/fengshuifocus.com.sg\/de\/","name":"Feng Shui Focus","description":"Praktische L\u00f6sungen f\u00fcr das moderne Zuhause und B\u00fcro","potentialAction":[{"@type":"SearchAction","target":{"@type":"EntryPoint","urlTemplate":"https:\/\/fengshuifocus.com.sg\/de\/?s={search_term_string}"},"query-input":{"@type":"PropertyValueSpecification","valueRequired":true,"valueName":"search_term_string"}}],"inLanguage":"de"}]}},"post_mailing_queue_ids":[],"_links":{"self":[{"href":"https:\/\/fengshuifocus.com.sg\/de\/wp-json\/wp\/v2\/product\/12114","targetHints":{"allow":["GET"]}}],"collection":[{"href":"https:\/\/fengshuifocus.com.sg\/de\/wp-json\/wp\/v2\/product"}],"about":[{"href":"https:\/\/fengshuifocus.com.sg\/de\/wp-json\/wp\/v2\/types\/product"}],"wp:featuredmedia":[{"embeddable":true,"href":"https:\/\/fengshuifocus.com.sg\/de\/wp-json\/wp\/v2\/media\/12116"}],"wp:attachment":[{"href":"https:\/\/fengshuifocus.com.sg\/de\/wp-json\/wp\/v2\/media?parent=12114"}],"wp:term":[{"taxonomy":"product_brand","embeddable":true,"href":"https:\/\/fengshuifocus.com.sg\/de\/wp-json\/wp\/v2\/product_brand?post=12114"},{"taxonomy":"product_cat","embeddable":true,"href":"https:\/\/fengshuifocus.com.sg\/de\/wp-json\/wp\/v2\/product_cat?post=12114"},{"taxonomy":"product_tag","embeddable":true,"href":"https:\/\/fengshuifocus.com.sg\/de\/wp-json\/wp\/v2\/product_tag?post=12114"}],"curies":[{"name":"wp","href":"https:\/\/api.w.org\/{rel}","templated":true}]}}