{"id":12169,"date":"2024-01-30T12:38:27","date_gmt":"2024-01-30T11:38:27","guid":{"rendered":"https:\/\/fengshuifocus.com.sg\/?post_type=product&#038;p=12169"},"modified":"2026-02-22T16:56:52","modified_gmt":"2026-02-22T15:56:52","slug":"sky-unicorn-with-spirit-essence-amulet","status":"publish","type":"product","link":"https:\/\/fengshuifocus.com.sg\/de\/shop\/career-success\/sky-unicorn-with-spirit-essence-amulet\/","title":{"rendered":"Sky Unicorn with Spirit Essence Amulet"},"content":{"rendered":"<p>The Sky Unicorn is part of the Lunar Constellations. It is bestowed with powerful healing energies that can transform all negatives into positives. It is a very useful amulet for anyone who is lacking energy or going through weak levels of spirit essence. When the spirit essence of a person is low, it is difficult to capture opportunities that come your way.<\/p>\n<p>This is where carrying this Sky Unicorn Spirit Essence amulet will help to boost your inner strength and motivation and bring you fresh inspiration, courage and resolve. Keep this amulet close to help you fulfil your potential and make all your deepest wishes come true.<\/p>\n<p>Attached to the amulet is a round disc with the Spirit Enhancing Amulet.<\/p>\n<p><strong>Everyone can benefit from carrying this amulet, specially the Snake, Horse, Monkey and Rooster, as they have very low spirit essence in 2025 and need to strengthen this. \u00a0<\/strong><\/p>\n<span class=\"\" style=\"display:block;clear:both;height: 0px;padding-top: 20px;border-top-width:0px;border-bottom-width:0px;\"><\/span>\n<p>Measurements: approx. H 6cm x W 5.5cm without chain.<\/p>\n<span class=\"\" style=\"display:block;clear:both;height: 0px;padding-top: 20px;border-top-width:0px;border-bottom-width:0px;\"><\/span>\n","protected":false},"excerpt":{"rendered":"<p>The Sky Unicorn is part of the Lunar Constellations. It is bestowed with powerful healing energies that can transform all negatives into positives. It is a very useful amulet for anyone who is lacking energy or going through weak levels of spirit essence. When the spirit essence of a person is low, it is difficult to capture opportunities that come your way.<\/p>\n<p>This is where carrying this Sky Unicorn Spirit Essence amulet will help to boost your inner strength and motivation and bring you fresh inspiration, courage and resolve. Keep this amulet close to help you fulfil your potential and make all your deepest wishes come true.<\/p>\n[spacer height=\"20px\"]\n","protected":false},"featured_media":12171,"template":"","meta":{"kt_blocks_editor_width":"","_monsterinsights_skip_tracking":false,"_monsterinsights_sitenote_active":false,"_monsterinsights_sitenote_note":"","_monsterinsights_sitenote_category":0},"product_brand":[],"product_cat":[376],"product_tag":[384,404,405,697,604,417,451,387,396,416,696,414,418,385,503,419,415,410,698,402,699,394],"class_list":{"0":"post-12169","1":"product","2":"type-product","3":"status-publish","4":"has-post-thumbnail","6":"product_cat-career-success","7":"product_tag-abundance","8":"product_tag-amulet","9":"product_tag-career","10":"product_tag-eight-immortals","11":"product_tag-goals","12":"product_tag-good-fortune","13":"product_tag-good-health","14":"product_tag-health","15":"product_tag-illness","16":"product_tag-inner-fortitude","17":"product_tag-longevity","18":"product_tag-motivation","19":"product_tag-opportunities","20":"product_tag-prosperity","21":"product_tag-protection","22":"product_tag-spirit-essence","23":"product_tag-strength","24":"product_tag-success","25":"product_tag-unicorn","26":"product_tag-victory","27":"product_tag-wishes","28":"product_tag-wu-lou","30":"first","31":"instock","32":"shipping-taxable","33":"purchasable","34":"product-type-simple"},"translation":{"provider":"WPGlobus","version":"3.0.0","language":"de","enabled_languages":["en","de"],"languages":{"en":{"title":true,"content":true,"excerpt":true},"de":{"title":false,"content":false,"excerpt":false}}},"yoast_head":"<!-- This site is optimized with the Yoast SEO plugin v26.4 - https:\/\/yoast.com\/wordpress\/plugins\/seo\/ -->\n<title>Sky Unicorn with Spirit Essence Amulet &#8212; Feng Shui Focus<\/title>\n<meta name=\"robots\" content=\"index, follow, max-snippet:-1, max-image-preview:large, max-video-preview:-1\" \/>\n<link rel=\"canonical\" href=\"https:\/\/fengshuifocus.com.sg\/de\/shop\/career-success\/sky-unicorn-with-spirit-essence-amulet\/\" \/>\n<meta property=\"og:locale\" content=\"de_DE\" \/>\n<meta property=\"og:type\" content=\"article\" \/>\n<meta property=\"og:title\" content=\"Sky Unicorn with Spirit Essence Amulet\" \/>\n<meta property=\"og:description\" content=\"The Sky Unicorn is part of the Lunar Constellations. It is bestowed with powerful healing energies that can transform all negatives into positives.\" \/>\n<meta property=\"og:url\" content=\"https:\/\/fengshuifocus.com.sg\/de\/shop\/career-success\/sky-unicorn-with-spirit-essence-amulet\/\" \/>\n<meta property=\"og:site_name\" content=\"Feng Shui Focus\" \/>\n<meta property=\"article:publisher\" content=\"https:\/\/www.facebook.com\/Feng-Shui-Focus-176469115722739\/?hc_ref=ARQeIaM_dqGJoG1GyHcEnC9wqA9DE2VYU7MZosxhMrw4oVdQfkxNRxrsDKl-F7yxicA\" \/>\n<meta property=\"article:modified_time\" content=\"2026-02-22T15:56:52+00:00\" \/>\n<meta property=\"og:image\" content=\"https:\/\/fengshuifocus.com.sg\/wp-content\/uploads\/2023\/12\/Period-9-Wind-Horse-Amulet-lifestyle-300x300.jpg\" \/>\n\t<meta property=\"og:image:width\" content=\"1063\" \/>\n\t<meta property=\"og:image:height\" content=\"1063\" \/>\n\t<meta property=\"og:image:type\" content=\"image\/jpeg\" \/>\n<meta name=\"twitter:card\" content=\"summary_large_image\" \/>\n<meta name=\"twitter:site\" content=\"@FengShuiFocus\" \/>\n<meta name=\"twitter:label1\" content=\"Gesch\u00e4tzte Lesezeit\" \/>\n\t<meta name=\"twitter:data1\" content=\"1\u00a0Minute\" \/>\n<script type=\"application\/ld+json\" class=\"yoast-schema-graph\">{\"@context\":\"https:\/\/schema.org\",\"@graph\":[{\"@type\":\"WebPage\",\"@id\":\"https:\/\/fengshuifocus.com.sg\/de\/shop\/career-success\/sky-unicorn-with-spirit-essence-amulet\/\",\"url\":\"https:\/\/fengshuifocus.com.sg\/de\/shop\/career-success\/sky-unicorn-with-spirit-essence-amulet\/\",\"name\":\"Sky Unicorn with Spirit Essence Amulet &#8212; Feng Shui Focus\",\"isPartOf\":{\"@id\":\"https:\/\/fengshuifocus.com.sg\/de\/#website\"},\"primaryImageOfPage\":{\"@id\":\"https:\/\/fengshuifocus.com.sg\/de\/shop\/career-success\/sky-unicorn-with-spirit-essence-amulet\/#primaryimage\"},\"image\":{\"@id\":\"https:\/\/fengshuifocus.com.sg\/de\/shop\/career-success\/sky-unicorn-with-spirit-essence-amulet\/#primaryimage\"},\"thumbnailUrl\":\"https:\/\/fengshuifocus.com.sg\/wp-content\/uploads\/2023\/12\/Sky-Unicorn-w-Spirit-Essence-Amulet-front.jpg\",\"datePublished\":\"2024-01-30T11:38:27+00:00\",\"dateModified\":\"2026-02-22T15:56:52+00:00\",\"description\":\"The Sky Unicorn is part of the Lunar Constellations. It is bestowed with powerful healing energies that can transform all negatives into positives.\",\"breadcrumb\":{\"@id\":\"https:\/\/fengshuifocus.com.sg\/de\/shop\/career-success\/sky-unicorn-with-spirit-essence-amulet\/#breadcrumb\"},\"inLanguage\":\"de\",\"potentialAction\":[{\"@type\":\"ReadAction\",\"target\":[\"https:\/\/fengshuifocus.com.sg\/de\/shop\/career-success\/sky-unicorn-with-spirit-essence-amulet\/\"]}]},{\"@type\":\"ImageObject\",\"inLanguage\":\"de\",\"@id\":\"https:\/\/fengshuifocus.com.sg\/de\/shop\/career-success\/sky-unicorn-with-spirit-essence-amulet\/#primaryimage\",\"url\":\"https:\/\/fengshuifocus.com.sg\/wp-content\/uploads\/2023\/12\/Sky-Unicorn-w-Spirit-Essence-Amulet-front.jpg\",\"contentUrl\":\"https:\/\/fengshuifocus.com.sg\/wp-content\/uploads\/2023\/12\/Sky-Unicorn-w-Spirit-Essence-Amulet-front.jpg\",\"width\":1063,\"height\":1063,\"caption\":\"Sky Unicorn w Spirit Essence Amulet front\"},{\"@type\":\"BreadcrumbList\",\"@id\":\"https:\/\/fengshuifocus.com.sg\/de\/shop\/career-success\/sky-unicorn-with-spirit-essence-amulet\/#breadcrumb\",\"itemListElement\":[{\"@type\":\"ListItem\",\"position\":1,\"name\":\"Home\",\"item\":\"https:\/\/fengshuifocus.com.sg\/\"},{\"@type\":\"ListItem\",\"position\":2,\"name\":\"Feng Shui Focus Online Shop\",\"item\":\"https:\/\/fengshuifocus.com.sg\/de\/shop\/\"},{\"@type\":\"ListItem\",\"position\":3,\"name\":\"Sky Unicorn with Spirit Essence Amulet\"}]},{\"@type\":\"WebSite\",\"@id\":\"https:\/\/fengshuifocus.com.sg\/de\/#website\",\"url\":\"https:\/\/fengshuifocus.com.sg\/de\/\",\"name\":\"Feng Shui Focus\",\"description\":\"Praktische L\u00f6sungen f\u00fcr das moderne Zuhause und B\u00fcro\",\"potentialAction\":[{\"@type\":\"SearchAction\",\"target\":{\"@type\":\"EntryPoint\",\"urlTemplate\":\"https:\/\/fengshuifocus.com.sg\/de\/?s={search_term_string}\"},\"query-input\":{\"@type\":\"PropertyValueSpecification\",\"valueRequired\":true,\"valueName\":\"search_term_string\"}}],\"inLanguage\":\"de\"}]}<\/script>\n<!-- \/ Yoast SEO plugin. -->","yoast_head_json":{"title":"Sky Unicorn with Spirit Essence Amulet &#8212; Feng Shui Focus","robots":{"index":"index","follow":"follow","max-snippet":"max-snippet:-1","max-image-preview":"max-image-preview:large","max-video-preview":"max-video-preview:-1"},"canonical":"https:\/\/fengshuifocus.com.sg\/de\/shop\/career-success\/sky-unicorn-with-spirit-essence-amulet\/","og_locale":"de_DE","og_type":"article","og_title":"Sky Unicorn with Spirit Essence Amulet","og_description":"The Sky Unicorn is part of the Lunar Constellations. It is bestowed with powerful healing energies that can transform all negatives into positives.","og_url":"https:\/\/fengshuifocus.com.sg\/de\/shop\/career-success\/sky-unicorn-with-spirit-essence-amulet\/","og_site_name":"Feng Shui Focus","article_publisher":"https:\/\/www.facebook.com\/Feng-Shui-Focus-176469115722739\/?hc_ref=ARQeIaM_dqGJoG1GyHcEnC9wqA9DE2VYU7MZosxhMrw4oVdQfkxNRxrsDKl-F7yxicA","article_modified_time":"2026-02-22T15:56:52+00:00","og_image":[{"width":1063,"height":1063,"url":"https:\/\/fengshuifocus.com.sg\/wp-content\/uploads\/2023\/12\/Period-9-Wind-Horse-Amulet-lifestyle-300x300.jpg","type":"image\/jpeg"}],"twitter_card":"summary_large_image","twitter_site":"@FengShuiFocus","twitter_misc":{"Gesch\u00e4tzte Lesezeit":"1\u00a0Minute"},"schema":{"@context":"https:\/\/schema.org","@graph":[{"@type":"WebPage","@id":"https:\/\/fengshuifocus.com.sg\/de\/shop\/career-success\/sky-unicorn-with-spirit-essence-amulet\/","url":"https:\/\/fengshuifocus.com.sg\/de\/shop\/career-success\/sky-unicorn-with-spirit-essence-amulet\/","name":"Sky Unicorn with Spirit Essence Amulet &#8212; Feng Shui Focus","isPartOf":{"@id":"https:\/\/fengshuifocus.com.sg\/de\/#website"},"primaryImageOfPage":{"@id":"https:\/\/fengshuifocus.com.sg\/de\/shop\/career-success\/sky-unicorn-with-spirit-essence-amulet\/#primaryimage"},"image":{"@id":"https:\/\/fengshuifocus.com.sg\/de\/shop\/career-success\/sky-unicorn-with-spirit-essence-amulet\/#primaryimage"},"thumbnailUrl":"https:\/\/fengshuifocus.com.sg\/wp-content\/uploads\/2023\/12\/Sky-Unicorn-w-Spirit-Essence-Amulet-front.jpg","datePublished":"2024-01-30T11:38:27+00:00","dateModified":"2026-02-22T15:56:52+00:00","description":"The Sky Unicorn is part of the Lunar Constellations. It is bestowed with powerful healing energies that can transform all negatives into positives.","breadcrumb":{"@id":"https:\/\/fengshuifocus.com.sg\/de\/shop\/career-success\/sky-unicorn-with-spirit-essence-amulet\/#breadcrumb"},"inLanguage":"de","potentialAction":[{"@type":"ReadAction","target":["https:\/\/fengshuifocus.com.sg\/de\/shop\/career-success\/sky-unicorn-with-spirit-essence-amulet\/"]}]},{"@type":"ImageObject","inLanguage":"de","@id":"https:\/\/fengshuifocus.com.sg\/de\/shop\/career-success\/sky-unicorn-with-spirit-essence-amulet\/#primaryimage","url":"https:\/\/fengshuifocus.com.sg\/wp-content\/uploads\/2023\/12\/Sky-Unicorn-w-Spirit-Essence-Amulet-front.jpg","contentUrl":"https:\/\/fengshuifocus.com.sg\/wp-content\/uploads\/2023\/12\/Sky-Unicorn-w-Spirit-Essence-Amulet-front.jpg","width":1063,"height":1063,"caption":"Sky Unicorn w Spirit Essence Amulet front"},{"@type":"BreadcrumbList","@id":"https:\/\/fengshuifocus.com.sg\/de\/shop\/career-success\/sky-unicorn-with-spirit-essence-amulet\/#breadcrumb","itemListElement":[{"@type":"ListItem","position":1,"name":"Home","item":"https:\/\/fengshuifocus.com.sg\/"},{"@type":"ListItem","position":2,"name":"Feng Shui Focus Online Shop","item":"https:\/\/fengshuifocus.com.sg\/de\/shop\/"},{"@type":"ListItem","position":3,"name":"Sky Unicorn with Spirit Essence Amulet"}]},{"@type":"WebSite","@id":"https:\/\/fengshuifocus.com.sg\/de\/#website","url":"https:\/\/fengshuifocus.com.sg\/de\/","name":"Feng Shui Focus","description":"Praktische L\u00f6sungen f\u00fcr das moderne Zuhause und B\u00fcro","potentialAction":[{"@type":"SearchAction","target":{"@type":"EntryPoint","urlTemplate":"https:\/\/fengshuifocus.com.sg\/de\/?s={search_term_string}"},"query-input":{"@type":"PropertyValueSpecification","valueRequired":true,"valueName":"search_term_string"}}],"inLanguage":"de"}]}},"post_mailing_queue_ids":[],"_links":{"self":[{"href":"https:\/\/fengshuifocus.com.sg\/de\/wp-json\/wp\/v2\/product\/12169","targetHints":{"allow":["GET"]}}],"collection":[{"href":"https:\/\/fengshuifocus.com.sg\/de\/wp-json\/wp\/v2\/product"}],"about":[{"href":"https:\/\/fengshuifocus.com.sg\/de\/wp-json\/wp\/v2\/types\/product"}],"wp:featuredmedia":[{"embeddable":true,"href":"https:\/\/fengshuifocus.com.sg\/de\/wp-json\/wp\/v2\/media\/12171"}],"wp:attachment":[{"href":"https:\/\/fengshuifocus.com.sg\/de\/wp-json\/wp\/v2\/media?parent=12169"}],"wp:term":[{"taxonomy":"product_brand","embeddable":true,"href":"https:\/\/fengshuifocus.com.sg\/de\/wp-json\/wp\/v2\/product_brand?post=12169"},{"taxonomy":"product_cat","embeddable":true,"href":"https:\/\/fengshuifocus.com.sg\/de\/wp-json\/wp\/v2\/product_cat?post=12169"},{"taxonomy":"product_tag","embeddable":true,"href":"https:\/\/fengshuifocus.com.sg\/de\/wp-json\/wp\/v2\/product_tag?post=12169"}],"curies":[{"name":"wp","href":"https:\/\/api.w.org\/{rel}","templated":true}]}}