{"id":12173,"date":"2024-01-29T12:41:44","date_gmt":"2024-01-29T11:41:44","guid":{"rendered":"https:\/\/fengshuifocus.com.sg\/?post_type=product&#038;p=12173"},"modified":"2025-11-17T16:30:28","modified_gmt":"2025-11-17T15:30:28","slug":"hamsa-hand-life-force-amulet","status":"publish","type":"product","link":"https:\/\/fengshuifocus.com.sg\/de\/shop\/career-success\/hamsa-hand-life-force-amulet\/","title":{"rendered":"Hamsa Hand Life Force Amulet"},"content":{"rendered":"<p>The Hamsa Hand is an ancient and very powerful symbol of protection against the evil eye. It also represents the awarding of many blessings, power and strength.<\/p>\n<p>One side of this beautifully crafted amulet features the 7 chakras \u2013 the root, sacral, solar plexus, heart, throat, third eye and crown chakras. On the other side you will see the Life Force amulet, which will help keep negative energies at bay and improve your lung ta (success luck).<\/p>\n<p>It is important to keep your life force high, especially when you find yourself going through trying times. A low level of life force is often the cause of a sudden lack in confidence, energy and vitality. \u00a0Life force is one of the most important indicators of your personal luck and when it is low, you need to make an effort to increase it.<\/p>\n<p>The following animal signs have low life force this year: Rat and Pig.<\/p>\n<p>Snake and Horse have neutral life force, so they ought to strengthen it too.<\/p>\n<p>Carrying this powerful amulet will protect you from the jealousy of others, and help you increase your confidence, positivity, strength and perseverance to keep your goals and aspirations in sight.<span class=\"\" style=\"display:block;clear:both;height: 0px;padding-top: 20px;border-top-width:0px;border-bottom-width:0px;\"><\/span>\n<p><strong>In 2025 particularly recommended for the following: <\/strong><\/p>\n<ul>\n<li><strong>People born in the Years of the Tiger and the Rabbit, because their life force is neutral and could do with a boost. <\/strong><\/li>\n<li><strong>The Snake, Horse, Monkey and Rooster, because their Life Force is very weak and needs strengthening.<\/strong><span class=\"\" style=\"display:block;clear:both;height: 0px;padding-top: 20px;border-top-width:0px;border-bottom-width:0px;\"><\/span><\/li>\n<\/ul>\n<p>Measurements:\u00a0 \u00a0 \u00a0 \u00a0 \u00a0 approx. H 5.5cm x W 4.5cm without chain.<\/p>\n<span class=\"\" style=\"display:block;clear:both;height: 0px;padding-top: 20px;border-top-width:0px;border-bottom-width:0px;\"><\/span>\n","protected":false},"excerpt":{"rendered":"<p>The Hamsa Hand is an ancient and very powerful symbol of protection against the evil eye. It also represents the awarding of many blessings, power and strength.<\/p>\n<p>One side of this beautifully crafted amulet features the 7 chakras \u2013 the root, sacral, solar plexus, heart, throat, third eye and crown chakras. On the other side you will see the Life Force amulet, which will help keep negative energies at bay and improve your lung ta (success luck).<\/p>\n<p>It is important to keep your life force high, especially when you find yourself going through trying times. A low level of life force is often the cause of a sudden lack in confidence, energy and vitality. \u00a0Life force is one of the most important indicators of your personal luck and when it is low, you need to make an effort to increase it.<\/p>\n[spacer height=\"20px\"]\n","protected":false},"featured_media":12175,"template":"","meta":{"kt_blocks_editor_width":"","_monsterinsights_skip_tracking":false,"_monsterinsights_sitenote_active":false,"_monsterinsights_sitenote_note":"","_monsterinsights_sitenote_category":0},"product_brand":[],"product_cat":[376,377],"product_tag":[404,464,466,604,700,465,411,462,463,503,415,410],"class_list":{"0":"post-12173","1":"product","2":"type-product","3":"status-publish","4":"has-post-thumbnail","6":"product_cat-career-success","7":"product_cat-protection","8":"product_tag-amulet","9":"product_tag-chakras","10":"product_tag-confidence","11":"product_tag-goals","12":"product_tag-hamsa-hand","13":"product_tag-inner-strength","14":"product_tag-keychain","15":"product_tag-life-force","16":"product_tag-perseverance","17":"product_tag-protection","18":"product_tag-strength","19":"product_tag-success","21":"first","22":"instock","23":"shipping-taxable","24":"purchasable","25":"product-type-simple"},"translation":{"provider":"WPGlobus","version":"3.0.0","language":"de","enabled_languages":["en","de"],"languages":{"en":{"title":true,"content":true,"excerpt":true},"de":{"title":false,"content":false,"excerpt":false}}},"yoast_head":"<!-- This site is optimized with the Yoast SEO plugin v26.4 - https:\/\/yoast.com\/wordpress\/plugins\/seo\/ -->\n<title>Hamsa Hand Life Force Amulet &#8212; Feng Shui Focus<\/title>\n<meta name=\"robots\" content=\"index, follow, max-snippet:-1, max-image-preview:large, max-video-preview:-1\" \/>\n<link rel=\"canonical\" href=\"http:\/\/fengshuifocus.com.sg\/shop\/career-success\/hamsa-hand-life-force-amulet\/\" \/>\n<meta property=\"og:locale\" content=\"de_DE\" \/>\n<meta property=\"og:type\" content=\"article\" \/>\n<meta property=\"og:title\" content=\"Hamsa Hand Life Force Amulet\" \/>\n<meta property=\"og:description\" content=\"The Hamsa Hand is an ancient and very powerful symbol of protection against the evil eye. It also represents the awarding of many blessings, power and strength.\" \/>\n<meta property=\"og:url\" content=\"http:\/\/fengshuifocus.com.sg\/shop\/career-success\/hamsa-hand-life-force-amulet\/\" \/>\n<meta property=\"og:site_name\" content=\"Feng Shui Focus\" \/>\n<meta property=\"article:publisher\" content=\"https:\/\/www.facebook.com\/Feng-Shui-Focus-176469115722739\/?hc_ref=ARQeIaM_dqGJoG1GyHcEnC9wqA9DE2VYU7MZosxhMrw4oVdQfkxNRxrsDKl-F7yxicA\" \/>\n<meta property=\"article:modified_time\" content=\"2025-11-17T15:30:28+00:00\" \/>\n<meta property=\"og:image\" content=\"https:\/\/fengshuifocus.com.sg\/wp-content\/uploads\/2023\/12\/Period-9-Wind-Horse-Amulet-lifestyle-300x300.jpg\" \/>\n\t<meta property=\"og:image:width\" content=\"1063\" \/>\n\t<meta property=\"og:image:height\" content=\"1063\" \/>\n\t<meta property=\"og:image:type\" content=\"image\/jpeg\" \/>\n<meta name=\"twitter:card\" content=\"summary_large_image\" \/>\n<meta name=\"twitter:site\" content=\"@FengShuiFocus\" \/>\n<meta name=\"twitter:label1\" content=\"Gesch\u00e4tzte Lesezeit\" \/>\n\t<meta name=\"twitter:data1\" content=\"2\u00a0Minuten\" \/>\n<script type=\"application\/ld+json\" class=\"yoast-schema-graph\">{\"@context\":\"https:\/\/schema.org\",\"@graph\":[{\"@type\":\"WebPage\",\"@id\":\"http:\/\/fengshuifocus.com.sg\/shop\/career-success\/hamsa-hand-life-force-amulet\/\",\"url\":\"http:\/\/fengshuifocus.com.sg\/shop\/career-success\/hamsa-hand-life-force-amulet\/\",\"name\":\"Hamsa Hand Life Force Amulet &#8212; Feng Shui Focus\",\"isPartOf\":{\"@id\":\"https:\/\/fengshuifocus.com.sg\/de\/#website\"},\"primaryImageOfPage\":{\"@id\":\"http:\/\/fengshuifocus.com.sg\/shop\/career-success\/hamsa-hand-life-force-amulet\/#primaryimage\"},\"image\":{\"@id\":\"http:\/\/fengshuifocus.com.sg\/shop\/career-success\/hamsa-hand-life-force-amulet\/#primaryimage\"},\"thumbnailUrl\":\"https:\/\/fengshuifocus.com.sg\/wp-content\/uploads\/2023\/12\/Hamsa-Hand-Life-Force-Amulet-front.jpg\",\"datePublished\":\"2024-01-29T11:41:44+00:00\",\"dateModified\":\"2025-11-17T15:30:28+00:00\",\"description\":\"The Hamsa Hand is an ancient and very powerful symbol of protection against the evil eye. It also represents the awarding of many blessings\",\"breadcrumb\":{\"@id\":\"http:\/\/fengshuifocus.com.sg\/shop\/career-success\/hamsa-hand-life-force-amulet\/#breadcrumb\"},\"inLanguage\":\"de\",\"potentialAction\":[{\"@type\":\"ReadAction\",\"target\":[\"http:\/\/fengshuifocus.com.sg\/shop\/career-success\/hamsa-hand-life-force-amulet\/\"]}]},{\"@type\":\"ImageObject\",\"inLanguage\":\"de\",\"@id\":\"http:\/\/fengshuifocus.com.sg\/shop\/career-success\/hamsa-hand-life-force-amulet\/#primaryimage\",\"url\":\"https:\/\/fengshuifocus.com.sg\/wp-content\/uploads\/2023\/12\/Hamsa-Hand-Life-Force-Amulet-front.jpg\",\"contentUrl\":\"https:\/\/fengshuifocus.com.sg\/wp-content\/uploads\/2023\/12\/Hamsa-Hand-Life-Force-Amulet-front.jpg\",\"width\":945,\"height\":945,\"caption\":\"Hamsa Hand Life Force Amulet front\"},{\"@type\":\"BreadcrumbList\",\"@id\":\"http:\/\/fengshuifocus.com.sg\/shop\/career-success\/hamsa-hand-life-force-amulet\/#breadcrumb\",\"itemListElement\":[{\"@type\":\"ListItem\",\"position\":1,\"name\":\"Home\",\"item\":\"https:\/\/fengshuifocus.com.sg\/\"},{\"@type\":\"ListItem\",\"position\":2,\"name\":\"Feng Shui Focus Online Shop\",\"item\":\"https:\/\/fengshuifocus.com.sg\/de\/shop\/\"},{\"@type\":\"ListItem\",\"position\":3,\"name\":\"Hamsa Hand Life Force Amulet\"}]},{\"@type\":\"WebSite\",\"@id\":\"https:\/\/fengshuifocus.com.sg\/de\/#website\",\"url\":\"https:\/\/fengshuifocus.com.sg\/de\/\",\"name\":\"Feng Shui Focus\",\"description\":\"Praktische L\u00f6sungen f\u00fcr das moderne Zuhause und B\u00fcro\",\"potentialAction\":[{\"@type\":\"SearchAction\",\"target\":{\"@type\":\"EntryPoint\",\"urlTemplate\":\"https:\/\/fengshuifocus.com.sg\/de\/?s={search_term_string}\"},\"query-input\":{\"@type\":\"PropertyValueSpecification\",\"valueRequired\":true,\"valueName\":\"search_term_string\"}}],\"inLanguage\":\"de\"}]}<\/script>\n<!-- \/ Yoast SEO plugin. -->","yoast_head_json":{"title":"Hamsa Hand Life Force Amulet &#8212; Feng Shui Focus","robots":{"index":"index","follow":"follow","max-snippet":"max-snippet:-1","max-image-preview":"max-image-preview:large","max-video-preview":"max-video-preview:-1"},"canonical":"http:\/\/fengshuifocus.com.sg\/shop\/career-success\/hamsa-hand-life-force-amulet\/","og_locale":"de_DE","og_type":"article","og_title":"Hamsa Hand Life Force Amulet","og_description":"The Hamsa Hand is an ancient and very powerful symbol of protection against the evil eye. It also represents the awarding of many blessings, power and strength.","og_url":"http:\/\/fengshuifocus.com.sg\/shop\/career-success\/hamsa-hand-life-force-amulet\/","og_site_name":"Feng Shui Focus","article_publisher":"https:\/\/www.facebook.com\/Feng-Shui-Focus-176469115722739\/?hc_ref=ARQeIaM_dqGJoG1GyHcEnC9wqA9DE2VYU7MZosxhMrw4oVdQfkxNRxrsDKl-F7yxicA","article_modified_time":"2025-11-17T15:30:28+00:00","og_image":[{"width":1063,"height":1063,"url":"https:\/\/fengshuifocus.com.sg\/wp-content\/uploads\/2023\/12\/Period-9-Wind-Horse-Amulet-lifestyle-300x300.jpg","type":"image\/jpeg"}],"twitter_card":"summary_large_image","twitter_site":"@FengShuiFocus","twitter_misc":{"Gesch\u00e4tzte Lesezeit":"2\u00a0Minuten"},"schema":{"@context":"https:\/\/schema.org","@graph":[{"@type":"WebPage","@id":"http:\/\/fengshuifocus.com.sg\/shop\/career-success\/hamsa-hand-life-force-amulet\/","url":"http:\/\/fengshuifocus.com.sg\/shop\/career-success\/hamsa-hand-life-force-amulet\/","name":"Hamsa Hand Life Force Amulet &#8212; Feng Shui Focus","isPartOf":{"@id":"https:\/\/fengshuifocus.com.sg\/de\/#website"},"primaryImageOfPage":{"@id":"http:\/\/fengshuifocus.com.sg\/shop\/career-success\/hamsa-hand-life-force-amulet\/#primaryimage"},"image":{"@id":"http:\/\/fengshuifocus.com.sg\/shop\/career-success\/hamsa-hand-life-force-amulet\/#primaryimage"},"thumbnailUrl":"https:\/\/fengshuifocus.com.sg\/wp-content\/uploads\/2023\/12\/Hamsa-Hand-Life-Force-Amulet-front.jpg","datePublished":"2024-01-29T11:41:44+00:00","dateModified":"2025-11-17T15:30:28+00:00","description":"The Hamsa Hand is an ancient and very powerful symbol of protection against the evil eye. It also represents the awarding of many blessings","breadcrumb":{"@id":"http:\/\/fengshuifocus.com.sg\/shop\/career-success\/hamsa-hand-life-force-amulet\/#breadcrumb"},"inLanguage":"de","potentialAction":[{"@type":"ReadAction","target":["http:\/\/fengshuifocus.com.sg\/shop\/career-success\/hamsa-hand-life-force-amulet\/"]}]},{"@type":"ImageObject","inLanguage":"de","@id":"http:\/\/fengshuifocus.com.sg\/shop\/career-success\/hamsa-hand-life-force-amulet\/#primaryimage","url":"https:\/\/fengshuifocus.com.sg\/wp-content\/uploads\/2023\/12\/Hamsa-Hand-Life-Force-Amulet-front.jpg","contentUrl":"https:\/\/fengshuifocus.com.sg\/wp-content\/uploads\/2023\/12\/Hamsa-Hand-Life-Force-Amulet-front.jpg","width":945,"height":945,"caption":"Hamsa Hand Life Force Amulet front"},{"@type":"BreadcrumbList","@id":"http:\/\/fengshuifocus.com.sg\/shop\/career-success\/hamsa-hand-life-force-amulet\/#breadcrumb","itemListElement":[{"@type":"ListItem","position":1,"name":"Home","item":"https:\/\/fengshuifocus.com.sg\/"},{"@type":"ListItem","position":2,"name":"Feng Shui Focus Online Shop","item":"https:\/\/fengshuifocus.com.sg\/de\/shop\/"},{"@type":"ListItem","position":3,"name":"Hamsa Hand Life Force Amulet"}]},{"@type":"WebSite","@id":"https:\/\/fengshuifocus.com.sg\/de\/#website","url":"https:\/\/fengshuifocus.com.sg\/de\/","name":"Feng Shui Focus","description":"Praktische L\u00f6sungen f\u00fcr das moderne Zuhause und B\u00fcro","potentialAction":[{"@type":"SearchAction","target":{"@type":"EntryPoint","urlTemplate":"https:\/\/fengshuifocus.com.sg\/de\/?s={search_term_string}"},"query-input":{"@type":"PropertyValueSpecification","valueRequired":true,"valueName":"search_term_string"}}],"inLanguage":"de"}]}},"post_mailing_queue_ids":[],"_links":{"self":[{"href":"https:\/\/fengshuifocus.com.sg\/de\/wp-json\/wp\/v2\/product\/12173","targetHints":{"allow":["GET"]}}],"collection":[{"href":"https:\/\/fengshuifocus.com.sg\/de\/wp-json\/wp\/v2\/product"}],"about":[{"href":"https:\/\/fengshuifocus.com.sg\/de\/wp-json\/wp\/v2\/types\/product"}],"wp:featuredmedia":[{"embeddable":true,"href":"https:\/\/fengshuifocus.com.sg\/de\/wp-json\/wp\/v2\/media\/12175"}],"wp:attachment":[{"href":"https:\/\/fengshuifocus.com.sg\/de\/wp-json\/wp\/v2\/media?parent=12173"}],"wp:term":[{"taxonomy":"product_brand","embeddable":true,"href":"https:\/\/fengshuifocus.com.sg\/de\/wp-json\/wp\/v2\/product_brand?post=12173"},{"taxonomy":"product_cat","embeddable":true,"href":"https:\/\/fengshuifocus.com.sg\/de\/wp-json\/wp\/v2\/product_cat?post=12173"},{"taxonomy":"product_tag","embeddable":true,"href":"https:\/\/fengshuifocus.com.sg\/de\/wp-json\/wp\/v2\/product_tag?post=12173"}],"curies":[{"name":"wp","href":"https:\/\/api.w.org\/{rel}","templated":true}]}}