{"id":12314,"date":"2023-12-29T01:21:29","date_gmt":"2023-12-29T00:21:29","guid":{"rendered":"https:\/\/fengshuifocus.com.sg\/?post_type=product&#038;p=12314"},"modified":"2025-12-16T17:08:50","modified_gmt":"2025-12-16T16:08:50","slug":"secret-friends-amulet-sheep-horse","status":"publish","type":"product","link":"https:\/\/fengshuifocus.com.sg\/de\/shop\/career-success\/secret-friends-amulet-sheep-horse\/","title":{"rendered":"Secret Friends Amulet (Sheep &#038; Horse)"},"content":{"rendered":"<p>According to Feng Shui wisdom, each zodiac animal has one secret friend and activating your secret friend will boost friendship, benefactor and networking luck. Something that is very important and useful in so many situations!<\/p>\n<p>Carrying your Secret Friend amulet is the easiest way to activate this type of luck. It will help attract the \u201cright\u201d kind of people into our life, who will help you when needed and lift you up.<\/p>\n<p>There are six amulets in total, featuring the six pairs of astrological Secret Friends. Simply choose the amulet that features your own animal sign, and the second sign featured will be you Secret Friend.<\/p>\n<p>It is also a wonderful amulet to enhance the No 4 Relationship Star and the No 6 Heaven Star.<\/p>\n<p>The back of each amulet shows the powerful Dakini Popularity Amulet.<\/p>\n<p><strong>Everybody will benefit from carrying their Secret Friends amulet to ensure there is always someone who has their back. <\/strong><\/p>\n<span class=\"\" style=\"display:block;clear:both;height: 0px;padding-top: 20px;border-top-width:0px;border-bottom-width:0px;\"><\/span>\n<p>Measurements: approx. H 4.5cm x W 4.5cm without chain.<\/p>\n<span class=\"\" style=\"display:block;clear:both;height: 0px;padding-top: 20px;border-top-width:0px;border-bottom-width:0px;\"><\/span>\n","protected":false},"excerpt":{"rendered":"<p>According to Feng Shui wisdom, each zodiac animal has one secret friend and activating your secret friend will boost friendship, benefactor and networking luck. Something that is very important and useful in so many situations!<\/p>\n<p>Carrying your Secret Friend amulet is the easiest way to activate this type of luck. It will help attract the \u201cright\u201d kind of people into our life, who will help you when needed and lift you up.<\/p>\n[spacer height=\"20px\"]\n","protected":false},"featured_media":12316,"template":"","meta":{"kt_blocks_editor_width":"","_monsterinsights_skip_tracking":false,"_monsterinsights_sitenote_active":false,"_monsterinsights_sitenote_note":"","_monsterinsights_sitenote_category":0},"product_brand":[],"product_cat":[376],"product_tag":[404,713,626],"class_list":{"0":"post-12314","1":"product","2":"type-product","3":"status-publish","4":"has-post-thumbnail","6":"product_cat-career-success","7":"product_tag-amulet","8":"product_tag-rabbit","9":"product_tag-sheep","11":"first","12":"instock","13":"shipping-taxable","14":"purchasable","15":"product-type-simple"},"translation":{"provider":"WPGlobus","version":"3.0.0","language":"de","enabled_languages":["en","de"],"languages":{"en":{"title":true,"content":true,"excerpt":true},"de":{"title":false,"content":false,"excerpt":false}}},"yoast_head":"<!-- This site is optimized with the Yoast SEO plugin v26.4 - https:\/\/yoast.com\/wordpress\/plugins\/seo\/ -->\n<title>Secret Friends Amulet (Sheep &amp; Horse) &#8212; Feng Shui Focus<\/title>\n<meta name=\"robots\" content=\"index, follow, max-snippet:-1, max-image-preview:large, max-video-preview:-1\" \/>\n<link rel=\"canonical\" href=\"http:\/\/fengshuifocus.com.sg\/de\/shop\/career-success\/secret-friends-amulet-sheep-horse\/\" \/>\n<meta property=\"og:locale\" content=\"de_DE\" \/>\n<meta property=\"og:type\" content=\"article\" \/>\n<meta property=\"og:title\" content=\"Secret Friends Amulet (Sheep &amp; Horse)\" \/>\n<meta property=\"og:description\" content=\"According to Feng Shui wisdom, each zodiac animal has one secret friend and activating your secret friend will boost friendship, benefactor and networking luck.\" \/>\n<meta property=\"og:url\" content=\"http:\/\/fengshuifocus.com.sg\/de\/shop\/career-success\/secret-friends-amulet-sheep-horse\/\" \/>\n<meta property=\"og:site_name\" content=\"Feng Shui Focus\" \/>\n<meta property=\"article:publisher\" content=\"https:\/\/www.facebook.com\/Feng-Shui-Focus-176469115722739\/?hc_ref=ARQeIaM_dqGJoG1GyHcEnC9wqA9DE2VYU7MZosxhMrw4oVdQfkxNRxrsDKl-F7yxicA\" \/>\n<meta property=\"article:modified_time\" content=\"2025-12-16T16:08:50+00:00\" \/>\n<meta property=\"og:image\" content=\"https:\/\/fengshuifocus.com.sg\/wp-content\/uploads\/2023\/12\/9-Dragon-Plaque-in-Royal-Blue-Lifestyle-300x300.jpg\" \/>\n\t<meta property=\"og:image:width\" content=\"1181\" \/>\n\t<meta property=\"og:image:height\" content=\"1181\" \/>\n\t<meta property=\"og:image:type\" content=\"image\/jpeg\" \/>\n<meta name=\"twitter:card\" content=\"summary_large_image\" \/>\n<meta name=\"twitter:site\" content=\"@FengShuiFocus\" \/>\n<meta name=\"twitter:label1\" content=\"Gesch\u00e4tzte Lesezeit\" \/>\n\t<meta name=\"twitter:data1\" content=\"1\u00a0Minute\" \/>\n<script type=\"application\/ld+json\" class=\"yoast-schema-graph\">{\"@context\":\"https:\/\/schema.org\",\"@graph\":[{\"@type\":\"WebPage\",\"@id\":\"http:\/\/fengshuifocus.com.sg\/de\/shop\/career-success\/secret-friends-amulet-sheep-horse\/\",\"url\":\"http:\/\/fengshuifocus.com.sg\/de\/shop\/career-success\/secret-friends-amulet-sheep-horse\/\",\"name\":\"Secret Friends Amulet (Sheep & Horse) &#8212; Feng Shui Focus\",\"isPartOf\":{\"@id\":\"https:\/\/fengshuifocus.com.sg\/de\/#website\"},\"primaryImageOfPage\":{\"@id\":\"http:\/\/fengshuifocus.com.sg\/de\/shop\/career-success\/secret-friends-amulet-sheep-horse\/#primaryimage\"},\"image\":{\"@id\":\"http:\/\/fengshuifocus.com.sg\/de\/shop\/career-success\/secret-friends-amulet-sheep-horse\/#primaryimage\"},\"thumbnailUrl\":\"https:\/\/fengshuifocus.com.sg\/wp-content\/uploads\/2023\/12\/Secret-Friends-Amulet-Sheep-Horse-front.jpg\",\"datePublished\":\"2023-12-29T00:21:29+00:00\",\"dateModified\":\"2025-12-16T16:08:50+00:00\",\"description\":\"According to Feng Shui wisdom, each zodiac animal has one secret friend and activating your secret friend will boost friendship, benefactor and networking luck.\",\"breadcrumb\":{\"@id\":\"http:\/\/fengshuifocus.com.sg\/de\/shop\/career-success\/secret-friends-amulet-sheep-horse\/#breadcrumb\"},\"inLanguage\":\"de\",\"potentialAction\":[{\"@type\":\"ReadAction\",\"target\":[\"http:\/\/fengshuifocus.com.sg\/de\/shop\/career-success\/secret-friends-amulet-sheep-horse\/\"]}]},{\"@type\":\"ImageObject\",\"inLanguage\":\"de\",\"@id\":\"http:\/\/fengshuifocus.com.sg\/de\/shop\/career-success\/secret-friends-amulet-sheep-horse\/#primaryimage\",\"url\":\"https:\/\/fengshuifocus.com.sg\/wp-content\/uploads\/2023\/12\/Secret-Friends-Amulet-Sheep-Horse-front.jpg\",\"contentUrl\":\"https:\/\/fengshuifocus.com.sg\/wp-content\/uploads\/2023\/12\/Secret-Friends-Amulet-Sheep-Horse-front.jpg\",\"width\":1772,\"height\":1772},{\"@type\":\"BreadcrumbList\",\"@id\":\"http:\/\/fengshuifocus.com.sg\/de\/shop\/career-success\/secret-friends-amulet-sheep-horse\/#breadcrumb\",\"itemListElement\":[{\"@type\":\"ListItem\",\"position\":1,\"name\":\"Home\",\"item\":\"https:\/\/fengshuifocus.com.sg\/\"},{\"@type\":\"ListItem\",\"position\":2,\"name\":\"Feng Shui Focus Online Shop\",\"item\":\"https:\/\/fengshuifocus.com.sg\/de\/shop\/\"},{\"@type\":\"ListItem\",\"position\":3,\"name\":\"Secret Friends Amulet (Sheep &#038; Horse)\"}]},{\"@type\":\"WebSite\",\"@id\":\"https:\/\/fengshuifocus.com.sg\/de\/#website\",\"url\":\"https:\/\/fengshuifocus.com.sg\/de\/\",\"name\":\"Feng Shui Focus\",\"description\":\"Praktische L\u00f6sungen f\u00fcr das moderne Zuhause und B\u00fcro\",\"potentialAction\":[{\"@type\":\"SearchAction\",\"target\":{\"@type\":\"EntryPoint\",\"urlTemplate\":\"https:\/\/fengshuifocus.com.sg\/de\/?s={search_term_string}\"},\"query-input\":{\"@type\":\"PropertyValueSpecification\",\"valueRequired\":true,\"valueName\":\"search_term_string\"}}],\"inLanguage\":\"de\"}]}<\/script>\n<!-- \/ Yoast SEO plugin. -->","yoast_head_json":{"title":"Secret Friends Amulet (Sheep & Horse) &#8212; Feng Shui Focus","robots":{"index":"index","follow":"follow","max-snippet":"max-snippet:-1","max-image-preview":"max-image-preview:large","max-video-preview":"max-video-preview:-1"},"canonical":"http:\/\/fengshuifocus.com.sg\/de\/shop\/career-success\/secret-friends-amulet-sheep-horse\/","og_locale":"de_DE","og_type":"article","og_title":"Secret Friends Amulet (Sheep & Horse)","og_description":"According to Feng Shui wisdom, each zodiac animal has one secret friend and activating your secret friend will boost friendship, benefactor and networking luck.","og_url":"http:\/\/fengshuifocus.com.sg\/de\/shop\/career-success\/secret-friends-amulet-sheep-horse\/","og_site_name":"Feng Shui Focus","article_publisher":"https:\/\/www.facebook.com\/Feng-Shui-Focus-176469115722739\/?hc_ref=ARQeIaM_dqGJoG1GyHcEnC9wqA9DE2VYU7MZosxhMrw4oVdQfkxNRxrsDKl-F7yxicA","article_modified_time":"2025-12-16T16:08:50+00:00","og_image":[{"width":1181,"height":1181,"url":"https:\/\/fengshuifocus.com.sg\/wp-content\/uploads\/2023\/12\/9-Dragon-Plaque-in-Royal-Blue-Lifestyle-300x300.jpg","type":"image\/jpeg"}],"twitter_card":"summary_large_image","twitter_site":"@FengShuiFocus","twitter_misc":{"Gesch\u00e4tzte Lesezeit":"1\u00a0Minute"},"schema":{"@context":"https:\/\/schema.org","@graph":[{"@type":"WebPage","@id":"http:\/\/fengshuifocus.com.sg\/de\/shop\/career-success\/secret-friends-amulet-sheep-horse\/","url":"http:\/\/fengshuifocus.com.sg\/de\/shop\/career-success\/secret-friends-amulet-sheep-horse\/","name":"Secret Friends Amulet (Sheep & Horse) &#8212; Feng Shui Focus","isPartOf":{"@id":"https:\/\/fengshuifocus.com.sg\/de\/#website"},"primaryImageOfPage":{"@id":"http:\/\/fengshuifocus.com.sg\/de\/shop\/career-success\/secret-friends-amulet-sheep-horse\/#primaryimage"},"image":{"@id":"http:\/\/fengshuifocus.com.sg\/de\/shop\/career-success\/secret-friends-amulet-sheep-horse\/#primaryimage"},"thumbnailUrl":"https:\/\/fengshuifocus.com.sg\/wp-content\/uploads\/2023\/12\/Secret-Friends-Amulet-Sheep-Horse-front.jpg","datePublished":"2023-12-29T00:21:29+00:00","dateModified":"2025-12-16T16:08:50+00:00","description":"According to Feng Shui wisdom, each zodiac animal has one secret friend and activating your secret friend will boost friendship, benefactor and networking luck.","breadcrumb":{"@id":"http:\/\/fengshuifocus.com.sg\/de\/shop\/career-success\/secret-friends-amulet-sheep-horse\/#breadcrumb"},"inLanguage":"de","potentialAction":[{"@type":"ReadAction","target":["http:\/\/fengshuifocus.com.sg\/de\/shop\/career-success\/secret-friends-amulet-sheep-horse\/"]}]},{"@type":"ImageObject","inLanguage":"de","@id":"http:\/\/fengshuifocus.com.sg\/de\/shop\/career-success\/secret-friends-amulet-sheep-horse\/#primaryimage","url":"https:\/\/fengshuifocus.com.sg\/wp-content\/uploads\/2023\/12\/Secret-Friends-Amulet-Sheep-Horse-front.jpg","contentUrl":"https:\/\/fengshuifocus.com.sg\/wp-content\/uploads\/2023\/12\/Secret-Friends-Amulet-Sheep-Horse-front.jpg","width":1772,"height":1772},{"@type":"BreadcrumbList","@id":"http:\/\/fengshuifocus.com.sg\/de\/shop\/career-success\/secret-friends-amulet-sheep-horse\/#breadcrumb","itemListElement":[{"@type":"ListItem","position":1,"name":"Home","item":"https:\/\/fengshuifocus.com.sg\/"},{"@type":"ListItem","position":2,"name":"Feng Shui Focus Online Shop","item":"https:\/\/fengshuifocus.com.sg\/de\/shop\/"},{"@type":"ListItem","position":3,"name":"Secret Friends Amulet (Sheep &#038; Horse)"}]},{"@type":"WebSite","@id":"https:\/\/fengshuifocus.com.sg\/de\/#website","url":"https:\/\/fengshuifocus.com.sg\/de\/","name":"Feng Shui Focus","description":"Praktische L\u00f6sungen f\u00fcr das moderne Zuhause und B\u00fcro","potentialAction":[{"@type":"SearchAction","target":{"@type":"EntryPoint","urlTemplate":"https:\/\/fengshuifocus.com.sg\/de\/?s={search_term_string}"},"query-input":{"@type":"PropertyValueSpecification","valueRequired":true,"valueName":"search_term_string"}}],"inLanguage":"de"}]}},"post_mailing_queue_ids":[],"_links":{"self":[{"href":"https:\/\/fengshuifocus.com.sg\/de\/wp-json\/wp\/v2\/product\/12314","targetHints":{"allow":["GET"]}}],"collection":[{"href":"https:\/\/fengshuifocus.com.sg\/de\/wp-json\/wp\/v2\/product"}],"about":[{"href":"https:\/\/fengshuifocus.com.sg\/de\/wp-json\/wp\/v2\/types\/product"}],"wp:featuredmedia":[{"embeddable":true,"href":"https:\/\/fengshuifocus.com.sg\/de\/wp-json\/wp\/v2\/media\/12316"}],"wp:attachment":[{"href":"https:\/\/fengshuifocus.com.sg\/de\/wp-json\/wp\/v2\/media?parent=12314"}],"wp:term":[{"taxonomy":"product_brand","embeddable":true,"href":"https:\/\/fengshuifocus.com.sg\/de\/wp-json\/wp\/v2\/product_brand?post=12314"},{"taxonomy":"product_cat","embeddable":true,"href":"https:\/\/fengshuifocus.com.sg\/de\/wp-json\/wp\/v2\/product_cat?post=12314"},{"taxonomy":"product_tag","embeddable":true,"href":"https:\/\/fengshuifocus.com.sg\/de\/wp-json\/wp\/v2\/product_tag?post=12314"}],"curies":[{"name":"wp","href":"https:\/\/api.w.org\/{rel}","templated":true}]}}