{"id":12665,"date":"2024-08-01T23:52:36","date_gmt":"2024-08-01T21:52:36","guid":{"rendered":"https:\/\/fengshuifocus.com.sg\/?post_type=product&#038;p=12665"},"modified":"2025-12-20T03:12:10","modified_gmt":"2025-12-20T02:12:10","slug":"peace-hanging-with-tassel","status":"publish","type":"product","link":"https:\/\/fengshuifocus.com.sg\/de\/shop\/protection\/peace-hanging-with-tassel\/","title":{"rendered":"Peace Hanging with Tassel"},"content":{"rendered":"<p>To curb the unpleasant energy of the No 3 Conflict Star, I have sourced this beautiful Peace Hanging, which makes an ideal cure.<\/p>\n<p>The bi-coloured glass ornament features the Chinese character for \u201cPeace\u201d on the front, calmly spreading peaceful vibes. Two dragons surround the Peace symbol. The back of the ornament is enhanced with the Chinese character \u201cFu\u201d, bringing happiness and additional blessings and good fortune.<\/p>\n<p>Each Peace Hanging is adorned with tassels and a loop for easy hanging. Colour options are red or yellow.<\/p>\n<p><strong>In 2026, the Peace Hanging with Tassel is perfect in the WEST sector of your home or office, to help keep the peace. <\/strong><\/p>\n<span class=\"\" style=\"display:block;clear:both;height: 0px;padding-top: 20px;border-top-width:0px;border-bottom-width:0px;\"><\/span>\n<p>Measurements: \u00a0\u00a0 Diameter approx. 6.4cm<\/p>\n<p>Length incl. loop and tassel approx. 35cm<\/p>\n<span class=\"\" style=\"display:block;clear:both;height: 0px;padding-top: 20px;border-top-width:0px;border-bottom-width:0px;\"><\/span>\n","protected":false},"excerpt":{"rendered":"<p>To curb the unpleasant energy of the No 3 Conflict Star, I have sourced this beautiful Peace Hanging, which makes an ideal cure.<\/p>\n<p>The bi-coloured glass ornament features the Chinese character for \u201cPeace\u201d on the front, calmly spreading peaceful vibes. Two dragons surround the Peace symbol. The back of the ornament is enhanced with the Chinese character \u201cFu\u201d, bringing happiness and additional blessings and good fortune.<\/p>\n[spacer height=\"20px\"]\n","protected":false},"featured_media":13680,"template":"","meta":{"kt_blocks_editor_width":"","_monsterinsights_skip_tracking":false,"_monsterinsights_sitenote_active":false,"_monsterinsights_sitenote_note":"","_monsterinsights_sitenote_category":0},"product_brand":[],"product_cat":[378,377],"product_tag":[382,512],"class_list":{"0":"post-12665","1":"product","2":"type-product","3":"status-publish","4":"has-post-thumbnail","6":"product_cat-feng-shui-home","7":"product_cat-protection","8":"product_tag-dragon","9":"product_tag-peace","11":"first","12":"instock","13":"shipping-taxable","14":"purchasable","15":"product-type-simple"},"translation":{"provider":"WPGlobus","version":"3.0.0","language":"de","enabled_languages":["en","de"],"languages":{"en":{"title":true,"content":true,"excerpt":true},"de":{"title":false,"content":false,"excerpt":false}}},"yoast_head":"<!-- This site is optimized with the Yoast SEO plugin v26.4 - https:\/\/yoast.com\/wordpress\/plugins\/seo\/ -->\n<title>Peace Hanging with Tassel &#8212; Feng Shui Focus<\/title>\n<meta name=\"robots\" content=\"index, follow, max-snippet:-1, max-image-preview:large, max-video-preview:-1\" \/>\n<link rel=\"canonical\" href=\"https:\/\/fengshuifocus.com.sg\/de\/shop\/protection\/peace-hanging-with-tassel\/\" \/>\n<meta property=\"og:locale\" content=\"de_DE\" \/>\n<meta property=\"og:type\" content=\"article\" \/>\n<meta property=\"og:title\" content=\"Peace Hanging with Tassel\" \/>\n<meta property=\"og:description\" content=\"In 2024 we experience heightened confrontation and aggression due to the Quarrelsome No 3 Star dominating the Feng Shui chart and therefore affecting everybody.\" \/>\n<meta property=\"og:url\" content=\"https:\/\/fengshuifocus.com.sg\/de\/shop\/protection\/peace-hanging-with-tassel\/\" \/>\n<meta property=\"og:site_name\" content=\"Feng Shui Focus\" \/>\n<meta property=\"article:publisher\" content=\"https:\/\/www.facebook.com\/Feng-Shui-Focus-176469115722739\/?hc_ref=ARQeIaM_dqGJoG1GyHcEnC9wqA9DE2VYU7MZosxhMrw4oVdQfkxNRxrsDKl-F7yxicA\" \/>\n<meta property=\"article:modified_time\" content=\"2025-12-20T02:12:10+00:00\" \/>\n<meta property=\"og:image\" content=\"https:\/\/fengshuifocus.com.sg\/wp-content\/uploads\/2025\/12\/Peace-Hanging-w-Tassel-Lifestyle-450x450.jpg\" \/>\n\t<meta property=\"og:image:width\" content=\"1024\" \/>\n\t<meta property=\"og:image:height\" content=\"1024\" \/>\n\t<meta property=\"og:image:type\" content=\"image\/jpeg\" \/>\n<meta name=\"twitter:card\" content=\"summary_large_image\" \/>\n<meta name=\"twitter:site\" content=\"@FengShuiFocus\" \/>\n<meta name=\"twitter:label1\" content=\"Gesch\u00e4tzte Lesezeit\" \/>\n\t<meta name=\"twitter:data1\" content=\"1\u00a0Minute\" \/>\n<script type=\"application\/ld+json\" class=\"yoast-schema-graph\">{\"@context\":\"https:\/\/schema.org\",\"@graph\":[{\"@type\":\"WebPage\",\"@id\":\"https:\/\/fengshuifocus.com.sg\/de\/shop\/protection\/peace-hanging-with-tassel\/\",\"url\":\"https:\/\/fengshuifocus.com.sg\/de\/shop\/protection\/peace-hanging-with-tassel\/\",\"name\":\"Peace Hanging with Tassel &#8212; Feng Shui Focus\",\"isPartOf\":{\"@id\":\"https:\/\/fengshuifocus.com.sg\/de\/#website\"},\"primaryImageOfPage\":{\"@id\":\"https:\/\/fengshuifocus.com.sg\/de\/shop\/protection\/peace-hanging-with-tassel\/#primaryimage\"},\"image\":{\"@id\":\"https:\/\/fengshuifocus.com.sg\/de\/shop\/protection\/peace-hanging-with-tassel\/#primaryimage\"},\"thumbnailUrl\":\"https:\/\/fengshuifocus.com.sg\/wp-content\/uploads\/2025\/12\/Peace-Hanging-w-Tassel-Lifestyle.jpg\",\"datePublished\":\"2024-08-01T21:52:36+00:00\",\"dateModified\":\"2025-12-20T02:12:10+00:00\",\"description\":\"To curb this unpleasant energy, I have sourced this beautiful Peace Hanging, which makes an ideal cure for your CENTRE area this year.\",\"breadcrumb\":{\"@id\":\"https:\/\/fengshuifocus.com.sg\/de\/shop\/protection\/peace-hanging-with-tassel\/#breadcrumb\"},\"inLanguage\":\"de\",\"potentialAction\":[{\"@type\":\"ReadAction\",\"target\":[\"https:\/\/fengshuifocus.com.sg\/de\/shop\/protection\/peace-hanging-with-tassel\/\"]}]},{\"@type\":\"ImageObject\",\"inLanguage\":\"de\",\"@id\":\"https:\/\/fengshuifocus.com.sg\/de\/shop\/protection\/peace-hanging-with-tassel\/#primaryimage\",\"url\":\"https:\/\/fengshuifocus.com.sg\/wp-content\/uploads\/2025\/12\/Peace-Hanging-w-Tassel-Lifestyle.jpg\",\"contentUrl\":\"https:\/\/fengshuifocus.com.sg\/wp-content\/uploads\/2025\/12\/Peace-Hanging-w-Tassel-Lifestyle.jpg\",\"width\":1024,\"height\":1024},{\"@type\":\"BreadcrumbList\",\"@id\":\"https:\/\/fengshuifocus.com.sg\/de\/shop\/protection\/peace-hanging-with-tassel\/#breadcrumb\",\"itemListElement\":[{\"@type\":\"ListItem\",\"position\":1,\"name\":\"Home\",\"item\":\"https:\/\/fengshuifocus.com.sg\/\"},{\"@type\":\"ListItem\",\"position\":2,\"name\":\"Feng Shui Focus Online Shop\",\"item\":\"https:\/\/fengshuifocus.com.sg\/de\/shop\/\"},{\"@type\":\"ListItem\",\"position\":3,\"name\":\"Peace Hanging with Tassel\"}]},{\"@type\":\"WebSite\",\"@id\":\"https:\/\/fengshuifocus.com.sg\/de\/#website\",\"url\":\"https:\/\/fengshuifocus.com.sg\/de\/\",\"name\":\"Feng Shui Focus\",\"description\":\"Praktische L\u00f6sungen f\u00fcr das moderne Zuhause und B\u00fcro\",\"potentialAction\":[{\"@type\":\"SearchAction\",\"target\":{\"@type\":\"EntryPoint\",\"urlTemplate\":\"https:\/\/fengshuifocus.com.sg\/de\/?s={search_term_string}\"},\"query-input\":{\"@type\":\"PropertyValueSpecification\",\"valueRequired\":true,\"valueName\":\"search_term_string\"}}],\"inLanguage\":\"de\"}]}<\/script>\n<!-- \/ Yoast SEO plugin. -->","yoast_head_json":{"title":"Peace Hanging with Tassel &#8212; Feng Shui Focus","robots":{"index":"index","follow":"follow","max-snippet":"max-snippet:-1","max-image-preview":"max-image-preview:large","max-video-preview":"max-video-preview:-1"},"canonical":"https:\/\/fengshuifocus.com.sg\/de\/shop\/protection\/peace-hanging-with-tassel\/","og_locale":"de_DE","og_type":"article","og_title":"Peace Hanging with Tassel","og_description":"In 2024 we experience heightened confrontation and aggression due to the Quarrelsome No 3 Star dominating the Feng Shui chart and therefore affecting everybody.","og_url":"https:\/\/fengshuifocus.com.sg\/de\/shop\/protection\/peace-hanging-with-tassel\/","og_site_name":"Feng Shui Focus","article_publisher":"https:\/\/www.facebook.com\/Feng-Shui-Focus-176469115722739\/?hc_ref=ARQeIaM_dqGJoG1GyHcEnC9wqA9DE2VYU7MZosxhMrw4oVdQfkxNRxrsDKl-F7yxicA","article_modified_time":"2025-12-20T02:12:10+00:00","og_image":[{"width":1024,"height":1024,"url":"https:\/\/fengshuifocus.com.sg\/wp-content\/uploads\/2025\/12\/Peace-Hanging-w-Tassel-Lifestyle-450x450.jpg","type":"image\/jpeg"}],"twitter_card":"summary_large_image","twitter_site":"@FengShuiFocus","twitter_misc":{"Gesch\u00e4tzte Lesezeit":"1\u00a0Minute"},"schema":{"@context":"https:\/\/schema.org","@graph":[{"@type":"WebPage","@id":"https:\/\/fengshuifocus.com.sg\/de\/shop\/protection\/peace-hanging-with-tassel\/","url":"https:\/\/fengshuifocus.com.sg\/de\/shop\/protection\/peace-hanging-with-tassel\/","name":"Peace Hanging with Tassel &#8212; Feng Shui Focus","isPartOf":{"@id":"https:\/\/fengshuifocus.com.sg\/de\/#website"},"primaryImageOfPage":{"@id":"https:\/\/fengshuifocus.com.sg\/de\/shop\/protection\/peace-hanging-with-tassel\/#primaryimage"},"image":{"@id":"https:\/\/fengshuifocus.com.sg\/de\/shop\/protection\/peace-hanging-with-tassel\/#primaryimage"},"thumbnailUrl":"https:\/\/fengshuifocus.com.sg\/wp-content\/uploads\/2025\/12\/Peace-Hanging-w-Tassel-Lifestyle.jpg","datePublished":"2024-08-01T21:52:36+00:00","dateModified":"2025-12-20T02:12:10+00:00","description":"To curb this unpleasant energy, I have sourced this beautiful Peace Hanging, which makes an ideal cure for your CENTRE area this year.","breadcrumb":{"@id":"https:\/\/fengshuifocus.com.sg\/de\/shop\/protection\/peace-hanging-with-tassel\/#breadcrumb"},"inLanguage":"de","potentialAction":[{"@type":"ReadAction","target":["https:\/\/fengshuifocus.com.sg\/de\/shop\/protection\/peace-hanging-with-tassel\/"]}]},{"@type":"ImageObject","inLanguage":"de","@id":"https:\/\/fengshuifocus.com.sg\/de\/shop\/protection\/peace-hanging-with-tassel\/#primaryimage","url":"https:\/\/fengshuifocus.com.sg\/wp-content\/uploads\/2025\/12\/Peace-Hanging-w-Tassel-Lifestyle.jpg","contentUrl":"https:\/\/fengshuifocus.com.sg\/wp-content\/uploads\/2025\/12\/Peace-Hanging-w-Tassel-Lifestyle.jpg","width":1024,"height":1024},{"@type":"BreadcrumbList","@id":"https:\/\/fengshuifocus.com.sg\/de\/shop\/protection\/peace-hanging-with-tassel\/#breadcrumb","itemListElement":[{"@type":"ListItem","position":1,"name":"Home","item":"https:\/\/fengshuifocus.com.sg\/"},{"@type":"ListItem","position":2,"name":"Feng Shui Focus Online Shop","item":"https:\/\/fengshuifocus.com.sg\/de\/shop\/"},{"@type":"ListItem","position":3,"name":"Peace Hanging with Tassel"}]},{"@type":"WebSite","@id":"https:\/\/fengshuifocus.com.sg\/de\/#website","url":"https:\/\/fengshuifocus.com.sg\/de\/","name":"Feng Shui Focus","description":"Praktische L\u00f6sungen f\u00fcr das moderne Zuhause und B\u00fcro","potentialAction":[{"@type":"SearchAction","target":{"@type":"EntryPoint","urlTemplate":"https:\/\/fengshuifocus.com.sg\/de\/?s={search_term_string}"},"query-input":{"@type":"PropertyValueSpecification","valueRequired":true,"valueName":"search_term_string"}}],"inLanguage":"de"}]}},"post_mailing_queue_ids":[],"_links":{"self":[{"href":"https:\/\/fengshuifocus.com.sg\/de\/wp-json\/wp\/v2\/product\/12665","targetHints":{"allow":["GET"]}}],"collection":[{"href":"https:\/\/fengshuifocus.com.sg\/de\/wp-json\/wp\/v2\/product"}],"about":[{"href":"https:\/\/fengshuifocus.com.sg\/de\/wp-json\/wp\/v2\/types\/product"}],"wp:featuredmedia":[{"embeddable":true,"href":"https:\/\/fengshuifocus.com.sg\/de\/wp-json\/wp\/v2\/media\/13680"}],"wp:attachment":[{"href":"https:\/\/fengshuifocus.com.sg\/de\/wp-json\/wp\/v2\/media?parent=12665"}],"wp:term":[{"taxonomy":"product_brand","embeddable":true,"href":"https:\/\/fengshuifocus.com.sg\/de\/wp-json\/wp\/v2\/product_brand?post=12665"},{"taxonomy":"product_cat","embeddable":true,"href":"https:\/\/fengshuifocus.com.sg\/de\/wp-json\/wp\/v2\/product_cat?post=12665"},{"taxonomy":"product_tag","embeddable":true,"href":"https:\/\/fengshuifocus.com.sg\/de\/wp-json\/wp\/v2\/product_tag?post=12665"}],"curies":[{"name":"wp","href":"https:\/\/api.w.org\/{rel}","templated":true}]}}