{"id":12857,"date":"2024-12-02T21:55:13","date_gmt":"2024-12-02T20:55:13","guid":{"rendered":"https:\/\/fengshuifocus.com.sg\/?post_type=product&#038;p=12857"},"modified":"2026-02-12T08:17:37","modified_gmt":"2026-02-12T07:17:37","slug":"pair-of-5-blessings-wu-lou","status":"publish","type":"product","link":"https:\/\/fengshuifocus.com.sg\/de\/shop\/health\/pair-of-5-blessings-wu-lou\/","title":{"rendered":"Pair of 5 Blessings Wu Lou"},"content":{"rendered":"<p>The Wu Lou has long been a symbol of good health and longevity and has therefore become a symbolic cure for the No 2 Illness Star.<\/p>\n<p>While the No 2 Star has traditionally been associated with illness, in Period 9, it also holds the potential to attract wealth and immense good fortune. Therefore, the Wu Lou for 2025 has been designed as a pair, with each Wu Lou featuring 5 bats. Because when 5 bats come together, they represent the Five Blessings: Health, Wealth, Vitality, Love and Good Virtue.<\/p>\n<p>This Pair of 5 Blessings Wu Lou are therefore a very potent symbol to transform the illness energy of the No 2 Star into positive chi that brings wealth and happiness.<\/p>\n<p>In 2026, the No 2 Illness Star flies into the NW. As this affects the Patriarch, it is important to subdue it.<\/p>\n<p>One Wu Lou is in a stunning dark purple, while the other is in a very dark midnight blue colour.<\/p>\n<span class=\"\" style=\"display:block;clear:both;height: 0px;padding-top: 20px;border-top-width:0px;border-bottom-width:0px;\"><\/span>\n<p>Measurements: \u00a0\u00a0 approx. H 10.5cm x W 5cm<\/p>\n<span class=\"\" style=\"display:block;clear:both;height: 0px;padding-top: 20px;border-top-width:0px;border-bottom-width:0px;\"><\/span>\n","protected":false},"excerpt":{"rendered":"<p>The Wu Lou has long been a symbol of good health and longevity and has therefore become a symbolic cure for the No 2 Illness Star.<\/p>\n<p>While the No 2 Star has traditionally been associated with illness, in Period 9, it also holds the potential to attract wealth and immense good fortune. Therefore, the Wu Lou for 2025 has been designed as a pair, with each Wu Lou featuring 5 bats. Because when 5 bats come together, they represent the Five Blessings: Health, Wealth, Vitality, Love and Good Virtue.<\/p>\n[spacer height=\"20px\"]\n","protected":false},"featured_media":12858,"template":"","meta":{"kt_blocks_editor_width":"","_monsterinsights_skip_tracking":false,"_monsterinsights_sitenote_active":false,"_monsterinsights_sitenote_note":"","_monsterinsights_sitenote_category":0},"product_brand":[],"product_cat":[378,374],"product_tag":[750,417,387,396,696,508,385,749,386],"class_list":{"0":"post-12857","1":"product","2":"type-product","3":"status-publish","4":"has-post-thumbnail","6":"product_cat-feng-shui-home","7":"product_cat-health","8":"product_tag-bats","9":"product_tag-good-fortune","10":"product_tag-health","11":"product_tag-illness","12":"product_tag-longevity","13":"product_tag-love","14":"product_tag-prosperity","15":"product_tag-virtue","16":"product_tag-wealth","18":"first","19":"outofstock","20":"shipping-taxable","21":"purchasable","22":"product-type-simple"},"translation":{"provider":"WPGlobus","version":"3.0.0","language":"de","enabled_languages":["en","de"],"languages":{"en":{"title":true,"content":true,"excerpt":true},"de":{"title":false,"content":false,"excerpt":false}}},"yoast_head":"<!-- This site is optimized with the Yoast SEO plugin v26.4 - https:\/\/yoast.com\/wordpress\/plugins\/seo\/ -->\n<title>Pair of 5 Blessings Wu Lou &#8212; Feng Shui Focus<\/title>\n<meta name=\"robots\" content=\"index, follow, max-snippet:-1, max-image-preview:large, max-video-preview:-1\" \/>\n<link rel=\"canonical\" href=\"http:\/\/fengshuifocus.com.sg\/shop\/health\/pair-of-5-blessings-wu-lou\/\" \/>\n<meta property=\"og:locale\" content=\"de_DE\" \/>\n<meta property=\"og:type\" content=\"article\" \/>\n<meta property=\"og:title\" content=\"Pair of 5 Blessings Wu Lou\" \/>\n<meta property=\"og:description\" content=\"The Wu Lou has long been a symbol of good health and longevity and has therefore become a symbolic cure for the No 2 Illness Star.\" \/>\n<meta property=\"og:url\" content=\"http:\/\/fengshuifocus.com.sg\/shop\/health\/pair-of-5-blessings-wu-lou\/\" \/>\n<meta property=\"og:site_name\" content=\"Feng Shui Focus\" \/>\n<meta property=\"article:publisher\" content=\"https:\/\/www.facebook.com\/Feng-Shui-Focus-176469115722739\/?hc_ref=ARQeIaM_dqGJoG1GyHcEnC9wqA9DE2VYU7MZosxhMrw4oVdQfkxNRxrsDKl-F7yxicA\" \/>\n<meta property=\"article:modified_time\" content=\"2026-02-12T07:17:37+00:00\" \/>\n<meta property=\"og:image\" content=\"http:\/\/fengshuifocus.com.sg\/wp-content\/uploads\/2024\/12\/Pair-of-5-Blessings-Wu-Lou-Lifestyle.jpg\" \/>\n\t<meta property=\"og:image:width\" content=\"1024\" \/>\n\t<meta property=\"og:image:height\" content=\"1024\" \/>\n\t<meta property=\"og:image:type\" content=\"image\/jpeg\" \/>\n<meta name=\"twitter:card\" content=\"summary_large_image\" \/>\n<meta name=\"twitter:site\" content=\"@FengShuiFocus\" \/>\n<meta name=\"twitter:label1\" content=\"Gesch\u00e4tzte Lesezeit\" \/>\n\t<meta name=\"twitter:data1\" content=\"1\u00a0Minute\" \/>\n<script type=\"application\/ld+json\" class=\"yoast-schema-graph\">{\"@context\":\"https:\/\/schema.org\",\"@graph\":[{\"@type\":\"WebPage\",\"@id\":\"http:\/\/fengshuifocus.com.sg\/shop\/health\/pair-of-5-blessings-wu-lou\/\",\"url\":\"http:\/\/fengshuifocus.com.sg\/shop\/health\/pair-of-5-blessings-wu-lou\/\",\"name\":\"Pair of 5 Blessings Wu Lou &#8212; Feng Shui Focus\",\"isPartOf\":{\"@id\":\"https:\/\/fengshuifocus.com.sg\/de\/#website\"},\"primaryImageOfPage\":{\"@id\":\"http:\/\/fengshuifocus.com.sg\/shop\/health\/pair-of-5-blessings-wu-lou\/#primaryimage\"},\"image\":{\"@id\":\"http:\/\/fengshuifocus.com.sg\/shop\/health\/pair-of-5-blessings-wu-lou\/#primaryimage\"},\"thumbnailUrl\":\"https:\/\/fengshuifocus.com.sg\/wp-content\/uploads\/2024\/12\/Pair-of-5-Blessings-Wu-Lou-Lifestyle.jpg\",\"datePublished\":\"2024-12-02T20:55:13+00:00\",\"dateModified\":\"2026-02-12T07:17:37+00:00\",\"description\":\"The Wu Lou has long been a symbol of good health and longevity and has therefore become a symbolic cure for the No 2 Illness Star.\",\"breadcrumb\":{\"@id\":\"http:\/\/fengshuifocus.com.sg\/shop\/health\/pair-of-5-blessings-wu-lou\/#breadcrumb\"},\"inLanguage\":\"de\",\"potentialAction\":[{\"@type\":\"ReadAction\",\"target\":[\"http:\/\/fengshuifocus.com.sg\/shop\/health\/pair-of-5-blessings-wu-lou\/\"]}]},{\"@type\":\"ImageObject\",\"inLanguage\":\"de\",\"@id\":\"http:\/\/fengshuifocus.com.sg\/shop\/health\/pair-of-5-blessings-wu-lou\/#primaryimage\",\"url\":\"https:\/\/fengshuifocus.com.sg\/wp-content\/uploads\/2024\/12\/Pair-of-5-Blessings-Wu-Lou-Lifestyle.jpg\",\"contentUrl\":\"https:\/\/fengshuifocus.com.sg\/wp-content\/uploads\/2024\/12\/Pair-of-5-Blessings-Wu-Lou-Lifestyle.jpg\",\"width\":1024,\"height\":1024,\"caption\":\"Pair of 5 Blessings Wu Lou Lifestyle\"},{\"@type\":\"BreadcrumbList\",\"@id\":\"http:\/\/fengshuifocus.com.sg\/shop\/health\/pair-of-5-blessings-wu-lou\/#breadcrumb\",\"itemListElement\":[{\"@type\":\"ListItem\",\"position\":1,\"name\":\"Home\",\"item\":\"https:\/\/fengshuifocus.com.sg\/\"},{\"@type\":\"ListItem\",\"position\":2,\"name\":\"Feng Shui Focus Online Shop\",\"item\":\"https:\/\/fengshuifocus.com.sg\/de\/shop\/\"},{\"@type\":\"ListItem\",\"position\":3,\"name\":\"Pair of 5 Blessings Wu Lou\"}]},{\"@type\":\"WebSite\",\"@id\":\"https:\/\/fengshuifocus.com.sg\/de\/#website\",\"url\":\"https:\/\/fengshuifocus.com.sg\/de\/\",\"name\":\"Feng Shui Focus\",\"description\":\"Praktische L\u00f6sungen f\u00fcr das moderne Zuhause und B\u00fcro\",\"potentialAction\":[{\"@type\":\"SearchAction\",\"target\":{\"@type\":\"EntryPoint\",\"urlTemplate\":\"https:\/\/fengshuifocus.com.sg\/de\/?s={search_term_string}\"},\"query-input\":{\"@type\":\"PropertyValueSpecification\",\"valueRequired\":true,\"valueName\":\"search_term_string\"}}],\"inLanguage\":\"de\"}]}<\/script>\n<!-- \/ Yoast SEO plugin. -->","yoast_head_json":{"title":"Pair of 5 Blessings Wu Lou &#8212; Feng Shui Focus","robots":{"index":"index","follow":"follow","max-snippet":"max-snippet:-1","max-image-preview":"max-image-preview:large","max-video-preview":"max-video-preview:-1"},"canonical":"http:\/\/fengshuifocus.com.sg\/shop\/health\/pair-of-5-blessings-wu-lou\/","og_locale":"de_DE","og_type":"article","og_title":"Pair of 5 Blessings Wu Lou","og_description":"The Wu Lou has long been a symbol of good health and longevity and has therefore become a symbolic cure for the No 2 Illness Star.","og_url":"http:\/\/fengshuifocus.com.sg\/shop\/health\/pair-of-5-blessings-wu-lou\/","og_site_name":"Feng Shui Focus","article_publisher":"https:\/\/www.facebook.com\/Feng-Shui-Focus-176469115722739\/?hc_ref=ARQeIaM_dqGJoG1GyHcEnC9wqA9DE2VYU7MZosxhMrw4oVdQfkxNRxrsDKl-F7yxicA","article_modified_time":"2026-02-12T07:17:37+00:00","og_image":[{"width":1024,"height":1024,"url":"http:\/\/fengshuifocus.com.sg\/wp-content\/uploads\/2024\/12\/Pair-of-5-Blessings-Wu-Lou-Lifestyle.jpg","type":"image\/jpeg"}],"twitter_card":"summary_large_image","twitter_site":"@FengShuiFocus","twitter_misc":{"Gesch\u00e4tzte Lesezeit":"1\u00a0Minute"},"schema":{"@context":"https:\/\/schema.org","@graph":[{"@type":"WebPage","@id":"http:\/\/fengshuifocus.com.sg\/shop\/health\/pair-of-5-blessings-wu-lou\/","url":"http:\/\/fengshuifocus.com.sg\/shop\/health\/pair-of-5-blessings-wu-lou\/","name":"Pair of 5 Blessings Wu Lou &#8212; Feng Shui Focus","isPartOf":{"@id":"https:\/\/fengshuifocus.com.sg\/de\/#website"},"primaryImageOfPage":{"@id":"http:\/\/fengshuifocus.com.sg\/shop\/health\/pair-of-5-blessings-wu-lou\/#primaryimage"},"image":{"@id":"http:\/\/fengshuifocus.com.sg\/shop\/health\/pair-of-5-blessings-wu-lou\/#primaryimage"},"thumbnailUrl":"https:\/\/fengshuifocus.com.sg\/wp-content\/uploads\/2024\/12\/Pair-of-5-Blessings-Wu-Lou-Lifestyle.jpg","datePublished":"2024-12-02T20:55:13+00:00","dateModified":"2026-02-12T07:17:37+00:00","description":"The Wu Lou has long been a symbol of good health and longevity and has therefore become a symbolic cure for the No 2 Illness Star.","breadcrumb":{"@id":"http:\/\/fengshuifocus.com.sg\/shop\/health\/pair-of-5-blessings-wu-lou\/#breadcrumb"},"inLanguage":"de","potentialAction":[{"@type":"ReadAction","target":["http:\/\/fengshuifocus.com.sg\/shop\/health\/pair-of-5-blessings-wu-lou\/"]}]},{"@type":"ImageObject","inLanguage":"de","@id":"http:\/\/fengshuifocus.com.sg\/shop\/health\/pair-of-5-blessings-wu-lou\/#primaryimage","url":"https:\/\/fengshuifocus.com.sg\/wp-content\/uploads\/2024\/12\/Pair-of-5-Blessings-Wu-Lou-Lifestyle.jpg","contentUrl":"https:\/\/fengshuifocus.com.sg\/wp-content\/uploads\/2024\/12\/Pair-of-5-Blessings-Wu-Lou-Lifestyle.jpg","width":1024,"height":1024,"caption":"Pair of 5 Blessings Wu Lou Lifestyle"},{"@type":"BreadcrumbList","@id":"http:\/\/fengshuifocus.com.sg\/shop\/health\/pair-of-5-blessings-wu-lou\/#breadcrumb","itemListElement":[{"@type":"ListItem","position":1,"name":"Home","item":"https:\/\/fengshuifocus.com.sg\/"},{"@type":"ListItem","position":2,"name":"Feng Shui Focus Online Shop","item":"https:\/\/fengshuifocus.com.sg\/de\/shop\/"},{"@type":"ListItem","position":3,"name":"Pair of 5 Blessings Wu Lou"}]},{"@type":"WebSite","@id":"https:\/\/fengshuifocus.com.sg\/de\/#website","url":"https:\/\/fengshuifocus.com.sg\/de\/","name":"Feng Shui Focus","description":"Praktische L\u00f6sungen f\u00fcr das moderne Zuhause und B\u00fcro","potentialAction":[{"@type":"SearchAction","target":{"@type":"EntryPoint","urlTemplate":"https:\/\/fengshuifocus.com.sg\/de\/?s={search_term_string}"},"query-input":{"@type":"PropertyValueSpecification","valueRequired":true,"valueName":"search_term_string"}}],"inLanguage":"de"}]}},"post_mailing_queue_ids":[],"_links":{"self":[{"href":"https:\/\/fengshuifocus.com.sg\/de\/wp-json\/wp\/v2\/product\/12857","targetHints":{"allow":["GET"]}}],"collection":[{"href":"https:\/\/fengshuifocus.com.sg\/de\/wp-json\/wp\/v2\/product"}],"about":[{"href":"https:\/\/fengshuifocus.com.sg\/de\/wp-json\/wp\/v2\/types\/product"}],"wp:featuredmedia":[{"embeddable":true,"href":"https:\/\/fengshuifocus.com.sg\/de\/wp-json\/wp\/v2\/media\/12858"}],"wp:attachment":[{"href":"https:\/\/fengshuifocus.com.sg\/de\/wp-json\/wp\/v2\/media?parent=12857"}],"wp:term":[{"taxonomy":"product_brand","embeddable":true,"href":"https:\/\/fengshuifocus.com.sg\/de\/wp-json\/wp\/v2\/product_brand?post=12857"},{"taxonomy":"product_cat","embeddable":true,"href":"https:\/\/fengshuifocus.com.sg\/de\/wp-json\/wp\/v2\/product_cat?post=12857"},{"taxonomy":"product_tag","embeddable":true,"href":"https:\/\/fengshuifocus.com.sg\/de\/wp-json\/wp\/v2\/product_tag?post=12857"}],"curies":[{"name":"wp","href":"https:\/\/api.w.org\/{rel}","templated":true}]}}