{"id":12895,"date":"2024-12-15T22:58:51","date_gmt":"2024-12-15T21:58:51","guid":{"rendered":"https:\/\/fengshuifocus.com.sg\/?post_type=product&#038;p=12895"},"modified":"2025-12-21T01:04:32","modified_gmt":"2025-12-21T00:04:32","slug":"annual-amulet-2025","status":"publish","type":"product","link":"https:\/\/fengshuifocus.com.sg\/de\/shop\/wealth\/annual-amulet-2025\/","title":{"rendered":"Annual Amulet 2025"},"content":{"rendered":"<p>When the Ox, Snake, and Rooster unite, they generate the METAL element, a crucial element that is missing from the Paht Chee Chart of 2025. METAL is the key element needed to unlock wealth, achieve success, and drive progress in the year ahead.<\/p>\n<p>As 2025 is the Year of the Snake, carrying an image of the Snake together with its allies is exceptionally auspicious. This activates ally and friendship luck, which is vital in navigating the heightened competitive energies this year.<\/p>\n<p>This amulet has been specifically designed to dispel negativity, attract positive influences, and significantly enhance your good fortune.<\/p>\n<p>The back of the amulet features a transformative talisman to turn your luck around and draw abundant wealth into your life.<span class=\"\" style=\"display:block;clear:both;height: 0px;padding-top: 20px;border-top-width:0px;border-bottom-width:0px;\"><\/span>\n<p><strong>Highly recommended for everyone! \u00a0<\/strong><\/p>\n<span class=\"\" style=\"display:block;clear:both;height: 0px;padding-top: 20px;border-top-width:0px;border-bottom-width:0px;\"><\/span>\n<p>Measurements: \u00a0\u00a0 Diameter approx. 5cm without chain<\/p>\n<span class=\"\" style=\"display:block;clear:both;height: 0px;padding-top: 20px;border-top-width:0px;border-bottom-width:0px;\"><\/span>\n","protected":false},"excerpt":{"rendered":"<p>When the Ox, Snake, and Rooster unite, they generate the METAL element, a crucial element that is missing from the Paht Chee Chart of 2025. METAL is the key element needed to unlock wealth, achieve success, and drive progress in the year ahead.<\/p>\n<p>As 2025 is the Year of the Snake, carrying an image of the Snake together with its allies is exceptionally auspicious. This activates ally and friendship luck, which is vital in navigating the heightened competitive energies this year.<\/p>\n[spacer height=\"20px\"]\n","protected":false},"featured_media":12897,"template":"","meta":{"kt_blocks_editor_width":"","_monsterinsights_skip_tracking":false,"_monsterinsights_sitenote_active":false,"_monsterinsights_sitenote_note":"","_monsterinsights_sitenote_category":0},"product_brand":[],"product_cat":[376,375],"product_tag":[384,762,476,410,386],"class_list":{"0":"post-12895","1":"product","2":"type-product","3":"status-publish","4":"has-post-thumbnail","6":"product_cat-career-success","7":"product_cat-wealth","8":"product_tag-abundance","9":"product_tag-allies","10":"product_tag-friendship","11":"product_tag-success","12":"product_tag-wealth","14":"first","15":"instock","16":"shipping-taxable","17":"purchasable","18":"product-type-simple"},"translation":{"provider":"WPGlobus","version":"3.0.0","language":"de","enabled_languages":["en","de"],"languages":{"en":{"title":true,"content":true,"excerpt":true},"de":{"title":false,"content":false,"excerpt":false}}},"yoast_head":"<!-- This site is optimized with the Yoast SEO plugin v26.4 - https:\/\/yoast.com\/wordpress\/plugins\/seo\/ -->\n<title>Annual Amulet 2025 &#8212; Feng Shui Focus<\/title>\n<meta name=\"robots\" content=\"index, follow, max-snippet:-1, max-image-preview:large, max-video-preview:-1\" \/>\n<link rel=\"canonical\" href=\"http:\/\/fengshuifocus.com.sg\/shop\/wealth\/annual-amulet-2025\/\" \/>\n<meta property=\"og:locale\" content=\"de_DE\" \/>\n<meta property=\"og:type\" content=\"article\" \/>\n<meta property=\"og:title\" content=\"Annual Amulet 2025\" \/>\n<meta property=\"og:description\" content=\"When the Ox, Snake, and Rooster unite, they generate the METAL element, a crucial element that is missing from the Paht Chee Chart of 2025.\" \/>\n<meta property=\"og:url\" content=\"http:\/\/fengshuifocus.com.sg\/shop\/wealth\/annual-amulet-2025\/\" \/>\n<meta property=\"og:site_name\" content=\"Feng Shui Focus\" \/>\n<meta property=\"article:publisher\" content=\"https:\/\/www.facebook.com\/Feng-Shui-Focus-176469115722739\/?hc_ref=ARQeIaM_dqGJoG1GyHcEnC9wqA9DE2VYU7MZosxhMrw4oVdQfkxNRxrsDKl-F7yxicA\" \/>\n<meta property=\"article:modified_time\" content=\"2025-12-21T00:04:32+00:00\" \/>\n<meta property=\"og:image\" content=\"https:\/\/fengshuifocus.com.sg\/wp-content\/uploads\/2024\/12\/Annual-Amulet-2025-front-300x300.jpg\" \/>\n\t<meta property=\"og:image:width\" content=\"864\" \/>\n\t<meta property=\"og:image:height\" content=\"864\" \/>\n\t<meta property=\"og:image:type\" content=\"image\/jpeg\" \/>\n<meta name=\"twitter:card\" content=\"summary_large_image\" \/>\n<meta name=\"twitter:site\" content=\"@FengShuiFocus\" \/>\n<meta name=\"twitter:label1\" content=\"Gesch\u00e4tzte Lesezeit\" \/>\n\t<meta name=\"twitter:data1\" content=\"1\u00a0Minute\" \/>\n<script type=\"application\/ld+json\" class=\"yoast-schema-graph\">{\"@context\":\"https:\/\/schema.org\",\"@graph\":[{\"@type\":\"WebPage\",\"@id\":\"http:\/\/fengshuifocus.com.sg\/shop\/wealth\/annual-amulet-2025\/\",\"url\":\"http:\/\/fengshuifocus.com.sg\/shop\/wealth\/annual-amulet-2025\/\",\"name\":\"Annual Amulet 2025 &#8212; Feng Shui Focus\",\"isPartOf\":{\"@id\":\"https:\/\/fengshuifocus.com.sg\/de\/#website\"},\"primaryImageOfPage\":{\"@id\":\"http:\/\/fengshuifocus.com.sg\/shop\/wealth\/annual-amulet-2025\/#primaryimage\"},\"image\":{\"@id\":\"http:\/\/fengshuifocus.com.sg\/shop\/wealth\/annual-amulet-2025\/#primaryimage\"},\"thumbnailUrl\":\"https:\/\/fengshuifocus.com.sg\/wp-content\/uploads\/2024\/12\/Annual-Amulet-2025-front.jpg\",\"datePublished\":\"2024-12-15T21:58:51+00:00\",\"dateModified\":\"2025-12-21T00:04:32+00:00\",\"description\":\"When the Ox, Snake, and Rooster unite, they generate the METAL element, a crucial element that is missing from the Paht Chee Chart of 2025.\",\"breadcrumb\":{\"@id\":\"http:\/\/fengshuifocus.com.sg\/shop\/wealth\/annual-amulet-2025\/#breadcrumb\"},\"inLanguage\":\"de\",\"potentialAction\":[{\"@type\":\"ReadAction\",\"target\":[\"http:\/\/fengshuifocus.com.sg\/shop\/wealth\/annual-amulet-2025\/\"]}]},{\"@type\":\"ImageObject\",\"inLanguage\":\"de\",\"@id\":\"http:\/\/fengshuifocus.com.sg\/shop\/wealth\/annual-amulet-2025\/#primaryimage\",\"url\":\"https:\/\/fengshuifocus.com.sg\/wp-content\/uploads\/2024\/12\/Annual-Amulet-2025-front.jpg\",\"contentUrl\":\"https:\/\/fengshuifocus.com.sg\/wp-content\/uploads\/2024\/12\/Annual-Amulet-2025-front.jpg\",\"width\":864,\"height\":864,\"caption\":\"Annual Amulet 2025 front\"},{\"@type\":\"BreadcrumbList\",\"@id\":\"http:\/\/fengshuifocus.com.sg\/shop\/wealth\/annual-amulet-2025\/#breadcrumb\",\"itemListElement\":[{\"@type\":\"ListItem\",\"position\":1,\"name\":\"Home\",\"item\":\"https:\/\/fengshuifocus.com.sg\/\"},{\"@type\":\"ListItem\",\"position\":2,\"name\":\"Feng Shui Focus Online Shop\",\"item\":\"https:\/\/fengshuifocus.com.sg\/de\/shop\/\"},{\"@type\":\"ListItem\",\"position\":3,\"name\":\"Annual Amulet 2025\"}]},{\"@type\":\"WebSite\",\"@id\":\"https:\/\/fengshuifocus.com.sg\/de\/#website\",\"url\":\"https:\/\/fengshuifocus.com.sg\/de\/\",\"name\":\"Feng Shui Focus\",\"description\":\"Praktische L\u00f6sungen f\u00fcr das moderne Zuhause und B\u00fcro\",\"potentialAction\":[{\"@type\":\"SearchAction\",\"target\":{\"@type\":\"EntryPoint\",\"urlTemplate\":\"https:\/\/fengshuifocus.com.sg\/de\/?s={search_term_string}\"},\"query-input\":{\"@type\":\"PropertyValueSpecification\",\"valueRequired\":true,\"valueName\":\"search_term_string\"}}],\"inLanguage\":\"de\"}]}<\/script>\n<!-- \/ Yoast SEO plugin. -->","yoast_head_json":{"title":"Annual Amulet 2025 &#8212; Feng Shui Focus","robots":{"index":"index","follow":"follow","max-snippet":"max-snippet:-1","max-image-preview":"max-image-preview:large","max-video-preview":"max-video-preview:-1"},"canonical":"http:\/\/fengshuifocus.com.sg\/shop\/wealth\/annual-amulet-2025\/","og_locale":"de_DE","og_type":"article","og_title":"Annual Amulet 2025","og_description":"When the Ox, Snake, and Rooster unite, they generate the METAL element, a crucial element that is missing from the Paht Chee Chart of 2025.","og_url":"http:\/\/fengshuifocus.com.sg\/shop\/wealth\/annual-amulet-2025\/","og_site_name":"Feng Shui Focus","article_publisher":"https:\/\/www.facebook.com\/Feng-Shui-Focus-176469115722739\/?hc_ref=ARQeIaM_dqGJoG1GyHcEnC9wqA9DE2VYU7MZosxhMrw4oVdQfkxNRxrsDKl-F7yxicA","article_modified_time":"2025-12-21T00:04:32+00:00","og_image":[{"width":864,"height":864,"url":"https:\/\/fengshuifocus.com.sg\/wp-content\/uploads\/2024\/12\/Annual-Amulet-2025-front-300x300.jpg","type":"image\/jpeg"}],"twitter_card":"summary_large_image","twitter_site":"@FengShuiFocus","twitter_misc":{"Gesch\u00e4tzte Lesezeit":"1\u00a0Minute"},"schema":{"@context":"https:\/\/schema.org","@graph":[{"@type":"WebPage","@id":"http:\/\/fengshuifocus.com.sg\/shop\/wealth\/annual-amulet-2025\/","url":"http:\/\/fengshuifocus.com.sg\/shop\/wealth\/annual-amulet-2025\/","name":"Annual Amulet 2025 &#8212; Feng Shui Focus","isPartOf":{"@id":"https:\/\/fengshuifocus.com.sg\/de\/#website"},"primaryImageOfPage":{"@id":"http:\/\/fengshuifocus.com.sg\/shop\/wealth\/annual-amulet-2025\/#primaryimage"},"image":{"@id":"http:\/\/fengshuifocus.com.sg\/shop\/wealth\/annual-amulet-2025\/#primaryimage"},"thumbnailUrl":"https:\/\/fengshuifocus.com.sg\/wp-content\/uploads\/2024\/12\/Annual-Amulet-2025-front.jpg","datePublished":"2024-12-15T21:58:51+00:00","dateModified":"2025-12-21T00:04:32+00:00","description":"When the Ox, Snake, and Rooster unite, they generate the METAL element, a crucial element that is missing from the Paht Chee Chart of 2025.","breadcrumb":{"@id":"http:\/\/fengshuifocus.com.sg\/shop\/wealth\/annual-amulet-2025\/#breadcrumb"},"inLanguage":"de","potentialAction":[{"@type":"ReadAction","target":["http:\/\/fengshuifocus.com.sg\/shop\/wealth\/annual-amulet-2025\/"]}]},{"@type":"ImageObject","inLanguage":"de","@id":"http:\/\/fengshuifocus.com.sg\/shop\/wealth\/annual-amulet-2025\/#primaryimage","url":"https:\/\/fengshuifocus.com.sg\/wp-content\/uploads\/2024\/12\/Annual-Amulet-2025-front.jpg","contentUrl":"https:\/\/fengshuifocus.com.sg\/wp-content\/uploads\/2024\/12\/Annual-Amulet-2025-front.jpg","width":864,"height":864,"caption":"Annual Amulet 2025 front"},{"@type":"BreadcrumbList","@id":"http:\/\/fengshuifocus.com.sg\/shop\/wealth\/annual-amulet-2025\/#breadcrumb","itemListElement":[{"@type":"ListItem","position":1,"name":"Home","item":"https:\/\/fengshuifocus.com.sg\/"},{"@type":"ListItem","position":2,"name":"Feng Shui Focus Online Shop","item":"https:\/\/fengshuifocus.com.sg\/de\/shop\/"},{"@type":"ListItem","position":3,"name":"Annual Amulet 2025"}]},{"@type":"WebSite","@id":"https:\/\/fengshuifocus.com.sg\/de\/#website","url":"https:\/\/fengshuifocus.com.sg\/de\/","name":"Feng Shui Focus","description":"Praktische L\u00f6sungen f\u00fcr das moderne Zuhause und B\u00fcro","potentialAction":[{"@type":"SearchAction","target":{"@type":"EntryPoint","urlTemplate":"https:\/\/fengshuifocus.com.sg\/de\/?s={search_term_string}"},"query-input":{"@type":"PropertyValueSpecification","valueRequired":true,"valueName":"search_term_string"}}],"inLanguage":"de"}]}},"post_mailing_queue_ids":[],"_links":{"self":[{"href":"https:\/\/fengshuifocus.com.sg\/de\/wp-json\/wp\/v2\/product\/12895","targetHints":{"allow":["GET"]}}],"collection":[{"href":"https:\/\/fengshuifocus.com.sg\/de\/wp-json\/wp\/v2\/product"}],"about":[{"href":"https:\/\/fengshuifocus.com.sg\/de\/wp-json\/wp\/v2\/types\/product"}],"wp:featuredmedia":[{"embeddable":true,"href":"https:\/\/fengshuifocus.com.sg\/de\/wp-json\/wp\/v2\/media\/12897"}],"wp:attachment":[{"href":"https:\/\/fengshuifocus.com.sg\/de\/wp-json\/wp\/v2\/media?parent=12895"}],"wp:term":[{"taxonomy":"product_brand","embeddable":true,"href":"https:\/\/fengshuifocus.com.sg\/de\/wp-json\/wp\/v2\/product_brand?post=12895"},{"taxonomy":"product_cat","embeddable":true,"href":"https:\/\/fengshuifocus.com.sg\/de\/wp-json\/wp\/v2\/product_cat?post=12895"},{"taxonomy":"product_tag","embeddable":true,"href":"https:\/\/fengshuifocus.com.sg\/de\/wp-json\/wp\/v2\/product_tag?post=12895"}],"curies":[{"name":"wp","href":"https:\/\/api.w.org\/{rel}","templated":true}]}}