{"id":12903,"date":"2024-12-04T23:07:45","date_gmt":"2024-12-04T22:07:45","guid":{"rendered":"https:\/\/fengshuifocus.com.sg\/?post_type=product&#038;p=12903"},"modified":"2025-12-24T10:06:54","modified_gmt":"2025-12-24T09:06:54","slug":"life-force-amulet-with-7-chakra-jewels","status":"publish","type":"product","link":"https:\/\/fengshuifocus.com.sg\/de\/shop\/health\/life-force-amulet-with-7-chakra-jewels\/","title":{"rendered":"Life Force Amulet with 7 Chakra Jewels"},"content":{"rendered":"<p>In the Year of the Snake 2025, the Illness Star No 2 dominates the energies, emphasizing the importance of prioritizing health and well-being for everyone. The Snake is the ruling animal of the year, and it is interesting to note that it is considered a very auspicious symbol in both Eastern and Western traditions.<\/p>\n<p>In Chinese culture, the Snake is seen as a \u201cLittle Dragon,\u201d symbolizing potential for growth and advancement. In Western traditions, the Snake represents healing and renewal, linked to its ability to shed its skin and its association with the Greek God of Medicine.<\/p>\n<p>This Life Force Amulet incorporates two Snakes coiled around a staff, reflecting the universal symbol of medicine, along with seven jewels representing the body\u2019s seven chakras. The reverse side features the Double Dorje and the Life Force Amulet for added good health, spiritual protection and vitality.<\/p>\n<p>A low level of life force is often the cause of a sudden lack in confidence, energy and vitality. \u00a0Life force is one of the most important indicators of your personal luck and when it is low, you need to make an effort to increase it.<\/p>\n<p>This year\u2019s Life Force Amulet with 7 Chakra Jewels is ideal for all animal signs, but it is especially beneficial for those with low Life Force, or anyone experiencing illness, fatigue, or the effects of overwork<span class=\"\" style=\"display:block;clear:both;height: 0px;padding-top: 20px;border-top-width:0px;border-bottom-width:0px;\"><\/span>\n<p><strong>In 2025 particularly recommended for the following: <\/strong><\/p>\n<ul>\n<li><strong>The Tiger and Rabbit, because their Life Force is neutral and could do with a boost. <\/strong><\/li>\n<li><strong>The Snake, Horse, Monkey and Rooster, because their Life Force is very weak and needs strengthening. <\/strong><\/li>\n<\/ul>\n<span class=\"\" style=\"display:block;clear:both;height: 0px;padding-top: 20px;border-top-width:0px;border-bottom-width:0px;\"><\/span>\n<p>Measurements:\u00a0\u00a0\u00a0 approx. H 6cm x W 5cm without chain.<\/p>\n<span class=\"\" style=\"display:block;clear:both;height: 0px;padding-top: 20px;border-top-width:0px;border-bottom-width:0px;\"><\/span>\n","protected":false},"excerpt":{"rendered":"<p>&nbsp;<\/p>\n<p>In the Year of the Snake 2025, the Illness Star No 2 dominates the energies, emphasizing the importance of prioritizing health and well-being for everyone. The Snake is the ruling animal of the year, and it is interesting to note that it is considered a very auspicious symbol in both Eastern and Western traditions.<\/p>\n<p>In Chinese culture, the Snake is seen as a \u201cLittle Dragon,\u201d symbolizing potential for growth and advancement. In Western traditions, the Snake represents healing and renewal, linked to its ability to shed its skin and its association with the Greek God of Medicine<\/p>\n[spacer height=\"20px\"]\n","protected":false},"featured_media":12905,"template":"","meta":{"kt_blocks_editor_width":"","_monsterinsights_skip_tracking":false,"_monsterinsights_sitenote_active":false,"_monsterinsights_sitenote_note":"","_monsterinsights_sitenote_category":0},"product_brand":[],"product_cat":[376,374],"product_tag":[404,464,466,604,465,462,463,415,410],"class_list":{"0":"post-12903","1":"product","2":"type-product","3":"status-publish","4":"has-post-thumbnail","6":"product_cat-career-success","7":"product_cat-health","8":"product_tag-amulet","9":"product_tag-chakras","10":"product_tag-confidence","11":"product_tag-goals","12":"product_tag-inner-strength","13":"product_tag-life-force","14":"product_tag-perseverance","15":"product_tag-strength","16":"product_tag-success","18":"first","19":"instock","20":"shipping-taxable","21":"purchasable","22":"product-type-simple"},"translation":{"provider":"WPGlobus","version":"3.0.0","language":"de","enabled_languages":["en","de"],"languages":{"en":{"title":true,"content":true,"excerpt":true},"de":{"title":false,"content":false,"excerpt":false}}},"yoast_head":"<!-- This site is optimized with the Yoast SEO plugin v26.4 - https:\/\/yoast.com\/wordpress\/plugins\/seo\/ -->\n<title>Life Force Amulet with 7 Chakra Jewels &#8212; Feng Shui Focus<\/title>\n<meta name=\"robots\" content=\"index, follow, max-snippet:-1, max-image-preview:large, max-video-preview:-1\" \/>\n<link rel=\"canonical\" href=\"https:\/\/fengshuifocus.com.sg\/de\/shop\/health\/life-force-amulet-with-7-chakra-jewels\/\" \/>\n<meta property=\"og:locale\" content=\"de_DE\" \/>\n<meta property=\"og:type\" content=\"article\" \/>\n<meta property=\"og:title\" content=\"Life Force Amulet with 7 Chakra Jewels\" \/>\n<meta property=\"og:description\" content=\"In the Year of the Snake 2025, the Illness Star No 2 dominates the energies, emphasizing the importance of prioritizing health and well-being for everyone.\" \/>\n<meta property=\"og:url\" content=\"https:\/\/fengshuifocus.com.sg\/de\/shop\/health\/life-force-amulet-with-7-chakra-jewels\/\" \/>\n<meta property=\"og:site_name\" content=\"Feng Shui Focus\" \/>\n<meta property=\"article:publisher\" content=\"https:\/\/www.facebook.com\/Feng-Shui-Focus-176469115722739\/?hc_ref=ARQeIaM_dqGJoG1GyHcEnC9wqA9DE2VYU7MZosxhMrw4oVdQfkxNRxrsDKl-F7yxicA\" \/>\n<meta property=\"article:modified_time\" content=\"2025-12-24T09:06:54+00:00\" \/>\n<meta property=\"og:image\" content=\"https:\/\/fengshuifocus.com.sg\/wp-content\/uploads\/2024\/12\/Life-Force-w-7-Chakra-Jewels-Lifestyle-300x300.jpg\" \/>\n\t<meta property=\"og:image:width\" content=\"1024\" \/>\n\t<meta property=\"og:image:height\" content=\"1024\" \/>\n\t<meta property=\"og:image:type\" content=\"image\/jpeg\" \/>\n<meta name=\"twitter:card\" content=\"summary_large_image\" \/>\n<meta name=\"twitter:site\" content=\"@FengShuiFocus\" \/>\n<meta name=\"twitter:label1\" content=\"Gesch\u00e4tzte Lesezeit\" \/>\n\t<meta name=\"twitter:data1\" content=\"2\u00a0Minuten\" \/>\n<script type=\"application\/ld+json\" class=\"yoast-schema-graph\">{\"@context\":\"https:\/\/schema.org\",\"@graph\":[{\"@type\":\"WebPage\",\"@id\":\"https:\/\/fengshuifocus.com.sg\/de\/shop\/health\/life-force-amulet-with-7-chakra-jewels\/\",\"url\":\"https:\/\/fengshuifocus.com.sg\/de\/shop\/health\/life-force-amulet-with-7-chakra-jewels\/\",\"name\":\"Life Force Amulet with 7 Chakra Jewels &#8212; Feng Shui Focus\",\"isPartOf\":{\"@id\":\"https:\/\/fengshuifocus.com.sg\/de\/#website\"},\"primaryImageOfPage\":{\"@id\":\"https:\/\/fengshuifocus.com.sg\/de\/shop\/health\/life-force-amulet-with-7-chakra-jewels\/#primaryimage\"},\"image\":{\"@id\":\"https:\/\/fengshuifocus.com.sg\/de\/shop\/health\/life-force-amulet-with-7-chakra-jewels\/#primaryimage\"},\"thumbnailUrl\":\"https:\/\/fengshuifocus.com.sg\/wp-content\/uploads\/2024\/12\/Life-Force-w-7-Chakra-Jewels-front.jpg\",\"datePublished\":\"2024-12-04T22:07:45+00:00\",\"dateModified\":\"2025-12-24T09:06:54+00:00\",\"description\":\"In the Year of the Snake 2025, the Illness Star No 2 dominates the energies, emphasizing the importance of prioritizing health and well-being for everyone.\",\"breadcrumb\":{\"@id\":\"https:\/\/fengshuifocus.com.sg\/de\/shop\/health\/life-force-amulet-with-7-chakra-jewels\/#breadcrumb\"},\"inLanguage\":\"de\",\"potentialAction\":[{\"@type\":\"ReadAction\",\"target\":[\"https:\/\/fengshuifocus.com.sg\/de\/shop\/health\/life-force-amulet-with-7-chakra-jewels\/\"]}]},{\"@type\":\"ImageObject\",\"inLanguage\":\"de\",\"@id\":\"https:\/\/fengshuifocus.com.sg\/de\/shop\/health\/life-force-amulet-with-7-chakra-jewels\/#primaryimage\",\"url\":\"https:\/\/fengshuifocus.com.sg\/wp-content\/uploads\/2024\/12\/Life-Force-w-7-Chakra-Jewels-front.jpg\",\"contentUrl\":\"https:\/\/fengshuifocus.com.sg\/wp-content\/uploads\/2024\/12\/Life-Force-w-7-Chakra-Jewels-front.jpg\",\"width\":815,\"height\":815,\"caption\":\"Life Force w 7 Chakra Jewels front\"},{\"@type\":\"BreadcrumbList\",\"@id\":\"https:\/\/fengshuifocus.com.sg\/de\/shop\/health\/life-force-amulet-with-7-chakra-jewels\/#breadcrumb\",\"itemListElement\":[{\"@type\":\"ListItem\",\"position\":1,\"name\":\"Home\",\"item\":\"https:\/\/fengshuifocus.com.sg\/\"},{\"@type\":\"ListItem\",\"position\":2,\"name\":\"Feng Shui Focus Online Shop\",\"item\":\"https:\/\/fengshuifocus.com.sg\/de\/shop\/\"},{\"@type\":\"ListItem\",\"position\":3,\"name\":\"Life Force Amulet with 7 Chakra Jewels\"}]},{\"@type\":\"WebSite\",\"@id\":\"https:\/\/fengshuifocus.com.sg\/de\/#website\",\"url\":\"https:\/\/fengshuifocus.com.sg\/de\/\",\"name\":\"Feng Shui Focus\",\"description\":\"Praktische L\u00f6sungen f\u00fcr das moderne Zuhause und B\u00fcro\",\"potentialAction\":[{\"@type\":\"SearchAction\",\"target\":{\"@type\":\"EntryPoint\",\"urlTemplate\":\"https:\/\/fengshuifocus.com.sg\/de\/?s={search_term_string}\"},\"query-input\":{\"@type\":\"PropertyValueSpecification\",\"valueRequired\":true,\"valueName\":\"search_term_string\"}}],\"inLanguage\":\"de\"}]}<\/script>\n<!-- \/ Yoast SEO plugin. -->","yoast_head_json":{"title":"Life Force Amulet with 7 Chakra Jewels &#8212; Feng Shui Focus","robots":{"index":"index","follow":"follow","max-snippet":"max-snippet:-1","max-image-preview":"max-image-preview:large","max-video-preview":"max-video-preview:-1"},"canonical":"https:\/\/fengshuifocus.com.sg\/de\/shop\/health\/life-force-amulet-with-7-chakra-jewels\/","og_locale":"de_DE","og_type":"article","og_title":"Life Force Amulet with 7 Chakra Jewels","og_description":"In the Year of the Snake 2025, the Illness Star No 2 dominates the energies, emphasizing the importance of prioritizing health and well-being for everyone.","og_url":"https:\/\/fengshuifocus.com.sg\/de\/shop\/health\/life-force-amulet-with-7-chakra-jewels\/","og_site_name":"Feng Shui Focus","article_publisher":"https:\/\/www.facebook.com\/Feng-Shui-Focus-176469115722739\/?hc_ref=ARQeIaM_dqGJoG1GyHcEnC9wqA9DE2VYU7MZosxhMrw4oVdQfkxNRxrsDKl-F7yxicA","article_modified_time":"2025-12-24T09:06:54+00:00","og_image":[{"width":1024,"height":1024,"url":"https:\/\/fengshuifocus.com.sg\/wp-content\/uploads\/2024\/12\/Life-Force-w-7-Chakra-Jewels-Lifestyle-300x300.jpg","type":"image\/jpeg"}],"twitter_card":"summary_large_image","twitter_site":"@FengShuiFocus","twitter_misc":{"Gesch\u00e4tzte Lesezeit":"2\u00a0Minuten"},"schema":{"@context":"https:\/\/schema.org","@graph":[{"@type":"WebPage","@id":"https:\/\/fengshuifocus.com.sg\/de\/shop\/health\/life-force-amulet-with-7-chakra-jewels\/","url":"https:\/\/fengshuifocus.com.sg\/de\/shop\/health\/life-force-amulet-with-7-chakra-jewels\/","name":"Life Force Amulet with 7 Chakra Jewels &#8212; Feng Shui Focus","isPartOf":{"@id":"https:\/\/fengshuifocus.com.sg\/de\/#website"},"primaryImageOfPage":{"@id":"https:\/\/fengshuifocus.com.sg\/de\/shop\/health\/life-force-amulet-with-7-chakra-jewels\/#primaryimage"},"image":{"@id":"https:\/\/fengshuifocus.com.sg\/de\/shop\/health\/life-force-amulet-with-7-chakra-jewels\/#primaryimage"},"thumbnailUrl":"https:\/\/fengshuifocus.com.sg\/wp-content\/uploads\/2024\/12\/Life-Force-w-7-Chakra-Jewels-front.jpg","datePublished":"2024-12-04T22:07:45+00:00","dateModified":"2025-12-24T09:06:54+00:00","description":"In the Year of the Snake 2025, the Illness Star No 2 dominates the energies, emphasizing the importance of prioritizing health and well-being for everyone.","breadcrumb":{"@id":"https:\/\/fengshuifocus.com.sg\/de\/shop\/health\/life-force-amulet-with-7-chakra-jewels\/#breadcrumb"},"inLanguage":"de","potentialAction":[{"@type":"ReadAction","target":["https:\/\/fengshuifocus.com.sg\/de\/shop\/health\/life-force-amulet-with-7-chakra-jewels\/"]}]},{"@type":"ImageObject","inLanguage":"de","@id":"https:\/\/fengshuifocus.com.sg\/de\/shop\/health\/life-force-amulet-with-7-chakra-jewels\/#primaryimage","url":"https:\/\/fengshuifocus.com.sg\/wp-content\/uploads\/2024\/12\/Life-Force-w-7-Chakra-Jewels-front.jpg","contentUrl":"https:\/\/fengshuifocus.com.sg\/wp-content\/uploads\/2024\/12\/Life-Force-w-7-Chakra-Jewels-front.jpg","width":815,"height":815,"caption":"Life Force w 7 Chakra Jewels front"},{"@type":"BreadcrumbList","@id":"https:\/\/fengshuifocus.com.sg\/de\/shop\/health\/life-force-amulet-with-7-chakra-jewels\/#breadcrumb","itemListElement":[{"@type":"ListItem","position":1,"name":"Home","item":"https:\/\/fengshuifocus.com.sg\/"},{"@type":"ListItem","position":2,"name":"Feng Shui Focus Online Shop","item":"https:\/\/fengshuifocus.com.sg\/de\/shop\/"},{"@type":"ListItem","position":3,"name":"Life Force Amulet with 7 Chakra Jewels"}]},{"@type":"WebSite","@id":"https:\/\/fengshuifocus.com.sg\/de\/#website","url":"https:\/\/fengshuifocus.com.sg\/de\/","name":"Feng Shui Focus","description":"Praktische L\u00f6sungen f\u00fcr das moderne Zuhause und B\u00fcro","potentialAction":[{"@type":"SearchAction","target":{"@type":"EntryPoint","urlTemplate":"https:\/\/fengshuifocus.com.sg\/de\/?s={search_term_string}"},"query-input":{"@type":"PropertyValueSpecification","valueRequired":true,"valueName":"search_term_string"}}],"inLanguage":"de"}]}},"post_mailing_queue_ids":[],"_links":{"self":[{"href":"https:\/\/fengshuifocus.com.sg\/de\/wp-json\/wp\/v2\/product\/12903","targetHints":{"allow":["GET"]}}],"collection":[{"href":"https:\/\/fengshuifocus.com.sg\/de\/wp-json\/wp\/v2\/product"}],"about":[{"href":"https:\/\/fengshuifocus.com.sg\/de\/wp-json\/wp\/v2\/types\/product"}],"wp:featuredmedia":[{"embeddable":true,"href":"https:\/\/fengshuifocus.com.sg\/de\/wp-json\/wp\/v2\/media\/12905"}],"wp:attachment":[{"href":"https:\/\/fengshuifocus.com.sg\/de\/wp-json\/wp\/v2\/media?parent=12903"}],"wp:term":[{"taxonomy":"product_brand","embeddable":true,"href":"https:\/\/fengshuifocus.com.sg\/de\/wp-json\/wp\/v2\/product_brand?post=12903"},{"taxonomy":"product_cat","embeddable":true,"href":"https:\/\/fengshuifocus.com.sg\/de\/wp-json\/wp\/v2\/product_cat?post=12903"},{"taxonomy":"product_tag","embeddable":true,"href":"https:\/\/fengshuifocus.com.sg\/de\/wp-json\/wp\/v2\/product_tag?post=12903"}],"curies":[{"name":"wp","href":"https:\/\/api.w.org\/{rel}","templated":true}]}}