{"id":12911,"date":"2024-12-05T23:29:42","date_gmt":"2024-12-05T22:29:42","guid":{"rendered":"https:\/\/fengshuifocus.com.sg\/?post_type=product&#038;p=12911"},"modified":"2025-12-21T01:07:23","modified_gmt":"2025-12-21T00:07:23","slug":"5-blessings-wu-lou-amulet-2025","status":"publish","type":"product","link":"https:\/\/fengshuifocus.com.sg\/de\/shop\/health\/5-blessings-wu-lou-amulet-2025\/","title":{"rendered":"5 Blessings Wu Lou Amulet 2025"},"content":{"rendered":"<p>In 2025, the No 2 Illness Star plays a dominant role in the year\u2019s Feng Shui chart, affecting everyone. If left unattended, the No 2 Star can bring danger of illness, low energy and reduced motivation. This is not to be taken lightly, because the No 2 Star is very strong this year. Therefore, everybody ought to carry a 5 Blessings Wu Lou Amulet to help subdue the illness chi of the year and boost their energy levels.<\/p>\n<p>However, during Period 9, the No 2 Star also holds the potential to attract wealth and good fortune in many areas of life when properly activated.<\/p>\n<p>The 5 Blessings Wu Lou Amulet, decorated with Five Bats symbolising the Five Blessings \u2013 longevity, wealth, health, love, and virtue \u2013 is a powerful tool to transform the year\u2019s energies in your favour and help you make your dreams come true.<\/p>\n<p>And don\u2019t you just love the deep purple colour?!<\/p>\n<p><strong>This amulet is highly recommended for all zodiac animal signs in 2025. <\/strong><\/p>\n<span class=\"\" style=\"display:block;clear:both;height: 0px;padding-top: 20px;border-top-width:0px;border-bottom-width:0px;\"><\/span>\n<p>Measurements:\u00a0\u00a0\u00a0 approx. H 6.7cm x W 3.3cm without chain.<\/p>\n<span class=\"\" style=\"display:block;clear:both;height: 0px;padding-top: 20px;border-top-width:0px;border-bottom-width:0px;\"><\/span>\n","protected":false},"excerpt":{"rendered":"<p>In 2025, the No 2 Illness Star plays a dominant role in the year\u2019s Feng Shui chart, affecting everyone. If left unattended, the No 2 Star can bring danger of illness, low energy and reduced motivation. This is not to be taken lightly, because the No 2 Star is very strong this year. Therefore, everybody ought to carry a 5 Blessings Wu Lou Amulet to help subdue the illness chi of the year and boost their energy levels.<\/p>\n[spacer height=\"20px\"]\n","protected":false},"featured_media":12916,"template":"","meta":{"kt_blocks_editor_width":"","_monsterinsights_skip_tracking":false,"_monsterinsights_sitenote_active":false,"_monsterinsights_sitenote_note":"","_monsterinsights_sitenote_category":0},"product_brand":[],"product_cat":[374,375],"product_tag":[750,387,396,696,508,749,386],"class_list":{"0":"post-12911","1":"product","2":"type-product","3":"status-publish","4":"has-post-thumbnail","6":"product_cat-health","7":"product_cat-wealth","8":"product_tag-bats","9":"product_tag-health","10":"product_tag-illness","11":"product_tag-longevity","12":"product_tag-love","13":"product_tag-virtue","14":"product_tag-wealth","16":"first","17":"instock","18":"shipping-taxable","19":"purchasable","20":"product-type-simple"},"translation":{"provider":"WPGlobus","version":"3.0.0","language":"de","enabled_languages":["en","de"],"languages":{"en":{"title":true,"content":true,"excerpt":true},"de":{"title":false,"content":false,"excerpt":false}}},"yoast_head":"<!-- This site is optimized with the Yoast SEO plugin v26.4 - https:\/\/yoast.com\/wordpress\/plugins\/seo\/ -->\n<title>5 Blessings Wu Lou Amulet 2025 &#8212; Feng Shui Focus<\/title>\n<meta name=\"robots\" content=\"index, follow, max-snippet:-1, max-image-preview:large, max-video-preview:-1\" \/>\n<link rel=\"canonical\" href=\"http:\/\/fengshuifocus.com.sg\/shop\/health\/5-blessings-wu-lou-amulet-2025\/\" \/>\n<meta property=\"og:locale\" content=\"de_DE\" \/>\n<meta property=\"og:type\" content=\"article\" \/>\n<meta property=\"og:title\" content=\"5 Blessings Wu Lou Amulet 2025\" \/>\n<meta property=\"og:description\" content=\"Everybody ought to carry a 5 Blessings Wu Lou Amulet to help subdue the illness chi of the year and boost their energy levels.\" \/>\n<meta property=\"og:url\" content=\"http:\/\/fengshuifocus.com.sg\/shop\/health\/5-blessings-wu-lou-amulet-2025\/\" \/>\n<meta property=\"og:site_name\" content=\"Feng Shui Focus\" \/>\n<meta property=\"article:publisher\" content=\"https:\/\/www.facebook.com\/Feng-Shui-Focus-176469115722739\/?hc_ref=ARQeIaM_dqGJoG1GyHcEnC9wqA9DE2VYU7MZosxhMrw4oVdQfkxNRxrsDKl-F7yxicA\" \/>\n<meta property=\"article:modified_time\" content=\"2025-12-21T00:07:23+00:00\" \/>\n<meta property=\"og:image\" content=\"http:\/\/fengshuifocus.com.sg\/wp-content\/uploads\/2024\/12\/5-Blessings-Wu-Lou-Amulet.jpg\" \/>\n\t<meta property=\"og:image:width\" content=\"875\" \/>\n\t<meta property=\"og:image:height\" content=\"875\" \/>\n\t<meta property=\"og:image:type\" content=\"image\/jpeg\" \/>\n<meta name=\"twitter:card\" content=\"summary_large_image\" \/>\n<meta name=\"twitter:site\" content=\"@FengShuiFocus\" \/>\n<meta name=\"twitter:label1\" content=\"Gesch\u00e4tzte Lesezeit\" \/>\n\t<meta name=\"twitter:data1\" content=\"1\u00a0Minute\" \/>\n<script type=\"application\/ld+json\" class=\"yoast-schema-graph\">{\"@context\":\"https:\/\/schema.org\",\"@graph\":[{\"@type\":\"WebPage\",\"@id\":\"http:\/\/fengshuifocus.com.sg\/shop\/health\/5-blessings-wu-lou-amulet-2025\/\",\"url\":\"http:\/\/fengshuifocus.com.sg\/shop\/health\/5-blessings-wu-lou-amulet-2025\/\",\"name\":\"5 Blessings Wu Lou Amulet 2025 &#8212; Feng Shui Focus\",\"isPartOf\":{\"@id\":\"https:\/\/fengshuifocus.com.sg\/de\/#website\"},\"primaryImageOfPage\":{\"@id\":\"http:\/\/fengshuifocus.com.sg\/shop\/health\/5-blessings-wu-lou-amulet-2025\/#primaryimage\"},\"image\":{\"@id\":\"http:\/\/fengshuifocus.com.sg\/shop\/health\/5-blessings-wu-lou-amulet-2025\/#primaryimage\"},\"thumbnailUrl\":\"https:\/\/fengshuifocus.com.sg\/wp-content\/uploads\/2024\/12\/5-Blessings-Wu-Lou-Amulet.jpg\",\"datePublished\":\"2024-12-05T22:29:42+00:00\",\"dateModified\":\"2025-12-21T00:07:23+00:00\",\"description\":\"Everybody ought to carry a 5 Blessings Wu Lou Amulet to help subdue the illness chi of the year and boost their energy levels.\",\"breadcrumb\":{\"@id\":\"http:\/\/fengshuifocus.com.sg\/shop\/health\/5-blessings-wu-lou-amulet-2025\/#breadcrumb\"},\"inLanguage\":\"de\",\"potentialAction\":[{\"@type\":\"ReadAction\",\"target\":[\"http:\/\/fengshuifocus.com.sg\/shop\/health\/5-blessings-wu-lou-amulet-2025\/\"]}]},{\"@type\":\"ImageObject\",\"inLanguage\":\"de\",\"@id\":\"http:\/\/fengshuifocus.com.sg\/shop\/health\/5-blessings-wu-lou-amulet-2025\/#primaryimage\",\"url\":\"https:\/\/fengshuifocus.com.sg\/wp-content\/uploads\/2024\/12\/5-Blessings-Wu-Lou-Amulet.jpg\",\"contentUrl\":\"https:\/\/fengshuifocus.com.sg\/wp-content\/uploads\/2024\/12\/5-Blessings-Wu-Lou-Amulet.jpg\",\"width\":875,\"height\":875,\"caption\":\"5 Blessings Wu Lou Amulet\"},{\"@type\":\"BreadcrumbList\",\"@id\":\"http:\/\/fengshuifocus.com.sg\/shop\/health\/5-blessings-wu-lou-amulet-2025\/#breadcrumb\",\"itemListElement\":[{\"@type\":\"ListItem\",\"position\":1,\"name\":\"Home\",\"item\":\"https:\/\/fengshuifocus.com.sg\/\"},{\"@type\":\"ListItem\",\"position\":2,\"name\":\"Feng Shui Focus Online Shop\",\"item\":\"https:\/\/fengshuifocus.com.sg\/de\/shop\/\"},{\"@type\":\"ListItem\",\"position\":3,\"name\":\"5 Blessings Wu Lou Amulet 2025\"}]},{\"@type\":\"WebSite\",\"@id\":\"https:\/\/fengshuifocus.com.sg\/de\/#website\",\"url\":\"https:\/\/fengshuifocus.com.sg\/de\/\",\"name\":\"Feng Shui Focus\",\"description\":\"Praktische L\u00f6sungen f\u00fcr das moderne Zuhause und B\u00fcro\",\"potentialAction\":[{\"@type\":\"SearchAction\",\"target\":{\"@type\":\"EntryPoint\",\"urlTemplate\":\"https:\/\/fengshuifocus.com.sg\/de\/?s={search_term_string}\"},\"query-input\":{\"@type\":\"PropertyValueSpecification\",\"valueRequired\":true,\"valueName\":\"search_term_string\"}}],\"inLanguage\":\"de\"}]}<\/script>\n<!-- \/ Yoast SEO plugin. -->","yoast_head_json":{"title":"5 Blessings Wu Lou Amulet 2025 &#8212; Feng Shui Focus","robots":{"index":"index","follow":"follow","max-snippet":"max-snippet:-1","max-image-preview":"max-image-preview:large","max-video-preview":"max-video-preview:-1"},"canonical":"http:\/\/fengshuifocus.com.sg\/shop\/health\/5-blessings-wu-lou-amulet-2025\/","og_locale":"de_DE","og_type":"article","og_title":"5 Blessings Wu Lou Amulet 2025","og_description":"Everybody ought to carry a 5 Blessings Wu Lou Amulet to help subdue the illness chi of the year and boost their energy levels.","og_url":"http:\/\/fengshuifocus.com.sg\/shop\/health\/5-blessings-wu-lou-amulet-2025\/","og_site_name":"Feng Shui Focus","article_publisher":"https:\/\/www.facebook.com\/Feng-Shui-Focus-176469115722739\/?hc_ref=ARQeIaM_dqGJoG1GyHcEnC9wqA9DE2VYU7MZosxhMrw4oVdQfkxNRxrsDKl-F7yxicA","article_modified_time":"2025-12-21T00:07:23+00:00","og_image":[{"width":875,"height":875,"url":"http:\/\/fengshuifocus.com.sg\/wp-content\/uploads\/2024\/12\/5-Blessings-Wu-Lou-Amulet.jpg","type":"image\/jpeg"}],"twitter_card":"summary_large_image","twitter_site":"@FengShuiFocus","twitter_misc":{"Gesch\u00e4tzte Lesezeit":"1\u00a0Minute"},"schema":{"@context":"https:\/\/schema.org","@graph":[{"@type":"WebPage","@id":"http:\/\/fengshuifocus.com.sg\/shop\/health\/5-blessings-wu-lou-amulet-2025\/","url":"http:\/\/fengshuifocus.com.sg\/shop\/health\/5-blessings-wu-lou-amulet-2025\/","name":"5 Blessings Wu Lou Amulet 2025 &#8212; Feng Shui Focus","isPartOf":{"@id":"https:\/\/fengshuifocus.com.sg\/de\/#website"},"primaryImageOfPage":{"@id":"http:\/\/fengshuifocus.com.sg\/shop\/health\/5-blessings-wu-lou-amulet-2025\/#primaryimage"},"image":{"@id":"http:\/\/fengshuifocus.com.sg\/shop\/health\/5-blessings-wu-lou-amulet-2025\/#primaryimage"},"thumbnailUrl":"https:\/\/fengshuifocus.com.sg\/wp-content\/uploads\/2024\/12\/5-Blessings-Wu-Lou-Amulet.jpg","datePublished":"2024-12-05T22:29:42+00:00","dateModified":"2025-12-21T00:07:23+00:00","description":"Everybody ought to carry a 5 Blessings Wu Lou Amulet to help subdue the illness chi of the year and boost their energy levels.","breadcrumb":{"@id":"http:\/\/fengshuifocus.com.sg\/shop\/health\/5-blessings-wu-lou-amulet-2025\/#breadcrumb"},"inLanguage":"de","potentialAction":[{"@type":"ReadAction","target":["http:\/\/fengshuifocus.com.sg\/shop\/health\/5-blessings-wu-lou-amulet-2025\/"]}]},{"@type":"ImageObject","inLanguage":"de","@id":"http:\/\/fengshuifocus.com.sg\/shop\/health\/5-blessings-wu-lou-amulet-2025\/#primaryimage","url":"https:\/\/fengshuifocus.com.sg\/wp-content\/uploads\/2024\/12\/5-Blessings-Wu-Lou-Amulet.jpg","contentUrl":"https:\/\/fengshuifocus.com.sg\/wp-content\/uploads\/2024\/12\/5-Blessings-Wu-Lou-Amulet.jpg","width":875,"height":875,"caption":"5 Blessings Wu Lou Amulet"},{"@type":"BreadcrumbList","@id":"http:\/\/fengshuifocus.com.sg\/shop\/health\/5-blessings-wu-lou-amulet-2025\/#breadcrumb","itemListElement":[{"@type":"ListItem","position":1,"name":"Home","item":"https:\/\/fengshuifocus.com.sg\/"},{"@type":"ListItem","position":2,"name":"Feng Shui Focus Online Shop","item":"https:\/\/fengshuifocus.com.sg\/de\/shop\/"},{"@type":"ListItem","position":3,"name":"5 Blessings Wu Lou Amulet 2025"}]},{"@type":"WebSite","@id":"https:\/\/fengshuifocus.com.sg\/de\/#website","url":"https:\/\/fengshuifocus.com.sg\/de\/","name":"Feng Shui Focus","description":"Praktische L\u00f6sungen f\u00fcr das moderne Zuhause und B\u00fcro","potentialAction":[{"@type":"SearchAction","target":{"@type":"EntryPoint","urlTemplate":"https:\/\/fengshuifocus.com.sg\/de\/?s={search_term_string}"},"query-input":{"@type":"PropertyValueSpecification","valueRequired":true,"valueName":"search_term_string"}}],"inLanguage":"de"}]}},"post_mailing_queue_ids":[],"_links":{"self":[{"href":"https:\/\/fengshuifocus.com.sg\/de\/wp-json\/wp\/v2\/product\/12911","targetHints":{"allow":["GET"]}}],"collection":[{"href":"https:\/\/fengshuifocus.com.sg\/de\/wp-json\/wp\/v2\/product"}],"about":[{"href":"https:\/\/fengshuifocus.com.sg\/de\/wp-json\/wp\/v2\/types\/product"}],"wp:featuredmedia":[{"embeddable":true,"href":"https:\/\/fengshuifocus.com.sg\/de\/wp-json\/wp\/v2\/media\/12916"}],"wp:attachment":[{"href":"https:\/\/fengshuifocus.com.sg\/de\/wp-json\/wp\/v2\/media?parent=12911"}],"wp:term":[{"taxonomy":"product_brand","embeddable":true,"href":"https:\/\/fengshuifocus.com.sg\/de\/wp-json\/wp\/v2\/product_brand?post=12911"},{"taxonomy":"product_cat","embeddable":true,"href":"https:\/\/fengshuifocus.com.sg\/de\/wp-json\/wp\/v2\/product_cat?post=12911"},{"taxonomy":"product_tag","embeddable":true,"href":"https:\/\/fengshuifocus.com.sg\/de\/wp-json\/wp\/v2\/product_tag?post=12911"}],"curies":[{"name":"wp","href":"https:\/\/api.w.org\/{rel}","templated":true}]}}