{"id":12921,"date":"2024-12-05T23:41:23","date_gmt":"2024-12-05T22:41:23","guid":{"rendered":"https:\/\/fengshuifocus.com.sg\/?post_type=product&#038;p=12921"},"modified":"2025-12-21T01:07:12","modified_gmt":"2025-12-21T00:07:12","slug":"5-element-pagoda-amulet-2025","status":"publish","type":"product","link":"https:\/\/fengshuifocus.com.sg\/de\/shop\/protection\/5-element-pagoda-amulet-2025\/","title":{"rendered":"5 Element Pagoda Amulet 2025"},"content":{"rendered":"<p>The dangerous No 5 Misfortune Star \u2013 also known as the \u201cFive Yellow\u201d \u2013 is very strong this year, as it flies into the NE, an Earth element sector. It is therefore important for those animal signs who are affected to carry this new Five Element Pagoda Amulet with Om Ah Hum for protection.<\/p>\n<p>It does not help to have the Robbery Star from the 24 Mountains in the NE as well, as this further amplifies its harmful impact.<\/p>\n<p>This year, the Five Element Pagoda Amulet features the 8 Auspicious Objects, specially designed to transform misfortune into good fortune and invite eight types of blessings. The number 8, associated with the NE in the Later Heaven Pa Kua, enhances the amulet\u2019s power even further.<\/p>\n<p>Given the increased strength of the Five Yellow affliction, all zodiac animal signs can benefit from carrying this protective keychain in 2025. However, it is particularly recommended for those born in the Years of the Ox or Tiger.<span class=\"\" style=\"display:block;clear:both;height: 0px;padding-top: 20px;border-top-width:0px;border-bottom-width:0px;\"><\/span>\n<p><strong>In 2025 highly recommended for: <\/strong><\/p>\n<ul>\n<li><strong>People born in the Years of the Ox or Tiger.<\/strong><\/li>\n<li><strong>The youngest son<\/strong><\/li>\n<li><strong>People living in NE-facing homes <\/strong><\/li>\n<li><strong>People who spend a lot of time in the NE (e.g. bedroom or home office). <\/strong><\/li>\n<\/ul>\n<span class=\"\" style=\"display:block;clear:both;height: 0px;padding-top: 20px;border-top-width:0px;border-bottom-width:0px;\"><\/span>\n<p>Measurements: \u00a0\u00a0 approx. H 5.4cm x W 3.5cm without chain.<\/p>\n<span class=\"\" style=\"display:block;clear:both;height: 0px;padding-top: 20px;border-top-width:0px;border-bottom-width:0px;\"><\/span>\n","protected":false},"excerpt":{"rendered":"<p>The dangerous No 5 Misfortune Star \u2013 also known as the \u201cFive Yellow\u201d \u2013 is very strong this year, as it flies into the NE, an Earth element sector. It is therefore important for those animal signs who are affected to carry this new Five Element Pagoda Amulet with Om Ah Hum for protection.<\/p>\n[spacer height=\"20px\"]\n","protected":false},"featured_media":12923,"template":"","meta":{"kt_blocks_editor_width":"","_monsterinsights_skip_tracking":false,"_monsterinsights_sitenote_active":false,"_monsterinsights_sitenote_note":"","_monsterinsights_sitenote_category":0},"product_brand":[],"product_cat":[377],"product_tag":[514,689,429,396,428,503,648],"class_list":{"0":"post-12921","1":"product","2":"type-product","3":"status-publish","4":"has-post-thumbnail","6":"product_cat-protection","7":"product_tag-accidents","8":"product_tag-danger","9":"product_tag-five-yellow","10":"product_tag-illness","11":"product_tag-misfortune","12":"product_tag-protection","13":"product_tag-wu-wang","15":"first","16":"instock","17":"shipping-taxable","18":"purchasable","19":"product-type-simple"},"translation":{"provider":"WPGlobus","version":"3.0.0","language":"de","enabled_languages":["en","de"],"languages":{"en":{"title":true,"content":true,"excerpt":true},"de":{"title":false,"content":false,"excerpt":false}}},"yoast_head":"<!-- This site is optimized with the Yoast SEO plugin v26.4 - https:\/\/yoast.com\/wordpress\/plugins\/seo\/ -->\n<title>5 Element Pagoda Amulet 2025 &#8212; Feng Shui Focus<\/title>\n<meta name=\"robots\" content=\"index, follow, max-snippet:-1, max-image-preview:large, max-video-preview:-1\" \/>\n<link rel=\"canonical\" href=\"https:\/\/fengshuifocus.com.sg\/shop\/protection\/5-element-pagoda-amulet-2025\/\" \/>\n<meta property=\"og:locale\" content=\"de_DE\" \/>\n<meta property=\"og:type\" content=\"article\" \/>\n<meta property=\"og:title\" content=\"5 Element Pagoda Amulet 2025\" \/>\n<meta property=\"og:description\" content=\"The dangerous No 5 Misfortune Star \u2013 also known as the \u201cFive Yellow\u201d \u2013 is very strong this year, as it flies into the NE, an Earth element sector.\" \/>\n<meta property=\"og:url\" content=\"https:\/\/fengshuifocus.com.sg\/shop\/protection\/5-element-pagoda-amulet-2025\/\" \/>\n<meta property=\"og:site_name\" content=\"Feng Shui Focus\" \/>\n<meta property=\"article:publisher\" content=\"https:\/\/www.facebook.com\/Feng-Shui-Focus-176469115722739\/?hc_ref=ARQeIaM_dqGJoG1GyHcEnC9wqA9DE2VYU7MZosxhMrw4oVdQfkxNRxrsDKl-F7yxicA\" \/>\n<meta property=\"article:modified_time\" content=\"2025-12-21T00:07:12+00:00\" \/>\n<meta property=\"og:image\" content=\"https:\/\/fengshuifocus.com.sg\/wp-content\/uploads\/2024\/12\/5-Element-Pagoda-Amulet-300x300.jpg\" \/>\n\t<meta property=\"og:image:width\" content=\"850\" \/>\n\t<meta property=\"og:image:height\" content=\"850\" \/>\n\t<meta property=\"og:image:type\" content=\"image\/jpeg\" \/>\n<meta name=\"twitter:card\" content=\"summary_large_image\" \/>\n<meta name=\"twitter:site\" content=\"@FengShuiFocus\" \/>\n<meta name=\"twitter:label1\" content=\"Gesch\u00e4tzte Lesezeit\" \/>\n\t<meta name=\"twitter:data1\" content=\"2\u00a0Minuten\" \/>\n<script type=\"application\/ld+json\" class=\"yoast-schema-graph\">{\"@context\":\"https:\/\/schema.org\",\"@graph\":[{\"@type\":\"WebPage\",\"@id\":\"https:\/\/fengshuifocus.com.sg\/shop\/protection\/5-element-pagoda-amulet-2025\/\",\"url\":\"https:\/\/fengshuifocus.com.sg\/shop\/protection\/5-element-pagoda-amulet-2025\/\",\"name\":\"5 Element Pagoda Amulet 2025 &#8212; Feng Shui Focus\",\"isPartOf\":{\"@id\":\"https:\/\/fengshuifocus.com.sg\/de\/#website\"},\"primaryImageOfPage\":{\"@id\":\"https:\/\/fengshuifocus.com.sg\/shop\/protection\/5-element-pagoda-amulet-2025\/#primaryimage\"},\"image\":{\"@id\":\"https:\/\/fengshuifocus.com.sg\/shop\/protection\/5-element-pagoda-amulet-2025\/#primaryimage\"},\"thumbnailUrl\":\"https:\/\/fengshuifocus.com.sg\/wp-content\/uploads\/2024\/12\/5-Element-Pagoda-Amulet.jpg\",\"datePublished\":\"2024-12-05T22:41:23+00:00\",\"dateModified\":\"2025-12-21T00:07:12+00:00\",\"description\":\"The dangerous No 5 Misfortune Star \u2013 also known as the \u201cFive Yellow\u201d \u2013 is very strong this year, as it flies into the NE, an Earth element sector.\",\"breadcrumb\":{\"@id\":\"https:\/\/fengshuifocus.com.sg\/shop\/protection\/5-element-pagoda-amulet-2025\/#breadcrumb\"},\"inLanguage\":\"de\",\"potentialAction\":[{\"@type\":\"ReadAction\",\"target\":[\"https:\/\/fengshuifocus.com.sg\/shop\/protection\/5-element-pagoda-amulet-2025\/\"]}]},{\"@type\":\"ImageObject\",\"inLanguage\":\"de\",\"@id\":\"https:\/\/fengshuifocus.com.sg\/shop\/protection\/5-element-pagoda-amulet-2025\/#primaryimage\",\"url\":\"https:\/\/fengshuifocus.com.sg\/wp-content\/uploads\/2024\/12\/5-Element-Pagoda-Amulet.jpg\",\"contentUrl\":\"https:\/\/fengshuifocus.com.sg\/wp-content\/uploads\/2024\/12\/5-Element-Pagoda-Amulet.jpg\",\"width\":850,\"height\":850,\"caption\":\"5 Element Pagoda Amulet\"},{\"@type\":\"BreadcrumbList\",\"@id\":\"https:\/\/fengshuifocus.com.sg\/shop\/protection\/5-element-pagoda-amulet-2025\/#breadcrumb\",\"itemListElement\":[{\"@type\":\"ListItem\",\"position\":1,\"name\":\"Home\",\"item\":\"https:\/\/fengshuifocus.com.sg\/\"},{\"@type\":\"ListItem\",\"position\":2,\"name\":\"Feng Shui Focus Online Shop\",\"item\":\"https:\/\/fengshuifocus.com.sg\/de\/shop\/\"},{\"@type\":\"ListItem\",\"position\":3,\"name\":\"5 Element Pagoda Amulet 2025\"}]},{\"@type\":\"WebSite\",\"@id\":\"https:\/\/fengshuifocus.com.sg\/de\/#website\",\"url\":\"https:\/\/fengshuifocus.com.sg\/de\/\",\"name\":\"Feng Shui Focus\",\"description\":\"Praktische L\u00f6sungen f\u00fcr das moderne Zuhause und B\u00fcro\",\"potentialAction\":[{\"@type\":\"SearchAction\",\"target\":{\"@type\":\"EntryPoint\",\"urlTemplate\":\"https:\/\/fengshuifocus.com.sg\/de\/?s={search_term_string}\"},\"query-input\":{\"@type\":\"PropertyValueSpecification\",\"valueRequired\":true,\"valueName\":\"search_term_string\"}}],\"inLanguage\":\"de\"}]}<\/script>\n<!-- \/ Yoast SEO plugin. -->","yoast_head_json":{"title":"5 Element Pagoda Amulet 2025 &#8212; Feng Shui Focus","robots":{"index":"index","follow":"follow","max-snippet":"max-snippet:-1","max-image-preview":"max-image-preview:large","max-video-preview":"max-video-preview:-1"},"canonical":"https:\/\/fengshuifocus.com.sg\/shop\/protection\/5-element-pagoda-amulet-2025\/","og_locale":"de_DE","og_type":"article","og_title":"5 Element Pagoda Amulet 2025","og_description":"The dangerous No 5 Misfortune Star \u2013 also known as the \u201cFive Yellow\u201d \u2013 is very strong this year, as it flies into the NE, an Earth element sector.","og_url":"https:\/\/fengshuifocus.com.sg\/shop\/protection\/5-element-pagoda-amulet-2025\/","og_site_name":"Feng Shui Focus","article_publisher":"https:\/\/www.facebook.com\/Feng-Shui-Focus-176469115722739\/?hc_ref=ARQeIaM_dqGJoG1GyHcEnC9wqA9DE2VYU7MZosxhMrw4oVdQfkxNRxrsDKl-F7yxicA","article_modified_time":"2025-12-21T00:07:12+00:00","og_image":[{"width":850,"height":850,"url":"https:\/\/fengshuifocus.com.sg\/wp-content\/uploads\/2024\/12\/5-Element-Pagoda-Amulet-300x300.jpg","type":"image\/jpeg"}],"twitter_card":"summary_large_image","twitter_site":"@FengShuiFocus","twitter_misc":{"Gesch\u00e4tzte Lesezeit":"2\u00a0Minuten"},"schema":{"@context":"https:\/\/schema.org","@graph":[{"@type":"WebPage","@id":"https:\/\/fengshuifocus.com.sg\/shop\/protection\/5-element-pagoda-amulet-2025\/","url":"https:\/\/fengshuifocus.com.sg\/shop\/protection\/5-element-pagoda-amulet-2025\/","name":"5 Element Pagoda Amulet 2025 &#8212; Feng Shui Focus","isPartOf":{"@id":"https:\/\/fengshuifocus.com.sg\/de\/#website"},"primaryImageOfPage":{"@id":"https:\/\/fengshuifocus.com.sg\/shop\/protection\/5-element-pagoda-amulet-2025\/#primaryimage"},"image":{"@id":"https:\/\/fengshuifocus.com.sg\/shop\/protection\/5-element-pagoda-amulet-2025\/#primaryimage"},"thumbnailUrl":"https:\/\/fengshuifocus.com.sg\/wp-content\/uploads\/2024\/12\/5-Element-Pagoda-Amulet.jpg","datePublished":"2024-12-05T22:41:23+00:00","dateModified":"2025-12-21T00:07:12+00:00","description":"The dangerous No 5 Misfortune Star \u2013 also known as the \u201cFive Yellow\u201d \u2013 is very strong this year, as it flies into the NE, an Earth element sector.","breadcrumb":{"@id":"https:\/\/fengshuifocus.com.sg\/shop\/protection\/5-element-pagoda-amulet-2025\/#breadcrumb"},"inLanguage":"de","potentialAction":[{"@type":"ReadAction","target":["https:\/\/fengshuifocus.com.sg\/shop\/protection\/5-element-pagoda-amulet-2025\/"]}]},{"@type":"ImageObject","inLanguage":"de","@id":"https:\/\/fengshuifocus.com.sg\/shop\/protection\/5-element-pagoda-amulet-2025\/#primaryimage","url":"https:\/\/fengshuifocus.com.sg\/wp-content\/uploads\/2024\/12\/5-Element-Pagoda-Amulet.jpg","contentUrl":"https:\/\/fengshuifocus.com.sg\/wp-content\/uploads\/2024\/12\/5-Element-Pagoda-Amulet.jpg","width":850,"height":850,"caption":"5 Element Pagoda Amulet"},{"@type":"BreadcrumbList","@id":"https:\/\/fengshuifocus.com.sg\/shop\/protection\/5-element-pagoda-amulet-2025\/#breadcrumb","itemListElement":[{"@type":"ListItem","position":1,"name":"Home","item":"https:\/\/fengshuifocus.com.sg\/"},{"@type":"ListItem","position":2,"name":"Feng Shui Focus Online Shop","item":"https:\/\/fengshuifocus.com.sg\/de\/shop\/"},{"@type":"ListItem","position":3,"name":"5 Element Pagoda Amulet 2025"}]},{"@type":"WebSite","@id":"https:\/\/fengshuifocus.com.sg\/de\/#website","url":"https:\/\/fengshuifocus.com.sg\/de\/","name":"Feng Shui Focus","description":"Praktische L\u00f6sungen f\u00fcr das moderne Zuhause und B\u00fcro","potentialAction":[{"@type":"SearchAction","target":{"@type":"EntryPoint","urlTemplate":"https:\/\/fengshuifocus.com.sg\/de\/?s={search_term_string}"},"query-input":{"@type":"PropertyValueSpecification","valueRequired":true,"valueName":"search_term_string"}}],"inLanguage":"de"}]}},"post_mailing_queue_ids":[],"_links":{"self":[{"href":"https:\/\/fengshuifocus.com.sg\/de\/wp-json\/wp\/v2\/product\/12921","targetHints":{"allow":["GET"]}}],"collection":[{"href":"https:\/\/fengshuifocus.com.sg\/de\/wp-json\/wp\/v2\/product"}],"about":[{"href":"https:\/\/fengshuifocus.com.sg\/de\/wp-json\/wp\/v2\/types\/product"}],"wp:featuredmedia":[{"embeddable":true,"href":"https:\/\/fengshuifocus.com.sg\/de\/wp-json\/wp\/v2\/media\/12923"}],"wp:attachment":[{"href":"https:\/\/fengshuifocus.com.sg\/de\/wp-json\/wp\/v2\/media?parent=12921"}],"wp:term":[{"taxonomy":"product_brand","embeddable":true,"href":"https:\/\/fengshuifocus.com.sg\/de\/wp-json\/wp\/v2\/product_brand?post=12921"},{"taxonomy":"product_cat","embeddable":true,"href":"https:\/\/fengshuifocus.com.sg\/de\/wp-json\/wp\/v2\/product_cat?post=12921"},{"taxonomy":"product_tag","embeddable":true,"href":"https:\/\/fengshuifocus.com.sg\/de\/wp-json\/wp\/v2\/product_tag?post=12921"}],"curies":[{"name":"wp","href":"https:\/\/api.w.org\/{rel}","templated":true}]}}