{"id":12924,"date":"2024-12-05T23:46:32","date_gmt":"2024-12-05T22:46:32","guid":{"rendered":"https:\/\/fengshuifocus.com.sg\/?post_type=product&#038;p=12924"},"modified":"2026-04-07T00:17:28","modified_gmt":"2026-04-06T22:17:28","slug":"peacock-feather-amulet","status":"publish","type":"product","link":"https:\/\/fengshuifocus.com.sg\/de\/shop\/protection\/peacock-feather-amulet\/","title":{"rendered":"Peacock Feather Amulet"},"content":{"rendered":"<p>The captivating eyes on peacock feathers are associated with powerful protective energy. These vibrant patterns are believed to ward off the \u201cevil eye\u201d, rendering you invisible to negative intentions and safeguarding against jealousy and gossip. Beyond their protective qualities, peacock feathers are also much loved for attracting good fortune, fame and recognition.<\/p>\n<p>This Peacock Feather Talisman is paired with the Anti-Burglary Amulet to create a formidable shield against petty crime, financial loss, betrayal and violence, helping you to safeguard your wealth. It is also an excellent travel protector.<\/p>\n<p>It is very effective to protect against the No 7 Burglary &amp; Loss Star as well as the Robbery Star from the 24 Mountains.<span class=\"\" style=\"display:block;clear:both;height: 0px;padding-top: 20px;border-top-width:0px;border-bottom-width:0px;\"><\/span>\n<p><strong>In 2025, highly recommended for: <\/strong><\/p>\n<ul>\n<li><strong>People born in the Year of the Rat, as they are afflicted by the annual No 7 Burglary &amp; Loss Star. <\/strong><\/li>\n<li><strong>People born in the Year of the Tiger, who are afflicted by the Robbery Star from the 24 Mountains. <\/strong><\/li>\n<li><strong>People with bedroom in the NORTH. <\/strong><\/li>\n<li><strong>People living in NORTH-facing homes. <\/strong><\/li>\n<\/ul>\n<span class=\"\" style=\"display:block;clear:both;height: 0px;padding-top: 20px;border-top-width:0px;border-bottom-width:0px;\"><\/span>\n<p>Measurements: \u00a0\u00a0 approx. H 6.3cm x W 3cm without chain<\/p>\n<span class=\"\" style=\"display:block;clear:both;height: 0px;padding-top: 20px;border-top-width:0px;border-bottom-width:0px;\"><\/span>\n","protected":false},"excerpt":{"rendered":"<p>The captivating eyes on peacock feathers are associated with powerful protective energy. These vibrant patterns are believed to ward off the \u201cevil eye\u201d, rendering you invisible to negative intentions and safeguarding against jealousy and gossip. Beyond their protective qualities, peacock feathers are also much loved for attracting good fortune, fame and recognition.<\/p>\n<p>This Peacock Feather Talisman is paired with the Anti-Burglary Amulet to create a formidable shield against petty crime, financial loss, betrayal and violence, helping you to safeguard your wealth. It is also an excellent travel protector.<\/p>\n[spacer height=\"20px\"]\n","protected":false},"featured_media":12928,"template":"","meta":{"kt_blocks_editor_width":"","_monsterinsights_skip_tracking":false,"_monsterinsights_sitenote_active":false,"_monsterinsights_sitenote_note":"","_monsterinsights_sitenote_category":0},"product_brand":[],"product_cat":[377],"product_tag":[514,759,444,516,689,757,445,765,503,446,494],"class_list":{"0":"post-12924","1":"product","2":"type-product","3":"status-publish","4":"has-post-thumbnail","6":"product_cat-protection","7":"product_tag-accidents","8":"product_tag-betrayal","9":"product_tag-burglary","10":"product_tag-cheating","11":"product_tag-danger","12":"product_tag-disaster","13":"product_tag-loss","14":"product_tag-north","15":"product_tag-protection","16":"product_tag-robbery","17":"product_tag-violence","19":"first","20":"instock","21":"shipping-taxable","22":"purchasable","23":"product-type-simple"},"translation":{"provider":"WPGlobus","version":"3.0.0","language":"de","enabled_languages":["en","de"],"languages":{"en":{"title":true,"content":true,"excerpt":true},"de":{"title":false,"content":false,"excerpt":false}}},"yoast_head":"<!-- This site is optimized with the Yoast SEO plugin v26.4 - https:\/\/yoast.com\/wordpress\/plugins\/seo\/ -->\n<title>Peacock Feather Amulet &#8212; Feng Shui Focus<\/title>\n<meta name=\"robots\" content=\"index, follow, max-snippet:-1, max-image-preview:large, max-video-preview:-1\" \/>\n<link rel=\"canonical\" href=\"https:\/\/fengshuifocus.com.sg\/shop\/protection\/peacock-feather-amulet\/\" \/>\n<meta property=\"og:locale\" content=\"de_DE\" \/>\n<meta property=\"og:type\" content=\"article\" \/>\n<meta property=\"og:title\" content=\"Peacock Feather Amulet\" \/>\n<meta property=\"og:description\" content=\"The captivating eyes on peacock feathers are associated with powerful protective energy. These vibrant patterns are believed to ward off the \u201cevil eye\u201d, rendering you invisible to negative intentions and safeguarding against jealousy and gossip.\" \/>\n<meta property=\"og:url\" content=\"https:\/\/fengshuifocus.com.sg\/shop\/protection\/peacock-feather-amulet\/\" \/>\n<meta property=\"og:site_name\" content=\"Feng Shui Focus\" \/>\n<meta property=\"article:publisher\" content=\"https:\/\/www.facebook.com\/Feng-Shui-Focus-176469115722739\/?hc_ref=ARQeIaM_dqGJoG1GyHcEnC9wqA9DE2VYU7MZosxhMrw4oVdQfkxNRxrsDKl-F7yxicA\" \/>\n<meta property=\"article:modified_time\" content=\"2026-04-06T22:17:28+00:00\" \/>\n<meta property=\"og:image\" content=\"https:\/\/fengshuifocus.com.sg\/wp-content\/uploads\/2024\/12\/Peacock-Feather-Lifestyle-2.jpg\" \/>\n\t<meta property=\"og:image:width\" content=\"850\" \/>\n\t<meta property=\"og:image:height\" content=\"850\" \/>\n\t<meta property=\"og:image:type\" content=\"image\/jpeg\" \/>\n<meta name=\"twitter:card\" content=\"summary_large_image\" \/>\n<meta name=\"twitter:site\" content=\"@FengShuiFocus\" \/>\n<meta name=\"twitter:label1\" content=\"Gesch\u00e4tzte Lesezeit\" \/>\n\t<meta name=\"twitter:data1\" content=\"1\u00a0Minute\" \/>\n<script type=\"application\/ld+json\" class=\"yoast-schema-graph\">{\"@context\":\"https:\/\/schema.org\",\"@graph\":[{\"@type\":\"WebPage\",\"@id\":\"https:\/\/fengshuifocus.com.sg\/shop\/protection\/peacock-feather-amulet\/\",\"url\":\"https:\/\/fengshuifocus.com.sg\/shop\/protection\/peacock-feather-amulet\/\",\"name\":\"Peacock Feather Amulet &#8212; Feng Shui Focus\",\"isPartOf\":{\"@id\":\"https:\/\/fengshuifocus.com.sg\/de\/#website\"},\"primaryImageOfPage\":{\"@id\":\"https:\/\/fengshuifocus.com.sg\/shop\/protection\/peacock-feather-amulet\/#primaryimage\"},\"image\":{\"@id\":\"https:\/\/fengshuifocus.com.sg\/shop\/protection\/peacock-feather-amulet\/#primaryimage\"},\"thumbnailUrl\":\"https:\/\/fengshuifocus.com.sg\/wp-content\/uploads\/2024\/12\/Peacock-Feather-Lifestyle-2.jpg\",\"datePublished\":\"2024-12-05T22:46:32+00:00\",\"dateModified\":\"2026-04-06T22:17:28+00:00\",\"description\":\"The captivating eyes on peacock feathers are associated with powerful protective energy. These vibrant patterns are believed to ward off the \u201cevil eye\u201d, rendering you invisible to negative intentions and safeguarding against jealousy and gossip.\",\"breadcrumb\":{\"@id\":\"https:\/\/fengshuifocus.com.sg\/shop\/protection\/peacock-feather-amulet\/#breadcrumb\"},\"inLanguage\":\"de\",\"potentialAction\":[{\"@type\":\"ReadAction\",\"target\":[\"https:\/\/fengshuifocus.com.sg\/shop\/protection\/peacock-feather-amulet\/\"]}]},{\"@type\":\"ImageObject\",\"inLanguage\":\"de\",\"@id\":\"https:\/\/fengshuifocus.com.sg\/shop\/protection\/peacock-feather-amulet\/#primaryimage\",\"url\":\"https:\/\/fengshuifocus.com.sg\/wp-content\/uploads\/2024\/12\/Peacock-Feather-Lifestyle-2.jpg\",\"contentUrl\":\"https:\/\/fengshuifocus.com.sg\/wp-content\/uploads\/2024\/12\/Peacock-Feather-Lifestyle-2.jpg\",\"width\":850,\"height\":850,\"caption\":\"Peacock Feather Lifestyle 2\"},{\"@type\":\"BreadcrumbList\",\"@id\":\"https:\/\/fengshuifocus.com.sg\/shop\/protection\/peacock-feather-amulet\/#breadcrumb\",\"itemListElement\":[{\"@type\":\"ListItem\",\"position\":1,\"name\":\"Home\",\"item\":\"https:\/\/fengshuifocus.com.sg\/\"},{\"@type\":\"ListItem\",\"position\":2,\"name\":\"Feng Shui Focus Online Shop\",\"item\":\"https:\/\/fengshuifocus.com.sg\/de\/shop\/\"},{\"@type\":\"ListItem\",\"position\":3,\"name\":\"Peacock Feather Amulet\"}]},{\"@type\":\"WebSite\",\"@id\":\"https:\/\/fengshuifocus.com.sg\/de\/#website\",\"url\":\"https:\/\/fengshuifocus.com.sg\/de\/\",\"name\":\"Feng Shui Focus\",\"description\":\"Praktische L\u00f6sungen f\u00fcr das moderne Zuhause und B\u00fcro\",\"potentialAction\":[{\"@type\":\"SearchAction\",\"target\":{\"@type\":\"EntryPoint\",\"urlTemplate\":\"https:\/\/fengshuifocus.com.sg\/de\/?s={search_term_string}\"},\"query-input\":{\"@type\":\"PropertyValueSpecification\",\"valueRequired\":true,\"valueName\":\"search_term_string\"}}],\"inLanguage\":\"de\"}]}<\/script>\n<!-- \/ Yoast SEO plugin. -->","yoast_head_json":{"title":"Peacock Feather Amulet &#8212; Feng Shui Focus","robots":{"index":"index","follow":"follow","max-snippet":"max-snippet:-1","max-image-preview":"max-image-preview:large","max-video-preview":"max-video-preview:-1"},"canonical":"https:\/\/fengshuifocus.com.sg\/shop\/protection\/peacock-feather-amulet\/","og_locale":"de_DE","og_type":"article","og_title":"Peacock Feather Amulet","og_description":"The captivating eyes on peacock feathers are associated with powerful protective energy. These vibrant patterns are believed to ward off the \u201cevil eye\u201d, rendering you invisible to negative intentions and safeguarding against jealousy and gossip.","og_url":"https:\/\/fengshuifocus.com.sg\/shop\/protection\/peacock-feather-amulet\/","og_site_name":"Feng Shui Focus","article_publisher":"https:\/\/www.facebook.com\/Feng-Shui-Focus-176469115722739\/?hc_ref=ARQeIaM_dqGJoG1GyHcEnC9wqA9DE2VYU7MZosxhMrw4oVdQfkxNRxrsDKl-F7yxicA","article_modified_time":"2026-04-06T22:17:28+00:00","og_image":[{"width":850,"height":850,"url":"https:\/\/fengshuifocus.com.sg\/wp-content\/uploads\/2024\/12\/Peacock-Feather-Lifestyle-2.jpg","type":"image\/jpeg"}],"twitter_card":"summary_large_image","twitter_site":"@FengShuiFocus","twitter_misc":{"Gesch\u00e4tzte Lesezeit":"1\u00a0Minute"},"schema":{"@context":"https:\/\/schema.org","@graph":[{"@type":"WebPage","@id":"https:\/\/fengshuifocus.com.sg\/shop\/protection\/peacock-feather-amulet\/","url":"https:\/\/fengshuifocus.com.sg\/shop\/protection\/peacock-feather-amulet\/","name":"Peacock Feather Amulet &#8212; Feng Shui Focus","isPartOf":{"@id":"https:\/\/fengshuifocus.com.sg\/de\/#website"},"primaryImageOfPage":{"@id":"https:\/\/fengshuifocus.com.sg\/shop\/protection\/peacock-feather-amulet\/#primaryimage"},"image":{"@id":"https:\/\/fengshuifocus.com.sg\/shop\/protection\/peacock-feather-amulet\/#primaryimage"},"thumbnailUrl":"https:\/\/fengshuifocus.com.sg\/wp-content\/uploads\/2024\/12\/Peacock-Feather-Lifestyle-2.jpg","datePublished":"2024-12-05T22:46:32+00:00","dateModified":"2026-04-06T22:17:28+00:00","description":"The captivating eyes on peacock feathers are associated with powerful protective energy. These vibrant patterns are believed to ward off the \u201cevil eye\u201d, rendering you invisible to negative intentions and safeguarding against jealousy and gossip.","breadcrumb":{"@id":"https:\/\/fengshuifocus.com.sg\/shop\/protection\/peacock-feather-amulet\/#breadcrumb"},"inLanguage":"de","potentialAction":[{"@type":"ReadAction","target":["https:\/\/fengshuifocus.com.sg\/shop\/protection\/peacock-feather-amulet\/"]}]},{"@type":"ImageObject","inLanguage":"de","@id":"https:\/\/fengshuifocus.com.sg\/shop\/protection\/peacock-feather-amulet\/#primaryimage","url":"https:\/\/fengshuifocus.com.sg\/wp-content\/uploads\/2024\/12\/Peacock-Feather-Lifestyle-2.jpg","contentUrl":"https:\/\/fengshuifocus.com.sg\/wp-content\/uploads\/2024\/12\/Peacock-Feather-Lifestyle-2.jpg","width":850,"height":850,"caption":"Peacock Feather Lifestyle 2"},{"@type":"BreadcrumbList","@id":"https:\/\/fengshuifocus.com.sg\/shop\/protection\/peacock-feather-amulet\/#breadcrumb","itemListElement":[{"@type":"ListItem","position":1,"name":"Home","item":"https:\/\/fengshuifocus.com.sg\/"},{"@type":"ListItem","position":2,"name":"Feng Shui Focus Online Shop","item":"https:\/\/fengshuifocus.com.sg\/de\/shop\/"},{"@type":"ListItem","position":3,"name":"Peacock Feather Amulet"}]},{"@type":"WebSite","@id":"https:\/\/fengshuifocus.com.sg\/de\/#website","url":"https:\/\/fengshuifocus.com.sg\/de\/","name":"Feng Shui Focus","description":"Praktische L\u00f6sungen f\u00fcr das moderne Zuhause und B\u00fcro","potentialAction":[{"@type":"SearchAction","target":{"@type":"EntryPoint","urlTemplate":"https:\/\/fengshuifocus.com.sg\/de\/?s={search_term_string}"},"query-input":{"@type":"PropertyValueSpecification","valueRequired":true,"valueName":"search_term_string"}}],"inLanguage":"de"}]}},"post_mailing_queue_ids":[],"_links":{"self":[{"href":"https:\/\/fengshuifocus.com.sg\/de\/wp-json\/wp\/v2\/product\/12924","targetHints":{"allow":["GET"]}}],"collection":[{"href":"https:\/\/fengshuifocus.com.sg\/de\/wp-json\/wp\/v2\/product"}],"about":[{"href":"https:\/\/fengshuifocus.com.sg\/de\/wp-json\/wp\/v2\/types\/product"}],"wp:featuredmedia":[{"embeddable":true,"href":"https:\/\/fengshuifocus.com.sg\/de\/wp-json\/wp\/v2\/media\/12928"}],"wp:attachment":[{"href":"https:\/\/fengshuifocus.com.sg\/de\/wp-json\/wp\/v2\/media?parent=12924"}],"wp:term":[{"taxonomy":"product_brand","embeddable":true,"href":"https:\/\/fengshuifocus.com.sg\/de\/wp-json\/wp\/v2\/product_brand?post=12924"},{"taxonomy":"product_cat","embeddable":true,"href":"https:\/\/fengshuifocus.com.sg\/de\/wp-json\/wp\/v2\/product_cat?post=12924"},{"taxonomy":"product_tag","embeddable":true,"href":"https:\/\/fengshuifocus.com.sg\/de\/wp-json\/wp\/v2\/product_tag?post=12924"}],"curies":[{"name":"wp","href":"https:\/\/api.w.org\/{rel}","templated":true}]}}