{"id":12945,"date":"2024-12-06T22:54:03","date_gmt":"2024-12-06T21:54:03","guid":{"rendered":"https:\/\/fengshuifocus.com.sg\/?post_type=product&#038;p=12945"},"modified":"2025-12-21T01:06:32","modified_gmt":"2025-12-21T00:06:32","slug":"power-of-9-windfall-amulet","status":"publish","type":"product","link":"https:\/\/fengshuifocus.com.sg\/de\/shop\/wealth\/power-of-9-windfall-amulet\/","title":{"rendered":"\u201cPower of 9\u201d Windfall Amulet"},"content":{"rendered":"<p>Carry this powerful wealth and windfall amulet, featuring a pair of lucky dice and the auspicious No 9, to keep good fortune on your side. 2025 is a year when wealth luck is present, but resources are scarce, so this amulet will help ensure that the winds of prosperity work in your favour. You can attach it to your bag or keep it in your pocket to attract the resources you need, exactly when you need them.<\/p>\n<p>This is an essential amulet for Period 9, bringing the luck of windfalls, wealth, happiness and success.<\/p>\n<p><strong>The \u201dPower of 9\u201d Windfall Amulet is suitable for everyone!<span class=\"\" style=\"display:block;clear:both;height: 0px;padding-top: 20px;border-top-width:0px;border-bottom-width:0px;\"><\/span><\/strong><\/p>\n<p><strong>In 2025 recommended for: <\/strong><\/p>\n<ul>\n<li><strong>People born in the Year of the Horse, as they benefit from the annual No 6 Heaven Star.<\/strong><\/li>\n<li><strong>Anyone who has big plans this year and would like some cosmic help. <\/strong><\/li>\n<\/ul>\n<span class=\"\" style=\"display:block;clear:both;height: 0px;padding-top: 20px;border-top-width:0px;border-bottom-width:0px;\"><\/span>\n<p>Measurements: Length of the amulet approx. 12cm including clip.<\/p>\n<span class=\"\" style=\"display:block;clear:both;height: 0px;padding-top: 20px;border-top-width:0px;border-bottom-width:0px;\"><\/span>\n","protected":false},"excerpt":{"rendered":"<p>Carry this powerful wealth and windfall amulet, featuring a pair of lucky dice and the auspicious No 9, to keep good fortune on your side. 2025 is a year when wealth luck is present, but resources are scarce, so this amulet will help ensure that the winds of prosperity work in your favour. You can attach it to your bag or keep it in your pocket to attract the resources you need, exactly when you need them.<\/p>\n<p>This is an essential amulet for Period 9, bringing the luck of windfalls, wealth, happiness and success.<\/p>\n[spacer height=\"20px\"]\n","protected":false},"featured_media":12940,"template":"","meta":{"kt_blocks_editor_width":"","_monsterinsights_skip_tracking":false,"_monsterinsights_sitenote_active":false,"_monsterinsights_sitenote_note":"","_monsterinsights_sitenote_category":0},"product_brand":[],"product_cat":[376,375],"product_tag":[767,607,385,386,710],"class_list":{"0":"post-12945","1":"product","2":"type-product","3":"status-publish","4":"has-post-thumbnail","6":"product_cat-career-success","7":"product_cat-wealth","8":"product_tag-dice","9":"product_tag-money","10":"product_tag-prosperity","11":"product_tag-wealth","12":"product_tag-windfalls","14":"first","15":"instock","16":"shipping-taxable","17":"purchasable","18":"product-type-simple"},"translation":{"provider":"WPGlobus","version":"3.0.0","language":"de","enabled_languages":["en","de"],"languages":{"en":{"title":true,"content":true,"excerpt":true},"de":{"title":false,"content":false,"excerpt":false}}},"yoast_head":"<!-- This site is optimized with the Yoast SEO plugin v26.4 - https:\/\/yoast.com\/wordpress\/plugins\/seo\/ -->\n<title>\u201cPower of 9\u201d Windfall Amulet &#8212; Feng Shui Focus<\/title>\n<meta name=\"robots\" content=\"index, follow, max-snippet:-1, max-image-preview:large, max-video-preview:-1\" \/>\n<link rel=\"canonical\" href=\"http:\/\/fengshuifocus.com.sg\/shop\/wealth\/power-of-9-windfall-amulet\/\" \/>\n<meta property=\"og:locale\" content=\"de_DE\" \/>\n<meta property=\"og:type\" content=\"article\" \/>\n<meta property=\"og:title\" content=\"\u201cPower of 9\u201d Windfall Amulet\" \/>\n<meta property=\"og:description\" content=\"Carry this powerful wealth and windfall amulet, featuring a pair of lucky dice and the auspicious No 9, to keep good fortune on your side.\" \/>\n<meta property=\"og:url\" content=\"http:\/\/fengshuifocus.com.sg\/shop\/wealth\/power-of-9-windfall-amulet\/\" \/>\n<meta property=\"og:site_name\" content=\"Feng Shui Focus\" \/>\n<meta property=\"article:publisher\" content=\"https:\/\/www.facebook.com\/Feng-Shui-Focus-176469115722739\/?hc_ref=ARQeIaM_dqGJoG1GyHcEnC9wqA9DE2VYU7MZosxhMrw4oVdQfkxNRxrsDKl-F7yxicA\" \/>\n<meta property=\"article:modified_time\" content=\"2025-12-21T00:06:32+00:00\" \/>\n<meta property=\"og:image\" content=\"https:\/\/fengshuifocus.com.sg\/wp-content\/uploads\/2024\/12\/Power-of-9-Windfall-Amulet-Lifestyle-300x300.jpg\" \/>\n\t<meta property=\"og:image:width\" content=\"1024\" \/>\n\t<meta property=\"og:image:height\" content=\"1024\" \/>\n\t<meta property=\"og:image:type\" content=\"image\/jpeg\" \/>\n<meta name=\"twitter:card\" content=\"summary_large_image\" \/>\n<meta name=\"twitter:site\" content=\"@FengShuiFocus\" \/>\n<meta name=\"twitter:label1\" content=\"Gesch\u00e4tzte Lesezeit\" \/>\n\t<meta name=\"twitter:data1\" content=\"1\u00a0Minute\" \/>\n<script type=\"application\/ld+json\" class=\"yoast-schema-graph\">{\"@context\":\"https:\/\/schema.org\",\"@graph\":[{\"@type\":\"WebPage\",\"@id\":\"http:\/\/fengshuifocus.com.sg\/shop\/wealth\/power-of-9-windfall-amulet\/\",\"url\":\"http:\/\/fengshuifocus.com.sg\/shop\/wealth\/power-of-9-windfall-amulet\/\",\"name\":\"\u201cPower of 9\u201d Windfall Amulet &#8212; Feng Shui Focus\",\"isPartOf\":{\"@id\":\"https:\/\/fengshuifocus.com.sg\/de\/#website\"},\"primaryImageOfPage\":{\"@id\":\"http:\/\/fengshuifocus.com.sg\/shop\/wealth\/power-of-9-windfall-amulet\/#primaryimage\"},\"image\":{\"@id\":\"http:\/\/fengshuifocus.com.sg\/shop\/wealth\/power-of-9-windfall-amulet\/#primaryimage\"},\"thumbnailUrl\":\"https:\/\/fengshuifocus.com.sg\/wp-content\/uploads\/2024\/12\/Power-of-9-Windfall-Amulet-2.jpg\",\"datePublished\":\"2024-12-06T21:54:03+00:00\",\"dateModified\":\"2025-12-21T00:06:32+00:00\",\"description\":\"Carry this powerful wealth and windfall amulet, featuring a pair of lucky dice and the auspicious No 9, to keep good fortune on your side.\",\"breadcrumb\":{\"@id\":\"http:\/\/fengshuifocus.com.sg\/shop\/wealth\/power-of-9-windfall-amulet\/#breadcrumb\"},\"inLanguage\":\"de\",\"potentialAction\":[{\"@type\":\"ReadAction\",\"target\":[\"http:\/\/fengshuifocus.com.sg\/shop\/wealth\/power-of-9-windfall-amulet\/\"]}]},{\"@type\":\"ImageObject\",\"inLanguage\":\"de\",\"@id\":\"http:\/\/fengshuifocus.com.sg\/shop\/wealth\/power-of-9-windfall-amulet\/#primaryimage\",\"url\":\"https:\/\/fengshuifocus.com.sg\/wp-content\/uploads\/2024\/12\/Power-of-9-Windfall-Amulet-2.jpg\",\"contentUrl\":\"https:\/\/fengshuifocus.com.sg\/wp-content\/uploads\/2024\/12\/Power-of-9-Windfall-Amulet-2.jpg\",\"width\":784,\"height\":784,\"caption\":\"Power of 9 Windfall Amulet 2\"},{\"@type\":\"BreadcrumbList\",\"@id\":\"http:\/\/fengshuifocus.com.sg\/shop\/wealth\/power-of-9-windfall-amulet\/#breadcrumb\",\"itemListElement\":[{\"@type\":\"ListItem\",\"position\":1,\"name\":\"Home\",\"item\":\"https:\/\/fengshuifocus.com.sg\/\"},{\"@type\":\"ListItem\",\"position\":2,\"name\":\"Feng Shui Focus Online Shop\",\"item\":\"https:\/\/fengshuifocus.com.sg\/de\/shop\/\"},{\"@type\":\"ListItem\",\"position\":3,\"name\":\"\u201cPower of 9\u201d Windfall Amulet\"}]},{\"@type\":\"WebSite\",\"@id\":\"https:\/\/fengshuifocus.com.sg\/de\/#website\",\"url\":\"https:\/\/fengshuifocus.com.sg\/de\/\",\"name\":\"Feng Shui Focus\",\"description\":\"Praktische L\u00f6sungen f\u00fcr das moderne Zuhause und B\u00fcro\",\"potentialAction\":[{\"@type\":\"SearchAction\",\"target\":{\"@type\":\"EntryPoint\",\"urlTemplate\":\"https:\/\/fengshuifocus.com.sg\/de\/?s={search_term_string}\"},\"query-input\":{\"@type\":\"PropertyValueSpecification\",\"valueRequired\":true,\"valueName\":\"search_term_string\"}}],\"inLanguage\":\"de\"}]}<\/script>\n<!-- \/ Yoast SEO plugin. -->","yoast_head_json":{"title":"\u201cPower of 9\u201d Windfall Amulet &#8212; Feng Shui Focus","robots":{"index":"index","follow":"follow","max-snippet":"max-snippet:-1","max-image-preview":"max-image-preview:large","max-video-preview":"max-video-preview:-1"},"canonical":"http:\/\/fengshuifocus.com.sg\/shop\/wealth\/power-of-9-windfall-amulet\/","og_locale":"de_DE","og_type":"article","og_title":"\u201cPower of 9\u201d Windfall Amulet","og_description":"Carry this powerful wealth and windfall amulet, featuring a pair of lucky dice and the auspicious No 9, to keep good fortune on your side.","og_url":"http:\/\/fengshuifocus.com.sg\/shop\/wealth\/power-of-9-windfall-amulet\/","og_site_name":"Feng Shui Focus","article_publisher":"https:\/\/www.facebook.com\/Feng-Shui-Focus-176469115722739\/?hc_ref=ARQeIaM_dqGJoG1GyHcEnC9wqA9DE2VYU7MZosxhMrw4oVdQfkxNRxrsDKl-F7yxicA","article_modified_time":"2025-12-21T00:06:32+00:00","og_image":[{"width":1024,"height":1024,"url":"https:\/\/fengshuifocus.com.sg\/wp-content\/uploads\/2024\/12\/Power-of-9-Windfall-Amulet-Lifestyle-300x300.jpg","type":"image\/jpeg"}],"twitter_card":"summary_large_image","twitter_site":"@FengShuiFocus","twitter_misc":{"Gesch\u00e4tzte Lesezeit":"1\u00a0Minute"},"schema":{"@context":"https:\/\/schema.org","@graph":[{"@type":"WebPage","@id":"http:\/\/fengshuifocus.com.sg\/shop\/wealth\/power-of-9-windfall-amulet\/","url":"http:\/\/fengshuifocus.com.sg\/shop\/wealth\/power-of-9-windfall-amulet\/","name":"\u201cPower of 9\u201d Windfall Amulet &#8212; Feng Shui Focus","isPartOf":{"@id":"https:\/\/fengshuifocus.com.sg\/de\/#website"},"primaryImageOfPage":{"@id":"http:\/\/fengshuifocus.com.sg\/shop\/wealth\/power-of-9-windfall-amulet\/#primaryimage"},"image":{"@id":"http:\/\/fengshuifocus.com.sg\/shop\/wealth\/power-of-9-windfall-amulet\/#primaryimage"},"thumbnailUrl":"https:\/\/fengshuifocus.com.sg\/wp-content\/uploads\/2024\/12\/Power-of-9-Windfall-Amulet-2.jpg","datePublished":"2024-12-06T21:54:03+00:00","dateModified":"2025-12-21T00:06:32+00:00","description":"Carry this powerful wealth and windfall amulet, featuring a pair of lucky dice and the auspicious No 9, to keep good fortune on your side.","breadcrumb":{"@id":"http:\/\/fengshuifocus.com.sg\/shop\/wealth\/power-of-9-windfall-amulet\/#breadcrumb"},"inLanguage":"de","potentialAction":[{"@type":"ReadAction","target":["http:\/\/fengshuifocus.com.sg\/shop\/wealth\/power-of-9-windfall-amulet\/"]}]},{"@type":"ImageObject","inLanguage":"de","@id":"http:\/\/fengshuifocus.com.sg\/shop\/wealth\/power-of-9-windfall-amulet\/#primaryimage","url":"https:\/\/fengshuifocus.com.sg\/wp-content\/uploads\/2024\/12\/Power-of-9-Windfall-Amulet-2.jpg","contentUrl":"https:\/\/fengshuifocus.com.sg\/wp-content\/uploads\/2024\/12\/Power-of-9-Windfall-Amulet-2.jpg","width":784,"height":784,"caption":"Power of 9 Windfall Amulet 2"},{"@type":"BreadcrumbList","@id":"http:\/\/fengshuifocus.com.sg\/shop\/wealth\/power-of-9-windfall-amulet\/#breadcrumb","itemListElement":[{"@type":"ListItem","position":1,"name":"Home","item":"https:\/\/fengshuifocus.com.sg\/"},{"@type":"ListItem","position":2,"name":"Feng Shui Focus Online Shop","item":"https:\/\/fengshuifocus.com.sg\/de\/shop\/"},{"@type":"ListItem","position":3,"name":"\u201cPower of 9\u201d Windfall Amulet"}]},{"@type":"WebSite","@id":"https:\/\/fengshuifocus.com.sg\/de\/#website","url":"https:\/\/fengshuifocus.com.sg\/de\/","name":"Feng Shui Focus","description":"Praktische L\u00f6sungen f\u00fcr das moderne Zuhause und B\u00fcro","potentialAction":[{"@type":"SearchAction","target":{"@type":"EntryPoint","urlTemplate":"https:\/\/fengshuifocus.com.sg\/de\/?s={search_term_string}"},"query-input":{"@type":"PropertyValueSpecification","valueRequired":true,"valueName":"search_term_string"}}],"inLanguage":"de"}]}},"post_mailing_queue_ids":[],"_links":{"self":[{"href":"https:\/\/fengshuifocus.com.sg\/de\/wp-json\/wp\/v2\/product\/12945","targetHints":{"allow":["GET"]}}],"collection":[{"href":"https:\/\/fengshuifocus.com.sg\/de\/wp-json\/wp\/v2\/product"}],"about":[{"href":"https:\/\/fengshuifocus.com.sg\/de\/wp-json\/wp\/v2\/types\/product"}],"wp:featuredmedia":[{"embeddable":true,"href":"https:\/\/fengshuifocus.com.sg\/de\/wp-json\/wp\/v2\/media\/12940"}],"wp:attachment":[{"href":"https:\/\/fengshuifocus.com.sg\/de\/wp-json\/wp\/v2\/media?parent=12945"}],"wp:term":[{"taxonomy":"product_brand","embeddable":true,"href":"https:\/\/fengshuifocus.com.sg\/de\/wp-json\/wp\/v2\/product_brand?post=12945"},{"taxonomy":"product_cat","embeddable":true,"href":"https:\/\/fengshuifocus.com.sg\/de\/wp-json\/wp\/v2\/product_cat?post=12945"},{"taxonomy":"product_tag","embeddable":true,"href":"https:\/\/fengshuifocus.com.sg\/de\/wp-json\/wp\/v2\/product_tag?post=12945"}],"curies":[{"name":"wp","href":"https:\/\/api.w.org\/{rel}","templated":true}]}}