{"id":12950,"date":"2024-12-06T23:03:29","date_gmt":"2024-12-06T22:03:29","guid":{"rendered":"https:\/\/fengshuifocus.com.sg\/?post_type=product&#038;p=12950"},"modified":"2025-12-21T01:05:05","modified_gmt":"2025-12-21T00:05:05","slug":"4-element-cross-amulet-with-monkey","status":"publish","type":"product","link":"https:\/\/fengshuifocus.com.sg\/de\/shop\/wealth\/4-element-cross-amulet-with-monkey\/","title":{"rendered":"4 Element Cross Amulet with Monkey"},"content":{"rendered":"<p>The Four Element Cross is a powerful enhancer for superior wealth luck and attracts lucrative opportunities. It incorporates the Snake (Fire) for wealth, the Monkey (Metal) for resources, the Boar (Water) for meaningful friendships, and the Tiger (Wood) for creativity and innovation.<\/p>\n<p>In 2025, this serves as an ideal remedy for the Snake-Boar clash in the Paht Chee chart while unlocking the imaginativeness the year offers. It sharpens your ability to capitalize on a year full of promise, but potential that might be difficult to harness.<\/p>\n<p>The attached Monkey charm adds balance to the year\u2019s Paht Chee chart, improving the overall harmony.<\/p>\n<p>Carry this amulet like a secret weapon to unlock the year\u2019s fullest potential and enjoy its abundant opportunities! <strong>It is very suitable for everybody. <\/strong><\/p>\n<span class=\"\" style=\"display:block;clear:both;height: 0px;padding-top: 20px;border-top-width:0px;border-bottom-width:0px;\"><\/span>\n<p>Measurements: \u00a0\u00a0 Diameter approx. 4.5cm without chain<\/p>\n<span class=\"\" style=\"display:block;clear:both;height: 0px;padding-top: 20px;border-top-width:0px;border-bottom-width:0px;\"><\/span>\n","protected":false},"excerpt":{"rendered":"<p>The Four Element Cross is a powerful enhancer for superior wealth luck and attracts lucrative opportunities. It incorporates the Snake (Fire) for wealth, the Monkey (Metal) for resources, the Boar (Water) for meaningful friendships, and the Tiger (Wood) for creativity and innovation.<\/p>\n<p>In 2025, this serves as an ideal remedy for the Snake-Boar clash in the Paht Chee chart while unlocking the imaginativeness the year offers. It sharpens your ability to capitalize on a year full of promise, but potential that might be difficult to harness.<\/p>\n[spacer height=\"20px\"]\n","protected":false},"featured_media":12953,"template":"","meta":{"kt_blocks_editor_width":"","_monsterinsights_skip_tracking":false,"_monsterinsights_sitenote_active":false,"_monsterinsights_sitenote_note":"","_monsterinsights_sitenote_category":0},"product_brand":[],"product_cat":[375],"product_tag":[421,607,711,385,386],"class_list":{"0":"post-12950","1":"product","2":"type-product","3":"status-publish","4":"has-post-thumbnail","6":"product_cat-wealth","7":"product_tag-harmony","8":"product_tag-money","9":"product_tag-monkey","10":"product_tag-prosperity","11":"product_tag-wealth","13":"first","14":"instock","15":"shipping-taxable","16":"purchasable","17":"product-type-simple"},"translation":{"provider":"WPGlobus","version":"3.0.0","language":"de","enabled_languages":["en","de"],"languages":{"en":{"title":true,"content":true,"excerpt":true},"de":{"title":false,"content":false,"excerpt":false}}},"yoast_head":"<!-- This site is optimized with the Yoast SEO plugin v26.4 - https:\/\/yoast.com\/wordpress\/plugins\/seo\/ -->\n<title>4 Element Cross Amulet with Monkey &#8212; Feng Shui Focus<\/title>\n<meta name=\"robots\" content=\"index, follow, max-snippet:-1, max-image-preview:large, max-video-preview:-1\" \/>\n<link rel=\"canonical\" href=\"http:\/\/fengshuifocus.com.sg\/de\/shop\/wealth\/4-element-cross-amulet-with-monkey\/\" \/>\n<meta property=\"og:locale\" content=\"de_DE\" \/>\n<meta property=\"og:type\" content=\"article\" \/>\n<meta property=\"og:title\" content=\"4 Element Cross Amulet with Monkey\" \/>\n<meta property=\"og:description\" content=\"The Four Element Cross is a powerful enhancer for superior wealth luck and attracts lucrative opportunities.\" \/>\n<meta property=\"og:url\" content=\"http:\/\/fengshuifocus.com.sg\/de\/shop\/wealth\/4-element-cross-amulet-with-monkey\/\" \/>\n<meta property=\"og:site_name\" content=\"Feng Shui Focus\" \/>\n<meta property=\"article:publisher\" content=\"https:\/\/www.facebook.com\/Feng-Shui-Focus-176469115722739\/?hc_ref=ARQeIaM_dqGJoG1GyHcEnC9wqA9DE2VYU7MZosxhMrw4oVdQfkxNRxrsDKl-F7yxicA\" \/>\n<meta property=\"article:modified_time\" content=\"2025-12-21T00:05:05+00:00\" \/>\n<meta property=\"og:image\" content=\"http:\/\/fengshuifocus.com.sg\/wp-content\/uploads\/2024\/12\/4-Element-Cross-Amulet-w-Monkey.jpg\" \/>\n\t<meta property=\"og:image:width\" content=\"799\" \/>\n\t<meta property=\"og:image:height\" content=\"799\" \/>\n\t<meta property=\"og:image:type\" content=\"image\/jpeg\" \/>\n<meta name=\"twitter:card\" content=\"summary_large_image\" \/>\n<meta name=\"twitter:site\" content=\"@FengShuiFocus\" \/>\n<meta name=\"twitter:label1\" content=\"Gesch\u00e4tzte Lesezeit\" \/>\n\t<meta name=\"twitter:data1\" content=\"1\u00a0Minute\" \/>\n<script type=\"application\/ld+json\" class=\"yoast-schema-graph\">{\"@context\":\"https:\/\/schema.org\",\"@graph\":[{\"@type\":\"WebPage\",\"@id\":\"http:\/\/fengshuifocus.com.sg\/de\/shop\/wealth\/4-element-cross-amulet-with-monkey\/\",\"url\":\"http:\/\/fengshuifocus.com.sg\/de\/shop\/wealth\/4-element-cross-amulet-with-monkey\/\",\"name\":\"4 Element Cross Amulet with Monkey &#8212; Feng Shui Focus\",\"isPartOf\":{\"@id\":\"https:\/\/fengshuifocus.com.sg\/de\/#website\"},\"primaryImageOfPage\":{\"@id\":\"http:\/\/fengshuifocus.com.sg\/de\/shop\/wealth\/4-element-cross-amulet-with-monkey\/#primaryimage\"},\"image\":{\"@id\":\"http:\/\/fengshuifocus.com.sg\/de\/shop\/wealth\/4-element-cross-amulet-with-monkey\/#primaryimage\"},\"thumbnailUrl\":\"https:\/\/fengshuifocus.com.sg\/wp-content\/uploads\/2024\/12\/4-Element-Cross-Amulet-w-Monkey.jpg\",\"datePublished\":\"2024-12-06T22:03:29+00:00\",\"dateModified\":\"2025-12-21T00:05:05+00:00\",\"description\":\"The Four Element Cross is a powerful enhancer for superior wealth luck and attracts lucrative opportunities.\",\"breadcrumb\":{\"@id\":\"http:\/\/fengshuifocus.com.sg\/de\/shop\/wealth\/4-element-cross-amulet-with-monkey\/#breadcrumb\"},\"inLanguage\":\"de\",\"potentialAction\":[{\"@type\":\"ReadAction\",\"target\":[\"http:\/\/fengshuifocus.com.sg\/de\/shop\/wealth\/4-element-cross-amulet-with-monkey\/\"]}]},{\"@type\":\"ImageObject\",\"inLanguage\":\"de\",\"@id\":\"http:\/\/fengshuifocus.com.sg\/de\/shop\/wealth\/4-element-cross-amulet-with-monkey\/#primaryimage\",\"url\":\"https:\/\/fengshuifocus.com.sg\/wp-content\/uploads\/2024\/12\/4-Element-Cross-Amulet-w-Monkey.jpg\",\"contentUrl\":\"https:\/\/fengshuifocus.com.sg\/wp-content\/uploads\/2024\/12\/4-Element-Cross-Amulet-w-Monkey.jpg\",\"width\":799,\"height\":799,\"caption\":\"4 Element Cross Amulet w Monkey\"},{\"@type\":\"BreadcrumbList\",\"@id\":\"http:\/\/fengshuifocus.com.sg\/de\/shop\/wealth\/4-element-cross-amulet-with-monkey\/#breadcrumb\",\"itemListElement\":[{\"@type\":\"ListItem\",\"position\":1,\"name\":\"Home\",\"item\":\"https:\/\/fengshuifocus.com.sg\/\"},{\"@type\":\"ListItem\",\"position\":2,\"name\":\"Feng Shui Focus Online Shop\",\"item\":\"https:\/\/fengshuifocus.com.sg\/de\/shop\/\"},{\"@type\":\"ListItem\",\"position\":3,\"name\":\"4 Element Cross Amulet with Monkey\"}]},{\"@type\":\"WebSite\",\"@id\":\"https:\/\/fengshuifocus.com.sg\/de\/#website\",\"url\":\"https:\/\/fengshuifocus.com.sg\/de\/\",\"name\":\"Feng Shui Focus\",\"description\":\"Praktische L\u00f6sungen f\u00fcr das moderne Zuhause und B\u00fcro\",\"potentialAction\":[{\"@type\":\"SearchAction\",\"target\":{\"@type\":\"EntryPoint\",\"urlTemplate\":\"https:\/\/fengshuifocus.com.sg\/de\/?s={search_term_string}\"},\"query-input\":{\"@type\":\"PropertyValueSpecification\",\"valueRequired\":true,\"valueName\":\"search_term_string\"}}],\"inLanguage\":\"de\"}]}<\/script>\n<!-- \/ Yoast SEO plugin. -->","yoast_head_json":{"title":"4 Element Cross Amulet with Monkey &#8212; Feng Shui Focus","robots":{"index":"index","follow":"follow","max-snippet":"max-snippet:-1","max-image-preview":"max-image-preview:large","max-video-preview":"max-video-preview:-1"},"canonical":"http:\/\/fengshuifocus.com.sg\/de\/shop\/wealth\/4-element-cross-amulet-with-monkey\/","og_locale":"de_DE","og_type":"article","og_title":"4 Element Cross Amulet with Monkey","og_description":"The Four Element Cross is a powerful enhancer for superior wealth luck and attracts lucrative opportunities.","og_url":"http:\/\/fengshuifocus.com.sg\/de\/shop\/wealth\/4-element-cross-amulet-with-monkey\/","og_site_name":"Feng Shui Focus","article_publisher":"https:\/\/www.facebook.com\/Feng-Shui-Focus-176469115722739\/?hc_ref=ARQeIaM_dqGJoG1GyHcEnC9wqA9DE2VYU7MZosxhMrw4oVdQfkxNRxrsDKl-F7yxicA","article_modified_time":"2025-12-21T00:05:05+00:00","og_image":[{"width":799,"height":799,"url":"http:\/\/fengshuifocus.com.sg\/wp-content\/uploads\/2024\/12\/4-Element-Cross-Amulet-w-Monkey.jpg","type":"image\/jpeg"}],"twitter_card":"summary_large_image","twitter_site":"@FengShuiFocus","twitter_misc":{"Gesch\u00e4tzte Lesezeit":"1\u00a0Minute"},"schema":{"@context":"https:\/\/schema.org","@graph":[{"@type":"WebPage","@id":"http:\/\/fengshuifocus.com.sg\/de\/shop\/wealth\/4-element-cross-amulet-with-monkey\/","url":"http:\/\/fengshuifocus.com.sg\/de\/shop\/wealth\/4-element-cross-amulet-with-monkey\/","name":"4 Element Cross Amulet with Monkey &#8212; Feng Shui Focus","isPartOf":{"@id":"https:\/\/fengshuifocus.com.sg\/de\/#website"},"primaryImageOfPage":{"@id":"http:\/\/fengshuifocus.com.sg\/de\/shop\/wealth\/4-element-cross-amulet-with-monkey\/#primaryimage"},"image":{"@id":"http:\/\/fengshuifocus.com.sg\/de\/shop\/wealth\/4-element-cross-amulet-with-monkey\/#primaryimage"},"thumbnailUrl":"https:\/\/fengshuifocus.com.sg\/wp-content\/uploads\/2024\/12\/4-Element-Cross-Amulet-w-Monkey.jpg","datePublished":"2024-12-06T22:03:29+00:00","dateModified":"2025-12-21T00:05:05+00:00","description":"The Four Element Cross is a powerful enhancer for superior wealth luck and attracts lucrative opportunities.","breadcrumb":{"@id":"http:\/\/fengshuifocus.com.sg\/de\/shop\/wealth\/4-element-cross-amulet-with-monkey\/#breadcrumb"},"inLanguage":"de","potentialAction":[{"@type":"ReadAction","target":["http:\/\/fengshuifocus.com.sg\/de\/shop\/wealth\/4-element-cross-amulet-with-monkey\/"]}]},{"@type":"ImageObject","inLanguage":"de","@id":"http:\/\/fengshuifocus.com.sg\/de\/shop\/wealth\/4-element-cross-amulet-with-monkey\/#primaryimage","url":"https:\/\/fengshuifocus.com.sg\/wp-content\/uploads\/2024\/12\/4-Element-Cross-Amulet-w-Monkey.jpg","contentUrl":"https:\/\/fengshuifocus.com.sg\/wp-content\/uploads\/2024\/12\/4-Element-Cross-Amulet-w-Monkey.jpg","width":799,"height":799,"caption":"4 Element Cross Amulet w Monkey"},{"@type":"BreadcrumbList","@id":"http:\/\/fengshuifocus.com.sg\/de\/shop\/wealth\/4-element-cross-amulet-with-monkey\/#breadcrumb","itemListElement":[{"@type":"ListItem","position":1,"name":"Home","item":"https:\/\/fengshuifocus.com.sg\/"},{"@type":"ListItem","position":2,"name":"Feng Shui Focus Online Shop","item":"https:\/\/fengshuifocus.com.sg\/de\/shop\/"},{"@type":"ListItem","position":3,"name":"4 Element Cross Amulet with Monkey"}]},{"@type":"WebSite","@id":"https:\/\/fengshuifocus.com.sg\/de\/#website","url":"https:\/\/fengshuifocus.com.sg\/de\/","name":"Feng Shui Focus","description":"Praktische L\u00f6sungen f\u00fcr das moderne Zuhause und B\u00fcro","potentialAction":[{"@type":"SearchAction","target":{"@type":"EntryPoint","urlTemplate":"https:\/\/fengshuifocus.com.sg\/de\/?s={search_term_string}"},"query-input":{"@type":"PropertyValueSpecification","valueRequired":true,"valueName":"search_term_string"}}],"inLanguage":"de"}]}},"post_mailing_queue_ids":[],"_links":{"self":[{"href":"https:\/\/fengshuifocus.com.sg\/de\/wp-json\/wp\/v2\/product\/12950","targetHints":{"allow":["GET"]}}],"collection":[{"href":"https:\/\/fengshuifocus.com.sg\/de\/wp-json\/wp\/v2\/product"}],"about":[{"href":"https:\/\/fengshuifocus.com.sg\/de\/wp-json\/wp\/v2\/types\/product"}],"wp:featuredmedia":[{"embeddable":true,"href":"https:\/\/fengshuifocus.com.sg\/de\/wp-json\/wp\/v2\/media\/12953"}],"wp:attachment":[{"href":"https:\/\/fengshuifocus.com.sg\/de\/wp-json\/wp\/v2\/media?parent=12950"}],"wp:term":[{"taxonomy":"product_brand","embeddable":true,"href":"https:\/\/fengshuifocus.com.sg\/de\/wp-json\/wp\/v2\/product_brand?post=12950"},{"taxonomy":"product_cat","embeddable":true,"href":"https:\/\/fengshuifocus.com.sg\/de\/wp-json\/wp\/v2\/product_cat?post=12950"},{"taxonomy":"product_tag","embeddable":true,"href":"https:\/\/fengshuifocus.com.sg\/de\/wp-json\/wp\/v2\/product_tag?post=12950"}],"curies":[{"name":"wp","href":"https:\/\/api.w.org\/{rel}","templated":true}]}}