{"id":13189,"date":"2025-02-16T23:28:36","date_gmt":"2025-02-16T22:28:36","guid":{"rendered":"https:\/\/fengshuifocus.com.sg\/?post_type=product&#038;p=13189"},"modified":"2026-02-17T14:39:14","modified_gmt":"2026-02-17T13:39:14","slug":"5-element-pagoda-with-fu-dogs","status":"publish","type":"product","link":"https:\/\/fengshuifocus.com.sg\/de\/shop\/protection\/5-element-pagoda-with-fu-dogs\/","title":{"rendered":"5 Element Pagoda with Fu Dogs"},"content":{"rendered":"<p>The 5 Element Pagoda remains one of the most powerful remedies for neutralising the dreaded Five Yellow affliction. Also known as the \u201cWu Wang\u201d, this dangerous star can bring all sorts of misfortune and can wreak havoc if left unattended.<\/p>\n<p>In 2026, its harmful energies are in the SOUTH \u2013 a fire element sector \u2013 which strengthens its effects and therefore makes it more crucial to subdue it.<\/p>\n<p>To effectively counteract negative energy, this pagoda has been designed with the 8 Auspicious Objects, a potent symbol of transformation that redirects misfortune into blessings from all eight directions, bringing prosperity and protection.<\/p>\n<p>This pagoda is further empowered with a pair of Fu Dogs for additional protection and is embossed with the sacred\u00a0<em>OM AH HUM<\/em>\u00a0mantra, inviting divine blessings and celestial harmony.<\/p>\n<p><strong>In 2026, the 5 Element Pagoda should be displayed in the SOUTH of your home or office. <\/strong><\/p>\n<p><strong>The small version is ideal for your work or study desk, especially if<\/strong><\/p>\n<ul>\n<li><strong>your desk is located in the SOUTH, or<\/strong><\/li>\n<li><strong>you are born in the Year of the Horse. <\/strong><\/li>\n<\/ul>\n<span class=\"\" style=\"display:block;clear:both;height: 0px;padding-top: 20px;border-top-width:0px;border-bottom-width:0px;\"><\/span>\n<p>Measurements:<\/p>\n<p>LARGE\u00a0 \u00a0 approx. H 20cm x W 4.6cm plus Fu Dogs<\/p>\n<p>SMALL\u00a0\u00a0\u00a0\u00a0 approx. H 7cm x W 5.8cm<\/p>\n","protected":false},"excerpt":{"rendered":"<p>The 5 Element Pagoda remains one of the most powerful remedies for neutralising the dreaded Five Yellow affliction. Also known as the \u201cWu Wang\u201d, this dangerous star can bring all sorts of misfortune and can wreak havoc if left unattended.<\/p>\n<p>In 2026, its harmful energies are in the SOUTH \u2013 a fire element sector \u2013 which strengthens its effects and therefore makes it more crucial to subdue it.<\/p>\n","protected":false},"featured_media":13198,"template":"","meta":{"kt_blocks_editor_width":"","_monsterinsights_skip_tracking":false,"_monsterinsights_sitenote_active":false,"_monsterinsights_sitenote_note":"","_monsterinsights_sitenote_category":0},"product_brand":[],"product_cat":[378,377],"product_tag":[514,689,396,428,467,515,503],"class_list":{"0":"post-13189","1":"product","2":"type-product","3":"status-publish","4":"has-post-thumbnail","6":"product_cat-feng-shui-home","7":"product_cat-protection","8":"product_tag-accidents","9":"product_tag-danger","10":"product_tag-illness","11":"product_tag-misfortune","12":"product_tag-obstacles","13":"product_tag-pagoda","14":"product_tag-protection","16":"first","17":"outofstock","18":"shipping-taxable","19":"purchasable","20":"product-type-variable"},"translation":{"provider":"WPGlobus","version":"3.0.0","language":"de","enabled_languages":["en","de"],"languages":{"en":{"title":true,"content":true,"excerpt":true},"de":{"title":false,"content":false,"excerpt":false}}},"yoast_head":"<!-- This site is optimized with the Yoast SEO plugin v26.4 - https:\/\/yoast.com\/wordpress\/plugins\/seo\/ -->\n<title>5 Element Pagoda with Fu Dogs &#8212; Feng Shui Focus<\/title>\n<meta name=\"robots\" content=\"index, follow, max-snippet:-1, max-image-preview:large, max-video-preview:-1\" \/>\n<link rel=\"canonical\" href=\"https:\/\/fengshuifocus.com.sg\/de\/shop\/protection\/5-element-pagoda-with-fu-dogs\/\" \/>\n<meta property=\"og:locale\" content=\"de_DE\" \/>\n<meta property=\"og:type\" content=\"article\" \/>\n<meta property=\"og:title\" content=\"5 Element Pagoda with Fu Dogs\" \/>\n<meta property=\"og:description\" content=\"The 5 Element Pagoda remains one of the most powerful remedies for neutralising the dreaded Five Yellow affliction.\" \/>\n<meta property=\"og:url\" content=\"https:\/\/fengshuifocus.com.sg\/de\/shop\/protection\/5-element-pagoda-with-fu-dogs\/\" \/>\n<meta property=\"og:site_name\" content=\"Feng Shui Focus\" \/>\n<meta property=\"article:publisher\" content=\"https:\/\/www.facebook.com\/Feng-Shui-Focus-176469115722739\/?hc_ref=ARQeIaM_dqGJoG1GyHcEnC9wqA9DE2VYU7MZosxhMrw4oVdQfkxNRxrsDKl-F7yxicA\" \/>\n<meta property=\"article:modified_time\" content=\"2026-02-17T13:39:14+00:00\" \/>\n<meta property=\"og:image\" content=\"https:\/\/fengshuifocus.com.sg\/wp-content\/uploads\/2025\/02\/5-Element-Pagoda-w-Fu-Dogs-L-Lifestyle-300x300.jpg\" \/>\n\t<meta property=\"og:image:width\" content=\"840\" \/>\n\t<meta property=\"og:image:height\" content=\"840\" \/>\n\t<meta property=\"og:image:type\" content=\"image\/jpeg\" \/>\n<meta name=\"twitter:card\" content=\"summary_large_image\" \/>\n<meta name=\"twitter:site\" content=\"@FengShuiFocus\" \/>\n<meta name=\"twitter:label1\" content=\"Gesch\u00e4tzte Lesezeit\" \/>\n\t<meta name=\"twitter:data1\" content=\"2\u00a0Minuten\" \/>\n<script type=\"application\/ld+json\" class=\"yoast-schema-graph\">{\"@context\":\"https:\/\/schema.org\",\"@graph\":[{\"@type\":\"WebPage\",\"@id\":\"https:\/\/fengshuifocus.com.sg\/de\/shop\/protection\/5-element-pagoda-with-fu-dogs\/\",\"url\":\"https:\/\/fengshuifocus.com.sg\/de\/shop\/protection\/5-element-pagoda-with-fu-dogs\/\",\"name\":\"5 Element Pagoda with Fu Dogs &#8212; Feng Shui Focus\",\"isPartOf\":{\"@id\":\"https:\/\/fengshuifocus.com.sg\/de\/#website\"},\"primaryImageOfPage\":{\"@id\":\"https:\/\/fengshuifocus.com.sg\/de\/shop\/protection\/5-element-pagoda-with-fu-dogs\/#primaryimage\"},\"image\":{\"@id\":\"https:\/\/fengshuifocus.com.sg\/de\/shop\/protection\/5-element-pagoda-with-fu-dogs\/#primaryimage\"},\"thumbnailUrl\":\"https:\/\/fengshuifocus.com.sg\/wp-content\/uploads\/2025\/02\/5-Element-Pagoda-w-Fu-Dogs-L-Lifestyle.jpg\",\"datePublished\":\"2025-02-16T22:28:36+00:00\",\"dateModified\":\"2026-02-17T13:39:14+00:00\",\"description\":\"The 5 Element Pagoda remains one of the most powerful remedies for neutralising the dreaded Five Yellow affliction.\",\"breadcrumb\":{\"@id\":\"https:\/\/fengshuifocus.com.sg\/de\/shop\/protection\/5-element-pagoda-with-fu-dogs\/#breadcrumb\"},\"inLanguage\":\"de\",\"potentialAction\":[{\"@type\":\"ReadAction\",\"target\":[\"https:\/\/fengshuifocus.com.sg\/de\/shop\/protection\/5-element-pagoda-with-fu-dogs\/\"]}]},{\"@type\":\"ImageObject\",\"inLanguage\":\"de\",\"@id\":\"https:\/\/fengshuifocus.com.sg\/de\/shop\/protection\/5-element-pagoda-with-fu-dogs\/#primaryimage\",\"url\":\"https:\/\/fengshuifocus.com.sg\/wp-content\/uploads\/2025\/02\/5-Element-Pagoda-w-Fu-Dogs-L-Lifestyle.jpg\",\"contentUrl\":\"https:\/\/fengshuifocus.com.sg\/wp-content\/uploads\/2025\/02\/5-Element-Pagoda-w-Fu-Dogs-L-Lifestyle.jpg\",\"width\":840,\"height\":840},{\"@type\":\"BreadcrumbList\",\"@id\":\"https:\/\/fengshuifocus.com.sg\/de\/shop\/protection\/5-element-pagoda-with-fu-dogs\/#breadcrumb\",\"itemListElement\":[{\"@type\":\"ListItem\",\"position\":1,\"name\":\"Home\",\"item\":\"https:\/\/fengshuifocus.com.sg\/\"},{\"@type\":\"ListItem\",\"position\":2,\"name\":\"Feng Shui Focus Online Shop\",\"item\":\"https:\/\/fengshuifocus.com.sg\/de\/shop\/\"},{\"@type\":\"ListItem\",\"position\":3,\"name\":\"5 Element Pagoda with Fu Dogs\"}]},{\"@type\":\"WebSite\",\"@id\":\"https:\/\/fengshuifocus.com.sg\/de\/#website\",\"url\":\"https:\/\/fengshuifocus.com.sg\/de\/\",\"name\":\"Feng Shui Focus\",\"description\":\"Praktische L\u00f6sungen f\u00fcr das moderne Zuhause und B\u00fcro\",\"potentialAction\":[{\"@type\":\"SearchAction\",\"target\":{\"@type\":\"EntryPoint\",\"urlTemplate\":\"https:\/\/fengshuifocus.com.sg\/de\/?s={search_term_string}\"},\"query-input\":{\"@type\":\"PropertyValueSpecification\",\"valueRequired\":true,\"valueName\":\"search_term_string\"}}],\"inLanguage\":\"de\"}]}<\/script>\n<!-- \/ Yoast SEO plugin. -->","yoast_head_json":{"title":"5 Element Pagoda with Fu Dogs &#8212; Feng Shui Focus","robots":{"index":"index","follow":"follow","max-snippet":"max-snippet:-1","max-image-preview":"max-image-preview:large","max-video-preview":"max-video-preview:-1"},"canonical":"https:\/\/fengshuifocus.com.sg\/de\/shop\/protection\/5-element-pagoda-with-fu-dogs\/","og_locale":"de_DE","og_type":"article","og_title":"5 Element Pagoda with Fu Dogs","og_description":"The 5 Element Pagoda remains one of the most powerful remedies for neutralising the dreaded Five Yellow affliction.","og_url":"https:\/\/fengshuifocus.com.sg\/de\/shop\/protection\/5-element-pagoda-with-fu-dogs\/","og_site_name":"Feng Shui Focus","article_publisher":"https:\/\/www.facebook.com\/Feng-Shui-Focus-176469115722739\/?hc_ref=ARQeIaM_dqGJoG1GyHcEnC9wqA9DE2VYU7MZosxhMrw4oVdQfkxNRxrsDKl-F7yxicA","article_modified_time":"2026-02-17T13:39:14+00:00","og_image":[{"width":840,"height":840,"url":"https:\/\/fengshuifocus.com.sg\/wp-content\/uploads\/2025\/02\/5-Element-Pagoda-w-Fu-Dogs-L-Lifestyle-300x300.jpg","type":"image\/jpeg"}],"twitter_card":"summary_large_image","twitter_site":"@FengShuiFocus","twitter_misc":{"Gesch\u00e4tzte Lesezeit":"2\u00a0Minuten"},"schema":{"@context":"https:\/\/schema.org","@graph":[{"@type":"WebPage","@id":"https:\/\/fengshuifocus.com.sg\/de\/shop\/protection\/5-element-pagoda-with-fu-dogs\/","url":"https:\/\/fengshuifocus.com.sg\/de\/shop\/protection\/5-element-pagoda-with-fu-dogs\/","name":"5 Element Pagoda with Fu Dogs &#8212; Feng Shui Focus","isPartOf":{"@id":"https:\/\/fengshuifocus.com.sg\/de\/#website"},"primaryImageOfPage":{"@id":"https:\/\/fengshuifocus.com.sg\/de\/shop\/protection\/5-element-pagoda-with-fu-dogs\/#primaryimage"},"image":{"@id":"https:\/\/fengshuifocus.com.sg\/de\/shop\/protection\/5-element-pagoda-with-fu-dogs\/#primaryimage"},"thumbnailUrl":"https:\/\/fengshuifocus.com.sg\/wp-content\/uploads\/2025\/02\/5-Element-Pagoda-w-Fu-Dogs-L-Lifestyle.jpg","datePublished":"2025-02-16T22:28:36+00:00","dateModified":"2026-02-17T13:39:14+00:00","description":"The 5 Element Pagoda remains one of the most powerful remedies for neutralising the dreaded Five Yellow affliction.","breadcrumb":{"@id":"https:\/\/fengshuifocus.com.sg\/de\/shop\/protection\/5-element-pagoda-with-fu-dogs\/#breadcrumb"},"inLanguage":"de","potentialAction":[{"@type":"ReadAction","target":["https:\/\/fengshuifocus.com.sg\/de\/shop\/protection\/5-element-pagoda-with-fu-dogs\/"]}]},{"@type":"ImageObject","inLanguage":"de","@id":"https:\/\/fengshuifocus.com.sg\/de\/shop\/protection\/5-element-pagoda-with-fu-dogs\/#primaryimage","url":"https:\/\/fengshuifocus.com.sg\/wp-content\/uploads\/2025\/02\/5-Element-Pagoda-w-Fu-Dogs-L-Lifestyle.jpg","contentUrl":"https:\/\/fengshuifocus.com.sg\/wp-content\/uploads\/2025\/02\/5-Element-Pagoda-w-Fu-Dogs-L-Lifestyle.jpg","width":840,"height":840},{"@type":"BreadcrumbList","@id":"https:\/\/fengshuifocus.com.sg\/de\/shop\/protection\/5-element-pagoda-with-fu-dogs\/#breadcrumb","itemListElement":[{"@type":"ListItem","position":1,"name":"Home","item":"https:\/\/fengshuifocus.com.sg\/"},{"@type":"ListItem","position":2,"name":"Feng Shui Focus Online Shop","item":"https:\/\/fengshuifocus.com.sg\/de\/shop\/"},{"@type":"ListItem","position":3,"name":"5 Element Pagoda with Fu Dogs"}]},{"@type":"WebSite","@id":"https:\/\/fengshuifocus.com.sg\/de\/#website","url":"https:\/\/fengshuifocus.com.sg\/de\/","name":"Feng Shui Focus","description":"Praktische L\u00f6sungen f\u00fcr das moderne Zuhause und B\u00fcro","potentialAction":[{"@type":"SearchAction","target":{"@type":"EntryPoint","urlTemplate":"https:\/\/fengshuifocus.com.sg\/de\/?s={search_term_string}"},"query-input":{"@type":"PropertyValueSpecification","valueRequired":true,"valueName":"search_term_string"}}],"inLanguage":"de"}]}},"post_mailing_queue_ids":[],"_links":{"self":[{"href":"https:\/\/fengshuifocus.com.sg\/de\/wp-json\/wp\/v2\/product\/13189","targetHints":{"allow":["GET"]}}],"collection":[{"href":"https:\/\/fengshuifocus.com.sg\/de\/wp-json\/wp\/v2\/product"}],"about":[{"href":"https:\/\/fengshuifocus.com.sg\/de\/wp-json\/wp\/v2\/types\/product"}],"wp:featuredmedia":[{"embeddable":true,"href":"https:\/\/fengshuifocus.com.sg\/de\/wp-json\/wp\/v2\/media\/13198"}],"wp:attachment":[{"href":"https:\/\/fengshuifocus.com.sg\/de\/wp-json\/wp\/v2\/media?parent=13189"}],"wp:term":[{"taxonomy":"product_brand","embeddable":true,"href":"https:\/\/fengshuifocus.com.sg\/de\/wp-json\/wp\/v2\/product_brand?post=13189"},{"taxonomy":"product_cat","embeddable":true,"href":"https:\/\/fengshuifocus.com.sg\/de\/wp-json\/wp\/v2\/product_cat?post=13189"},{"taxonomy":"product_tag","embeddable":true,"href":"https:\/\/fengshuifocus.com.sg\/de\/wp-json\/wp\/v2\/product_tag?post=13189"}],"curies":[{"name":"wp","href":"https:\/\/api.w.org\/{rel}","templated":true}]}}