{"id":13213,"date":"2025-02-16T23:48:19","date_gmt":"2025-02-16T22:48:19","guid":{"rendered":"https:\/\/fengshuifocus.com.sg\/?post_type=product&#038;p=13213"},"modified":"2025-12-21T01:03:52","modified_gmt":"2025-12-21T00:03:52","slug":"4-element-cross","status":"publish","type":"product","link":"https:\/\/fengshuifocus.com.sg\/de\/shop\/wealth\/4-element-cross\/","title":{"rendered":"4 Element Cross"},"content":{"rendered":"<p>The Four Element Cross is a powerful enhancer for excellent wealth luck, attracting new financial opportunities and prosperity. This amulet mirror harnesses the energy of four key zodiac allies \u2013 each representing a vital element: the Snake (Fire) for wealth and abundance, the Monkey (Metal) for valuable resources, the Boar (Water) for meaningful friendships, and the Tiger (Wood) for creativity and innovation. Together, they generate exceptional good fortune and success.<\/p>\n<p>Having the energies of these four zodiac animals together will help to sharpen your intuition and strategic thinking, essential for unlocking opportunities in a year full of promise \u2013 but requiring keen awareness to fully capitalize on.<span class=\"\" style=\"display:block;clear:both;height: 0px;padding-top: 20px;border-top-width:0px;border-bottom-width:0px;\"><\/span>\n<p><strong>Place this mirror anywhere in your home to harness the very best energies of 2026 and maximize your good fortune!<\/strong><\/p>\n<span class=\"\" style=\"display:block;clear:both;height: 0px;padding-top: 20px;border-top-width:0px;border-bottom-width:0px;\"><\/span>\n<p>Measurements: \u00a0\u00a0 approx. H 13.8cm x W 8cm x D 4.5cm<\/p>\n<span class=\"\" style=\"display:block;clear:both;height: 0px;padding-top: 20px;border-top-width:0px;border-bottom-width:0px;\"><\/span>\n","protected":false},"excerpt":{"rendered":"<p>The Four Element Cross is a powerful enhancer for excellent wealth luck, attracting new financial opportunities and prosperity. This amulet mirror harnesses the energy of four key zodiac allies \u2013 each representing a vital element: the Snake (Fire) for wealth and abundance, the Monkey (Metal) for valuable resources, the Boar (Water) for meaningful friendships, and the Tiger (Wood) for creativity and innovation. Together, they generate exceptional good fortune and success.<\/p>\n<p>Having the energies of these four zodiac animals together will help to sharpen your intuition and strategic thinking, essential for unlocking opportunities in a year full of promise \u2013 but requiring keen awareness to fully capitalize on.<\/p>\n<p><strong>Place this mirror anywhere in your home to harness the very best energies of 2026 and maximize your good fortune!<\/strong><\/p>\n","protected":false},"featured_media":13216,"template":"","meta":{"kt_blocks_editor_width":"","_monsterinsights_skip_tracking":false,"_monsterinsights_sitenote_active":false,"_monsterinsights_sitenote_note":"","_monsterinsights_sitenote_category":0},"product_brand":[],"product_cat":[378,375],"product_tag":[],"class_list":{"0":"post-13213","1":"product","2":"type-product","3":"status-publish","4":"has-post-thumbnail","6":"product_cat-feng-shui-home","7":"product_cat-wealth","9":"first","10":"instock","11":"shipping-taxable","12":"purchasable","13":"product-type-simple"},"translation":{"provider":"WPGlobus","version":"3.0.0","language":"de","enabled_languages":["en","de"],"languages":{"en":{"title":true,"content":true,"excerpt":true},"de":{"title":false,"content":false,"excerpt":false}}},"yoast_head":"<!-- This site is optimized with the Yoast SEO plugin v26.4 - https:\/\/yoast.com\/wordpress\/plugins\/seo\/ -->\n<title>4 Element Cross &#8212; Feng Shui Focus<\/title>\n<meta name=\"robots\" content=\"index, follow, max-snippet:-1, max-image-preview:large, max-video-preview:-1\" \/>\n<link rel=\"canonical\" href=\"https:\/\/fengshuifocus.com.sg\/shop\/wealth\/4-element-cross\/\" \/>\n<meta property=\"og:locale\" content=\"de_DE\" \/>\n<meta property=\"og:type\" content=\"article\" \/>\n<meta property=\"og:title\" content=\"4 Element Cross\" \/>\n<meta property=\"og:description\" content=\"The Four Element Cross is a powerful enhancer for excellent wealth luck, attracting new financial opportunities and prosperity. This amulet mirror harnesses the energy of four key zodiac allies \u2013 each representing a vital element: the Snake (Fire) for wealth and abundance, the Monkey (Metal) for valuable resources, the Boar (Water) for meaningful friendships, and the Tiger (Wood) for creativity and innovation.\" \/>\n<meta property=\"og:url\" content=\"https:\/\/fengshuifocus.com.sg\/shop\/wealth\/4-element-cross\/\" \/>\n<meta property=\"og:site_name\" content=\"Feng Shui Focus\" \/>\n<meta property=\"article:publisher\" content=\"https:\/\/www.facebook.com\/Feng-Shui-Focus-176469115722739\/?hc_ref=ARQeIaM_dqGJoG1GyHcEnC9wqA9DE2VYU7MZosxhMrw4oVdQfkxNRxrsDKl-F7yxicA\" \/>\n<meta property=\"article:modified_time\" content=\"2025-12-21T00:03:52+00:00\" \/>\n<meta property=\"og:image\" content=\"https:\/\/fengshuifocus.com.sg\/wp-content\/uploads\/2025\/02\/4-Element-Cross-Lifestyle-300x300.jpg\" \/>\n\t<meta property=\"og:image:width\" content=\"1024\" \/>\n\t<meta property=\"og:image:height\" content=\"1024\" \/>\n\t<meta property=\"og:image:type\" content=\"image\/jpeg\" \/>\n<meta name=\"twitter:card\" content=\"summary_large_image\" \/>\n<meta name=\"twitter:site\" content=\"@FengShuiFocus\" \/>\n<meta name=\"twitter:label1\" content=\"Gesch\u00e4tzte Lesezeit\" \/>\n\t<meta name=\"twitter:data1\" content=\"1\u00a0Minute\" \/>\n<script type=\"application\/ld+json\" class=\"yoast-schema-graph\">{\"@context\":\"https:\/\/schema.org\",\"@graph\":[{\"@type\":\"WebPage\",\"@id\":\"https:\/\/fengshuifocus.com.sg\/shop\/wealth\/4-element-cross\/\",\"url\":\"https:\/\/fengshuifocus.com.sg\/shop\/wealth\/4-element-cross\/\",\"name\":\"4 Element Cross &#8212; Feng Shui Focus\",\"isPartOf\":{\"@id\":\"https:\/\/fengshuifocus.com.sg\/de\/#website\"},\"primaryImageOfPage\":{\"@id\":\"https:\/\/fengshuifocus.com.sg\/shop\/wealth\/4-element-cross\/#primaryimage\"},\"image\":{\"@id\":\"https:\/\/fengshuifocus.com.sg\/shop\/wealth\/4-element-cross\/#primaryimage\"},\"thumbnailUrl\":\"https:\/\/fengshuifocus.com.sg\/wp-content\/uploads\/2025\/02\/4-Element-Cross-front.jpg\",\"datePublished\":\"2025-02-16T22:48:19+00:00\",\"dateModified\":\"2025-12-21T00:03:52+00:00\",\"description\":\"The Four Element Cross is a powerful enhancer for excellent wealth luck, attracting new financial opportunities and prosperity. This amulet mirror harnesses the energy of four key zodiac allies \u2013 each representing a vital element: the Snake (Fire) for wealth and abundance, the Monkey (Metal) for valuable resources, the Boar (Water) for meaningful friendships, and the Tiger (Wood) for creativity and innovation.\",\"breadcrumb\":{\"@id\":\"https:\/\/fengshuifocus.com.sg\/shop\/wealth\/4-element-cross\/#breadcrumb\"},\"inLanguage\":\"de\",\"potentialAction\":[{\"@type\":\"ReadAction\",\"target\":[\"https:\/\/fengshuifocus.com.sg\/shop\/wealth\/4-element-cross\/\"]}]},{\"@type\":\"ImageObject\",\"inLanguage\":\"de\",\"@id\":\"https:\/\/fengshuifocus.com.sg\/shop\/wealth\/4-element-cross\/#primaryimage\",\"url\":\"https:\/\/fengshuifocus.com.sg\/wp-content\/uploads\/2025\/02\/4-Element-Cross-front.jpg\",\"contentUrl\":\"https:\/\/fengshuifocus.com.sg\/wp-content\/uploads\/2025\/02\/4-Element-Cross-front.jpg\",\"width\":600,\"height\":600},{\"@type\":\"BreadcrumbList\",\"@id\":\"https:\/\/fengshuifocus.com.sg\/shop\/wealth\/4-element-cross\/#breadcrumb\",\"itemListElement\":[{\"@type\":\"ListItem\",\"position\":1,\"name\":\"Home\",\"item\":\"https:\/\/fengshuifocus.com.sg\/\"},{\"@type\":\"ListItem\",\"position\":2,\"name\":\"Feng Shui Focus Online Shop\",\"item\":\"https:\/\/fengshuifocus.com.sg\/de\/shop\/\"},{\"@type\":\"ListItem\",\"position\":3,\"name\":\"4 Element Cross\"}]},{\"@type\":\"WebSite\",\"@id\":\"https:\/\/fengshuifocus.com.sg\/de\/#website\",\"url\":\"https:\/\/fengshuifocus.com.sg\/de\/\",\"name\":\"Feng Shui Focus\",\"description\":\"Praktische L\u00f6sungen f\u00fcr das moderne Zuhause und B\u00fcro\",\"potentialAction\":[{\"@type\":\"SearchAction\",\"target\":{\"@type\":\"EntryPoint\",\"urlTemplate\":\"https:\/\/fengshuifocus.com.sg\/de\/?s={search_term_string}\"},\"query-input\":{\"@type\":\"PropertyValueSpecification\",\"valueRequired\":true,\"valueName\":\"search_term_string\"}}],\"inLanguage\":\"de\"}]}<\/script>\n<!-- \/ Yoast SEO plugin. -->","yoast_head_json":{"title":"4 Element Cross &#8212; Feng Shui Focus","robots":{"index":"index","follow":"follow","max-snippet":"max-snippet:-1","max-image-preview":"max-image-preview:large","max-video-preview":"max-video-preview:-1"},"canonical":"https:\/\/fengshuifocus.com.sg\/shop\/wealth\/4-element-cross\/","og_locale":"de_DE","og_type":"article","og_title":"4 Element Cross","og_description":"The Four Element Cross is a powerful enhancer for excellent wealth luck, attracting new financial opportunities and prosperity. This amulet mirror harnesses the energy of four key zodiac allies \u2013 each representing a vital element: the Snake (Fire) for wealth and abundance, the Monkey (Metal) for valuable resources, the Boar (Water) for meaningful friendships, and the Tiger (Wood) for creativity and innovation.","og_url":"https:\/\/fengshuifocus.com.sg\/shop\/wealth\/4-element-cross\/","og_site_name":"Feng Shui Focus","article_publisher":"https:\/\/www.facebook.com\/Feng-Shui-Focus-176469115722739\/?hc_ref=ARQeIaM_dqGJoG1GyHcEnC9wqA9DE2VYU7MZosxhMrw4oVdQfkxNRxrsDKl-F7yxicA","article_modified_time":"2025-12-21T00:03:52+00:00","og_image":[{"width":1024,"height":1024,"url":"https:\/\/fengshuifocus.com.sg\/wp-content\/uploads\/2025\/02\/4-Element-Cross-Lifestyle-300x300.jpg","type":"image\/jpeg"}],"twitter_card":"summary_large_image","twitter_site":"@FengShuiFocus","twitter_misc":{"Gesch\u00e4tzte Lesezeit":"1\u00a0Minute"},"schema":{"@context":"https:\/\/schema.org","@graph":[{"@type":"WebPage","@id":"https:\/\/fengshuifocus.com.sg\/shop\/wealth\/4-element-cross\/","url":"https:\/\/fengshuifocus.com.sg\/shop\/wealth\/4-element-cross\/","name":"4 Element Cross &#8212; Feng Shui Focus","isPartOf":{"@id":"https:\/\/fengshuifocus.com.sg\/de\/#website"},"primaryImageOfPage":{"@id":"https:\/\/fengshuifocus.com.sg\/shop\/wealth\/4-element-cross\/#primaryimage"},"image":{"@id":"https:\/\/fengshuifocus.com.sg\/shop\/wealth\/4-element-cross\/#primaryimage"},"thumbnailUrl":"https:\/\/fengshuifocus.com.sg\/wp-content\/uploads\/2025\/02\/4-Element-Cross-front.jpg","datePublished":"2025-02-16T22:48:19+00:00","dateModified":"2025-12-21T00:03:52+00:00","description":"The Four Element Cross is a powerful enhancer for excellent wealth luck, attracting new financial opportunities and prosperity. This amulet mirror harnesses the energy of four key zodiac allies \u2013 each representing a vital element: the Snake (Fire) for wealth and abundance, the Monkey (Metal) for valuable resources, the Boar (Water) for meaningful friendships, and the Tiger (Wood) for creativity and innovation.","breadcrumb":{"@id":"https:\/\/fengshuifocus.com.sg\/shop\/wealth\/4-element-cross\/#breadcrumb"},"inLanguage":"de","potentialAction":[{"@type":"ReadAction","target":["https:\/\/fengshuifocus.com.sg\/shop\/wealth\/4-element-cross\/"]}]},{"@type":"ImageObject","inLanguage":"de","@id":"https:\/\/fengshuifocus.com.sg\/shop\/wealth\/4-element-cross\/#primaryimage","url":"https:\/\/fengshuifocus.com.sg\/wp-content\/uploads\/2025\/02\/4-Element-Cross-front.jpg","contentUrl":"https:\/\/fengshuifocus.com.sg\/wp-content\/uploads\/2025\/02\/4-Element-Cross-front.jpg","width":600,"height":600},{"@type":"BreadcrumbList","@id":"https:\/\/fengshuifocus.com.sg\/shop\/wealth\/4-element-cross\/#breadcrumb","itemListElement":[{"@type":"ListItem","position":1,"name":"Home","item":"https:\/\/fengshuifocus.com.sg\/"},{"@type":"ListItem","position":2,"name":"Feng Shui Focus Online Shop","item":"https:\/\/fengshuifocus.com.sg\/de\/shop\/"},{"@type":"ListItem","position":3,"name":"4 Element Cross"}]},{"@type":"WebSite","@id":"https:\/\/fengshuifocus.com.sg\/de\/#website","url":"https:\/\/fengshuifocus.com.sg\/de\/","name":"Feng Shui Focus","description":"Praktische L\u00f6sungen f\u00fcr das moderne Zuhause und B\u00fcro","potentialAction":[{"@type":"SearchAction","target":{"@type":"EntryPoint","urlTemplate":"https:\/\/fengshuifocus.com.sg\/de\/?s={search_term_string}"},"query-input":{"@type":"PropertyValueSpecification","valueRequired":true,"valueName":"search_term_string"}}],"inLanguage":"de"}]}},"post_mailing_queue_ids":[],"_links":{"self":[{"href":"https:\/\/fengshuifocus.com.sg\/de\/wp-json\/wp\/v2\/product\/13213","targetHints":{"allow":["GET"]}}],"collection":[{"href":"https:\/\/fengshuifocus.com.sg\/de\/wp-json\/wp\/v2\/product"}],"about":[{"href":"https:\/\/fengshuifocus.com.sg\/de\/wp-json\/wp\/v2\/types\/product"}],"wp:featuredmedia":[{"embeddable":true,"href":"https:\/\/fengshuifocus.com.sg\/de\/wp-json\/wp\/v2\/media\/13216"}],"wp:attachment":[{"href":"https:\/\/fengshuifocus.com.sg\/de\/wp-json\/wp\/v2\/media?parent=13213"}],"wp:term":[{"taxonomy":"product_brand","embeddable":true,"href":"https:\/\/fengshuifocus.com.sg\/de\/wp-json\/wp\/v2\/product_brand?post=13213"},{"taxonomy":"product_cat","embeddable":true,"href":"https:\/\/fengshuifocus.com.sg\/de\/wp-json\/wp\/v2\/product_cat?post=13213"},{"taxonomy":"product_tag","embeddable":true,"href":"https:\/\/fengshuifocus.com.sg\/de\/wp-json\/wp\/v2\/product_tag?post=13213"}],"curies":[{"name":"wp","href":"https:\/\/api.w.org\/{rel}","templated":true}]}}