{"id":13514,"date":"2025-11-29T20:10:46","date_gmt":"2025-11-29T19:10:46","guid":{"rendered":"https:\/\/fengshuifocus.com.sg\/?post_type=product&#038;p=13514"},"modified":"2026-02-17T14:39:02","modified_gmt":"2026-02-17T13:39:02","slug":"9-prosperity-wu-lou","status":"publish","type":"product","link":"https:\/\/fengshuifocus.com.sg\/de\/shop\/health\/9-prosperity-wu-lou\/","title":{"rendered":"9 Prosperity Wu Lou"},"content":{"rendered":"<p>For centuries, the Wu Lou has been a symbol of good health and longevity and has therefore become a symbolic cure for the No 2 Illness Star.<\/p>\n<p>This exquisite cluster of 9 Wu Lou is the new cure for 2026, symbolising robust health and long life for body, mind and spirit. Each Wu Lou is adorned with auspicious images \u2013 golden pheasants for harmony, coins and ingots for wealth, and healing herbs and flowers for well-being.<\/p>\n<p>The five largest Wu Lou also display the potent Chinese characters Fu (Blessings), Lu (Prosperity), Shou (Longevity), Xi (Joy), and Cai (Wealth), while the smaller Wu Lous branching from the cluster reinforce the message of lasting vitality and good fortune for the whole family.<\/p>\n<p><strong>In 2026, the No 2 Illness Star moves into the NW, the sector linked to the Patriarch. Managing this star is vital, as disturbances here can affect the health, stability, and leadership of the head of the household, influencing everyone in the family and others under his guidance.<\/strong><\/p>\n<p>Display this powerful cure in the NW of your home to protect health, invite prosperity, and support a joyful, flourishing life across generations.<\/p>\n<span class=\"\" style=\"display:block;clear:both;height: 0px;padding-top: 20px;border-top-width:0px;border-bottom-width:0px;\"><\/span>\n<p>Measurements: \u00a0\u00a0 approx. H 15cm x W 13cm<\/p>\n<span class=\"\" style=\"display:block;clear:both;height: 0px;padding-top: 20px;border-top-width:0px;border-bottom-width:0px;\"><\/span>\n","protected":false},"excerpt":{"rendered":"<p>For centuries, the Wu Lou has been a symbol of good health and longevity and has therefore become a symbolic cure for the No 2 Illness Star.<\/p>\n<p>This exquisite cluster of 9 Wu Lou is the new cure for 2026, symbolising robust health and long life for body, mind and spirit. Each Wu Lou is adorned with auspicious images \u2013 golden pheasants for harmony, coins and ingots for wealth, and healing herbs and flowers for well-being.<\/p>\n[spacer height=\"20px\"]\n","protected":false},"featured_media":13515,"template":"","meta":{"kt_blocks_editor_width":"","_monsterinsights_skip_tracking":false,"_monsterinsights_sitenote_active":false,"_monsterinsights_sitenote_note":"","_monsterinsights_sitenote_category":0},"product_brand":[],"product_cat":[378,374,844],"product_tag":[417,387,396,845,696,508,385,386],"class_list":{"0":"post-13514","1":"product","2":"type-product","3":"status-publish","4":"has-post-thumbnail","6":"product_cat-feng-shui-home","7":"product_cat-health","8":"product_cat-year-of-the-horse","9":"product_tag-good-fortune","10":"product_tag-health","11":"product_tag-illness","12":"product_tag-joy","13":"product_tag-longevity","14":"product_tag-love","15":"product_tag-prosperity","16":"product_tag-wealth","18":"first","19":"outofstock","20":"shipping-taxable","21":"purchasable","22":"product-type-simple"},"translation":{"provider":"WPGlobus","version":"3.0.0","language":"de","enabled_languages":["en","de"],"languages":{"en":{"title":true,"content":true,"excerpt":true},"de":{"title":false,"content":false,"excerpt":false}}},"yoast_head":"<!-- This site is optimized with the Yoast SEO plugin v26.4 - https:\/\/yoast.com\/wordpress\/plugins\/seo\/ -->\n<title>9 Prosperity Wu Lou &#8212; Feng Shui Focus<\/title>\n<meta name=\"robots\" content=\"index, follow, max-snippet:-1, max-image-preview:large, max-video-preview:-1\" \/>\n<link rel=\"canonical\" href=\"https:\/\/fengshuifocus.com.sg\/shop\/health\/9-prosperity-wu-lou\/\" \/>\n<meta property=\"og:locale\" content=\"de_DE\" \/>\n<meta property=\"og:type\" content=\"article\" \/>\n<meta property=\"og:title\" content=\"9 Prosperity Wu Lou\" \/>\n<meta property=\"og:description\" content=\"For centuries, the Wu Lou has been a symbol of good health and longevity and has therefore become a symbolic cure for the No 2 Illness Star.\" \/>\n<meta property=\"og:url\" content=\"https:\/\/fengshuifocus.com.sg\/shop\/health\/9-prosperity-wu-lou\/\" \/>\n<meta property=\"og:site_name\" content=\"Feng Shui Focus\" \/>\n<meta property=\"article:publisher\" content=\"https:\/\/www.facebook.com\/Feng-Shui-Focus-176469115722739\/?hc_ref=ARQeIaM_dqGJoG1GyHcEnC9wqA9DE2VYU7MZosxhMrw4oVdQfkxNRxrsDKl-F7yxicA\" \/>\n<meta property=\"article:modified_time\" content=\"2026-02-17T13:39:02+00:00\" \/>\n<meta property=\"og:image\" content=\"https:\/\/fengshuifocus.com.sg\/wp-content\/uploads\/2025\/11\/9-Prosperity-Wu-Lou-Lifestyle-426x450.jpg\" \/>\n\t<meta property=\"og:image:width\" content=\"853\" \/>\n\t<meta property=\"og:image:height\" content=\"902\" \/>\n\t<meta property=\"og:image:type\" content=\"image\/jpeg\" \/>\n<meta name=\"twitter:card\" content=\"summary_large_image\" \/>\n<meta name=\"twitter:site\" content=\"@FengShuiFocus\" \/>\n<meta name=\"twitter:label1\" content=\"Gesch\u00e4tzte Lesezeit\" \/>\n\t<meta name=\"twitter:data1\" content=\"2\u00a0Minuten\" \/>\n<script type=\"application\/ld+json\" class=\"yoast-schema-graph\">{\"@context\":\"https:\/\/schema.org\",\"@graph\":[{\"@type\":\"WebPage\",\"@id\":\"https:\/\/fengshuifocus.com.sg\/shop\/health\/9-prosperity-wu-lou\/\",\"url\":\"https:\/\/fengshuifocus.com.sg\/shop\/health\/9-prosperity-wu-lou\/\",\"name\":\"9 Prosperity Wu Lou &#8212; Feng Shui Focus\",\"isPartOf\":{\"@id\":\"https:\/\/fengshuifocus.com.sg\/de\/#website\"},\"primaryImageOfPage\":{\"@id\":\"https:\/\/fengshuifocus.com.sg\/shop\/health\/9-prosperity-wu-lou\/#primaryimage\"},\"image\":{\"@id\":\"https:\/\/fengshuifocus.com.sg\/shop\/health\/9-prosperity-wu-lou\/#primaryimage\"},\"thumbnailUrl\":\"https:\/\/fengshuifocus.com.sg\/wp-content\/uploads\/2025\/11\/9-Prosperity-Wu-Lou-1.jpg\",\"datePublished\":\"2025-11-29T19:10:46+00:00\",\"dateModified\":\"2026-02-17T13:39:02+00:00\",\"description\":\"For centuries, the Wu Lou has been a symbol of good health and longevity and has therefore become a symbolic cure for the No 2 Illness Star.\",\"breadcrumb\":{\"@id\":\"https:\/\/fengshuifocus.com.sg\/shop\/health\/9-prosperity-wu-lou\/#breadcrumb\"},\"inLanguage\":\"de\",\"potentialAction\":[{\"@type\":\"ReadAction\",\"target\":[\"https:\/\/fengshuifocus.com.sg\/shop\/health\/9-prosperity-wu-lou\/\"]}]},{\"@type\":\"ImageObject\",\"inLanguage\":\"de\",\"@id\":\"https:\/\/fengshuifocus.com.sg\/shop\/health\/9-prosperity-wu-lou\/#primaryimage\",\"url\":\"https:\/\/fengshuifocus.com.sg\/wp-content\/uploads\/2025\/11\/9-Prosperity-Wu-Lou-1.jpg\",\"contentUrl\":\"https:\/\/fengshuifocus.com.sg\/wp-content\/uploads\/2025\/11\/9-Prosperity-Wu-Lou-1.jpg\",\"width\":787,\"height\":787,\"caption\":\"9 Prosperity Wu Lou\"},{\"@type\":\"BreadcrumbList\",\"@id\":\"https:\/\/fengshuifocus.com.sg\/shop\/health\/9-prosperity-wu-lou\/#breadcrumb\",\"itemListElement\":[{\"@type\":\"ListItem\",\"position\":1,\"name\":\"Home\",\"item\":\"https:\/\/fengshuifocus.com.sg\/\"},{\"@type\":\"ListItem\",\"position\":2,\"name\":\"Feng Shui Focus Online Shop\",\"item\":\"https:\/\/fengshuifocus.com.sg\/de\/shop\/\"},{\"@type\":\"ListItem\",\"position\":3,\"name\":\"9 Prosperity Wu Lou\"}]},{\"@type\":\"WebSite\",\"@id\":\"https:\/\/fengshuifocus.com.sg\/de\/#website\",\"url\":\"https:\/\/fengshuifocus.com.sg\/de\/\",\"name\":\"Feng Shui Focus\",\"description\":\"Praktische L\u00f6sungen f\u00fcr das moderne Zuhause und B\u00fcro\",\"potentialAction\":[{\"@type\":\"SearchAction\",\"target\":{\"@type\":\"EntryPoint\",\"urlTemplate\":\"https:\/\/fengshuifocus.com.sg\/de\/?s={search_term_string}\"},\"query-input\":{\"@type\":\"PropertyValueSpecification\",\"valueRequired\":true,\"valueName\":\"search_term_string\"}}],\"inLanguage\":\"de\"}]}<\/script>\n<!-- \/ Yoast SEO plugin. -->","yoast_head_json":{"title":"9 Prosperity Wu Lou &#8212; Feng Shui Focus","robots":{"index":"index","follow":"follow","max-snippet":"max-snippet:-1","max-image-preview":"max-image-preview:large","max-video-preview":"max-video-preview:-1"},"canonical":"https:\/\/fengshuifocus.com.sg\/shop\/health\/9-prosperity-wu-lou\/","og_locale":"de_DE","og_type":"article","og_title":"9 Prosperity Wu Lou","og_description":"For centuries, the Wu Lou has been a symbol of good health and longevity and has therefore become a symbolic cure for the No 2 Illness Star.","og_url":"https:\/\/fengshuifocus.com.sg\/shop\/health\/9-prosperity-wu-lou\/","og_site_name":"Feng Shui Focus","article_publisher":"https:\/\/www.facebook.com\/Feng-Shui-Focus-176469115722739\/?hc_ref=ARQeIaM_dqGJoG1GyHcEnC9wqA9DE2VYU7MZosxhMrw4oVdQfkxNRxrsDKl-F7yxicA","article_modified_time":"2026-02-17T13:39:02+00:00","og_image":[{"width":853,"height":902,"url":"https:\/\/fengshuifocus.com.sg\/wp-content\/uploads\/2025\/11\/9-Prosperity-Wu-Lou-Lifestyle-426x450.jpg","type":"image\/jpeg"}],"twitter_card":"summary_large_image","twitter_site":"@FengShuiFocus","twitter_misc":{"Gesch\u00e4tzte Lesezeit":"2\u00a0Minuten"},"schema":{"@context":"https:\/\/schema.org","@graph":[{"@type":"WebPage","@id":"https:\/\/fengshuifocus.com.sg\/shop\/health\/9-prosperity-wu-lou\/","url":"https:\/\/fengshuifocus.com.sg\/shop\/health\/9-prosperity-wu-lou\/","name":"9 Prosperity Wu Lou &#8212; Feng Shui Focus","isPartOf":{"@id":"https:\/\/fengshuifocus.com.sg\/de\/#website"},"primaryImageOfPage":{"@id":"https:\/\/fengshuifocus.com.sg\/shop\/health\/9-prosperity-wu-lou\/#primaryimage"},"image":{"@id":"https:\/\/fengshuifocus.com.sg\/shop\/health\/9-prosperity-wu-lou\/#primaryimage"},"thumbnailUrl":"https:\/\/fengshuifocus.com.sg\/wp-content\/uploads\/2025\/11\/9-Prosperity-Wu-Lou-1.jpg","datePublished":"2025-11-29T19:10:46+00:00","dateModified":"2026-02-17T13:39:02+00:00","description":"For centuries, the Wu Lou has been a symbol of good health and longevity and has therefore become a symbolic cure for the No 2 Illness Star.","breadcrumb":{"@id":"https:\/\/fengshuifocus.com.sg\/shop\/health\/9-prosperity-wu-lou\/#breadcrumb"},"inLanguage":"de","potentialAction":[{"@type":"ReadAction","target":["https:\/\/fengshuifocus.com.sg\/shop\/health\/9-prosperity-wu-lou\/"]}]},{"@type":"ImageObject","inLanguage":"de","@id":"https:\/\/fengshuifocus.com.sg\/shop\/health\/9-prosperity-wu-lou\/#primaryimage","url":"https:\/\/fengshuifocus.com.sg\/wp-content\/uploads\/2025\/11\/9-Prosperity-Wu-Lou-1.jpg","contentUrl":"https:\/\/fengshuifocus.com.sg\/wp-content\/uploads\/2025\/11\/9-Prosperity-Wu-Lou-1.jpg","width":787,"height":787,"caption":"9 Prosperity Wu Lou"},{"@type":"BreadcrumbList","@id":"https:\/\/fengshuifocus.com.sg\/shop\/health\/9-prosperity-wu-lou\/#breadcrumb","itemListElement":[{"@type":"ListItem","position":1,"name":"Home","item":"https:\/\/fengshuifocus.com.sg\/"},{"@type":"ListItem","position":2,"name":"Feng Shui Focus Online Shop","item":"https:\/\/fengshuifocus.com.sg\/de\/shop\/"},{"@type":"ListItem","position":3,"name":"9 Prosperity Wu Lou"}]},{"@type":"WebSite","@id":"https:\/\/fengshuifocus.com.sg\/de\/#website","url":"https:\/\/fengshuifocus.com.sg\/de\/","name":"Feng Shui Focus","description":"Praktische L\u00f6sungen f\u00fcr das moderne Zuhause und B\u00fcro","potentialAction":[{"@type":"SearchAction","target":{"@type":"EntryPoint","urlTemplate":"https:\/\/fengshuifocus.com.sg\/de\/?s={search_term_string}"},"query-input":{"@type":"PropertyValueSpecification","valueRequired":true,"valueName":"search_term_string"}}],"inLanguage":"de"}]}},"post_mailing_queue_ids":[],"_links":{"self":[{"href":"https:\/\/fengshuifocus.com.sg\/de\/wp-json\/wp\/v2\/product\/13514","targetHints":{"allow":["GET"]}}],"collection":[{"href":"https:\/\/fengshuifocus.com.sg\/de\/wp-json\/wp\/v2\/product"}],"about":[{"href":"https:\/\/fengshuifocus.com.sg\/de\/wp-json\/wp\/v2\/types\/product"}],"wp:featuredmedia":[{"embeddable":true,"href":"https:\/\/fengshuifocus.com.sg\/de\/wp-json\/wp\/v2\/media\/13515"}],"wp:attachment":[{"href":"https:\/\/fengshuifocus.com.sg\/de\/wp-json\/wp\/v2\/media?parent=13514"}],"wp:term":[{"taxonomy":"product_brand","embeddable":true,"href":"https:\/\/fengshuifocus.com.sg\/de\/wp-json\/wp\/v2\/product_brand?post=13514"},{"taxonomy":"product_cat","embeddable":true,"href":"https:\/\/fengshuifocus.com.sg\/de\/wp-json\/wp\/v2\/product_cat?post=13514"},{"taxonomy":"product_tag","embeddable":true,"href":"https:\/\/fengshuifocus.com.sg\/de\/wp-json\/wp\/v2\/product_tag?post=13514"}],"curies":[{"name":"wp","href":"https:\/\/api.w.org\/{rel}","templated":true}]}}