{"id":13523,"date":"2025-11-29T20:20:41","date_gmt":"2025-11-29T19:20:41","guid":{"rendered":"https:\/\/fengshuifocus.com.sg\/?post_type=product&#038;p=13523"},"modified":"2026-02-17T14:39:02","modified_gmt":"2026-02-17T13:39:02","slug":"healing-deer-gold-card","status":"publish","type":"product","link":"https:\/\/fengshuifocus.com.sg\/de\/shop\/health\/healing-deer-gold-card\/","title":{"rendered":"Healing Deer Gold Card"},"content":{"rendered":"<p>This golden card shows a pair of Healing Deer in a bamboo grove \u2013 a meaningful symbol of vitality, renewal, and longevity in Chinese tradition. The deer signifies gentle strength and restorative energy, while bamboo represents resilience and continuous growth.<\/p>\n<p>The back of the card features the Good Vitality &amp; Wellness Talisman, designed to dispel illness and fatigue.<\/p>\n<p><strong>Keep this card in your purse or wallet to boost your Chi, safeguard your health, and welcome revitalizing energy into your everyday life.<\/strong><\/p>\n<p><strong> <span class=\"\" style=\"display:block;clear:both;height: 0px;padding-top: 20px;border-top-width:0px;border-bottom-width:0px;\"><\/span><\/strong><\/p>\n<p>Measurements:\u00a0\u00a0\u00a0 approx. H 8.5cm x W 5.4cm<\/p>\n<span class=\"\" style=\"display:block;clear:both;height: 0px;padding-top: 20px;border-top-width:0px;border-bottom-width:0px;\"><\/span>\n","protected":false},"excerpt":{"rendered":"<p>This golden card shows a pair of Healing Deer in a bamboo grove \u2013 a meaningful symbol of vitality, renewal, and longevity in Chinese tradition. The deer signifies gentle strength and restorative energy, while bamboo represents resilience and continuous growth.<\/p>\n<p>The back of the card features the Good Vitality &amp; Wellness Talisman, designed to dispel illness and fatigue.<\/p>\n<p><strong>Keep this card in your purse or wallet to boost your Chi, safeguard your health, and welcome revitalizing energy into your everyday life.<\/strong><\/p>\n[spacer height=\"20px\"]\n","protected":false},"featured_media":13522,"template":"","meta":{"kt_blocks_editor_width":"","_monsterinsights_skip_tracking":false,"_monsterinsights_sitenote_active":false,"_monsterinsights_sitenote_note":"","_monsterinsights_sitenote_category":0},"product_brand":[],"product_cat":[374,844],"product_tag":[753,387,410,847,846],"class_list":{"0":"post-13523","1":"product","2":"type-product","3":"status-publish","4":"has-post-thumbnail","6":"product_cat-health","7":"product_cat-year-of-the-horse","8":"product_tag-healing","9":"product_tag-health","10":"product_tag-success","11":"product_tag-vitality","12":"product_tag-wellness","14":"first","15":"outofstock","16":"shipping-taxable","17":"purchasable","18":"product-type-simple"},"translation":{"provider":"WPGlobus","version":"3.0.0","language":"de","enabled_languages":["en","de"],"languages":{"en":{"title":true,"content":true,"excerpt":true},"de":{"title":false,"content":false,"excerpt":false}}},"yoast_head":"<!-- This site is optimized with the Yoast SEO plugin v26.4 - https:\/\/yoast.com\/wordpress\/plugins\/seo\/ -->\n<title>Healing Deer Gold Card &#8212; Feng Shui Focus<\/title>\n<meta name=\"robots\" content=\"index, follow, max-snippet:-1, max-image-preview:large, max-video-preview:-1\" \/>\n<link rel=\"canonical\" href=\"http:\/\/fengshuifocus.com.sg\/shop\/health\/healing-deer-gold-card\/\" \/>\n<meta property=\"og:locale\" content=\"de_DE\" \/>\n<meta property=\"og:type\" content=\"article\" \/>\n<meta property=\"og:title\" content=\"Healing Deer Gold Card\" \/>\n<meta property=\"og:description\" content=\"This golden card shows a pair of Healing Deer in a bamboo grove \u2013 a meaningful symbol of vitality, renewal, and longevity in Chinese tradition.\" \/>\n<meta property=\"og:url\" content=\"http:\/\/fengshuifocus.com.sg\/shop\/health\/healing-deer-gold-card\/\" \/>\n<meta property=\"og:site_name\" content=\"Feng Shui Focus\" \/>\n<meta property=\"article:publisher\" content=\"https:\/\/www.facebook.com\/Feng-Shui-Focus-176469115722739\/?hc_ref=ARQeIaM_dqGJoG1GyHcEnC9wqA9DE2VYU7MZosxhMrw4oVdQfkxNRxrsDKl-F7yxicA\" \/>\n<meta property=\"article:modified_time\" content=\"2026-02-17T13:39:02+00:00\" \/>\n<meta property=\"og:image\" content=\"https:\/\/fengshuifocus.com.sg\/wp-content\/uploads\/2025\/11\/Healing-Deer-Gold-Card-front-2-450x450.png\" \/>\n\t<meta property=\"og:image:width\" content=\"567\" \/>\n\t<meta property=\"og:image:height\" content=\"567\" \/>\n\t<meta property=\"og:image:type\" content=\"image\/png\" \/>\n<meta name=\"twitter:card\" content=\"summary_large_image\" \/>\n<meta name=\"twitter:site\" content=\"@FengShuiFocus\" \/>\n<meta name=\"twitter:label1\" content=\"Gesch\u00e4tzte Lesezeit\" \/>\n\t<meta name=\"twitter:data1\" content=\"1\u00a0Minute\" \/>\n<script type=\"application\/ld+json\" class=\"yoast-schema-graph\">{\"@context\":\"https:\/\/schema.org\",\"@graph\":[{\"@type\":\"WebPage\",\"@id\":\"http:\/\/fengshuifocus.com.sg\/shop\/health\/healing-deer-gold-card\/\",\"url\":\"http:\/\/fengshuifocus.com.sg\/shop\/health\/healing-deer-gold-card\/\",\"name\":\"Healing Deer Gold Card &#8212; Feng Shui Focus\",\"isPartOf\":{\"@id\":\"https:\/\/fengshuifocus.com.sg\/de\/#website\"},\"primaryImageOfPage\":{\"@id\":\"http:\/\/fengshuifocus.com.sg\/shop\/health\/healing-deer-gold-card\/#primaryimage\"},\"image\":{\"@id\":\"http:\/\/fengshuifocus.com.sg\/shop\/health\/healing-deer-gold-card\/#primaryimage\"},\"thumbnailUrl\":\"https:\/\/fengshuifocus.com.sg\/wp-content\/uploads\/2025\/11\/Healing-Deer-Gold-Card-front-2.png\",\"datePublished\":\"2025-11-29T19:20:41+00:00\",\"dateModified\":\"2026-02-17T13:39:02+00:00\",\"description\":\"This golden card shows a pair of Healing Deer in a bamboo grove \u2013 a meaningful symbol of vitality, renewal, and longevity in Chinese tradition.\",\"breadcrumb\":{\"@id\":\"http:\/\/fengshuifocus.com.sg\/shop\/health\/healing-deer-gold-card\/#breadcrumb\"},\"inLanguage\":\"de\",\"potentialAction\":[{\"@type\":\"ReadAction\",\"target\":[\"http:\/\/fengshuifocus.com.sg\/shop\/health\/healing-deer-gold-card\/\"]}]},{\"@type\":\"ImageObject\",\"inLanguage\":\"de\",\"@id\":\"http:\/\/fengshuifocus.com.sg\/shop\/health\/healing-deer-gold-card\/#primaryimage\",\"url\":\"https:\/\/fengshuifocus.com.sg\/wp-content\/uploads\/2025\/11\/Healing-Deer-Gold-Card-front-2.png\",\"contentUrl\":\"https:\/\/fengshuifocus.com.sg\/wp-content\/uploads\/2025\/11\/Healing-Deer-Gold-Card-front-2.png\",\"width\":567,\"height\":567,\"caption\":\"Healing Deer Gold Card front\"},{\"@type\":\"BreadcrumbList\",\"@id\":\"http:\/\/fengshuifocus.com.sg\/shop\/health\/healing-deer-gold-card\/#breadcrumb\",\"itemListElement\":[{\"@type\":\"ListItem\",\"position\":1,\"name\":\"Home\",\"item\":\"https:\/\/fengshuifocus.com.sg\/\"},{\"@type\":\"ListItem\",\"position\":2,\"name\":\"Feng Shui Focus Online Shop\",\"item\":\"https:\/\/fengshuifocus.com.sg\/de\/shop\/\"},{\"@type\":\"ListItem\",\"position\":3,\"name\":\"Healing Deer Gold Card\"}]},{\"@type\":\"WebSite\",\"@id\":\"https:\/\/fengshuifocus.com.sg\/de\/#website\",\"url\":\"https:\/\/fengshuifocus.com.sg\/de\/\",\"name\":\"Feng Shui Focus\",\"description\":\"Praktische L\u00f6sungen f\u00fcr das moderne Zuhause und B\u00fcro\",\"potentialAction\":[{\"@type\":\"SearchAction\",\"target\":{\"@type\":\"EntryPoint\",\"urlTemplate\":\"https:\/\/fengshuifocus.com.sg\/de\/?s={search_term_string}\"},\"query-input\":{\"@type\":\"PropertyValueSpecification\",\"valueRequired\":true,\"valueName\":\"search_term_string\"}}],\"inLanguage\":\"de\"}]}<\/script>\n<!-- \/ Yoast SEO plugin. -->","yoast_head_json":{"title":"Healing Deer Gold Card &#8212; Feng Shui Focus","robots":{"index":"index","follow":"follow","max-snippet":"max-snippet:-1","max-image-preview":"max-image-preview:large","max-video-preview":"max-video-preview:-1"},"canonical":"http:\/\/fengshuifocus.com.sg\/shop\/health\/healing-deer-gold-card\/","og_locale":"de_DE","og_type":"article","og_title":"Healing Deer Gold Card","og_description":"This golden card shows a pair of Healing Deer in a bamboo grove \u2013 a meaningful symbol of vitality, renewal, and longevity in Chinese tradition.","og_url":"http:\/\/fengshuifocus.com.sg\/shop\/health\/healing-deer-gold-card\/","og_site_name":"Feng Shui Focus","article_publisher":"https:\/\/www.facebook.com\/Feng-Shui-Focus-176469115722739\/?hc_ref=ARQeIaM_dqGJoG1GyHcEnC9wqA9DE2VYU7MZosxhMrw4oVdQfkxNRxrsDKl-F7yxicA","article_modified_time":"2026-02-17T13:39:02+00:00","og_image":[{"width":567,"height":567,"url":"https:\/\/fengshuifocus.com.sg\/wp-content\/uploads\/2025\/11\/Healing-Deer-Gold-Card-front-2-450x450.png","type":"image\/png"}],"twitter_card":"summary_large_image","twitter_site":"@FengShuiFocus","twitter_misc":{"Gesch\u00e4tzte Lesezeit":"1\u00a0Minute"},"schema":{"@context":"https:\/\/schema.org","@graph":[{"@type":"WebPage","@id":"http:\/\/fengshuifocus.com.sg\/shop\/health\/healing-deer-gold-card\/","url":"http:\/\/fengshuifocus.com.sg\/shop\/health\/healing-deer-gold-card\/","name":"Healing Deer Gold Card &#8212; Feng Shui Focus","isPartOf":{"@id":"https:\/\/fengshuifocus.com.sg\/de\/#website"},"primaryImageOfPage":{"@id":"http:\/\/fengshuifocus.com.sg\/shop\/health\/healing-deer-gold-card\/#primaryimage"},"image":{"@id":"http:\/\/fengshuifocus.com.sg\/shop\/health\/healing-deer-gold-card\/#primaryimage"},"thumbnailUrl":"https:\/\/fengshuifocus.com.sg\/wp-content\/uploads\/2025\/11\/Healing-Deer-Gold-Card-front-2.png","datePublished":"2025-11-29T19:20:41+00:00","dateModified":"2026-02-17T13:39:02+00:00","description":"This golden card shows a pair of Healing Deer in a bamboo grove \u2013 a meaningful symbol of vitality, renewal, and longevity in Chinese tradition.","breadcrumb":{"@id":"http:\/\/fengshuifocus.com.sg\/shop\/health\/healing-deer-gold-card\/#breadcrumb"},"inLanguage":"de","potentialAction":[{"@type":"ReadAction","target":["http:\/\/fengshuifocus.com.sg\/shop\/health\/healing-deer-gold-card\/"]}]},{"@type":"ImageObject","inLanguage":"de","@id":"http:\/\/fengshuifocus.com.sg\/shop\/health\/healing-deer-gold-card\/#primaryimage","url":"https:\/\/fengshuifocus.com.sg\/wp-content\/uploads\/2025\/11\/Healing-Deer-Gold-Card-front-2.png","contentUrl":"https:\/\/fengshuifocus.com.sg\/wp-content\/uploads\/2025\/11\/Healing-Deer-Gold-Card-front-2.png","width":567,"height":567,"caption":"Healing Deer Gold Card front"},{"@type":"BreadcrumbList","@id":"http:\/\/fengshuifocus.com.sg\/shop\/health\/healing-deer-gold-card\/#breadcrumb","itemListElement":[{"@type":"ListItem","position":1,"name":"Home","item":"https:\/\/fengshuifocus.com.sg\/"},{"@type":"ListItem","position":2,"name":"Feng Shui Focus Online Shop","item":"https:\/\/fengshuifocus.com.sg\/de\/shop\/"},{"@type":"ListItem","position":3,"name":"Healing Deer Gold Card"}]},{"@type":"WebSite","@id":"https:\/\/fengshuifocus.com.sg\/de\/#website","url":"https:\/\/fengshuifocus.com.sg\/de\/","name":"Feng Shui Focus","description":"Praktische L\u00f6sungen f\u00fcr das moderne Zuhause und B\u00fcro","potentialAction":[{"@type":"SearchAction","target":{"@type":"EntryPoint","urlTemplate":"https:\/\/fengshuifocus.com.sg\/de\/?s={search_term_string}"},"query-input":{"@type":"PropertyValueSpecification","valueRequired":true,"valueName":"search_term_string"}}],"inLanguage":"de"}]}},"post_mailing_queue_ids":[],"_links":{"self":[{"href":"https:\/\/fengshuifocus.com.sg\/de\/wp-json\/wp\/v2\/product\/13523","targetHints":{"allow":["GET"]}}],"collection":[{"href":"https:\/\/fengshuifocus.com.sg\/de\/wp-json\/wp\/v2\/product"}],"about":[{"href":"https:\/\/fengshuifocus.com.sg\/de\/wp-json\/wp\/v2\/types\/product"}],"wp:featuredmedia":[{"embeddable":true,"href":"https:\/\/fengshuifocus.com.sg\/de\/wp-json\/wp\/v2\/media\/13522"}],"wp:attachment":[{"href":"https:\/\/fengshuifocus.com.sg\/de\/wp-json\/wp\/v2\/media?parent=13523"}],"wp:term":[{"taxonomy":"product_brand","embeddable":true,"href":"https:\/\/fengshuifocus.com.sg\/de\/wp-json\/wp\/v2\/product_brand?post=13523"},{"taxonomy":"product_cat","embeddable":true,"href":"https:\/\/fengshuifocus.com.sg\/de\/wp-json\/wp\/v2\/product_cat?post=13523"},{"taxonomy":"product_tag","embeddable":true,"href":"https:\/\/fengshuifocus.com.sg\/de\/wp-json\/wp\/v2\/product_tag?post=13523"}],"curies":[{"name":"wp","href":"https:\/\/api.w.org\/{rel}","templated":true}]}}