{"id":13546,"date":"2025-12-06T22:21:15","date_gmt":"2025-12-06T21:21:15","guid":{"rendered":"https:\/\/fengshuifocus.com.sg\/?post_type=product&#038;p=13546"},"modified":"2025-12-06T22:23:31","modified_gmt":"2025-12-06T21:23:31","slug":"sky-unicorn","status":"publish","type":"product","link":"https:\/\/fengshuifocus.com.sg\/de\/shop\/health\/sky-unicorn\/","title":{"rendered":"Sky Unicorn"},"content":{"rendered":"<p>The Sky Unicorn is the first creature in the Black Tortoise Constellation. It is a much-loved celestial symbol of healing, positivity and fresh beginnings, bringing uplifting energy wherever it is placed. It also supports positive outcomes in all your pursuits, making it a wonderful enhancer for anyone navigating change or seeking renewal.<\/p>\n<p>Known for its powerful restorative qualities, the Sky Unicorn helps soothe both emotional and physical imbalances while at the same time strengthening your Spirit Essence. This makes it especially helpful for those who feel exhausted, overwhelmed, or emotionally worn out.<\/p>\n<p>In 2026 and the years that follow, the Sky Unicorn also serves as a valuable cure for the Reducing Energy Star \u2013 in the WEST in 2026 \u2013 which can weaken motivation, vitality, and overall drive.<\/p>\n<p>It is particularly useful for the Metal zodiac signs Monkey and Rooster, the Fire signs Snake and Horse, and the Wood signs Tiger and Rabbit during 2026.<\/p>\n<p>Display it in your home or work space to welcome healing light, renewed hope, and celestial guidance wherever you need it most.<\/p>\n<p><strong>In 2026 highly recommended for: <\/strong><\/p>\n<ul>\n<li><strong>Anyone who is feeling exhausted, going through tough times, or seeking renewal. <\/strong><\/li>\n<li><strong>People born in the Years of the Monkey, Rooster, Snake, Horse, Tiger, or Rabbit. <\/strong><\/li>\n<\/ul>\n<span class=\"\" style=\"display:block;clear:both;height: 0px;padding-top: 20px;border-top-width:0px;border-bottom-width:0px;\"><\/span>\n<p>Measurements: \u00a0\u00a0 approx. H 9.5cm x L 9cm x W 6.5cm<\/p>\n<span class=\"\" style=\"display:block;clear:both;height: 0px;padding-top: 20px;border-top-width:0px;border-bottom-width:0px;\"><\/span>\n","protected":false},"excerpt":{"rendered":"<p>The Sky Unicorn is the first creature in the Black Tortoise Constellation. It is a much-loved celestial symbol of healing, positivity and fresh beginnings, bringing uplifting energy wherever it is placed. It also supports positive outcomes in all your pursuits, making it a wonderful enhancer for anyone navigating change or seeking renewal.<\/p>\n<p><strong>In 2026 highly recommended for: <\/strong><\/p>\n<ul>\n<li><strong>Anyone who is feeling exhausted, going through tough times, or seeking renewal. <\/strong><\/li>\n<li><strong>People born in the Years of the Monkey, Rooster, Snake, Horse, Tiger, or Rabbit. <\/strong><\/li>\n<\/ul>\n<p>&nbsp;<\/p>\n","protected":false},"featured_media":13548,"template":"","meta":{"kt_blocks_editor_width":"","_monsterinsights_skip_tracking":false,"_monsterinsights_sitenote_active":false,"_monsterinsights_sitenote_note":"","_monsterinsights_sitenote_category":0},"product_brand":[],"product_cat":[378,374,844],"product_tag":[753,387,852,853],"class_list":{"0":"post-13546","1":"product","2":"type-product","3":"status-publish","4":"has-post-thumbnail","6":"product_cat-feng-shui-home","7":"product_cat-health","8":"product_cat-year-of-the-horse","9":"product_tag-healing","10":"product_tag-health","11":"product_tag-positivity","12":"product_tag-renewal","14":"first","15":"instock","16":"shipping-taxable","17":"purchasable","18":"product-type-simple"},"translation":{"provider":"WPGlobus","version":"3.0.0","language":"de","enabled_languages":["en","de"],"languages":{"en":{"title":true,"content":true,"excerpt":true},"de":{"title":false,"content":false,"excerpt":false}}},"yoast_head":"<!-- This site is optimized with the Yoast SEO plugin v26.4 - https:\/\/yoast.com\/wordpress\/plugins\/seo\/ -->\n<title>Sky Unicorn &#8212; Feng Shui Focus<\/title>\n<meta name=\"robots\" content=\"index, follow, max-snippet:-1, max-image-preview:large, max-video-preview:-1\" \/>\n<link rel=\"canonical\" href=\"http:\/\/fengshuifocus.com.sg\/de\/shop\/health\/sky-unicorn\/\" \/>\n<meta property=\"og:locale\" content=\"de_DE\" \/>\n<meta property=\"og:type\" content=\"article\" \/>\n<meta property=\"og:title\" content=\"Sky Unicorn\" \/>\n<meta property=\"og:description\" content=\"The Sky Unicorn is the first creature in the Black Tortoise Constellation. It is a much-loved celestial symbol of healing, positivity and fresh beginnings, bringing uplifting energy wherever it is placed.\" \/>\n<meta property=\"og:url\" content=\"http:\/\/fengshuifocus.com.sg\/de\/shop\/health\/sky-unicorn\/\" \/>\n<meta property=\"og:site_name\" content=\"Feng Shui Focus\" \/>\n<meta property=\"article:publisher\" content=\"https:\/\/www.facebook.com\/Feng-Shui-Focus-176469115722739\/?hc_ref=ARQeIaM_dqGJoG1GyHcEnC9wqA9DE2VYU7MZosxhMrw4oVdQfkxNRxrsDKl-F7yxicA\" \/>\n<meta property=\"article:modified_time\" content=\"2025-12-06T21:23:31+00:00\" \/>\n<meta property=\"og:image\" content=\"http:\/\/fengshuifocus.com.sg\/wp-content\/uploads\/2025\/12\/Sky-Unicorn-1.jpg\" \/>\n\t<meta property=\"og:image:width\" content=\"629\" \/>\n\t<meta property=\"og:image:height\" content=\"629\" \/>\n\t<meta property=\"og:image:type\" content=\"image\/jpeg\" \/>\n<meta name=\"twitter:card\" content=\"summary_large_image\" \/>\n<meta name=\"twitter:site\" content=\"@FengShuiFocus\" \/>\n<meta name=\"twitter:label1\" content=\"Gesch\u00e4tzte Lesezeit\" \/>\n\t<meta name=\"twitter:data1\" content=\"2\u00a0Minuten\" \/>\n<script type=\"application\/ld+json\" class=\"yoast-schema-graph\">{\"@context\":\"https:\/\/schema.org\",\"@graph\":[{\"@type\":\"WebPage\",\"@id\":\"http:\/\/fengshuifocus.com.sg\/de\/shop\/health\/sky-unicorn\/\",\"url\":\"http:\/\/fengshuifocus.com.sg\/de\/shop\/health\/sky-unicorn\/\",\"name\":\"Sky Unicorn &#8212; Feng Shui Focus\",\"isPartOf\":{\"@id\":\"https:\/\/fengshuifocus.com.sg\/de\/#website\"},\"primaryImageOfPage\":{\"@id\":\"http:\/\/fengshuifocus.com.sg\/de\/shop\/health\/sky-unicorn\/#primaryimage\"},\"image\":{\"@id\":\"http:\/\/fengshuifocus.com.sg\/de\/shop\/health\/sky-unicorn\/#primaryimage\"},\"thumbnailUrl\":\"https:\/\/fengshuifocus.com.sg\/wp-content\/uploads\/2025\/12\/Sky-Unicorn-1.jpg\",\"datePublished\":\"2025-12-06T21:21:15+00:00\",\"dateModified\":\"2025-12-06T21:23:31+00:00\",\"description\":\"The Sky Unicorn is the first creature in the Black Tortoise Constellation. It is a much-loved celestial symbol of healing, positivity and fresh beginnings, bringing uplifting energy wherever it is placed.\",\"breadcrumb\":{\"@id\":\"http:\/\/fengshuifocus.com.sg\/de\/shop\/health\/sky-unicorn\/#breadcrumb\"},\"inLanguage\":\"de\",\"potentialAction\":[{\"@type\":\"ReadAction\",\"target\":[\"http:\/\/fengshuifocus.com.sg\/de\/shop\/health\/sky-unicorn\/\"]}]},{\"@type\":\"ImageObject\",\"inLanguage\":\"de\",\"@id\":\"http:\/\/fengshuifocus.com.sg\/de\/shop\/health\/sky-unicorn\/#primaryimage\",\"url\":\"https:\/\/fengshuifocus.com.sg\/wp-content\/uploads\/2025\/12\/Sky-Unicorn-1.jpg\",\"contentUrl\":\"https:\/\/fengshuifocus.com.sg\/wp-content\/uploads\/2025\/12\/Sky-Unicorn-1.jpg\",\"width\":629,\"height\":629,\"caption\":\"Sky Unicorn\"},{\"@type\":\"BreadcrumbList\",\"@id\":\"http:\/\/fengshuifocus.com.sg\/de\/shop\/health\/sky-unicorn\/#breadcrumb\",\"itemListElement\":[{\"@type\":\"ListItem\",\"position\":1,\"name\":\"Home\",\"item\":\"https:\/\/fengshuifocus.com.sg\/\"},{\"@type\":\"ListItem\",\"position\":2,\"name\":\"Feng Shui Focus Online Shop\",\"item\":\"https:\/\/fengshuifocus.com.sg\/de\/shop\/\"},{\"@type\":\"ListItem\",\"position\":3,\"name\":\"Sky Unicorn\"}]},{\"@type\":\"WebSite\",\"@id\":\"https:\/\/fengshuifocus.com.sg\/de\/#website\",\"url\":\"https:\/\/fengshuifocus.com.sg\/de\/\",\"name\":\"Feng Shui Focus\",\"description\":\"Praktische L\u00f6sungen f\u00fcr das moderne Zuhause und B\u00fcro\",\"potentialAction\":[{\"@type\":\"SearchAction\",\"target\":{\"@type\":\"EntryPoint\",\"urlTemplate\":\"https:\/\/fengshuifocus.com.sg\/de\/?s={search_term_string}\"},\"query-input\":{\"@type\":\"PropertyValueSpecification\",\"valueRequired\":true,\"valueName\":\"search_term_string\"}}],\"inLanguage\":\"de\"}]}<\/script>\n<!-- \/ Yoast SEO plugin. -->","yoast_head_json":{"title":"Sky Unicorn &#8212; Feng Shui Focus","robots":{"index":"index","follow":"follow","max-snippet":"max-snippet:-1","max-image-preview":"max-image-preview:large","max-video-preview":"max-video-preview:-1"},"canonical":"http:\/\/fengshuifocus.com.sg\/de\/shop\/health\/sky-unicorn\/","og_locale":"de_DE","og_type":"article","og_title":"Sky Unicorn","og_description":"The Sky Unicorn is the first creature in the Black Tortoise Constellation. It is a much-loved celestial symbol of healing, positivity and fresh beginnings, bringing uplifting energy wherever it is placed.","og_url":"http:\/\/fengshuifocus.com.sg\/de\/shop\/health\/sky-unicorn\/","og_site_name":"Feng Shui Focus","article_publisher":"https:\/\/www.facebook.com\/Feng-Shui-Focus-176469115722739\/?hc_ref=ARQeIaM_dqGJoG1GyHcEnC9wqA9DE2VYU7MZosxhMrw4oVdQfkxNRxrsDKl-F7yxicA","article_modified_time":"2025-12-06T21:23:31+00:00","og_image":[{"width":629,"height":629,"url":"http:\/\/fengshuifocus.com.sg\/wp-content\/uploads\/2025\/12\/Sky-Unicorn-1.jpg","type":"image\/jpeg"}],"twitter_card":"summary_large_image","twitter_site":"@FengShuiFocus","twitter_misc":{"Gesch\u00e4tzte Lesezeit":"2\u00a0Minuten"},"schema":{"@context":"https:\/\/schema.org","@graph":[{"@type":"WebPage","@id":"http:\/\/fengshuifocus.com.sg\/de\/shop\/health\/sky-unicorn\/","url":"http:\/\/fengshuifocus.com.sg\/de\/shop\/health\/sky-unicorn\/","name":"Sky Unicorn &#8212; Feng Shui Focus","isPartOf":{"@id":"https:\/\/fengshuifocus.com.sg\/de\/#website"},"primaryImageOfPage":{"@id":"http:\/\/fengshuifocus.com.sg\/de\/shop\/health\/sky-unicorn\/#primaryimage"},"image":{"@id":"http:\/\/fengshuifocus.com.sg\/de\/shop\/health\/sky-unicorn\/#primaryimage"},"thumbnailUrl":"https:\/\/fengshuifocus.com.sg\/wp-content\/uploads\/2025\/12\/Sky-Unicorn-1.jpg","datePublished":"2025-12-06T21:21:15+00:00","dateModified":"2025-12-06T21:23:31+00:00","description":"The Sky Unicorn is the first creature in the Black Tortoise Constellation. It is a much-loved celestial symbol of healing, positivity and fresh beginnings, bringing uplifting energy wherever it is placed.","breadcrumb":{"@id":"http:\/\/fengshuifocus.com.sg\/de\/shop\/health\/sky-unicorn\/#breadcrumb"},"inLanguage":"de","potentialAction":[{"@type":"ReadAction","target":["http:\/\/fengshuifocus.com.sg\/de\/shop\/health\/sky-unicorn\/"]}]},{"@type":"ImageObject","inLanguage":"de","@id":"http:\/\/fengshuifocus.com.sg\/de\/shop\/health\/sky-unicorn\/#primaryimage","url":"https:\/\/fengshuifocus.com.sg\/wp-content\/uploads\/2025\/12\/Sky-Unicorn-1.jpg","contentUrl":"https:\/\/fengshuifocus.com.sg\/wp-content\/uploads\/2025\/12\/Sky-Unicorn-1.jpg","width":629,"height":629,"caption":"Sky Unicorn"},{"@type":"BreadcrumbList","@id":"http:\/\/fengshuifocus.com.sg\/de\/shop\/health\/sky-unicorn\/#breadcrumb","itemListElement":[{"@type":"ListItem","position":1,"name":"Home","item":"https:\/\/fengshuifocus.com.sg\/"},{"@type":"ListItem","position":2,"name":"Feng Shui Focus Online Shop","item":"https:\/\/fengshuifocus.com.sg\/de\/shop\/"},{"@type":"ListItem","position":3,"name":"Sky Unicorn"}]},{"@type":"WebSite","@id":"https:\/\/fengshuifocus.com.sg\/de\/#website","url":"https:\/\/fengshuifocus.com.sg\/de\/","name":"Feng Shui Focus","description":"Praktische L\u00f6sungen f\u00fcr das moderne Zuhause und B\u00fcro","potentialAction":[{"@type":"SearchAction","target":{"@type":"EntryPoint","urlTemplate":"https:\/\/fengshuifocus.com.sg\/de\/?s={search_term_string}"},"query-input":{"@type":"PropertyValueSpecification","valueRequired":true,"valueName":"search_term_string"}}],"inLanguage":"de"}]}},"post_mailing_queue_ids":[],"_links":{"self":[{"href":"https:\/\/fengshuifocus.com.sg\/de\/wp-json\/wp\/v2\/product\/13546","targetHints":{"allow":["GET"]}}],"collection":[{"href":"https:\/\/fengshuifocus.com.sg\/de\/wp-json\/wp\/v2\/product"}],"about":[{"href":"https:\/\/fengshuifocus.com.sg\/de\/wp-json\/wp\/v2\/types\/product"}],"wp:featuredmedia":[{"embeddable":true,"href":"https:\/\/fengshuifocus.com.sg\/de\/wp-json\/wp\/v2\/media\/13548"}],"wp:attachment":[{"href":"https:\/\/fengshuifocus.com.sg\/de\/wp-json\/wp\/v2\/media?parent=13546"}],"wp:term":[{"taxonomy":"product_brand","embeddable":true,"href":"https:\/\/fengshuifocus.com.sg\/de\/wp-json\/wp\/v2\/product_brand?post=13546"},{"taxonomy":"product_cat","embeddable":true,"href":"https:\/\/fengshuifocus.com.sg\/de\/wp-json\/wp\/v2\/product_cat?post=13546"},{"taxonomy":"product_tag","embeddable":true,"href":"https:\/\/fengshuifocus.com.sg\/de\/wp-json\/wp\/v2\/product_tag?post=13546"}],"curies":[{"name":"wp","href":"https:\/\/api.w.org\/{rel}","templated":true}]}}