{"id":13553,"date":"2025-12-06T22:45:05","date_gmt":"2025-12-06T21:45:05","guid":{"rendered":"https:\/\/fengshuifocus.com.sg\/?post_type=product&#038;p=13553"},"modified":"2026-02-17T14:39:03","modified_gmt":"2026-02-17T13:39:03","slug":"tai-sui-plaque-2026","status":"publish","type":"product","link":"https:\/\/fengshuifocus.com.sg\/de\/shop\/protection\/tai-sui-plaque-2026\/","title":{"rendered":"Tai Sui Plaque 2026"},"content":{"rendered":"<p>The Tai Sui is the God of the Year, also known as the Grand Duke Jupiter, who takes charge of all matters related to earth and mankind during the current year. The Tai Sui is based on a historic person and every year there is a new God bestowed with the role of the Tai Sui. He has great influence over the luck and fortunes of the people.<\/p>\n<p>It is important to show respect to the Tai Sui in order to gain his support. To do this, you must avoid confronting him or disturbing him, or else he will punish you by bringing misfortune or throwing obstacles in your way. Therefore, it is wise NOT to sit facing the Tai Sui and to keep his area quiet.<\/p>\n<p>The Tai Sui always shares his location with the zodiac animal of the year. This means, in 2026 the Tai Sui lives in the SOUTH (SOUTH 2), the home of the Horse.<\/p>\n<p>The Tai Sui for 2026 is General Wen Zhe, a distinguished person who lived in the Ming Dynasty. Known for his steadfast integrity, tireless commitment, and strong sense of public responsibility, Wen Zhe distinguished himself as Minister of Revenue in Nanjing, where he introduced major reforms that increased efficiency, eliminated corruption, and improved the well-being of people.<\/p>\n<p>A defining highlight of his service was his swift and diplomatic suppression of the \u201cPrince of Ning Rebellion\u201d, restoring order and stability to the region. His legacy as a guardian of justice and balance carries a promising message for 2026 \u2013 a year that may bring global tension and uncertainty.<\/p>\n<p>In times of division and increased tension, the presence of Tai Sui General Wen Zhe signals the rise of capable, principled leadership ready to navigate difficulties. His influence encourages hopes for resolution, meaningful reform, and a renewed sense of stability, especially when supported by wise governments and a collective commitment to harmony.<\/p>\n<p>Everybody will benefit when they align with the Tai Sui\u2019s energy, which this year means honouring integrity, being diligent and respectful of order both in one\u2019s personal life as well as external environment.<\/p>\n<p><strong>It is highly recommended to place this Tai Sui Plaque in the SOUTH of your home in 2026 to appease the Tai Sui and gain his support. <\/strong><\/p>\n<p>Appeasing the Tai Sui and gaining his support will make your life smoother and easier. It is a good idea to invoke the Tai Sui\u2019s support by inviting his image into your home at the beginning of the year.<\/p>\n<p>If the SOUTH is a much-used room in your house, e.g. if this is your living room, bedroom or home office, you need to take extra precaution to avoid angering the Tai Sui. It is essential to keep this space as quiet as possible. Avoid renovations, drilling, digging or any kind of loud activities in this area. And remember not to sit or sleep facing SOUTH this year.<\/p>\n<span class=\"\" style=\"display:block;clear:both;height: 0px;padding-top: 20px;border-top-width:0px;border-bottom-width:0px;\"><\/span>\n<p>Measurements:\u00a0\u00a0\u00a0 approx. H 13.5cm x W 13.5cm x D 1.6cm plus stand<\/p>\n<span class=\"\" style=\"display:block;clear:both;height: 0px;padding-top: 20px;border-top-width:0px;border-bottom-width:0px;\"><\/span>\n","protected":false},"excerpt":{"rendered":"<p>The Tai Sui is the God of the Year, also known as the Grand Duke Jupiter, who takes charge of all matters related to earth and mankind during the current year. The Tai Sui is based on a historic person and every year there is a new God bestowed with the role of the Tai Sui. He has great influence over the luck and fortunes of the people.<\/p>\n<p>It is important to show respect to the Tai Sui in order to gain his support. To do this, you must avoid confronting him or disturbing him, or else he will punish you by bringing misfortune or throwing obstacles in your way. Therefore, it is wise NOT to sit facing the Tai Sui and to keep his area quiet.<\/p>\n[spacer height=\"20px\"]\n","protected":false},"featured_media":13557,"template":"","meta":{"kt_blocks_editor_width":"","_monsterinsights_skip_tracking":false,"_monsterinsights_sitenote_active":false,"_monsterinsights_sitenote_note":"","_monsterinsights_sitenote_category":0},"product_brand":[],"product_cat":[378,377,844],"product_tag":[482,620,503,483,420],"class_list":{"0":"post-13553","1":"product","2":"type-product","3":"status-publish","4":"has-post-thumbnail","6":"product_cat-feng-shui-home","7":"product_cat-protection","8":"product_cat-year-of-the-horse","9":"product_tag-god-of-the-year","10":"product_tag-grand-duke-jupiter","11":"product_tag-protection","12":"product_tag-support","13":"product_tag-tai-sui","15":"first","16":"instock","17":"shipping-taxable","18":"purchasable","19":"product-type-simple"},"translation":{"provider":"WPGlobus","version":"3.0.0","language":"de","enabled_languages":["en","de"],"languages":{"en":{"title":true,"content":true,"excerpt":true},"de":{"title":false,"content":false,"excerpt":false}}},"yoast_head":"<!-- This site is optimized with the Yoast SEO plugin v26.4 - https:\/\/yoast.com\/wordpress\/plugins\/seo\/ -->\n<title>Tai Sui Plaque 2026 &#8212; Feng Shui Focus<\/title>\n<meta name=\"robots\" content=\"index, follow, max-snippet:-1, max-image-preview:large, max-video-preview:-1\" \/>\n<link rel=\"canonical\" href=\"http:\/\/fengshuifocus.com.sg\/shop\/protection\/tai-sui-plaque-2026\/\" \/>\n<meta property=\"og:locale\" content=\"de_DE\" \/>\n<meta property=\"og:type\" content=\"article\" \/>\n<meta property=\"og:title\" content=\"Tai Sui Plaque 2026\" \/>\n<meta property=\"og:description\" content=\"The Tai Sui is the God of the Year, also known as the Grand Duke Jupiter, who takes charge of all matters related to earth and mankind during the current year.\" \/>\n<meta property=\"og:url\" content=\"http:\/\/fengshuifocus.com.sg\/shop\/protection\/tai-sui-plaque-2026\/\" \/>\n<meta property=\"og:site_name\" content=\"Feng Shui Focus\" \/>\n<meta property=\"article:publisher\" content=\"https:\/\/www.facebook.com\/Feng-Shui-Focus-176469115722739\/?hc_ref=ARQeIaM_dqGJoG1GyHcEnC9wqA9DE2VYU7MZosxhMrw4oVdQfkxNRxrsDKl-F7yxicA\" \/>\n<meta property=\"article:modified_time\" content=\"2026-02-17T13:39:03+00:00\" \/>\n<meta property=\"og:image\" content=\"https:\/\/fengshuifocus.com.sg\/wp-content\/uploads\/2025\/12\/Tai-Sui-Plaque-Card-2026-Lifestyle-sq-450x450.jpg\" \/>\n\t<meta property=\"og:image:width\" content=\"918\" \/>\n\t<meta property=\"og:image:height\" content=\"918\" \/>\n\t<meta property=\"og:image:type\" content=\"image\/jpeg\" \/>\n<meta name=\"twitter:card\" content=\"summary_large_image\" \/>\n<meta name=\"twitter:site\" content=\"@FengShuiFocus\" \/>\n<meta name=\"twitter:label1\" content=\"Gesch\u00e4tzte Lesezeit\" \/>\n\t<meta name=\"twitter:data1\" content=\"1\u00a0Minute\" \/>\n<script type=\"application\/ld+json\" class=\"yoast-schema-graph\">{\"@context\":\"https:\/\/schema.org\",\"@graph\":[{\"@type\":\"WebPage\",\"@id\":\"http:\/\/fengshuifocus.com.sg\/shop\/protection\/tai-sui-plaque-2026\/\",\"url\":\"http:\/\/fengshuifocus.com.sg\/shop\/protection\/tai-sui-plaque-2026\/\",\"name\":\"Tai Sui Plaque 2026 &#8212; Feng Shui Focus\",\"isPartOf\":{\"@id\":\"https:\/\/fengshuifocus.com.sg\/de\/#website\"},\"primaryImageOfPage\":{\"@id\":\"http:\/\/fengshuifocus.com.sg\/shop\/protection\/tai-sui-plaque-2026\/#primaryimage\"},\"image\":{\"@id\":\"http:\/\/fengshuifocus.com.sg\/shop\/protection\/tai-sui-plaque-2026\/#primaryimage\"},\"thumbnailUrl\":\"https:\/\/fengshuifocus.com.sg\/wp-content\/uploads\/2025\/12\/Tai-Sui-Plaque-2026-Lifestyle-sq.jpg\",\"datePublished\":\"2025-12-06T21:45:05+00:00\",\"dateModified\":\"2026-02-17T13:39:03+00:00\",\"description\":\"The Tai Sui is the God of the Year, also known as the Grand Duke Jupiter, who takes charge of all matters related to earth and mankind during the current year.\",\"breadcrumb\":{\"@id\":\"http:\/\/fengshuifocus.com.sg\/shop\/protection\/tai-sui-plaque-2026\/#breadcrumb\"},\"inLanguage\":\"de\",\"potentialAction\":[{\"@type\":\"ReadAction\",\"target\":[\"http:\/\/fengshuifocus.com.sg\/shop\/protection\/tai-sui-plaque-2026\/\"]}]},{\"@type\":\"ImageObject\",\"inLanguage\":\"de\",\"@id\":\"http:\/\/fengshuifocus.com.sg\/shop\/protection\/tai-sui-plaque-2026\/#primaryimage\",\"url\":\"https:\/\/fengshuifocus.com.sg\/wp-content\/uploads\/2025\/12\/Tai-Sui-Plaque-2026-Lifestyle-sq.jpg\",\"contentUrl\":\"https:\/\/fengshuifocus.com.sg\/wp-content\/uploads\/2025\/12\/Tai-Sui-Plaque-2026-Lifestyle-sq.jpg\",\"width\":798,\"height\":798,\"caption\":\"Tai Sui Plaque 2026 Lifestyle sq\"},{\"@type\":\"BreadcrumbList\",\"@id\":\"http:\/\/fengshuifocus.com.sg\/shop\/protection\/tai-sui-plaque-2026\/#breadcrumb\",\"itemListElement\":[{\"@type\":\"ListItem\",\"position\":1,\"name\":\"Home\",\"item\":\"https:\/\/fengshuifocus.com.sg\/\"},{\"@type\":\"ListItem\",\"position\":2,\"name\":\"Feng Shui Focus Online Shop\",\"item\":\"https:\/\/fengshuifocus.com.sg\/de\/shop\/\"},{\"@type\":\"ListItem\",\"position\":3,\"name\":\"Tai Sui Plaque 2026\"}]},{\"@type\":\"WebSite\",\"@id\":\"https:\/\/fengshuifocus.com.sg\/de\/#website\",\"url\":\"https:\/\/fengshuifocus.com.sg\/de\/\",\"name\":\"Feng Shui Focus\",\"description\":\"Praktische L\u00f6sungen f\u00fcr das moderne Zuhause und B\u00fcro\",\"potentialAction\":[{\"@type\":\"SearchAction\",\"target\":{\"@type\":\"EntryPoint\",\"urlTemplate\":\"https:\/\/fengshuifocus.com.sg\/de\/?s={search_term_string}\"},\"query-input\":{\"@type\":\"PropertyValueSpecification\",\"valueRequired\":true,\"valueName\":\"search_term_string\"}}],\"inLanguage\":\"de\"}]}<\/script>\n<!-- \/ Yoast SEO plugin. -->","yoast_head_json":{"title":"Tai Sui Plaque 2026 &#8212; Feng Shui Focus","robots":{"index":"index","follow":"follow","max-snippet":"max-snippet:-1","max-image-preview":"max-image-preview:large","max-video-preview":"max-video-preview:-1"},"canonical":"http:\/\/fengshuifocus.com.sg\/shop\/protection\/tai-sui-plaque-2026\/","og_locale":"de_DE","og_type":"article","og_title":"Tai Sui Plaque 2026","og_description":"The Tai Sui is the God of the Year, also known as the Grand Duke Jupiter, who takes charge of all matters related to earth and mankind during the current year.","og_url":"http:\/\/fengshuifocus.com.sg\/shop\/protection\/tai-sui-plaque-2026\/","og_site_name":"Feng Shui Focus","article_publisher":"https:\/\/www.facebook.com\/Feng-Shui-Focus-176469115722739\/?hc_ref=ARQeIaM_dqGJoG1GyHcEnC9wqA9DE2VYU7MZosxhMrw4oVdQfkxNRxrsDKl-F7yxicA","article_modified_time":"2026-02-17T13:39:03+00:00","og_image":[{"width":918,"height":918,"url":"https:\/\/fengshuifocus.com.sg\/wp-content\/uploads\/2025\/12\/Tai-Sui-Plaque-Card-2026-Lifestyle-sq-450x450.jpg","type":"image\/jpeg"}],"twitter_card":"summary_large_image","twitter_site":"@FengShuiFocus","twitter_misc":{"Gesch\u00e4tzte Lesezeit":"1\u00a0Minute"},"schema":{"@context":"https:\/\/schema.org","@graph":[{"@type":"WebPage","@id":"http:\/\/fengshuifocus.com.sg\/shop\/protection\/tai-sui-plaque-2026\/","url":"http:\/\/fengshuifocus.com.sg\/shop\/protection\/tai-sui-plaque-2026\/","name":"Tai Sui Plaque 2026 &#8212; Feng Shui Focus","isPartOf":{"@id":"https:\/\/fengshuifocus.com.sg\/de\/#website"},"primaryImageOfPage":{"@id":"http:\/\/fengshuifocus.com.sg\/shop\/protection\/tai-sui-plaque-2026\/#primaryimage"},"image":{"@id":"http:\/\/fengshuifocus.com.sg\/shop\/protection\/tai-sui-plaque-2026\/#primaryimage"},"thumbnailUrl":"https:\/\/fengshuifocus.com.sg\/wp-content\/uploads\/2025\/12\/Tai-Sui-Plaque-2026-Lifestyle-sq.jpg","datePublished":"2025-12-06T21:45:05+00:00","dateModified":"2026-02-17T13:39:03+00:00","description":"The Tai Sui is the God of the Year, also known as the Grand Duke Jupiter, who takes charge of all matters related to earth and mankind during the current year.","breadcrumb":{"@id":"http:\/\/fengshuifocus.com.sg\/shop\/protection\/tai-sui-plaque-2026\/#breadcrumb"},"inLanguage":"de","potentialAction":[{"@type":"ReadAction","target":["http:\/\/fengshuifocus.com.sg\/shop\/protection\/tai-sui-plaque-2026\/"]}]},{"@type":"ImageObject","inLanguage":"de","@id":"http:\/\/fengshuifocus.com.sg\/shop\/protection\/tai-sui-plaque-2026\/#primaryimage","url":"https:\/\/fengshuifocus.com.sg\/wp-content\/uploads\/2025\/12\/Tai-Sui-Plaque-2026-Lifestyle-sq.jpg","contentUrl":"https:\/\/fengshuifocus.com.sg\/wp-content\/uploads\/2025\/12\/Tai-Sui-Plaque-2026-Lifestyle-sq.jpg","width":798,"height":798,"caption":"Tai Sui Plaque 2026 Lifestyle sq"},{"@type":"BreadcrumbList","@id":"http:\/\/fengshuifocus.com.sg\/shop\/protection\/tai-sui-plaque-2026\/#breadcrumb","itemListElement":[{"@type":"ListItem","position":1,"name":"Home","item":"https:\/\/fengshuifocus.com.sg\/"},{"@type":"ListItem","position":2,"name":"Feng Shui Focus Online Shop","item":"https:\/\/fengshuifocus.com.sg\/de\/shop\/"},{"@type":"ListItem","position":3,"name":"Tai Sui Plaque 2026"}]},{"@type":"WebSite","@id":"https:\/\/fengshuifocus.com.sg\/de\/#website","url":"https:\/\/fengshuifocus.com.sg\/de\/","name":"Feng Shui Focus","description":"Praktische L\u00f6sungen f\u00fcr das moderne Zuhause und B\u00fcro","potentialAction":[{"@type":"SearchAction","target":{"@type":"EntryPoint","urlTemplate":"https:\/\/fengshuifocus.com.sg\/de\/?s={search_term_string}"},"query-input":{"@type":"PropertyValueSpecification","valueRequired":true,"valueName":"search_term_string"}}],"inLanguage":"de"}]}},"post_mailing_queue_ids":[],"_links":{"self":[{"href":"https:\/\/fengshuifocus.com.sg\/de\/wp-json\/wp\/v2\/product\/13553","targetHints":{"allow":["GET"]}}],"collection":[{"href":"https:\/\/fengshuifocus.com.sg\/de\/wp-json\/wp\/v2\/product"}],"about":[{"href":"https:\/\/fengshuifocus.com.sg\/de\/wp-json\/wp\/v2\/types\/product"}],"wp:featuredmedia":[{"embeddable":true,"href":"https:\/\/fengshuifocus.com.sg\/de\/wp-json\/wp\/v2\/media\/13557"}],"wp:attachment":[{"href":"https:\/\/fengshuifocus.com.sg\/de\/wp-json\/wp\/v2\/media?parent=13553"}],"wp:term":[{"taxonomy":"product_brand","embeddable":true,"href":"https:\/\/fengshuifocus.com.sg\/de\/wp-json\/wp\/v2\/product_brand?post=13553"},{"taxonomy":"product_cat","embeddable":true,"href":"https:\/\/fengshuifocus.com.sg\/de\/wp-json\/wp\/v2\/product_cat?post=13553"},{"taxonomy":"product_tag","embeddable":true,"href":"https:\/\/fengshuifocus.com.sg\/de\/wp-json\/wp\/v2\/product_tag?post=13553"}],"curies":[{"name":"wp","href":"https:\/\/api.w.org\/{rel}","templated":true}]}}