{"id":13566,"date":"2025-12-06T23:05:03","date_gmt":"2025-12-06T22:05:03","guid":{"rendered":"https:\/\/fengshuifocus.com.sg\/?post_type=product&#038;p=13566"},"modified":"2026-02-01T23:19:51","modified_gmt":"2026-02-01T22:19:51","slug":"active-rhinoceros-elephant","status":"publish","type":"product","link":"https:\/\/fengshuifocus.com.sg\/de\/shop\/protection\/active-rhinoceros-elephant\/","title":{"rendered":"Active Rhinoceros &#038; Elephant"},"content":{"rendered":"<p>This dynamic interpretation of a classic Feng Shui cure features the powerful Rhino &amp; Elephant pair, vigilant and poised to ward off misfortune. In 2026, the No 7 Burglary &amp; Loss Star moves to the SW \u2013 an area where its influence is particularly harmful \u2013 bringing increased risks of financial loss, theft, robbery, scams, and betrayal.<\/p>\n<p>The Rhino features an Anti-Robbery Amulet to deter thieves, while the Elephant bears the Anti-Scammer Amulet to guard against fraud and deceit.<\/p>\n<p><strong>For effective protection in 2026, display this pair in the SW sector of your home or office to counter the No 7 Star\u2019s negative energy.<\/strong><\/p>\n<span class=\"\" style=\"display:block;clear:both;height: 0px;padding-top: 20px;border-top-width:0px;border-bottom-width:0px;\"><\/span>\n<p>Measurements:<\/p>\n<p style=\"padding-left: 40px;\">Rhinoceros approx: H 6cm x L 10cm x W 3.5cm<\/p>\n<p style=\"padding-left: 40px;\">Elephant approx:\u00a0 \u00a0 \u00a0H 7.5cm x L 10cm x W 4cm<\/p>\n<span class=\"\" style=\"display:block;clear:both;height: 0px;padding-top: 20px;border-top-width:0px;border-bottom-width:0px;\"><\/span>\n","protected":false},"excerpt":{"rendered":"<p>This dynamic interpretation of a classic Feng Shui cure features the powerful Rhino &amp; Elephant pair, vigilant and poised to ward off misfortune. In 2026, the No 7 Burglary &amp; Loss Star moves to the SW \u2013 an area where its influence is particularly harmful \u2013 bringing increased risks of financial loss, theft, robbery, scams, and betrayal.<\/p>\n<p>The Rhino features an Anti-Robbery Amulet to deter thieves, while the Elephant bears the Anti-Scammer Amulet to guard against fraud and deceit.<\/p>\n[spacer height=\"20px\"]\n","protected":false},"featured_media":13567,"template":"","meta":{"kt_blocks_editor_width":"","_monsterinsights_skip_tracking":false,"_monsterinsights_sitenote_active":false,"_monsterinsights_sitenote_note":"","_monsterinsights_sitenote_category":0},"product_brand":[],"product_cat":[378,377,844],"product_tag":[444,757,756,445,503,446,493],"class_list":{"0":"post-13566","1":"product","2":"type-product","3":"status-publish","4":"has-post-thumbnail","6":"product_cat-feng-shui-home","7":"product_cat-protection","8":"product_cat-year-of-the-horse","9":"product_tag-burglary","10":"product_tag-disaster","11":"product_tag-jealousy","12":"product_tag-loss","13":"product_tag-protection","14":"product_tag-robbery","15":"product_tag-theft","17":"first","18":"instock","19":"shipping-taxable","20":"purchasable","21":"product-type-simple"},"translation":{"provider":"WPGlobus","version":"3.0.0","language":"de","enabled_languages":["en","de"],"languages":{"en":{"title":true,"content":true,"excerpt":true},"de":{"title":false,"content":false,"excerpt":false}}},"yoast_head":"<!-- This site is optimized with the Yoast SEO plugin v26.4 - https:\/\/yoast.com\/wordpress\/plugins\/seo\/ -->\n<title>Active Rhinoceros &amp; Elephant &#8212; Feng Shui Focus<\/title>\n<meta name=\"robots\" content=\"index, follow, max-snippet:-1, max-image-preview:large, max-video-preview:-1\" \/>\n<link rel=\"canonical\" href=\"https:\/\/fengshuifocus.com.sg\/shop\/protection\/active-rhinoceros-elephant\/\" \/>\n<meta property=\"og:locale\" content=\"de_DE\" \/>\n<meta property=\"og:type\" content=\"article\" \/>\n<meta property=\"og:title\" content=\"Active Rhinoceros &amp; Elephant\" \/>\n<meta property=\"og:description\" content=\"This dynamic interpretation of a classic Feng Shui cure features the powerful Rhino &amp; Elephant pair, vigilant and poised to ward off misfortune.\" \/>\n<meta property=\"og:url\" content=\"https:\/\/fengshuifocus.com.sg\/shop\/protection\/active-rhinoceros-elephant\/\" \/>\n<meta property=\"og:site_name\" content=\"Feng Shui Focus\" \/>\n<meta property=\"article:publisher\" content=\"https:\/\/www.facebook.com\/Feng-Shui-Focus-176469115722739\/?hc_ref=ARQeIaM_dqGJoG1GyHcEnC9wqA9DE2VYU7MZosxhMrw4oVdQfkxNRxrsDKl-F7yxicA\" \/>\n<meta property=\"article:modified_time\" content=\"2026-02-01T22:19:51+00:00\" \/>\n<meta property=\"og:image\" content=\"https:\/\/fengshuifocus.com.sg\/wp-content\/uploads\/2025\/12\/Active-Rhino-Elephant-Lifestyle-sq-450x450.jpg\" \/>\n\t<meta property=\"og:image:width\" content=\"938\" \/>\n\t<meta property=\"og:image:height\" content=\"938\" \/>\n\t<meta property=\"og:image:type\" content=\"image\/jpeg\" \/>\n<meta name=\"twitter:card\" content=\"summary_large_image\" \/>\n<meta name=\"twitter:site\" content=\"@FengShuiFocus\" \/>\n<meta name=\"twitter:label1\" content=\"Gesch\u00e4tzte Lesezeit\" \/>\n\t<meta name=\"twitter:data1\" content=\"1\u00a0Minute\" \/>\n<script type=\"application\/ld+json\" class=\"yoast-schema-graph\">{\"@context\":\"https:\/\/schema.org\",\"@graph\":[{\"@type\":\"WebPage\",\"@id\":\"https:\/\/fengshuifocus.com.sg\/shop\/protection\/active-rhinoceros-elephant\/\",\"url\":\"https:\/\/fengshuifocus.com.sg\/shop\/protection\/active-rhinoceros-elephant\/\",\"name\":\"Active Rhinoceros & Elephant &#8212; Feng Shui Focus\",\"isPartOf\":{\"@id\":\"https:\/\/fengshuifocus.com.sg\/de\/#website\"},\"primaryImageOfPage\":{\"@id\":\"https:\/\/fengshuifocus.com.sg\/shop\/protection\/active-rhinoceros-elephant\/#primaryimage\"},\"image\":{\"@id\":\"https:\/\/fengshuifocus.com.sg\/shop\/protection\/active-rhinoceros-elephant\/#primaryimage\"},\"thumbnailUrl\":\"https:\/\/fengshuifocus.com.sg\/wp-content\/uploads\/2025\/12\/Active-Rhino-Elephant-1.jpg\",\"datePublished\":\"2025-12-06T22:05:03+00:00\",\"dateModified\":\"2026-02-01T22:19:51+00:00\",\"description\":\"This dynamic interpretation of a classic Feng Shui cure features the powerful Rhino & Elephant pair, vigilant and poised to ward off misfortune.\",\"breadcrumb\":{\"@id\":\"https:\/\/fengshuifocus.com.sg\/shop\/protection\/active-rhinoceros-elephant\/#breadcrumb\"},\"inLanguage\":\"de\",\"potentialAction\":[{\"@type\":\"ReadAction\",\"target\":[\"https:\/\/fengshuifocus.com.sg\/shop\/protection\/active-rhinoceros-elephant\/\"]}]},{\"@type\":\"ImageObject\",\"inLanguage\":\"de\",\"@id\":\"https:\/\/fengshuifocus.com.sg\/shop\/protection\/active-rhinoceros-elephant\/#primaryimage\",\"url\":\"https:\/\/fengshuifocus.com.sg\/wp-content\/uploads\/2025\/12\/Active-Rhino-Elephant-1.jpg\",\"contentUrl\":\"https:\/\/fengshuifocus.com.sg\/wp-content\/uploads\/2025\/12\/Active-Rhino-Elephant-1.jpg\",\"width\":735,\"height\":735,\"caption\":\"Active Rhino & Elephant 1\"},{\"@type\":\"BreadcrumbList\",\"@id\":\"https:\/\/fengshuifocus.com.sg\/shop\/protection\/active-rhinoceros-elephant\/#breadcrumb\",\"itemListElement\":[{\"@type\":\"ListItem\",\"position\":1,\"name\":\"Home\",\"item\":\"https:\/\/fengshuifocus.com.sg\/\"},{\"@type\":\"ListItem\",\"position\":2,\"name\":\"Feng Shui Focus Online Shop\",\"item\":\"https:\/\/fengshuifocus.com.sg\/de\/shop\/\"},{\"@type\":\"ListItem\",\"position\":3,\"name\":\"Active Rhinoceros &#038; Elephant\"}]},{\"@type\":\"WebSite\",\"@id\":\"https:\/\/fengshuifocus.com.sg\/de\/#website\",\"url\":\"https:\/\/fengshuifocus.com.sg\/de\/\",\"name\":\"Feng Shui Focus\",\"description\":\"Praktische L\u00f6sungen f\u00fcr das moderne Zuhause und B\u00fcro\",\"potentialAction\":[{\"@type\":\"SearchAction\",\"target\":{\"@type\":\"EntryPoint\",\"urlTemplate\":\"https:\/\/fengshuifocus.com.sg\/de\/?s={search_term_string}\"},\"query-input\":{\"@type\":\"PropertyValueSpecification\",\"valueRequired\":true,\"valueName\":\"search_term_string\"}}],\"inLanguage\":\"de\"}]}<\/script>\n<!-- \/ Yoast SEO plugin. -->","yoast_head_json":{"title":"Active Rhinoceros & Elephant &#8212; Feng Shui Focus","robots":{"index":"index","follow":"follow","max-snippet":"max-snippet:-1","max-image-preview":"max-image-preview:large","max-video-preview":"max-video-preview:-1"},"canonical":"https:\/\/fengshuifocus.com.sg\/shop\/protection\/active-rhinoceros-elephant\/","og_locale":"de_DE","og_type":"article","og_title":"Active Rhinoceros & Elephant","og_description":"This dynamic interpretation of a classic Feng Shui cure features the powerful Rhino & Elephant pair, vigilant and poised to ward off misfortune.","og_url":"https:\/\/fengshuifocus.com.sg\/shop\/protection\/active-rhinoceros-elephant\/","og_site_name":"Feng Shui Focus","article_publisher":"https:\/\/www.facebook.com\/Feng-Shui-Focus-176469115722739\/?hc_ref=ARQeIaM_dqGJoG1GyHcEnC9wqA9DE2VYU7MZosxhMrw4oVdQfkxNRxrsDKl-F7yxicA","article_modified_time":"2026-02-01T22:19:51+00:00","og_image":[{"width":938,"height":938,"url":"https:\/\/fengshuifocus.com.sg\/wp-content\/uploads\/2025\/12\/Active-Rhino-Elephant-Lifestyle-sq-450x450.jpg","type":"image\/jpeg"}],"twitter_card":"summary_large_image","twitter_site":"@FengShuiFocus","twitter_misc":{"Gesch\u00e4tzte Lesezeit":"1\u00a0Minute"},"schema":{"@context":"https:\/\/schema.org","@graph":[{"@type":"WebPage","@id":"https:\/\/fengshuifocus.com.sg\/shop\/protection\/active-rhinoceros-elephant\/","url":"https:\/\/fengshuifocus.com.sg\/shop\/protection\/active-rhinoceros-elephant\/","name":"Active Rhinoceros & Elephant &#8212; Feng Shui Focus","isPartOf":{"@id":"https:\/\/fengshuifocus.com.sg\/de\/#website"},"primaryImageOfPage":{"@id":"https:\/\/fengshuifocus.com.sg\/shop\/protection\/active-rhinoceros-elephant\/#primaryimage"},"image":{"@id":"https:\/\/fengshuifocus.com.sg\/shop\/protection\/active-rhinoceros-elephant\/#primaryimage"},"thumbnailUrl":"https:\/\/fengshuifocus.com.sg\/wp-content\/uploads\/2025\/12\/Active-Rhino-Elephant-1.jpg","datePublished":"2025-12-06T22:05:03+00:00","dateModified":"2026-02-01T22:19:51+00:00","description":"This dynamic interpretation of a classic Feng Shui cure features the powerful Rhino & Elephant pair, vigilant and poised to ward off misfortune.","breadcrumb":{"@id":"https:\/\/fengshuifocus.com.sg\/shop\/protection\/active-rhinoceros-elephant\/#breadcrumb"},"inLanguage":"de","potentialAction":[{"@type":"ReadAction","target":["https:\/\/fengshuifocus.com.sg\/shop\/protection\/active-rhinoceros-elephant\/"]}]},{"@type":"ImageObject","inLanguage":"de","@id":"https:\/\/fengshuifocus.com.sg\/shop\/protection\/active-rhinoceros-elephant\/#primaryimage","url":"https:\/\/fengshuifocus.com.sg\/wp-content\/uploads\/2025\/12\/Active-Rhino-Elephant-1.jpg","contentUrl":"https:\/\/fengshuifocus.com.sg\/wp-content\/uploads\/2025\/12\/Active-Rhino-Elephant-1.jpg","width":735,"height":735,"caption":"Active Rhino & Elephant 1"},{"@type":"BreadcrumbList","@id":"https:\/\/fengshuifocus.com.sg\/shop\/protection\/active-rhinoceros-elephant\/#breadcrumb","itemListElement":[{"@type":"ListItem","position":1,"name":"Home","item":"https:\/\/fengshuifocus.com.sg\/"},{"@type":"ListItem","position":2,"name":"Feng Shui Focus Online Shop","item":"https:\/\/fengshuifocus.com.sg\/de\/shop\/"},{"@type":"ListItem","position":3,"name":"Active Rhinoceros &#038; Elephant"}]},{"@type":"WebSite","@id":"https:\/\/fengshuifocus.com.sg\/de\/#website","url":"https:\/\/fengshuifocus.com.sg\/de\/","name":"Feng Shui Focus","description":"Praktische L\u00f6sungen f\u00fcr das moderne Zuhause und B\u00fcro","potentialAction":[{"@type":"SearchAction","target":{"@type":"EntryPoint","urlTemplate":"https:\/\/fengshuifocus.com.sg\/de\/?s={search_term_string}"},"query-input":{"@type":"PropertyValueSpecification","valueRequired":true,"valueName":"search_term_string"}}],"inLanguage":"de"}]}},"post_mailing_queue_ids":[],"_links":{"self":[{"href":"https:\/\/fengshuifocus.com.sg\/de\/wp-json\/wp\/v2\/product\/13566","targetHints":{"allow":["GET"]}}],"collection":[{"href":"https:\/\/fengshuifocus.com.sg\/de\/wp-json\/wp\/v2\/product"}],"about":[{"href":"https:\/\/fengshuifocus.com.sg\/de\/wp-json\/wp\/v2\/types\/product"}],"wp:featuredmedia":[{"embeddable":true,"href":"https:\/\/fengshuifocus.com.sg\/de\/wp-json\/wp\/v2\/media\/13567"}],"wp:attachment":[{"href":"https:\/\/fengshuifocus.com.sg\/de\/wp-json\/wp\/v2\/media?parent=13566"}],"wp:term":[{"taxonomy":"product_brand","embeddable":true,"href":"https:\/\/fengshuifocus.com.sg\/de\/wp-json\/wp\/v2\/product_brand?post=13566"},{"taxonomy":"product_cat","embeddable":true,"href":"https:\/\/fengshuifocus.com.sg\/de\/wp-json\/wp\/v2\/product_cat?post=13566"},{"taxonomy":"product_tag","embeddable":true,"href":"https:\/\/fengshuifocus.com.sg\/de\/wp-json\/wp\/v2\/product_tag?post=13566"}],"curies":[{"name":"wp","href":"https:\/\/api.w.org\/{rel}","templated":true}]}}