{"id":13574,"date":"2025-12-06T23:17:45","date_gmt":"2025-12-06T22:17:45","guid":{"rendered":"https:\/\/fengshuifocus.com.sg\/?post_type=product&#038;p=13574"},"modified":"2026-03-02T09:19:21","modified_gmt":"2026-03-02T08:19:21","slug":"anti-burglary-card-2026","status":"publish","type":"product","link":"https:\/\/fengshuifocus.com.sg\/de\/shop\/protection\/anti-burglary-card-2026\/","title":{"rendered":"Anti-Burglary Card 2026"},"content":{"rendered":"<p>This is the miniature version of this year\u2019s Anti-Burglary Plaque, featuring the iconic Rhino and Elephant pair \u2013 two of the strongest protectors against theft, burglary, and acts of betrayal. Strengthened by the potent Anti-Robbery Amulet and the sacred seed syllable \u201cHUM\u201d inscribed on the Elephant, this pairing creates a powerful spiritual barrier that safeguards your home and helps protect your hard-earned wealth.<\/p>\n<p>Flowing water-wave patterns enrich the design with deeper symbolism. In Feng Shui, water represents abundance and renewal. These motifs not only help weaken the aggressive metal energy of the No 7 Robbery &amp; Loss Star, they also restore the water element that is missing from the year\u2019s chart \u2013 an element essential for activating wealth and generating opportunities.<\/p>\n<p>Everybody who is afflicted by the annual No 7 Burglary &amp; Loss Star should carry this Anti-Burglary Card.<\/p>\n<p><strong>In 2026 particularly recommended for: <\/strong><\/p>\n<ul>\n<li><strong>People born in the Year of the Sheep or Monkey. <\/strong><\/li>\n<li><strong>The Matriarch. <\/strong><\/li>\n<li><strong>Persons with bedroom in the SW. <\/strong><\/li>\n<li><strong>Residents of SW-facing homes<\/strong><\/li>\n<\/ul>\n<p>The Anti-Burglary Card is the same size as a regular business card and will fit neatly into most wallets and purses.<\/p>\n<span class=\"\" style=\"display:block;clear:both;height: 0px;padding-top: 20px;border-top-width:0px;border-bottom-width:0px;\"><\/span>\n<p>Measurements:\u00a0 approx. H 8.5cm x W 5.4cm<\/p>\n<span class=\"\" style=\"display:block;clear:both;height: 0px;padding-top: 20px;border-top-width:0px;border-bottom-width:0px;\"><\/span>\n","protected":false},"excerpt":{"rendered":"<p>This is the miniature version of this year\u2019s Anti-Burglary Plaque, featuring the iconic Rhino and Elephant pair \u2013 two of the strongest protectors against theft, burglary, and acts of betrayal. Strengthened by the potent Anti-Robbery Amulet and the sacred seed syllable \u201cHUM\u201d inscribed on the Elephant, this pairing creates a powerful spiritual barrier that safeguards your home and helps protect your hard-earned wealth.<\/p>\n<p>Flowing water-wave patterns enrich the design with deeper symbolism. In Feng Shui, water represents abundance and renewal. These motifs not only help weaken the aggressive metal energy of the No 7 Robbery &amp; Loss Star, they also restore the water element that is missing from the year\u2019s chart \u2013 an element essential for activating wealth and generating opportunities.<\/p>\n[spacer height=\"20px\"]\n","protected":false},"featured_media":13576,"template":"","meta":{"kt_blocks_editor_width":"","_monsterinsights_skip_tracking":false,"_monsterinsights_sitenote_active":false,"_monsterinsights_sitenote_note":"","_monsterinsights_sitenote_category":0},"product_brand":[],"product_cat":[377,844],"product_tag":[],"class_list":{"0":"post-13574","1":"product","2":"type-product","3":"status-publish","4":"has-post-thumbnail","6":"product_cat-protection","7":"product_cat-year-of-the-horse","9":"first","10":"outofstock","11":"shipping-taxable","12":"purchasable","13":"product-type-simple"},"translation":{"provider":"WPGlobus","version":"3.0.0","language":"de","enabled_languages":["en","de"],"languages":{"en":{"title":true,"content":true,"excerpt":true},"de":{"title":false,"content":false,"excerpt":false}}},"yoast_head":"<!-- This site is optimized with the Yoast SEO plugin v26.4 - https:\/\/yoast.com\/wordpress\/plugins\/seo\/ -->\n<title>Anti-Burglary Card 2026 &#8212; Feng Shui Focus<\/title>\n<meta name=\"robots\" content=\"index, follow, max-snippet:-1, max-image-preview:large, max-video-preview:-1\" \/>\n<link rel=\"canonical\" href=\"http:\/\/fengshuifocus.com.sg\/shop\/protection\/anti-burglary-card-2026\/\" \/>\n<meta property=\"og:locale\" content=\"de_DE\" \/>\n<meta property=\"og:type\" content=\"article\" \/>\n<meta property=\"og:title\" content=\"Anti-Burglary Card 2026\" \/>\n<meta property=\"og:description\" content=\"This is the miniature version of this year\u2019s Anti-Burglary Plaque, featuring the iconic Rhino and Elephant pair \u2013 two of the strongest protectors against theft, burglary, and acts of betrayal.\" \/>\n<meta property=\"og:url\" content=\"http:\/\/fengshuifocus.com.sg\/shop\/protection\/anti-burglary-card-2026\/\" \/>\n<meta property=\"og:site_name\" content=\"Feng Shui Focus\" \/>\n<meta property=\"article:publisher\" content=\"https:\/\/www.facebook.com\/Feng-Shui-Focus-176469115722739\/?hc_ref=ARQeIaM_dqGJoG1GyHcEnC9wqA9DE2VYU7MZosxhMrw4oVdQfkxNRxrsDKl-F7yxicA\" \/>\n<meta property=\"article:modified_time\" content=\"2026-03-02T08:19:21+00:00\" \/>\n<meta property=\"og:image\" content=\"https:\/\/fengshuifocus.com.sg\/wp-content\/uploads\/2025\/12\/Anti-Burglary-Plaque-Card-2026-Lifestyle-sqr-450x450.jpg\" \/>\n\t<meta property=\"og:image:width\" content=\"896\" \/>\n\t<meta property=\"og:image:height\" content=\"896\" \/>\n\t<meta property=\"og:image:type\" content=\"image\/jpeg\" \/>\n<meta name=\"twitter:card\" content=\"summary_large_image\" \/>\n<meta name=\"twitter:site\" content=\"@FengShuiFocus\" \/>\n<meta name=\"twitter:label1\" content=\"Gesch\u00e4tzte Lesezeit\" \/>\n\t<meta name=\"twitter:data1\" content=\"2\u00a0Minuten\" \/>\n<script type=\"application\/ld+json\" class=\"yoast-schema-graph\">{\"@context\":\"https:\/\/schema.org\",\"@graph\":[{\"@type\":\"WebPage\",\"@id\":\"http:\/\/fengshuifocus.com.sg\/shop\/protection\/anti-burglary-card-2026\/\",\"url\":\"http:\/\/fengshuifocus.com.sg\/shop\/protection\/anti-burglary-card-2026\/\",\"name\":\"Anti-Burglary Card 2026 &#8212; Feng Shui Focus\",\"isPartOf\":{\"@id\":\"https:\/\/fengshuifocus.com.sg\/de\/#website\"},\"primaryImageOfPage\":{\"@id\":\"http:\/\/fengshuifocus.com.sg\/shop\/protection\/anti-burglary-card-2026\/#primaryimage\"},\"image\":{\"@id\":\"http:\/\/fengshuifocus.com.sg\/shop\/protection\/anti-burglary-card-2026\/#primaryimage\"},\"thumbnailUrl\":\"https:\/\/fengshuifocus.com.sg\/wp-content\/uploads\/2025\/12\/Anti-Burglary-Card-2026.jpg\",\"datePublished\":\"2025-12-06T22:17:45+00:00\",\"dateModified\":\"2026-03-02T08:19:21+00:00\",\"description\":\"This is the miniature version of this year\u2019s Anti-Burglary Plaque, featuring the iconic Rhino and Elephant pair \u2013 two of the strongest protectors against theft, burglary, and acts of betrayal.\",\"breadcrumb\":{\"@id\":\"http:\/\/fengshuifocus.com.sg\/shop\/protection\/anti-burglary-card-2026\/#breadcrumb\"},\"inLanguage\":\"de\",\"potentialAction\":[{\"@type\":\"ReadAction\",\"target\":[\"http:\/\/fengshuifocus.com.sg\/shop\/protection\/anti-burglary-card-2026\/\"]}]},{\"@type\":\"ImageObject\",\"inLanguage\":\"de\",\"@id\":\"http:\/\/fengshuifocus.com.sg\/shop\/protection\/anti-burglary-card-2026\/#primaryimage\",\"url\":\"https:\/\/fengshuifocus.com.sg\/wp-content\/uploads\/2025\/12\/Anti-Burglary-Card-2026.jpg\",\"contentUrl\":\"https:\/\/fengshuifocus.com.sg\/wp-content\/uploads\/2025\/12\/Anti-Burglary-Card-2026.jpg\",\"width\":709,\"height\":709,\"caption\":\"Anti-Burglary Card 2026\"},{\"@type\":\"BreadcrumbList\",\"@id\":\"http:\/\/fengshuifocus.com.sg\/shop\/protection\/anti-burglary-card-2026\/#breadcrumb\",\"itemListElement\":[{\"@type\":\"ListItem\",\"position\":1,\"name\":\"Home\",\"item\":\"https:\/\/fengshuifocus.com.sg\/\"},{\"@type\":\"ListItem\",\"position\":2,\"name\":\"Feng Shui Focus Online Shop\",\"item\":\"https:\/\/fengshuifocus.com.sg\/de\/shop\/\"},{\"@type\":\"ListItem\",\"position\":3,\"name\":\"Anti-Burglary Card 2026\"}]},{\"@type\":\"WebSite\",\"@id\":\"https:\/\/fengshuifocus.com.sg\/de\/#website\",\"url\":\"https:\/\/fengshuifocus.com.sg\/de\/\",\"name\":\"Feng Shui Focus\",\"description\":\"Praktische L\u00f6sungen f\u00fcr das moderne Zuhause und B\u00fcro\",\"potentialAction\":[{\"@type\":\"SearchAction\",\"target\":{\"@type\":\"EntryPoint\",\"urlTemplate\":\"https:\/\/fengshuifocus.com.sg\/de\/?s={search_term_string}\"},\"query-input\":{\"@type\":\"PropertyValueSpecification\",\"valueRequired\":true,\"valueName\":\"search_term_string\"}}],\"inLanguage\":\"de\"}]}<\/script>\n<!-- \/ Yoast SEO plugin. -->","yoast_head_json":{"title":"Anti-Burglary Card 2026 &#8212; Feng Shui Focus","robots":{"index":"index","follow":"follow","max-snippet":"max-snippet:-1","max-image-preview":"max-image-preview:large","max-video-preview":"max-video-preview:-1"},"canonical":"http:\/\/fengshuifocus.com.sg\/shop\/protection\/anti-burglary-card-2026\/","og_locale":"de_DE","og_type":"article","og_title":"Anti-Burglary Card 2026","og_description":"This is the miniature version of this year\u2019s Anti-Burglary Plaque, featuring the iconic Rhino and Elephant pair \u2013 two of the strongest protectors against theft, burglary, and acts of betrayal.","og_url":"http:\/\/fengshuifocus.com.sg\/shop\/protection\/anti-burglary-card-2026\/","og_site_name":"Feng Shui Focus","article_publisher":"https:\/\/www.facebook.com\/Feng-Shui-Focus-176469115722739\/?hc_ref=ARQeIaM_dqGJoG1GyHcEnC9wqA9DE2VYU7MZosxhMrw4oVdQfkxNRxrsDKl-F7yxicA","article_modified_time":"2026-03-02T08:19:21+00:00","og_image":[{"width":896,"height":896,"url":"https:\/\/fengshuifocus.com.sg\/wp-content\/uploads\/2025\/12\/Anti-Burglary-Plaque-Card-2026-Lifestyle-sqr-450x450.jpg","type":"image\/jpeg"}],"twitter_card":"summary_large_image","twitter_site":"@FengShuiFocus","twitter_misc":{"Gesch\u00e4tzte Lesezeit":"2\u00a0Minuten"},"schema":{"@context":"https:\/\/schema.org","@graph":[{"@type":"WebPage","@id":"http:\/\/fengshuifocus.com.sg\/shop\/protection\/anti-burglary-card-2026\/","url":"http:\/\/fengshuifocus.com.sg\/shop\/protection\/anti-burglary-card-2026\/","name":"Anti-Burglary Card 2026 &#8212; Feng Shui Focus","isPartOf":{"@id":"https:\/\/fengshuifocus.com.sg\/de\/#website"},"primaryImageOfPage":{"@id":"http:\/\/fengshuifocus.com.sg\/shop\/protection\/anti-burglary-card-2026\/#primaryimage"},"image":{"@id":"http:\/\/fengshuifocus.com.sg\/shop\/protection\/anti-burglary-card-2026\/#primaryimage"},"thumbnailUrl":"https:\/\/fengshuifocus.com.sg\/wp-content\/uploads\/2025\/12\/Anti-Burglary-Card-2026.jpg","datePublished":"2025-12-06T22:17:45+00:00","dateModified":"2026-03-02T08:19:21+00:00","description":"This is the miniature version of this year\u2019s Anti-Burglary Plaque, featuring the iconic Rhino and Elephant pair \u2013 two of the strongest protectors against theft, burglary, and acts of betrayal.","breadcrumb":{"@id":"http:\/\/fengshuifocus.com.sg\/shop\/protection\/anti-burglary-card-2026\/#breadcrumb"},"inLanguage":"de","potentialAction":[{"@type":"ReadAction","target":["http:\/\/fengshuifocus.com.sg\/shop\/protection\/anti-burglary-card-2026\/"]}]},{"@type":"ImageObject","inLanguage":"de","@id":"http:\/\/fengshuifocus.com.sg\/shop\/protection\/anti-burglary-card-2026\/#primaryimage","url":"https:\/\/fengshuifocus.com.sg\/wp-content\/uploads\/2025\/12\/Anti-Burglary-Card-2026.jpg","contentUrl":"https:\/\/fengshuifocus.com.sg\/wp-content\/uploads\/2025\/12\/Anti-Burglary-Card-2026.jpg","width":709,"height":709,"caption":"Anti-Burglary Card 2026"},{"@type":"BreadcrumbList","@id":"http:\/\/fengshuifocus.com.sg\/shop\/protection\/anti-burglary-card-2026\/#breadcrumb","itemListElement":[{"@type":"ListItem","position":1,"name":"Home","item":"https:\/\/fengshuifocus.com.sg\/"},{"@type":"ListItem","position":2,"name":"Feng Shui Focus Online Shop","item":"https:\/\/fengshuifocus.com.sg\/de\/shop\/"},{"@type":"ListItem","position":3,"name":"Anti-Burglary Card 2026"}]},{"@type":"WebSite","@id":"https:\/\/fengshuifocus.com.sg\/de\/#website","url":"https:\/\/fengshuifocus.com.sg\/de\/","name":"Feng Shui Focus","description":"Praktische L\u00f6sungen f\u00fcr das moderne Zuhause und B\u00fcro","potentialAction":[{"@type":"SearchAction","target":{"@type":"EntryPoint","urlTemplate":"https:\/\/fengshuifocus.com.sg\/de\/?s={search_term_string}"},"query-input":{"@type":"PropertyValueSpecification","valueRequired":true,"valueName":"search_term_string"}}],"inLanguage":"de"}]}},"post_mailing_queue_ids":[],"_links":{"self":[{"href":"https:\/\/fengshuifocus.com.sg\/de\/wp-json\/wp\/v2\/product\/13574","targetHints":{"allow":["GET"]}}],"collection":[{"href":"https:\/\/fengshuifocus.com.sg\/de\/wp-json\/wp\/v2\/product"}],"about":[{"href":"https:\/\/fengshuifocus.com.sg\/de\/wp-json\/wp\/v2\/types\/product"}],"wp:featuredmedia":[{"embeddable":true,"href":"https:\/\/fengshuifocus.com.sg\/de\/wp-json\/wp\/v2\/media\/13576"}],"wp:attachment":[{"href":"https:\/\/fengshuifocus.com.sg\/de\/wp-json\/wp\/v2\/media?parent=13574"}],"wp:term":[{"taxonomy":"product_brand","embeddable":true,"href":"https:\/\/fengshuifocus.com.sg\/de\/wp-json\/wp\/v2\/product_brand?post=13574"},{"taxonomy":"product_cat","embeddable":true,"href":"https:\/\/fengshuifocus.com.sg\/de\/wp-json\/wp\/v2\/product_cat?post=13574"},{"taxonomy":"product_tag","embeddable":true,"href":"https:\/\/fengshuifocus.com.sg\/de\/wp-json\/wp\/v2\/product_tag?post=13574"}],"curies":[{"name":"wp","href":"https:\/\/api.w.org\/{rel}","templated":true}]}}