{"id":13577,"date":"2025-12-06T23:31:29","date_gmt":"2025-12-06T22:31:29","guid":{"rendered":"https:\/\/fengshuifocus.com.sg\/?post_type=product&#038;p=13577"},"modified":"2026-02-01T23:19:51","modified_gmt":"2026-02-01T22:19:51","slug":"3-celestial-guardians-plaque","status":"publish","type":"product","link":"https:\/\/fengshuifocus.com.sg\/de\/shop\/protection\/3-celestial-guardians-plaque\/","title":{"rendered":"3 Celestial Guardians Plaque"},"content":{"rendered":"<p>This protective plaque features three powerful celestial guardians \u2013 the Chi Lin, Pi Yao, and Fu Dog \u2013 long admired in Feng Shui for their ability to pacify the Three Killings, an annual affliction known for causing loss, betrayal, and unexpected setbacks. In 2026, the Three Killings are located in the NORTH.<\/p>\n<p>In 2026, the Natural Disaster Star also enters the NORTH, adding additional danger to this sector. To counter these challenges, the plaque incorporates the sacred implements of Ksiddigarbha, the Buddha of Protection, whose blessings help neutralise calamities and dissolve negative energies. It also features the auspicious phrase: \u201cFoong Huang Fa Kat\u201d, which translates to: \u201cturn misfortune into good fortune\u201d.<\/p>\n<p>For best results in 2026, place this plaque in the NORTH to safeguard your home from the combined threats of the Three Killings and the Natural Disaster Star, helping to maintain harmony, stability, and positive Chi throughout the year.<\/p>\n<span class=\"\" style=\"display:block;clear:both;height: 0px;padding-top: 20px;border-top-width:0px;border-bottom-width:0px;\"><\/span>\n<p>Measurements:\u00a0\u00a0\u00a0 approx. H 12cm x W 15cm x D 1.4cm plus stand<\/p>\n<span class=\"\" style=\"display:block;clear:both;height: 0px;padding-top: 20px;border-top-width:0px;border-bottom-width:0px;\"><\/span>\n","protected":false},"excerpt":{"rendered":"<p>This protective plaque features three powerful celestial guardians \u2013 the Chi Lin, Pi Yao, and Fu Dog \u2013 long admired in Feng Shui for their ability to pacify the Three Killings, an annual affliction known for causing loss, betrayal, and unexpected setbacks. In 2026, the Three Killings are located in the NORTH.<\/p>\n<p>In 2026, the Natural Disaster Star also enters the NORTH, adding additional danger to this sector. To counter these challenges, the plaque incorporates the sacred implements of Ksiddigarbha, the Buddha of Protection, whose blessings help neutralise calamities and dissolve negative energies. It also features the auspicious phrase: \u201cFoong Huang Fa Kat\u201d, which translates to: \u201cturn misfortune into good fortune\u201d.<\/p>\n[spacer height=\"20px\"]\n","protected":false},"featured_media":13580,"template":"","meta":{"kt_blocks_editor_width":"","_monsterinsights_skip_tracking":false,"_monsterinsights_sitenote_active":false,"_monsterinsights_sitenote_note":"","_monsterinsights_sitenote_category":0},"product_brand":[],"product_cat":[377,844],"product_tag":[758,759,425,757,390],"class_list":{"0":"post-13577","1":"product","2":"type-product","3":"status-publish","4":"has-post-thumbnail","6":"product_cat-protection","7":"product_cat-year-of-the-horse","8":"product_tag-anti-conflict","9":"product_tag-betrayal","10":"product_tag-conflict","11":"product_tag-disaster","12":"product_tag-office","14":"first","15":"outofstock","16":"shipping-taxable","17":"purchasable","18":"product-type-simple"},"translation":{"provider":"WPGlobus","version":"3.0.0","language":"de","enabled_languages":["en","de"],"languages":{"en":{"title":true,"content":true,"excerpt":true},"de":{"title":false,"content":false,"excerpt":false}}},"yoast_head":"<!-- This site is optimized with the Yoast SEO plugin v26.4 - https:\/\/yoast.com\/wordpress\/plugins\/seo\/ -->\n<title>3 Celestial Guardians Plaque &#8212; Feng Shui Focus<\/title>\n<meta name=\"robots\" content=\"index, follow, max-snippet:-1, max-image-preview:large, max-video-preview:-1\" \/>\n<link rel=\"canonical\" href=\"http:\/\/fengshuifocus.com.sg\/shop\/protection\/3-celestial-guardians-plaque\/\" \/>\n<meta property=\"og:locale\" content=\"de_DE\" \/>\n<meta property=\"og:type\" content=\"article\" \/>\n<meta property=\"og:title\" content=\"3 Celestial Guardians Plaque\" \/>\n<meta property=\"og:description\" content=\"This protective plaque features three powerful celestial guardians \u2013 the Chi Lin, Pi Yao, and Fu Dog \u2013 long admired in Feng Shui for their ability to pacify the Three Killings\" \/>\n<meta property=\"og:url\" content=\"http:\/\/fengshuifocus.com.sg\/shop\/protection\/3-celestial-guardians-plaque\/\" \/>\n<meta property=\"og:site_name\" content=\"Feng Shui Focus\" \/>\n<meta property=\"article:publisher\" content=\"https:\/\/www.facebook.com\/Feng-Shui-Focus-176469115722739\/?hc_ref=ARQeIaM_dqGJoG1GyHcEnC9wqA9DE2VYU7MZosxhMrw4oVdQfkxNRxrsDKl-F7yxicA\" \/>\n<meta property=\"article:modified_time\" content=\"2026-02-01T22:19:51+00:00\" \/>\n<meta property=\"og:image\" content=\"https:\/\/fengshuifocus.com.sg\/wp-content\/uploads\/2025\/12\/3-Celestial-Guardians-Plaque-Lifestyle-sqr-450x450.jpg\" \/>\n\t<meta property=\"og:image:width\" content=\"1024\" \/>\n\t<meta property=\"og:image:height\" content=\"1024\" \/>\n\t<meta property=\"og:image:type\" content=\"image\/jpeg\" \/>\n<meta name=\"twitter:card\" content=\"summary_large_image\" \/>\n<meta name=\"twitter:site\" content=\"@FengShuiFocus\" \/>\n<meta name=\"twitter:label1\" content=\"Gesch\u00e4tzte Lesezeit\" \/>\n\t<meta name=\"twitter:data1\" content=\"1\u00a0Minute\" \/>\n<script type=\"application\/ld+json\" class=\"yoast-schema-graph\">{\"@context\":\"https:\/\/schema.org\",\"@graph\":[{\"@type\":\"WebPage\",\"@id\":\"http:\/\/fengshuifocus.com.sg\/shop\/protection\/3-celestial-guardians-plaque\/\",\"url\":\"http:\/\/fengshuifocus.com.sg\/shop\/protection\/3-celestial-guardians-plaque\/\",\"name\":\"3 Celestial Guardians Plaque &#8212; Feng Shui Focus\",\"isPartOf\":{\"@id\":\"https:\/\/fengshuifocus.com.sg\/de\/#website\"},\"primaryImageOfPage\":{\"@id\":\"http:\/\/fengshuifocus.com.sg\/shop\/protection\/3-celestial-guardians-plaque\/#primaryimage\"},\"image\":{\"@id\":\"http:\/\/fengshuifocus.com.sg\/shop\/protection\/3-celestial-guardians-plaque\/#primaryimage\"},\"thumbnailUrl\":\"https:\/\/fengshuifocus.com.sg\/wp-content\/uploads\/2025\/12\/3-Celestial-Guardians-Plaque.jpg\",\"datePublished\":\"2025-12-06T22:31:29+00:00\",\"dateModified\":\"2026-02-01T22:19:51+00:00\",\"description\":\"This protective plaque features three powerful celestial guardians \u2013 the Chi Lin, Pi Yao, and Fu Dog \u2013 long admired in Feng Shui for their ability to pacify the Three Killings\",\"breadcrumb\":{\"@id\":\"http:\/\/fengshuifocus.com.sg\/shop\/protection\/3-celestial-guardians-plaque\/#breadcrumb\"},\"inLanguage\":\"de\",\"potentialAction\":[{\"@type\":\"ReadAction\",\"target\":[\"http:\/\/fengshuifocus.com.sg\/shop\/protection\/3-celestial-guardians-plaque\/\"]}]},{\"@type\":\"ImageObject\",\"inLanguage\":\"de\",\"@id\":\"http:\/\/fengshuifocus.com.sg\/shop\/protection\/3-celestial-guardians-plaque\/#primaryimage\",\"url\":\"https:\/\/fengshuifocus.com.sg\/wp-content\/uploads\/2025\/12\/3-Celestial-Guardians-Plaque.jpg\",\"contentUrl\":\"https:\/\/fengshuifocus.com.sg\/wp-content\/uploads\/2025\/12\/3-Celestial-Guardians-Plaque.jpg\",\"width\":745,\"height\":745,\"caption\":\"3 Celestial Guardians Plaque\"},{\"@type\":\"BreadcrumbList\",\"@id\":\"http:\/\/fengshuifocus.com.sg\/shop\/protection\/3-celestial-guardians-plaque\/#breadcrumb\",\"itemListElement\":[{\"@type\":\"ListItem\",\"position\":1,\"name\":\"Home\",\"item\":\"https:\/\/fengshuifocus.com.sg\/\"},{\"@type\":\"ListItem\",\"position\":2,\"name\":\"Feng Shui Focus Online Shop\",\"item\":\"https:\/\/fengshuifocus.com.sg\/de\/shop\/\"},{\"@type\":\"ListItem\",\"position\":3,\"name\":\"3 Celestial Guardians Plaque\"}]},{\"@type\":\"WebSite\",\"@id\":\"https:\/\/fengshuifocus.com.sg\/de\/#website\",\"url\":\"https:\/\/fengshuifocus.com.sg\/de\/\",\"name\":\"Feng Shui Focus\",\"description\":\"Praktische L\u00f6sungen f\u00fcr das moderne Zuhause und B\u00fcro\",\"potentialAction\":[{\"@type\":\"SearchAction\",\"target\":{\"@type\":\"EntryPoint\",\"urlTemplate\":\"https:\/\/fengshuifocus.com.sg\/de\/?s={search_term_string}\"},\"query-input\":{\"@type\":\"PropertyValueSpecification\",\"valueRequired\":true,\"valueName\":\"search_term_string\"}}],\"inLanguage\":\"de\"}]}<\/script>\n<!-- \/ Yoast SEO plugin. -->","yoast_head_json":{"title":"3 Celestial Guardians Plaque &#8212; Feng Shui Focus","robots":{"index":"index","follow":"follow","max-snippet":"max-snippet:-1","max-image-preview":"max-image-preview:large","max-video-preview":"max-video-preview:-1"},"canonical":"http:\/\/fengshuifocus.com.sg\/shop\/protection\/3-celestial-guardians-plaque\/","og_locale":"de_DE","og_type":"article","og_title":"3 Celestial Guardians Plaque","og_description":"This protective plaque features three powerful celestial guardians \u2013 the Chi Lin, Pi Yao, and Fu Dog \u2013 long admired in Feng Shui for their ability to pacify the Three Killings","og_url":"http:\/\/fengshuifocus.com.sg\/shop\/protection\/3-celestial-guardians-plaque\/","og_site_name":"Feng Shui Focus","article_publisher":"https:\/\/www.facebook.com\/Feng-Shui-Focus-176469115722739\/?hc_ref=ARQeIaM_dqGJoG1GyHcEnC9wqA9DE2VYU7MZosxhMrw4oVdQfkxNRxrsDKl-F7yxicA","article_modified_time":"2026-02-01T22:19:51+00:00","og_image":[{"width":1024,"height":1024,"url":"https:\/\/fengshuifocus.com.sg\/wp-content\/uploads\/2025\/12\/3-Celestial-Guardians-Plaque-Lifestyle-sqr-450x450.jpg","type":"image\/jpeg"}],"twitter_card":"summary_large_image","twitter_site":"@FengShuiFocus","twitter_misc":{"Gesch\u00e4tzte Lesezeit":"1\u00a0Minute"},"schema":{"@context":"https:\/\/schema.org","@graph":[{"@type":"WebPage","@id":"http:\/\/fengshuifocus.com.sg\/shop\/protection\/3-celestial-guardians-plaque\/","url":"http:\/\/fengshuifocus.com.sg\/shop\/protection\/3-celestial-guardians-plaque\/","name":"3 Celestial Guardians Plaque &#8212; Feng Shui Focus","isPartOf":{"@id":"https:\/\/fengshuifocus.com.sg\/de\/#website"},"primaryImageOfPage":{"@id":"http:\/\/fengshuifocus.com.sg\/shop\/protection\/3-celestial-guardians-plaque\/#primaryimage"},"image":{"@id":"http:\/\/fengshuifocus.com.sg\/shop\/protection\/3-celestial-guardians-plaque\/#primaryimage"},"thumbnailUrl":"https:\/\/fengshuifocus.com.sg\/wp-content\/uploads\/2025\/12\/3-Celestial-Guardians-Plaque.jpg","datePublished":"2025-12-06T22:31:29+00:00","dateModified":"2026-02-01T22:19:51+00:00","description":"This protective plaque features three powerful celestial guardians \u2013 the Chi Lin, Pi Yao, and Fu Dog \u2013 long admired in Feng Shui for their ability to pacify the Three Killings","breadcrumb":{"@id":"http:\/\/fengshuifocus.com.sg\/shop\/protection\/3-celestial-guardians-plaque\/#breadcrumb"},"inLanguage":"de","potentialAction":[{"@type":"ReadAction","target":["http:\/\/fengshuifocus.com.sg\/shop\/protection\/3-celestial-guardians-plaque\/"]}]},{"@type":"ImageObject","inLanguage":"de","@id":"http:\/\/fengshuifocus.com.sg\/shop\/protection\/3-celestial-guardians-plaque\/#primaryimage","url":"https:\/\/fengshuifocus.com.sg\/wp-content\/uploads\/2025\/12\/3-Celestial-Guardians-Plaque.jpg","contentUrl":"https:\/\/fengshuifocus.com.sg\/wp-content\/uploads\/2025\/12\/3-Celestial-Guardians-Plaque.jpg","width":745,"height":745,"caption":"3 Celestial Guardians Plaque"},{"@type":"BreadcrumbList","@id":"http:\/\/fengshuifocus.com.sg\/shop\/protection\/3-celestial-guardians-plaque\/#breadcrumb","itemListElement":[{"@type":"ListItem","position":1,"name":"Home","item":"https:\/\/fengshuifocus.com.sg\/"},{"@type":"ListItem","position":2,"name":"Feng Shui Focus Online Shop","item":"https:\/\/fengshuifocus.com.sg\/de\/shop\/"},{"@type":"ListItem","position":3,"name":"3 Celestial Guardians Plaque"}]},{"@type":"WebSite","@id":"https:\/\/fengshuifocus.com.sg\/de\/#website","url":"https:\/\/fengshuifocus.com.sg\/de\/","name":"Feng Shui Focus","description":"Praktische L\u00f6sungen f\u00fcr das moderne Zuhause und B\u00fcro","potentialAction":[{"@type":"SearchAction","target":{"@type":"EntryPoint","urlTemplate":"https:\/\/fengshuifocus.com.sg\/de\/?s={search_term_string}"},"query-input":{"@type":"PropertyValueSpecification","valueRequired":true,"valueName":"search_term_string"}}],"inLanguage":"de"}]}},"post_mailing_queue_ids":[],"_links":{"self":[{"href":"https:\/\/fengshuifocus.com.sg\/de\/wp-json\/wp\/v2\/product\/13577","targetHints":{"allow":["GET"]}}],"collection":[{"href":"https:\/\/fengshuifocus.com.sg\/de\/wp-json\/wp\/v2\/product"}],"about":[{"href":"https:\/\/fengshuifocus.com.sg\/de\/wp-json\/wp\/v2\/types\/product"}],"wp:featuredmedia":[{"embeddable":true,"href":"https:\/\/fengshuifocus.com.sg\/de\/wp-json\/wp\/v2\/media\/13580"}],"wp:attachment":[{"href":"https:\/\/fengshuifocus.com.sg\/de\/wp-json\/wp\/v2\/media?parent=13577"}],"wp:term":[{"taxonomy":"product_brand","embeddable":true,"href":"https:\/\/fengshuifocus.com.sg\/de\/wp-json\/wp\/v2\/product_brand?post=13577"},{"taxonomy":"product_cat","embeddable":true,"href":"https:\/\/fengshuifocus.com.sg\/de\/wp-json\/wp\/v2\/product_cat?post=13577"},{"taxonomy":"product_tag","embeddable":true,"href":"https:\/\/fengshuifocus.com.sg\/de\/wp-json\/wp\/v2\/product_tag?post=13577"}],"curies":[{"name":"wp","href":"https:\/\/api.w.org\/{rel}","templated":true}]}}