{"id":13581,"date":"2025-12-06T23:37:46","date_gmt":"2025-12-06T22:37:46","guid":{"rendered":"https:\/\/fengshuifocus.com.sg\/?post_type=product&#038;p=13581"},"modified":"2026-03-24T05:04:40","modified_gmt":"2026-03-24T04:04:40","slug":"3-celestial-guardians-card","status":"publish","type":"product","link":"https:\/\/fengshuifocus.com.sg\/de\/shop\/protection\/3-celestial-guardians-card\/","title":{"rendered":"3 Celestial Guardians Card"},"content":{"rendered":"<p>This is a miniature version of the protective 3 Celestial Guardians Plaque featuring three powerful celestial guardians \u2013 the Chi Lin, Pi Yao, and Fu Dog \u2013 long admired in Feng Shui for their ability to pacify the Three Killings, an annual affliction known for causing loss, betrayal, and unexpected setbacks. In 2026, the Three Killings are located in the NORTH.<\/p>\n<p>In 2026, the Natural Disaster Star also enters the NORTH, adding an extra layer of risk to this sector. To counter these challenges, the plaque incorporates the sacred implements of Ksiddigarbha, the Buddha of Protection, whose blessings help neutralise calamities and dissolve negative energies. It also features the auspicious phrase: \u201cFoong Huang Fa Kat\u201d, which translates to: \u201cturn misfortune into good fortune\u201d.<\/p>\n<p><strong>In 2026 highly recommended for the following: <\/strong><\/p>\n<ul>\n<li><strong>People born in the Year of the Rat <\/strong><\/li>\n<li><strong>The middle son<\/strong><\/li>\n<li><strong>Persons with bedroom in the NORTH. <\/strong><\/li>\n<li><strong>Residents of NORTH-facing homes. <\/strong><\/li>\n<\/ul>\n<span class=\"\" style=\"display:block;clear:both;height: 0px;padding-top: 20px;border-top-width:0px;border-bottom-width:0px;\"><\/span>\n<p>Measurements: \u00a0\u00a0 approx. H 8.5cm x W 5.4cm<\/p>\n<span class=\"\" style=\"display:block;clear:both;height: 0px;padding-top: 20px;border-top-width:0px;border-bottom-width:0px;\"><\/span>\n","protected":false},"excerpt":{"rendered":"<p>This is a miniature version of the protective 3 Celestial Guardians Plaque featuring three powerful celestial guardians \u2013 the Chi Lin, Pi Yao, and Fu Dog \u2013 long admired in Feng Shui for their ability to pacify the Three Killings, an annual affliction known for causing loss, betrayal, and unexpected setbacks. In 2026, the Three Killings are located in the NORTH.<\/p>\n<p>In 2026, the Natural Disaster Star also enters the NORTH, adding an extra layer of risk to this sector. To counter these challenges, the plaque incorporates the sacred implements of Ksiddigarbha, the Buddha of Protection, whose blessings help neutralise calamities and dissolve negative energies. It also features the auspicious phrase: \u201cFoong Huang Fa Kat\u201d, which translates to: \u201cturn misfortune into good fortune\u201d.<\/p>\n[spacer height=\"20px\"]\n","protected":false},"featured_media":13583,"template":"","meta":{"kt_blocks_editor_width":"","_monsterinsights_skip_tracking":false,"_monsterinsights_sitenote_active":false,"_monsterinsights_sitenote_note":"","_monsterinsights_sitenote_category":0},"product_brand":[],"product_cat":[378,377,844],"product_tag":[758,759,425,757],"class_list":{"0":"post-13581","1":"product","2":"type-product","3":"status-publish","4":"has-post-thumbnail","6":"product_cat-feng-shui-home","7":"product_cat-protection","8":"product_cat-year-of-the-horse","9":"product_tag-anti-conflict","10":"product_tag-betrayal","11":"product_tag-conflict","12":"product_tag-disaster","14":"first","15":"instock","16":"shipping-taxable","17":"purchasable","18":"product-type-simple"},"translation":{"provider":"WPGlobus","version":"3.0.0","language":"de","enabled_languages":["en","de"],"languages":{"en":{"title":true,"content":true,"excerpt":true},"de":{"title":false,"content":false,"excerpt":false}}},"yoast_head":"<!-- This site is optimized with the Yoast SEO plugin v26.4 - https:\/\/yoast.com\/wordpress\/plugins\/seo\/ -->\n<title>3 Celestial Guardians Card &#8212; Feng Shui Focus<\/title>\n<meta name=\"robots\" content=\"index, follow, max-snippet:-1, max-image-preview:large, max-video-preview:-1\" \/>\n<link rel=\"canonical\" href=\"https:\/\/fengshuifocus.com.sg\/shop\/protection\/3-celestial-guardians-card\/\" \/>\n<meta property=\"og:locale\" content=\"de_DE\" \/>\n<meta property=\"og:type\" content=\"article\" \/>\n<meta property=\"og:title\" content=\"3 Celestial Guardians Card\" \/>\n<meta property=\"og:description\" content=\"This is a miniature version of the protective 3 Celestial Guardians Plaque featuring three powerful celestial guardians \u2013 the Chi Lin, Pi Yao, and Fu Dog \u2013 long admired in Feng Shui for their ability to pacify the Three Killings\" \/>\n<meta property=\"og:url\" content=\"https:\/\/fengshuifocus.com.sg\/shop\/protection\/3-celestial-guardians-card\/\" \/>\n<meta property=\"og:site_name\" content=\"Feng Shui Focus\" \/>\n<meta property=\"article:publisher\" content=\"https:\/\/www.facebook.com\/Feng-Shui-Focus-176469115722739\/?hc_ref=ARQeIaM_dqGJoG1GyHcEnC9wqA9DE2VYU7MZosxhMrw4oVdQfkxNRxrsDKl-F7yxicA\" \/>\n<meta property=\"article:modified_time\" content=\"2026-03-24T04:04:40+00:00\" \/>\n<meta property=\"og:image\" content=\"https:\/\/fengshuifocus.com.sg\/wp-content\/uploads\/2025\/12\/3-Celestial-Guardians-Card-2026.jpg\" \/>\n\t<meta property=\"og:image:width\" content=\"708\" \/>\n\t<meta property=\"og:image:height\" content=\"708\" \/>\n\t<meta property=\"og:image:type\" content=\"image\/jpeg\" \/>\n<meta name=\"twitter:card\" content=\"summary_large_image\" \/>\n<meta name=\"twitter:site\" content=\"@FengShuiFocus\" \/>\n<meta name=\"twitter:label1\" content=\"Gesch\u00e4tzte Lesezeit\" \/>\n\t<meta name=\"twitter:data1\" content=\"1\u00a0Minute\" \/>\n<script type=\"application\/ld+json\" class=\"yoast-schema-graph\">{\"@context\":\"https:\/\/schema.org\",\"@graph\":[{\"@type\":\"WebPage\",\"@id\":\"https:\/\/fengshuifocus.com.sg\/shop\/protection\/3-celestial-guardians-card\/\",\"url\":\"https:\/\/fengshuifocus.com.sg\/shop\/protection\/3-celestial-guardians-card\/\",\"name\":\"3 Celestial Guardians Card &#8212; Feng Shui Focus\",\"isPartOf\":{\"@id\":\"https:\/\/fengshuifocus.com.sg\/de\/#website\"},\"primaryImageOfPage\":{\"@id\":\"https:\/\/fengshuifocus.com.sg\/shop\/protection\/3-celestial-guardians-card\/#primaryimage\"},\"image\":{\"@id\":\"https:\/\/fengshuifocus.com.sg\/shop\/protection\/3-celestial-guardians-card\/#primaryimage\"},\"thumbnailUrl\":\"https:\/\/fengshuifocus.com.sg\/wp-content\/uploads\/2025\/12\/3-Celestial-Guardians-Card-2026.jpg\",\"datePublished\":\"2025-12-06T22:37:46+00:00\",\"dateModified\":\"2026-03-24T04:04:40+00:00\",\"description\":\"This is a miniature version of the protective 3 Celestial Guardians Plaque featuring three powerful celestial guardians \u2013 the Chi Lin, Pi Yao, and Fu Dog \u2013 long admired in Feng Shui for their ability to pacify the Three Killings\",\"breadcrumb\":{\"@id\":\"https:\/\/fengshuifocus.com.sg\/shop\/protection\/3-celestial-guardians-card\/#breadcrumb\"},\"inLanguage\":\"de\",\"potentialAction\":[{\"@type\":\"ReadAction\",\"target\":[\"https:\/\/fengshuifocus.com.sg\/shop\/protection\/3-celestial-guardians-card\/\"]}]},{\"@type\":\"ImageObject\",\"inLanguage\":\"de\",\"@id\":\"https:\/\/fengshuifocus.com.sg\/shop\/protection\/3-celestial-guardians-card\/#primaryimage\",\"url\":\"https:\/\/fengshuifocus.com.sg\/wp-content\/uploads\/2025\/12\/3-Celestial-Guardians-Card-2026.jpg\",\"contentUrl\":\"https:\/\/fengshuifocus.com.sg\/wp-content\/uploads\/2025\/12\/3-Celestial-Guardians-Card-2026.jpg\",\"width\":708,\"height\":708,\"caption\":\"3 Celestial Guardians Card 2026\"},{\"@type\":\"BreadcrumbList\",\"@id\":\"https:\/\/fengshuifocus.com.sg\/shop\/protection\/3-celestial-guardians-card\/#breadcrumb\",\"itemListElement\":[{\"@type\":\"ListItem\",\"position\":1,\"name\":\"Home\",\"item\":\"https:\/\/fengshuifocus.com.sg\/\"},{\"@type\":\"ListItem\",\"position\":2,\"name\":\"Feng Shui Focus Online Shop\",\"item\":\"https:\/\/fengshuifocus.com.sg\/de\/shop\/\"},{\"@type\":\"ListItem\",\"position\":3,\"name\":\"3 Celestial Guardians Card\"}]},{\"@type\":\"WebSite\",\"@id\":\"https:\/\/fengshuifocus.com.sg\/de\/#website\",\"url\":\"https:\/\/fengshuifocus.com.sg\/de\/\",\"name\":\"Feng Shui Focus\",\"description\":\"Praktische L\u00f6sungen f\u00fcr das moderne Zuhause und B\u00fcro\",\"potentialAction\":[{\"@type\":\"SearchAction\",\"target\":{\"@type\":\"EntryPoint\",\"urlTemplate\":\"https:\/\/fengshuifocus.com.sg\/de\/?s={search_term_string}\"},\"query-input\":{\"@type\":\"PropertyValueSpecification\",\"valueRequired\":true,\"valueName\":\"search_term_string\"}}],\"inLanguage\":\"de\"}]}<\/script>\n<!-- \/ Yoast SEO plugin. -->","yoast_head_json":{"title":"3 Celestial Guardians Card &#8212; Feng Shui Focus","robots":{"index":"index","follow":"follow","max-snippet":"max-snippet:-1","max-image-preview":"max-image-preview:large","max-video-preview":"max-video-preview:-1"},"canonical":"https:\/\/fengshuifocus.com.sg\/shop\/protection\/3-celestial-guardians-card\/","og_locale":"de_DE","og_type":"article","og_title":"3 Celestial Guardians Card","og_description":"This is a miniature version of the protective 3 Celestial Guardians Plaque featuring three powerful celestial guardians \u2013 the Chi Lin, Pi Yao, and Fu Dog \u2013 long admired in Feng Shui for their ability to pacify the Three Killings","og_url":"https:\/\/fengshuifocus.com.sg\/shop\/protection\/3-celestial-guardians-card\/","og_site_name":"Feng Shui Focus","article_publisher":"https:\/\/www.facebook.com\/Feng-Shui-Focus-176469115722739\/?hc_ref=ARQeIaM_dqGJoG1GyHcEnC9wqA9DE2VYU7MZosxhMrw4oVdQfkxNRxrsDKl-F7yxicA","article_modified_time":"2026-03-24T04:04:40+00:00","og_image":[{"width":708,"height":708,"url":"https:\/\/fengshuifocus.com.sg\/wp-content\/uploads\/2025\/12\/3-Celestial-Guardians-Card-2026.jpg","type":"image\/jpeg"}],"twitter_card":"summary_large_image","twitter_site":"@FengShuiFocus","twitter_misc":{"Gesch\u00e4tzte Lesezeit":"1\u00a0Minute"},"schema":{"@context":"https:\/\/schema.org","@graph":[{"@type":"WebPage","@id":"https:\/\/fengshuifocus.com.sg\/shop\/protection\/3-celestial-guardians-card\/","url":"https:\/\/fengshuifocus.com.sg\/shop\/protection\/3-celestial-guardians-card\/","name":"3 Celestial Guardians Card &#8212; Feng Shui Focus","isPartOf":{"@id":"https:\/\/fengshuifocus.com.sg\/de\/#website"},"primaryImageOfPage":{"@id":"https:\/\/fengshuifocus.com.sg\/shop\/protection\/3-celestial-guardians-card\/#primaryimage"},"image":{"@id":"https:\/\/fengshuifocus.com.sg\/shop\/protection\/3-celestial-guardians-card\/#primaryimage"},"thumbnailUrl":"https:\/\/fengshuifocus.com.sg\/wp-content\/uploads\/2025\/12\/3-Celestial-Guardians-Card-2026.jpg","datePublished":"2025-12-06T22:37:46+00:00","dateModified":"2026-03-24T04:04:40+00:00","description":"This is a miniature version of the protective 3 Celestial Guardians Plaque featuring three powerful celestial guardians \u2013 the Chi Lin, Pi Yao, and Fu Dog \u2013 long admired in Feng Shui for their ability to pacify the Three Killings","breadcrumb":{"@id":"https:\/\/fengshuifocus.com.sg\/shop\/protection\/3-celestial-guardians-card\/#breadcrumb"},"inLanguage":"de","potentialAction":[{"@type":"ReadAction","target":["https:\/\/fengshuifocus.com.sg\/shop\/protection\/3-celestial-guardians-card\/"]}]},{"@type":"ImageObject","inLanguage":"de","@id":"https:\/\/fengshuifocus.com.sg\/shop\/protection\/3-celestial-guardians-card\/#primaryimage","url":"https:\/\/fengshuifocus.com.sg\/wp-content\/uploads\/2025\/12\/3-Celestial-Guardians-Card-2026.jpg","contentUrl":"https:\/\/fengshuifocus.com.sg\/wp-content\/uploads\/2025\/12\/3-Celestial-Guardians-Card-2026.jpg","width":708,"height":708,"caption":"3 Celestial Guardians Card 2026"},{"@type":"BreadcrumbList","@id":"https:\/\/fengshuifocus.com.sg\/shop\/protection\/3-celestial-guardians-card\/#breadcrumb","itemListElement":[{"@type":"ListItem","position":1,"name":"Home","item":"https:\/\/fengshuifocus.com.sg\/"},{"@type":"ListItem","position":2,"name":"Feng Shui Focus Online Shop","item":"https:\/\/fengshuifocus.com.sg\/de\/shop\/"},{"@type":"ListItem","position":3,"name":"3 Celestial Guardians Card"}]},{"@type":"WebSite","@id":"https:\/\/fengshuifocus.com.sg\/de\/#website","url":"https:\/\/fengshuifocus.com.sg\/de\/","name":"Feng Shui Focus","description":"Praktische L\u00f6sungen f\u00fcr das moderne Zuhause und B\u00fcro","potentialAction":[{"@type":"SearchAction","target":{"@type":"EntryPoint","urlTemplate":"https:\/\/fengshuifocus.com.sg\/de\/?s={search_term_string}"},"query-input":{"@type":"PropertyValueSpecification","valueRequired":true,"valueName":"search_term_string"}}],"inLanguage":"de"}]}},"post_mailing_queue_ids":[],"_links":{"self":[{"href":"https:\/\/fengshuifocus.com.sg\/de\/wp-json\/wp\/v2\/product\/13581","targetHints":{"allow":["GET"]}}],"collection":[{"href":"https:\/\/fengshuifocus.com.sg\/de\/wp-json\/wp\/v2\/product"}],"about":[{"href":"https:\/\/fengshuifocus.com.sg\/de\/wp-json\/wp\/v2\/types\/product"}],"wp:featuredmedia":[{"embeddable":true,"href":"https:\/\/fengshuifocus.com.sg\/de\/wp-json\/wp\/v2\/media\/13583"}],"wp:attachment":[{"href":"https:\/\/fengshuifocus.com.sg\/de\/wp-json\/wp\/v2\/media?parent=13581"}],"wp:term":[{"taxonomy":"product_brand","embeddable":true,"href":"https:\/\/fengshuifocus.com.sg\/de\/wp-json\/wp\/v2\/product_brand?post=13581"},{"taxonomy":"product_cat","embeddable":true,"href":"https:\/\/fengshuifocus.com.sg\/de\/wp-json\/wp\/v2\/product_cat?post=13581"},{"taxonomy":"product_tag","embeddable":true,"href":"https:\/\/fengshuifocus.com.sg\/de\/wp-json\/wp\/v2\/product_tag?post=13581"}],"curies":[{"name":"wp","href":"https:\/\/api.w.org\/{rel}","templated":true}]}}