{"id":13586,"date":"2025-12-07T16:02:03","date_gmt":"2025-12-07T15:02:03","guid":{"rendered":"https:\/\/fengshuifocus.com.sg\/?post_type=product&#038;p=13586"},"modified":"2025-12-07T16:02:04","modified_gmt":"2025-12-07T15:02:04","slug":"sky-bull","status":"publish","type":"product","link":"https:\/\/fengshuifocus.com.sg\/de\/shop\/wealth\/sky-bull\/","title":{"rendered":"Sky Bull"},"content":{"rendered":"<p>The Sky Bull is the second animal in the Black Tortoise Constellation \u2013 a powerful celestial symbol of prosperity, forward momentum, and auspicious timing. In 2026, it becomes even more favourable thanks to the arrival of the No 8 Wealth Star in the EAST, making it an excellent enhancer for growing your assets and attracting new financial opportunities.<\/p>\n<p>Its body is decorated with flowing water-wave patterns, symbolising the Water element \u2013 an element that is not only missing in 2026 but also the one that governs the year\u2019s wealth energy. Because of this, the Sky Bull plays an important role in restoring the element balance and boosting your money luck.<\/p>\n<p>This magnificent sky creature embodies the energy of a strong, rising market \u2013 perfect for anyone involved in investing, trading, or expanding their financial portfolio. As a sky animal, it is believed to help you with divine timing, assisting you to make the right moves at the right moment.<\/p>\n<p><strong>In 2026, the best place for the Sky Bull is in the EAST to activate the No 8 Wealth Star, or in the SE to tap into the No 9 Star of Current Prosperity<\/strong>.<\/p>\n<span class=\"\" style=\"display:block;clear:both;height: 0px;padding-top: 20px;border-top-width:0px;border-bottom-width:0px;\"><\/span>\n<p>Measurements: \u00a0\u00a0 approx. H 8cm x L 10cm x W 7cm<\/p>\n<span class=\"\" style=\"display:block;clear:both;height: 0px;padding-top: 20px;border-top-width:0px;border-bottom-width:0px;\"><\/span>\n","protected":false},"excerpt":{"rendered":"<p>The Sky Bull is the second animal in the Black Tortoise Constellation \u2013 a powerful celestial symbol of prosperity, forward momentum, and auspicious timing. In 2026, it becomes even more favourable thanks to the arrival of the No 8 Wealth Star in the EAST, making it an excellent enhancer for growing your assets and attracting new financial opportunities.<\/p>\n<p>Its body is decorated with flowing water-wave patterns, symbolising the Water element \u2013 an element that is not only missing in 2026 but also the one that governs the year\u2019s wealth energy. Because of this, the Sky Bull plays an important role in restoring the element balance and boosting your money luck.<\/p>\n[spacer height=\"20px\"]\n","protected":false},"featured_media":13587,"template":"","meta":{"kt_blocks_editor_width":"","_monsterinsights_skip_tracking":false,"_monsterinsights_sitenote_active":false,"_monsterinsights_sitenote_note":"","_monsterinsights_sitenote_category":0},"product_brand":[],"product_cat":[378,375,844],"product_tag":[624,417,854,607,385,440,475,855,386],"class_list":{"0":"post-13586","1":"product","2":"type-product","3":"status-publish","4":"has-post-thumbnail","6":"product_cat-feng-shui-home","7":"product_cat-wealth","8":"product_cat-year-of-the-horse","9":"product_tag-bull","10":"product_tag-good-fortune","11":"product_tag-investing","12":"product_tag-money","13":"product_tag-prosperity","14":"product_tag-stock-market","15":"product_tag-timing","16":"product_tag-trading","17":"product_tag-wealth","19":"first","20":"instock","21":"shipping-taxable","22":"purchasable","23":"product-type-simple"},"translation":{"provider":"WPGlobus","version":"3.0.0","language":"de","enabled_languages":["en","de"],"languages":{"en":{"title":true,"content":true,"excerpt":true},"de":{"title":false,"content":false,"excerpt":false}}},"yoast_head":"<!-- This site is optimized with the Yoast SEO plugin v26.4 - https:\/\/yoast.com\/wordpress\/plugins\/seo\/ -->\n<title>Sky Bull &#8212; Feng Shui Focus<\/title>\n<meta name=\"robots\" content=\"index, follow, max-snippet:-1, max-image-preview:large, max-video-preview:-1\" \/>\n<link rel=\"canonical\" href=\"https:\/\/fengshuifocus.com.sg\/de\/shop\/wealth\/sky-bull\/\" \/>\n<meta property=\"og:locale\" content=\"de_DE\" \/>\n<meta property=\"og:type\" content=\"article\" \/>\n<meta property=\"og:title\" content=\"Sky Bull\" \/>\n<meta property=\"og:description\" content=\"The Sky Bull is the second animal in the Black Tortoise Constellation \u2013 a powerful celestial symbol of prosperity, forward momentum, and auspicious timing.\" \/>\n<meta property=\"og:url\" content=\"https:\/\/fengshuifocus.com.sg\/de\/shop\/wealth\/sky-bull\/\" \/>\n<meta property=\"og:site_name\" content=\"Feng Shui Focus\" \/>\n<meta property=\"article:publisher\" content=\"https:\/\/www.facebook.com\/Feng-Shui-Focus-176469115722739\/?hc_ref=ARQeIaM_dqGJoG1GyHcEnC9wqA9DE2VYU7MZosxhMrw4oVdQfkxNRxrsDKl-F7yxicA\" \/>\n<meta property=\"article:modified_time\" content=\"2025-12-07T15:02:04+00:00\" \/>\n<meta property=\"og:image\" content=\"https:\/\/fengshuifocus.com.sg\/wp-content\/uploads\/2025\/12\/Sky-Bull-Lifestyle-2-sq-450x450.jpg\" \/>\n\t<meta property=\"og:image:width\" content=\"791\" \/>\n\t<meta property=\"og:image:height\" content=\"791\" \/>\n\t<meta property=\"og:image:type\" content=\"image\/jpeg\" \/>\n<meta name=\"twitter:card\" content=\"summary_large_image\" \/>\n<meta name=\"twitter:site\" content=\"@FengShuiFocus\" \/>\n<meta name=\"twitter:label1\" content=\"Gesch\u00e4tzte Lesezeit\" \/>\n\t<meta name=\"twitter:data1\" content=\"1\u00a0Minute\" \/>\n<script type=\"application\/ld+json\" class=\"yoast-schema-graph\">{\"@context\":\"https:\/\/schema.org\",\"@graph\":[{\"@type\":\"WebPage\",\"@id\":\"https:\/\/fengshuifocus.com.sg\/de\/shop\/wealth\/sky-bull\/\",\"url\":\"https:\/\/fengshuifocus.com.sg\/de\/shop\/wealth\/sky-bull\/\",\"name\":\"Sky Bull &#8212; Feng Shui Focus\",\"isPartOf\":{\"@id\":\"https:\/\/fengshuifocus.com.sg\/de\/#website\"},\"primaryImageOfPage\":{\"@id\":\"https:\/\/fengshuifocus.com.sg\/de\/shop\/wealth\/sky-bull\/#primaryimage\"},\"image\":{\"@id\":\"https:\/\/fengshuifocus.com.sg\/de\/shop\/wealth\/sky-bull\/#primaryimage\"},\"thumbnailUrl\":\"https:\/\/fengshuifocus.com.sg\/wp-content\/uploads\/2025\/12\/Sky-Bull-1.jpg\",\"datePublished\":\"2025-12-07T15:02:03+00:00\",\"dateModified\":\"2025-12-07T15:02:04+00:00\",\"description\":\"The Sky Bull is the second animal in the Black Tortoise Constellation \u2013 a powerful celestial symbol of prosperity, forward momentum, and auspicious timing.\",\"breadcrumb\":{\"@id\":\"https:\/\/fengshuifocus.com.sg\/de\/shop\/wealth\/sky-bull\/#breadcrumb\"},\"inLanguage\":\"de\",\"potentialAction\":[{\"@type\":\"ReadAction\",\"target\":[\"https:\/\/fengshuifocus.com.sg\/de\/shop\/wealth\/sky-bull\/\"]}]},{\"@type\":\"ImageObject\",\"inLanguage\":\"de\",\"@id\":\"https:\/\/fengshuifocus.com.sg\/de\/shop\/wealth\/sky-bull\/#primaryimage\",\"url\":\"https:\/\/fengshuifocus.com.sg\/wp-content\/uploads\/2025\/12\/Sky-Bull-1.jpg\",\"contentUrl\":\"https:\/\/fengshuifocus.com.sg\/wp-content\/uploads\/2025\/12\/Sky-Bull-1.jpg\",\"width\":608,\"height\":608,\"caption\":\"Sky Bull\"},{\"@type\":\"BreadcrumbList\",\"@id\":\"https:\/\/fengshuifocus.com.sg\/de\/shop\/wealth\/sky-bull\/#breadcrumb\",\"itemListElement\":[{\"@type\":\"ListItem\",\"position\":1,\"name\":\"Home\",\"item\":\"https:\/\/fengshuifocus.com.sg\/\"},{\"@type\":\"ListItem\",\"position\":2,\"name\":\"Feng Shui Focus Online Shop\",\"item\":\"https:\/\/fengshuifocus.com.sg\/de\/shop\/\"},{\"@type\":\"ListItem\",\"position\":3,\"name\":\"Sky Bull\"}]},{\"@type\":\"WebSite\",\"@id\":\"https:\/\/fengshuifocus.com.sg\/de\/#website\",\"url\":\"https:\/\/fengshuifocus.com.sg\/de\/\",\"name\":\"Feng Shui Focus\",\"description\":\"Praktische L\u00f6sungen f\u00fcr das moderne Zuhause und B\u00fcro\",\"potentialAction\":[{\"@type\":\"SearchAction\",\"target\":{\"@type\":\"EntryPoint\",\"urlTemplate\":\"https:\/\/fengshuifocus.com.sg\/de\/?s={search_term_string}\"},\"query-input\":{\"@type\":\"PropertyValueSpecification\",\"valueRequired\":true,\"valueName\":\"search_term_string\"}}],\"inLanguage\":\"de\"}]}<\/script>\n<!-- \/ Yoast SEO plugin. -->","yoast_head_json":{"title":"Sky Bull &#8212; Feng Shui Focus","robots":{"index":"index","follow":"follow","max-snippet":"max-snippet:-1","max-image-preview":"max-image-preview:large","max-video-preview":"max-video-preview:-1"},"canonical":"https:\/\/fengshuifocus.com.sg\/de\/shop\/wealth\/sky-bull\/","og_locale":"de_DE","og_type":"article","og_title":"Sky Bull","og_description":"The Sky Bull is the second animal in the Black Tortoise Constellation \u2013 a powerful celestial symbol of prosperity, forward momentum, and auspicious timing.","og_url":"https:\/\/fengshuifocus.com.sg\/de\/shop\/wealth\/sky-bull\/","og_site_name":"Feng Shui Focus","article_publisher":"https:\/\/www.facebook.com\/Feng-Shui-Focus-176469115722739\/?hc_ref=ARQeIaM_dqGJoG1GyHcEnC9wqA9DE2VYU7MZosxhMrw4oVdQfkxNRxrsDKl-F7yxicA","article_modified_time":"2025-12-07T15:02:04+00:00","og_image":[{"width":791,"height":791,"url":"https:\/\/fengshuifocus.com.sg\/wp-content\/uploads\/2025\/12\/Sky-Bull-Lifestyle-2-sq-450x450.jpg","type":"image\/jpeg"}],"twitter_card":"summary_large_image","twitter_site":"@FengShuiFocus","twitter_misc":{"Gesch\u00e4tzte Lesezeit":"1\u00a0Minute"},"schema":{"@context":"https:\/\/schema.org","@graph":[{"@type":"WebPage","@id":"https:\/\/fengshuifocus.com.sg\/de\/shop\/wealth\/sky-bull\/","url":"https:\/\/fengshuifocus.com.sg\/de\/shop\/wealth\/sky-bull\/","name":"Sky Bull &#8212; Feng Shui Focus","isPartOf":{"@id":"https:\/\/fengshuifocus.com.sg\/de\/#website"},"primaryImageOfPage":{"@id":"https:\/\/fengshuifocus.com.sg\/de\/shop\/wealth\/sky-bull\/#primaryimage"},"image":{"@id":"https:\/\/fengshuifocus.com.sg\/de\/shop\/wealth\/sky-bull\/#primaryimage"},"thumbnailUrl":"https:\/\/fengshuifocus.com.sg\/wp-content\/uploads\/2025\/12\/Sky-Bull-1.jpg","datePublished":"2025-12-07T15:02:03+00:00","dateModified":"2025-12-07T15:02:04+00:00","description":"The Sky Bull is the second animal in the Black Tortoise Constellation \u2013 a powerful celestial symbol of prosperity, forward momentum, and auspicious timing.","breadcrumb":{"@id":"https:\/\/fengshuifocus.com.sg\/de\/shop\/wealth\/sky-bull\/#breadcrumb"},"inLanguage":"de","potentialAction":[{"@type":"ReadAction","target":["https:\/\/fengshuifocus.com.sg\/de\/shop\/wealth\/sky-bull\/"]}]},{"@type":"ImageObject","inLanguage":"de","@id":"https:\/\/fengshuifocus.com.sg\/de\/shop\/wealth\/sky-bull\/#primaryimage","url":"https:\/\/fengshuifocus.com.sg\/wp-content\/uploads\/2025\/12\/Sky-Bull-1.jpg","contentUrl":"https:\/\/fengshuifocus.com.sg\/wp-content\/uploads\/2025\/12\/Sky-Bull-1.jpg","width":608,"height":608,"caption":"Sky Bull"},{"@type":"BreadcrumbList","@id":"https:\/\/fengshuifocus.com.sg\/de\/shop\/wealth\/sky-bull\/#breadcrumb","itemListElement":[{"@type":"ListItem","position":1,"name":"Home","item":"https:\/\/fengshuifocus.com.sg\/"},{"@type":"ListItem","position":2,"name":"Feng Shui Focus Online Shop","item":"https:\/\/fengshuifocus.com.sg\/de\/shop\/"},{"@type":"ListItem","position":3,"name":"Sky Bull"}]},{"@type":"WebSite","@id":"https:\/\/fengshuifocus.com.sg\/de\/#website","url":"https:\/\/fengshuifocus.com.sg\/de\/","name":"Feng Shui Focus","description":"Praktische L\u00f6sungen f\u00fcr das moderne Zuhause und B\u00fcro","potentialAction":[{"@type":"SearchAction","target":{"@type":"EntryPoint","urlTemplate":"https:\/\/fengshuifocus.com.sg\/de\/?s={search_term_string}"},"query-input":{"@type":"PropertyValueSpecification","valueRequired":true,"valueName":"search_term_string"}}],"inLanguage":"de"}]}},"post_mailing_queue_ids":[],"_links":{"self":[{"href":"https:\/\/fengshuifocus.com.sg\/de\/wp-json\/wp\/v2\/product\/13586","targetHints":{"allow":["GET"]}}],"collection":[{"href":"https:\/\/fengshuifocus.com.sg\/de\/wp-json\/wp\/v2\/product"}],"about":[{"href":"https:\/\/fengshuifocus.com.sg\/de\/wp-json\/wp\/v2\/types\/product"}],"wp:featuredmedia":[{"embeddable":true,"href":"https:\/\/fengshuifocus.com.sg\/de\/wp-json\/wp\/v2\/media\/13587"}],"wp:attachment":[{"href":"https:\/\/fengshuifocus.com.sg\/de\/wp-json\/wp\/v2\/media?parent=13586"}],"wp:term":[{"taxonomy":"product_brand","embeddable":true,"href":"https:\/\/fengshuifocus.com.sg\/de\/wp-json\/wp\/v2\/product_brand?post=13586"},{"taxonomy":"product_cat","embeddable":true,"href":"https:\/\/fengshuifocus.com.sg\/de\/wp-json\/wp\/v2\/product_cat?post=13586"},{"taxonomy":"product_tag","embeddable":true,"href":"https:\/\/fengshuifocus.com.sg\/de\/wp-json\/wp\/v2\/product_tag?post=13586"}],"curies":[{"name":"wp","href":"https:\/\/api.w.org\/{rel}","templated":true}]}}