{"id":13603,"date":"2025-12-07T22:11:49","date_gmt":"2025-12-07T21:11:49","guid":{"rendered":"https:\/\/fengshuifocus.com.sg\/?post_type=product&#038;p=13603"},"modified":"2026-02-17T14:39:03","modified_gmt":"2026-02-17T13:39:03","slug":"perfect-10-amulet","status":"publish","type":"product","link":"https:\/\/fengshuifocus.com.sg\/de\/shop\/career-success\/perfect-10-amulet\/","title":{"rendered":"Perfect 10 Amulet"},"content":{"rendered":"<p>This amulet has been designed specifically to harness the \u201cSum of Ten\u201d energy of the year 2026, which is formed by the annual No 1 Victory Star and the No 9 Period Star in the CENTRE. The \u201cSum of Ten\u201d is an extremely auspicious combination, which helps you conclude all your endeavours with success, e.g. achieve your goals, close deals, or complete important projects with excellence.<\/p>\n<p>Created in a combination of bright red and gold colours, the amulet features a Completion Horse on one side and the Sum of Ten grid on the other side.<\/p>\n<p><strong>EVERYBODY can benefit from the \u201cSum of Ten\u201d luck this year, so this amulet is highly recommended for anyone who wants to bring their plans to a successful completion.<\/strong><\/p>\n<span class=\"\" style=\"display:block;clear:both;height: 0px;padding-top: 20px;border-top-width:0px;border-bottom-width:0px;\"><\/span>\n<p>Measurements: \u00a0\u00a0 approx. diameter 5cm without chain<\/p>\n<span class=\"\" style=\"display:block;clear:both;height: 0px;padding-top: 20px;border-top-width:0px;border-bottom-width:0px;\"><\/span>\n","protected":false},"excerpt":{"rendered":"<p>This amulet has been designed specifically to harness the \u201cSum of Ten\u201d energy of the year 2026, which is formed by the annual No 1 Victory Star and the No 9 Period Star in the CENTRE. The \u201cSum of Ten\u201d is an extremely auspicious combination, which helps you conclude all your endeavours with success, e.g. achieve your goals, close deals, or complete important projects with excellence.<\/p>\n<p>Created in a combination of bright red and gold colours, the amulet features a Completion Horse on one side and the Sum of Ten grid on the other side.<\/p>\n[spacer height=\"20px\"]\n","protected":false},"featured_media":13605,"template":"","meta":{"kt_blocks_editor_width":"","_monsterinsights_skip_tracking":false,"_monsterinsights_sitenote_active":false,"_monsterinsights_sitenote_note":"","_monsterinsights_sitenote_category":0},"product_brand":[],"product_cat":[376,844],"product_tag":[609,604,410],"class_list":{"0":"post-13603","1":"product","2":"type-product","3":"status-publish","4":"has-post-thumbnail","6":"product_cat-career-success","7":"product_cat-year-of-the-horse","8":"product_tag-completion","9":"product_tag-goals","10":"product_tag-success","12":"first","13":"outofstock","14":"shipping-taxable","15":"purchasable","16":"product-type-simple"},"translation":{"provider":"WPGlobus","version":"3.0.0","language":"de","enabled_languages":["en","de"],"languages":{"en":{"title":true,"content":true,"excerpt":true},"de":{"title":false,"content":false,"excerpt":false}}},"yoast_head":"<!-- This site is optimized with the Yoast SEO plugin v26.4 - https:\/\/yoast.com\/wordpress\/plugins\/seo\/ -->\n<title>Perfect 10 Amulet &#8212; Feng Shui Focus<\/title>\n<meta name=\"robots\" content=\"index, follow, max-snippet:-1, max-image-preview:large, max-video-preview:-1\" \/>\n<link rel=\"canonical\" href=\"https:\/\/fengshuifocus.com.sg\/de\/shop\/career-success\/perfect-10-amulet\/\" \/>\n<meta property=\"og:locale\" content=\"de_DE\" \/>\n<meta property=\"og:type\" content=\"article\" \/>\n<meta property=\"og:title\" content=\"Perfect 10 Amulet\" \/>\n<meta property=\"og:description\" content=\"This amulet has been designed specifically to harness the \u201cSum of Ten\u201d energy of the year 2026, which is formed by the annual No 1 Victory Star and the No 9 Period Star in the CENTRE.\" \/>\n<meta property=\"og:url\" content=\"https:\/\/fengshuifocus.com.sg\/de\/shop\/career-success\/perfect-10-amulet\/\" \/>\n<meta property=\"og:site_name\" content=\"Feng Shui Focus\" \/>\n<meta property=\"article:publisher\" content=\"https:\/\/www.facebook.com\/Feng-Shui-Focus-176469115722739\/?hc_ref=ARQeIaM_dqGJoG1GyHcEnC9wqA9DE2VYU7MZosxhMrw4oVdQfkxNRxrsDKl-F7yxicA\" \/>\n<meta property=\"article:modified_time\" content=\"2026-02-17T13:39:03+00:00\" \/>\n<meta property=\"og:image\" content=\"https:\/\/fengshuifocus.com.sg\/wp-content\/uploads\/2025\/12\/Perfect-10-Amulet-Lifestyle-sq-450x450.jpg\" \/>\n\t<meta property=\"og:image:width\" content=\"1024\" \/>\n\t<meta property=\"og:image:height\" content=\"1024\" \/>\n\t<meta property=\"og:image:type\" content=\"image\/jpeg\" \/>\n<meta name=\"twitter:card\" content=\"summary_large_image\" \/>\n<meta name=\"twitter:site\" content=\"@FengShuiFocus\" \/>\n<meta name=\"twitter:label1\" content=\"Gesch\u00e4tzte Lesezeit\" \/>\n\t<meta name=\"twitter:data1\" content=\"1\u00a0Minute\" \/>\n<script type=\"application\/ld+json\" class=\"yoast-schema-graph\">{\"@context\":\"https:\/\/schema.org\",\"@graph\":[{\"@type\":\"WebPage\",\"@id\":\"https:\/\/fengshuifocus.com.sg\/de\/shop\/career-success\/perfect-10-amulet\/\",\"url\":\"https:\/\/fengshuifocus.com.sg\/de\/shop\/career-success\/perfect-10-amulet\/\",\"name\":\"Perfect 10 Amulet &#8212; Feng Shui Focus\",\"isPartOf\":{\"@id\":\"https:\/\/fengshuifocus.com.sg\/de\/#website\"},\"primaryImageOfPage\":{\"@id\":\"https:\/\/fengshuifocus.com.sg\/de\/shop\/career-success\/perfect-10-amulet\/#primaryimage\"},\"image\":{\"@id\":\"https:\/\/fengshuifocus.com.sg\/de\/shop\/career-success\/perfect-10-amulet\/#primaryimage\"},\"thumbnailUrl\":\"https:\/\/fengshuifocus.com.sg\/wp-content\/uploads\/2025\/12\/Perfect-10-Amulet-front.jpg\",\"datePublished\":\"2025-12-07T21:11:49+00:00\",\"dateModified\":\"2026-02-17T13:39:03+00:00\",\"description\":\"This amulet has been designed specifically to harness the \u201cSum of Ten\u201d energy of the year 2026, which is formed by the annual No 1 Victory Star and the No 9 Period Star in the CENTRE.\",\"breadcrumb\":{\"@id\":\"https:\/\/fengshuifocus.com.sg\/de\/shop\/career-success\/perfect-10-amulet\/#breadcrumb\"},\"inLanguage\":\"de\",\"potentialAction\":[{\"@type\":\"ReadAction\",\"target\":[\"https:\/\/fengshuifocus.com.sg\/de\/shop\/career-success\/perfect-10-amulet\/\"]}]},{\"@type\":\"ImageObject\",\"inLanguage\":\"de\",\"@id\":\"https:\/\/fengshuifocus.com.sg\/de\/shop\/career-success\/perfect-10-amulet\/#primaryimage\",\"url\":\"https:\/\/fengshuifocus.com.sg\/wp-content\/uploads\/2025\/12\/Perfect-10-Amulet-front.jpg\",\"contentUrl\":\"https:\/\/fengshuifocus.com.sg\/wp-content\/uploads\/2025\/12\/Perfect-10-Amulet-front.jpg\",\"width\":713,\"height\":713,\"caption\":\"Perfect 10 Amulet front\"},{\"@type\":\"BreadcrumbList\",\"@id\":\"https:\/\/fengshuifocus.com.sg\/de\/shop\/career-success\/perfect-10-amulet\/#breadcrumb\",\"itemListElement\":[{\"@type\":\"ListItem\",\"position\":1,\"name\":\"Home\",\"item\":\"https:\/\/fengshuifocus.com.sg\/\"},{\"@type\":\"ListItem\",\"position\":2,\"name\":\"Feng Shui Focus Online Shop\",\"item\":\"https:\/\/fengshuifocus.com.sg\/de\/shop\/\"},{\"@type\":\"ListItem\",\"position\":3,\"name\":\"Perfect 10 Amulet\"}]},{\"@type\":\"WebSite\",\"@id\":\"https:\/\/fengshuifocus.com.sg\/de\/#website\",\"url\":\"https:\/\/fengshuifocus.com.sg\/de\/\",\"name\":\"Feng Shui Focus\",\"description\":\"Praktische L\u00f6sungen f\u00fcr das moderne Zuhause und B\u00fcro\",\"potentialAction\":[{\"@type\":\"SearchAction\",\"target\":{\"@type\":\"EntryPoint\",\"urlTemplate\":\"https:\/\/fengshuifocus.com.sg\/de\/?s={search_term_string}\"},\"query-input\":{\"@type\":\"PropertyValueSpecification\",\"valueRequired\":true,\"valueName\":\"search_term_string\"}}],\"inLanguage\":\"de\"}]}<\/script>\n<!-- \/ Yoast SEO plugin. -->","yoast_head_json":{"title":"Perfect 10 Amulet &#8212; Feng Shui Focus","robots":{"index":"index","follow":"follow","max-snippet":"max-snippet:-1","max-image-preview":"max-image-preview:large","max-video-preview":"max-video-preview:-1"},"canonical":"https:\/\/fengshuifocus.com.sg\/de\/shop\/career-success\/perfect-10-amulet\/","og_locale":"de_DE","og_type":"article","og_title":"Perfect 10 Amulet","og_description":"This amulet has been designed specifically to harness the \u201cSum of Ten\u201d energy of the year 2026, which is formed by the annual No 1 Victory Star and the No 9 Period Star in the CENTRE.","og_url":"https:\/\/fengshuifocus.com.sg\/de\/shop\/career-success\/perfect-10-amulet\/","og_site_name":"Feng Shui Focus","article_publisher":"https:\/\/www.facebook.com\/Feng-Shui-Focus-176469115722739\/?hc_ref=ARQeIaM_dqGJoG1GyHcEnC9wqA9DE2VYU7MZosxhMrw4oVdQfkxNRxrsDKl-F7yxicA","article_modified_time":"2026-02-17T13:39:03+00:00","og_image":[{"width":1024,"height":1024,"url":"https:\/\/fengshuifocus.com.sg\/wp-content\/uploads\/2025\/12\/Perfect-10-Amulet-Lifestyle-sq-450x450.jpg","type":"image\/jpeg"}],"twitter_card":"summary_large_image","twitter_site":"@FengShuiFocus","twitter_misc":{"Gesch\u00e4tzte Lesezeit":"1\u00a0Minute"},"schema":{"@context":"https:\/\/schema.org","@graph":[{"@type":"WebPage","@id":"https:\/\/fengshuifocus.com.sg\/de\/shop\/career-success\/perfect-10-amulet\/","url":"https:\/\/fengshuifocus.com.sg\/de\/shop\/career-success\/perfect-10-amulet\/","name":"Perfect 10 Amulet &#8212; Feng Shui Focus","isPartOf":{"@id":"https:\/\/fengshuifocus.com.sg\/de\/#website"},"primaryImageOfPage":{"@id":"https:\/\/fengshuifocus.com.sg\/de\/shop\/career-success\/perfect-10-amulet\/#primaryimage"},"image":{"@id":"https:\/\/fengshuifocus.com.sg\/de\/shop\/career-success\/perfect-10-amulet\/#primaryimage"},"thumbnailUrl":"https:\/\/fengshuifocus.com.sg\/wp-content\/uploads\/2025\/12\/Perfect-10-Amulet-front.jpg","datePublished":"2025-12-07T21:11:49+00:00","dateModified":"2026-02-17T13:39:03+00:00","description":"This amulet has been designed specifically to harness the \u201cSum of Ten\u201d energy of the year 2026, which is formed by the annual No 1 Victory Star and the No 9 Period Star in the CENTRE.","breadcrumb":{"@id":"https:\/\/fengshuifocus.com.sg\/de\/shop\/career-success\/perfect-10-amulet\/#breadcrumb"},"inLanguage":"de","potentialAction":[{"@type":"ReadAction","target":["https:\/\/fengshuifocus.com.sg\/de\/shop\/career-success\/perfect-10-amulet\/"]}]},{"@type":"ImageObject","inLanguage":"de","@id":"https:\/\/fengshuifocus.com.sg\/de\/shop\/career-success\/perfect-10-amulet\/#primaryimage","url":"https:\/\/fengshuifocus.com.sg\/wp-content\/uploads\/2025\/12\/Perfect-10-Amulet-front.jpg","contentUrl":"https:\/\/fengshuifocus.com.sg\/wp-content\/uploads\/2025\/12\/Perfect-10-Amulet-front.jpg","width":713,"height":713,"caption":"Perfect 10 Amulet front"},{"@type":"BreadcrumbList","@id":"https:\/\/fengshuifocus.com.sg\/de\/shop\/career-success\/perfect-10-amulet\/#breadcrumb","itemListElement":[{"@type":"ListItem","position":1,"name":"Home","item":"https:\/\/fengshuifocus.com.sg\/"},{"@type":"ListItem","position":2,"name":"Feng Shui Focus Online Shop","item":"https:\/\/fengshuifocus.com.sg\/de\/shop\/"},{"@type":"ListItem","position":3,"name":"Perfect 10 Amulet"}]},{"@type":"WebSite","@id":"https:\/\/fengshuifocus.com.sg\/de\/#website","url":"https:\/\/fengshuifocus.com.sg\/de\/","name":"Feng Shui Focus","description":"Praktische L\u00f6sungen f\u00fcr das moderne Zuhause und B\u00fcro","potentialAction":[{"@type":"SearchAction","target":{"@type":"EntryPoint","urlTemplate":"https:\/\/fengshuifocus.com.sg\/de\/?s={search_term_string}"},"query-input":{"@type":"PropertyValueSpecification","valueRequired":true,"valueName":"search_term_string"}}],"inLanguage":"de"}]}},"post_mailing_queue_ids":[],"_links":{"self":[{"href":"https:\/\/fengshuifocus.com.sg\/de\/wp-json\/wp\/v2\/product\/13603","targetHints":{"allow":["GET"]}}],"collection":[{"href":"https:\/\/fengshuifocus.com.sg\/de\/wp-json\/wp\/v2\/product"}],"about":[{"href":"https:\/\/fengshuifocus.com.sg\/de\/wp-json\/wp\/v2\/types\/product"}],"wp:featuredmedia":[{"embeddable":true,"href":"https:\/\/fengshuifocus.com.sg\/de\/wp-json\/wp\/v2\/media\/13605"}],"wp:attachment":[{"href":"https:\/\/fengshuifocus.com.sg\/de\/wp-json\/wp\/v2\/media?parent=13603"}],"wp:term":[{"taxonomy":"product_brand","embeddable":true,"href":"https:\/\/fengshuifocus.com.sg\/de\/wp-json\/wp\/v2\/product_brand?post=13603"},{"taxonomy":"product_cat","embeddable":true,"href":"https:\/\/fengshuifocus.com.sg\/de\/wp-json\/wp\/v2\/product_cat?post=13603"},{"taxonomy":"product_tag","embeddable":true,"href":"https:\/\/fengshuifocus.com.sg\/de\/wp-json\/wp\/v2\/product_tag?post=13603"}],"curies":[{"name":"wp","href":"https:\/\/api.w.org\/{rel}","templated":true}]}}