{"id":13612,"date":"2025-12-07T22:21:59","date_gmt":"2025-12-07T21:21:59","guid":{"rendered":"https:\/\/fengshuifocus.com.sg\/?post_type=product&#038;p=13612"},"modified":"2025-12-16T17:15:37","modified_gmt":"2025-12-16T16:15:37","slug":"double-happiness-love-talisman","status":"publish","type":"product","link":"https:\/\/fengshuifocus.com.sg\/de\/shop\/love\/double-happiness-love-talisman\/","title":{"rendered":"Double Happiness Love Talisman"},"content":{"rendered":"<p>This super pretty love amulet features the Double Happiness symbol, a classic Chinese symbol of ever-lasting love and joyful unions, as well as a pink peony, the flower of love. Both being a heart shape, the transmit the message \u201cXin Xin Xiang Yin\u201d, which translates to \u201cheart to heart in perfect harmony\u201d \u2013 what better way to express the deep love bond between two partners!<\/p>\n<p>This is an ideal amulet for singles who are looking for their soulmate, a true love that will last and bring eternal happiness.<\/p>\n<span class=\"\" style=\"display:block;clear:both;height: 0px;padding-top: 20px;border-top-width:0px;border-bottom-width:0px;\"><\/span>\n<p>Measurements:\u00a0 \u00a0Peony approx. \u00a0H 4.9cm x W 4.9cm<\/p>\n<p>Heart approx.\u00a0 \u00a0 \u00a0 H 4.2cm x W 4.2cm without chain<\/p>\n<span class=\"\" style=\"display:block;clear:both;height: 0px;padding-top: 20px;border-top-width:0px;border-bottom-width:0px;\"><\/span>\n","protected":false},"excerpt":{"rendered":"<p>This super pretty love amulet features the Double Happiness symbol, a classic Chinese symbol of ever-lasting love and joyful unions, as well as a pink peony, the flower of love. Both being a heart shape, the transmit the message \u201cXin Xin Xiang Yin\u201d, which translates to \u201cheart to heart in perfect harmony\u201d \u2013 what better way to express the deep love bond between two partners!<\/p>\n<p>This is an ideal amulet for singles who are looking for their soulmate, a true love that will last and bring eternal happiness.<\/p>\n[spacer height=\"20px\"]\n","protected":false},"featured_media":13614,"template":"","meta":{"kt_blocks_editor_width":"","_monsterinsights_skip_tracking":false,"_monsterinsights_sitenote_active":false,"_monsterinsights_sitenote_note":"","_monsterinsights_sitenote_category":0},"product_brand":[],"product_cat":[380,844],"product_tag":[508],"class_list":{"0":"post-13612","1":"product","2":"type-product","3":"status-publish","4":"has-post-thumbnail","6":"product_cat-love","7":"product_cat-year-of-the-horse","8":"product_tag-love","10":"first","11":"instock","12":"shipping-taxable","13":"purchasable","14":"product-type-simple"},"translation":{"provider":"WPGlobus","version":"3.0.0","language":"de","enabled_languages":["en","de"],"languages":{"en":{"title":true,"content":true,"excerpt":true},"de":{"title":false,"content":false,"excerpt":false}}},"yoast_head":"<!-- This site is optimized with the Yoast SEO plugin v26.4 - https:\/\/yoast.com\/wordpress\/plugins\/seo\/ -->\n<title>Double Happiness Love Talisman &#8212; Feng Shui Focus<\/title>\n<meta name=\"robots\" content=\"index, follow, max-snippet:-1, max-image-preview:large, max-video-preview:-1\" \/>\n<link rel=\"canonical\" href=\"https:\/\/fengshuifocus.com.sg\/shop\/love\/double-happiness-love-talisman\/\" \/>\n<meta property=\"og:locale\" content=\"de_DE\" \/>\n<meta property=\"og:type\" content=\"article\" \/>\n<meta property=\"og:title\" content=\"Double Happiness Love Talisman\" \/>\n<meta property=\"og:description\" content=\"This super pretty love amulet features the Double Happiness symbol, a classic Chinese symbol of ever-lasting love and joyful unions, as well as a pink peony, the flower of love.\" \/>\n<meta property=\"og:url\" content=\"https:\/\/fengshuifocus.com.sg\/shop\/love\/double-happiness-love-talisman\/\" \/>\n<meta property=\"og:site_name\" content=\"Feng Shui Focus\" \/>\n<meta property=\"article:publisher\" content=\"https:\/\/www.facebook.com\/Feng-Shui-Focus-176469115722739\/?hc_ref=ARQeIaM_dqGJoG1GyHcEnC9wqA9DE2VYU7MZosxhMrw4oVdQfkxNRxrsDKl-F7yxicA\" \/>\n<meta property=\"article:modified_time\" content=\"2025-12-16T16:15:37+00:00\" \/>\n<meta property=\"og:image\" content=\"https:\/\/fengshuifocus.com.sg\/wp-content\/uploads\/2025\/12\/Double-Happiness-Love-Talisman-Lifestyle-sq-450x450.jpg\" \/>\n\t<meta property=\"og:image:width\" content=\"1024\" \/>\n\t<meta property=\"og:image:height\" content=\"1024\" \/>\n\t<meta property=\"og:image:type\" content=\"image\/jpeg\" \/>\n<meta name=\"twitter:card\" content=\"summary_large_image\" \/>\n<meta name=\"twitter:site\" content=\"@FengShuiFocus\" \/>\n<meta name=\"twitter:label1\" content=\"Gesch\u00e4tzte Lesezeit\" \/>\n\t<meta name=\"twitter:data1\" content=\"1\u00a0Minute\" \/>\n<script type=\"application\/ld+json\" class=\"yoast-schema-graph\">{\"@context\":\"https:\/\/schema.org\",\"@graph\":[{\"@type\":\"WebPage\",\"@id\":\"https:\/\/fengshuifocus.com.sg\/shop\/love\/double-happiness-love-talisman\/\",\"url\":\"https:\/\/fengshuifocus.com.sg\/shop\/love\/double-happiness-love-talisman\/\",\"name\":\"Double Happiness Love Talisman &#8212; Feng Shui Focus\",\"isPartOf\":{\"@id\":\"https:\/\/fengshuifocus.com.sg\/de\/#website\"},\"primaryImageOfPage\":{\"@id\":\"https:\/\/fengshuifocus.com.sg\/shop\/love\/double-happiness-love-talisman\/#primaryimage\"},\"image\":{\"@id\":\"https:\/\/fengshuifocus.com.sg\/shop\/love\/double-happiness-love-talisman\/#primaryimage\"},\"thumbnailUrl\":\"https:\/\/fengshuifocus.com.sg\/wp-content\/uploads\/2025\/12\/Double-Happiness-Love-Talisman.jpg\",\"datePublished\":\"2025-12-07T21:21:59+00:00\",\"dateModified\":\"2025-12-16T16:15:37+00:00\",\"description\":\"This super pretty love amulet features the Double Happiness symbol, a classic Chinese symbol of ever-lasting love and joyful unions, as well as a pink peony, the flower of love.\",\"breadcrumb\":{\"@id\":\"https:\/\/fengshuifocus.com.sg\/shop\/love\/double-happiness-love-talisman\/#breadcrumb\"},\"inLanguage\":\"de\",\"potentialAction\":[{\"@type\":\"ReadAction\",\"target\":[\"https:\/\/fengshuifocus.com.sg\/shop\/love\/double-happiness-love-talisman\/\"]}]},{\"@type\":\"ImageObject\",\"inLanguage\":\"de\",\"@id\":\"https:\/\/fengshuifocus.com.sg\/shop\/love\/double-happiness-love-talisman\/#primaryimage\",\"url\":\"https:\/\/fengshuifocus.com.sg\/wp-content\/uploads\/2025\/12\/Double-Happiness-Love-Talisman.jpg\",\"contentUrl\":\"https:\/\/fengshuifocus.com.sg\/wp-content\/uploads\/2025\/12\/Double-Happiness-Love-Talisman.jpg\",\"width\":702,\"height\":702,\"caption\":\"Double Happiness Love Talisman\"},{\"@type\":\"BreadcrumbList\",\"@id\":\"https:\/\/fengshuifocus.com.sg\/shop\/love\/double-happiness-love-talisman\/#breadcrumb\",\"itemListElement\":[{\"@type\":\"ListItem\",\"position\":1,\"name\":\"Home\",\"item\":\"https:\/\/fengshuifocus.com.sg\/\"},{\"@type\":\"ListItem\",\"position\":2,\"name\":\"Feng Shui Focus Online Shop\",\"item\":\"https:\/\/fengshuifocus.com.sg\/de\/shop\/\"},{\"@type\":\"ListItem\",\"position\":3,\"name\":\"Double Happiness Love Talisman\"}]},{\"@type\":\"WebSite\",\"@id\":\"https:\/\/fengshuifocus.com.sg\/de\/#website\",\"url\":\"https:\/\/fengshuifocus.com.sg\/de\/\",\"name\":\"Feng Shui Focus\",\"description\":\"Praktische L\u00f6sungen f\u00fcr das moderne Zuhause und B\u00fcro\",\"potentialAction\":[{\"@type\":\"SearchAction\",\"target\":{\"@type\":\"EntryPoint\",\"urlTemplate\":\"https:\/\/fengshuifocus.com.sg\/de\/?s={search_term_string}\"},\"query-input\":{\"@type\":\"PropertyValueSpecification\",\"valueRequired\":true,\"valueName\":\"search_term_string\"}}],\"inLanguage\":\"de\"}]}<\/script>\n<!-- \/ Yoast SEO plugin. -->","yoast_head_json":{"title":"Double Happiness Love Talisman &#8212; Feng Shui Focus","robots":{"index":"index","follow":"follow","max-snippet":"max-snippet:-1","max-image-preview":"max-image-preview:large","max-video-preview":"max-video-preview:-1"},"canonical":"https:\/\/fengshuifocus.com.sg\/shop\/love\/double-happiness-love-talisman\/","og_locale":"de_DE","og_type":"article","og_title":"Double Happiness Love Talisman","og_description":"This super pretty love amulet features the Double Happiness symbol, a classic Chinese symbol of ever-lasting love and joyful unions, as well as a pink peony, the flower of love.","og_url":"https:\/\/fengshuifocus.com.sg\/shop\/love\/double-happiness-love-talisman\/","og_site_name":"Feng Shui Focus","article_publisher":"https:\/\/www.facebook.com\/Feng-Shui-Focus-176469115722739\/?hc_ref=ARQeIaM_dqGJoG1GyHcEnC9wqA9DE2VYU7MZosxhMrw4oVdQfkxNRxrsDKl-F7yxicA","article_modified_time":"2025-12-16T16:15:37+00:00","og_image":[{"width":1024,"height":1024,"url":"https:\/\/fengshuifocus.com.sg\/wp-content\/uploads\/2025\/12\/Double-Happiness-Love-Talisman-Lifestyle-sq-450x450.jpg","type":"image\/jpeg"}],"twitter_card":"summary_large_image","twitter_site":"@FengShuiFocus","twitter_misc":{"Gesch\u00e4tzte Lesezeit":"1\u00a0Minute"},"schema":{"@context":"https:\/\/schema.org","@graph":[{"@type":"WebPage","@id":"https:\/\/fengshuifocus.com.sg\/shop\/love\/double-happiness-love-talisman\/","url":"https:\/\/fengshuifocus.com.sg\/shop\/love\/double-happiness-love-talisman\/","name":"Double Happiness Love Talisman &#8212; Feng Shui Focus","isPartOf":{"@id":"https:\/\/fengshuifocus.com.sg\/de\/#website"},"primaryImageOfPage":{"@id":"https:\/\/fengshuifocus.com.sg\/shop\/love\/double-happiness-love-talisman\/#primaryimage"},"image":{"@id":"https:\/\/fengshuifocus.com.sg\/shop\/love\/double-happiness-love-talisman\/#primaryimage"},"thumbnailUrl":"https:\/\/fengshuifocus.com.sg\/wp-content\/uploads\/2025\/12\/Double-Happiness-Love-Talisman.jpg","datePublished":"2025-12-07T21:21:59+00:00","dateModified":"2025-12-16T16:15:37+00:00","description":"This super pretty love amulet features the Double Happiness symbol, a classic Chinese symbol of ever-lasting love and joyful unions, as well as a pink peony, the flower of love.","breadcrumb":{"@id":"https:\/\/fengshuifocus.com.sg\/shop\/love\/double-happiness-love-talisman\/#breadcrumb"},"inLanguage":"de","potentialAction":[{"@type":"ReadAction","target":["https:\/\/fengshuifocus.com.sg\/shop\/love\/double-happiness-love-talisman\/"]}]},{"@type":"ImageObject","inLanguage":"de","@id":"https:\/\/fengshuifocus.com.sg\/shop\/love\/double-happiness-love-talisman\/#primaryimage","url":"https:\/\/fengshuifocus.com.sg\/wp-content\/uploads\/2025\/12\/Double-Happiness-Love-Talisman.jpg","contentUrl":"https:\/\/fengshuifocus.com.sg\/wp-content\/uploads\/2025\/12\/Double-Happiness-Love-Talisman.jpg","width":702,"height":702,"caption":"Double Happiness Love Talisman"},{"@type":"BreadcrumbList","@id":"https:\/\/fengshuifocus.com.sg\/shop\/love\/double-happiness-love-talisman\/#breadcrumb","itemListElement":[{"@type":"ListItem","position":1,"name":"Home","item":"https:\/\/fengshuifocus.com.sg\/"},{"@type":"ListItem","position":2,"name":"Feng Shui Focus Online Shop","item":"https:\/\/fengshuifocus.com.sg\/de\/shop\/"},{"@type":"ListItem","position":3,"name":"Double Happiness Love Talisman"}]},{"@type":"WebSite","@id":"https:\/\/fengshuifocus.com.sg\/de\/#website","url":"https:\/\/fengshuifocus.com.sg\/de\/","name":"Feng Shui Focus","description":"Praktische L\u00f6sungen f\u00fcr das moderne Zuhause und B\u00fcro","potentialAction":[{"@type":"SearchAction","target":{"@type":"EntryPoint","urlTemplate":"https:\/\/fengshuifocus.com.sg\/de\/?s={search_term_string}"},"query-input":{"@type":"PropertyValueSpecification","valueRequired":true,"valueName":"search_term_string"}}],"inLanguage":"de"}]}},"post_mailing_queue_ids":[],"_links":{"self":[{"href":"https:\/\/fengshuifocus.com.sg\/de\/wp-json\/wp\/v2\/product\/13612","targetHints":{"allow":["GET"]}}],"collection":[{"href":"https:\/\/fengshuifocus.com.sg\/de\/wp-json\/wp\/v2\/product"}],"about":[{"href":"https:\/\/fengshuifocus.com.sg\/de\/wp-json\/wp\/v2\/types\/product"}],"wp:featuredmedia":[{"embeddable":true,"href":"https:\/\/fengshuifocus.com.sg\/de\/wp-json\/wp\/v2\/media\/13614"}],"wp:attachment":[{"href":"https:\/\/fengshuifocus.com.sg\/de\/wp-json\/wp\/v2\/media?parent=13612"}],"wp:term":[{"taxonomy":"product_brand","embeddable":true,"href":"https:\/\/fengshuifocus.com.sg\/de\/wp-json\/wp\/v2\/product_brand?post=13612"},{"taxonomy":"product_cat","embeddable":true,"href":"https:\/\/fengshuifocus.com.sg\/de\/wp-json\/wp\/v2\/product_cat?post=13612"},{"taxonomy":"product_tag","embeddable":true,"href":"https:\/\/fengshuifocus.com.sg\/de\/wp-json\/wp\/v2\/product_tag?post=13612"}],"curies":[{"name":"wp","href":"https:\/\/api.w.org\/{rel}","templated":true}]}}