{"id":13619,"date":"2025-12-07T22:33:39","date_gmt":"2025-12-07T21:33:39","guid":{"rendered":"https:\/\/fengshuifocus.com.sg\/?post_type=product&#038;p=13619"},"modified":"2026-02-06T23:38:30","modified_gmt":"2026-02-06T22:38:30","slug":"ksiddigarbha-fireball-amulet","status":"publish","type":"product","link":"https:\/\/fengshuifocus.com.sg\/de\/shop\/protection\/ksiddigarbha-fireball-amulet\/","title":{"rendered":"Ksiddigarbha Fireball Amulet"},"content":{"rendered":"<p>The Ksiddigarbha Fireball Amulet helps you to dispel conflict energies, diffuse tension and ease stress. It contains Ksiddigarbha\u2019s sacred seed syllable \u201cHa\u201d, a symbol of calming energy and protection, as well as Ksiddigarbha\u2019s flaming fireball and 6-ringed staff.<\/p>\n<p>This amulet is a potent remedy to calm arguments, shield against office politics and legal problems, and dissolve envy and jealousy towards you.<\/p>\n<p>You can carry this amulet to protect you from the effects of the Quarrelsome No 3 Star, the Yearly Conflict Star and the Yearly Killing Star.<\/p>\n<p><strong>In 2026, recommended for: <\/strong><\/p>\n<ul>\n<li><strong>People born in the Year of the Rooster, as they are directly afflicted by the annual No 3 Star. <\/strong><\/li>\n<li><strong>People with bedroom or main door in the WEST.<\/strong><\/li>\n<li><strong>Persons living in WEST-facing houses. <\/strong><\/li>\n<li><strong>The youngest daughter. <\/strong><\/li>\n<li><strong>People born in the Year of the Ox, as they are afflicted by the Yearly Killing Star. <\/strong><\/li>\n<li><strong>People born in the Year of the Dog or Boar, as they are afflicted by the Yearly Conflict Star in the NW<\/strong><\/li>\n<\/ul>\n<span class=\"\" style=\"display:block;clear:both;height: 0px;padding-top: 20px;border-top-width:0px;border-bottom-width:0px;\"><\/span>\n<p>Measurements: \u00a0\u00a0 Diameter approx. 5cm without chain<\/p>\n<span class=\"\" style=\"display:block;clear:both;height: 0px;padding-top: 20px;border-top-width:0px;border-bottom-width:0px;\"><\/span>\n","protected":false},"excerpt":{"rendered":"<p>The Ksiddigarbha Fireball Amulet helps you to dispel conflict energies, diffuse tension and ease stress. It contains Ksiddigarbha\u2019s sacred seed syllable \u201cHa\u201d, a symbol of calming energy and protection, as well as Ksiddigarbha\u2019s flaming fireball and 6-ringed staff.<\/p>\n<p>This amulet is a potent remedy to calm arguments, shield against office politics and legal problems, and dissolve envy and jealousy towards you.<\/p>\n<p>You can carry this amulet to protect you from the effects of the Quarrelsome No 3 Star, the Yearly Conflict Star and the Yearly Killing Star.<\/p>\n[spacer height=\"20px\"]\n","protected":false},"featured_media":13620,"template":"","meta":{"kt_blocks_editor_width":"","_monsterinsights_skip_tracking":false,"_monsterinsights_sitenote_active":false,"_monsterinsights_sitenote_note":"","_monsterinsights_sitenote_category":0},"product_brand":[],"product_cat":[377,844],"product_tag":[504,425,505,503,857],"class_list":{"0":"post-13619","1":"product","2":"type-product","3":"status-publish","4":"has-post-thumbnail","6":"product_cat-protection","7":"product_cat-year-of-the-horse","8":"product_tag-arguments","9":"product_tag-conflict","10":"product_tag-lawsuits","11":"product_tag-protection","12":"product_tag-stress","14":"first","15":"outofstock","16":"shipping-taxable","17":"purchasable","18":"product-type-simple"},"translation":{"provider":"WPGlobus","version":"3.0.0","language":"de","enabled_languages":["en","de"],"languages":{"en":{"title":true,"content":true,"excerpt":true},"de":{"title":false,"content":false,"excerpt":false}}},"yoast_head":"<!-- This site is optimized with the Yoast SEO plugin v26.4 - https:\/\/yoast.com\/wordpress\/plugins\/seo\/ -->\n<title>Ksiddigarbha Fireball Amulet &#8212; Feng Shui Focus<\/title>\n<meta name=\"robots\" content=\"index, follow, max-snippet:-1, max-image-preview:large, max-video-preview:-1\" \/>\n<link rel=\"canonical\" href=\"https:\/\/fengshuifocus.com.sg\/shop\/protection\/ksiddigarbha-fireball-amulet\/\" \/>\n<meta property=\"og:locale\" content=\"de_DE\" \/>\n<meta property=\"og:type\" content=\"article\" \/>\n<meta property=\"og:title\" content=\"Ksiddigarbha Fireball Amulet\" \/>\n<meta property=\"og:description\" content=\"The Ksiddigarbha Fireball Amulet helps you to dispel conflict energies, diffuse tension and ease stress.\" \/>\n<meta property=\"og:url\" content=\"https:\/\/fengshuifocus.com.sg\/shop\/protection\/ksiddigarbha-fireball-amulet\/\" \/>\n<meta property=\"og:site_name\" content=\"Feng Shui Focus\" \/>\n<meta property=\"article:publisher\" content=\"https:\/\/www.facebook.com\/Feng-Shui-Focus-176469115722739\/?hc_ref=ARQeIaM_dqGJoG1GyHcEnC9wqA9DE2VYU7MZosxhMrw4oVdQfkxNRxrsDKl-F7yxicA\" \/>\n<meta property=\"article:modified_time\" content=\"2026-02-06T22:38:30+00:00\" \/>\n<meta property=\"og:image\" content=\"https:\/\/fengshuifocus.com.sg\/wp-content\/uploads\/2025\/12\/Ksiddigarbah-Fireball-Amulet.jpg\" \/>\n\t<meta property=\"og:image:width\" content=\"787\" \/>\n\t<meta property=\"og:image:height\" content=\"787\" \/>\n\t<meta property=\"og:image:type\" content=\"image\/jpeg\" \/>\n<meta name=\"twitter:card\" content=\"summary_large_image\" \/>\n<meta name=\"twitter:site\" content=\"@FengShuiFocus\" \/>\n<meta name=\"twitter:label1\" content=\"Gesch\u00e4tzte Lesezeit\" \/>\n\t<meta name=\"twitter:data1\" content=\"1\u00a0Minute\" \/>\n<script type=\"application\/ld+json\" class=\"yoast-schema-graph\">{\"@context\":\"https:\/\/schema.org\",\"@graph\":[{\"@type\":\"WebPage\",\"@id\":\"https:\/\/fengshuifocus.com.sg\/shop\/protection\/ksiddigarbha-fireball-amulet\/\",\"url\":\"https:\/\/fengshuifocus.com.sg\/shop\/protection\/ksiddigarbha-fireball-amulet\/\",\"name\":\"Ksiddigarbha Fireball Amulet &#8212; Feng Shui Focus\",\"isPartOf\":{\"@id\":\"https:\/\/fengshuifocus.com.sg\/de\/#website\"},\"primaryImageOfPage\":{\"@id\":\"https:\/\/fengshuifocus.com.sg\/shop\/protection\/ksiddigarbha-fireball-amulet\/#primaryimage\"},\"image\":{\"@id\":\"https:\/\/fengshuifocus.com.sg\/shop\/protection\/ksiddigarbha-fireball-amulet\/#primaryimage\"},\"thumbnailUrl\":\"https:\/\/fengshuifocus.com.sg\/wp-content\/uploads\/2025\/12\/Ksiddigarbah-Fireball-Amulet.jpg\",\"datePublished\":\"2025-12-07T21:33:39+00:00\",\"dateModified\":\"2026-02-06T22:38:30+00:00\",\"description\":\"The Ksiddigarbha Fireball Amulet helps you to dispel conflict energies, diffuse tension and ease stress.\",\"breadcrumb\":{\"@id\":\"https:\/\/fengshuifocus.com.sg\/shop\/protection\/ksiddigarbha-fireball-amulet\/#breadcrumb\"},\"inLanguage\":\"de\",\"potentialAction\":[{\"@type\":\"ReadAction\",\"target\":[\"https:\/\/fengshuifocus.com.sg\/shop\/protection\/ksiddigarbha-fireball-amulet\/\"]}]},{\"@type\":\"ImageObject\",\"inLanguage\":\"de\",\"@id\":\"https:\/\/fengshuifocus.com.sg\/shop\/protection\/ksiddigarbha-fireball-amulet\/#primaryimage\",\"url\":\"https:\/\/fengshuifocus.com.sg\/wp-content\/uploads\/2025\/12\/Ksiddigarbah-Fireball-Amulet.jpg\",\"contentUrl\":\"https:\/\/fengshuifocus.com.sg\/wp-content\/uploads\/2025\/12\/Ksiddigarbah-Fireball-Amulet.jpg\",\"width\":787,\"height\":787,\"caption\":\"Ksiddigarbah Fireball Amulet\"},{\"@type\":\"BreadcrumbList\",\"@id\":\"https:\/\/fengshuifocus.com.sg\/shop\/protection\/ksiddigarbha-fireball-amulet\/#breadcrumb\",\"itemListElement\":[{\"@type\":\"ListItem\",\"position\":1,\"name\":\"Home\",\"item\":\"https:\/\/fengshuifocus.com.sg\/\"},{\"@type\":\"ListItem\",\"position\":2,\"name\":\"Feng Shui Focus Online Shop\",\"item\":\"https:\/\/fengshuifocus.com.sg\/de\/shop\/\"},{\"@type\":\"ListItem\",\"position\":3,\"name\":\"Ksiddigarbha Fireball Amulet\"}]},{\"@type\":\"WebSite\",\"@id\":\"https:\/\/fengshuifocus.com.sg\/de\/#website\",\"url\":\"https:\/\/fengshuifocus.com.sg\/de\/\",\"name\":\"Feng Shui Focus\",\"description\":\"Praktische L\u00f6sungen f\u00fcr das moderne Zuhause und B\u00fcro\",\"potentialAction\":[{\"@type\":\"SearchAction\",\"target\":{\"@type\":\"EntryPoint\",\"urlTemplate\":\"https:\/\/fengshuifocus.com.sg\/de\/?s={search_term_string}\"},\"query-input\":{\"@type\":\"PropertyValueSpecification\",\"valueRequired\":true,\"valueName\":\"search_term_string\"}}],\"inLanguage\":\"de\"}]}<\/script>\n<!-- \/ Yoast SEO plugin. -->","yoast_head_json":{"title":"Ksiddigarbha Fireball Amulet &#8212; Feng Shui Focus","robots":{"index":"index","follow":"follow","max-snippet":"max-snippet:-1","max-image-preview":"max-image-preview:large","max-video-preview":"max-video-preview:-1"},"canonical":"https:\/\/fengshuifocus.com.sg\/shop\/protection\/ksiddigarbha-fireball-amulet\/","og_locale":"de_DE","og_type":"article","og_title":"Ksiddigarbha Fireball Amulet","og_description":"The Ksiddigarbha Fireball Amulet helps you to dispel conflict energies, diffuse tension and ease stress.","og_url":"https:\/\/fengshuifocus.com.sg\/shop\/protection\/ksiddigarbha-fireball-amulet\/","og_site_name":"Feng Shui Focus","article_publisher":"https:\/\/www.facebook.com\/Feng-Shui-Focus-176469115722739\/?hc_ref=ARQeIaM_dqGJoG1GyHcEnC9wqA9DE2VYU7MZosxhMrw4oVdQfkxNRxrsDKl-F7yxicA","article_modified_time":"2026-02-06T22:38:30+00:00","og_image":[{"width":787,"height":787,"url":"https:\/\/fengshuifocus.com.sg\/wp-content\/uploads\/2025\/12\/Ksiddigarbah-Fireball-Amulet.jpg","type":"image\/jpeg"}],"twitter_card":"summary_large_image","twitter_site":"@FengShuiFocus","twitter_misc":{"Gesch\u00e4tzte Lesezeit":"1\u00a0Minute"},"schema":{"@context":"https:\/\/schema.org","@graph":[{"@type":"WebPage","@id":"https:\/\/fengshuifocus.com.sg\/shop\/protection\/ksiddigarbha-fireball-amulet\/","url":"https:\/\/fengshuifocus.com.sg\/shop\/protection\/ksiddigarbha-fireball-amulet\/","name":"Ksiddigarbha Fireball Amulet &#8212; Feng Shui Focus","isPartOf":{"@id":"https:\/\/fengshuifocus.com.sg\/de\/#website"},"primaryImageOfPage":{"@id":"https:\/\/fengshuifocus.com.sg\/shop\/protection\/ksiddigarbha-fireball-amulet\/#primaryimage"},"image":{"@id":"https:\/\/fengshuifocus.com.sg\/shop\/protection\/ksiddigarbha-fireball-amulet\/#primaryimage"},"thumbnailUrl":"https:\/\/fengshuifocus.com.sg\/wp-content\/uploads\/2025\/12\/Ksiddigarbah-Fireball-Amulet.jpg","datePublished":"2025-12-07T21:33:39+00:00","dateModified":"2026-02-06T22:38:30+00:00","description":"The Ksiddigarbha Fireball Amulet helps you to dispel conflict energies, diffuse tension and ease stress.","breadcrumb":{"@id":"https:\/\/fengshuifocus.com.sg\/shop\/protection\/ksiddigarbha-fireball-amulet\/#breadcrumb"},"inLanguage":"de","potentialAction":[{"@type":"ReadAction","target":["https:\/\/fengshuifocus.com.sg\/shop\/protection\/ksiddigarbha-fireball-amulet\/"]}]},{"@type":"ImageObject","inLanguage":"de","@id":"https:\/\/fengshuifocus.com.sg\/shop\/protection\/ksiddigarbha-fireball-amulet\/#primaryimage","url":"https:\/\/fengshuifocus.com.sg\/wp-content\/uploads\/2025\/12\/Ksiddigarbah-Fireball-Amulet.jpg","contentUrl":"https:\/\/fengshuifocus.com.sg\/wp-content\/uploads\/2025\/12\/Ksiddigarbah-Fireball-Amulet.jpg","width":787,"height":787,"caption":"Ksiddigarbah Fireball Amulet"},{"@type":"BreadcrumbList","@id":"https:\/\/fengshuifocus.com.sg\/shop\/protection\/ksiddigarbha-fireball-amulet\/#breadcrumb","itemListElement":[{"@type":"ListItem","position":1,"name":"Home","item":"https:\/\/fengshuifocus.com.sg\/"},{"@type":"ListItem","position":2,"name":"Feng Shui Focus Online Shop","item":"https:\/\/fengshuifocus.com.sg\/de\/shop\/"},{"@type":"ListItem","position":3,"name":"Ksiddigarbha Fireball Amulet"}]},{"@type":"WebSite","@id":"https:\/\/fengshuifocus.com.sg\/de\/#website","url":"https:\/\/fengshuifocus.com.sg\/de\/","name":"Feng Shui Focus","description":"Praktische L\u00f6sungen f\u00fcr das moderne Zuhause und B\u00fcro","potentialAction":[{"@type":"SearchAction","target":{"@type":"EntryPoint","urlTemplate":"https:\/\/fengshuifocus.com.sg\/de\/?s={search_term_string}"},"query-input":{"@type":"PropertyValueSpecification","valueRequired":true,"valueName":"search_term_string"}}],"inLanguage":"de"}]}},"post_mailing_queue_ids":[],"_links":{"self":[{"href":"https:\/\/fengshuifocus.com.sg\/de\/wp-json\/wp\/v2\/product\/13619","targetHints":{"allow":["GET"]}}],"collection":[{"href":"https:\/\/fengshuifocus.com.sg\/de\/wp-json\/wp\/v2\/product"}],"about":[{"href":"https:\/\/fengshuifocus.com.sg\/de\/wp-json\/wp\/v2\/types\/product"}],"wp:featuredmedia":[{"embeddable":true,"href":"https:\/\/fengshuifocus.com.sg\/de\/wp-json\/wp\/v2\/media\/13620"}],"wp:attachment":[{"href":"https:\/\/fengshuifocus.com.sg\/de\/wp-json\/wp\/v2\/media?parent=13619"}],"wp:term":[{"taxonomy":"product_brand","embeddable":true,"href":"https:\/\/fengshuifocus.com.sg\/de\/wp-json\/wp\/v2\/product_brand?post=13619"},{"taxonomy":"product_cat","embeddable":true,"href":"https:\/\/fengshuifocus.com.sg\/de\/wp-json\/wp\/v2\/product_cat?post=13619"},{"taxonomy":"product_tag","embeddable":true,"href":"https:\/\/fengshuifocus.com.sg\/de\/wp-json\/wp\/v2\/product_tag?post=13619"}],"curies":[{"name":"wp","href":"https:\/\/api.w.org\/{rel}","templated":true}]}}