{"id":13622,"date":"2025-12-07T22:41:01","date_gmt":"2025-12-07T21:41:01","guid":{"rendered":"https:\/\/fengshuifocus.com.sg\/?post_type=product&#038;p=13622"},"modified":"2026-01-21T16:49:28","modified_gmt":"2026-01-21T15:49:28","slug":"28-hums-safety-talisman","status":"publish","type":"product","link":"https:\/\/fengshuifocus.com.sg\/de\/shop\/protection\/28-hums-safety-talisman\/","title":{"rendered":"28 Hums Safety Talisman"},"content":{"rendered":"<p>This 28 Hums Safety Talisman amulet features a lotus mandala design in gorgeous turquoise colours with 28 protective HUM syllables. It is a powerful energy shield against harm, malice, (hidden) dangers and spiritual attacks. The syllable \u201cHum\u201d is said to ward off all negative intention, whether obvious or hidden. The back of the amulet contains a powerful Protection Amulet to help protect you from natural disasters, harmful Chi and malevolent energy.<\/p>\n<p>It is an ideal amulet to carry for those who move in competitive or unfriendly environments, as it acts like a secret weapon against jealousy, maliciousness, and even unintentional karmic offenses.<\/p>\n<p>It is also essential for those who travel frequently or need to be out late as it protects you from being at the wrong place at the wrong time. Keep it close to stay safe.<\/p>\n<p><strong>In 2026, recommended for: <\/strong><\/p>\n<ul>\n<li><strong>People who work late and are often out in the dark.<\/strong><\/li>\n<li><strong>People who travel frequently. <\/strong><\/li>\n<li><strong>People born in the Year of the Rat and those living in NORTH-facing houses, as they are afflicted by the Natural Disaster Star<\/strong><\/li>\n<\/ul>\n<span class=\"\" style=\"display:block;clear:both;height: 0px;padding-top: 20px;border-top-width:0px;border-bottom-width:0px;\"><\/span>\n<p>Measurements: \u00a0\u00a0 Diameter approx. 5cm without chain<\/p>\n<span class=\"\" style=\"display:block;clear:both;height: 0px;padding-top: 20px;border-top-width:0px;border-bottom-width:0px;\"><\/span>\n","protected":false},"excerpt":{"rendered":"<p>This 28 Hums Safety Talisman amulet features a lotus mandala design in gorgeous turquoise colours with 28 protective HUM syllables. It is a powerful energy shield against harm, malice, (hidden) dangers and spiritual attacks. The syllable \u201cHum\u201d is said to ward off all negative intention, whether obvious or hidden. The back of the amulet contains a powerful Protection Amulet to help protect you from natural disasters, harmful Chi and malevolent energy.<\/p>\n<p>It is an ideal amulet to carry for those who move in competitive or unfriendly environments, as it acts like a secret weapon against jealousy, maliciousness, and even unintentional karmic offenses.<\/p>\n[spacer height=\"20px\"]\n","protected":false},"featured_media":13675,"template":"","meta":{"kt_blocks_editor_width":"","_monsterinsights_skip_tracking":false,"_monsterinsights_sitenote_active":false,"_monsterinsights_sitenote_note":"","_monsterinsights_sitenote_category":0},"product_brand":[],"product_cat":[377,844],"product_tag":[757,503],"class_list":{"0":"post-13622","1":"product","2":"type-product","3":"status-publish","4":"has-post-thumbnail","6":"product_cat-protection","7":"product_cat-year-of-the-horse","8":"product_tag-disaster","9":"product_tag-protection","11":"first","12":"instock","13":"shipping-taxable","14":"purchasable","15":"product-type-simple"},"translation":{"provider":"WPGlobus","version":"3.0.0","language":"de","enabled_languages":["en","de"],"languages":{"en":{"title":true,"content":true,"excerpt":true},"de":{"title":false,"content":false,"excerpt":false}}},"yoast_head":"<!-- This site is optimized with the Yoast SEO plugin v26.4 - https:\/\/yoast.com\/wordpress\/plugins\/seo\/ -->\n<title>28 Hums Safety Talisman &#8212; Feng Shui Focus<\/title>\n<meta name=\"robots\" content=\"index, follow, max-snippet:-1, max-image-preview:large, max-video-preview:-1\" \/>\n<link rel=\"canonical\" href=\"https:\/\/fengshuifocus.com.sg\/shop\/protection\/28-hums-safety-talisman\/\" \/>\n<meta property=\"og:locale\" content=\"de_DE\" \/>\n<meta property=\"og:type\" content=\"article\" \/>\n<meta property=\"og:title\" content=\"28 Hums Safety Talisman\" \/>\n<meta property=\"og:description\" content=\"This 28 Hums Safety Talisman amulet features a lotus mandala design in gorgeous turquoise colours with 28 protective HUM syllables.\" \/>\n<meta property=\"og:url\" content=\"https:\/\/fengshuifocus.com.sg\/shop\/protection\/28-hums-safety-talisman\/\" \/>\n<meta property=\"og:site_name\" content=\"Feng Shui Focus\" \/>\n<meta property=\"article:publisher\" content=\"https:\/\/www.facebook.com\/Feng-Shui-Focus-176469115722739\/?hc_ref=ARQeIaM_dqGJoG1GyHcEnC9wqA9DE2VYU7MZosxhMrw4oVdQfkxNRxrsDKl-F7yxicA\" \/>\n<meta property=\"article:modified_time\" content=\"2026-01-21T15:49:28+00:00\" \/>\n<meta property=\"og:image\" content=\"https:\/\/fengshuifocus.com.sg\/wp-content\/uploads\/2025\/12\/28-Hums-Safety-Talisman-1-450x450.jpg\" \/>\n\t<meta property=\"og:image:width\" content=\"684\" \/>\n\t<meta property=\"og:image:height\" content=\"684\" \/>\n\t<meta property=\"og:image:type\" content=\"image\/jpeg\" \/>\n<meta name=\"twitter:card\" content=\"summary_large_image\" \/>\n<meta name=\"twitter:site\" content=\"@FengShuiFocus\" \/>\n<meta name=\"twitter:label1\" content=\"Gesch\u00e4tzte Lesezeit\" \/>\n\t<meta name=\"twitter:data1\" content=\"2\u00a0Minuten\" \/>\n<script type=\"application\/ld+json\" class=\"yoast-schema-graph\">{\"@context\":\"https:\/\/schema.org\",\"@graph\":[{\"@type\":\"WebPage\",\"@id\":\"https:\/\/fengshuifocus.com.sg\/shop\/protection\/28-hums-safety-talisman\/\",\"url\":\"https:\/\/fengshuifocus.com.sg\/shop\/protection\/28-hums-safety-talisman\/\",\"name\":\"28 Hums Safety Talisman &#8212; Feng Shui Focus\",\"isPartOf\":{\"@id\":\"https:\/\/fengshuifocus.com.sg\/de\/#website\"},\"primaryImageOfPage\":{\"@id\":\"https:\/\/fengshuifocus.com.sg\/shop\/protection\/28-hums-safety-talisman\/#primaryimage\"},\"image\":{\"@id\":\"https:\/\/fengshuifocus.com.sg\/shop\/protection\/28-hums-safety-talisman\/#primaryimage\"},\"thumbnailUrl\":\"https:\/\/fengshuifocus.com.sg\/wp-content\/uploads\/2025\/12\/28-Hums-Safety-Talisman-1.jpg\",\"datePublished\":\"2025-12-07T21:41:01+00:00\",\"dateModified\":\"2026-01-21T15:49:28+00:00\",\"description\":\"This 28 Hums Safety Talisman amulet features a lotus mandala design in gorgeous turquoise colours with 28 protective HUM syllables.\",\"breadcrumb\":{\"@id\":\"https:\/\/fengshuifocus.com.sg\/shop\/protection\/28-hums-safety-talisman\/#breadcrumb\"},\"inLanguage\":\"de\",\"potentialAction\":[{\"@type\":\"ReadAction\",\"target\":[\"https:\/\/fengshuifocus.com.sg\/shop\/protection\/28-hums-safety-talisman\/\"]}]},{\"@type\":\"ImageObject\",\"inLanguage\":\"de\",\"@id\":\"https:\/\/fengshuifocus.com.sg\/shop\/protection\/28-hums-safety-talisman\/#primaryimage\",\"url\":\"https:\/\/fengshuifocus.com.sg\/wp-content\/uploads\/2025\/12\/28-Hums-Safety-Talisman-1.jpg\",\"contentUrl\":\"https:\/\/fengshuifocus.com.sg\/wp-content\/uploads\/2025\/12\/28-Hums-Safety-Talisman-1.jpg\",\"width\":684,\"height\":684},{\"@type\":\"BreadcrumbList\",\"@id\":\"https:\/\/fengshuifocus.com.sg\/shop\/protection\/28-hums-safety-talisman\/#breadcrumb\",\"itemListElement\":[{\"@type\":\"ListItem\",\"position\":1,\"name\":\"Home\",\"item\":\"https:\/\/fengshuifocus.com.sg\/\"},{\"@type\":\"ListItem\",\"position\":2,\"name\":\"Feng Shui Focus Online Shop\",\"item\":\"https:\/\/fengshuifocus.com.sg\/de\/shop\/\"},{\"@type\":\"ListItem\",\"position\":3,\"name\":\"28 Hums Safety Talisman\"}]},{\"@type\":\"WebSite\",\"@id\":\"https:\/\/fengshuifocus.com.sg\/de\/#website\",\"url\":\"https:\/\/fengshuifocus.com.sg\/de\/\",\"name\":\"Feng Shui Focus\",\"description\":\"Praktische L\u00f6sungen f\u00fcr das moderne Zuhause und B\u00fcro\",\"potentialAction\":[{\"@type\":\"SearchAction\",\"target\":{\"@type\":\"EntryPoint\",\"urlTemplate\":\"https:\/\/fengshuifocus.com.sg\/de\/?s={search_term_string}\"},\"query-input\":{\"@type\":\"PropertyValueSpecification\",\"valueRequired\":true,\"valueName\":\"search_term_string\"}}],\"inLanguage\":\"de\"}]}<\/script>\n<!-- \/ Yoast SEO plugin. -->","yoast_head_json":{"title":"28 Hums Safety Talisman &#8212; Feng Shui Focus","robots":{"index":"index","follow":"follow","max-snippet":"max-snippet:-1","max-image-preview":"max-image-preview:large","max-video-preview":"max-video-preview:-1"},"canonical":"https:\/\/fengshuifocus.com.sg\/shop\/protection\/28-hums-safety-talisman\/","og_locale":"de_DE","og_type":"article","og_title":"28 Hums Safety Talisman","og_description":"This 28 Hums Safety Talisman amulet features a lotus mandala design in gorgeous turquoise colours with 28 protective HUM syllables.","og_url":"https:\/\/fengshuifocus.com.sg\/shop\/protection\/28-hums-safety-talisman\/","og_site_name":"Feng Shui Focus","article_publisher":"https:\/\/www.facebook.com\/Feng-Shui-Focus-176469115722739\/?hc_ref=ARQeIaM_dqGJoG1GyHcEnC9wqA9DE2VYU7MZosxhMrw4oVdQfkxNRxrsDKl-F7yxicA","article_modified_time":"2026-01-21T15:49:28+00:00","og_image":[{"width":684,"height":684,"url":"https:\/\/fengshuifocus.com.sg\/wp-content\/uploads\/2025\/12\/28-Hums-Safety-Talisman-1-450x450.jpg","type":"image\/jpeg"}],"twitter_card":"summary_large_image","twitter_site":"@FengShuiFocus","twitter_misc":{"Gesch\u00e4tzte Lesezeit":"2\u00a0Minuten"},"schema":{"@context":"https:\/\/schema.org","@graph":[{"@type":"WebPage","@id":"https:\/\/fengshuifocus.com.sg\/shop\/protection\/28-hums-safety-talisman\/","url":"https:\/\/fengshuifocus.com.sg\/shop\/protection\/28-hums-safety-talisman\/","name":"28 Hums Safety Talisman &#8212; Feng Shui Focus","isPartOf":{"@id":"https:\/\/fengshuifocus.com.sg\/de\/#website"},"primaryImageOfPage":{"@id":"https:\/\/fengshuifocus.com.sg\/shop\/protection\/28-hums-safety-talisman\/#primaryimage"},"image":{"@id":"https:\/\/fengshuifocus.com.sg\/shop\/protection\/28-hums-safety-talisman\/#primaryimage"},"thumbnailUrl":"https:\/\/fengshuifocus.com.sg\/wp-content\/uploads\/2025\/12\/28-Hums-Safety-Talisman-1.jpg","datePublished":"2025-12-07T21:41:01+00:00","dateModified":"2026-01-21T15:49:28+00:00","description":"This 28 Hums Safety Talisman amulet features a lotus mandala design in gorgeous turquoise colours with 28 protective HUM syllables.","breadcrumb":{"@id":"https:\/\/fengshuifocus.com.sg\/shop\/protection\/28-hums-safety-talisman\/#breadcrumb"},"inLanguage":"de","potentialAction":[{"@type":"ReadAction","target":["https:\/\/fengshuifocus.com.sg\/shop\/protection\/28-hums-safety-talisman\/"]}]},{"@type":"ImageObject","inLanguage":"de","@id":"https:\/\/fengshuifocus.com.sg\/shop\/protection\/28-hums-safety-talisman\/#primaryimage","url":"https:\/\/fengshuifocus.com.sg\/wp-content\/uploads\/2025\/12\/28-Hums-Safety-Talisman-1.jpg","contentUrl":"https:\/\/fengshuifocus.com.sg\/wp-content\/uploads\/2025\/12\/28-Hums-Safety-Talisman-1.jpg","width":684,"height":684},{"@type":"BreadcrumbList","@id":"https:\/\/fengshuifocus.com.sg\/shop\/protection\/28-hums-safety-talisman\/#breadcrumb","itemListElement":[{"@type":"ListItem","position":1,"name":"Home","item":"https:\/\/fengshuifocus.com.sg\/"},{"@type":"ListItem","position":2,"name":"Feng Shui Focus Online Shop","item":"https:\/\/fengshuifocus.com.sg\/de\/shop\/"},{"@type":"ListItem","position":3,"name":"28 Hums Safety Talisman"}]},{"@type":"WebSite","@id":"https:\/\/fengshuifocus.com.sg\/de\/#website","url":"https:\/\/fengshuifocus.com.sg\/de\/","name":"Feng Shui Focus","description":"Praktische L\u00f6sungen f\u00fcr das moderne Zuhause und B\u00fcro","potentialAction":[{"@type":"SearchAction","target":{"@type":"EntryPoint","urlTemplate":"https:\/\/fengshuifocus.com.sg\/de\/?s={search_term_string}"},"query-input":{"@type":"PropertyValueSpecification","valueRequired":true,"valueName":"search_term_string"}}],"inLanguage":"de"}]}},"post_mailing_queue_ids":[],"_links":{"self":[{"href":"https:\/\/fengshuifocus.com.sg\/de\/wp-json\/wp\/v2\/product\/13622","targetHints":{"allow":["GET"]}}],"collection":[{"href":"https:\/\/fengshuifocus.com.sg\/de\/wp-json\/wp\/v2\/product"}],"about":[{"href":"https:\/\/fengshuifocus.com.sg\/de\/wp-json\/wp\/v2\/types\/product"}],"wp:featuredmedia":[{"embeddable":true,"href":"https:\/\/fengshuifocus.com.sg\/de\/wp-json\/wp\/v2\/media\/13675"}],"wp:attachment":[{"href":"https:\/\/fengshuifocus.com.sg\/de\/wp-json\/wp\/v2\/media?parent=13622"}],"wp:term":[{"taxonomy":"product_brand","embeddable":true,"href":"https:\/\/fengshuifocus.com.sg\/de\/wp-json\/wp\/v2\/product_brand?post=13622"},{"taxonomy":"product_cat","embeddable":true,"href":"https:\/\/fengshuifocus.com.sg\/de\/wp-json\/wp\/v2\/product_cat?post=13622"},{"taxonomy":"product_tag","embeddable":true,"href":"https:\/\/fengshuifocus.com.sg\/de\/wp-json\/wp\/v2\/product_tag?post=13622"}],"curies":[{"name":"wp","href":"https:\/\/api.w.org\/{rel}","templated":true}]}}