{"id":13629,"date":"2025-12-07T22:53:19","date_gmt":"2025-12-07T21:53:19","guid":{"rendered":"https:\/\/fengshuifocus.com.sg\/?post_type=product&#038;p=13629"},"modified":"2026-02-17T14:39:02","modified_gmt":"2026-02-17T13:39:02","slug":"get-rich-immediately-wealth-amulet","status":"publish","type":"product","link":"https:\/\/fengshuifocus.com.sg\/de\/shop\/wealth\/get-rich-immediately-wealth-amulet\/","title":{"rendered":"Get Rich Immediately Wealth Amulet"},"content":{"rendered":"<p>Featuring a cute horse for the Year of the Horse and the Chinese phrase \u201cMa Shang Bao Fu\u201d, meaning \u201cwealth arrives instantly\u201d, this amulet attracts sudden wealth and financial breakthroughs. This can be a boost in your income, an unexpected financial windfall, or other type of money that comes quickly.<\/p>\n<p>The back of the amulet features the Power and Wealth Amulet, combined with the Wish-Granting Mantra.<\/p>\n<p>Carry this \u201cGet Rich Immediately Wealth Amulet\u201d to activate for money to keep coming to you!<\/p>\n<p><strong>Suitable for everyone who is hoping for a lucky break. <\/strong><\/p>\n<span class=\"\" style=\"display:block;clear:both;height: 0px;padding-top: 20px;border-top-width:0px;border-bottom-width:0px;\"><\/span>\n<p>Measurements: \u00a0\u00a0 Diameter approx. 5cm without chain<\/p>\n<span class=\"\" style=\"display:block;clear:both;height: 0px;padding-top: 20px;border-top-width:0px;border-bottom-width:0px;\"><\/span>\n","protected":false},"excerpt":{"rendered":"<p>Featuring a cute horse for the Year of the Horse and the Chinese phrase \u201cMa Shang Bao Fu\u201d, meaning \u201cwealth arrives instantly\u201d, this amulet attracts sudden wealth and financial breakthroughs. This can be a boost in your income, an unexpected financial windfall, or other type of money that comes quickly.<\/p>\n<p>The back of the amulet features the Power and Wealth Amulet, combined with the Wish-Granting Mantra.<\/p>\n<p>Carry this \u201cGet Rich Immediately Wealth Amulet\u201d to activate for money to keep coming to you!<\/p>\n<p><strong>Suitable for everyone who is hoping for a lucky break. <\/strong><\/p>\n[spacer height=\"20px\"]\n","protected":false},"featured_media":13631,"template":"","meta":{"kt_blocks_editor_width":"","_monsterinsights_skip_tracking":false,"_monsterinsights_sitenote_active":false,"_monsterinsights_sitenote_note":"","_monsterinsights_sitenote_category":0},"product_brand":[],"product_cat":[375,844],"product_tag":[607,385,386],"class_list":{"0":"post-13629","1":"product","2":"type-product","3":"status-publish","4":"has-post-thumbnail","6":"product_cat-wealth","7":"product_cat-year-of-the-horse","8":"product_tag-money","9":"product_tag-prosperity","10":"product_tag-wealth","12":"first","13":"instock","14":"shipping-taxable","15":"purchasable","16":"product-type-simple"},"translation":{"provider":"WPGlobus","version":"3.0.0","language":"de","enabled_languages":["en","de"],"languages":{"en":{"title":true,"content":true,"excerpt":true},"de":{"title":false,"content":false,"excerpt":false}}},"yoast_head":"<!-- This site is optimized with the Yoast SEO plugin v26.4 - https:\/\/yoast.com\/wordpress\/plugins\/seo\/ -->\n<title>Get Rich Immediately Wealth Amulet &#8212; Feng Shui Focus<\/title>\n<meta name=\"robots\" content=\"index, follow, max-snippet:-1, max-image-preview:large, max-video-preview:-1\" \/>\n<link rel=\"canonical\" href=\"http:\/\/fengshuifocus.com.sg\/de\/shop\/wealth\/get-rich-immediately-wealth-amulet\/\" \/>\n<meta property=\"og:locale\" content=\"de_DE\" \/>\n<meta property=\"og:type\" content=\"article\" \/>\n<meta property=\"og:title\" content=\"Get Rich Immediately Wealth Amulet\" \/>\n<meta property=\"og:description\" content=\"Featuring a cute horse for the Year of the Horse and the Chinese phrase \u201cMa Shang Bao Fu\u201d, meaning \u201cwealth arrives instantly\u201d, this amulet attracts sudden wealth and financial breakthroughs.\" \/>\n<meta property=\"og:url\" content=\"http:\/\/fengshuifocus.com.sg\/de\/shop\/wealth\/get-rich-immediately-wealth-amulet\/\" \/>\n<meta property=\"og:site_name\" content=\"Feng Shui Focus\" \/>\n<meta property=\"article:publisher\" content=\"https:\/\/www.facebook.com\/Feng-Shui-Focus-176469115722739\/?hc_ref=ARQeIaM_dqGJoG1GyHcEnC9wqA9DE2VYU7MZosxhMrw4oVdQfkxNRxrsDKl-F7yxicA\" \/>\n<meta property=\"article:modified_time\" content=\"2026-02-17T13:39:02+00:00\" \/>\n<meta property=\"og:image\" content=\"https:\/\/fengshuifocus.com.sg\/wp-content\/uploads\/2025\/12\/Get-Rich-Immediately-Amulet-Lifestyle-sq-450x450.jpg\" \/>\n\t<meta property=\"og:image:width\" content=\"970\" \/>\n\t<meta property=\"og:image:height\" content=\"970\" \/>\n\t<meta property=\"og:image:type\" content=\"image\/jpeg\" \/>\n<meta name=\"twitter:card\" content=\"summary_large_image\" \/>\n<meta name=\"twitter:site\" content=\"@FengShuiFocus\" \/>\n<meta name=\"twitter:label1\" content=\"Gesch\u00e4tzte Lesezeit\" \/>\n\t<meta name=\"twitter:data1\" content=\"1\u00a0Minute\" \/>\n<script type=\"application\/ld+json\" class=\"yoast-schema-graph\">{\"@context\":\"https:\/\/schema.org\",\"@graph\":[{\"@type\":\"WebPage\",\"@id\":\"http:\/\/fengshuifocus.com.sg\/de\/shop\/wealth\/get-rich-immediately-wealth-amulet\/\",\"url\":\"http:\/\/fengshuifocus.com.sg\/de\/shop\/wealth\/get-rich-immediately-wealth-amulet\/\",\"name\":\"Get Rich Immediately Wealth Amulet &#8212; Feng Shui Focus\",\"isPartOf\":{\"@id\":\"https:\/\/fengshuifocus.com.sg\/de\/#website\"},\"primaryImageOfPage\":{\"@id\":\"http:\/\/fengshuifocus.com.sg\/de\/shop\/wealth\/get-rich-immediately-wealth-amulet\/#primaryimage\"},\"image\":{\"@id\":\"http:\/\/fengshuifocus.com.sg\/de\/shop\/wealth\/get-rich-immediately-wealth-amulet\/#primaryimage\"},\"thumbnailUrl\":\"https:\/\/fengshuifocus.com.sg\/wp-content\/uploads\/2025\/12\/Get-Rich-Immediately-Amulet-front.jpg\",\"datePublished\":\"2025-12-07T21:53:19+00:00\",\"dateModified\":\"2026-02-17T13:39:02+00:00\",\"description\":\"Featuring a cute horse for the Year of the Horse and the Chinese phrase \u201cMa Shang Bao Fu\u201d, meaning \u201cwealth arrives instantly\u201d, this amulet attracts sudden wealth and financial breakthroughs.\",\"breadcrumb\":{\"@id\":\"http:\/\/fengshuifocus.com.sg\/de\/shop\/wealth\/get-rich-immediately-wealth-amulet\/#breadcrumb\"},\"inLanguage\":\"de\",\"potentialAction\":[{\"@type\":\"ReadAction\",\"target\":[\"http:\/\/fengshuifocus.com.sg\/de\/shop\/wealth\/get-rich-immediately-wealth-amulet\/\"]}]},{\"@type\":\"ImageObject\",\"inLanguage\":\"de\",\"@id\":\"http:\/\/fengshuifocus.com.sg\/de\/shop\/wealth\/get-rich-immediately-wealth-amulet\/#primaryimage\",\"url\":\"https:\/\/fengshuifocus.com.sg\/wp-content\/uploads\/2025\/12\/Get-Rich-Immediately-Amulet-front.jpg\",\"contentUrl\":\"https:\/\/fengshuifocus.com.sg\/wp-content\/uploads\/2025\/12\/Get-Rich-Immediately-Amulet-front.jpg\",\"width\":737,\"height\":737,\"caption\":\"Get Rich Immediately Amulet front\"},{\"@type\":\"BreadcrumbList\",\"@id\":\"http:\/\/fengshuifocus.com.sg\/de\/shop\/wealth\/get-rich-immediately-wealth-amulet\/#breadcrumb\",\"itemListElement\":[{\"@type\":\"ListItem\",\"position\":1,\"name\":\"Home\",\"item\":\"https:\/\/fengshuifocus.com.sg\/\"},{\"@type\":\"ListItem\",\"position\":2,\"name\":\"Feng Shui Focus Online Shop\",\"item\":\"https:\/\/fengshuifocus.com.sg\/de\/shop\/\"},{\"@type\":\"ListItem\",\"position\":3,\"name\":\"Get Rich Immediately Wealth Amulet\"}]},{\"@type\":\"WebSite\",\"@id\":\"https:\/\/fengshuifocus.com.sg\/de\/#website\",\"url\":\"https:\/\/fengshuifocus.com.sg\/de\/\",\"name\":\"Feng Shui Focus\",\"description\":\"Praktische L\u00f6sungen f\u00fcr das moderne Zuhause und B\u00fcro\",\"potentialAction\":[{\"@type\":\"SearchAction\",\"target\":{\"@type\":\"EntryPoint\",\"urlTemplate\":\"https:\/\/fengshuifocus.com.sg\/de\/?s={search_term_string}\"},\"query-input\":{\"@type\":\"PropertyValueSpecification\",\"valueRequired\":true,\"valueName\":\"search_term_string\"}}],\"inLanguage\":\"de\"}]}<\/script>\n<!-- \/ Yoast SEO plugin. -->","yoast_head_json":{"title":"Get Rich Immediately Wealth Amulet &#8212; Feng Shui Focus","robots":{"index":"index","follow":"follow","max-snippet":"max-snippet:-1","max-image-preview":"max-image-preview:large","max-video-preview":"max-video-preview:-1"},"canonical":"http:\/\/fengshuifocus.com.sg\/de\/shop\/wealth\/get-rich-immediately-wealth-amulet\/","og_locale":"de_DE","og_type":"article","og_title":"Get Rich Immediately Wealth Amulet","og_description":"Featuring a cute horse for the Year of the Horse and the Chinese phrase \u201cMa Shang Bao Fu\u201d, meaning \u201cwealth arrives instantly\u201d, this amulet attracts sudden wealth and financial breakthroughs.","og_url":"http:\/\/fengshuifocus.com.sg\/de\/shop\/wealth\/get-rich-immediately-wealth-amulet\/","og_site_name":"Feng Shui Focus","article_publisher":"https:\/\/www.facebook.com\/Feng-Shui-Focus-176469115722739\/?hc_ref=ARQeIaM_dqGJoG1GyHcEnC9wqA9DE2VYU7MZosxhMrw4oVdQfkxNRxrsDKl-F7yxicA","article_modified_time":"2026-02-17T13:39:02+00:00","og_image":[{"width":970,"height":970,"url":"https:\/\/fengshuifocus.com.sg\/wp-content\/uploads\/2025\/12\/Get-Rich-Immediately-Amulet-Lifestyle-sq-450x450.jpg","type":"image\/jpeg"}],"twitter_card":"summary_large_image","twitter_site":"@FengShuiFocus","twitter_misc":{"Gesch\u00e4tzte Lesezeit":"1\u00a0Minute"},"schema":{"@context":"https:\/\/schema.org","@graph":[{"@type":"WebPage","@id":"http:\/\/fengshuifocus.com.sg\/de\/shop\/wealth\/get-rich-immediately-wealth-amulet\/","url":"http:\/\/fengshuifocus.com.sg\/de\/shop\/wealth\/get-rich-immediately-wealth-amulet\/","name":"Get Rich Immediately Wealth Amulet &#8212; Feng Shui Focus","isPartOf":{"@id":"https:\/\/fengshuifocus.com.sg\/de\/#website"},"primaryImageOfPage":{"@id":"http:\/\/fengshuifocus.com.sg\/de\/shop\/wealth\/get-rich-immediately-wealth-amulet\/#primaryimage"},"image":{"@id":"http:\/\/fengshuifocus.com.sg\/de\/shop\/wealth\/get-rich-immediately-wealth-amulet\/#primaryimage"},"thumbnailUrl":"https:\/\/fengshuifocus.com.sg\/wp-content\/uploads\/2025\/12\/Get-Rich-Immediately-Amulet-front.jpg","datePublished":"2025-12-07T21:53:19+00:00","dateModified":"2026-02-17T13:39:02+00:00","description":"Featuring a cute horse for the Year of the Horse and the Chinese phrase \u201cMa Shang Bao Fu\u201d, meaning \u201cwealth arrives instantly\u201d, this amulet attracts sudden wealth and financial breakthroughs.","breadcrumb":{"@id":"http:\/\/fengshuifocus.com.sg\/de\/shop\/wealth\/get-rich-immediately-wealth-amulet\/#breadcrumb"},"inLanguage":"de","potentialAction":[{"@type":"ReadAction","target":["http:\/\/fengshuifocus.com.sg\/de\/shop\/wealth\/get-rich-immediately-wealth-amulet\/"]}]},{"@type":"ImageObject","inLanguage":"de","@id":"http:\/\/fengshuifocus.com.sg\/de\/shop\/wealth\/get-rich-immediately-wealth-amulet\/#primaryimage","url":"https:\/\/fengshuifocus.com.sg\/wp-content\/uploads\/2025\/12\/Get-Rich-Immediately-Amulet-front.jpg","contentUrl":"https:\/\/fengshuifocus.com.sg\/wp-content\/uploads\/2025\/12\/Get-Rich-Immediately-Amulet-front.jpg","width":737,"height":737,"caption":"Get Rich Immediately Amulet front"},{"@type":"BreadcrumbList","@id":"http:\/\/fengshuifocus.com.sg\/de\/shop\/wealth\/get-rich-immediately-wealth-amulet\/#breadcrumb","itemListElement":[{"@type":"ListItem","position":1,"name":"Home","item":"https:\/\/fengshuifocus.com.sg\/"},{"@type":"ListItem","position":2,"name":"Feng Shui Focus Online Shop","item":"https:\/\/fengshuifocus.com.sg\/de\/shop\/"},{"@type":"ListItem","position":3,"name":"Get Rich Immediately Wealth Amulet"}]},{"@type":"WebSite","@id":"https:\/\/fengshuifocus.com.sg\/de\/#website","url":"https:\/\/fengshuifocus.com.sg\/de\/","name":"Feng Shui Focus","description":"Praktische L\u00f6sungen f\u00fcr das moderne Zuhause und B\u00fcro","potentialAction":[{"@type":"SearchAction","target":{"@type":"EntryPoint","urlTemplate":"https:\/\/fengshuifocus.com.sg\/de\/?s={search_term_string}"},"query-input":{"@type":"PropertyValueSpecification","valueRequired":true,"valueName":"search_term_string"}}],"inLanguage":"de"}]}},"post_mailing_queue_ids":[],"_links":{"self":[{"href":"https:\/\/fengshuifocus.com.sg\/de\/wp-json\/wp\/v2\/product\/13629","targetHints":{"allow":["GET"]}}],"collection":[{"href":"https:\/\/fengshuifocus.com.sg\/de\/wp-json\/wp\/v2\/product"}],"about":[{"href":"https:\/\/fengshuifocus.com.sg\/de\/wp-json\/wp\/v2\/types\/product"}],"wp:featuredmedia":[{"embeddable":true,"href":"https:\/\/fengshuifocus.com.sg\/de\/wp-json\/wp\/v2\/media\/13631"}],"wp:attachment":[{"href":"https:\/\/fengshuifocus.com.sg\/de\/wp-json\/wp\/v2\/media?parent=13629"}],"wp:term":[{"taxonomy":"product_brand","embeddable":true,"href":"https:\/\/fengshuifocus.com.sg\/de\/wp-json\/wp\/v2\/product_brand?post=13629"},{"taxonomy":"product_cat","embeddable":true,"href":"https:\/\/fengshuifocus.com.sg\/de\/wp-json\/wp\/v2\/product_cat?post=13629"},{"taxonomy":"product_tag","embeddable":true,"href":"https:\/\/fengshuifocus.com.sg\/de\/wp-json\/wp\/v2\/product_tag?post=13629"}],"curies":[{"name":"wp","href":"https:\/\/api.w.org\/{rel}","templated":true}]}}