{"id":13640,"date":"2025-12-18T01:13:43","date_gmt":"2025-12-18T00:13:43","guid":{"rendered":"https:\/\/fengshuifocus.com.sg\/?post_type=product&#038;p=13640"},"modified":"2026-02-01T23:19:50","modified_gmt":"2026-02-01T22:19:50","slug":"the-strategic-rooster","status":"publish","type":"product","link":"https:\/\/fengshuifocus.com.sg\/de\/shop\/career-success\/the-strategic-rooster\/","title":{"rendered":"The Strategic Rooster"},"content":{"rendered":"<p>Unlock the power of strategic success with this Strategic Rooster! Sitting on top of a Chinese chess piece, this Rooster symbolises sharp thinking, calculated strategy and decisive action. The chess base represents foresight and intelligent planning \u2013 reminding us that success comes from making the right moves at the right time. One side of the chess piece bears the inscription \u201cZhan Lue Zhi Xing\u201d (Strategic Star), activating energy for clarity, wisdom and well-timed decisions, while the other side features the Gui Ren (Nobleman) Talisman to attract influential mentors, benefactors and timely support.<\/p>\n<p>The Rooster\u2019s vibrant red comb, known as \u201cguan\u201d in Mandarin, carries a powerful double meaning as it sounds like the word for \u201cOfficial\u201d. In Feng Shui symbolism, this represents recognition, authority, promotion and career advancement \u2013 bringing the kind of backing that truly helps you rise.<\/p>\n<p><strong>Place this Rooster in the centre of your home or office, or on your work desk, to strengthen personal growth, invite career breakthroughs and support confident, intelligent decision-making. <\/strong><\/p>\n<span class=\"\" style=\"display:block;clear:both;height: 0px;padding-top: 20px;border-top-width:0px;border-bottom-width:0px;\"><\/span>\n<p>Measurements: \u00a0\u00a0 approx. H 12.5cm x W 11cm x D 4.3cm<\/p>\n<span class=\"\" style=\"display:block;clear:both;height: 0px;padding-top: 20px;border-top-width:0px;border-bottom-width:0px;\"><\/span>\n","protected":false},"excerpt":{"rendered":"<p>Unlock the power of strategic success with this Strategic Rooster! Sitting on top of a Chinese chess piece, this Rooster symbolises sharp thinking, calculated strategy and decisive action. The chess base represents foresight and intelligent planning \u2013 reminding us that success comes from making the right moves at the right time. One side of the chess piece bears the inscription \u201cZhan Lue Zhi Xing\u201d (Strategic Star), activating energy for clarity, wisdom and well-timed decisions, while the other side features the Gui Ren (Nobleman) Talisman to attract influential mentors, benefactors and timely support.<\/p>\n[spacer height=\"20px\"]\n","protected":false},"featured_media":13644,"template":"","meta":{"kt_blocks_editor_width":"","_monsterinsights_skip_tracking":false,"_monsterinsights_sitenote_active":false,"_monsterinsights_sitenote_note":"","_monsterinsights_sitenote_category":0},"product_brand":[],"product_cat":[376,378,844],"product_tag":[525,392,539,858,410,483],"class_list":{"0":"post-13640","1":"product","2":"type-product","3":"status-publish","4":"has-post-thumbnail","6":"product_cat-career-success","7":"product_cat-feng-shui-home","8":"product_cat-year-of-the-horse","9":"product_tag-benefactors","10":"product_tag-mentors","11":"product_tag-rooster","12":"product_tag-strategy","13":"product_tag-success","14":"product_tag-support","16":"first","17":"outofstock","18":"shipping-taxable","19":"purchasable","20":"product-type-simple"},"translation":{"provider":"WPGlobus","version":"3.0.0","language":"de","enabled_languages":["en","de"],"languages":{"en":{"title":true,"content":true,"excerpt":true},"de":{"title":false,"content":false,"excerpt":false}}},"yoast_head":"<!-- This site is optimized with the Yoast SEO plugin v26.4 - https:\/\/yoast.com\/wordpress\/plugins\/seo\/ -->\n<title>The Strategic Rooster &#8212; Feng Shui Focus<\/title>\n<meta name=\"robots\" content=\"index, follow, max-snippet:-1, max-image-preview:large, max-video-preview:-1\" \/>\n<link rel=\"canonical\" href=\"https:\/\/fengshuifocus.com.sg\/shop\/career-success\/the-strategic-rooster\/\" \/>\n<meta property=\"og:locale\" content=\"de_DE\" \/>\n<meta property=\"og:type\" content=\"article\" \/>\n<meta property=\"og:title\" content=\"The Strategic Rooster\" \/>\n<meta property=\"og:description\" content=\"Unlock the power of strategic success with this Strategic Rooster!\" \/>\n<meta property=\"og:url\" content=\"https:\/\/fengshuifocus.com.sg\/shop\/career-success\/the-strategic-rooster\/\" \/>\n<meta property=\"og:site_name\" content=\"Feng Shui Focus\" \/>\n<meta property=\"article:publisher\" content=\"https:\/\/www.facebook.com\/Feng-Shui-Focus-176469115722739\/?hc_ref=ARQeIaM_dqGJoG1GyHcEnC9wqA9DE2VYU7MZosxhMrw4oVdQfkxNRxrsDKl-F7yxicA\" \/>\n<meta property=\"article:modified_time\" content=\"2026-02-01T22:19:50+00:00\" \/>\n<meta property=\"og:image\" content=\"https:\/\/fengshuifocus.com.sg\/wp-content\/uploads\/2025\/12\/The-Strategic-Rooster-Lifestyle-450x450.jpg\" \/>\n\t<meta property=\"og:image:width\" content=\"1024\" \/>\n\t<meta property=\"og:image:height\" content=\"1024\" \/>\n\t<meta property=\"og:image:type\" content=\"image\/jpeg\" \/>\n<meta name=\"twitter:card\" content=\"summary_large_image\" \/>\n<meta name=\"twitter:site\" content=\"@FengShuiFocus\" \/>\n<meta name=\"twitter:label1\" content=\"Gesch\u00e4tzte Lesezeit\" \/>\n\t<meta name=\"twitter:data1\" content=\"1\u00a0Minute\" \/>\n<script type=\"application\/ld+json\" class=\"yoast-schema-graph\">{\"@context\":\"https:\/\/schema.org\",\"@graph\":[{\"@type\":\"WebPage\",\"@id\":\"https:\/\/fengshuifocus.com.sg\/shop\/career-success\/the-strategic-rooster\/\",\"url\":\"https:\/\/fengshuifocus.com.sg\/shop\/career-success\/the-strategic-rooster\/\",\"name\":\"The Strategic Rooster &#8212; Feng Shui Focus\",\"isPartOf\":{\"@id\":\"https:\/\/fengshuifocus.com.sg\/de\/#website\"},\"primaryImageOfPage\":{\"@id\":\"https:\/\/fengshuifocus.com.sg\/shop\/career-success\/the-strategic-rooster\/#primaryimage\"},\"image\":{\"@id\":\"https:\/\/fengshuifocus.com.sg\/shop\/career-success\/the-strategic-rooster\/#primaryimage\"},\"thumbnailUrl\":\"https:\/\/fengshuifocus.com.sg\/wp-content\/uploads\/2025\/12\/The-Strategic-Rooster-Lifestyle.jpg\",\"datePublished\":\"2025-12-18T00:13:43+00:00\",\"dateModified\":\"2026-02-01T22:19:50+00:00\",\"description\":\"Unlock the power of strategic success with this Strategic Rooster!\",\"breadcrumb\":{\"@id\":\"https:\/\/fengshuifocus.com.sg\/shop\/career-success\/the-strategic-rooster\/#breadcrumb\"},\"inLanguage\":\"de\",\"potentialAction\":[{\"@type\":\"ReadAction\",\"target\":[\"https:\/\/fengshuifocus.com.sg\/shop\/career-success\/the-strategic-rooster\/\"]}]},{\"@type\":\"ImageObject\",\"inLanguage\":\"de\",\"@id\":\"https:\/\/fengshuifocus.com.sg\/shop\/career-success\/the-strategic-rooster\/#primaryimage\",\"url\":\"https:\/\/fengshuifocus.com.sg\/wp-content\/uploads\/2025\/12\/The-Strategic-Rooster-Lifestyle.jpg\",\"contentUrl\":\"https:\/\/fengshuifocus.com.sg\/wp-content\/uploads\/2025\/12\/The-Strategic-Rooster-Lifestyle.jpg\",\"width\":1024,\"height\":1024,\"caption\":\"The Strategic Rooster Lifestyle\"},{\"@type\":\"BreadcrumbList\",\"@id\":\"https:\/\/fengshuifocus.com.sg\/shop\/career-success\/the-strategic-rooster\/#breadcrumb\",\"itemListElement\":[{\"@type\":\"ListItem\",\"position\":1,\"name\":\"Home\",\"item\":\"https:\/\/fengshuifocus.com.sg\/\"},{\"@type\":\"ListItem\",\"position\":2,\"name\":\"Feng Shui Focus Online Shop\",\"item\":\"https:\/\/fengshuifocus.com.sg\/de\/shop\/\"},{\"@type\":\"ListItem\",\"position\":3,\"name\":\"The Strategic Rooster\"}]},{\"@type\":\"WebSite\",\"@id\":\"https:\/\/fengshuifocus.com.sg\/de\/#website\",\"url\":\"https:\/\/fengshuifocus.com.sg\/de\/\",\"name\":\"Feng Shui Focus\",\"description\":\"Praktische L\u00f6sungen f\u00fcr das moderne Zuhause und B\u00fcro\",\"potentialAction\":[{\"@type\":\"SearchAction\",\"target\":{\"@type\":\"EntryPoint\",\"urlTemplate\":\"https:\/\/fengshuifocus.com.sg\/de\/?s={search_term_string}\"},\"query-input\":{\"@type\":\"PropertyValueSpecification\",\"valueRequired\":true,\"valueName\":\"search_term_string\"}}],\"inLanguage\":\"de\"}]}<\/script>\n<!-- \/ Yoast SEO plugin. -->","yoast_head_json":{"title":"The Strategic Rooster &#8212; Feng Shui Focus","robots":{"index":"index","follow":"follow","max-snippet":"max-snippet:-1","max-image-preview":"max-image-preview:large","max-video-preview":"max-video-preview:-1"},"canonical":"https:\/\/fengshuifocus.com.sg\/shop\/career-success\/the-strategic-rooster\/","og_locale":"de_DE","og_type":"article","og_title":"The Strategic Rooster","og_description":"Unlock the power of strategic success with this Strategic Rooster!","og_url":"https:\/\/fengshuifocus.com.sg\/shop\/career-success\/the-strategic-rooster\/","og_site_name":"Feng Shui Focus","article_publisher":"https:\/\/www.facebook.com\/Feng-Shui-Focus-176469115722739\/?hc_ref=ARQeIaM_dqGJoG1GyHcEnC9wqA9DE2VYU7MZosxhMrw4oVdQfkxNRxrsDKl-F7yxicA","article_modified_time":"2026-02-01T22:19:50+00:00","og_image":[{"width":1024,"height":1024,"url":"https:\/\/fengshuifocus.com.sg\/wp-content\/uploads\/2025\/12\/The-Strategic-Rooster-Lifestyle-450x450.jpg","type":"image\/jpeg"}],"twitter_card":"summary_large_image","twitter_site":"@FengShuiFocus","twitter_misc":{"Gesch\u00e4tzte Lesezeit":"1\u00a0Minute"},"schema":{"@context":"https:\/\/schema.org","@graph":[{"@type":"WebPage","@id":"https:\/\/fengshuifocus.com.sg\/shop\/career-success\/the-strategic-rooster\/","url":"https:\/\/fengshuifocus.com.sg\/shop\/career-success\/the-strategic-rooster\/","name":"The Strategic Rooster &#8212; Feng Shui Focus","isPartOf":{"@id":"https:\/\/fengshuifocus.com.sg\/de\/#website"},"primaryImageOfPage":{"@id":"https:\/\/fengshuifocus.com.sg\/shop\/career-success\/the-strategic-rooster\/#primaryimage"},"image":{"@id":"https:\/\/fengshuifocus.com.sg\/shop\/career-success\/the-strategic-rooster\/#primaryimage"},"thumbnailUrl":"https:\/\/fengshuifocus.com.sg\/wp-content\/uploads\/2025\/12\/The-Strategic-Rooster-Lifestyle.jpg","datePublished":"2025-12-18T00:13:43+00:00","dateModified":"2026-02-01T22:19:50+00:00","description":"Unlock the power of strategic success with this Strategic Rooster!","breadcrumb":{"@id":"https:\/\/fengshuifocus.com.sg\/shop\/career-success\/the-strategic-rooster\/#breadcrumb"},"inLanguage":"de","potentialAction":[{"@type":"ReadAction","target":["https:\/\/fengshuifocus.com.sg\/shop\/career-success\/the-strategic-rooster\/"]}]},{"@type":"ImageObject","inLanguage":"de","@id":"https:\/\/fengshuifocus.com.sg\/shop\/career-success\/the-strategic-rooster\/#primaryimage","url":"https:\/\/fengshuifocus.com.sg\/wp-content\/uploads\/2025\/12\/The-Strategic-Rooster-Lifestyle.jpg","contentUrl":"https:\/\/fengshuifocus.com.sg\/wp-content\/uploads\/2025\/12\/The-Strategic-Rooster-Lifestyle.jpg","width":1024,"height":1024,"caption":"The Strategic Rooster Lifestyle"},{"@type":"BreadcrumbList","@id":"https:\/\/fengshuifocus.com.sg\/shop\/career-success\/the-strategic-rooster\/#breadcrumb","itemListElement":[{"@type":"ListItem","position":1,"name":"Home","item":"https:\/\/fengshuifocus.com.sg\/"},{"@type":"ListItem","position":2,"name":"Feng Shui Focus Online Shop","item":"https:\/\/fengshuifocus.com.sg\/de\/shop\/"},{"@type":"ListItem","position":3,"name":"The Strategic Rooster"}]},{"@type":"WebSite","@id":"https:\/\/fengshuifocus.com.sg\/de\/#website","url":"https:\/\/fengshuifocus.com.sg\/de\/","name":"Feng Shui Focus","description":"Praktische L\u00f6sungen f\u00fcr das moderne Zuhause und B\u00fcro","potentialAction":[{"@type":"SearchAction","target":{"@type":"EntryPoint","urlTemplate":"https:\/\/fengshuifocus.com.sg\/de\/?s={search_term_string}"},"query-input":{"@type":"PropertyValueSpecification","valueRequired":true,"valueName":"search_term_string"}}],"inLanguage":"de"}]}},"post_mailing_queue_ids":[],"_links":{"self":[{"href":"https:\/\/fengshuifocus.com.sg\/de\/wp-json\/wp\/v2\/product\/13640","targetHints":{"allow":["GET"]}}],"collection":[{"href":"https:\/\/fengshuifocus.com.sg\/de\/wp-json\/wp\/v2\/product"}],"about":[{"href":"https:\/\/fengshuifocus.com.sg\/de\/wp-json\/wp\/v2\/types\/product"}],"wp:featuredmedia":[{"embeddable":true,"href":"https:\/\/fengshuifocus.com.sg\/de\/wp-json\/wp\/v2\/media\/13644"}],"wp:attachment":[{"href":"https:\/\/fengshuifocus.com.sg\/de\/wp-json\/wp\/v2\/media?parent=13640"}],"wp:term":[{"taxonomy":"product_brand","embeddable":true,"href":"https:\/\/fengshuifocus.com.sg\/de\/wp-json\/wp\/v2\/product_brand?post=13640"},{"taxonomy":"product_cat","embeddable":true,"href":"https:\/\/fengshuifocus.com.sg\/de\/wp-json\/wp\/v2\/product_cat?post=13640"},{"taxonomy":"product_tag","embeddable":true,"href":"https:\/\/fengshuifocus.com.sg\/de\/wp-json\/wp\/v2\/product_tag?post=13640"}],"curies":[{"name":"wp","href":"https:\/\/api.w.org\/{rel}","templated":true}]}}