{"id":13646,"date":"2025-12-18T01:19:47","date_gmt":"2025-12-18T00:19:47","guid":{"rendered":"https:\/\/fengshuifocus.com.sg\/?post_type=product&#038;p=13646"},"modified":"2026-03-24T05:04:40","modified_gmt":"2026-03-24T04:04:40","slug":"dragon-phoenix-life-force-amulet","status":"publish","type":"product","link":"https:\/\/fengshuifocus.com.sg\/de\/shop\/health\/dragon-phoenix-life-force-amulet\/","title":{"rendered":"Dragon &#038; Phoenix Life Force Amulet"},"content":{"rendered":"<p>This is an amulet that helps you replenish and restore your life force. It features the Dragon and Phoenix, the ultimate yin-yang pairing in Feng Shui. The Dragon embodies dynamic Yang energy \u2013 bringing strength, courage and transformative power \u2013 while the Phoenix represents nurturing Yin energy, symbolising resilience, renewal and longevity.<\/p>\n<p>Together, they create the perfect balance of Chi, encouraging smooth energy flow throughout the body and environment. This balanced Chi supports stronger vitality, clearer thinking and greater emotional stability. Encircling the design is the Chinese character for \u201cChi\u201d, reinforcing the amulet\u2019s ability to restore life force, inner strength and energetic balance. On the back, the Life Force Amulet further amplifies its rejuvenating effects.<\/p>\n<p><strong>Especially beneficial for those feeling drained, overwhelmed or energetically depleted<\/strong>, this amulet is also highly supportive for animal signs experiencing low Life Force \u2013 helping to rebuild vitality and restore a sense of well-being.<\/p>\n<p><strong>In 2026, highly recommended for: <\/strong><\/p>\n<ul>\n<li><strong>The Snake, Horse, Monkey and Rooster, as their Life Force is very low and needs strengthening. <\/strong><\/li>\n<li><strong>The Tiger and Rabbit, as their Life Forse is weak and would benefit from a boost. <\/strong><\/li>\n<\/ul>\n<span class=\"\" style=\"display:block;clear:both;height: 0px;padding-top: 20px;border-top-width:0px;border-bottom-width:0px;\"><\/span>\n<p>Measurements: \u00a0\u00a0 diameter approx. 5cm without chain<\/p>\n<span class=\"\" style=\"display:block;clear:both;height: 0px;padding-top: 20px;border-top-width:0px;border-bottom-width:0px;\"><\/span>\n","protected":false},"excerpt":{"rendered":"<p>This is an amulet that helps you replenish and restore your life force. It features the Dragon and Phoenix, the ultimate yin-yang pairing in Feng Shui. The Dragon embodies dynamic Yang energy \u2013 bringing strength, courage and transformative power \u2013 while the Phoenix represents nurturing Yin energy, symbolising resilience, renewal and longevity.<\/p>\n<p>Together, they create the perfect balance of Chi, encouraging smooth energy flow throughout the body and environment. This balanced Chi supports stronger vitality, clearer thinking and greater emotional stability. Encircling the design is the Chinese character for \u201cChi\u201d, reinforcing the amulet\u2019s ability to restore life force, inner strength and energetic balance. On the back, the Life Force Amulet further amplifies its rejuvenating effects.<\/p>\n[spacer height=\"20px\"]\n","protected":false},"featured_media":13648,"template":"","meta":{"kt_blocks_editor_width":"","_monsterinsights_skip_tracking":false,"_monsterinsights_sitenote_active":false,"_monsterinsights_sitenote_note":"","_monsterinsights_sitenote_category":0},"product_brand":[],"product_cat":[376,374,844],"product_tag":[382,462,539],"class_list":{"0":"post-13646","1":"product","2":"type-product","3":"status-publish","4":"has-post-thumbnail","6":"product_cat-career-success","7":"product_cat-health","8":"product_cat-year-of-the-horse","9":"product_tag-dragon","10":"product_tag-life-force","11":"product_tag-rooster","13":"first","14":"instock","15":"shipping-taxable","16":"purchasable","17":"product-type-simple"},"translation":{"provider":"WPGlobus","version":"3.0.0","language":"de","enabled_languages":["en","de"],"languages":{"en":{"title":true,"content":true,"excerpt":true},"de":{"title":false,"content":false,"excerpt":false}}},"yoast_head":"<!-- This site is optimized with the Yoast SEO plugin v26.4 - https:\/\/yoast.com\/wordpress\/plugins\/seo\/ -->\n<title>Dragon &amp; Phoenix Life Force Amulet &#8212; Feng Shui Focus<\/title>\n<meta name=\"robots\" content=\"index, follow, max-snippet:-1, max-image-preview:large, max-video-preview:-1\" \/>\n<link rel=\"canonical\" href=\"https:\/\/fengshuifocus.com.sg\/shop\/health\/dragon-phoenix-life-force-amulet\/\" \/>\n<meta property=\"og:locale\" content=\"de_DE\" \/>\n<meta property=\"og:type\" content=\"article\" \/>\n<meta property=\"og:title\" content=\"Dragon &amp; Phoenix Life Force Amulet\" \/>\n<meta property=\"og:description\" content=\"This is an amulet that helps you replenish and restore your life force.\" \/>\n<meta property=\"og:url\" content=\"https:\/\/fengshuifocus.com.sg\/shop\/health\/dragon-phoenix-life-force-amulet\/\" \/>\n<meta property=\"og:site_name\" content=\"Feng Shui Focus\" \/>\n<meta property=\"article:publisher\" content=\"https:\/\/www.facebook.com\/Feng-Shui-Focus-176469115722739\/?hc_ref=ARQeIaM_dqGJoG1GyHcEnC9wqA9DE2VYU7MZosxhMrw4oVdQfkxNRxrsDKl-F7yxicA\" \/>\n<meta property=\"article:modified_time\" content=\"2026-03-24T04:04:40+00:00\" \/>\n<meta property=\"og:image\" content=\"https:\/\/fengshuifocus.com.sg\/wp-content\/uploads\/2025\/12\/Dragon-Phoenix-Life-Force-Amulet-front.jpg\" \/>\n\t<meta property=\"og:image:width\" content=\"702\" \/>\n\t<meta property=\"og:image:height\" content=\"702\" \/>\n\t<meta property=\"og:image:type\" content=\"image\/jpeg\" \/>\n<meta name=\"twitter:card\" content=\"summary_large_image\" \/>\n<meta name=\"twitter:site\" content=\"@FengShuiFocus\" \/>\n<meta name=\"twitter:label1\" content=\"Gesch\u00e4tzte Lesezeit\" \/>\n\t<meta name=\"twitter:data1\" content=\"1\u00a0Minute\" \/>\n<script type=\"application\/ld+json\" class=\"yoast-schema-graph\">{\"@context\":\"https:\/\/schema.org\",\"@graph\":[{\"@type\":\"WebPage\",\"@id\":\"https:\/\/fengshuifocus.com.sg\/shop\/health\/dragon-phoenix-life-force-amulet\/\",\"url\":\"https:\/\/fengshuifocus.com.sg\/shop\/health\/dragon-phoenix-life-force-amulet\/\",\"name\":\"Dragon & Phoenix Life Force Amulet &#8212; Feng Shui Focus\",\"isPartOf\":{\"@id\":\"https:\/\/fengshuifocus.com.sg\/de\/#website\"},\"primaryImageOfPage\":{\"@id\":\"https:\/\/fengshuifocus.com.sg\/shop\/health\/dragon-phoenix-life-force-amulet\/#primaryimage\"},\"image\":{\"@id\":\"https:\/\/fengshuifocus.com.sg\/shop\/health\/dragon-phoenix-life-force-amulet\/#primaryimage\"},\"thumbnailUrl\":\"https:\/\/fengshuifocus.com.sg\/wp-content\/uploads\/2025\/12\/Dragon-Phoenix-Life-Force-Amulet-front.jpg\",\"datePublished\":\"2025-12-18T00:19:47+00:00\",\"dateModified\":\"2026-03-24T04:04:40+00:00\",\"description\":\"This is an amulet that helps you replenish and restore your life force.\",\"breadcrumb\":{\"@id\":\"https:\/\/fengshuifocus.com.sg\/shop\/health\/dragon-phoenix-life-force-amulet\/#breadcrumb\"},\"inLanguage\":\"de\",\"potentialAction\":[{\"@type\":\"ReadAction\",\"target\":[\"https:\/\/fengshuifocus.com.sg\/shop\/health\/dragon-phoenix-life-force-amulet\/\"]}]},{\"@type\":\"ImageObject\",\"inLanguage\":\"de\",\"@id\":\"https:\/\/fengshuifocus.com.sg\/shop\/health\/dragon-phoenix-life-force-amulet\/#primaryimage\",\"url\":\"https:\/\/fengshuifocus.com.sg\/wp-content\/uploads\/2025\/12\/Dragon-Phoenix-Life-Force-Amulet-front.jpg\",\"contentUrl\":\"https:\/\/fengshuifocus.com.sg\/wp-content\/uploads\/2025\/12\/Dragon-Phoenix-Life-Force-Amulet-front.jpg\",\"width\":702,\"height\":702,\"caption\":\"Dragon & Phoenix Life Force Amulet\"},{\"@type\":\"BreadcrumbList\",\"@id\":\"https:\/\/fengshuifocus.com.sg\/shop\/health\/dragon-phoenix-life-force-amulet\/#breadcrumb\",\"itemListElement\":[{\"@type\":\"ListItem\",\"position\":1,\"name\":\"Home\",\"item\":\"https:\/\/fengshuifocus.com.sg\/\"},{\"@type\":\"ListItem\",\"position\":2,\"name\":\"Feng Shui Focus Online Shop\",\"item\":\"https:\/\/fengshuifocus.com.sg\/de\/shop\/\"},{\"@type\":\"ListItem\",\"position\":3,\"name\":\"Dragon &#038; Phoenix Life Force Amulet\"}]},{\"@type\":\"WebSite\",\"@id\":\"https:\/\/fengshuifocus.com.sg\/de\/#website\",\"url\":\"https:\/\/fengshuifocus.com.sg\/de\/\",\"name\":\"Feng Shui Focus\",\"description\":\"Praktische L\u00f6sungen f\u00fcr das moderne Zuhause und B\u00fcro\",\"potentialAction\":[{\"@type\":\"SearchAction\",\"target\":{\"@type\":\"EntryPoint\",\"urlTemplate\":\"https:\/\/fengshuifocus.com.sg\/de\/?s={search_term_string}\"},\"query-input\":{\"@type\":\"PropertyValueSpecification\",\"valueRequired\":true,\"valueName\":\"search_term_string\"}}],\"inLanguage\":\"de\"}]}<\/script>\n<!-- \/ Yoast SEO plugin. -->","yoast_head_json":{"title":"Dragon & Phoenix Life Force Amulet &#8212; Feng Shui Focus","robots":{"index":"index","follow":"follow","max-snippet":"max-snippet:-1","max-image-preview":"max-image-preview:large","max-video-preview":"max-video-preview:-1"},"canonical":"https:\/\/fengshuifocus.com.sg\/shop\/health\/dragon-phoenix-life-force-amulet\/","og_locale":"de_DE","og_type":"article","og_title":"Dragon & Phoenix Life Force Amulet","og_description":"This is an amulet that helps you replenish and restore your life force.","og_url":"https:\/\/fengshuifocus.com.sg\/shop\/health\/dragon-phoenix-life-force-amulet\/","og_site_name":"Feng Shui Focus","article_publisher":"https:\/\/www.facebook.com\/Feng-Shui-Focus-176469115722739\/?hc_ref=ARQeIaM_dqGJoG1GyHcEnC9wqA9DE2VYU7MZosxhMrw4oVdQfkxNRxrsDKl-F7yxicA","article_modified_time":"2026-03-24T04:04:40+00:00","og_image":[{"width":702,"height":702,"url":"https:\/\/fengshuifocus.com.sg\/wp-content\/uploads\/2025\/12\/Dragon-Phoenix-Life-Force-Amulet-front.jpg","type":"image\/jpeg"}],"twitter_card":"summary_large_image","twitter_site":"@FengShuiFocus","twitter_misc":{"Gesch\u00e4tzte Lesezeit":"1\u00a0Minute"},"schema":{"@context":"https:\/\/schema.org","@graph":[{"@type":"WebPage","@id":"https:\/\/fengshuifocus.com.sg\/shop\/health\/dragon-phoenix-life-force-amulet\/","url":"https:\/\/fengshuifocus.com.sg\/shop\/health\/dragon-phoenix-life-force-amulet\/","name":"Dragon & Phoenix Life Force Amulet &#8212; Feng Shui Focus","isPartOf":{"@id":"https:\/\/fengshuifocus.com.sg\/de\/#website"},"primaryImageOfPage":{"@id":"https:\/\/fengshuifocus.com.sg\/shop\/health\/dragon-phoenix-life-force-amulet\/#primaryimage"},"image":{"@id":"https:\/\/fengshuifocus.com.sg\/shop\/health\/dragon-phoenix-life-force-amulet\/#primaryimage"},"thumbnailUrl":"https:\/\/fengshuifocus.com.sg\/wp-content\/uploads\/2025\/12\/Dragon-Phoenix-Life-Force-Amulet-front.jpg","datePublished":"2025-12-18T00:19:47+00:00","dateModified":"2026-03-24T04:04:40+00:00","description":"This is an amulet that helps you replenish and restore your life force.","breadcrumb":{"@id":"https:\/\/fengshuifocus.com.sg\/shop\/health\/dragon-phoenix-life-force-amulet\/#breadcrumb"},"inLanguage":"de","potentialAction":[{"@type":"ReadAction","target":["https:\/\/fengshuifocus.com.sg\/shop\/health\/dragon-phoenix-life-force-amulet\/"]}]},{"@type":"ImageObject","inLanguage":"de","@id":"https:\/\/fengshuifocus.com.sg\/shop\/health\/dragon-phoenix-life-force-amulet\/#primaryimage","url":"https:\/\/fengshuifocus.com.sg\/wp-content\/uploads\/2025\/12\/Dragon-Phoenix-Life-Force-Amulet-front.jpg","contentUrl":"https:\/\/fengshuifocus.com.sg\/wp-content\/uploads\/2025\/12\/Dragon-Phoenix-Life-Force-Amulet-front.jpg","width":702,"height":702,"caption":"Dragon & Phoenix Life Force Amulet"},{"@type":"BreadcrumbList","@id":"https:\/\/fengshuifocus.com.sg\/shop\/health\/dragon-phoenix-life-force-amulet\/#breadcrumb","itemListElement":[{"@type":"ListItem","position":1,"name":"Home","item":"https:\/\/fengshuifocus.com.sg\/"},{"@type":"ListItem","position":2,"name":"Feng Shui Focus Online Shop","item":"https:\/\/fengshuifocus.com.sg\/de\/shop\/"},{"@type":"ListItem","position":3,"name":"Dragon &#038; Phoenix Life Force Amulet"}]},{"@type":"WebSite","@id":"https:\/\/fengshuifocus.com.sg\/de\/#website","url":"https:\/\/fengshuifocus.com.sg\/de\/","name":"Feng Shui Focus","description":"Praktische L\u00f6sungen f\u00fcr das moderne Zuhause und B\u00fcro","potentialAction":[{"@type":"SearchAction","target":{"@type":"EntryPoint","urlTemplate":"https:\/\/fengshuifocus.com.sg\/de\/?s={search_term_string}"},"query-input":{"@type":"PropertyValueSpecification","valueRequired":true,"valueName":"search_term_string"}}],"inLanguage":"de"}]}},"post_mailing_queue_ids":[],"_links":{"self":[{"href":"https:\/\/fengshuifocus.com.sg\/de\/wp-json\/wp\/v2\/product\/13646","targetHints":{"allow":["GET"]}}],"collection":[{"href":"https:\/\/fengshuifocus.com.sg\/de\/wp-json\/wp\/v2\/product"}],"about":[{"href":"https:\/\/fengshuifocus.com.sg\/de\/wp-json\/wp\/v2\/types\/product"}],"wp:featuredmedia":[{"embeddable":true,"href":"https:\/\/fengshuifocus.com.sg\/de\/wp-json\/wp\/v2\/media\/13648"}],"wp:attachment":[{"href":"https:\/\/fengshuifocus.com.sg\/de\/wp-json\/wp\/v2\/media?parent=13646"}],"wp:term":[{"taxonomy":"product_brand","embeddable":true,"href":"https:\/\/fengshuifocus.com.sg\/de\/wp-json\/wp\/v2\/product_brand?post=13646"},{"taxonomy":"product_cat","embeddable":true,"href":"https:\/\/fengshuifocus.com.sg\/de\/wp-json\/wp\/v2\/product_cat?post=13646"},{"taxonomy":"product_tag","embeddable":true,"href":"https:\/\/fengshuifocus.com.sg\/de\/wp-json\/wp\/v2\/product_tag?post=13646"}],"curies":[{"name":"wp","href":"https:\/\/api.w.org\/{rel}","templated":true}]}}