{"id":13651,"date":"2025-12-12T00:19:12","date_gmt":"2025-12-11T23:19:12","guid":{"rendered":"https:\/\/fengshuifocus.com.sg\/?post_type=product&#038;p=13651"},"modified":"2026-02-23T23:43:06","modified_gmt":"2026-02-23T22:43:06","slug":"anti-burglary-window-sticker","status":"publish","type":"product","link":"https:\/\/fengshuifocus.com.sg\/de\/shop\/protection\/anti-burglary-window-sticker\/","title":{"rendered":"Anti-Burglary Window Sticker"},"content":{"rendered":"<p>The blue Rhino &amp; Elephant pair provide formidable protection against theft, violence, betrayal and loss. This protective sticker is further enhanced with the Anti-Robbery Amulet and the sacred seed syllable HUM, both traditionally used to repel harm, neutralise malicious intent and protect against loss. Together, these symbols create a strong energetic barrier that keeps negative influences at bay.<\/p>\n<p><strong>It is a very practical protection against the No 7 Burglary &amp; Loss Star, which flies into the SW in 2026.<\/strong><\/p>\n<p>You can apply this sticker to your car windows (especially if you are born in the Years of the Sheep or Monkey), or stick them on your SW home or office windows to safeguard against robbery, break-ins, intrusion and accidents.<\/p>\n<p>An essential talisman for navigating an unpredictable world, this sticker offers protection wherever you are.<\/p>\n<span class=\"\" style=\"display:block;clear:both;height: 0px;padding-top: 20px;border-top-width:0px;border-bottom-width:0px;\"><\/span>\n<p>Measurements: \u00a0\u00a0 diameter approx. 12.5cm<\/p>\n<span class=\"\" style=\"display:block;clear:both;height: 0px;padding-top: 20px;border-top-width:0px;border-bottom-width:0px;\"><\/span>\n","protected":false},"excerpt":{"rendered":"<p>The blue Rhino &amp; Elephant pair provide formidable protection against theft, violence, betrayal and loss. This protective sticker is further enhanced with the Anti-Robbery Amulet and the sacred seed syllable HUM, both traditionally used to repel harm, neutralise malicious intent and protect against loss. Together, these symbols create a strong energetic barrier that keeps negative influences at bay.<\/p>\n<p>&nbsp;<\/p>\n<p><strong>It is a very practical protection against the No 7 Burglary &amp; Loss Star, which flies into the SW in 2026. <\/strong><\/p>\n[spacer height=\"20px\"]\n","protected":false},"featured_media":13652,"template":"","meta":{"kt_blocks_editor_width":"","_monsterinsights_skip_tracking":false,"_monsterinsights_sitenote_active":false,"_monsterinsights_sitenote_note":"","_monsterinsights_sitenote_category":0},"product_brand":[],"product_cat":[378,377,844],"product_tag":[],"class_list":{"0":"post-13651","1":"product","2":"type-product","3":"status-publish","4":"has-post-thumbnail","6":"product_cat-feng-shui-home","7":"product_cat-protection","8":"product_cat-year-of-the-horse","10":"first","11":"outofstock","12":"shipping-taxable","13":"purchasable","14":"product-type-simple"},"translation":{"provider":"WPGlobus","version":"3.0.0","language":"de","enabled_languages":["en","de"],"languages":{"en":{"title":true,"content":true,"excerpt":true},"de":{"title":false,"content":false,"excerpt":false}}},"yoast_head":"<!-- This site is optimized with the Yoast SEO plugin v26.4 - https:\/\/yoast.com\/wordpress\/plugins\/seo\/ -->\n<title>Anti-Burglary Window Sticker &#8212; Feng Shui Focus<\/title>\n<meta name=\"robots\" content=\"index, follow, max-snippet:-1, max-image-preview:large, max-video-preview:-1\" \/>\n<link rel=\"canonical\" href=\"http:\/\/fengshuifocus.com.sg\/shop\/protection\/anti-burglary-window-sticker\/\" \/>\n<meta property=\"og:locale\" content=\"de_DE\" \/>\n<meta property=\"og:type\" content=\"article\" \/>\n<meta property=\"og:title\" content=\"Anti-Burglary Window Sticker\" \/>\n<meta property=\"og:description\" content=\"The blue Rhino &amp; Elephant pair provide formidable protection against theft, violence, betrayal and loss.\" \/>\n<meta property=\"og:url\" content=\"http:\/\/fengshuifocus.com.sg\/shop\/protection\/anti-burglary-window-sticker\/\" \/>\n<meta property=\"og:site_name\" content=\"Feng Shui Focus\" \/>\n<meta property=\"article:publisher\" content=\"https:\/\/www.facebook.com\/Feng-Shui-Focus-176469115722739\/?hc_ref=ARQeIaM_dqGJoG1GyHcEnC9wqA9DE2VYU7MZosxhMrw4oVdQfkxNRxrsDKl-F7yxicA\" \/>\n<meta property=\"article:modified_time\" content=\"2026-02-23T22:43:06+00:00\" \/>\n<meta property=\"og:image\" content=\"https:\/\/fengshuifocus.com.sg\/wp-content\/uploads\/2025\/12\/Anti-Burglary-Sticker-2026-439x450.jpeg\" \/>\n\t<meta property=\"og:image:width\" content=\"1348\" \/>\n\t<meta property=\"og:image:height\" content=\"1382\" \/>\n\t<meta property=\"og:image:type\" content=\"image\/jpeg\" \/>\n<meta name=\"twitter:card\" content=\"summary_large_image\" \/>\n<meta name=\"twitter:site\" content=\"@FengShuiFocus\" \/>\n<meta name=\"twitter:label1\" content=\"Gesch\u00e4tzte Lesezeit\" \/>\n\t<meta name=\"twitter:data1\" content=\"1\u00a0Minute\" \/>\n<script type=\"application\/ld+json\" class=\"yoast-schema-graph\">{\"@context\":\"https:\/\/schema.org\",\"@graph\":[{\"@type\":\"WebPage\",\"@id\":\"http:\/\/fengshuifocus.com.sg\/shop\/protection\/anti-burglary-window-sticker\/\",\"url\":\"http:\/\/fengshuifocus.com.sg\/shop\/protection\/anti-burglary-window-sticker\/\",\"name\":\"Anti-Burglary Window Sticker &#8212; Feng Shui Focus\",\"isPartOf\":{\"@id\":\"https:\/\/fengshuifocus.com.sg\/de\/#website\"},\"primaryImageOfPage\":{\"@id\":\"http:\/\/fengshuifocus.com.sg\/shop\/protection\/anti-burglary-window-sticker\/#primaryimage\"},\"image\":{\"@id\":\"http:\/\/fengshuifocus.com.sg\/shop\/protection\/anti-burglary-window-sticker\/#primaryimage\"},\"thumbnailUrl\":\"https:\/\/fengshuifocus.com.sg\/wp-content\/uploads\/2025\/12\/Anti-Burglary-Sticker-2026.jpeg\",\"datePublished\":\"2025-12-11T23:19:12+00:00\",\"dateModified\":\"2026-02-23T22:43:06+00:00\",\"description\":\"The blue Rhino & Elephant pair provide formidable protection against theft, violence, betrayal and loss.\",\"breadcrumb\":{\"@id\":\"http:\/\/fengshuifocus.com.sg\/shop\/protection\/anti-burglary-window-sticker\/#breadcrumb\"},\"inLanguage\":\"de\",\"potentialAction\":[{\"@type\":\"ReadAction\",\"target\":[\"http:\/\/fengshuifocus.com.sg\/shop\/protection\/anti-burglary-window-sticker\/\"]}]},{\"@type\":\"ImageObject\",\"inLanguage\":\"de\",\"@id\":\"http:\/\/fengshuifocus.com.sg\/shop\/protection\/anti-burglary-window-sticker\/#primaryimage\",\"url\":\"https:\/\/fengshuifocus.com.sg\/wp-content\/uploads\/2025\/12\/Anti-Burglary-Sticker-2026.jpeg\",\"contentUrl\":\"https:\/\/fengshuifocus.com.sg\/wp-content\/uploads\/2025\/12\/Anti-Burglary-Sticker-2026.jpeg\",\"width\":1348,\"height\":1382},{\"@type\":\"BreadcrumbList\",\"@id\":\"http:\/\/fengshuifocus.com.sg\/shop\/protection\/anti-burglary-window-sticker\/#breadcrumb\",\"itemListElement\":[{\"@type\":\"ListItem\",\"position\":1,\"name\":\"Home\",\"item\":\"https:\/\/fengshuifocus.com.sg\/\"},{\"@type\":\"ListItem\",\"position\":2,\"name\":\"Feng Shui Focus Online Shop\",\"item\":\"https:\/\/fengshuifocus.com.sg\/de\/shop\/\"},{\"@type\":\"ListItem\",\"position\":3,\"name\":\"Anti-Burglary Window Sticker\"}]},{\"@type\":\"WebSite\",\"@id\":\"https:\/\/fengshuifocus.com.sg\/de\/#website\",\"url\":\"https:\/\/fengshuifocus.com.sg\/de\/\",\"name\":\"Feng Shui Focus\",\"description\":\"Praktische L\u00f6sungen f\u00fcr das moderne Zuhause und B\u00fcro\",\"potentialAction\":[{\"@type\":\"SearchAction\",\"target\":{\"@type\":\"EntryPoint\",\"urlTemplate\":\"https:\/\/fengshuifocus.com.sg\/de\/?s={search_term_string}\"},\"query-input\":{\"@type\":\"PropertyValueSpecification\",\"valueRequired\":true,\"valueName\":\"search_term_string\"}}],\"inLanguage\":\"de\"}]}<\/script>\n<!-- \/ Yoast SEO plugin. -->","yoast_head_json":{"title":"Anti-Burglary Window Sticker &#8212; Feng Shui Focus","robots":{"index":"index","follow":"follow","max-snippet":"max-snippet:-1","max-image-preview":"max-image-preview:large","max-video-preview":"max-video-preview:-1"},"canonical":"http:\/\/fengshuifocus.com.sg\/shop\/protection\/anti-burglary-window-sticker\/","og_locale":"de_DE","og_type":"article","og_title":"Anti-Burglary Window Sticker","og_description":"The blue Rhino & Elephant pair provide formidable protection against theft, violence, betrayal and loss.","og_url":"http:\/\/fengshuifocus.com.sg\/shop\/protection\/anti-burglary-window-sticker\/","og_site_name":"Feng Shui Focus","article_publisher":"https:\/\/www.facebook.com\/Feng-Shui-Focus-176469115722739\/?hc_ref=ARQeIaM_dqGJoG1GyHcEnC9wqA9DE2VYU7MZosxhMrw4oVdQfkxNRxrsDKl-F7yxicA","article_modified_time":"2026-02-23T22:43:06+00:00","og_image":[{"width":1348,"height":1382,"url":"https:\/\/fengshuifocus.com.sg\/wp-content\/uploads\/2025\/12\/Anti-Burglary-Sticker-2026-439x450.jpeg","type":"image\/jpeg"}],"twitter_card":"summary_large_image","twitter_site":"@FengShuiFocus","twitter_misc":{"Gesch\u00e4tzte Lesezeit":"1\u00a0Minute"},"schema":{"@context":"https:\/\/schema.org","@graph":[{"@type":"WebPage","@id":"http:\/\/fengshuifocus.com.sg\/shop\/protection\/anti-burglary-window-sticker\/","url":"http:\/\/fengshuifocus.com.sg\/shop\/protection\/anti-burglary-window-sticker\/","name":"Anti-Burglary Window Sticker &#8212; Feng Shui Focus","isPartOf":{"@id":"https:\/\/fengshuifocus.com.sg\/de\/#website"},"primaryImageOfPage":{"@id":"http:\/\/fengshuifocus.com.sg\/shop\/protection\/anti-burglary-window-sticker\/#primaryimage"},"image":{"@id":"http:\/\/fengshuifocus.com.sg\/shop\/protection\/anti-burglary-window-sticker\/#primaryimage"},"thumbnailUrl":"https:\/\/fengshuifocus.com.sg\/wp-content\/uploads\/2025\/12\/Anti-Burglary-Sticker-2026.jpeg","datePublished":"2025-12-11T23:19:12+00:00","dateModified":"2026-02-23T22:43:06+00:00","description":"The blue Rhino & Elephant pair provide formidable protection against theft, violence, betrayal and loss.","breadcrumb":{"@id":"http:\/\/fengshuifocus.com.sg\/shop\/protection\/anti-burglary-window-sticker\/#breadcrumb"},"inLanguage":"de","potentialAction":[{"@type":"ReadAction","target":["http:\/\/fengshuifocus.com.sg\/shop\/protection\/anti-burglary-window-sticker\/"]}]},{"@type":"ImageObject","inLanguage":"de","@id":"http:\/\/fengshuifocus.com.sg\/shop\/protection\/anti-burglary-window-sticker\/#primaryimage","url":"https:\/\/fengshuifocus.com.sg\/wp-content\/uploads\/2025\/12\/Anti-Burglary-Sticker-2026.jpeg","contentUrl":"https:\/\/fengshuifocus.com.sg\/wp-content\/uploads\/2025\/12\/Anti-Burglary-Sticker-2026.jpeg","width":1348,"height":1382},{"@type":"BreadcrumbList","@id":"http:\/\/fengshuifocus.com.sg\/shop\/protection\/anti-burglary-window-sticker\/#breadcrumb","itemListElement":[{"@type":"ListItem","position":1,"name":"Home","item":"https:\/\/fengshuifocus.com.sg\/"},{"@type":"ListItem","position":2,"name":"Feng Shui Focus Online Shop","item":"https:\/\/fengshuifocus.com.sg\/de\/shop\/"},{"@type":"ListItem","position":3,"name":"Anti-Burglary Window Sticker"}]},{"@type":"WebSite","@id":"https:\/\/fengshuifocus.com.sg\/de\/#website","url":"https:\/\/fengshuifocus.com.sg\/de\/","name":"Feng Shui Focus","description":"Praktische L\u00f6sungen f\u00fcr das moderne Zuhause und B\u00fcro","potentialAction":[{"@type":"SearchAction","target":{"@type":"EntryPoint","urlTemplate":"https:\/\/fengshuifocus.com.sg\/de\/?s={search_term_string}"},"query-input":{"@type":"PropertyValueSpecification","valueRequired":true,"valueName":"search_term_string"}}],"inLanguage":"de"}]}},"post_mailing_queue_ids":[],"_links":{"self":[{"href":"https:\/\/fengshuifocus.com.sg\/de\/wp-json\/wp\/v2\/product\/13651","targetHints":{"allow":["GET"]}}],"collection":[{"href":"https:\/\/fengshuifocus.com.sg\/de\/wp-json\/wp\/v2\/product"}],"about":[{"href":"https:\/\/fengshuifocus.com.sg\/de\/wp-json\/wp\/v2\/types\/product"}],"wp:featuredmedia":[{"embeddable":true,"href":"https:\/\/fengshuifocus.com.sg\/de\/wp-json\/wp\/v2\/media\/13652"}],"wp:attachment":[{"href":"https:\/\/fengshuifocus.com.sg\/de\/wp-json\/wp\/v2\/media?parent=13651"}],"wp:term":[{"taxonomy":"product_brand","embeddable":true,"href":"https:\/\/fengshuifocus.com.sg\/de\/wp-json\/wp\/v2\/product_brand?post=13651"},{"taxonomy":"product_cat","embeddable":true,"href":"https:\/\/fengshuifocus.com.sg\/de\/wp-json\/wp\/v2\/product_cat?post=13651"},{"taxonomy":"product_tag","embeddable":true,"href":"https:\/\/fengshuifocus.com.sg\/de\/wp-json\/wp\/v2\/product_tag?post=13651"}],"curies":[{"name":"wp","href":"https:\/\/api.w.org\/{rel}","templated":true}]}}