{"id":13654,"date":"2025-12-19T00:24:36","date_gmt":"2025-12-18T23:24:36","guid":{"rendered":"https:\/\/fengshuifocus.com.sg\/?post_type=product&#038;p=13654"},"modified":"2026-03-02T09:18:41","modified_gmt":"2026-03-02T08:18:41","slug":"active-rhinoceros-elephant-amulet","status":"publish","type":"product","link":"https:\/\/fengshuifocus.com.sg\/de\/shop\/protection\/active-rhinoceros-elephant-amulet\/","title":{"rendered":"Active Rhinoceros &#038; Elephant Amulet"},"content":{"rendered":"<p>Fierce, fast-moving and alert \u2013 the powerful Rhino and Elephant pair protects you from the No 7 Burglary &amp; Loss Star, helping to neutralise the dangers of theft, robbery, pickpockets, cheating, and financial loss. Enhanced with the Anti-Robbery and Anti-Scammer Amulets, this talisman works on multiple levels, stopping thieves and betrayal before it happens.<\/p>\n<p>Clip it onto your bag or keys wherever you go \u2013 meetings, travelling or socialising \u2013 to give you peace of mind and provide a protective shield.<\/p>\n<p><strong>In 2026, particularly recommended for: <\/strong><\/p>\n<ul>\n<li><strong>Persons born in the Years of the Sheep or Monkey.<\/strong><\/li>\n<li><strong>The Matriarch<\/strong><\/li>\n<li><strong>Those with bedroom in the SW.<\/strong><\/li>\n<li><strong>Residents of SW-facing houses. <\/strong><\/li>\n<\/ul>\n<span class=\"\" style=\"display:block;clear:both;height: 0px;padding-top: 20px;border-top-width:0px;border-bottom-width:0px;\"><\/span>\n<p>Measurements:<\/p>\n<p>Elephant &#8211; approx. H 3.5cm x W 4.5cm without chain<\/p>\n<p>Rhino\u00a0 \u00a0 \u00a0 &#8211; approx. H 2.5cm x W 4.2cm without chain<\/p>\n<span class=\"\" style=\"display:block;clear:both;height: 0px;padding-top: 20px;border-top-width:0px;border-bottom-width:0px;\"><\/span>\n","protected":false},"excerpt":{"rendered":"<p>Fierce, fast-moving and alert \u2013 the powerful Rhino and Elephant pair protects you from the No 7 Burglary &amp; Loss Star, helping to neutralise the dangers of theft, robbery, pickpockets, cheating, and financial loss. Enhanced with the Anti-Robbery and Anti-Scammer Amulets, this talisman works on multiple levels, stopping thieves and betrayal before it happens.<\/p>\n<p>Clip it onto your bag or keys wherever you go \u2013 meetings, travelling or socialising \u2013 to give you peace of mind and provide a protective shield.<\/p>\n[spacer height=\"20px\"]\n","protected":false},"featured_media":13655,"template":"","meta":{"kt_blocks_editor_width":"","_monsterinsights_skip_tracking":false,"_monsterinsights_sitenote_active":false,"_monsterinsights_sitenote_note":"","_monsterinsights_sitenote_category":0},"product_brand":[],"product_cat":[377,844],"product_tag":[859],"class_list":{"0":"post-13654","1":"product","2":"type-product","3":"status-publish","4":"has-post-thumbnail","6":"product_cat-protection","7":"product_cat-year-of-the-horse","8":"product_tag-rhinoceros","10":"first","11":"outofstock","12":"shipping-taxable","13":"purchasable","14":"product-type-simple"},"translation":{"provider":"WPGlobus","version":"3.0.0","language":"de","enabled_languages":["en","de"],"languages":{"en":{"title":true,"content":true,"excerpt":true},"de":{"title":false,"content":false,"excerpt":false}}},"yoast_head":"<!-- This site is optimized with the Yoast SEO plugin v26.4 - https:\/\/yoast.com\/wordpress\/plugins\/seo\/ -->\n<title>Active Rhinoceros &amp; Elephant Amulet &#8212; Feng Shui Focus<\/title>\n<meta name=\"robots\" content=\"index, follow, max-snippet:-1, max-image-preview:large, max-video-preview:-1\" \/>\n<link rel=\"canonical\" href=\"https:\/\/fengshuifocus.com.sg\/shop\/protection\/active-rhinoceros-elephant-amulet\/\" \/>\n<meta property=\"og:locale\" content=\"de_DE\" \/>\n<meta property=\"og:type\" content=\"article\" \/>\n<meta property=\"og:title\" content=\"Active Rhinoceros &amp; Elephant Amulet\" \/>\n<meta property=\"og:description\" content=\"Fierce, fast-moving and alert \u2013 the powerful Rhino and Elephant pair protects you from the No 7 Burglary &amp; Loss Star, helping to neutralise the dangers of theft, robbery, pickpockets, cheating, and financial loss.\" \/>\n<meta property=\"og:url\" content=\"https:\/\/fengshuifocus.com.sg\/shop\/protection\/active-rhinoceros-elephant-amulet\/\" \/>\n<meta property=\"og:site_name\" content=\"Feng Shui Focus\" \/>\n<meta property=\"article:publisher\" content=\"https:\/\/www.facebook.com\/Feng-Shui-Focus-176469115722739\/?hc_ref=ARQeIaM_dqGJoG1GyHcEnC9wqA9DE2VYU7MZosxhMrw4oVdQfkxNRxrsDKl-F7yxicA\" \/>\n<meta property=\"article:modified_time\" content=\"2026-03-02T08:18:41+00:00\" \/>\n<meta property=\"og:image\" content=\"https:\/\/fengshuifocus.com.sg\/wp-content\/uploads\/2025\/12\/Active-Rhino-Elephant-Amulet-Lifestyle-450x450.jpg\" \/>\n\t<meta property=\"og:image:width\" content=\"1024\" \/>\n\t<meta property=\"og:image:height\" content=\"1024\" \/>\n\t<meta property=\"og:image:type\" content=\"image\/jpeg\" \/>\n<meta name=\"twitter:card\" content=\"summary_large_image\" \/>\n<meta name=\"twitter:site\" content=\"@FengShuiFocus\" \/>\n<meta name=\"twitter:label1\" content=\"Gesch\u00e4tzte Lesezeit\" \/>\n\t<meta name=\"twitter:data1\" content=\"1\u00a0Minute\" \/>\n<script type=\"application\/ld+json\" class=\"yoast-schema-graph\">{\"@context\":\"https:\/\/schema.org\",\"@graph\":[{\"@type\":\"WebPage\",\"@id\":\"https:\/\/fengshuifocus.com.sg\/shop\/protection\/active-rhinoceros-elephant-amulet\/\",\"url\":\"https:\/\/fengshuifocus.com.sg\/shop\/protection\/active-rhinoceros-elephant-amulet\/\",\"name\":\"Active Rhinoceros & Elephant Amulet &#8212; Feng Shui Focus\",\"isPartOf\":{\"@id\":\"https:\/\/fengshuifocus.com.sg\/de\/#website\"},\"primaryImageOfPage\":{\"@id\":\"https:\/\/fengshuifocus.com.sg\/shop\/protection\/active-rhinoceros-elephant-amulet\/#primaryimage\"},\"image\":{\"@id\":\"https:\/\/fengshuifocus.com.sg\/shop\/protection\/active-rhinoceros-elephant-amulet\/#primaryimage\"},\"thumbnailUrl\":\"https:\/\/fengshuifocus.com.sg\/wp-content\/uploads\/2025\/12\/Active-Rhino-Elephant-Amulet-1.jpg\",\"datePublished\":\"2025-12-18T23:24:36+00:00\",\"dateModified\":\"2026-03-02T08:18:41+00:00\",\"description\":\"Fierce, fast-moving and alert \u2013 the powerful Rhino and Elephant pair protects you from the No 7 Burglary & Loss Star, helping to neutralise the dangers of theft, robbery, pickpockets, cheating, and financial loss.\",\"breadcrumb\":{\"@id\":\"https:\/\/fengshuifocus.com.sg\/shop\/protection\/active-rhinoceros-elephant-amulet\/#breadcrumb\"},\"inLanguage\":\"de\",\"potentialAction\":[{\"@type\":\"ReadAction\",\"target\":[\"https:\/\/fengshuifocus.com.sg\/shop\/protection\/active-rhinoceros-elephant-amulet\/\"]}]},{\"@type\":\"ImageObject\",\"inLanguage\":\"de\",\"@id\":\"https:\/\/fengshuifocus.com.sg\/shop\/protection\/active-rhinoceros-elephant-amulet\/#primaryimage\",\"url\":\"https:\/\/fengshuifocus.com.sg\/wp-content\/uploads\/2025\/12\/Active-Rhino-Elephant-Amulet-1.jpg\",\"contentUrl\":\"https:\/\/fengshuifocus.com.sg\/wp-content\/uploads\/2025\/12\/Active-Rhino-Elephant-Amulet-1.jpg\",\"width\":663,\"height\":663},{\"@type\":\"BreadcrumbList\",\"@id\":\"https:\/\/fengshuifocus.com.sg\/shop\/protection\/active-rhinoceros-elephant-amulet\/#breadcrumb\",\"itemListElement\":[{\"@type\":\"ListItem\",\"position\":1,\"name\":\"Home\",\"item\":\"https:\/\/fengshuifocus.com.sg\/\"},{\"@type\":\"ListItem\",\"position\":2,\"name\":\"Feng Shui Focus Online Shop\",\"item\":\"https:\/\/fengshuifocus.com.sg\/de\/shop\/\"},{\"@type\":\"ListItem\",\"position\":3,\"name\":\"Active Rhinoceros &#038; Elephant Amulet\"}]},{\"@type\":\"WebSite\",\"@id\":\"https:\/\/fengshuifocus.com.sg\/de\/#website\",\"url\":\"https:\/\/fengshuifocus.com.sg\/de\/\",\"name\":\"Feng Shui Focus\",\"description\":\"Praktische L\u00f6sungen f\u00fcr das moderne Zuhause und B\u00fcro\",\"potentialAction\":[{\"@type\":\"SearchAction\",\"target\":{\"@type\":\"EntryPoint\",\"urlTemplate\":\"https:\/\/fengshuifocus.com.sg\/de\/?s={search_term_string}\"},\"query-input\":{\"@type\":\"PropertyValueSpecification\",\"valueRequired\":true,\"valueName\":\"search_term_string\"}}],\"inLanguage\":\"de\"}]}<\/script>\n<!-- \/ Yoast SEO plugin. -->","yoast_head_json":{"title":"Active Rhinoceros & Elephant Amulet &#8212; Feng Shui Focus","robots":{"index":"index","follow":"follow","max-snippet":"max-snippet:-1","max-image-preview":"max-image-preview:large","max-video-preview":"max-video-preview:-1"},"canonical":"https:\/\/fengshuifocus.com.sg\/shop\/protection\/active-rhinoceros-elephant-amulet\/","og_locale":"de_DE","og_type":"article","og_title":"Active Rhinoceros & Elephant Amulet","og_description":"Fierce, fast-moving and alert \u2013 the powerful Rhino and Elephant pair protects you from the No 7 Burglary & Loss Star, helping to neutralise the dangers of theft, robbery, pickpockets, cheating, and financial loss.","og_url":"https:\/\/fengshuifocus.com.sg\/shop\/protection\/active-rhinoceros-elephant-amulet\/","og_site_name":"Feng Shui Focus","article_publisher":"https:\/\/www.facebook.com\/Feng-Shui-Focus-176469115722739\/?hc_ref=ARQeIaM_dqGJoG1GyHcEnC9wqA9DE2VYU7MZosxhMrw4oVdQfkxNRxrsDKl-F7yxicA","article_modified_time":"2026-03-02T08:18:41+00:00","og_image":[{"width":1024,"height":1024,"url":"https:\/\/fengshuifocus.com.sg\/wp-content\/uploads\/2025\/12\/Active-Rhino-Elephant-Amulet-Lifestyle-450x450.jpg","type":"image\/jpeg"}],"twitter_card":"summary_large_image","twitter_site":"@FengShuiFocus","twitter_misc":{"Gesch\u00e4tzte Lesezeit":"1\u00a0Minute"},"schema":{"@context":"https:\/\/schema.org","@graph":[{"@type":"WebPage","@id":"https:\/\/fengshuifocus.com.sg\/shop\/protection\/active-rhinoceros-elephant-amulet\/","url":"https:\/\/fengshuifocus.com.sg\/shop\/protection\/active-rhinoceros-elephant-amulet\/","name":"Active Rhinoceros & Elephant Amulet &#8212; Feng Shui Focus","isPartOf":{"@id":"https:\/\/fengshuifocus.com.sg\/de\/#website"},"primaryImageOfPage":{"@id":"https:\/\/fengshuifocus.com.sg\/shop\/protection\/active-rhinoceros-elephant-amulet\/#primaryimage"},"image":{"@id":"https:\/\/fengshuifocus.com.sg\/shop\/protection\/active-rhinoceros-elephant-amulet\/#primaryimage"},"thumbnailUrl":"https:\/\/fengshuifocus.com.sg\/wp-content\/uploads\/2025\/12\/Active-Rhino-Elephant-Amulet-1.jpg","datePublished":"2025-12-18T23:24:36+00:00","dateModified":"2026-03-02T08:18:41+00:00","description":"Fierce, fast-moving and alert \u2013 the powerful Rhino and Elephant pair protects you from the No 7 Burglary & Loss Star, helping to neutralise the dangers of theft, robbery, pickpockets, cheating, and financial loss.","breadcrumb":{"@id":"https:\/\/fengshuifocus.com.sg\/shop\/protection\/active-rhinoceros-elephant-amulet\/#breadcrumb"},"inLanguage":"de","potentialAction":[{"@type":"ReadAction","target":["https:\/\/fengshuifocus.com.sg\/shop\/protection\/active-rhinoceros-elephant-amulet\/"]}]},{"@type":"ImageObject","inLanguage":"de","@id":"https:\/\/fengshuifocus.com.sg\/shop\/protection\/active-rhinoceros-elephant-amulet\/#primaryimage","url":"https:\/\/fengshuifocus.com.sg\/wp-content\/uploads\/2025\/12\/Active-Rhino-Elephant-Amulet-1.jpg","contentUrl":"https:\/\/fengshuifocus.com.sg\/wp-content\/uploads\/2025\/12\/Active-Rhino-Elephant-Amulet-1.jpg","width":663,"height":663},{"@type":"BreadcrumbList","@id":"https:\/\/fengshuifocus.com.sg\/shop\/protection\/active-rhinoceros-elephant-amulet\/#breadcrumb","itemListElement":[{"@type":"ListItem","position":1,"name":"Home","item":"https:\/\/fengshuifocus.com.sg\/"},{"@type":"ListItem","position":2,"name":"Feng Shui Focus Online Shop","item":"https:\/\/fengshuifocus.com.sg\/de\/shop\/"},{"@type":"ListItem","position":3,"name":"Active Rhinoceros &#038; Elephant Amulet"}]},{"@type":"WebSite","@id":"https:\/\/fengshuifocus.com.sg\/de\/#website","url":"https:\/\/fengshuifocus.com.sg\/de\/","name":"Feng Shui Focus","description":"Praktische L\u00f6sungen f\u00fcr das moderne Zuhause und B\u00fcro","potentialAction":[{"@type":"SearchAction","target":{"@type":"EntryPoint","urlTemplate":"https:\/\/fengshuifocus.com.sg\/de\/?s={search_term_string}"},"query-input":{"@type":"PropertyValueSpecification","valueRequired":true,"valueName":"search_term_string"}}],"inLanguage":"de"}]}},"post_mailing_queue_ids":[],"_links":{"self":[{"href":"https:\/\/fengshuifocus.com.sg\/de\/wp-json\/wp\/v2\/product\/13654","targetHints":{"allow":["GET"]}}],"collection":[{"href":"https:\/\/fengshuifocus.com.sg\/de\/wp-json\/wp\/v2\/product"}],"about":[{"href":"https:\/\/fengshuifocus.com.sg\/de\/wp-json\/wp\/v2\/types\/product"}],"wp:featuredmedia":[{"embeddable":true,"href":"https:\/\/fengshuifocus.com.sg\/de\/wp-json\/wp\/v2\/media\/13655"}],"wp:attachment":[{"href":"https:\/\/fengshuifocus.com.sg\/de\/wp-json\/wp\/v2\/media?parent=13654"}],"wp:term":[{"taxonomy":"product_brand","embeddable":true,"href":"https:\/\/fengshuifocus.com.sg\/de\/wp-json\/wp\/v2\/product_brand?post=13654"},{"taxonomy":"product_cat","embeddable":true,"href":"https:\/\/fengshuifocus.com.sg\/de\/wp-json\/wp\/v2\/product_cat?post=13654"},{"taxonomy":"product_tag","embeddable":true,"href":"https:\/\/fengshuifocus.com.sg\/de\/wp-json\/wp\/v2\/product_tag?post=13654"}],"curies":[{"name":"wp","href":"https:\/\/api.w.org\/{rel}","templated":true}]}}