{"id":13663,"date":"2025-12-19T00:37:13","date_gmt":"2025-12-18T23:37:13","guid":{"rendered":"https:\/\/fengshuifocus.com.sg\/?post_type=product&#038;p=13663"},"modified":"2026-02-23T23:41:04","modified_gmt":"2026-02-23T22:41:04","slug":"tai-kat-tai-ley-apple-amulet","status":"publish","type":"product","link":"https:\/\/fengshuifocus.com.sg\/de\/shop\/wealth\/tai-kat-tai-ley-apple-amulet\/","title":{"rendered":"\u201cTai Kat Tai Ley\u201d Apple Amulet"},"content":{"rendered":"<p>This pretty amulet features three auspicious fruits together with the Anti-Conflict Amulet to offer protection from aggression and conflict brought by the Quarrelsome No 3 Star.<\/p>\n<p>The apple is engraved with the Chinese words \u201cHer Ping\u201d, meaning \u201cpeace\u201d, to promote harmony and smooth relationships. The orange is engraved with the words \u201cTai Kat\u201d, meaning \u201cgreat luck\u201d, to represent wealth and good fortune. The golden pear has the words \u201cTai Ley\u201d engraved, meaning \u201cgreat profits\u201d, to bring wonderful prosperity luck and long-term success. Together, they symbolise the popular Chinese greeting \u201cTai Kat Tai Ley\u201d, which translates to \u201cgreat luck and great profits\u201d \u2013 a wish that is full of symbolism.<\/p>\n<p>Carry this amulet charm to bring you peace, prosperity and protection wherever you go.<\/p>\n<p><strong>In 2026, highly recommended for: <\/strong><\/p>\n<ul>\n<li><strong>People born in the Year of the Rooster.<\/strong><\/li>\n<li><strong>The youngest daughter.<\/strong><\/li>\n<li><strong>People with bedroom in the WEST. <\/strong><\/li>\n<li><strong>People living in WEST-facing houses. <\/strong><\/li>\n<\/ul>\n<span class=\"\" style=\"display:block;clear:both;height: 0px;padding-top: 20px;border-top-width:0px;border-bottom-width:0px;\"><\/span>\n<p>Measurements:<\/p>\n<p>Diameter of each piece approx. 3.5cm<\/p>\n<p>Length of amulet approx. 13cm incl. clip.<\/p>\n<span class=\"\" style=\"display:block;clear:both;height: 0px;padding-top: 20px;border-top-width:0px;border-bottom-width:0px;\"><\/span>\n","protected":false},"excerpt":{"rendered":"<p>This pretty amulet features three auspicious fruits together with the Anti-Conflict Amulet to offer protection from aggression and conflict brought by the Quarrelsome No 3 Star.<\/p>\n<p>The apple is engraved with the Chinese words \u201cHer Ping\u201d, meaning \u201cpeace\u201d, to promote harmony and smooth relationships. The orange is engraved with the words \u201cTai Kat\u201d, meaning \u201cgreat luck\u201d, to represent wealth and good fortune. The golden pear has the words \u201cTai Ley\u201d engraved, meaning \u201cgreat profits\u201d, to bring wonderful prosperity luck and long-term success. Together, they symbolise the popular Chinese greeting \u201cTai Kat Tai Ley\u201d, which translates to \u201cgreat luck and great profits\u201d \u2013 a wish that is full of symbolism.<\/p>\n[spacer height=\"20px\"]\n","protected":false},"featured_media":13665,"template":"","meta":{"kt_blocks_editor_width":"","_monsterinsights_skip_tracking":false,"_monsterinsights_sitenote_active":false,"_monsterinsights_sitenote_note":"","_monsterinsights_sitenote_category":0},"product_brand":[],"product_cat":[377,375,844],"product_tag":[443,504,425,512,862,385,503],"class_list":{"0":"post-13663","1":"product","2":"type-product","3":"status-publish","4":"has-post-thumbnail","6":"product_cat-protection","7":"product_cat-wealth","8":"product_cat-year-of-the-horse","9":"product_tag-aggression","10":"product_tag-arguments","11":"product_tag-conflict","12":"product_tag-peace","13":"product_tag-profits","14":"product_tag-prosperity","15":"product_tag-protection","17":"first","18":"outofstock","19":"shipping-taxable","20":"purchasable","21":"product-type-simple"},"translation":{"provider":"WPGlobus","version":"3.0.0","language":"de","enabled_languages":["en","de"],"languages":{"en":{"title":true,"content":true,"excerpt":true},"de":{"title":false,"content":false,"excerpt":false}}},"yoast_head":"<!-- This site is optimized with the Yoast SEO plugin v26.4 - https:\/\/yoast.com\/wordpress\/plugins\/seo\/ -->\n<title>\u201cTai Kat Tai Ley\u201d Apple Amulet &#8212; Feng Shui Focus<\/title>\n<meta name=\"robots\" content=\"index, follow, max-snippet:-1, max-image-preview:large, max-video-preview:-1\" \/>\n<link rel=\"canonical\" href=\"https:\/\/fengshuifocus.com.sg\/shop\/wealth\/tai-kat-tai-ley-apple-amulet\/\" \/>\n<meta property=\"og:locale\" content=\"de_DE\" \/>\n<meta property=\"og:type\" content=\"article\" \/>\n<meta property=\"og:title\" content=\"\u201cTai Kat Tai Ley\u201d Apple Amulet\" \/>\n<meta property=\"og:description\" content=\"This pretty amulet features three auspicious fruits together with the Anti-Conflict Amulet to offer protection from aggression and conflict brought by the Quarrelsome No 3 Star.\" \/>\n<meta property=\"og:url\" content=\"https:\/\/fengshuifocus.com.sg\/shop\/wealth\/tai-kat-tai-ley-apple-amulet\/\" \/>\n<meta property=\"og:site_name\" content=\"Feng Shui Focus\" \/>\n<meta property=\"article:publisher\" content=\"https:\/\/www.facebook.com\/Feng-Shui-Focus-176469115722739\/?hc_ref=ARQeIaM_dqGJoG1GyHcEnC9wqA9DE2VYU7MZosxhMrw4oVdQfkxNRxrsDKl-F7yxicA\" \/>\n<meta property=\"article:modified_time\" content=\"2026-02-23T22:41:04+00:00\" \/>\n<meta property=\"og:image\" content=\"https:\/\/fengshuifocus.com.sg\/wp-content\/uploads\/2025\/12\/Tai-Kat-Tai-Ley-Apple-Amulet-Lifestyle-450x450.jpg\" \/>\n\t<meta property=\"og:image:width\" content=\"1024\" \/>\n\t<meta property=\"og:image:height\" content=\"1024\" \/>\n\t<meta property=\"og:image:type\" content=\"image\/jpeg\" \/>\n<meta name=\"twitter:card\" content=\"summary_large_image\" \/>\n<meta name=\"twitter:site\" content=\"@FengShuiFocus\" \/>\n<meta name=\"twitter:label1\" content=\"Gesch\u00e4tzte Lesezeit\" \/>\n\t<meta name=\"twitter:data1\" content=\"1\u00a0Minute\" \/>\n<script type=\"application\/ld+json\" class=\"yoast-schema-graph\">{\"@context\":\"https:\/\/schema.org\",\"@graph\":[{\"@type\":\"WebPage\",\"@id\":\"https:\/\/fengshuifocus.com.sg\/shop\/wealth\/tai-kat-tai-ley-apple-amulet\/\",\"url\":\"https:\/\/fengshuifocus.com.sg\/shop\/wealth\/tai-kat-tai-ley-apple-amulet\/\",\"name\":\"\u201cTai Kat Tai Ley\u201d Apple Amulet &#8212; Feng Shui Focus\",\"isPartOf\":{\"@id\":\"https:\/\/fengshuifocus.com.sg\/de\/#website\"},\"primaryImageOfPage\":{\"@id\":\"https:\/\/fengshuifocus.com.sg\/shop\/wealth\/tai-kat-tai-ley-apple-amulet\/#primaryimage\"},\"image\":{\"@id\":\"https:\/\/fengshuifocus.com.sg\/shop\/wealth\/tai-kat-tai-ley-apple-amulet\/#primaryimage\"},\"thumbnailUrl\":\"https:\/\/fengshuifocus.com.sg\/wp-content\/uploads\/2025\/12\/Tai-Kat-Tai-Ley-Apple-Amulet.jpg\",\"datePublished\":\"2025-12-18T23:37:13+00:00\",\"dateModified\":\"2026-02-23T22:41:04+00:00\",\"description\":\"This pretty amulet features three auspicious fruits together with the Anti-Conflict Amulet to offer protection from aggression and conflict brought by the Quarrelsome No 3 Star.\",\"breadcrumb\":{\"@id\":\"https:\/\/fengshuifocus.com.sg\/shop\/wealth\/tai-kat-tai-ley-apple-amulet\/#breadcrumb\"},\"inLanguage\":\"de\",\"potentialAction\":[{\"@type\":\"ReadAction\",\"target\":[\"https:\/\/fengshuifocus.com.sg\/shop\/wealth\/tai-kat-tai-ley-apple-amulet\/\"]}]},{\"@type\":\"ImageObject\",\"inLanguage\":\"de\",\"@id\":\"https:\/\/fengshuifocus.com.sg\/shop\/wealth\/tai-kat-tai-ley-apple-amulet\/#primaryimage\",\"url\":\"https:\/\/fengshuifocus.com.sg\/wp-content\/uploads\/2025\/12\/Tai-Kat-Tai-Ley-Apple-Amulet.jpg\",\"contentUrl\":\"https:\/\/fengshuifocus.com.sg\/wp-content\/uploads\/2025\/12\/Tai-Kat-Tai-Ley-Apple-Amulet.jpg\",\"width\":681,\"height\":681,\"caption\":\"Tai Kat Tai Ley Apple Amulet\"},{\"@type\":\"BreadcrumbList\",\"@id\":\"https:\/\/fengshuifocus.com.sg\/shop\/wealth\/tai-kat-tai-ley-apple-amulet\/#breadcrumb\",\"itemListElement\":[{\"@type\":\"ListItem\",\"position\":1,\"name\":\"Home\",\"item\":\"https:\/\/fengshuifocus.com.sg\/\"},{\"@type\":\"ListItem\",\"position\":2,\"name\":\"Feng Shui Focus Online Shop\",\"item\":\"https:\/\/fengshuifocus.com.sg\/de\/shop\/\"},{\"@type\":\"ListItem\",\"position\":3,\"name\":\"\u201cTai Kat Tai Ley\u201d Apple Amulet\"}]},{\"@type\":\"WebSite\",\"@id\":\"https:\/\/fengshuifocus.com.sg\/de\/#website\",\"url\":\"https:\/\/fengshuifocus.com.sg\/de\/\",\"name\":\"Feng Shui Focus\",\"description\":\"Praktische L\u00f6sungen f\u00fcr das moderne Zuhause und B\u00fcro\",\"potentialAction\":[{\"@type\":\"SearchAction\",\"target\":{\"@type\":\"EntryPoint\",\"urlTemplate\":\"https:\/\/fengshuifocus.com.sg\/de\/?s={search_term_string}\"},\"query-input\":{\"@type\":\"PropertyValueSpecification\",\"valueRequired\":true,\"valueName\":\"search_term_string\"}}],\"inLanguage\":\"de\"}]}<\/script>\n<!-- \/ Yoast SEO plugin. -->","yoast_head_json":{"title":"\u201cTai Kat Tai Ley\u201d Apple Amulet &#8212; Feng Shui Focus","robots":{"index":"index","follow":"follow","max-snippet":"max-snippet:-1","max-image-preview":"max-image-preview:large","max-video-preview":"max-video-preview:-1"},"canonical":"https:\/\/fengshuifocus.com.sg\/shop\/wealth\/tai-kat-tai-ley-apple-amulet\/","og_locale":"de_DE","og_type":"article","og_title":"\u201cTai Kat Tai Ley\u201d Apple Amulet","og_description":"This pretty amulet features three auspicious fruits together with the Anti-Conflict Amulet to offer protection from aggression and conflict brought by the Quarrelsome No 3 Star.","og_url":"https:\/\/fengshuifocus.com.sg\/shop\/wealth\/tai-kat-tai-ley-apple-amulet\/","og_site_name":"Feng Shui Focus","article_publisher":"https:\/\/www.facebook.com\/Feng-Shui-Focus-176469115722739\/?hc_ref=ARQeIaM_dqGJoG1GyHcEnC9wqA9DE2VYU7MZosxhMrw4oVdQfkxNRxrsDKl-F7yxicA","article_modified_time":"2026-02-23T22:41:04+00:00","og_image":[{"width":1024,"height":1024,"url":"https:\/\/fengshuifocus.com.sg\/wp-content\/uploads\/2025\/12\/Tai-Kat-Tai-Ley-Apple-Amulet-Lifestyle-450x450.jpg","type":"image\/jpeg"}],"twitter_card":"summary_large_image","twitter_site":"@FengShuiFocus","twitter_misc":{"Gesch\u00e4tzte Lesezeit":"1\u00a0Minute"},"schema":{"@context":"https:\/\/schema.org","@graph":[{"@type":"WebPage","@id":"https:\/\/fengshuifocus.com.sg\/shop\/wealth\/tai-kat-tai-ley-apple-amulet\/","url":"https:\/\/fengshuifocus.com.sg\/shop\/wealth\/tai-kat-tai-ley-apple-amulet\/","name":"\u201cTai Kat Tai Ley\u201d Apple Amulet &#8212; Feng Shui Focus","isPartOf":{"@id":"https:\/\/fengshuifocus.com.sg\/de\/#website"},"primaryImageOfPage":{"@id":"https:\/\/fengshuifocus.com.sg\/shop\/wealth\/tai-kat-tai-ley-apple-amulet\/#primaryimage"},"image":{"@id":"https:\/\/fengshuifocus.com.sg\/shop\/wealth\/tai-kat-tai-ley-apple-amulet\/#primaryimage"},"thumbnailUrl":"https:\/\/fengshuifocus.com.sg\/wp-content\/uploads\/2025\/12\/Tai-Kat-Tai-Ley-Apple-Amulet.jpg","datePublished":"2025-12-18T23:37:13+00:00","dateModified":"2026-02-23T22:41:04+00:00","description":"This pretty amulet features three auspicious fruits together with the Anti-Conflict Amulet to offer protection from aggression and conflict brought by the Quarrelsome No 3 Star.","breadcrumb":{"@id":"https:\/\/fengshuifocus.com.sg\/shop\/wealth\/tai-kat-tai-ley-apple-amulet\/#breadcrumb"},"inLanguage":"de","potentialAction":[{"@type":"ReadAction","target":["https:\/\/fengshuifocus.com.sg\/shop\/wealth\/tai-kat-tai-ley-apple-amulet\/"]}]},{"@type":"ImageObject","inLanguage":"de","@id":"https:\/\/fengshuifocus.com.sg\/shop\/wealth\/tai-kat-tai-ley-apple-amulet\/#primaryimage","url":"https:\/\/fengshuifocus.com.sg\/wp-content\/uploads\/2025\/12\/Tai-Kat-Tai-Ley-Apple-Amulet.jpg","contentUrl":"https:\/\/fengshuifocus.com.sg\/wp-content\/uploads\/2025\/12\/Tai-Kat-Tai-Ley-Apple-Amulet.jpg","width":681,"height":681,"caption":"Tai Kat Tai Ley Apple Amulet"},{"@type":"BreadcrumbList","@id":"https:\/\/fengshuifocus.com.sg\/shop\/wealth\/tai-kat-tai-ley-apple-amulet\/#breadcrumb","itemListElement":[{"@type":"ListItem","position":1,"name":"Home","item":"https:\/\/fengshuifocus.com.sg\/"},{"@type":"ListItem","position":2,"name":"Feng Shui Focus Online Shop","item":"https:\/\/fengshuifocus.com.sg\/de\/shop\/"},{"@type":"ListItem","position":3,"name":"\u201cTai Kat Tai Ley\u201d Apple Amulet"}]},{"@type":"WebSite","@id":"https:\/\/fengshuifocus.com.sg\/de\/#website","url":"https:\/\/fengshuifocus.com.sg\/de\/","name":"Feng Shui Focus","description":"Praktische L\u00f6sungen f\u00fcr das moderne Zuhause und B\u00fcro","potentialAction":[{"@type":"SearchAction","target":{"@type":"EntryPoint","urlTemplate":"https:\/\/fengshuifocus.com.sg\/de\/?s={search_term_string}"},"query-input":{"@type":"PropertyValueSpecification","valueRequired":true,"valueName":"search_term_string"}}],"inLanguage":"de"}]}},"post_mailing_queue_ids":[],"_links":{"self":[{"href":"https:\/\/fengshuifocus.com.sg\/de\/wp-json\/wp\/v2\/product\/13663","targetHints":{"allow":["GET"]}}],"collection":[{"href":"https:\/\/fengshuifocus.com.sg\/de\/wp-json\/wp\/v2\/product"}],"about":[{"href":"https:\/\/fengshuifocus.com.sg\/de\/wp-json\/wp\/v2\/types\/product"}],"wp:featuredmedia":[{"embeddable":true,"href":"https:\/\/fengshuifocus.com.sg\/de\/wp-json\/wp\/v2\/media\/13665"}],"wp:attachment":[{"href":"https:\/\/fengshuifocus.com.sg\/de\/wp-json\/wp\/v2\/media?parent=13663"}],"wp:term":[{"taxonomy":"product_brand","embeddable":true,"href":"https:\/\/fengshuifocus.com.sg\/de\/wp-json\/wp\/v2\/product_brand?post=13663"},{"taxonomy":"product_cat","embeddable":true,"href":"https:\/\/fengshuifocus.com.sg\/de\/wp-json\/wp\/v2\/product_cat?post=13663"},{"taxonomy":"product_tag","embeddable":true,"href":"https:\/\/fengshuifocus.com.sg\/de\/wp-json\/wp\/v2\/product_tag?post=13663"}],"curies":[{"name":"wp","href":"https:\/\/api.w.org\/{rel}","templated":true}]}}