{"id":13666,"date":"2025-12-19T01:08:44","date_gmt":"2025-12-19T00:08:44","guid":{"rendered":"https:\/\/fengshuifocus.com.sg\/?post_type=product&#038;p=13666"},"modified":"2026-01-04T15:43:26","modified_gmt":"2026-01-04T14:43:26","slug":"saraswati-mini-plaque","status":"publish","type":"product","link":"https:\/\/fengshuifocus.com.sg\/de\/shop\/career-success\/saraswati-mini-plaque\/","title":{"rendered":"Saraswati Mini Plaque"},"content":{"rendered":"<p>This elegant golden plaque features Goddess Saraswati seated on her swan, holding her sacred implements \u2013 the veena, book and rosary \u2013 each symbolising mastery in learning, music and the arts. In Feng Shui, Saraswati embodies refined wisdom and creative intelligence, making her a powerful spiritual ally for students, scholars, writers and creative minds seeking clarity, inspiration and mental excellence.<\/p>\n<p>The reverse of the plaque is engraved with a powerful Chinese Scholastic Talisman, traditionally used to strengthen focus, enhance intelligence and improve memory retention. Placed on a child\u2019s study desk or learning area, it helps activate supportive Chi for academic growth, artistic talent and a genuine love for learning.<\/p>\n<p><strong>In 2026, the NE is the best place for this plaque to activate the No 4 Scholastic Star, inviting exam luck, intellectual achievements and academic success. <\/strong><\/p>\n<span class=\"\" style=\"display:block;clear:both;height: 0px;padding-top: 20px;border-top-width:0px;border-bottom-width:0px;\"><\/span>\n<p>Measurements: \u00a0\u00a0 approx. H 6cm x W 5.5cm plus stand<\/p>\n<span class=\"\" style=\"display:block;clear:both;height: 0px;padding-top: 20px;border-top-width:0px;border-bottom-width:0px;\"><\/span>\n","protected":false},"excerpt":{"rendered":"<p>This elegant golden plaque features Goddess Saraswati seated on her swan, holding her sacred implements \u2013 the veena, book and rosary \u2013 each symbolising mastery in learning, music and the arts. In Feng Shui, Saraswati embodies refined wisdom and creative intelligence, making her a powerful spiritual ally for students, scholars, writers and creative minds seeking clarity, inspiration and mental excellence.<\/p>\n[spacer height=\"20px\"]\n","protected":false},"featured_media":13668,"template":"","meta":{"kt_blocks_editor_width":"","_monsterinsights_skip_tracking":false,"_monsterinsights_sitenote_active":false,"_monsterinsights_sitenote_note":"","_monsterinsights_sitenote_category":0},"product_brand":[],"product_cat":[376,379,844],"product_tag":[408,865,863,866,435,864,867],"class_list":{"0":"post-13666","1":"product","2":"type-product","3":"status-publish","4":"has-post-thumbnail","6":"product_cat-career-success","7":"product_cat-education","8":"product_cat-year-of-the-horse","9":"product_tag-creativity","10":"product_tag-learning","11":"product_tag-saraswati","12":"product_tag-scholars","13":"product_tag-students","14":"product_tag-swan","15":"product_tag-writers","17":"first","18":"instock","19":"shipping-taxable","20":"purchasable","21":"product-type-simple"},"translation":{"provider":"WPGlobus","version":"3.0.0","language":"de","enabled_languages":["en","de"],"languages":{"en":{"title":true,"content":true,"excerpt":true},"de":{"title":false,"content":false,"excerpt":false}}},"yoast_head":"<!-- This site is optimized with the Yoast SEO plugin v26.4 - https:\/\/yoast.com\/wordpress\/plugins\/seo\/ -->\n<title>Saraswati Mini Plaque &#8212; Feng Shui Focus<\/title>\n<meta name=\"robots\" content=\"index, follow, max-snippet:-1, max-image-preview:large, max-video-preview:-1\" \/>\n<link rel=\"canonical\" href=\"https:\/\/fengshuifocus.com.sg\/shop\/career-success\/saraswati-mini-plaque\/\" \/>\n<meta property=\"og:locale\" content=\"de_DE\" \/>\n<meta property=\"og:type\" content=\"article\" \/>\n<meta property=\"og:title\" content=\"Saraswati Mini Plaque\" \/>\n<meta property=\"og:description\" content=\"This elegant golden plaque features Goddess Saraswati seated on her swan, holding her sacred implements\" \/>\n<meta property=\"og:url\" content=\"https:\/\/fengshuifocus.com.sg\/shop\/career-success\/saraswati-mini-plaque\/\" \/>\n<meta property=\"og:site_name\" content=\"Feng Shui Focus\" \/>\n<meta property=\"article:publisher\" content=\"https:\/\/www.facebook.com\/Feng-Shui-Focus-176469115722739\/?hc_ref=ARQeIaM_dqGJoG1GyHcEnC9wqA9DE2VYU7MZosxhMrw4oVdQfkxNRxrsDKl-F7yxicA\" \/>\n<meta property=\"article:modified_time\" content=\"2026-01-04T14:43:26+00:00\" \/>\n<meta property=\"og:image\" content=\"https:\/\/fengshuifocus.com.sg\/wp-content\/uploads\/2025\/12\/Saraswati-Mini-Plaque-Lifestyle-450x450.jpg\" \/>\n\t<meta property=\"og:image:width\" content=\"1024\" \/>\n\t<meta property=\"og:image:height\" content=\"1024\" \/>\n\t<meta property=\"og:image:type\" content=\"image\/jpeg\" \/>\n<meta name=\"twitter:card\" content=\"summary_large_image\" \/>\n<meta name=\"twitter:site\" content=\"@FengShuiFocus\" \/>\n<meta name=\"twitter:label1\" content=\"Gesch\u00e4tzte Lesezeit\" \/>\n\t<meta name=\"twitter:data1\" content=\"1\u00a0Minute\" \/>\n<script type=\"application\/ld+json\" class=\"yoast-schema-graph\">{\"@context\":\"https:\/\/schema.org\",\"@graph\":[{\"@type\":\"WebPage\",\"@id\":\"https:\/\/fengshuifocus.com.sg\/shop\/career-success\/saraswati-mini-plaque\/\",\"url\":\"https:\/\/fengshuifocus.com.sg\/shop\/career-success\/saraswati-mini-plaque\/\",\"name\":\"Saraswati Mini Plaque &#8212; Feng Shui Focus\",\"isPartOf\":{\"@id\":\"https:\/\/fengshuifocus.com.sg\/de\/#website\"},\"primaryImageOfPage\":{\"@id\":\"https:\/\/fengshuifocus.com.sg\/shop\/career-success\/saraswati-mini-plaque\/#primaryimage\"},\"image\":{\"@id\":\"https:\/\/fengshuifocus.com.sg\/shop\/career-success\/saraswati-mini-plaque\/#primaryimage\"},\"thumbnailUrl\":\"https:\/\/fengshuifocus.com.sg\/wp-content\/uploads\/2025\/12\/Saraswati-Mini-Plaque-front.jpg\",\"datePublished\":\"2025-12-19T00:08:44+00:00\",\"dateModified\":\"2026-01-04T14:43:26+00:00\",\"description\":\"This elegant golden plaque features Goddess Saraswati seated on her swan, holding her sacred implements\",\"breadcrumb\":{\"@id\":\"https:\/\/fengshuifocus.com.sg\/shop\/career-success\/saraswati-mini-plaque\/#breadcrumb\"},\"inLanguage\":\"de\",\"potentialAction\":[{\"@type\":\"ReadAction\",\"target\":[\"https:\/\/fengshuifocus.com.sg\/shop\/career-success\/saraswati-mini-plaque\/\"]}]},{\"@type\":\"ImageObject\",\"inLanguage\":\"de\",\"@id\":\"https:\/\/fengshuifocus.com.sg\/shop\/career-success\/saraswati-mini-plaque\/#primaryimage\",\"url\":\"https:\/\/fengshuifocus.com.sg\/wp-content\/uploads\/2025\/12\/Saraswati-Mini-Plaque-front.jpg\",\"contentUrl\":\"https:\/\/fengshuifocus.com.sg\/wp-content\/uploads\/2025\/12\/Saraswati-Mini-Plaque-front.jpg\",\"width\":608,\"height\":608,\"caption\":\"Saraswati Mini Plaque front\"},{\"@type\":\"BreadcrumbList\",\"@id\":\"https:\/\/fengshuifocus.com.sg\/shop\/career-success\/saraswati-mini-plaque\/#breadcrumb\",\"itemListElement\":[{\"@type\":\"ListItem\",\"position\":1,\"name\":\"Home\",\"item\":\"https:\/\/fengshuifocus.com.sg\/\"},{\"@type\":\"ListItem\",\"position\":2,\"name\":\"Feng Shui Focus Online Shop\",\"item\":\"https:\/\/fengshuifocus.com.sg\/de\/shop\/\"},{\"@type\":\"ListItem\",\"position\":3,\"name\":\"Saraswati Mini Plaque\"}]},{\"@type\":\"WebSite\",\"@id\":\"https:\/\/fengshuifocus.com.sg\/de\/#website\",\"url\":\"https:\/\/fengshuifocus.com.sg\/de\/\",\"name\":\"Feng Shui Focus\",\"description\":\"Praktische L\u00f6sungen f\u00fcr das moderne Zuhause und B\u00fcro\",\"potentialAction\":[{\"@type\":\"SearchAction\",\"target\":{\"@type\":\"EntryPoint\",\"urlTemplate\":\"https:\/\/fengshuifocus.com.sg\/de\/?s={search_term_string}\"},\"query-input\":{\"@type\":\"PropertyValueSpecification\",\"valueRequired\":true,\"valueName\":\"search_term_string\"}}],\"inLanguage\":\"de\"}]}<\/script>\n<!-- \/ Yoast SEO plugin. -->","yoast_head_json":{"title":"Saraswati Mini Plaque &#8212; Feng Shui Focus","robots":{"index":"index","follow":"follow","max-snippet":"max-snippet:-1","max-image-preview":"max-image-preview:large","max-video-preview":"max-video-preview:-1"},"canonical":"https:\/\/fengshuifocus.com.sg\/shop\/career-success\/saraswati-mini-plaque\/","og_locale":"de_DE","og_type":"article","og_title":"Saraswati Mini Plaque","og_description":"This elegant golden plaque features Goddess Saraswati seated on her swan, holding her sacred implements","og_url":"https:\/\/fengshuifocus.com.sg\/shop\/career-success\/saraswati-mini-plaque\/","og_site_name":"Feng Shui Focus","article_publisher":"https:\/\/www.facebook.com\/Feng-Shui-Focus-176469115722739\/?hc_ref=ARQeIaM_dqGJoG1GyHcEnC9wqA9DE2VYU7MZosxhMrw4oVdQfkxNRxrsDKl-F7yxicA","article_modified_time":"2026-01-04T14:43:26+00:00","og_image":[{"width":1024,"height":1024,"url":"https:\/\/fengshuifocus.com.sg\/wp-content\/uploads\/2025\/12\/Saraswati-Mini-Plaque-Lifestyle-450x450.jpg","type":"image\/jpeg"}],"twitter_card":"summary_large_image","twitter_site":"@FengShuiFocus","twitter_misc":{"Gesch\u00e4tzte Lesezeit":"1\u00a0Minute"},"schema":{"@context":"https:\/\/schema.org","@graph":[{"@type":"WebPage","@id":"https:\/\/fengshuifocus.com.sg\/shop\/career-success\/saraswati-mini-plaque\/","url":"https:\/\/fengshuifocus.com.sg\/shop\/career-success\/saraswati-mini-plaque\/","name":"Saraswati Mini Plaque &#8212; Feng Shui Focus","isPartOf":{"@id":"https:\/\/fengshuifocus.com.sg\/de\/#website"},"primaryImageOfPage":{"@id":"https:\/\/fengshuifocus.com.sg\/shop\/career-success\/saraswati-mini-plaque\/#primaryimage"},"image":{"@id":"https:\/\/fengshuifocus.com.sg\/shop\/career-success\/saraswati-mini-plaque\/#primaryimage"},"thumbnailUrl":"https:\/\/fengshuifocus.com.sg\/wp-content\/uploads\/2025\/12\/Saraswati-Mini-Plaque-front.jpg","datePublished":"2025-12-19T00:08:44+00:00","dateModified":"2026-01-04T14:43:26+00:00","description":"This elegant golden plaque features Goddess Saraswati seated on her swan, holding her sacred implements","breadcrumb":{"@id":"https:\/\/fengshuifocus.com.sg\/shop\/career-success\/saraswati-mini-plaque\/#breadcrumb"},"inLanguage":"de","potentialAction":[{"@type":"ReadAction","target":["https:\/\/fengshuifocus.com.sg\/shop\/career-success\/saraswati-mini-plaque\/"]}]},{"@type":"ImageObject","inLanguage":"de","@id":"https:\/\/fengshuifocus.com.sg\/shop\/career-success\/saraswati-mini-plaque\/#primaryimage","url":"https:\/\/fengshuifocus.com.sg\/wp-content\/uploads\/2025\/12\/Saraswati-Mini-Plaque-front.jpg","contentUrl":"https:\/\/fengshuifocus.com.sg\/wp-content\/uploads\/2025\/12\/Saraswati-Mini-Plaque-front.jpg","width":608,"height":608,"caption":"Saraswati Mini Plaque front"},{"@type":"BreadcrumbList","@id":"https:\/\/fengshuifocus.com.sg\/shop\/career-success\/saraswati-mini-plaque\/#breadcrumb","itemListElement":[{"@type":"ListItem","position":1,"name":"Home","item":"https:\/\/fengshuifocus.com.sg\/"},{"@type":"ListItem","position":2,"name":"Feng Shui Focus Online Shop","item":"https:\/\/fengshuifocus.com.sg\/de\/shop\/"},{"@type":"ListItem","position":3,"name":"Saraswati Mini Plaque"}]},{"@type":"WebSite","@id":"https:\/\/fengshuifocus.com.sg\/de\/#website","url":"https:\/\/fengshuifocus.com.sg\/de\/","name":"Feng Shui Focus","description":"Praktische L\u00f6sungen f\u00fcr das moderne Zuhause und B\u00fcro","potentialAction":[{"@type":"SearchAction","target":{"@type":"EntryPoint","urlTemplate":"https:\/\/fengshuifocus.com.sg\/de\/?s={search_term_string}"},"query-input":{"@type":"PropertyValueSpecification","valueRequired":true,"valueName":"search_term_string"}}],"inLanguage":"de"}]}},"post_mailing_queue_ids":[],"_links":{"self":[{"href":"https:\/\/fengshuifocus.com.sg\/de\/wp-json\/wp\/v2\/product\/13666","targetHints":{"allow":["GET"]}}],"collection":[{"href":"https:\/\/fengshuifocus.com.sg\/de\/wp-json\/wp\/v2\/product"}],"about":[{"href":"https:\/\/fengshuifocus.com.sg\/de\/wp-json\/wp\/v2\/types\/product"}],"wp:featuredmedia":[{"embeddable":true,"href":"https:\/\/fengshuifocus.com.sg\/de\/wp-json\/wp\/v2\/media\/13668"}],"wp:attachment":[{"href":"https:\/\/fengshuifocus.com.sg\/de\/wp-json\/wp\/v2\/media?parent=13666"}],"wp:term":[{"taxonomy":"product_brand","embeddable":true,"href":"https:\/\/fengshuifocus.com.sg\/de\/wp-json\/wp\/v2\/product_brand?post=13666"},{"taxonomy":"product_cat","embeddable":true,"href":"https:\/\/fengshuifocus.com.sg\/de\/wp-json\/wp\/v2\/product_cat?post=13666"},{"taxonomy":"product_tag","embeddable":true,"href":"https:\/\/fengshuifocus.com.sg\/de\/wp-json\/wp\/v2\/product_tag?post=13666"}],"curies":[{"name":"wp","href":"https:\/\/api.w.org\/{rel}","templated":true}]}}