{"id":13673,"date":"2025-12-19T01:12:59","date_gmt":"2025-12-19T00:12:59","guid":{"rendered":"https:\/\/fengshuifocus.com.sg\/?post_type=product&#038;p=13673"},"modified":"2026-01-26T04:27:27","modified_gmt":"2026-01-26T03:27:27","slug":"saraswati-swan-amulet","status":"publish","type":"product","link":"https:\/\/fengshuifocus.com.sg\/de\/shop\/career-success\/saraswati-swan-amulet\/","title":{"rendered":"Saraswati Swan Amulet"},"content":{"rendered":"<p>Saraswati\u2019s swan, shown with her sacred implements, channels the refined and uplifting Chi of Saraswati \u2013 the Goddess of Knowledge, Learning, Beauty and the Arts. In Feng Shui, this harmonious energy supports clear thinking, wisdom and creative flow, helping to dispel mental blocks and enhance inspiration and understanding.<\/p>\n<p>The amulet is further empowered with a wish-granting mirror, symbolically reflecting obstacles away and amplifying positive intentions. On the back, Saraswati\u2019s sacred mantra: <em>OM TARE TUTTARE TURE PROJNA HRIM SOHA<\/em>, is engraved to activate energies of brilliance, eloquence and insight.<\/p>\n<p>Simply clip it onto your (school) bag to carry supportive Chi with you throughout the day \u2013 <strong>ideal for students of all ages, creatives, and anyone engaged in learning, communication or pursuits that call for focus and expressive power. <\/strong><\/p>\n<span class=\"\" style=\"display:block;clear:both;height: 0px;padding-top: 20px;border-top-width:0px;border-bottom-width:0px;\"><\/span>\n<p>Measurements: \u00a0\u00a0 approx. H 8cm x W 4.5cm without chain<\/p>\n<span class=\"\" style=\"display:block;clear:both;height: 0px;padding-top: 20px;border-top-width:0px;border-bottom-width:0px;\"><\/span>\n","protected":false},"excerpt":{"rendered":"<p>Saraswati\u2019s swan, shown with her sacred implements, channels the refined and uplifting Chi of Saraswati \u2013 the Goddess of Knowledge, Learning, Beauty and the Arts. In Feng Shui, this harmonious energy supports clear thinking, wisdom and creative flow, helping to dispel mental blocks and enhance inspiration and understanding.<\/p>\n<p>The amulet is further empowered with a wish-granting mirror, symbolically reflecting obstacles away and amplifying positive intentions. On the back, Saraswati\u2019s sacred mantra: <em>OM TARE TUTTARE TURE PROJNA HRIM SOHA<\/em>, is engraved to activate energies of brilliance, eloquence and insight.<\/p>\n[spacer height=\"20px\"]\n","protected":false},"featured_media":13671,"template":"","meta":{"kt_blocks_editor_width":"","_monsterinsights_skip_tracking":false,"_monsterinsights_sitenote_active":false,"_monsterinsights_sitenote_note":"","_monsterinsights_sitenote_category":0},"product_brand":[],"product_cat":[376,379,844],"product_tag":[408,865,863,866,435,864,867],"class_list":{"0":"post-13673","1":"product","2":"type-product","3":"status-publish","4":"has-post-thumbnail","6":"product_cat-career-success","7":"product_cat-education","8":"product_cat-year-of-the-horse","9":"product_tag-creativity","10":"product_tag-learning","11":"product_tag-saraswati","12":"product_tag-scholars","13":"product_tag-students","14":"product_tag-swan","15":"product_tag-writers","17":"first","18":"instock","19":"shipping-taxable","20":"purchasable","21":"product-type-simple"},"translation":{"provider":"WPGlobus","version":"3.0.0","language":"de","enabled_languages":["en","de"],"languages":{"en":{"title":true,"content":true,"excerpt":true},"de":{"title":false,"content":false,"excerpt":false}}},"yoast_head":"<!-- This site is optimized with the Yoast SEO plugin v26.4 - https:\/\/yoast.com\/wordpress\/plugins\/seo\/ -->\n<title>Saraswati Swan Amulet &#8212; Feng Shui Focus<\/title>\n<meta name=\"robots\" content=\"index, follow, max-snippet:-1, max-image-preview:large, max-video-preview:-1\" \/>\n<link rel=\"canonical\" href=\"https:\/\/fengshuifocus.com.sg\/shop\/career-success\/saraswati-swan-amulet\/\" \/>\n<meta property=\"og:locale\" content=\"de_DE\" \/>\n<meta property=\"og:type\" content=\"article\" \/>\n<meta property=\"og:title\" content=\"Saraswati Swan Amulet\" \/>\n<meta property=\"og:description\" content=\"Saraswati\u2019s swan, shown with her sacred implements, channels the refined and uplifting Chi of Saraswati \u2013 the Goddess of Knowledge, Learning, Beauty and the Arts.\" \/>\n<meta property=\"og:url\" content=\"https:\/\/fengshuifocus.com.sg\/shop\/career-success\/saraswati-swan-amulet\/\" \/>\n<meta property=\"og:site_name\" content=\"Feng Shui Focus\" \/>\n<meta property=\"article:publisher\" content=\"https:\/\/www.facebook.com\/Feng-Shui-Focus-176469115722739\/?hc_ref=ARQeIaM_dqGJoG1GyHcEnC9wqA9DE2VYU7MZosxhMrw4oVdQfkxNRxrsDKl-F7yxicA\" \/>\n<meta property=\"article:modified_time\" content=\"2026-01-26T03:27:27+00:00\" \/>\n<meta property=\"og:image\" content=\"https:\/\/fengshuifocus.com.sg\/wp-content\/uploads\/2025\/12\/Saraswati-Swan-Amulet-Lifestyle-1024x1024.jpeg\" \/>\n\t<meta property=\"og:image:width\" content=\"1134\" \/>\n\t<meta property=\"og:image:height\" content=\"1133\" \/>\n\t<meta property=\"og:image:type\" content=\"image\/jpeg\" \/>\n<meta name=\"twitter:card\" content=\"summary_large_image\" \/>\n<meta name=\"twitter:site\" content=\"@FengShuiFocus\" \/>\n<meta name=\"twitter:label1\" content=\"Gesch\u00e4tzte Lesezeit\" \/>\n\t<meta name=\"twitter:data1\" content=\"1\u00a0Minute\" \/>\n<script type=\"application\/ld+json\" class=\"yoast-schema-graph\">{\"@context\":\"https:\/\/schema.org\",\"@graph\":[{\"@type\":\"WebPage\",\"@id\":\"https:\/\/fengshuifocus.com.sg\/shop\/career-success\/saraswati-swan-amulet\/\",\"url\":\"https:\/\/fengshuifocus.com.sg\/shop\/career-success\/saraswati-swan-amulet\/\",\"name\":\"Saraswati Swan Amulet &#8212; Feng Shui Focus\",\"isPartOf\":{\"@id\":\"https:\/\/fengshuifocus.com.sg\/de\/#website\"},\"primaryImageOfPage\":{\"@id\":\"https:\/\/fengshuifocus.com.sg\/shop\/career-success\/saraswati-swan-amulet\/#primaryimage\"},\"image\":{\"@id\":\"https:\/\/fengshuifocus.com.sg\/shop\/career-success\/saraswati-swan-amulet\/#primaryimage\"},\"thumbnailUrl\":\"https:\/\/fengshuifocus.com.sg\/wp-content\/uploads\/2025\/12\/Saraswati-Swan-Amulet-2.jpeg\",\"datePublished\":\"2025-12-19T00:12:59+00:00\",\"dateModified\":\"2026-01-26T03:27:27+00:00\",\"description\":\"Saraswati\u2019s swan, shown with her sacred implements, channels the refined and uplifting Chi of Saraswati \u2013 the Goddess of Knowledge, Learning, Beauty and the Arts.\",\"breadcrumb\":{\"@id\":\"https:\/\/fengshuifocus.com.sg\/shop\/career-success\/saraswati-swan-amulet\/#breadcrumb\"},\"inLanguage\":\"de\",\"potentialAction\":[{\"@type\":\"ReadAction\",\"target\":[\"https:\/\/fengshuifocus.com.sg\/shop\/career-success\/saraswati-swan-amulet\/\"]}]},{\"@type\":\"ImageObject\",\"inLanguage\":\"de\",\"@id\":\"https:\/\/fengshuifocus.com.sg\/shop\/career-success\/saraswati-swan-amulet\/#primaryimage\",\"url\":\"https:\/\/fengshuifocus.com.sg\/wp-content\/uploads\/2025\/12\/Saraswati-Swan-Amulet-2.jpeg\",\"contentUrl\":\"https:\/\/fengshuifocus.com.sg\/wp-content\/uploads\/2025\/12\/Saraswati-Swan-Amulet-2.jpeg\",\"width\":2126,\"height\":2126,\"caption\":\"Saraswati Swan Amulet 2\"},{\"@type\":\"BreadcrumbList\",\"@id\":\"https:\/\/fengshuifocus.com.sg\/shop\/career-success\/saraswati-swan-amulet\/#breadcrumb\",\"itemListElement\":[{\"@type\":\"ListItem\",\"position\":1,\"name\":\"Home\",\"item\":\"https:\/\/fengshuifocus.com.sg\/\"},{\"@type\":\"ListItem\",\"position\":2,\"name\":\"Feng Shui Focus Online Shop\",\"item\":\"https:\/\/fengshuifocus.com.sg\/de\/shop\/\"},{\"@type\":\"ListItem\",\"position\":3,\"name\":\"Saraswati Swan Amulet\"}]},{\"@type\":\"WebSite\",\"@id\":\"https:\/\/fengshuifocus.com.sg\/de\/#website\",\"url\":\"https:\/\/fengshuifocus.com.sg\/de\/\",\"name\":\"Feng Shui Focus\",\"description\":\"Praktische L\u00f6sungen f\u00fcr das moderne Zuhause und B\u00fcro\",\"potentialAction\":[{\"@type\":\"SearchAction\",\"target\":{\"@type\":\"EntryPoint\",\"urlTemplate\":\"https:\/\/fengshuifocus.com.sg\/de\/?s={search_term_string}\"},\"query-input\":{\"@type\":\"PropertyValueSpecification\",\"valueRequired\":true,\"valueName\":\"search_term_string\"}}],\"inLanguage\":\"de\"}]}<\/script>\n<!-- \/ Yoast SEO plugin. -->","yoast_head_json":{"title":"Saraswati Swan Amulet &#8212; Feng Shui Focus","robots":{"index":"index","follow":"follow","max-snippet":"max-snippet:-1","max-image-preview":"max-image-preview:large","max-video-preview":"max-video-preview:-1"},"canonical":"https:\/\/fengshuifocus.com.sg\/shop\/career-success\/saraswati-swan-amulet\/","og_locale":"de_DE","og_type":"article","og_title":"Saraswati Swan Amulet","og_description":"Saraswati\u2019s swan, shown with her sacred implements, channels the refined and uplifting Chi of Saraswati \u2013 the Goddess of Knowledge, Learning, Beauty and the Arts.","og_url":"https:\/\/fengshuifocus.com.sg\/shop\/career-success\/saraswati-swan-amulet\/","og_site_name":"Feng Shui Focus","article_publisher":"https:\/\/www.facebook.com\/Feng-Shui-Focus-176469115722739\/?hc_ref=ARQeIaM_dqGJoG1GyHcEnC9wqA9DE2VYU7MZosxhMrw4oVdQfkxNRxrsDKl-F7yxicA","article_modified_time":"2026-01-26T03:27:27+00:00","og_image":[{"width":1134,"height":1133,"url":"https:\/\/fengshuifocus.com.sg\/wp-content\/uploads\/2025\/12\/Saraswati-Swan-Amulet-Lifestyle-1024x1024.jpeg","type":"image\/jpeg"}],"twitter_card":"summary_large_image","twitter_site":"@FengShuiFocus","twitter_misc":{"Gesch\u00e4tzte Lesezeit":"1\u00a0Minute"},"schema":{"@context":"https:\/\/schema.org","@graph":[{"@type":"WebPage","@id":"https:\/\/fengshuifocus.com.sg\/shop\/career-success\/saraswati-swan-amulet\/","url":"https:\/\/fengshuifocus.com.sg\/shop\/career-success\/saraswati-swan-amulet\/","name":"Saraswati Swan Amulet &#8212; Feng Shui Focus","isPartOf":{"@id":"https:\/\/fengshuifocus.com.sg\/de\/#website"},"primaryImageOfPage":{"@id":"https:\/\/fengshuifocus.com.sg\/shop\/career-success\/saraswati-swan-amulet\/#primaryimage"},"image":{"@id":"https:\/\/fengshuifocus.com.sg\/shop\/career-success\/saraswati-swan-amulet\/#primaryimage"},"thumbnailUrl":"https:\/\/fengshuifocus.com.sg\/wp-content\/uploads\/2025\/12\/Saraswati-Swan-Amulet-2.jpeg","datePublished":"2025-12-19T00:12:59+00:00","dateModified":"2026-01-26T03:27:27+00:00","description":"Saraswati\u2019s swan, shown with her sacred implements, channels the refined and uplifting Chi of Saraswati \u2013 the Goddess of Knowledge, Learning, Beauty and the Arts.","breadcrumb":{"@id":"https:\/\/fengshuifocus.com.sg\/shop\/career-success\/saraswati-swan-amulet\/#breadcrumb"},"inLanguage":"de","potentialAction":[{"@type":"ReadAction","target":["https:\/\/fengshuifocus.com.sg\/shop\/career-success\/saraswati-swan-amulet\/"]}]},{"@type":"ImageObject","inLanguage":"de","@id":"https:\/\/fengshuifocus.com.sg\/shop\/career-success\/saraswati-swan-amulet\/#primaryimage","url":"https:\/\/fengshuifocus.com.sg\/wp-content\/uploads\/2025\/12\/Saraswati-Swan-Amulet-2.jpeg","contentUrl":"https:\/\/fengshuifocus.com.sg\/wp-content\/uploads\/2025\/12\/Saraswati-Swan-Amulet-2.jpeg","width":2126,"height":2126,"caption":"Saraswati Swan Amulet 2"},{"@type":"BreadcrumbList","@id":"https:\/\/fengshuifocus.com.sg\/shop\/career-success\/saraswati-swan-amulet\/#breadcrumb","itemListElement":[{"@type":"ListItem","position":1,"name":"Home","item":"https:\/\/fengshuifocus.com.sg\/"},{"@type":"ListItem","position":2,"name":"Feng Shui Focus Online Shop","item":"https:\/\/fengshuifocus.com.sg\/de\/shop\/"},{"@type":"ListItem","position":3,"name":"Saraswati Swan Amulet"}]},{"@type":"WebSite","@id":"https:\/\/fengshuifocus.com.sg\/de\/#website","url":"https:\/\/fengshuifocus.com.sg\/de\/","name":"Feng Shui Focus","description":"Praktische L\u00f6sungen f\u00fcr das moderne Zuhause und B\u00fcro","potentialAction":[{"@type":"SearchAction","target":{"@type":"EntryPoint","urlTemplate":"https:\/\/fengshuifocus.com.sg\/de\/?s={search_term_string}"},"query-input":{"@type":"PropertyValueSpecification","valueRequired":true,"valueName":"search_term_string"}}],"inLanguage":"de"}]}},"post_mailing_queue_ids":[],"_links":{"self":[{"href":"https:\/\/fengshuifocus.com.sg\/de\/wp-json\/wp\/v2\/product\/13673","targetHints":{"allow":["GET"]}}],"collection":[{"href":"https:\/\/fengshuifocus.com.sg\/de\/wp-json\/wp\/v2\/product"}],"about":[{"href":"https:\/\/fengshuifocus.com.sg\/de\/wp-json\/wp\/v2\/types\/product"}],"wp:featuredmedia":[{"embeddable":true,"href":"https:\/\/fengshuifocus.com.sg\/de\/wp-json\/wp\/v2\/media\/13671"}],"wp:attachment":[{"href":"https:\/\/fengshuifocus.com.sg\/de\/wp-json\/wp\/v2\/media?parent=13673"}],"wp:term":[{"taxonomy":"product_brand","embeddable":true,"href":"https:\/\/fengshuifocus.com.sg\/de\/wp-json\/wp\/v2\/product_brand?post=13673"},{"taxonomy":"product_cat","embeddable":true,"href":"https:\/\/fengshuifocus.com.sg\/de\/wp-json\/wp\/v2\/product_cat?post=13673"},{"taxonomy":"product_tag","embeddable":true,"href":"https:\/\/fengshuifocus.com.sg\/de\/wp-json\/wp\/v2\/product_tag?post=13673"}],"curies":[{"name":"wp","href":"https:\/\/api.w.org\/{rel}","templated":true}]}}