{"id":13694,"date":"2025-12-20T02:56:02","date_gmt":"2025-12-20T01:56:02","guid":{"rendered":"https:\/\/fengshuifocus.com.sg\/?post_type=product&#038;p=13694"},"modified":"2026-02-08T15:00:36","modified_gmt":"2026-02-08T14:00:36","slug":"nine-rod-abacus","status":"publish","type":"product","link":"https:\/\/fengshuifocus.com.sg\/de\/shop\/feng-shui-home\/nine-rod-abacus\/","title":{"rendered":"Nine Rod Abacus"},"content":{"rendered":"<p>This year\u2019s Abacus is in a vibrant blue colour with a flowing water wave motif to replenish the much-needed water element in 2026. It has 9 rods \u2013 the supreme number in Period 9 \u2013 which makes it a very powerful wealth enhancer to multiply profits and unleash the Period 9 power, attracting prosperity from all directions.<\/p>\n<p>The Abacus also features the Chinese character \u201cFa Cai\u201d, meaning \u201cProsperity\u201d, inviting quick thinking and smart strategies. Shake it gently every day to activate the Chi and unlock new sources of income, attract new customers, or close more deals.<\/p>\n<p><strong>In 2026, this Nine Rod Abacus is ideally placed in the SE to enhance the No 9 Star of Current Wealth, boosting profits and wealth luck.<\/strong><\/p>\n<span class=\"\" style=\"display:block;clear:both;height: 0px;padding-top: 20px;border-top-width:0px;border-bottom-width:0px;\"><\/span>\n<p>Measurements: \u00a0\u00a0 approx. H 9.6cm x W 7.5cm x D 3cm incl. stand<\/p>\n<span class=\"\" style=\"display:block;clear:both;height: 0px;padding-top: 20px;border-top-width:0px;border-bottom-width:0px;\"><\/span>\n","protected":false},"excerpt":{"rendered":"<p>This year\u2019s Abacus is in a vibrant blue colour with a flowing water wave motif to replenish the much-needed water element in 2026. It has 9 rods \u2013 the supreme number in Period 9 \u2013 which makes it a very powerful wealth enhancer to multiply profits and unleash the Period 9 power, attracting prosperity from all directions.<\/p>\n<p>The Abacus also features the Chinese character \u201cFa Cai\u201d, meaning \u201cProsperity\u201d, inviting quick thinking and smart strategies. Shake it gently every day to activate the Chi and unlock new sources of income, attract new customers, or close more deals.<\/p>\n[spacer height=\"20px\"]\n","protected":false},"featured_media":13734,"template":"","meta":{"kt_blocks_editor_width":"","_monsterinsights_skip_tracking":false,"_monsterinsights_sitenote_active":false,"_monsterinsights_sitenote_note":"","_monsterinsights_sitenote_category":0},"product_brand":[],"product_cat":[378,844],"product_tag":[748,459,417,607,385,386],"class_list":{"0":"post-13694","1":"product","2":"type-product","3":"status-publish","4":"has-post-thumbnail","6":"product_cat-feng-shui-home","7":"product_cat-year-of-the-horse","8":"product_tag-abacus","9":"product_tag-blessings","10":"product_tag-good-fortune","11":"product_tag-money","12":"product_tag-prosperity","13":"product_tag-wealth","15":"first","16":"outofstock","17":"shipping-taxable","18":"purchasable","19":"product-type-simple"},"translation":{"provider":"WPGlobus","version":"3.0.0","language":"de","enabled_languages":["en","de"],"languages":{"en":{"title":true,"content":true,"excerpt":true},"de":{"title":false,"content":false,"excerpt":false}}},"yoast_head":"<!-- This site is optimized with the Yoast SEO plugin v26.4 - https:\/\/yoast.com\/wordpress\/plugins\/seo\/ -->\n<title>Nine Rod Abacus &#8212; Feng Shui Focus<\/title>\n<meta name=\"robots\" content=\"index, follow, max-snippet:-1, max-image-preview:large, max-video-preview:-1\" \/>\n<link rel=\"canonical\" href=\"https:\/\/fengshuifocus.com.sg\/shop\/feng-shui-home\/nine-rod-abacus\/\" \/>\n<meta property=\"og:locale\" content=\"de_DE\" \/>\n<meta property=\"og:type\" content=\"article\" \/>\n<meta property=\"og:title\" content=\"Nine Rod Abacus\" \/>\n<meta property=\"og:description\" content=\"This year\u2019s Abacus is in a vibrant blue colour with a flowing water wave motif to replenish the much-needed water element in 2026.\" \/>\n<meta property=\"og:url\" content=\"https:\/\/fengshuifocus.com.sg\/shop\/feng-shui-home\/nine-rod-abacus\/\" \/>\n<meta property=\"og:site_name\" content=\"Feng Shui Focus\" \/>\n<meta property=\"article:publisher\" content=\"https:\/\/www.facebook.com\/Feng-Shui-Focus-176469115722739\/?hc_ref=ARQeIaM_dqGJoG1GyHcEnC9wqA9DE2VYU7MZosxhMrw4oVdQfkxNRxrsDKl-F7yxicA\" \/>\n<meta property=\"article:modified_time\" content=\"2026-02-08T14:00:36+00:00\" \/>\n<meta property=\"og:image\" content=\"https:\/\/fengshuifocus.com.sg\/wp-content\/uploads\/2025\/12\/9-Rod-Abacus-Lifestyle-450x450.jpg\" \/>\n\t<meta property=\"og:image:width\" content=\"1024\" \/>\n\t<meta property=\"og:image:height\" content=\"1024\" \/>\n\t<meta property=\"og:image:type\" content=\"image\/jpeg\" \/>\n<meta name=\"twitter:card\" content=\"summary_large_image\" \/>\n<meta name=\"twitter:site\" content=\"@FengShuiFocus\" \/>\n<meta name=\"twitter:label1\" content=\"Gesch\u00e4tzte Lesezeit\" \/>\n\t<meta name=\"twitter:data1\" content=\"1\u00a0Minute\" \/>\n<script type=\"application\/ld+json\" class=\"yoast-schema-graph\">{\"@context\":\"https:\/\/schema.org\",\"@graph\":[{\"@type\":\"WebPage\",\"@id\":\"https:\/\/fengshuifocus.com.sg\/shop\/feng-shui-home\/nine-rod-abacus\/\",\"url\":\"https:\/\/fengshuifocus.com.sg\/shop\/feng-shui-home\/nine-rod-abacus\/\",\"name\":\"Nine Rod Abacus &#8212; Feng Shui Focus\",\"isPartOf\":{\"@id\":\"https:\/\/fengshuifocus.com.sg\/de\/#website\"},\"primaryImageOfPage\":{\"@id\":\"https:\/\/fengshuifocus.com.sg\/shop\/feng-shui-home\/nine-rod-abacus\/#primaryimage\"},\"image\":{\"@id\":\"https:\/\/fengshuifocus.com.sg\/shop\/feng-shui-home\/nine-rod-abacus\/#primaryimage\"},\"thumbnailUrl\":\"https:\/\/fengshuifocus.com.sg\/wp-content\/uploads\/2025\/12\/Nine-Rod-Abacus-Lifestyle.jpg\",\"datePublished\":\"2025-12-20T01:56:02+00:00\",\"dateModified\":\"2026-02-08T14:00:36+00:00\",\"description\":\"This year\u2019s Abacus is in a vibrant blue colour with a flowing water wave motif to replenish the much-needed water element in 2026.\",\"breadcrumb\":{\"@id\":\"https:\/\/fengshuifocus.com.sg\/shop\/feng-shui-home\/nine-rod-abacus\/#breadcrumb\"},\"inLanguage\":\"de\",\"potentialAction\":[{\"@type\":\"ReadAction\",\"target\":[\"https:\/\/fengshuifocus.com.sg\/shop\/feng-shui-home\/nine-rod-abacus\/\"]}]},{\"@type\":\"ImageObject\",\"inLanguage\":\"de\",\"@id\":\"https:\/\/fengshuifocus.com.sg\/shop\/feng-shui-home\/nine-rod-abacus\/#primaryimage\",\"url\":\"https:\/\/fengshuifocus.com.sg\/wp-content\/uploads\/2025\/12\/Nine-Rod-Abacus-Lifestyle.jpg\",\"contentUrl\":\"https:\/\/fengshuifocus.com.sg\/wp-content\/uploads\/2025\/12\/Nine-Rod-Abacus-Lifestyle.jpg\",\"width\":1024,\"height\":1024,\"caption\":\"Nine Rod Abacus Lifestyle\"},{\"@type\":\"BreadcrumbList\",\"@id\":\"https:\/\/fengshuifocus.com.sg\/shop\/feng-shui-home\/nine-rod-abacus\/#breadcrumb\",\"itemListElement\":[{\"@type\":\"ListItem\",\"position\":1,\"name\":\"Home\",\"item\":\"https:\/\/fengshuifocus.com.sg\/\"},{\"@type\":\"ListItem\",\"position\":2,\"name\":\"Feng Shui Focus Online Shop\",\"item\":\"https:\/\/fengshuifocus.com.sg\/de\/shop\/\"},{\"@type\":\"ListItem\",\"position\":3,\"name\":\"Nine Rod Abacus\"}]},{\"@type\":\"WebSite\",\"@id\":\"https:\/\/fengshuifocus.com.sg\/de\/#website\",\"url\":\"https:\/\/fengshuifocus.com.sg\/de\/\",\"name\":\"Feng Shui Focus\",\"description\":\"Praktische L\u00f6sungen f\u00fcr das moderne Zuhause und B\u00fcro\",\"potentialAction\":[{\"@type\":\"SearchAction\",\"target\":{\"@type\":\"EntryPoint\",\"urlTemplate\":\"https:\/\/fengshuifocus.com.sg\/de\/?s={search_term_string}\"},\"query-input\":{\"@type\":\"PropertyValueSpecification\",\"valueRequired\":true,\"valueName\":\"search_term_string\"}}],\"inLanguage\":\"de\"}]}<\/script>\n<!-- \/ Yoast SEO plugin. -->","yoast_head_json":{"title":"Nine Rod Abacus &#8212; Feng Shui Focus","robots":{"index":"index","follow":"follow","max-snippet":"max-snippet:-1","max-image-preview":"max-image-preview:large","max-video-preview":"max-video-preview:-1"},"canonical":"https:\/\/fengshuifocus.com.sg\/shop\/feng-shui-home\/nine-rod-abacus\/","og_locale":"de_DE","og_type":"article","og_title":"Nine Rod Abacus","og_description":"This year\u2019s Abacus is in a vibrant blue colour with a flowing water wave motif to replenish the much-needed water element in 2026.","og_url":"https:\/\/fengshuifocus.com.sg\/shop\/feng-shui-home\/nine-rod-abacus\/","og_site_name":"Feng Shui Focus","article_publisher":"https:\/\/www.facebook.com\/Feng-Shui-Focus-176469115722739\/?hc_ref=ARQeIaM_dqGJoG1GyHcEnC9wqA9DE2VYU7MZosxhMrw4oVdQfkxNRxrsDKl-F7yxicA","article_modified_time":"2026-02-08T14:00:36+00:00","og_image":[{"width":1024,"height":1024,"url":"https:\/\/fengshuifocus.com.sg\/wp-content\/uploads\/2025\/12\/9-Rod-Abacus-Lifestyle-450x450.jpg","type":"image\/jpeg"}],"twitter_card":"summary_large_image","twitter_site":"@FengShuiFocus","twitter_misc":{"Gesch\u00e4tzte Lesezeit":"1\u00a0Minute"},"schema":{"@context":"https:\/\/schema.org","@graph":[{"@type":"WebPage","@id":"https:\/\/fengshuifocus.com.sg\/shop\/feng-shui-home\/nine-rod-abacus\/","url":"https:\/\/fengshuifocus.com.sg\/shop\/feng-shui-home\/nine-rod-abacus\/","name":"Nine Rod Abacus &#8212; Feng Shui Focus","isPartOf":{"@id":"https:\/\/fengshuifocus.com.sg\/de\/#website"},"primaryImageOfPage":{"@id":"https:\/\/fengshuifocus.com.sg\/shop\/feng-shui-home\/nine-rod-abacus\/#primaryimage"},"image":{"@id":"https:\/\/fengshuifocus.com.sg\/shop\/feng-shui-home\/nine-rod-abacus\/#primaryimage"},"thumbnailUrl":"https:\/\/fengshuifocus.com.sg\/wp-content\/uploads\/2025\/12\/Nine-Rod-Abacus-Lifestyle.jpg","datePublished":"2025-12-20T01:56:02+00:00","dateModified":"2026-02-08T14:00:36+00:00","description":"This year\u2019s Abacus is in a vibrant blue colour with a flowing water wave motif to replenish the much-needed water element in 2026.","breadcrumb":{"@id":"https:\/\/fengshuifocus.com.sg\/shop\/feng-shui-home\/nine-rod-abacus\/#breadcrumb"},"inLanguage":"de","potentialAction":[{"@type":"ReadAction","target":["https:\/\/fengshuifocus.com.sg\/shop\/feng-shui-home\/nine-rod-abacus\/"]}]},{"@type":"ImageObject","inLanguage":"de","@id":"https:\/\/fengshuifocus.com.sg\/shop\/feng-shui-home\/nine-rod-abacus\/#primaryimage","url":"https:\/\/fengshuifocus.com.sg\/wp-content\/uploads\/2025\/12\/Nine-Rod-Abacus-Lifestyle.jpg","contentUrl":"https:\/\/fengshuifocus.com.sg\/wp-content\/uploads\/2025\/12\/Nine-Rod-Abacus-Lifestyle.jpg","width":1024,"height":1024,"caption":"Nine Rod Abacus Lifestyle"},{"@type":"BreadcrumbList","@id":"https:\/\/fengshuifocus.com.sg\/shop\/feng-shui-home\/nine-rod-abacus\/#breadcrumb","itemListElement":[{"@type":"ListItem","position":1,"name":"Home","item":"https:\/\/fengshuifocus.com.sg\/"},{"@type":"ListItem","position":2,"name":"Feng Shui Focus Online Shop","item":"https:\/\/fengshuifocus.com.sg\/de\/shop\/"},{"@type":"ListItem","position":3,"name":"Nine Rod Abacus"}]},{"@type":"WebSite","@id":"https:\/\/fengshuifocus.com.sg\/de\/#website","url":"https:\/\/fengshuifocus.com.sg\/de\/","name":"Feng Shui Focus","description":"Praktische L\u00f6sungen f\u00fcr das moderne Zuhause und B\u00fcro","potentialAction":[{"@type":"SearchAction","target":{"@type":"EntryPoint","urlTemplate":"https:\/\/fengshuifocus.com.sg\/de\/?s={search_term_string}"},"query-input":{"@type":"PropertyValueSpecification","valueRequired":true,"valueName":"search_term_string"}}],"inLanguage":"de"}]}},"post_mailing_queue_ids":[],"_links":{"self":[{"href":"https:\/\/fengshuifocus.com.sg\/de\/wp-json\/wp\/v2\/product\/13694","targetHints":{"allow":["GET"]}}],"collection":[{"href":"https:\/\/fengshuifocus.com.sg\/de\/wp-json\/wp\/v2\/product"}],"about":[{"href":"https:\/\/fengshuifocus.com.sg\/de\/wp-json\/wp\/v2\/types\/product"}],"wp:featuredmedia":[{"embeddable":true,"href":"https:\/\/fengshuifocus.com.sg\/de\/wp-json\/wp\/v2\/media\/13734"}],"wp:attachment":[{"href":"https:\/\/fengshuifocus.com.sg\/de\/wp-json\/wp\/v2\/media?parent=13694"}],"wp:term":[{"taxonomy":"product_brand","embeddable":true,"href":"https:\/\/fengshuifocus.com.sg\/de\/wp-json\/wp\/v2\/product_brand?post=13694"},{"taxonomy":"product_cat","embeddable":true,"href":"https:\/\/fengshuifocus.com.sg\/de\/wp-json\/wp\/v2\/product_cat?post=13694"},{"taxonomy":"product_tag","embeddable":true,"href":"https:\/\/fengshuifocus.com.sg\/de\/wp-json\/wp\/v2\/product_tag?post=13694"}],"curies":[{"name":"wp","href":"https:\/\/api.w.org\/{rel}","templated":true}]}}