{"id":13700,"date":"2025-12-20T03:02:33","date_gmt":"2025-12-20T02:02:33","guid":{"rendered":"https:\/\/fengshuifocus.com.sg\/?post_type=product&#038;p=13700"},"modified":"2026-04-17T20:12:11","modified_gmt":"2026-04-17T18:12:11","slug":"number-9-twirling-wealth-amulet","status":"publish","type":"product","link":"https:\/\/fengshuifocus.com.sg\/de\/shop\/wealth\/number-9-twirling-wealth-amulet\/","title":{"rendered":"Number 9 Twirling Wealth Amulet"},"content":{"rendered":"<p>In Feng Shui, the No 9 symbolises completion, fulfilment and increasing influence. Now that we are in Period 9, this energy keeps getting stronger.<\/p>\n<p>&nbsp;<\/p>\n<p><strong>This Number 9 Twirling Wealth Amulet is therefore a must-have for anyone who is serious about activating their wealth luck for the years to come. <\/strong><\/p>\n<p>The amulet features a number 9 on one side and a Wealth Yantra on the other side \u2013 two of the most potent wealth symbols to boost your prosperity and completion luck!<\/p>\n<p>Twirl the amulet daily to activate the Chi and energise the powerful symbols, helping you reach your goals and boosting your money luck.<\/p>\n<span class=\"\" style=\"display:block;clear:both;height: 0px;padding-top: 20px;border-top-width:0px;border-bottom-width:0px;\"><\/span>\n<p>Measurements:\u00a0 approx. 5cm diameter without chain<\/p>\n<span class=\"\" style=\"display:block;clear:both;height: 0px;padding-top: 20px;border-top-width:0px;border-bottom-width:0px;\"><\/span>\n","protected":false},"excerpt":{"rendered":"<p><strong>This Number 9 Twirling Wealth Amulet is therefore a must-have for anyone who is serious about activating their wealth luck for the years to come. <\/strong><\/p>\n<p>The amulet features a number 9 on one side and a Wealth Yantra on the other side \u2013 two of the most potent wealth symbols to boost your prosperity and completion luck!<\/p>\n[spacer height=\"20px\"]\n","protected":false},"featured_media":13702,"template":"","meta":{"kt_blocks_editor_width":"","_monsterinsights_skip_tracking":false,"_monsterinsights_sitenote_active":false,"_monsterinsights_sitenote_note":"","_monsterinsights_sitenote_category":0},"product_brand":[],"product_cat":[375,844],"product_tag":[459,609,417,607,709,385,386],"class_list":{"0":"post-13700","1":"product","2":"type-product","3":"status-publish","4":"has-post-thumbnail","6":"product_cat-wealth","7":"product_cat-year-of-the-horse","8":"product_tag-blessings","9":"product_tag-completion","10":"product_tag-good-fortune","11":"product_tag-money","12":"product_tag-nine","13":"product_tag-prosperity","14":"product_tag-wealth","16":"first","17":"instock","18":"shipping-taxable","19":"purchasable","20":"product-type-simple"},"translation":{"provider":"WPGlobus","version":"3.0.0","language":"de","enabled_languages":["en","de"],"languages":{"en":{"title":true,"content":true,"excerpt":true},"de":{"title":false,"content":false,"excerpt":false}}},"yoast_head":"<!-- This site is optimized with the Yoast SEO plugin v26.4 - https:\/\/yoast.com\/wordpress\/plugins\/seo\/ -->\n<title>Number 9 Twirling Wealth Amulet &#8212; Feng Shui Focus<\/title>\n<meta name=\"robots\" content=\"index, follow, max-snippet:-1, max-image-preview:large, max-video-preview:-1\" \/>\n<link rel=\"canonical\" href=\"https:\/\/fengshuifocus.com.sg\/shop\/wealth\/number-9-twirling-wealth-amulet\/\" \/>\n<meta property=\"og:locale\" content=\"de_DE\" \/>\n<meta property=\"og:type\" content=\"article\" \/>\n<meta property=\"og:title\" content=\"Number 9 Twirling Wealth Amulet\" \/>\n<meta property=\"og:description\" content=\"In Feng Shui, the No 9 symbolises completion, fulfilment and increasing influence. Now that we are in Period 9, this energy keeps getting stronger.\" \/>\n<meta property=\"og:url\" content=\"https:\/\/fengshuifocus.com.sg\/shop\/wealth\/number-9-twirling-wealth-amulet\/\" \/>\n<meta property=\"og:site_name\" content=\"Feng Shui Focus\" \/>\n<meta property=\"article:publisher\" content=\"https:\/\/www.facebook.com\/Feng-Shui-Focus-176469115722739\/?hc_ref=ARQeIaM_dqGJoG1GyHcEnC9wqA9DE2VYU7MZosxhMrw4oVdQfkxNRxrsDKl-F7yxicA\" \/>\n<meta property=\"article:modified_time\" content=\"2026-04-17T18:12:11+00:00\" \/>\n<meta property=\"og:image\" content=\"https:\/\/fengshuifocus.com.sg\/wp-content\/uploads\/2025\/12\/No-9-Twirling-Wealth-Amulet-Lifestyle-450x450.jpg\" \/>\n\t<meta property=\"og:image:width\" content=\"1024\" \/>\n\t<meta property=\"og:image:height\" content=\"1024\" \/>\n\t<meta property=\"og:image:type\" content=\"image\/jpeg\" \/>\n<meta name=\"twitter:card\" content=\"summary_large_image\" \/>\n<meta name=\"twitter:site\" content=\"@FengShuiFocus\" \/>\n<meta name=\"twitter:label1\" content=\"Gesch\u00e4tzte Lesezeit\" \/>\n\t<meta name=\"twitter:data1\" content=\"1\u00a0Minute\" \/>\n<script type=\"application\/ld+json\" class=\"yoast-schema-graph\">{\"@context\":\"https:\/\/schema.org\",\"@graph\":[{\"@type\":\"WebPage\",\"@id\":\"https:\/\/fengshuifocus.com.sg\/shop\/wealth\/number-9-twirling-wealth-amulet\/\",\"url\":\"https:\/\/fengshuifocus.com.sg\/shop\/wealth\/number-9-twirling-wealth-amulet\/\",\"name\":\"Number 9 Twirling Wealth Amulet &#8212; Feng Shui Focus\",\"isPartOf\":{\"@id\":\"https:\/\/fengshuifocus.com.sg\/de\/#website\"},\"primaryImageOfPage\":{\"@id\":\"https:\/\/fengshuifocus.com.sg\/shop\/wealth\/number-9-twirling-wealth-amulet\/#primaryimage\"},\"image\":{\"@id\":\"https:\/\/fengshuifocus.com.sg\/shop\/wealth\/number-9-twirling-wealth-amulet\/#primaryimage\"},\"thumbnailUrl\":\"https:\/\/fengshuifocus.com.sg\/wp-content\/uploads\/2025\/12\/No-9-Twirling-Wealth-Amulet-2.jpg\",\"datePublished\":\"2025-12-20T02:02:33+00:00\",\"dateModified\":\"2026-04-17T18:12:11+00:00\",\"description\":\"In Feng Shui, the No 9 symbolises completion, fulfilment and increasing influence. Now that we are in Period 9, this energy keeps getting stronger.\",\"breadcrumb\":{\"@id\":\"https:\/\/fengshuifocus.com.sg\/shop\/wealth\/number-9-twirling-wealth-amulet\/#breadcrumb\"},\"inLanguage\":\"de\",\"potentialAction\":[{\"@type\":\"ReadAction\",\"target\":[\"https:\/\/fengshuifocus.com.sg\/shop\/wealth\/number-9-twirling-wealth-amulet\/\"]}]},{\"@type\":\"ImageObject\",\"inLanguage\":\"de\",\"@id\":\"https:\/\/fengshuifocus.com.sg\/shop\/wealth\/number-9-twirling-wealth-amulet\/#primaryimage\",\"url\":\"https:\/\/fengshuifocus.com.sg\/wp-content\/uploads\/2025\/12\/No-9-Twirling-Wealth-Amulet-2.jpg\",\"contentUrl\":\"https:\/\/fengshuifocus.com.sg\/wp-content\/uploads\/2025\/12\/No-9-Twirling-Wealth-Amulet-2.jpg\",\"width\":693,\"height\":693},{\"@type\":\"BreadcrumbList\",\"@id\":\"https:\/\/fengshuifocus.com.sg\/shop\/wealth\/number-9-twirling-wealth-amulet\/#breadcrumb\",\"itemListElement\":[{\"@type\":\"ListItem\",\"position\":1,\"name\":\"Home\",\"item\":\"https:\/\/fengshuifocus.com.sg\/\"},{\"@type\":\"ListItem\",\"position\":2,\"name\":\"Feng Shui Focus Online Shop\",\"item\":\"https:\/\/fengshuifocus.com.sg\/de\/shop\/\"},{\"@type\":\"ListItem\",\"position\":3,\"name\":\"Number 9 Twirling Wealth Amulet\"}]},{\"@type\":\"WebSite\",\"@id\":\"https:\/\/fengshuifocus.com.sg\/de\/#website\",\"url\":\"https:\/\/fengshuifocus.com.sg\/de\/\",\"name\":\"Feng Shui Focus\",\"description\":\"Praktische L\u00f6sungen f\u00fcr das moderne Zuhause und B\u00fcro\",\"potentialAction\":[{\"@type\":\"SearchAction\",\"target\":{\"@type\":\"EntryPoint\",\"urlTemplate\":\"https:\/\/fengshuifocus.com.sg\/de\/?s={search_term_string}\"},\"query-input\":{\"@type\":\"PropertyValueSpecification\",\"valueRequired\":true,\"valueName\":\"search_term_string\"}}],\"inLanguage\":\"de\"}]}<\/script>\n<!-- \/ Yoast SEO plugin. -->","yoast_head_json":{"title":"Number 9 Twirling Wealth Amulet &#8212; Feng Shui Focus","robots":{"index":"index","follow":"follow","max-snippet":"max-snippet:-1","max-image-preview":"max-image-preview:large","max-video-preview":"max-video-preview:-1"},"canonical":"https:\/\/fengshuifocus.com.sg\/shop\/wealth\/number-9-twirling-wealth-amulet\/","og_locale":"de_DE","og_type":"article","og_title":"Number 9 Twirling Wealth Amulet","og_description":"In Feng Shui, the No 9 symbolises completion, fulfilment and increasing influence. Now that we are in Period 9, this energy keeps getting stronger.","og_url":"https:\/\/fengshuifocus.com.sg\/shop\/wealth\/number-9-twirling-wealth-amulet\/","og_site_name":"Feng Shui Focus","article_publisher":"https:\/\/www.facebook.com\/Feng-Shui-Focus-176469115722739\/?hc_ref=ARQeIaM_dqGJoG1GyHcEnC9wqA9DE2VYU7MZosxhMrw4oVdQfkxNRxrsDKl-F7yxicA","article_modified_time":"2026-04-17T18:12:11+00:00","og_image":[{"width":1024,"height":1024,"url":"https:\/\/fengshuifocus.com.sg\/wp-content\/uploads\/2025\/12\/No-9-Twirling-Wealth-Amulet-Lifestyle-450x450.jpg","type":"image\/jpeg"}],"twitter_card":"summary_large_image","twitter_site":"@FengShuiFocus","twitter_misc":{"Gesch\u00e4tzte Lesezeit":"1\u00a0Minute"},"schema":{"@context":"https:\/\/schema.org","@graph":[{"@type":"WebPage","@id":"https:\/\/fengshuifocus.com.sg\/shop\/wealth\/number-9-twirling-wealth-amulet\/","url":"https:\/\/fengshuifocus.com.sg\/shop\/wealth\/number-9-twirling-wealth-amulet\/","name":"Number 9 Twirling Wealth Amulet &#8212; Feng Shui Focus","isPartOf":{"@id":"https:\/\/fengshuifocus.com.sg\/de\/#website"},"primaryImageOfPage":{"@id":"https:\/\/fengshuifocus.com.sg\/shop\/wealth\/number-9-twirling-wealth-amulet\/#primaryimage"},"image":{"@id":"https:\/\/fengshuifocus.com.sg\/shop\/wealth\/number-9-twirling-wealth-amulet\/#primaryimage"},"thumbnailUrl":"https:\/\/fengshuifocus.com.sg\/wp-content\/uploads\/2025\/12\/No-9-Twirling-Wealth-Amulet-2.jpg","datePublished":"2025-12-20T02:02:33+00:00","dateModified":"2026-04-17T18:12:11+00:00","description":"In Feng Shui, the No 9 symbolises completion, fulfilment and increasing influence. Now that we are in Period 9, this energy keeps getting stronger.","breadcrumb":{"@id":"https:\/\/fengshuifocus.com.sg\/shop\/wealth\/number-9-twirling-wealth-amulet\/#breadcrumb"},"inLanguage":"de","potentialAction":[{"@type":"ReadAction","target":["https:\/\/fengshuifocus.com.sg\/shop\/wealth\/number-9-twirling-wealth-amulet\/"]}]},{"@type":"ImageObject","inLanguage":"de","@id":"https:\/\/fengshuifocus.com.sg\/shop\/wealth\/number-9-twirling-wealth-amulet\/#primaryimage","url":"https:\/\/fengshuifocus.com.sg\/wp-content\/uploads\/2025\/12\/No-9-Twirling-Wealth-Amulet-2.jpg","contentUrl":"https:\/\/fengshuifocus.com.sg\/wp-content\/uploads\/2025\/12\/No-9-Twirling-Wealth-Amulet-2.jpg","width":693,"height":693},{"@type":"BreadcrumbList","@id":"https:\/\/fengshuifocus.com.sg\/shop\/wealth\/number-9-twirling-wealth-amulet\/#breadcrumb","itemListElement":[{"@type":"ListItem","position":1,"name":"Home","item":"https:\/\/fengshuifocus.com.sg\/"},{"@type":"ListItem","position":2,"name":"Feng Shui Focus Online Shop","item":"https:\/\/fengshuifocus.com.sg\/de\/shop\/"},{"@type":"ListItem","position":3,"name":"Number 9 Twirling Wealth Amulet"}]},{"@type":"WebSite","@id":"https:\/\/fengshuifocus.com.sg\/de\/#website","url":"https:\/\/fengshuifocus.com.sg\/de\/","name":"Feng Shui Focus","description":"Praktische L\u00f6sungen f\u00fcr das moderne Zuhause und B\u00fcro","potentialAction":[{"@type":"SearchAction","target":{"@type":"EntryPoint","urlTemplate":"https:\/\/fengshuifocus.com.sg\/de\/?s={search_term_string}"},"query-input":{"@type":"PropertyValueSpecification","valueRequired":true,"valueName":"search_term_string"}}],"inLanguage":"de"}]}},"post_mailing_queue_ids":[],"_links":{"self":[{"href":"https:\/\/fengshuifocus.com.sg\/de\/wp-json\/wp\/v2\/product\/13700","targetHints":{"allow":["GET"]}}],"collection":[{"href":"https:\/\/fengshuifocus.com.sg\/de\/wp-json\/wp\/v2\/product"}],"about":[{"href":"https:\/\/fengshuifocus.com.sg\/de\/wp-json\/wp\/v2\/types\/product"}],"wp:featuredmedia":[{"embeddable":true,"href":"https:\/\/fengshuifocus.com.sg\/de\/wp-json\/wp\/v2\/media\/13702"}],"wp:attachment":[{"href":"https:\/\/fengshuifocus.com.sg\/de\/wp-json\/wp\/v2\/media?parent=13700"}],"wp:term":[{"taxonomy":"product_brand","embeddable":true,"href":"https:\/\/fengshuifocus.com.sg\/de\/wp-json\/wp\/v2\/product_brand?post=13700"},{"taxonomy":"product_cat","embeddable":true,"href":"https:\/\/fengshuifocus.com.sg\/de\/wp-json\/wp\/v2\/product_cat?post=13700"},{"taxonomy":"product_tag","embeddable":true,"href":"https:\/\/fengshuifocus.com.sg\/de\/wp-json\/wp\/v2\/product_tag?post=13700"}],"curies":[{"name":"wp","href":"https:\/\/api.w.org\/{rel}","templated":true}]}}