{"id":13704,"date":"2025-12-20T03:08:31","date_gmt":"2025-12-20T02:08:31","guid":{"rendered":"https:\/\/fengshuifocus.com.sg\/?post_type=product&#038;p=13704"},"modified":"2026-05-05T23:08:36","modified_gmt":"2026-05-05T21:08:36","slug":"wish-fulfilling-bird-bag-charms","status":"publish","type":"product","link":"https:\/\/fengshuifocus.com.sg\/de\/shop\/wealth\/wish-fulfilling-bird-bag-charms\/","title":{"rendered":"Wish-Fulfilling Bird Bag Charms"},"content":{"rendered":"<p>Birds are considered as messengers in many cultures. Feng Shui wisdom also believes that birds not only bring good news but also opportunities. Likewise, they can carry your wishes into the cosmos for the universe to respond.<\/p>\n<p>You can use these delightful bird bag charms to send your wishes to the universe! Each bird charm has a hidden slit compartment under its wing where you can insert your very own wish \u2013 be it finding a now love, passing an exam, travelling to your dream destination \u2026. whatever it is you wish for! \u00a0Then clip the charm to your bag and set your intentions in motion.<\/p>\n<p>A magical means to make your secret wishes come true!<\/p>\n<p>Available in 3 colours:<\/p>\n<ul>\n<li>Green wing<\/li>\n<li>Blue wing<\/li>\n<li>Pink wing<span class=\"\" style=\"display:block;clear:both;height: 0px;padding-top: 20px;border-top-width:0px;border-bottom-width:0px;\"><\/span><\/li>\n<\/ul>\n<p>Measurements: \u00a0\u00a0 approx. H 8.5-9cm x W 4-4.5cm without chain<\/p>\n<span class=\"\" style=\"display:block;clear:both;height: 0px;padding-top: 20px;border-top-width:0px;border-bottom-width:0px;\"><\/span>\n","protected":false},"excerpt":{"rendered":"<p>Birds are considered as messengers in many cultures. Feng Shui wisdom also believes that birds not only bring good news but also opportunities. Likewise, they can carry your wishes into the cosmos for the universe to respond.<\/p>\n<p>You can use these delightful bird bag charms to send your wishes to the universe! Each bird charm has a hidden slit compartment under its wing where you can insert your very own wish \u2013 be it finding a now love, passing an exam, travelling to your dream destination \u2026. whatever it is you wish for! \u00a0Then clip the charm to your bag and set your intentions in motion.<\/p>\n[spacer height=\"20px\"]\n","protected":false},"featured_media":13708,"template":"","meta":{"kt_blocks_editor_width":"","_monsterinsights_skip_tracking":false,"_monsterinsights_sitenote_active":false,"_monsterinsights_sitenote_note":"","_monsterinsights_sitenote_category":0},"product_brand":[],"product_cat":[375,844],"product_tag":[784],"class_list":{"0":"post-13704","1":"product","2":"type-product","3":"status-publish","4":"has-post-thumbnail","6":"product_cat-wealth","7":"product_cat-year-of-the-horse","8":"product_tag-birds","10":"first","11":"instock","12":"sale","13":"shipping-taxable","14":"purchasable","15":"product-type-variable"},"translation":{"provider":"WPGlobus","version":"3.0.0","language":"de","enabled_languages":["en","de"],"languages":{"en":{"title":true,"content":true,"excerpt":true},"de":{"title":false,"content":false,"excerpt":false}}},"yoast_head":"<!-- This site is optimized with the Yoast SEO plugin v26.4 - https:\/\/yoast.com\/wordpress\/plugins\/seo\/ -->\n<title>Wish-Fulfilling Bird Bag Charms &#8212; Feng Shui Focus<\/title>\n<meta name=\"robots\" content=\"index, follow, max-snippet:-1, max-image-preview:large, max-video-preview:-1\" \/>\n<link rel=\"canonical\" href=\"https:\/\/fengshuifocus.com.sg\/shop\/wealth\/wish-fulfilling-bird-bag-charms\/\" \/>\n<meta property=\"og:locale\" content=\"de_DE\" \/>\n<meta property=\"og:type\" content=\"article\" \/>\n<meta property=\"og:title\" content=\"Wish-Fulfilling Bird Bag Charms\" \/>\n<meta property=\"og:description\" content=\"Birds are considered as messengers in many cultures. Feng Shui wisdom also believes that birds not only bring good news but also opportunities. Likewise, they can carry your wishes into the cosmos for the universe to respond.\" \/>\n<meta property=\"og:url\" content=\"https:\/\/fengshuifocus.com.sg\/shop\/wealth\/wish-fulfilling-bird-bag-charms\/\" \/>\n<meta property=\"og:site_name\" content=\"Feng Shui Focus\" \/>\n<meta property=\"article:publisher\" content=\"https:\/\/www.facebook.com\/Feng-Shui-Focus-176469115722739\/?hc_ref=ARQeIaM_dqGJoG1GyHcEnC9wqA9DE2VYU7MZosxhMrw4oVdQfkxNRxrsDKl-F7yxicA\" \/>\n<meta property=\"article:modified_time\" content=\"2026-05-05T21:08:36+00:00\" \/>\n<meta property=\"og:image\" content=\"https:\/\/fengshuifocus.com.sg\/wp-content\/uploads\/2025\/12\/Birds-Bag-Charm-blue.jpg\" \/>\n\t<meta property=\"og:image:width\" content=\"708\" \/>\n\t<meta property=\"og:image:height\" content=\"708\" \/>\n\t<meta property=\"og:image:type\" content=\"image\/jpeg\" \/>\n<meta name=\"twitter:card\" content=\"summary_large_image\" \/>\n<meta name=\"twitter:site\" content=\"@FengShuiFocus\" \/>\n<meta name=\"twitter:label1\" content=\"Gesch\u00e4tzte Lesezeit\" \/>\n\t<meta name=\"twitter:data1\" content=\"1\u00a0Minute\" \/>\n<script type=\"application\/ld+json\" class=\"yoast-schema-graph\">{\"@context\":\"https:\/\/schema.org\",\"@graph\":[{\"@type\":\"WebPage\",\"@id\":\"https:\/\/fengshuifocus.com.sg\/shop\/wealth\/wish-fulfilling-bird-bag-charms\/\",\"url\":\"https:\/\/fengshuifocus.com.sg\/shop\/wealth\/wish-fulfilling-bird-bag-charms\/\",\"name\":\"Wish-Fulfilling Bird Bag Charms &#8212; Feng Shui Focus\",\"isPartOf\":{\"@id\":\"https:\/\/fengshuifocus.com.sg\/de\/#website\"},\"primaryImageOfPage\":{\"@id\":\"https:\/\/fengshuifocus.com.sg\/shop\/wealth\/wish-fulfilling-bird-bag-charms\/#primaryimage\"},\"image\":{\"@id\":\"https:\/\/fengshuifocus.com.sg\/shop\/wealth\/wish-fulfilling-bird-bag-charms\/#primaryimage\"},\"thumbnailUrl\":\"https:\/\/fengshuifocus.com.sg\/wp-content\/uploads\/2025\/12\/Birds-Bag-Charm-blue.jpg\",\"datePublished\":\"2025-12-20T02:08:31+00:00\",\"dateModified\":\"2026-05-05T21:08:36+00:00\",\"description\":\"Birds are considered as messengers in many cultures. Feng Shui wisdom also believes that birds not only bring good news but also opportunities. Likewise, they can carry your wishes into the cosmos for the universe to respond.\",\"breadcrumb\":{\"@id\":\"https:\/\/fengshuifocus.com.sg\/shop\/wealth\/wish-fulfilling-bird-bag-charms\/#breadcrumb\"},\"inLanguage\":\"de\",\"potentialAction\":[{\"@type\":\"ReadAction\",\"target\":[\"https:\/\/fengshuifocus.com.sg\/shop\/wealth\/wish-fulfilling-bird-bag-charms\/\"]}]},{\"@type\":\"ImageObject\",\"inLanguage\":\"de\",\"@id\":\"https:\/\/fengshuifocus.com.sg\/shop\/wealth\/wish-fulfilling-bird-bag-charms\/#primaryimage\",\"url\":\"https:\/\/fengshuifocus.com.sg\/wp-content\/uploads\/2025\/12\/Birds-Bag-Charm-blue.jpg\",\"contentUrl\":\"https:\/\/fengshuifocus.com.sg\/wp-content\/uploads\/2025\/12\/Birds-Bag-Charm-blue.jpg\",\"width\":708,\"height\":708},{\"@type\":\"BreadcrumbList\",\"@id\":\"https:\/\/fengshuifocus.com.sg\/shop\/wealth\/wish-fulfilling-bird-bag-charms\/#breadcrumb\",\"itemListElement\":[{\"@type\":\"ListItem\",\"position\":1,\"name\":\"Home\",\"item\":\"https:\/\/fengshuifocus.com.sg\/\"},{\"@type\":\"ListItem\",\"position\":2,\"name\":\"Feng Shui Focus Online Shop\",\"item\":\"https:\/\/fengshuifocus.com.sg\/de\/shop\/\"},{\"@type\":\"ListItem\",\"position\":3,\"name\":\"Wish-Fulfilling Bird Bag Charms\"}]},{\"@type\":\"WebSite\",\"@id\":\"https:\/\/fengshuifocus.com.sg\/de\/#website\",\"url\":\"https:\/\/fengshuifocus.com.sg\/de\/\",\"name\":\"Feng Shui Focus\",\"description\":\"Praktische L\u00f6sungen f\u00fcr das moderne Zuhause und B\u00fcro\",\"potentialAction\":[{\"@type\":\"SearchAction\",\"target\":{\"@type\":\"EntryPoint\",\"urlTemplate\":\"https:\/\/fengshuifocus.com.sg\/de\/?s={search_term_string}\"},\"query-input\":{\"@type\":\"PropertyValueSpecification\",\"valueRequired\":true,\"valueName\":\"search_term_string\"}}],\"inLanguage\":\"de\"}]}<\/script>\n<!-- \/ Yoast SEO plugin. -->","yoast_head_json":{"title":"Wish-Fulfilling Bird Bag Charms &#8212; Feng Shui Focus","robots":{"index":"index","follow":"follow","max-snippet":"max-snippet:-1","max-image-preview":"max-image-preview:large","max-video-preview":"max-video-preview:-1"},"canonical":"https:\/\/fengshuifocus.com.sg\/shop\/wealth\/wish-fulfilling-bird-bag-charms\/","og_locale":"de_DE","og_type":"article","og_title":"Wish-Fulfilling Bird Bag Charms","og_description":"Birds are considered as messengers in many cultures. Feng Shui wisdom also believes that birds not only bring good news but also opportunities. Likewise, they can carry your wishes into the cosmos for the universe to respond.","og_url":"https:\/\/fengshuifocus.com.sg\/shop\/wealth\/wish-fulfilling-bird-bag-charms\/","og_site_name":"Feng Shui Focus","article_publisher":"https:\/\/www.facebook.com\/Feng-Shui-Focus-176469115722739\/?hc_ref=ARQeIaM_dqGJoG1GyHcEnC9wqA9DE2VYU7MZosxhMrw4oVdQfkxNRxrsDKl-F7yxicA","article_modified_time":"2026-05-05T21:08:36+00:00","og_image":[{"width":708,"height":708,"url":"https:\/\/fengshuifocus.com.sg\/wp-content\/uploads\/2025\/12\/Birds-Bag-Charm-blue.jpg","type":"image\/jpeg"}],"twitter_card":"summary_large_image","twitter_site":"@FengShuiFocus","twitter_misc":{"Gesch\u00e4tzte Lesezeit":"1\u00a0Minute"},"schema":{"@context":"https:\/\/schema.org","@graph":[{"@type":"WebPage","@id":"https:\/\/fengshuifocus.com.sg\/shop\/wealth\/wish-fulfilling-bird-bag-charms\/","url":"https:\/\/fengshuifocus.com.sg\/shop\/wealth\/wish-fulfilling-bird-bag-charms\/","name":"Wish-Fulfilling Bird Bag Charms &#8212; Feng Shui Focus","isPartOf":{"@id":"https:\/\/fengshuifocus.com.sg\/de\/#website"},"primaryImageOfPage":{"@id":"https:\/\/fengshuifocus.com.sg\/shop\/wealth\/wish-fulfilling-bird-bag-charms\/#primaryimage"},"image":{"@id":"https:\/\/fengshuifocus.com.sg\/shop\/wealth\/wish-fulfilling-bird-bag-charms\/#primaryimage"},"thumbnailUrl":"https:\/\/fengshuifocus.com.sg\/wp-content\/uploads\/2025\/12\/Birds-Bag-Charm-blue.jpg","datePublished":"2025-12-20T02:08:31+00:00","dateModified":"2026-05-05T21:08:36+00:00","description":"Birds are considered as messengers in many cultures. Feng Shui wisdom also believes that birds not only bring good news but also opportunities. Likewise, they can carry your wishes into the cosmos for the universe to respond.","breadcrumb":{"@id":"https:\/\/fengshuifocus.com.sg\/shop\/wealth\/wish-fulfilling-bird-bag-charms\/#breadcrumb"},"inLanguage":"de","potentialAction":[{"@type":"ReadAction","target":["https:\/\/fengshuifocus.com.sg\/shop\/wealth\/wish-fulfilling-bird-bag-charms\/"]}]},{"@type":"ImageObject","inLanguage":"de","@id":"https:\/\/fengshuifocus.com.sg\/shop\/wealth\/wish-fulfilling-bird-bag-charms\/#primaryimage","url":"https:\/\/fengshuifocus.com.sg\/wp-content\/uploads\/2025\/12\/Birds-Bag-Charm-blue.jpg","contentUrl":"https:\/\/fengshuifocus.com.sg\/wp-content\/uploads\/2025\/12\/Birds-Bag-Charm-blue.jpg","width":708,"height":708},{"@type":"BreadcrumbList","@id":"https:\/\/fengshuifocus.com.sg\/shop\/wealth\/wish-fulfilling-bird-bag-charms\/#breadcrumb","itemListElement":[{"@type":"ListItem","position":1,"name":"Home","item":"https:\/\/fengshuifocus.com.sg\/"},{"@type":"ListItem","position":2,"name":"Feng Shui Focus Online Shop","item":"https:\/\/fengshuifocus.com.sg\/de\/shop\/"},{"@type":"ListItem","position":3,"name":"Wish-Fulfilling Bird Bag Charms"}]},{"@type":"WebSite","@id":"https:\/\/fengshuifocus.com.sg\/de\/#website","url":"https:\/\/fengshuifocus.com.sg\/de\/","name":"Feng Shui Focus","description":"Praktische L\u00f6sungen f\u00fcr das moderne Zuhause und B\u00fcro","potentialAction":[{"@type":"SearchAction","target":{"@type":"EntryPoint","urlTemplate":"https:\/\/fengshuifocus.com.sg\/de\/?s={search_term_string}"},"query-input":{"@type":"PropertyValueSpecification","valueRequired":true,"valueName":"search_term_string"}}],"inLanguage":"de"}]}},"post_mailing_queue_ids":[],"_links":{"self":[{"href":"https:\/\/fengshuifocus.com.sg\/de\/wp-json\/wp\/v2\/product\/13704","targetHints":{"allow":["GET"]}}],"collection":[{"href":"https:\/\/fengshuifocus.com.sg\/de\/wp-json\/wp\/v2\/product"}],"about":[{"href":"https:\/\/fengshuifocus.com.sg\/de\/wp-json\/wp\/v2\/types\/product"}],"wp:featuredmedia":[{"embeddable":true,"href":"https:\/\/fengshuifocus.com.sg\/de\/wp-json\/wp\/v2\/media\/13708"}],"wp:attachment":[{"href":"https:\/\/fengshuifocus.com.sg\/de\/wp-json\/wp\/v2\/media?parent=13704"}],"wp:term":[{"taxonomy":"product_brand","embeddable":true,"href":"https:\/\/fengshuifocus.com.sg\/de\/wp-json\/wp\/v2\/product_brand?post=13704"},{"taxonomy":"product_cat","embeddable":true,"href":"https:\/\/fengshuifocus.com.sg\/de\/wp-json\/wp\/v2\/product_cat?post=13704"},{"taxonomy":"product_tag","embeddable":true,"href":"https:\/\/fengshuifocus.com.sg\/de\/wp-json\/wp\/v2\/product_tag?post=13704"}],"curies":[{"name":"wp","href":"https:\/\/api.w.org\/{rel}","templated":true}]}}