{"id":13736,"date":"2025-12-31T00:58:10","date_gmt":"2025-12-30T23:58:10","guid":{"rendered":"https:\/\/fengshuifocus.com.sg\/?post_type=product&#038;p=13736"},"modified":"2026-03-01T09:45:40","modified_gmt":"2026-03-01T08:45:40","slug":"triple-blessings-wu-lou-amulet","status":"publish","type":"product","link":"https:\/\/fengshuifocus.com.sg\/de\/shop\/health\/triple-blessings-wu-lou-amulet\/","title":{"rendered":"Triple Blessings Wu Lou Amulet"},"content":{"rendered":"<p>This is the new Wu Lou amulet for 2026, featuring the powerful Chinese Health Talisman on the front and the Chinese character \u201cSau\u201d on the back, surrounded by a bunch of healing herbs to represent longevity and boost restorative energies.<\/p>\n<p>The amulet is further enhanced with two additional small Wu Lous, offering extra protection and support for body, mind and spirit \u2013 hence its name \u201cTriple Blessings Wu Lou\u201d Amulet.<\/p>\n<p>Simply clip it onto your handbag or keep it with your house keys to stay protected while you are out and about. It also makes a very thoughtful present for somebody you care about.<\/p>\n<p><strong>In 2026, highly recommended for: <\/strong><\/p>\n<ul>\n<li><strong>All Patriarchs and people in leading positions<\/strong><\/li>\n<li><strong>People born in the Years of the Dog or Boar<\/strong><\/li>\n<li><strong>People living in NW-facing houses <\/strong><\/li>\n<\/ul>\n<span class=\"\" style=\"display:block;clear:both;height: 0px;padding-top: 20px;border-top-width:0px;border-bottom-width:0px;\"><\/span>\n<p>Measurements: \u00a0\u00a0 Main Wu Lou approx. H 5.8cm x W 4cm without chain<\/p>\n<span class=\"\" style=\"display:block;clear:both;height: 0px;padding-top: 20px;border-top-width:0px;border-bottom-width:0px;\"><\/span>\n","protected":false},"excerpt":{"rendered":"<p>This is the new Wu Lou amulet for 2026, featuring the powerful Chinese Health Talisman on the front and the Chinese character \u201cSau\u201d on the back, surrounded by a bunch of healing herbs to represent longevity and boost restorative energies.<\/p>\n<p>The amulet is further enhanced with two additional small Wu Lous, offering extra protection and support for body, mind and spirit \u2013 hence its name \u201cTriple Blessings Wu Lou\u201d Amulet.<\/p>\n<p>Simply clip it onto your handbag or keep it with your house keys to stay protected while you are out and about. It also makes a very thoughtful present for somebody you care about.<\/p>\n[spacer height=\"20px\"]\n","protected":false},"featured_media":13738,"template":"","meta":{"kt_blocks_editor_width":"","_monsterinsights_skip_tracking":false,"_monsterinsights_sitenote_active":false,"_monsterinsights_sitenote_note":"","_monsterinsights_sitenote_category":0},"product_brand":[],"product_cat":[374,844],"product_tag":[459,387,696,869],"class_list":{"0":"post-13736","1":"product","2":"type-product","3":"status-publish","4":"has-post-thumbnail","6":"product_cat-health","7":"product_cat-year-of-the-horse","8":"product_tag-blessings","9":"product_tag-health","10":"product_tag-longevity","11":"product_tag-sau","13":"first","14":"instock","15":"shipping-taxable","16":"purchasable","17":"product-type-simple"},"translation":{"provider":"WPGlobus","version":"3.0.0","language":"de","enabled_languages":["en","de"],"languages":{"en":{"title":true,"content":true,"excerpt":true},"de":{"title":false,"content":false,"excerpt":false}}},"yoast_head":"<!-- This site is optimized with the Yoast SEO plugin v26.4 - https:\/\/yoast.com\/wordpress\/plugins\/seo\/ -->\n<title>Triple Blessings Wu Lou Amulet &#8212; Feng Shui Focus<\/title>\n<meta name=\"robots\" content=\"index, follow, max-snippet:-1, max-image-preview:large, max-video-preview:-1\" \/>\n<link rel=\"canonical\" href=\"https:\/\/fengshuifocus.com.sg\/shop\/health\/triple-blessings-wu-lou-amulet\/\" \/>\n<meta property=\"og:locale\" content=\"de_DE\" \/>\n<meta property=\"og:type\" content=\"article\" \/>\n<meta property=\"og:title\" content=\"Triple Blessings Wu Lou Amulet\" \/>\n<meta property=\"og:description\" content=\"This is the new Wu Lou amulet for 2026, featuring the powerful Chinese Health Talisman on the front and the Chinese character \u201cSau\u201d on the back, surrounded by a bunch of healing herbs to represent longevity and boost restorative energies.\" \/>\n<meta property=\"og:url\" content=\"https:\/\/fengshuifocus.com.sg\/shop\/health\/triple-blessings-wu-lou-amulet\/\" \/>\n<meta property=\"og:site_name\" content=\"Feng Shui Focus\" \/>\n<meta property=\"article:publisher\" content=\"https:\/\/www.facebook.com\/Feng-Shui-Focus-176469115722739\/?hc_ref=ARQeIaM_dqGJoG1GyHcEnC9wqA9DE2VYU7MZosxhMrw4oVdQfkxNRxrsDKl-F7yxicA\" \/>\n<meta property=\"article:modified_time\" content=\"2026-03-01T08:45:40+00:00\" \/>\n<meta property=\"og:image\" content=\"https:\/\/fengshuifocus.com.sg\/wp-content\/uploads\/2025\/12\/Triple-Blessings-Wu-Lou-Amulet-Lifestyle-1-450x450.jpeg\" \/>\n\t<meta property=\"og:image:width\" content=\"1134\" \/>\n\t<meta property=\"og:image:height\" content=\"1134\" \/>\n\t<meta property=\"og:image:type\" content=\"image\/jpeg\" \/>\n<meta name=\"twitter:card\" content=\"summary_large_image\" \/>\n<meta name=\"twitter:site\" content=\"@FengShuiFocus\" \/>\n<meta name=\"twitter:label1\" content=\"Gesch\u00e4tzte Lesezeit\" \/>\n\t<meta name=\"twitter:data1\" content=\"1\u00a0Minute\" \/>\n<script type=\"application\/ld+json\" class=\"yoast-schema-graph\">{\"@context\":\"https:\/\/schema.org\",\"@graph\":[{\"@type\":\"WebPage\",\"@id\":\"https:\/\/fengshuifocus.com.sg\/shop\/health\/triple-blessings-wu-lou-amulet\/\",\"url\":\"https:\/\/fengshuifocus.com.sg\/shop\/health\/triple-blessings-wu-lou-amulet\/\",\"name\":\"Triple Blessings Wu Lou Amulet &#8212; Feng Shui Focus\",\"isPartOf\":{\"@id\":\"https:\/\/fengshuifocus.com.sg\/de\/#website\"},\"primaryImageOfPage\":{\"@id\":\"https:\/\/fengshuifocus.com.sg\/shop\/health\/triple-blessings-wu-lou-amulet\/#primaryimage\"},\"image\":{\"@id\":\"https:\/\/fengshuifocus.com.sg\/shop\/health\/triple-blessings-wu-lou-amulet\/#primaryimage\"},\"thumbnailUrl\":\"https:\/\/fengshuifocus.com.sg\/wp-content\/uploads\/2025\/12\/Triple-Blessings-Wu-Lou-Amulet-front.jpeg\",\"datePublished\":\"2025-12-30T23:58:10+00:00\",\"dateModified\":\"2026-03-01T08:45:40+00:00\",\"description\":\"This is the new Wu Lou amulet for 2026, featuring the powerful Chinese Health Talisman on the front and the Chinese character \u201cSau\u201d on the back, surrounded by a bunch of healing herbs to represent longevity and boost restorative energies.\",\"breadcrumb\":{\"@id\":\"https:\/\/fengshuifocus.com.sg\/shop\/health\/triple-blessings-wu-lou-amulet\/#breadcrumb\"},\"inLanguage\":\"de\",\"potentialAction\":[{\"@type\":\"ReadAction\",\"target\":[\"https:\/\/fengshuifocus.com.sg\/shop\/health\/triple-blessings-wu-lou-amulet\/\"]}]},{\"@type\":\"ImageObject\",\"inLanguage\":\"de\",\"@id\":\"https:\/\/fengshuifocus.com.sg\/shop\/health\/triple-blessings-wu-lou-amulet\/#primaryimage\",\"url\":\"https:\/\/fengshuifocus.com.sg\/wp-content\/uploads\/2025\/12\/Triple-Blessings-Wu-Lou-Amulet-front.jpeg\",\"contentUrl\":\"https:\/\/fengshuifocus.com.sg\/wp-content\/uploads\/2025\/12\/Triple-Blessings-Wu-Lou-Amulet-front.jpeg\",\"width\":1417,\"height\":1417,\"caption\":\"Triple Blessings Wu Lou Amulet front\"},{\"@type\":\"BreadcrumbList\",\"@id\":\"https:\/\/fengshuifocus.com.sg\/shop\/health\/triple-blessings-wu-lou-amulet\/#breadcrumb\",\"itemListElement\":[{\"@type\":\"ListItem\",\"position\":1,\"name\":\"Home\",\"item\":\"https:\/\/fengshuifocus.com.sg\/\"},{\"@type\":\"ListItem\",\"position\":2,\"name\":\"Feng Shui Focus Online Shop\",\"item\":\"https:\/\/fengshuifocus.com.sg\/de\/shop\/\"},{\"@type\":\"ListItem\",\"position\":3,\"name\":\"Triple Blessings Wu Lou Amulet\"}]},{\"@type\":\"WebSite\",\"@id\":\"https:\/\/fengshuifocus.com.sg\/de\/#website\",\"url\":\"https:\/\/fengshuifocus.com.sg\/de\/\",\"name\":\"Feng Shui Focus\",\"description\":\"Praktische L\u00f6sungen f\u00fcr das moderne Zuhause und B\u00fcro\",\"potentialAction\":[{\"@type\":\"SearchAction\",\"target\":{\"@type\":\"EntryPoint\",\"urlTemplate\":\"https:\/\/fengshuifocus.com.sg\/de\/?s={search_term_string}\"},\"query-input\":{\"@type\":\"PropertyValueSpecification\",\"valueRequired\":true,\"valueName\":\"search_term_string\"}}],\"inLanguage\":\"de\"}]}<\/script>\n<!-- \/ Yoast SEO plugin. -->","yoast_head_json":{"title":"Triple Blessings Wu Lou Amulet &#8212; Feng Shui Focus","robots":{"index":"index","follow":"follow","max-snippet":"max-snippet:-1","max-image-preview":"max-image-preview:large","max-video-preview":"max-video-preview:-1"},"canonical":"https:\/\/fengshuifocus.com.sg\/shop\/health\/triple-blessings-wu-lou-amulet\/","og_locale":"de_DE","og_type":"article","og_title":"Triple Blessings Wu Lou Amulet","og_description":"This is the new Wu Lou amulet for 2026, featuring the powerful Chinese Health Talisman on the front and the Chinese character \u201cSau\u201d on the back, surrounded by a bunch of healing herbs to represent longevity and boost restorative energies.","og_url":"https:\/\/fengshuifocus.com.sg\/shop\/health\/triple-blessings-wu-lou-amulet\/","og_site_name":"Feng Shui Focus","article_publisher":"https:\/\/www.facebook.com\/Feng-Shui-Focus-176469115722739\/?hc_ref=ARQeIaM_dqGJoG1GyHcEnC9wqA9DE2VYU7MZosxhMrw4oVdQfkxNRxrsDKl-F7yxicA","article_modified_time":"2026-03-01T08:45:40+00:00","og_image":[{"width":1134,"height":1134,"url":"https:\/\/fengshuifocus.com.sg\/wp-content\/uploads\/2025\/12\/Triple-Blessings-Wu-Lou-Amulet-Lifestyle-1-450x450.jpeg","type":"image\/jpeg"}],"twitter_card":"summary_large_image","twitter_site":"@FengShuiFocus","twitter_misc":{"Gesch\u00e4tzte Lesezeit":"1\u00a0Minute"},"schema":{"@context":"https:\/\/schema.org","@graph":[{"@type":"WebPage","@id":"https:\/\/fengshuifocus.com.sg\/shop\/health\/triple-blessings-wu-lou-amulet\/","url":"https:\/\/fengshuifocus.com.sg\/shop\/health\/triple-blessings-wu-lou-amulet\/","name":"Triple Blessings Wu Lou Amulet &#8212; Feng Shui Focus","isPartOf":{"@id":"https:\/\/fengshuifocus.com.sg\/de\/#website"},"primaryImageOfPage":{"@id":"https:\/\/fengshuifocus.com.sg\/shop\/health\/triple-blessings-wu-lou-amulet\/#primaryimage"},"image":{"@id":"https:\/\/fengshuifocus.com.sg\/shop\/health\/triple-blessings-wu-lou-amulet\/#primaryimage"},"thumbnailUrl":"https:\/\/fengshuifocus.com.sg\/wp-content\/uploads\/2025\/12\/Triple-Blessings-Wu-Lou-Amulet-front.jpeg","datePublished":"2025-12-30T23:58:10+00:00","dateModified":"2026-03-01T08:45:40+00:00","description":"This is the new Wu Lou amulet for 2026, featuring the powerful Chinese Health Talisman on the front and the Chinese character \u201cSau\u201d on the back, surrounded by a bunch of healing herbs to represent longevity and boost restorative energies.","breadcrumb":{"@id":"https:\/\/fengshuifocus.com.sg\/shop\/health\/triple-blessings-wu-lou-amulet\/#breadcrumb"},"inLanguage":"de","potentialAction":[{"@type":"ReadAction","target":["https:\/\/fengshuifocus.com.sg\/shop\/health\/triple-blessings-wu-lou-amulet\/"]}]},{"@type":"ImageObject","inLanguage":"de","@id":"https:\/\/fengshuifocus.com.sg\/shop\/health\/triple-blessings-wu-lou-amulet\/#primaryimage","url":"https:\/\/fengshuifocus.com.sg\/wp-content\/uploads\/2025\/12\/Triple-Blessings-Wu-Lou-Amulet-front.jpeg","contentUrl":"https:\/\/fengshuifocus.com.sg\/wp-content\/uploads\/2025\/12\/Triple-Blessings-Wu-Lou-Amulet-front.jpeg","width":1417,"height":1417,"caption":"Triple Blessings Wu Lou Amulet front"},{"@type":"BreadcrumbList","@id":"https:\/\/fengshuifocus.com.sg\/shop\/health\/triple-blessings-wu-lou-amulet\/#breadcrumb","itemListElement":[{"@type":"ListItem","position":1,"name":"Home","item":"https:\/\/fengshuifocus.com.sg\/"},{"@type":"ListItem","position":2,"name":"Feng Shui Focus Online Shop","item":"https:\/\/fengshuifocus.com.sg\/de\/shop\/"},{"@type":"ListItem","position":3,"name":"Triple Blessings Wu Lou Amulet"}]},{"@type":"WebSite","@id":"https:\/\/fengshuifocus.com.sg\/de\/#website","url":"https:\/\/fengshuifocus.com.sg\/de\/","name":"Feng Shui Focus","description":"Praktische L\u00f6sungen f\u00fcr das moderne Zuhause und B\u00fcro","potentialAction":[{"@type":"SearchAction","target":{"@type":"EntryPoint","urlTemplate":"https:\/\/fengshuifocus.com.sg\/de\/?s={search_term_string}"},"query-input":{"@type":"PropertyValueSpecification","valueRequired":true,"valueName":"search_term_string"}}],"inLanguage":"de"}]}},"post_mailing_queue_ids":[],"_links":{"self":[{"href":"https:\/\/fengshuifocus.com.sg\/de\/wp-json\/wp\/v2\/product\/13736","targetHints":{"allow":["GET"]}}],"collection":[{"href":"https:\/\/fengshuifocus.com.sg\/de\/wp-json\/wp\/v2\/product"}],"about":[{"href":"https:\/\/fengshuifocus.com.sg\/de\/wp-json\/wp\/v2\/types\/product"}],"wp:featuredmedia":[{"embeddable":true,"href":"https:\/\/fengshuifocus.com.sg\/de\/wp-json\/wp\/v2\/media\/13738"}],"wp:attachment":[{"href":"https:\/\/fengshuifocus.com.sg\/de\/wp-json\/wp\/v2\/media?parent=13736"}],"wp:term":[{"taxonomy":"product_brand","embeddable":true,"href":"https:\/\/fengshuifocus.com.sg\/de\/wp-json\/wp\/v2\/product_brand?post=13736"},{"taxonomy":"product_cat","embeddable":true,"href":"https:\/\/fengshuifocus.com.sg\/de\/wp-json\/wp\/v2\/product_cat?post=13736"},{"taxonomy":"product_tag","embeddable":true,"href":"https:\/\/fengshuifocus.com.sg\/de\/wp-json\/wp\/v2\/product_tag?post=13736"}],"curies":[{"name":"wp","href":"https:\/\/api.w.org\/{rel}","templated":true}]}}