{"id":13887,"date":"2026-04-17T20:28:31","date_gmt":"2026-04-17T18:28:31","guid":{"rendered":"https:\/\/fengshuifocus.com.sg\/?post_type=product&#038;p=13887"},"modified":"2026-04-17T20:28:31","modified_gmt":"2026-04-17T18:28:31","slug":"chinese-astrology-ally-amulets","status":"publish","type":"product","link":"https:\/\/fengshuifocus.com.sg\/de\/shop\/career-success\/chinese-astrology-ally-amulets\/","title":{"rendered":"Chinese Astrology Ally Amulets"},"content":{"rendered":"<p>Call on your zodiac support system with these new astrology animal charms! Each animal sign has its own unique design and features the \u201cGui Ren\u201d talisman on its back, helping you attract a person who will help you just when you need it.<\/p>\n<p>These amulets are particularly powerful this year (2026), as it is a year blessed with two (!!) Stars of Powerful Mentors. Being knowledgeable, hard-working and smart always helps to carve out your path, but it is also who you know, having the right connections, that is important \u2013 and this is where the help of your zodiac allies can be extremely useful.<\/p>\n<span class=\"\" style=\"display:block;clear:both;height: 0px;padding-top: 20px;border-top-width:0px;border-bottom-width:0px;\"><\/span>\n<p><strong>Carry the sign that matches your intention:<\/strong><\/p>\n<ul>\n<li>Your own animal sign \u2013 for personal empowerment.<\/li>\n<li>Your Secret Friend \u2013 to attract a person who will help you in times of need.<\/li>\n<li>One (or both) of your Zodiac Allies \u2013 to encourage teamwork, success and harmony.<\/li>\n<li>Your Peach Blossom sign \u2013 if you are seeking love and romance.<\/li>\n<\/ul>\n<p>I often recommend activating the power of your secret friend and\/or allies, as this can be so very helpful in your life! Some time ago, I wrote a blog on this subject <a href=\"https:\/\/fengshuifocus.com.sg\/who-is-your-secret-friend\/\">\u201cWho is your Secret Friend?\u201d<\/a>\u00a0 and you can click here to read it on my website.<\/p>\n<span class=\"\" style=\"display:block;clear:both;height: 0px;padding-top: 20px;border-top-width:0px;border-bottom-width:0px;\"><\/span>\n<p><strong>The Secret Friends pairings are as follows:<\/strong><\/p>\n<ul>\n<li>Rat &amp; Ox<\/li>\n<li>Tiger &amp; Boar<\/li>\n<li>Rabbit &amp; Dog<\/li>\n<li>Dragon &amp; Rooster<\/li>\n<li>Snake &amp; Monkey<\/li>\n<li>Sheep &amp; Horse<\/li>\n<\/ul>\n<p>That means, for example, if you are a Rat, your Secret Friend is Ox, and vice versa.<\/p>\n<span class=\"\" style=\"display:block;clear:both;height: 0px;padding-top: 20px;border-top-width:0px;border-bottom-width:0px;\"><\/span>\n<p><strong>The Zodiac Allies are as follows:<\/strong><\/p>\n<ul>\n<li>Rat, Dragon &amp; Monkey<\/li>\n<li>Ox, Snake &amp; Rooster<\/li>\n<li>Tiger, Dog &amp; Horse<\/li>\n<li>Rabbit, Sheep &amp; Boar<\/li>\n<\/ul>\n<span class=\"\" style=\"display:block;clear:both;height: 0px;padding-top: 20px;border-top-width:0px;border-bottom-width:0px;\"><\/span>\n<p><strong>The Peach Blossom Signs:<\/strong><\/p>\n<ul>\n<li>Rooster \u2013 is the Peach Blossom Sign for Rat, Dragon &amp; Monkey<\/li>\n<li>Horse \u2013 is the Peach Blossom Sign for Ox, Snake &amp; Rooster<\/li>\n<li>Rabbit \u2013 is the Peach Blossom Sign for Tiger, Horse &amp; Dog<\/li>\n<li>Rat \u2013 is the Peach Blossom Sign for Rabbit, Sheep &amp; Boar<span class=\"\" style=\"display:block;clear:both;height: 0px;padding-top: 20px;border-top-width:0px;border-bottom-width:0px;\"><\/span><\/li>\n<\/ul>\n<p>Measurements: \u00a0\u00a0 approx. H 3.5 \u2013 5.5cm x L 6cm (please note the size of each animal sign varies, this is just an indication).<\/p>\n<span class=\"\" style=\"display:block;clear:both;height: 0px;padding-top: 20px;border-top-width:0px;border-bottom-width:0px;\"><\/span>\n","protected":false},"excerpt":{"rendered":"<p>Call on your zodiac support system with these new astrology animal charms! Each animal sign has its own unique design and features the \u201cGui Ren\u201d talisman on its back, helping you attract a person who will help you just when you need it.<\/p>\n<p>These amulets are particularly powerful this year (2026), as it is a year blessed with two (!!) Stars of Powerful Mentors. Being knowledgeable, hard-working and smart always helps to carve out your path, but it is also who you know, having the right connections, that is important \u2013 and this is where the help of your zodiac allies can be extremely useful.<\/p>\n[spacer height=\"20px\"]\n<p><strong>Carry the sign that matches your intention:<\/strong><\/p>\n<ul>\n<li>Your own animal sign \u2013 for personal empowerment.<\/li>\n<li>Your Secret Friend \u2013 to attract a person who will help you in times of need.<\/li>\n<li>One (or both) of your Zodiac Allies \u2013 to encourage teamwork, success and harmony.<\/li>\n<li>Your Peach Blossom sign \u2013 if you are seeking love and romance.<\/li>\n<\/ul>\n[spacer height=\"20px\"]\n","protected":false},"featured_media":13900,"template":"","meta":{"kt_blocks_editor_width":"","_monsterinsights_skip_tracking":false,"_monsterinsights_sitenote_active":false,"_monsterinsights_sitenote_note":"","_monsterinsights_sitenote_category":0},"product_brand":[],"product_cat":[376,844],"product_tag":[762,882,540,483,558],"class_list":{"0":"post-13887","1":"product","2":"type-product","3":"status-publish","4":"has-post-thumbnail","6":"product_cat-career-success","7":"product_cat-year-of-the-horse","8":"product_tag-allies","9":"product_tag-chinese-zodiac-animals","10":"product_tag-secret-friend","11":"product_tag-support","12":"product_tag-zodiac-animals","14":"first","15":"instock","16":"shipping-taxable","17":"purchasable","18":"product-type-variable"},"translation":{"provider":"WPGlobus","version":"3.0.0","language":"de","enabled_languages":["en","de"],"languages":{"en":{"title":true,"content":true,"excerpt":true},"de":{"title":false,"content":false,"excerpt":false}}},"yoast_head":"<!-- This site is optimized with the Yoast SEO plugin v26.4 - https:\/\/yoast.com\/wordpress\/plugins\/seo\/ -->\n<title>Chinese Astrology Ally Amulets &#8212; Feng Shui Focus<\/title>\n<meta name=\"robots\" content=\"index, follow, max-snippet:-1, max-image-preview:large, max-video-preview:-1\" \/>\n<link rel=\"canonical\" href=\"https:\/\/fengshuifocus.com.sg\/shop\/career-success\/chinese-astrology-ally-amulets\/\" \/>\n<meta property=\"og:locale\" content=\"de_DE\" \/>\n<meta property=\"og:type\" content=\"article\" \/>\n<meta property=\"og:title\" content=\"Chinese Astrology Ally Amulets\" \/>\n<meta property=\"og:description\" content=\"Call on your zodiac support system with these new astrology animal charms! Each animal sign has its own unique design and features the \u201cGui Ren\u201d talisman on its back, helping you attract a person who will help you just when you need it.\" \/>\n<meta property=\"og:url\" content=\"https:\/\/fengshuifocus.com.sg\/shop\/career-success\/chinese-astrology-ally-amulets\/\" \/>\n<meta property=\"og:site_name\" content=\"Feng Shui Focus\" \/>\n<meta property=\"article:publisher\" content=\"https:\/\/www.facebook.com\/Feng-Shui-Focus-176469115722739\/?hc_ref=ARQeIaM_dqGJoG1GyHcEnC9wqA9DE2VYU7MZosxhMrw4oVdQfkxNRxrsDKl-F7yxicA\" \/>\n<meta property=\"og:image\" content=\"https:\/\/fengshuifocus.com.sg\/wp-content\/uploads\/2026\/04\/Allies-Rat-Monkey-Dragon-Lifestyle-450x450.jpg\" \/>\n\t<meta property=\"og:image:width\" content=\"1024\" \/>\n\t<meta property=\"og:image:height\" content=\"1024\" \/>\n\t<meta property=\"og:image:type\" content=\"image\/jpeg\" \/>\n<meta name=\"twitter:card\" content=\"summary_large_image\" \/>\n<meta name=\"twitter:site\" content=\"@FengShuiFocus\" \/>\n<meta name=\"twitter:label1\" content=\"Gesch\u00e4tzte Lesezeit\" \/>\n\t<meta name=\"twitter:data1\" content=\"1\u00a0Minute\" \/>\n<script type=\"application\/ld+json\" class=\"yoast-schema-graph\">{\"@context\":\"https:\/\/schema.org\",\"@graph\":[{\"@type\":\"WebPage\",\"@id\":\"https:\/\/fengshuifocus.com.sg\/shop\/career-success\/chinese-astrology-ally-amulets\/\",\"url\":\"https:\/\/fengshuifocus.com.sg\/shop\/career-success\/chinese-astrology-ally-amulets\/\",\"name\":\"Chinese Astrology Ally Amulets &#8212; Feng Shui Focus\",\"isPartOf\":{\"@id\":\"https:\/\/fengshuifocus.com.sg\/de\/#website\"},\"primaryImageOfPage\":{\"@id\":\"https:\/\/fengshuifocus.com.sg\/shop\/career-success\/chinese-astrology-ally-amulets\/#primaryimage\"},\"image\":{\"@id\":\"https:\/\/fengshuifocus.com.sg\/shop\/career-success\/chinese-astrology-ally-amulets\/#primaryimage\"},\"thumbnailUrl\":\"https:\/\/fengshuifocus.com.sg\/wp-content\/uploads\/2026\/04\/Allies-Rat-Monkey-Dragon-Lifestyle.jpg\",\"datePublished\":\"2026-04-17T18:28:31+00:00\",\"description\":\"Call on your zodiac support system with these new astrology animal charms!\",\"breadcrumb\":{\"@id\":\"https:\/\/fengshuifocus.com.sg\/shop\/career-success\/chinese-astrology-ally-amulets\/#breadcrumb\"},\"inLanguage\":\"de\",\"potentialAction\":[{\"@type\":\"ReadAction\",\"target\":[\"https:\/\/fengshuifocus.com.sg\/shop\/career-success\/chinese-astrology-ally-amulets\/\"]}]},{\"@type\":\"ImageObject\",\"inLanguage\":\"de\",\"@id\":\"https:\/\/fengshuifocus.com.sg\/shop\/career-success\/chinese-astrology-ally-amulets\/#primaryimage\",\"url\":\"https:\/\/fengshuifocus.com.sg\/wp-content\/uploads\/2026\/04\/Allies-Rat-Monkey-Dragon-Lifestyle.jpg\",\"contentUrl\":\"https:\/\/fengshuifocus.com.sg\/wp-content\/uploads\/2026\/04\/Allies-Rat-Monkey-Dragon-Lifestyle.jpg\",\"width\":1024,\"height\":1024,\"caption\":\"Allies Rat Monkey Dragon Lifestyle\"},{\"@type\":\"BreadcrumbList\",\"@id\":\"https:\/\/fengshuifocus.com.sg\/shop\/career-success\/chinese-astrology-ally-amulets\/#breadcrumb\",\"itemListElement\":[{\"@type\":\"ListItem\",\"position\":1,\"name\":\"Home\",\"item\":\"https:\/\/fengshuifocus.com.sg\/\"},{\"@type\":\"ListItem\",\"position\":2,\"name\":\"Feng Shui Focus Online Shop\",\"item\":\"https:\/\/fengshuifocus.com.sg\/de\/shop\/\"},{\"@type\":\"ListItem\",\"position\":3,\"name\":\"Chinese Astrology Ally Amulets\"}]},{\"@type\":\"WebSite\",\"@id\":\"https:\/\/fengshuifocus.com.sg\/de\/#website\",\"url\":\"https:\/\/fengshuifocus.com.sg\/de\/\",\"name\":\"Feng Shui Focus\",\"description\":\"Praktische L\u00f6sungen f\u00fcr das moderne Zuhause und B\u00fcro\",\"potentialAction\":[{\"@type\":\"SearchAction\",\"target\":{\"@type\":\"EntryPoint\",\"urlTemplate\":\"https:\/\/fengshuifocus.com.sg\/de\/?s={search_term_string}\"},\"query-input\":{\"@type\":\"PropertyValueSpecification\",\"valueRequired\":true,\"valueName\":\"search_term_string\"}}],\"inLanguage\":\"de\"}]}<\/script>\n<!-- \/ Yoast SEO plugin. -->","yoast_head_json":{"title":"Chinese Astrology Ally Amulets &#8212; Feng Shui Focus","robots":{"index":"index","follow":"follow","max-snippet":"max-snippet:-1","max-image-preview":"max-image-preview:large","max-video-preview":"max-video-preview:-1"},"canonical":"https:\/\/fengshuifocus.com.sg\/shop\/career-success\/chinese-astrology-ally-amulets\/","og_locale":"de_DE","og_type":"article","og_title":"Chinese Astrology Ally Amulets","og_description":"Call on your zodiac support system with these new astrology animal charms! Each animal sign has its own unique design and features the \u201cGui Ren\u201d talisman on its back, helping you attract a person who will help you just when you need it.","og_url":"https:\/\/fengshuifocus.com.sg\/shop\/career-success\/chinese-astrology-ally-amulets\/","og_site_name":"Feng Shui Focus","article_publisher":"https:\/\/www.facebook.com\/Feng-Shui-Focus-176469115722739\/?hc_ref=ARQeIaM_dqGJoG1GyHcEnC9wqA9DE2VYU7MZosxhMrw4oVdQfkxNRxrsDKl-F7yxicA","og_image":[{"width":1024,"height":1024,"url":"https:\/\/fengshuifocus.com.sg\/wp-content\/uploads\/2026\/04\/Allies-Rat-Monkey-Dragon-Lifestyle-450x450.jpg","type":"image\/jpeg"}],"twitter_card":"summary_large_image","twitter_site":"@FengShuiFocus","twitter_misc":{"Gesch\u00e4tzte Lesezeit":"1\u00a0Minute"},"schema":{"@context":"https:\/\/schema.org","@graph":[{"@type":"WebPage","@id":"https:\/\/fengshuifocus.com.sg\/shop\/career-success\/chinese-astrology-ally-amulets\/","url":"https:\/\/fengshuifocus.com.sg\/shop\/career-success\/chinese-astrology-ally-amulets\/","name":"Chinese Astrology Ally Amulets &#8212; Feng Shui Focus","isPartOf":{"@id":"https:\/\/fengshuifocus.com.sg\/de\/#website"},"primaryImageOfPage":{"@id":"https:\/\/fengshuifocus.com.sg\/shop\/career-success\/chinese-astrology-ally-amulets\/#primaryimage"},"image":{"@id":"https:\/\/fengshuifocus.com.sg\/shop\/career-success\/chinese-astrology-ally-amulets\/#primaryimage"},"thumbnailUrl":"https:\/\/fengshuifocus.com.sg\/wp-content\/uploads\/2026\/04\/Allies-Rat-Monkey-Dragon-Lifestyle.jpg","datePublished":"2026-04-17T18:28:31+00:00","description":"Call on your zodiac support system with these new astrology animal charms!","breadcrumb":{"@id":"https:\/\/fengshuifocus.com.sg\/shop\/career-success\/chinese-astrology-ally-amulets\/#breadcrumb"},"inLanguage":"de","potentialAction":[{"@type":"ReadAction","target":["https:\/\/fengshuifocus.com.sg\/shop\/career-success\/chinese-astrology-ally-amulets\/"]}]},{"@type":"ImageObject","inLanguage":"de","@id":"https:\/\/fengshuifocus.com.sg\/shop\/career-success\/chinese-astrology-ally-amulets\/#primaryimage","url":"https:\/\/fengshuifocus.com.sg\/wp-content\/uploads\/2026\/04\/Allies-Rat-Monkey-Dragon-Lifestyle.jpg","contentUrl":"https:\/\/fengshuifocus.com.sg\/wp-content\/uploads\/2026\/04\/Allies-Rat-Monkey-Dragon-Lifestyle.jpg","width":1024,"height":1024,"caption":"Allies Rat Monkey Dragon Lifestyle"},{"@type":"BreadcrumbList","@id":"https:\/\/fengshuifocus.com.sg\/shop\/career-success\/chinese-astrology-ally-amulets\/#breadcrumb","itemListElement":[{"@type":"ListItem","position":1,"name":"Home","item":"https:\/\/fengshuifocus.com.sg\/"},{"@type":"ListItem","position":2,"name":"Feng Shui Focus Online Shop","item":"https:\/\/fengshuifocus.com.sg\/de\/shop\/"},{"@type":"ListItem","position":3,"name":"Chinese Astrology Ally Amulets"}]},{"@type":"WebSite","@id":"https:\/\/fengshuifocus.com.sg\/de\/#website","url":"https:\/\/fengshuifocus.com.sg\/de\/","name":"Feng Shui Focus","description":"Praktische L\u00f6sungen f\u00fcr das moderne Zuhause und B\u00fcro","potentialAction":[{"@type":"SearchAction","target":{"@type":"EntryPoint","urlTemplate":"https:\/\/fengshuifocus.com.sg\/de\/?s={search_term_string}"},"query-input":{"@type":"PropertyValueSpecification","valueRequired":true,"valueName":"search_term_string"}}],"inLanguage":"de"}]}},"post_mailing_queue_ids":[],"_links":{"self":[{"href":"https:\/\/fengshuifocus.com.sg\/de\/wp-json\/wp\/v2\/product\/13887","targetHints":{"allow":["GET"]}}],"collection":[{"href":"https:\/\/fengshuifocus.com.sg\/de\/wp-json\/wp\/v2\/product"}],"about":[{"href":"https:\/\/fengshuifocus.com.sg\/de\/wp-json\/wp\/v2\/types\/product"}],"wp:featuredmedia":[{"embeddable":true,"href":"https:\/\/fengshuifocus.com.sg\/de\/wp-json\/wp\/v2\/media\/13900"}],"wp:attachment":[{"href":"https:\/\/fengshuifocus.com.sg\/de\/wp-json\/wp\/v2\/media?parent=13887"}],"wp:term":[{"taxonomy":"product_brand","embeddable":true,"href":"https:\/\/fengshuifocus.com.sg\/de\/wp-json\/wp\/v2\/product_brand?post=13887"},{"taxonomy":"product_cat","embeddable":true,"href":"https:\/\/fengshuifocus.com.sg\/de\/wp-json\/wp\/v2\/product_cat?post=13887"},{"taxonomy":"product_tag","embeddable":true,"href":"https:\/\/fengshuifocus.com.sg\/de\/wp-json\/wp\/v2\/product_tag?post=13887"}],"curies":[{"name":"wp","href":"https:\/\/api.w.org\/{rel}","templated":true}]}}