{"id":2881,"date":"2021-11-20T06:04:46","date_gmt":"2021-11-20T05:04:46","guid":{"rendered":"http:\/\/fengshuifocus.com.sg\/?post_type=product&#038;p=2881"},"modified":"2025-12-16T17:23:51","modified_gmt":"2025-12-16T16:23:51","slug":"anti-burglary-lumi-tile","status":"publish","type":"product","link":"https:\/\/fengshuifocus.com.sg\/de\/shop\/protection\/anti-burglary-lumi-tile\/","title":{"rendered":"Anti-Burglary Lumi Tile"},"content":{"rendered":"<p>The Anti-Burglary Lumi Tile is an excellent cure against the annual No 7 Robbery Star which brings burglary, break-ins and betrayals, as well as accidents and violence.<\/p>\n<p>The mandala-like image of this Lumi Tile contains a powerful Dakini Symbol which protects the home from burglars and thieves. Also included is a circle of rhino and elephant images, the two powerful animals that have long been used as protectors against the violent No 7 Burglary Star.<\/p>\n<p>In 2026, the annual No 7 Star flies into the SW, where it affects people born in the Years of the Sheep and Monkey as well as the Matriarch..<\/p>\n<p><strong>The Anti-Burglary Lumi Tile is an ideal cure in the following places: <\/strong><\/p>\n<ul>\n<li>In the WEST of your home or office.<\/li>\n<li>Facing your main door if this faces SW \u2013 to turn away evil thieves and robbers and protect your home from harm.<\/li>\n<\/ul>\n<p>This is a timeless Feng Shui cure with contemporary charm.<\/p>\n<span class=\"\" style=\"display:block;clear:both;height: 0px;padding-top: 20px;border-top-width:0px;border-bottom-width:0px;\"><\/span>\n<p>Measurements:\u00a0 10cm x 10cm x 2cm<\/p>\n<span class=\"\" style=\"display:block;clear:both;height: 0px;padding-top: 20px;border-top-width:0px;border-bottom-width:0px;\"><\/span>\n","protected":false},"excerpt":{"rendered":"<p>The Anti-Burglary Lumi Tile is an excellent cure against the annual No 7 Robbery Star which brings burglary, break-ins and betrayals, as well as accidents and violence.<\/p>\n<p>The mandala-like image of this Lumi Tile contains a powerful Dakini Symbol which protects the home from burglars and thieves. Also included is a circle of rhino and elephant images, the two powerful animals that have long been used as protectors against the violent No 7 Burglary Star.<\/p>\n","protected":false},"featured_media":10835,"template":"","meta":{"kt_blocks_editor_width":"","_monsterinsights_skip_tracking":false,"_monsterinsights_sitenote_active":false,"_monsterinsights_sitenote_note":"","_monsterinsights_sitenote_category":0},"product_brand":[],"product_cat":[378,377],"product_tag":[447,490,444,445,492,491,446,493,494],"class_list":{"0":"post-2881","1":"product","2":"type-product","3":"status-publish","4":"has-post-thumbnail","6":"product_cat-feng-shui-home","7":"product_cat-protection","8":"product_tag-anti-burglary","9":"product_tag-blue-rhino","10":"product_tag-burglary","11":"product_tag-loss","12":"product_tag-lumi-tile","13":"product_tag-mandala","14":"product_tag-robbery","15":"product_tag-theft","16":"product_tag-violence","18":"first","19":"outofstock","20":"shipping-taxable","21":"purchasable","22":"product-type-simple"},"translation":{"provider":"WPGlobus","version":"3.0.0","language":"de","enabled_languages":["en","de"],"languages":{"en":{"title":true,"content":true,"excerpt":true},"de":{"title":false,"content":false,"excerpt":false}}},"yoast_head":"<!-- This site is optimized with the Yoast SEO plugin v26.4 - https:\/\/yoast.com\/wordpress\/plugins\/seo\/ -->\n<title>Anti-Burglary Lumi Tile &#8212; Feng Shui Focus<\/title>\n<meta name=\"robots\" content=\"index, follow, max-snippet:-1, max-image-preview:large, max-video-preview:-1\" \/>\n<link rel=\"canonical\" href=\"https:\/\/fengshuifocus.com.sg\/shop\/protection\/anti-burglary-lumi-tile\/\" \/>\n<meta property=\"og:locale\" content=\"de_DE\" \/>\n<meta property=\"og:type\" content=\"article\" \/>\n<meta property=\"og:title\" content=\"Anti-Burglary Lumi Tile &#8212; Feng Shui Focus\" \/>\n<meta property=\"og:url\" content=\"https:\/\/fengshuifocus.com.sg\/shop\/protection\/anti-burglary-lumi-tile\/\" \/>\n<meta property=\"og:site_name\" content=\"Feng Shui Focus\" \/>\n<meta property=\"article:publisher\" content=\"https:\/\/www.facebook.com\/Feng-Shui-Focus-176469115722739\/?hc_ref=ARQeIaM_dqGJoG1GyHcEnC9wqA9DE2VYU7MZosxhMrw4oVdQfkxNRxrsDKl-F7yxicA\" \/>\n<meta property=\"article:modified_time\" content=\"2025-12-16T16:23:51+00:00\" \/>\n<meta property=\"og:image\" content=\"https:\/\/fengshuifocus.com.sg\/wp-content\/uploads\/2017\/08\/Anti-Burglary-Lumi-Tile-s.jpg\" \/>\n\t<meta property=\"og:image:width\" content=\"709\" \/>\n\t<meta property=\"og:image:height\" content=\"709\" \/>\n\t<meta property=\"og:image:type\" content=\"image\/jpeg\" \/>\n<meta name=\"twitter:card\" content=\"summary_large_image\" \/>\n<meta name=\"twitter:site\" content=\"@FengShuiFocus\" \/>\n<meta name=\"twitter:label1\" content=\"Gesch\u00e4tzte Lesezeit\" \/>\n\t<meta name=\"twitter:data1\" content=\"1\u00a0Minute\" \/>\n<script type=\"application\/ld+json\" class=\"yoast-schema-graph\">{\"@context\":\"https:\/\/schema.org\",\"@graph\":[{\"@type\":\"WebPage\",\"@id\":\"https:\/\/fengshuifocus.com.sg\/shop\/protection\/anti-burglary-lumi-tile\/\",\"url\":\"https:\/\/fengshuifocus.com.sg\/shop\/protection\/anti-burglary-lumi-tile\/\",\"name\":\"Anti-Burglary Lumi Tile &#8212; Feng Shui Focus\",\"isPartOf\":{\"@id\":\"https:\/\/fengshuifocus.com.sg\/de\/#website\"},\"primaryImageOfPage\":{\"@id\":\"https:\/\/fengshuifocus.com.sg\/shop\/protection\/anti-burglary-lumi-tile\/#primaryimage\"},\"image\":{\"@id\":\"https:\/\/fengshuifocus.com.sg\/shop\/protection\/anti-burglary-lumi-tile\/#primaryimage\"},\"thumbnailUrl\":\"https:\/\/fengshuifocus.com.sg\/wp-content\/uploads\/2017\/08\/Anti-Burglary-Lumi-Tile-s.jpg\",\"datePublished\":\"2021-11-20T05:04:46+00:00\",\"dateModified\":\"2025-12-16T16:23:51+00:00\",\"breadcrumb\":{\"@id\":\"https:\/\/fengshuifocus.com.sg\/shop\/protection\/anti-burglary-lumi-tile\/#breadcrumb\"},\"inLanguage\":\"de\",\"potentialAction\":[{\"@type\":\"ReadAction\",\"target\":[\"https:\/\/fengshuifocus.com.sg\/shop\/protection\/anti-burglary-lumi-tile\/\"]}]},{\"@type\":\"ImageObject\",\"inLanguage\":\"de\",\"@id\":\"https:\/\/fengshuifocus.com.sg\/shop\/protection\/anti-burglary-lumi-tile\/#primaryimage\",\"url\":\"https:\/\/fengshuifocus.com.sg\/wp-content\/uploads\/2017\/08\/Anti-Burglary-Lumi-Tile-s.jpg\",\"contentUrl\":\"https:\/\/fengshuifocus.com.sg\/wp-content\/uploads\/2017\/08\/Anti-Burglary-Lumi-Tile-s.jpg\",\"width\":709,\"height\":709,\"caption\":\"Anti-Burglary Lumi Tile s\"},{\"@type\":\"BreadcrumbList\",\"@id\":\"https:\/\/fengshuifocus.com.sg\/shop\/protection\/anti-burglary-lumi-tile\/#breadcrumb\",\"itemListElement\":[{\"@type\":\"ListItem\",\"position\":1,\"name\":\"Home\",\"item\":\"https:\/\/fengshuifocus.com.sg\/\"},{\"@type\":\"ListItem\",\"position\":2,\"name\":\"Feng Shui Focus Online Shop\",\"item\":\"https:\/\/fengshuifocus.com.sg\/de\/shop\/\"},{\"@type\":\"ListItem\",\"position\":3,\"name\":\"Anti-Burglary Lumi Tile\"}]},{\"@type\":\"WebSite\",\"@id\":\"https:\/\/fengshuifocus.com.sg\/de\/#website\",\"url\":\"https:\/\/fengshuifocus.com.sg\/de\/\",\"name\":\"Feng Shui Focus\",\"description\":\"Praktische L\u00f6sungen f\u00fcr das moderne Zuhause und B\u00fcro\",\"potentialAction\":[{\"@type\":\"SearchAction\",\"target\":{\"@type\":\"EntryPoint\",\"urlTemplate\":\"https:\/\/fengshuifocus.com.sg\/de\/?s={search_term_string}\"},\"query-input\":{\"@type\":\"PropertyValueSpecification\",\"valueRequired\":true,\"valueName\":\"search_term_string\"}}],\"inLanguage\":\"de\"}]}<\/script>\n<!-- \/ Yoast SEO plugin. -->","yoast_head_json":{"title":"Anti-Burglary Lumi Tile &#8212; Feng Shui Focus","robots":{"index":"index","follow":"follow","max-snippet":"max-snippet:-1","max-image-preview":"max-image-preview:large","max-video-preview":"max-video-preview:-1"},"canonical":"https:\/\/fengshuifocus.com.sg\/shop\/protection\/anti-burglary-lumi-tile\/","og_locale":"de_DE","og_type":"article","og_title":"Anti-Burglary Lumi Tile &#8212; Feng Shui Focus","og_url":"https:\/\/fengshuifocus.com.sg\/shop\/protection\/anti-burglary-lumi-tile\/","og_site_name":"Feng Shui Focus","article_publisher":"https:\/\/www.facebook.com\/Feng-Shui-Focus-176469115722739\/?hc_ref=ARQeIaM_dqGJoG1GyHcEnC9wqA9DE2VYU7MZosxhMrw4oVdQfkxNRxrsDKl-F7yxicA","article_modified_time":"2025-12-16T16:23:51+00:00","og_image":[{"width":709,"height":709,"url":"https:\/\/fengshuifocus.com.sg\/wp-content\/uploads\/2017\/08\/Anti-Burglary-Lumi-Tile-s.jpg","type":"image\/jpeg"}],"twitter_card":"summary_large_image","twitter_site":"@FengShuiFocus","twitter_misc":{"Gesch\u00e4tzte Lesezeit":"1\u00a0Minute"},"schema":{"@context":"https:\/\/schema.org","@graph":[{"@type":"WebPage","@id":"https:\/\/fengshuifocus.com.sg\/shop\/protection\/anti-burglary-lumi-tile\/","url":"https:\/\/fengshuifocus.com.sg\/shop\/protection\/anti-burglary-lumi-tile\/","name":"Anti-Burglary Lumi Tile &#8212; Feng Shui Focus","isPartOf":{"@id":"https:\/\/fengshuifocus.com.sg\/de\/#website"},"primaryImageOfPage":{"@id":"https:\/\/fengshuifocus.com.sg\/shop\/protection\/anti-burglary-lumi-tile\/#primaryimage"},"image":{"@id":"https:\/\/fengshuifocus.com.sg\/shop\/protection\/anti-burglary-lumi-tile\/#primaryimage"},"thumbnailUrl":"https:\/\/fengshuifocus.com.sg\/wp-content\/uploads\/2017\/08\/Anti-Burglary-Lumi-Tile-s.jpg","datePublished":"2021-11-20T05:04:46+00:00","dateModified":"2025-12-16T16:23:51+00:00","breadcrumb":{"@id":"https:\/\/fengshuifocus.com.sg\/shop\/protection\/anti-burglary-lumi-tile\/#breadcrumb"},"inLanguage":"de","potentialAction":[{"@type":"ReadAction","target":["https:\/\/fengshuifocus.com.sg\/shop\/protection\/anti-burglary-lumi-tile\/"]}]},{"@type":"ImageObject","inLanguage":"de","@id":"https:\/\/fengshuifocus.com.sg\/shop\/protection\/anti-burglary-lumi-tile\/#primaryimage","url":"https:\/\/fengshuifocus.com.sg\/wp-content\/uploads\/2017\/08\/Anti-Burglary-Lumi-Tile-s.jpg","contentUrl":"https:\/\/fengshuifocus.com.sg\/wp-content\/uploads\/2017\/08\/Anti-Burglary-Lumi-Tile-s.jpg","width":709,"height":709,"caption":"Anti-Burglary Lumi Tile s"},{"@type":"BreadcrumbList","@id":"https:\/\/fengshuifocus.com.sg\/shop\/protection\/anti-burglary-lumi-tile\/#breadcrumb","itemListElement":[{"@type":"ListItem","position":1,"name":"Home","item":"https:\/\/fengshuifocus.com.sg\/"},{"@type":"ListItem","position":2,"name":"Feng Shui Focus Online Shop","item":"https:\/\/fengshuifocus.com.sg\/de\/shop\/"},{"@type":"ListItem","position":3,"name":"Anti-Burglary Lumi Tile"}]},{"@type":"WebSite","@id":"https:\/\/fengshuifocus.com.sg\/de\/#website","url":"https:\/\/fengshuifocus.com.sg\/de\/","name":"Feng Shui Focus","description":"Praktische L\u00f6sungen f\u00fcr das moderne Zuhause und B\u00fcro","potentialAction":[{"@type":"SearchAction","target":{"@type":"EntryPoint","urlTemplate":"https:\/\/fengshuifocus.com.sg\/de\/?s={search_term_string}"},"query-input":{"@type":"PropertyValueSpecification","valueRequired":true,"valueName":"search_term_string"}}],"inLanguage":"de"}]}},"post_mailing_queue_ids":[],"_links":{"self":[{"href":"https:\/\/fengshuifocus.com.sg\/de\/wp-json\/wp\/v2\/product\/2881","targetHints":{"allow":["GET"]}}],"collection":[{"href":"https:\/\/fengshuifocus.com.sg\/de\/wp-json\/wp\/v2\/product"}],"about":[{"href":"https:\/\/fengshuifocus.com.sg\/de\/wp-json\/wp\/v2\/types\/product"}],"wp:featuredmedia":[{"embeddable":true,"href":"https:\/\/fengshuifocus.com.sg\/de\/wp-json\/wp\/v2\/media\/10835"}],"wp:attachment":[{"href":"https:\/\/fengshuifocus.com.sg\/de\/wp-json\/wp\/v2\/media?parent=2881"}],"wp:term":[{"taxonomy":"product_brand","embeddable":true,"href":"https:\/\/fengshuifocus.com.sg\/de\/wp-json\/wp\/v2\/product_brand?post=2881"},{"taxonomy":"product_cat","embeddable":true,"href":"https:\/\/fengshuifocus.com.sg\/de\/wp-json\/wp\/v2\/product_cat?post=2881"},{"taxonomy":"product_tag","embeddable":true,"href":"https:\/\/fengshuifocus.com.sg\/de\/wp-json\/wp\/v2\/product_tag?post=2881"}],"curies":[{"name":"wp","href":"https:\/\/api.w.org\/{rel}","templated":true}]}}