{"id":2882,"date":"2022-01-01T14:22:29","date_gmt":"2022-01-01T13:22:29","guid":{"rendered":"http:\/\/fengshuifocus.com.sg\/?post_type=product&#038;p=2882"},"modified":"2024-09-11T23:01:39","modified_gmt":"2024-09-11T21:01:39","slug":"wind-horse-lumi-tile","status":"publish","type":"product","link":"https:\/\/fengshuifocus.com.sg\/de\/shop\/career-success\/wind-horse-lumi-tile\/","title":{"rendered":"Wind Horse Lumi Tile"},"content":{"rendered":"<p>The Wind Horse is a very potent symbol originating from the old Tibetan Buddhism. The magical Wind Horse will activate your personal success luck and attract recognition and promotion luck. It will also assist you in enhancing your inner vitality and good fortune while protecting you against hostile forces.<\/p>\n<p>In addition to the magical Wind Horse, this Lumi Tile also features the four Great Kings in the four cardinal corners, and the four celestial protectors in the four diagonal corners. Powerful seed syllables and mantras surround the image. The muted colours make this a real classic!<\/p>\n<p>All animal signs can benefit from the Wind Horse. For animal signs whose personal success luck is strong, the Wind Horse will enhance their good fortune. In years when your personal success luck is weak or you are facing obstacles, the Wind Horse will boost your energy levels and ensure that success can nevertheless be achieved.<\/p>\n<p>Ideally, you place the Wind Horse Lumi Tile in the location of the No 1 Victory Star (East in 2024) or on your work desk. It also makes an excellent paper weight.<\/p>\n<p><strong>The following animal signs will particularly benefit from the Wind Horse in 2024: <\/strong><\/p>\n<ul>\n<li><strong>Animal signs with weak lung ta\/success luck \u2013 Rat.<\/strong><\/li>\n<li><strong>People born in the Years of the Tiger, Rabbit, Horse, Sheep, Dog and Pig, to help them turn their strong success potential into reality.<\/strong><\/li>\n<li><strong>People intent on climbing the career ladder.<\/strong><\/li>\n<li><strong>Anyone really who is determined to be successful!<\/strong><\/li>\n<\/ul>\n<p><strong>Anyone who would like to triumph in a competitive situation (e.g. reach a promotion or looking for a new job). <\/strong><\/p>\n<span class=\"\" style=\"display:block;clear:both;height: 0px;padding-top: 20px;border-top-width:0px;border-bottom-width:0px;\"><\/span>\n<p>Measurements:\u00a0 10cm x 10cm x 2cm<\/p>\n<span class=\"\" style=\"display:block;clear:both;height: 0px;padding-top: 20px;border-top-width:0px;border-bottom-width:0px;\"><\/span>\n<span class=\"\" style=\"display:block;clear:both;height: 0px;padding-top: 20px;border-top-width:0px;border-bottom-width:0px;\"><\/span>\n","protected":false},"excerpt":{"rendered":"<p>The Wind Horse is a very potent symbol originating from the old Tibetan Buddhism. The magical Wind Horse will activate your personal success luck and attract recognition and promotion luck. It will also assist you in enhancing your inner vitality and good fortune while protecting you against hostile forces.<\/p>\n<p>In addition to the magical Wind Horse, this Lumi Tile also features the four Great Kings in the four cardinal corners, and the four celestial protectors in the four diagonal corners. Powerful seed syllables and mantras surround the image. The muted colours make this a real classic!<\/p>\n<p>All animal signs can benefit from the Wind Horse. For animal signs whose personal success luck is strong, the Wind Horse will enhance their good fortune. In years when your personal success luck is weak or you are facing obstacles, the Wind Horse will boost your energy levels and ensure that success can nevertheless be achieved.<\/p>\n<p>Ideally, you place the Wind Horse Lumi Tile in the location of the No 1 Victory Star (SW in 2023) or on your work desk. It also makes an excellent paper weight.<\/p>\n<p>&nbsp;<\/p>\n","protected":false},"featured_media":10832,"template":"","meta":{"kt_blocks_editor_width":"","_monsterinsights_skip_tracking":false,"_monsterinsights_sitenote_active":false,"_monsterinsights_sitenote_note":"","_monsterinsights_sitenote_category":0},"product_brand":[],"product_cat":[376,378],"product_tag":[],"class_list":{"0":"post-2882","1":"product","2":"type-product","3":"status-publish","4":"has-post-thumbnail","6":"product_cat-career-success","7":"product_cat-feng-shui-home","9":"first","10":"outofstock","11":"shipping-taxable","12":"purchasable","13":"product-type-simple"},"translation":{"provider":"WPGlobus","version":"3.0.0","language":"de","enabled_languages":["en","de"],"languages":{"en":{"title":true,"content":true,"excerpt":true},"de":{"title":false,"content":false,"excerpt":false}}},"yoast_head":"<!-- This site is optimized with the Yoast SEO plugin v26.4 - https:\/\/yoast.com\/wordpress\/plugins\/seo\/ -->\n<title>Wind Horse Lumi Tile &#8212; Feng Shui Focus<\/title>\n<meta name=\"robots\" content=\"index, follow, max-snippet:-1, max-image-preview:large, max-video-preview:-1\" \/>\n<link rel=\"canonical\" href=\"https:\/\/fengshuifocus.com.sg\/shop\/career-success\/wind-horse-lumi-tile\/\" \/>\n<meta property=\"og:locale\" content=\"de_DE\" \/>\n<meta property=\"og:type\" content=\"article\" \/>\n<meta property=\"og:title\" content=\"Wind Horse Lumi Tile &#8212; Feng Shui Focus\" \/>\n<meta property=\"og:url\" content=\"https:\/\/fengshuifocus.com.sg\/shop\/career-success\/wind-horse-lumi-tile\/\" \/>\n<meta property=\"og:site_name\" content=\"Feng Shui Focus\" \/>\n<meta property=\"article:publisher\" content=\"https:\/\/www.facebook.com\/Feng-Shui-Focus-176469115722739\/?hc_ref=ARQeIaM_dqGJoG1GyHcEnC9wqA9DE2VYU7MZosxhMrw4oVdQfkxNRxrsDKl-F7yxicA\" \/>\n<meta property=\"article:modified_time\" content=\"2024-09-11T21:01:39+00:00\" \/>\n<meta property=\"og:image\" content=\"https:\/\/fengshuifocus.com.sg\/wp-content\/uploads\/2018\/06\/Wind-Horse-Lumi-Tile-s.jpg\" \/>\n\t<meta property=\"og:image:width\" content=\"709\" \/>\n\t<meta property=\"og:image:height\" content=\"709\" \/>\n\t<meta property=\"og:image:type\" content=\"image\/jpeg\" \/>\n<meta name=\"twitter:card\" content=\"summary_large_image\" \/>\n<meta name=\"twitter:site\" content=\"@FengShuiFocus\" \/>\n<meta name=\"twitter:label1\" content=\"Gesch\u00e4tzte Lesezeit\" \/>\n\t<meta name=\"twitter:data1\" content=\"2\u00a0Minuten\" \/>\n<script type=\"application\/ld+json\" class=\"yoast-schema-graph\">{\"@context\":\"https:\/\/schema.org\",\"@graph\":[{\"@type\":\"WebPage\",\"@id\":\"https:\/\/fengshuifocus.com.sg\/shop\/career-success\/wind-horse-lumi-tile\/\",\"url\":\"https:\/\/fengshuifocus.com.sg\/shop\/career-success\/wind-horse-lumi-tile\/\",\"name\":\"Wind Horse Lumi Tile &#8212; Feng Shui Focus\",\"isPartOf\":{\"@id\":\"https:\/\/fengshuifocus.com.sg\/de\/#website\"},\"primaryImageOfPage\":{\"@id\":\"https:\/\/fengshuifocus.com.sg\/shop\/career-success\/wind-horse-lumi-tile\/#primaryimage\"},\"image\":{\"@id\":\"https:\/\/fengshuifocus.com.sg\/shop\/career-success\/wind-horse-lumi-tile\/#primaryimage\"},\"thumbnailUrl\":\"https:\/\/fengshuifocus.com.sg\/wp-content\/uploads\/2018\/06\/Wind-Horse-Lumi-Tile-s.jpg\",\"datePublished\":\"2022-01-01T13:22:29+00:00\",\"dateModified\":\"2024-09-11T21:01:39+00:00\",\"breadcrumb\":{\"@id\":\"https:\/\/fengshuifocus.com.sg\/shop\/career-success\/wind-horse-lumi-tile\/#breadcrumb\"},\"inLanguage\":\"de\",\"potentialAction\":[{\"@type\":\"ReadAction\",\"target\":[\"https:\/\/fengshuifocus.com.sg\/shop\/career-success\/wind-horse-lumi-tile\/\"]}]},{\"@type\":\"ImageObject\",\"inLanguage\":\"de\",\"@id\":\"https:\/\/fengshuifocus.com.sg\/shop\/career-success\/wind-horse-lumi-tile\/#primaryimage\",\"url\":\"https:\/\/fengshuifocus.com.sg\/wp-content\/uploads\/2018\/06\/Wind-Horse-Lumi-Tile-s.jpg\",\"contentUrl\":\"https:\/\/fengshuifocus.com.sg\/wp-content\/uploads\/2018\/06\/Wind-Horse-Lumi-Tile-s.jpg\",\"width\":709,\"height\":709,\"caption\":\"Wind Horse Lumi Tile s\"},{\"@type\":\"BreadcrumbList\",\"@id\":\"https:\/\/fengshuifocus.com.sg\/shop\/career-success\/wind-horse-lumi-tile\/#breadcrumb\",\"itemListElement\":[{\"@type\":\"ListItem\",\"position\":1,\"name\":\"Home\",\"item\":\"https:\/\/fengshuifocus.com.sg\/\"},{\"@type\":\"ListItem\",\"position\":2,\"name\":\"Feng Shui Focus Online Shop\",\"item\":\"https:\/\/fengshuifocus.com.sg\/de\/shop\/\"},{\"@type\":\"ListItem\",\"position\":3,\"name\":\"Wind Horse Lumi Tile\"}]},{\"@type\":\"WebSite\",\"@id\":\"https:\/\/fengshuifocus.com.sg\/de\/#website\",\"url\":\"https:\/\/fengshuifocus.com.sg\/de\/\",\"name\":\"Feng Shui Focus\",\"description\":\"Praktische L\u00f6sungen f\u00fcr das moderne Zuhause und B\u00fcro\",\"potentialAction\":[{\"@type\":\"SearchAction\",\"target\":{\"@type\":\"EntryPoint\",\"urlTemplate\":\"https:\/\/fengshuifocus.com.sg\/de\/?s={search_term_string}\"},\"query-input\":{\"@type\":\"PropertyValueSpecification\",\"valueRequired\":true,\"valueName\":\"search_term_string\"}}],\"inLanguage\":\"de\"}]}<\/script>\n<!-- \/ Yoast SEO plugin. -->","yoast_head_json":{"title":"Wind Horse Lumi Tile &#8212; Feng Shui Focus","robots":{"index":"index","follow":"follow","max-snippet":"max-snippet:-1","max-image-preview":"max-image-preview:large","max-video-preview":"max-video-preview:-1"},"canonical":"https:\/\/fengshuifocus.com.sg\/shop\/career-success\/wind-horse-lumi-tile\/","og_locale":"de_DE","og_type":"article","og_title":"Wind Horse Lumi Tile &#8212; Feng Shui Focus","og_url":"https:\/\/fengshuifocus.com.sg\/shop\/career-success\/wind-horse-lumi-tile\/","og_site_name":"Feng Shui Focus","article_publisher":"https:\/\/www.facebook.com\/Feng-Shui-Focus-176469115722739\/?hc_ref=ARQeIaM_dqGJoG1GyHcEnC9wqA9DE2VYU7MZosxhMrw4oVdQfkxNRxrsDKl-F7yxicA","article_modified_time":"2024-09-11T21:01:39+00:00","og_image":[{"width":709,"height":709,"url":"https:\/\/fengshuifocus.com.sg\/wp-content\/uploads\/2018\/06\/Wind-Horse-Lumi-Tile-s.jpg","type":"image\/jpeg"}],"twitter_card":"summary_large_image","twitter_site":"@FengShuiFocus","twitter_misc":{"Gesch\u00e4tzte Lesezeit":"2\u00a0Minuten"},"schema":{"@context":"https:\/\/schema.org","@graph":[{"@type":"WebPage","@id":"https:\/\/fengshuifocus.com.sg\/shop\/career-success\/wind-horse-lumi-tile\/","url":"https:\/\/fengshuifocus.com.sg\/shop\/career-success\/wind-horse-lumi-tile\/","name":"Wind Horse Lumi Tile &#8212; Feng Shui Focus","isPartOf":{"@id":"https:\/\/fengshuifocus.com.sg\/de\/#website"},"primaryImageOfPage":{"@id":"https:\/\/fengshuifocus.com.sg\/shop\/career-success\/wind-horse-lumi-tile\/#primaryimage"},"image":{"@id":"https:\/\/fengshuifocus.com.sg\/shop\/career-success\/wind-horse-lumi-tile\/#primaryimage"},"thumbnailUrl":"https:\/\/fengshuifocus.com.sg\/wp-content\/uploads\/2018\/06\/Wind-Horse-Lumi-Tile-s.jpg","datePublished":"2022-01-01T13:22:29+00:00","dateModified":"2024-09-11T21:01:39+00:00","breadcrumb":{"@id":"https:\/\/fengshuifocus.com.sg\/shop\/career-success\/wind-horse-lumi-tile\/#breadcrumb"},"inLanguage":"de","potentialAction":[{"@type":"ReadAction","target":["https:\/\/fengshuifocus.com.sg\/shop\/career-success\/wind-horse-lumi-tile\/"]}]},{"@type":"ImageObject","inLanguage":"de","@id":"https:\/\/fengshuifocus.com.sg\/shop\/career-success\/wind-horse-lumi-tile\/#primaryimage","url":"https:\/\/fengshuifocus.com.sg\/wp-content\/uploads\/2018\/06\/Wind-Horse-Lumi-Tile-s.jpg","contentUrl":"https:\/\/fengshuifocus.com.sg\/wp-content\/uploads\/2018\/06\/Wind-Horse-Lumi-Tile-s.jpg","width":709,"height":709,"caption":"Wind Horse Lumi Tile s"},{"@type":"BreadcrumbList","@id":"https:\/\/fengshuifocus.com.sg\/shop\/career-success\/wind-horse-lumi-tile\/#breadcrumb","itemListElement":[{"@type":"ListItem","position":1,"name":"Home","item":"https:\/\/fengshuifocus.com.sg\/"},{"@type":"ListItem","position":2,"name":"Feng Shui Focus Online Shop","item":"https:\/\/fengshuifocus.com.sg\/de\/shop\/"},{"@type":"ListItem","position":3,"name":"Wind Horse Lumi Tile"}]},{"@type":"WebSite","@id":"https:\/\/fengshuifocus.com.sg\/de\/#website","url":"https:\/\/fengshuifocus.com.sg\/de\/","name":"Feng Shui Focus","description":"Praktische L\u00f6sungen f\u00fcr das moderne Zuhause und B\u00fcro","potentialAction":[{"@type":"SearchAction","target":{"@type":"EntryPoint","urlTemplate":"https:\/\/fengshuifocus.com.sg\/de\/?s={search_term_string}"},"query-input":{"@type":"PropertyValueSpecification","valueRequired":true,"valueName":"search_term_string"}}],"inLanguage":"de"}]}},"post_mailing_queue_ids":[],"_links":{"self":[{"href":"https:\/\/fengshuifocus.com.sg\/de\/wp-json\/wp\/v2\/product\/2882","targetHints":{"allow":["GET"]}}],"collection":[{"href":"https:\/\/fengshuifocus.com.sg\/de\/wp-json\/wp\/v2\/product"}],"about":[{"href":"https:\/\/fengshuifocus.com.sg\/de\/wp-json\/wp\/v2\/types\/product"}],"wp:featuredmedia":[{"embeddable":true,"href":"https:\/\/fengshuifocus.com.sg\/de\/wp-json\/wp\/v2\/media\/10832"}],"wp:attachment":[{"href":"https:\/\/fengshuifocus.com.sg\/de\/wp-json\/wp\/v2\/media?parent=2882"}],"wp:term":[{"taxonomy":"product_brand","embeddable":true,"href":"https:\/\/fengshuifocus.com.sg\/de\/wp-json\/wp\/v2\/product_brand?post=2882"},{"taxonomy":"product_cat","embeddable":true,"href":"https:\/\/fengshuifocus.com.sg\/de\/wp-json\/wp\/v2\/product_cat?post=2882"},{"taxonomy":"product_tag","embeddable":true,"href":"https:\/\/fengshuifocus.com.sg\/de\/wp-json\/wp\/v2\/product_tag?post=2882"}],"curies":[{"name":"wp","href":"https:\/\/api.w.org\/{rel}","templated":true}]}}