{"id":2883,"date":"2020-04-23T10:58:34","date_gmt":"2020-04-23T08:58:34","guid":{"rendered":"http:\/\/fengshuifocus.com.sg\/?post_type=product&#038;p=2883"},"modified":"2022-06-13T07:41:13","modified_gmt":"2022-06-13T05:41:13","slug":"rooster","status":"publish","type":"product","link":"https:\/\/fengshuifocus.com.sg\/de\/shop\/feng-shui-art\/rooster\/","title":{"rendered":"Rooster"},"content":{"rendered":"<p style=\"text-align: justify;\">Clare Haxby describes her Rooster painting as follows:<br \/>\n&#8218;Rooster&#8216; was inspired by the wild rooster or jungle fowl found widely in Bali and even still found in the kampong or Jungle patches of Singapore. Since antiquity the rooster has been, and still is, a sacred animal in some cultures and deeply embedded within various religious belief systems and religious worship. In Southeast Asia, understandings and interpretations of indigenous beliefs of the veneration of spirits and deities remain strong. Animist beliefs extend to the rooster and the cockfight, a popular form of fertility worship among almost all Southeast Asians.<\/p>\n<p style=\"text-align: justify;\">Artist Signed Print A2 = 594 x 420 mm.<\/p>\n<p>&nbsp;<\/p>\n<h5>The Clare Haxby Connection:<\/h5>\n<p style=\"text-align: justify;\">I met British artist Clare Haxby when she lived in Singapore. It was one of her \u201copen house\u201d days when she would open her art studio, which was located in a beautiful colonial Black &amp; White house, to visitors. I felt an immediate connection with her art. I loved the way she portrays some of Singapore\u2019s unique landmarks in vibrant colours. Her Buddha collection and the Botanical series equally spoke to me.<\/p>\n<p style=\"text-align: justify;\">The generous use of bright colours make Clare Haxby\u2019s paintings and fine art prints ideal objects to enhance the Feng Shui of your home.<\/p>\n<p style=\"text-align: justify;\">I have chosen a few of Clare\u2019s pieces of art to be featured on my website and would like to explain how you can use them (aka where you need to hang them) to enhance the auspicious energy in your home.<\/p>\n<p style=\"text-align: justify;\"><strong>\u00a0<\/strong><\/p>\n<h5>The Feng Shui Connection:<\/h5>\n<p style=\"text-align: justify;\">I am a strong believer in activating your friendship luck. Whether you are a child\/student changing school or an adult starting a new job or moving into a new department \u2013 having helpful people in our life is what we all need!<\/p>\n<p style=\"text-align: justify;\">This is a very friendly looking Rooster which in my opinion makes it particularly appealing for children. Of course the warm and bright colours add to the harmony of the picture.<\/p>\n<p style=\"text-align: justify; font-weight: 500;\">This Rooster print can be a very effective friendship enhancer for the following animal signs:<\/p>\n<ul style=\"text-align: justify; font-weight: 500;\">\n<li>the Dragon \u2013 secret friend of the Rooster<\/li>\n<li>the Ox and Snake \u2013 allies of the Rooster<\/li>\n<\/ul>\n<p style=\"text-align: justify;\">The Rooster is also a very popular symbol to ward off negativity and office politics.<\/p>\n","protected":false},"excerpt":{"rendered":"<p style=\"text-align: justify;\">I am a strong believer in activating your friendship luck. Whether you are a child\/student changing school or an adult starting a new job or moving into a new department \u2013 having helpful people in our life is what we all need!<\/p>\n<p style=\"text-align: justify;\">This is a very friendly looking Rooster which in my opinion makes it particularly appealing for children. Of course the warm and bright colours add to the harmony of the picture.<\/p>\n<p style=\"text-align: justify; font-weight: 500;\">This Rooster print can be a very effective friendship enhancer for the following animal signs:<\/p>\n<ul style=\"text-align: justify; font-weight: 500;\">\n<li>the Dragon \u2013 secret friend of the Rooster<\/li>\n<li>the Ox and Snake \u2013 allies of the Rooster<\/li>\n<\/ul>\n<p style=\"text-align: justify;\">The Rooster is also a very popular symbol to ward off negativity and office politics.<\/p>\n<p class=\"h4-style price-area\" style=\"text-align: justify;\"><strong><span class=\"price\"><span class=\"money\" data-currency-gbp=\"\u00a3149.00 GBP\" data-currency=\"GBP\">\u00a3149.00 GBP<\/span><\/span><\/strong><\/p>\n<p style=\"text-align: justify;\"><span style=\"color: #c72c00;\">Please note that the &#8222;BUY PRODUCT&#8220; button will take you directly to the Clare Haxby website.<\/span><\/p>\n","protected":false},"featured_media":350,"template":"","meta":{"kt_blocks_editor_width":"","_monsterinsights_skip_tracking":false,"_monsterinsights_sitenote_active":false,"_monsterinsights_sitenote_note":"","_monsterinsights_sitenote_category":0},"product_brand":[],"product_cat":[66],"product_tag":[532,497,541,542,528,476,389,427,539,540],"class_list":{"0":"post-2883","1":"product","2":"type-product","3":"status-publish","4":"has-post-thumbnail","6":"product_cat-feng-shui-art","7":"product_tag-art","8":"product_tag-bedroom","9":"product_tag-children","10":"product_tag-childrens-room","11":"product_tag-clare-haxby","12":"product_tag-friendship","13":"product_tag-living-room","14":"product_tag-relationships","15":"product_tag-rooster","16":"product_tag-secret-friend","18":"first","19":"instock","20":"shipping-taxable","21":"product-type-external"},"translation":{"provider":"WPGlobus","version":"3.0.0","language":"de","enabled_languages":["en","de"],"languages":{"en":{"title":true,"content":true,"excerpt":true},"de":{"title":false,"content":false,"excerpt":false}}},"yoast_head":"<!-- This site is optimized with the Yoast SEO plugin v26.4 - https:\/\/yoast.com\/wordpress\/plugins\/seo\/ -->\n<title>Rooster &#8212; Feng Shui Focus<\/title>\n<meta name=\"robots\" content=\"index, follow, max-snippet:-1, max-image-preview:large, max-video-preview:-1\" \/>\n<link rel=\"canonical\" href=\"https:\/\/fengshuifocus.com.sg\/shop\/feng-shui-art\/rooster\/\" \/>\n<meta property=\"og:locale\" content=\"de_DE\" \/>\n<meta property=\"og:type\" content=\"article\" \/>\n<meta property=\"og:title\" content=\"Rooster &#8212; Feng Shui Focus\" \/>\n<meta property=\"og:url\" content=\"https:\/\/fengshuifocus.com.sg\/shop\/feng-shui-art\/rooster\/\" \/>\n<meta property=\"og:site_name\" content=\"Feng Shui Focus\" \/>\n<meta property=\"article:publisher\" content=\"https:\/\/www.facebook.com\/Feng-Shui-Focus-176469115722739\/?hc_ref=ARQeIaM_dqGJoG1GyHcEnC9wqA9DE2VYU7MZosxhMrw4oVdQfkxNRxrsDKl-F7yxicA\" \/>\n<meta property=\"article:modified_time\" content=\"2022-06-13T05:41:13+00:00\" \/>\n<meta property=\"og:image\" content=\"https:\/\/fengshuifocus.com.sg\/wp-content\/uploads\/2017\/08\/Rooster-Clare-haxby-fine-art-print-2.jpg\" \/>\n\t<meta property=\"og:image:width\" content=\"1916\" \/>\n\t<meta property=\"og:image:height\" content=\"1921\" \/>\n\t<meta property=\"og:image:type\" content=\"image\/jpeg\" \/>\n<meta name=\"twitter:card\" content=\"summary_large_image\" \/>\n<meta name=\"twitter:site\" content=\"@FengShuiFocus\" \/>\n<meta name=\"twitter:label1\" content=\"Gesch\u00e4tzte Lesezeit\" \/>\n\t<meta name=\"twitter:data1\" content=\"2\u00a0Minuten\" \/>\n<script type=\"application\/ld+json\" class=\"yoast-schema-graph\">{\"@context\":\"https:\/\/schema.org\",\"@graph\":[{\"@type\":\"WebPage\",\"@id\":\"https:\/\/fengshuifocus.com.sg\/shop\/feng-shui-art\/rooster\/\",\"url\":\"https:\/\/fengshuifocus.com.sg\/shop\/feng-shui-art\/rooster\/\",\"name\":\"Rooster &#8212; Feng Shui Focus\",\"isPartOf\":{\"@id\":\"https:\/\/fengshuifocus.com.sg\/de\/#website\"},\"primaryImageOfPage\":{\"@id\":\"https:\/\/fengshuifocus.com.sg\/shop\/feng-shui-art\/rooster\/#primaryimage\"},\"image\":{\"@id\":\"https:\/\/fengshuifocus.com.sg\/shop\/feng-shui-art\/rooster\/#primaryimage\"},\"thumbnailUrl\":\"https:\/\/fengshuifocus.com.sg\/wp-content\/uploads\/2017\/08\/Rooster-Clare-haxby-fine-art-print-2.jpg\",\"datePublished\":\"2020-04-23T08:58:34+00:00\",\"dateModified\":\"2022-06-13T05:41:13+00:00\",\"breadcrumb\":{\"@id\":\"https:\/\/fengshuifocus.com.sg\/shop\/feng-shui-art\/rooster\/#breadcrumb\"},\"inLanguage\":\"de\",\"potentialAction\":[{\"@type\":\"ReadAction\",\"target\":[\"https:\/\/fengshuifocus.com.sg\/shop\/feng-shui-art\/rooster\/\"]}]},{\"@type\":\"ImageObject\",\"inLanguage\":\"de\",\"@id\":\"https:\/\/fengshuifocus.com.sg\/shop\/feng-shui-art\/rooster\/#primaryimage\",\"url\":\"https:\/\/fengshuifocus.com.sg\/wp-content\/uploads\/2017\/08\/Rooster-Clare-haxby-fine-art-print-2.jpg\",\"contentUrl\":\"https:\/\/fengshuifocus.com.sg\/wp-content\/uploads\/2017\/08\/Rooster-Clare-haxby-fine-art-print-2.jpg\",\"width\":1916,\"height\":1921},{\"@type\":\"BreadcrumbList\",\"@id\":\"https:\/\/fengshuifocus.com.sg\/shop\/feng-shui-art\/rooster\/#breadcrumb\",\"itemListElement\":[{\"@type\":\"ListItem\",\"position\":1,\"name\":\"Home\",\"item\":\"https:\/\/fengshuifocus.com.sg\/\"},{\"@type\":\"ListItem\",\"position\":2,\"name\":\"Feng Shui Focus Online Shop\",\"item\":\"https:\/\/fengshuifocus.com.sg\/de\/shop\/\"},{\"@type\":\"ListItem\",\"position\":3,\"name\":\"Rooster\"}]},{\"@type\":\"WebSite\",\"@id\":\"https:\/\/fengshuifocus.com.sg\/de\/#website\",\"url\":\"https:\/\/fengshuifocus.com.sg\/de\/\",\"name\":\"Feng Shui Focus\",\"description\":\"Praktische L\u00f6sungen f\u00fcr das moderne Zuhause und B\u00fcro\",\"potentialAction\":[{\"@type\":\"SearchAction\",\"target\":{\"@type\":\"EntryPoint\",\"urlTemplate\":\"https:\/\/fengshuifocus.com.sg\/de\/?s={search_term_string}\"},\"query-input\":{\"@type\":\"PropertyValueSpecification\",\"valueRequired\":true,\"valueName\":\"search_term_string\"}}],\"inLanguage\":\"de\"}]}<\/script>\n<!-- \/ Yoast SEO plugin. -->","yoast_head_json":{"title":"Rooster &#8212; Feng Shui Focus","robots":{"index":"index","follow":"follow","max-snippet":"max-snippet:-1","max-image-preview":"max-image-preview:large","max-video-preview":"max-video-preview:-1"},"canonical":"https:\/\/fengshuifocus.com.sg\/shop\/feng-shui-art\/rooster\/","og_locale":"de_DE","og_type":"article","og_title":"Rooster &#8212; Feng Shui Focus","og_url":"https:\/\/fengshuifocus.com.sg\/shop\/feng-shui-art\/rooster\/","og_site_name":"Feng Shui Focus","article_publisher":"https:\/\/www.facebook.com\/Feng-Shui-Focus-176469115722739\/?hc_ref=ARQeIaM_dqGJoG1GyHcEnC9wqA9DE2VYU7MZosxhMrw4oVdQfkxNRxrsDKl-F7yxicA","article_modified_time":"2022-06-13T05:41:13+00:00","og_image":[{"width":1916,"height":1921,"url":"https:\/\/fengshuifocus.com.sg\/wp-content\/uploads\/2017\/08\/Rooster-Clare-haxby-fine-art-print-2.jpg","type":"image\/jpeg"}],"twitter_card":"summary_large_image","twitter_site":"@FengShuiFocus","twitter_misc":{"Gesch\u00e4tzte Lesezeit":"2\u00a0Minuten"},"schema":{"@context":"https:\/\/schema.org","@graph":[{"@type":"WebPage","@id":"https:\/\/fengshuifocus.com.sg\/shop\/feng-shui-art\/rooster\/","url":"https:\/\/fengshuifocus.com.sg\/shop\/feng-shui-art\/rooster\/","name":"Rooster &#8212; Feng Shui Focus","isPartOf":{"@id":"https:\/\/fengshuifocus.com.sg\/de\/#website"},"primaryImageOfPage":{"@id":"https:\/\/fengshuifocus.com.sg\/shop\/feng-shui-art\/rooster\/#primaryimage"},"image":{"@id":"https:\/\/fengshuifocus.com.sg\/shop\/feng-shui-art\/rooster\/#primaryimage"},"thumbnailUrl":"https:\/\/fengshuifocus.com.sg\/wp-content\/uploads\/2017\/08\/Rooster-Clare-haxby-fine-art-print-2.jpg","datePublished":"2020-04-23T08:58:34+00:00","dateModified":"2022-06-13T05:41:13+00:00","breadcrumb":{"@id":"https:\/\/fengshuifocus.com.sg\/shop\/feng-shui-art\/rooster\/#breadcrumb"},"inLanguage":"de","potentialAction":[{"@type":"ReadAction","target":["https:\/\/fengshuifocus.com.sg\/shop\/feng-shui-art\/rooster\/"]}]},{"@type":"ImageObject","inLanguage":"de","@id":"https:\/\/fengshuifocus.com.sg\/shop\/feng-shui-art\/rooster\/#primaryimage","url":"https:\/\/fengshuifocus.com.sg\/wp-content\/uploads\/2017\/08\/Rooster-Clare-haxby-fine-art-print-2.jpg","contentUrl":"https:\/\/fengshuifocus.com.sg\/wp-content\/uploads\/2017\/08\/Rooster-Clare-haxby-fine-art-print-2.jpg","width":1916,"height":1921},{"@type":"BreadcrumbList","@id":"https:\/\/fengshuifocus.com.sg\/shop\/feng-shui-art\/rooster\/#breadcrumb","itemListElement":[{"@type":"ListItem","position":1,"name":"Home","item":"https:\/\/fengshuifocus.com.sg\/"},{"@type":"ListItem","position":2,"name":"Feng Shui Focus Online Shop","item":"https:\/\/fengshuifocus.com.sg\/de\/shop\/"},{"@type":"ListItem","position":3,"name":"Rooster"}]},{"@type":"WebSite","@id":"https:\/\/fengshuifocus.com.sg\/de\/#website","url":"https:\/\/fengshuifocus.com.sg\/de\/","name":"Feng Shui Focus","description":"Praktische L\u00f6sungen f\u00fcr das moderne Zuhause und B\u00fcro","potentialAction":[{"@type":"SearchAction","target":{"@type":"EntryPoint","urlTemplate":"https:\/\/fengshuifocus.com.sg\/de\/?s={search_term_string}"},"query-input":{"@type":"PropertyValueSpecification","valueRequired":true,"valueName":"search_term_string"}}],"inLanguage":"de"}]}},"post_mailing_queue_ids":[],"_links":{"self":[{"href":"https:\/\/fengshuifocus.com.sg\/de\/wp-json\/wp\/v2\/product\/2883","targetHints":{"allow":["GET"]}}],"collection":[{"href":"https:\/\/fengshuifocus.com.sg\/de\/wp-json\/wp\/v2\/product"}],"about":[{"href":"https:\/\/fengshuifocus.com.sg\/de\/wp-json\/wp\/v2\/types\/product"}],"wp:featuredmedia":[{"embeddable":true,"href":"https:\/\/fengshuifocus.com.sg\/de\/wp-json\/wp\/v2\/media\/350"}],"wp:attachment":[{"href":"https:\/\/fengshuifocus.com.sg\/de\/wp-json\/wp\/v2\/media?parent=2883"}],"wp:term":[{"taxonomy":"product_brand","embeddable":true,"href":"https:\/\/fengshuifocus.com.sg\/de\/wp-json\/wp\/v2\/product_brand?post=2883"},{"taxonomy":"product_cat","embeddable":true,"href":"https:\/\/fengshuifocus.com.sg\/de\/wp-json\/wp\/v2\/product_cat?post=2883"},{"taxonomy":"product_tag","embeddable":true,"href":"https:\/\/fengshuifocus.com.sg\/de\/wp-json\/wp\/v2\/product_tag?post=2883"}],"curies":[{"name":"wp","href":"https:\/\/api.w.org\/{rel}","templated":true}]}}